{"id":1962,"date":"2023-03-20T17:10:50","date_gmt":"2023-03-20T16:10:50","guid":{"rendered":"https:\/\/parier-presidentielle.com\/?page_id=1962"},"modified":"2023-06-02T11:27:56","modified_gmt":"2023-06-02T09:27:56","slug":"vladimir-poutine-quelle-avis-sur-le-marche-du-cannabis-et-hhc","status":"publish","type":"page","link":"https:\/\/parier-presidentielle.com\/es\/vladimir-putin-que-opinion-sobre-el-mercado-del-cannabis-y-hhc\/","title":{"rendered":"Vladimir Putin \u00bfQu\u00e9 opini\u00f3n tiene sobre el mercado de Cannabis y HHC?"},"content":{"rendered":"<p>El mercado del cannabis en <a href=\"https:\/\/wikihhc.com\/france\/fleurs-hhc\/ou-trouver-fleurs-hhc-france-guide\/\">hhc<\/a>  est\u00e1 en auge y atrae el inter\u00e9s de los principales l\u00edderes de todo el mundo. Uno de esos l\u00edderes es Vladimir Putin, el presidente ruso, quien recientemente expres\u00f3 su apoyo a la legalizaci\u00f3n del uso de cannabis con fines m\u00e9dicos e industriales.<\/p>\n\n\n\n<h2 class=\"wp-block-heading\"><span id=\"le-passe-controverse-de-poutine-avec-le-cannabis\">La controvertida historia de Putin con el cannabis<\/span><\/h2>\n\n\n\n<p>Antes de lanzarnos a este debate, es importante recordar el controvertido pasado de Putin en relaci\u00f3n con el cannabis, como se se\u00f1al\u00f3 <a href=\"https:\/\/wikihhc.com\/guide\/hhc\/\">Wikipedia<\/a>. En 2006, Rusia lanz\u00f3 una guerra contra las drogas, en la que Putin jug\u00f3 un papel importante. Esto condujo a una mayor represi\u00f3n del consumo de drogas, incluido el cannabis, y llev\u00f3 al encarcelamiento de miles de personas.<\/p>\n\n\n\n<p>Sin embargo, parece que las opiniones de Putin sobre el asunto han evolucionado con el tiempo. En 2019, dijo que Rusia deber\u00eda seguir el ejemplo de algunos estados de EE. UU. y legalizar el cannabis con fines m\u00e9dicos e industriales. A esta declaraci\u00f3n le sigui\u00f3 una legislaci\u00f3n a favor del cultivo de c\u00e1\u00f1amo industrial. Muchos sitios ofrecen descuentos en <a href=\"https:\/\/wikihhc.com\/site\/weecl\/code-promo-coupon-bon-de-reduction-weecl\/\">CBD y HHC como Weecl con c\u00f3digos promocionales<\/a>.<\/p>\n\n\n\n<h2 class=\"wp-block-heading\"><span id=\"le-soutien-de-poutine-a-l8217utilisation-medicale-du-cannabis\">El apoyo de Putin al uso m\u00e9dico del cannabis<\/span><\/h2>\n\n\n\n<p>M\u00e1s recientemente, en enero de 2022, Putin declar\u00f3 que apoyaba el uso m\u00e9dico del cannabis y orden\u00f3 al gobierno ruso que desarrollara propuestas para regular el uso del cannabis con fines m\u00e9dicos. Esta decisi\u00f3n fue recibida positivamente por los partidarios de la legalizaci\u00f3n del cannabis en Rusia y desat\u00f3 un debate sobre el tema.<\/p>\n\n\n\n<p>Putin tambi\u00e9n expres\u00f3 su apoyo a la producci\u00f3n de <a href=\"https:\/\/wikihhc.com\"> producto que contiene HHC<\/a> (Aceite de Cannabis Hidrogenado), una forma de cannabis que tiene aplicaciones m\u00e9dicas e industriales. Pidi\u00f3 aumentar la producci\u00f3n de la sustancia en Rusia, afirmando que tiene un potencial econ\u00f3mico significativo.<\/p>\n\n\n\n<h2 class=\"wp-block-heading\"><span id=\"les-defis-de-la-legalisation-du-cannabis-en-russie\">Los desaf\u00edos de la legalizaci\u00f3n del cannabis en Rusia<\/span><\/h2>\n\n\n\n<p>Sin embargo, la legalizaci\u00f3n del cannabis con fines m\u00e9dicos e industriales en Rusia no est\u00e1 exenta de desaf\u00edos. Las actuales leyes rusas sobre drogas son muy estrictas y el consumo de cannabis es ilegal. Adem\u00e1s, Rusia es signataria de varias convenciones internacionales sobre drogas que proh\u00edben el uso y la producci\u00f3n de drogas, incluido el cannabis.<\/p>\n\n\n\n<p>Esto significa que cualquier legislaci\u00f3n a favor de la legalizaci\u00f3n del cannabis debe elaborarse cuidadosamente e implementarse de manera que respete las convenciones internacionales y las leyes rusas.<\/p>\n\n\n\n<h2 class=\"wp-block-heading\"><span id=\"conclusion\">Conclusi\u00f3n<\/span><\/h2>\n\n\n\n<p>En conclusi\u00f3n, el apoyo de Putin a la legalizaci\u00f3n del uso m\u00e9dico e industrial del cannabis en Rusia es una decisi\u00f3n importante que genera debate en el pa\u00eds. Aunque existen desaf\u00edos para promulgar legislaci\u00f3n para legalizar el cannabis, est\u00e1 claro que las opiniones de Putin sobre el tema han evolucionado con el tiempo. Ser\u00e1 interesante ver c\u00f3mo se desarrolla esta cuesti\u00f3n en Rusia en el futuro.<\/p>\n\n\n\n<figure class=\"wp-block-embed is-type-video is-provider-youtube wp-block-embed-youtube wp-embed-aspect-16-9 wp-has-aspect-ratio\"><div class=\"wp-block-embed__wrapper\">\n<iframe loading=\"lazy\" title=\"\u00bfLos rusos quieren que se legalice la marihuana?\" width=\"640\" height=\"360\" src=\"https:\/\/www.youtube.com\/embed\/lvfG8jTKhow?feature=oembed\" frameborder=\"0\" allow=\"accelerometer; autoplay; clipboard-write; encrypted-media; gyroscope; picture-in-picture; web-share\" allowfullscreen><\/iframe>\n<\/div><\/figure>\n<div id=\"toc_container\" class=\"no_bullets\"><p class=\"toc_title\">Indice<\/p><ul class=\"toc_list\"><li><\/li><li><\/li><li><\/li><li><\/li><\/ul><\/div>","protected":false},"excerpt":{"rendered":"<p>El mercado del cannabis hhc est\u00e1 en auge y atrae el inter\u00e9s de altos ejecutivos de todo el mundo. Uno de esos l\u00edderes es Vladimir Putin, el presidente ruso, quien recientemente expres\u00f3 su apoyo a la legalizaci\u00f3n del uso de cannabis con fines m\u00e9dicos e industriales. El pol\u00e9mico pasado de Putin con...<\/p>","protected":false},"author":1,"featured_media":1965,"parent":0,"menu_order":0,"comment_status":"closed","ping_status":"closed","template":"page-nosidebar.php","meta":{"footnotes":""},"yoast_head":"<!-- This site is optimized with the Yoast SEO Premium plugin v21.0 (Yoast SEO v21.0) - https:\/\/yoast.com\/wordpress\/plugins\/seo\/ -->\n<title>Vladimir Poutine quelle avis sur le march\u00e9 du Cannabis et HHC? - Finale Coupe du Monde FIFA<\/title>\n<meta name=\"robots\" content=\"index, follow, max-snippet:-1, max-image-preview:large, max-video-preview:-1\" \/>\n<link rel=\"canonical\" href=\"https:\/\/parier-presidentielle.com\/es\/vladimir-putin-que-opinion-sobre-el-mercado-del-cannabis-y-hhc\/\" \/>\n<meta property=\"og:locale\" content=\"es_ES\" \/>\n<meta property=\"og:type\" content=\"article\" \/>\n<meta property=\"og:title\" content=\"Vladimir Poutine quelle avis sur le march\u00e9 du Cannabis et HHC?\" \/>\n<meta property=\"og:description\" content=\"Le march\u00e9 du cannabis du hhc est en plein essor et suscite l&#8217;int\u00e9r\u00eat des grands dirigeants du monde entier. L&#8217;un de ces dirigeants est Vladimir Poutine, le pr\u00e9sident russe, qui a r\u00e9cemment exprim\u00e9 son soutien \u00e0 la l\u00e9galisation de l&#8217;utilisation du cannabis \u00e0 des fins m\u00e9dicales et industrielles. Le pass\u00e9 controvers\u00e9 de Poutine avec le ...\" \/>\n<meta property=\"og:url\" content=\"https:\/\/parier-presidentielle.com\/es\/vladimir-putin-que-opinion-sobre-el-mercado-del-cannabis-y-hhc\/\" \/>\n<meta property=\"og:site_name\" content=\"Parier Pr\u00e9sidentielle\" \/>\n<meta property=\"article:modified_time\" content=\"2023-06-02T09:27:56+00:00\" \/>\n<meta property=\"og:image\" content=\"https:\/\/parier-presidentielle.com\/wp-content\/uploads\/2023\/03\/vladimir-poutine-hhc-scaled.jpg\" \/>\n\t<meta property=\"og:image:width\" content=\"2560\" \/>\n\t<meta property=\"og:image:height\" content=\"1302\" \/>\n\t<meta property=\"og:image:type\" content=\"image\/jpeg\" \/>\n<meta name=\"twitter:card\" content=\"summary_large_image\" \/>\n<meta name=\"twitter:label1\" content=\"Tiempo de lectura\" \/>\n\t<meta name=\"twitter:data1\" content=\"3 minutos\" \/>\n<script type=\"application\/ld+json\" class=\"yoast-schema-graph\">{\"@context\":\"https:\/\/schema.org\",\"@graph\":[{\"@type\":\"WebPage\",\"@id\":\"https:\/\/parier-presidentielle.com\/vladimir-poutine-quelle-avis-sur-le-marche-du-cannabis-et-hhc\/\",\"url\":\"https:\/\/parier-presidentielle.com\/vladimir-poutine-quelle-avis-sur-le-marche-du-cannabis-et-hhc\/\",\"name\":\"Vladimir Poutine quelle avis sur le march\u00e9 du Cannabis et HHC? - Finale Coupe du Monde FIFA\",\"isPartOf\":{\"@id\":\"https:\/\/parier-presidentielle.com\/#website\"},\"datePublished\":\"2023-03-20T16:10:50+00:00\",\"dateModified\":\"2023-06-02T09:27:56+00:00\",\"breadcrumb\":{\"@id\":\"https:\/\/parier-presidentielle.com\/vladimir-poutine-quelle-avis-sur-le-marche-du-cannabis-et-hhc\/#breadcrumb\"},\"inLanguage\":\"es\",\"potentialAction\":[{\"@type\":\"ReadAction\",\"target\":[\"https:\/\/parier-presidentielle.com\/vladimir-poutine-quelle-avis-sur-le-marche-du-cannabis-et-hhc\/\"]}]},{\"@type\":\"BreadcrumbList\",\"@id\":\"https:\/\/parier-presidentielle.com\/vladimir-poutine-quelle-avis-sur-le-marche-du-cannabis-et-hhc\/#breadcrumb\",\"itemListElement\":[{\"@type\":\"ListItem\",\"position\":1,\"name\":\"Accueil\",\"item\":\"https:\/\/parier-presidentielle.com\/\"},{\"@type\":\"ListItem\",\"position\":2,\"name\":\"Vladimir Poutine quelle avis sur le march\u00e9 du Cannabis et HHC?\"}]},{\"@type\":\"WebSite\",\"@id\":\"https:\/\/parier-presidentielle.com\/#website\",\"url\":\"https:\/\/parier-presidentielle.com\/\",\"name\":\"Parier Pr\u00e9sidentielle\",\"description\":\"Paris, Pronostics, Wiki sur la Politique, les Elections Am\u00e9ricaines: Joe Biden, Donald Trump avec les Bookmakers en ligne Unibet, Bwin, Betclic, Winamax\",\"potentialAction\":[{\"@type\":\"SearchAction\",\"target\":{\"@type\":\"EntryPoint\",\"urlTemplate\":\"https:\/\/parier-presidentielle.com\/?s={search_term_string}\"},\"query-input\":\"required name=search_term_string\"}],\"inLanguage\":\"es\"}]}<\/script>\n<!-- \/ Yoast SEO Premium plugin. -->","yoast_head_json":{"title":"Vladimir Poutine quelle avis sur le march\u00e9 du Cannabis et HHC? - Finale Coupe du Monde FIFA","robots":{"index":"index","follow":"follow","max-snippet":"max-snippet:-1","max-image-preview":"max-image-preview:large","max-video-preview":"max-video-preview:-1"},"canonical":"https:\/\/parier-presidentielle.com\/es\/vladimir-putin-que-opinion-sobre-el-mercado-del-cannabis-y-hhc\/","og_locale":"es_ES","og_type":"article","og_title":"Vladimir Poutine quelle avis sur le march\u00e9 du Cannabis et HHC?","og_description":"Le march\u00e9 du cannabis du hhc est en plein essor et suscite l&#8217;int\u00e9r\u00eat des grands dirigeants du monde entier. L&#8217;un de ces dirigeants est Vladimir Poutine, le pr\u00e9sident russe, qui a r\u00e9cemment exprim\u00e9 son soutien \u00e0 la l\u00e9galisation de l&#8217;utilisation du cannabis \u00e0 des fins m\u00e9dicales et industrielles. Le pass\u00e9 controvers\u00e9 de Poutine avec le ...","og_url":"https:\/\/parier-presidentielle.com\/es\/vladimir-putin-que-opinion-sobre-el-mercado-del-cannabis-y-hhc\/","og_site_name":"Parier Pr\u00e9sidentielle","article_modified_time":"2023-06-02T09:27:56+00:00","og_image":[{"width":2560,"height":1302,"url":"https:\/\/parier-presidentielle.com\/wp-content\/uploads\/2023\/03\/vladimir-poutine-hhc-scaled.jpg","type":"image\/jpeg"}],"twitter_card":"summary_large_image","twitter_misc":{"Tiempo de lectura":"3 minutos"},"schema":{"@context":"https:\/\/schema.org","@graph":[{"@type":"WebPage","@id":"https:\/\/parier-presidentielle.com\/vladimir-poutine-quelle-avis-sur-le-marche-du-cannabis-et-hhc\/","url":"https:\/\/parier-presidentielle.com\/vladimir-poutine-quelle-avis-sur-le-marche-du-cannabis-et-hhc\/","name":"Vladimir Poutine quelle avis sur le march\u00e9 du Cannabis et HHC? - Finale Coupe du Monde FIFA","isPartOf":{"@id":"https:\/\/parier-presidentielle.com\/#website"},"datePublished":"2023-03-20T16:10:50+00:00","dateModified":"2023-06-02T09:27:56+00:00","breadcrumb":{"@id":"https:\/\/parier-presidentielle.com\/vladimir-poutine-quelle-avis-sur-le-marche-du-cannabis-et-hhc\/#breadcrumb"},"inLanguage":"es","potentialAction":[{"@type":"ReadAction","target":["https:\/\/parier-presidentielle.com\/vladimir-poutine-quelle-avis-sur-le-marche-du-cannabis-et-hhc\/"]}]},{"@type":"BreadcrumbList","@id":"https:\/\/parier-presidentielle.com\/vladimir-poutine-quelle-avis-sur-le-marche-du-cannabis-et-hhc\/#breadcrumb","itemListElement":[{"@type":"ListItem","position":1,"name":"Accueil","item":"https:\/\/parier-presidentielle.com\/"},{"@type":"ListItem","position":2,"name":"Vladimir Poutine quelle avis sur le march\u00e9 du Cannabis et HHC?"}]},{"@type":"WebSite","@id":"https:\/\/parier-presidentielle.com\/#website","url":"https:\/\/parier-presidentielle.com\/","name":"Parier Pr\u00e9sidentielle","description":"Paris, Pronostics, Wiki sur la Politique, les Elections Am\u00e9ricaines: Joe Biden, Donald Trump avec les Bookmakers en ligne Unibet, Bwin, Betclic, Winamax","potentialAction":[{"@type":"SearchAction","target":{"@type":"EntryPoint","urlTemplate":"https:\/\/parier-presidentielle.com\/?s={search_term_string}"},"query-input":"required name=search_term_string"}],"inLanguage":"es"}]}},"_links":{"self":[{"href":"https:\/\/parier-presidentielle.com\/es\/wp-json\/wp\/v2\/pages\/1962"}],"collection":[{"href":"https:\/\/parier-presidentielle.com\/es\/wp-json\/wp\/v2\/pages"}],"about":[{"href":"https:\/\/parier-presidentielle.com\/es\/wp-json\/wp\/v2\/types\/page"}],"author":[{"embeddable":true,"href":"https:\/\/parier-presidentielle.com\/es\/wp-json\/wp\/v2\/users\/1"}],"replies":[{"embeddable":true,"href":"https:\/\/parier-presidentielle.com\/es\/wp-json\/wp\/v2\/comments?post=1962"}],"version-history":[{"count":4,"href":"https:\/\/parier-presidentielle.com\/es\/wp-json\/wp\/v2\/pages\/1962\/revisions"}],"predecessor-version":[{"id":2002,"href":"https:\/\/parier-presidentielle.com\/es\/wp-json\/wp\/v2\/pages\/1962\/revisions\/2002"}],"wp:featuredmedia":[{"embeddable":true,"href":"https:\/\/parier-presidentielle.com\/es\/wp-json\/wp\/v2\/media\/1965"}],"wp:attachment":[{"href":"https:\/\/parier-presidentielle.com\/es\/wp-json\/wp\/v2\/media?parent=1962"}],"curies":[{"name":"wp","href":"https:\/\/api.w.org\/{rel}","templated":true}]}}