{"id":212,"date":"2021-09-14T13:02:49","date_gmt":"2021-09-14T11:02:49","guid":{"rendered":"https:\/\/parier-presidentielle.com\/?page_id=212"},"modified":"2021-09-14T15:59:08","modified_gmt":"2021-09-14T13:59:08","slug":"melenchon-election","status":"publish","type":"page","link":"https:\/\/parier-presidentielle.com\/es\/melenchon-eleccion\/","title":{"rendered":"Apuesta por la elecci\u00f3n de Jean-Luc M\u00e9lenchon"},"content":{"rendered":"<h2 class=\"wp-block-heading\" id=\"block-f005be1c-8637-4455-a388-e82bafcaf460\"><span id=\"cote-et-pronostics-pour-le-candidat-jean-luc-melenchon-paris-en-ligne-sur-la-politique-et-le-futur-president-de-la-france-de-2022\">Cuotas y predicciones para el candidato Jean-Luc M\u00e9lenchon:<br>Apuestas online sobre pol\u00edtica y el futuro presidente de Francia en 2022<\/span><\/h2>\n\n\n\n<p><\/p>\n\n\n\n<p><\/p>\n\n\n\n<p>Jean-Luc M\u00e9lenchon (fr. Jean-Luc M\u00e9lenchon, IPA (fr.):; B., Tanger) \u2013 estadista, pol\u00edtico y periodista de izquierda franc\u00e9s. Ministro de Educaci\u00f3n Profesional durante el gobierno de Lionel Jospin de 2000 a 2002. Miembro del Senado franc\u00e9s por el departamento de Eson (1986-2000; 2004-2010). Miembro del Parlamento Europeo de 2009 a 2017 (Izquierda Unitaria Europea \/ Izquierda-Norte Verde). Uno de los fundadores y presidentes del \u201cPartido de Izquierda\u201d. Desde 2017 \u2013 Miembro de la Asamblea Nacional francesa del partido \u201cLa France invaincue\u201d.<\/p>\n\n\n\n<h2 class=\"wp-block-heading\"><span id=\"biographie-de-jean-luc-melenchon\">Biograf\u00eda de Jean-Luc M\u00e9lenchon<\/span><\/h2>\n\n\n\n<p><br>Nacido en T\u00e1nger (Zona Internacional de T\u00e1nger, actual Marruecos). Los padres son funcionarios. En 1962 se traslad\u00f3 a Francia con su madre. Fil\u00f3sofo de formaci\u00f3n, estudi\u00f3 en la Universidad de Franco Condado. Ense\u00f1\u00f3 en escuelas secundarias. Estuvo involucrado desde muy temprano en el movimiento juvenil radical de izquierda, fue miembro de la Uni\u00f3n Nacional de Estudiantes Franceses y particip\u00f3 en las manifestaciones del Mayo Rojo de 1968. Dentro del movimiento trotskista franc\u00e9s, M\u00e9lanchon se uni\u00f3 a los lambertistas, seguidores de Pierre Lambert de la Organizaci\u00f3n Comunista Internacional. Participaci\u00f3n en el trabajo sindical en Besan\u00e7on.<\/p>\n\n\n\n<p>Sin embargo, en 1977 se uni\u00f3 al Partido Socialista de Francia, rompiendo con los trotskistas. Apoy\u00f3 activamente al presidente franc\u00e9s Fran\u00e7ois Mitterrand. Desde 1988, Jean-Luc Melanchon es elegido miembro del Consejo Nacional y de la Oficina Nacional del Partido Socialista. Junto con personas de ideas afines, organiz\u00f3 la &quot;Izquierda Socialista&quot; (movimiento anticapitalista dentro de las filas del Partido Socialista). De 2000 a 2002 fue Ministro Delegado para la Educaci\u00f3n Profesional en el gobierno del socialista Lionel Jospin. Fue senador por el departamento de Es\u00f3n (1986-2000 y 2004-2010). Tambi\u00e9n ha trabajado a nivel municipal en el departamento de Es\u00f3n.<\/p>\n\n\n\n<p>Como parte del refer\u00e9ndum sobre la adopci\u00f3n de la Constituci\u00f3n de la Uni\u00f3n Europea, junto con las corrientes internas de izquierda del Partido Socialista y otros izquierdistas, la organizaci\u00f3n se opuso a su ratificaci\u00f3n, mientras que la direcci\u00f3n del partido abog\u00f3 por su ratificaci\u00f3n. Participar en la campa\u00f1a contra lo que los pol\u00edticos de izquierda ve\u00edan como la Constituci\u00f3n neoliberal de la UE acerc\u00f3 a Melanchon al Partido Comunista Franc\u00e9s y a los trotskistas.<\/p>\n\n\n\n<p>En 2008 abandon\u00f3 el Partido Socialista por contradicciones con su direcci\u00f3n (incluida S\u00e9gol\u00e8ne Royal), a quien critic\u00f3 por el rumbo socialliberal y la salida de las ideas de izquierda. Inici\u00f3 la creaci\u00f3n del \u201cPartido de Izquierda\u201d (seg\u00fan el modelo de las \u201cizquierdas\u201d alemanas con referencia a las ideas de Jean Jaur\u00e8s); se convirti\u00f3 en su primer presidente. En los trabajos de su creaci\u00f3n tambi\u00e9n particip\u00f3 su colega Mark Dole. En 2010, el partido estaba copresidido por el l\u00edder de la facci\u00f3n interna del Partido Verde, que abandon\u00f3 el partido: Martin Billard. En 2009, fue elegido eurodiputado por la lista del grupo Izquierda Unitaria Europea\/Gauche-Verts Nord. El Partido de Izquierda participa en la coalici\u00f3n Frente de Izquierda; Melanchon es uno de sus copresidentes.<\/p>\n\n\n\n<h2 class=\"wp-block-heading\"><span id=\"participation-aux-elections-presidentielles-de-2012-de-jean-luc-melenchon\">Participaci\u00f3n en las elecciones presidenciales de 2012 de Jean-Luc M\u00e9lenchon<\/span><\/h2>\n\n\n\n<p><br>A medida que se acercaban las elecciones presidenciales de 2012, el Partido Comunista Franc\u00e9s ten\u00eda la intenci\u00f3n de presentar su propio candidato (el m\u00e1s probable era Alain Boquet). Sin embargo, durante su congreso, que se celebr\u00f3 del 16 al 18 de junio de 2011, Jean-Luc Melanchon obtuvo el 59,12 % de los votos de los miembros del congreso y fue designado candidato (participaron miembros de otros partidos pertenecientes al Frente de Izquierda). Se convirti\u00f3 as\u00ed en candidato \u00fanico de esta alianza) Seg\u00fan los resultados de las encuestas realizadas en 2012, antes de las elecciones, la puntuaci\u00f3n de M\u00e9lanchon era de 6 a 15 por el %. A lo largo de la campa\u00f1a presidencial, seg\u00fan algunas encuestas, logr\u00f3 pasar de la quinta a la tercera posici\u00f3n entre los electores dispuestos a votar por M\u00e9lanchon, superando as\u00ed a Marine Le Pen y Fran\u00e7ois Bayrou.<\/p>\n\n\n\n<p>La caracter\u00edstica principal de su programa fue la proclamaci\u00f3n de la &quot;Sexta Rep\u00fablica Francesa&quot; modificando la constituci\u00f3n francesa. En sus discursos se refiri\u00f3 repetidamente a la historia de la Revoluci\u00f3n Francesa y la Comuna de Par\u00eds. Llam\u00f3 a sus partidarios a una revoluci\u00f3n \u201ccivil\u201d pac\u00edfica: un golpe de estado, que no sea dirigido por la clase trabajadora, sino por todos los ciudadanos que apoyan a su pa\u00eds.<\/p>\n\n\n\n<p>Seg\u00fan los resultados de la primera vuelta, M\u00e9lanchon obtuvo 3.985.089 votos (11,1 % del total de electores), ocupando as\u00ed el cuarto lugar. Esto es mucho m\u00e1s que la candidata del Partido Comunista en 2007, Marie-Georges Buffet (su resultado fue 1.93% votos).<\/p>\n\n\n\n<p>En la segunda vuelta, Melanchon apoy\u00f3 la candidatura de Fran\u00e7ois Hollande, a pesar de que por contradicciones con \u00e9l abandon\u00f3 el Partido Socialista en 2008. El 6 de mayo de 2012, Hollande fue elegido presidente de Francia.<\/p>\n\n\n\n<p>Otras actividades<br>Intent\u00f3 ser miembro de la Asamblea Nacional francesa en 2012 por el distrito electoral 11 del departamento de Paso de Calais en la lista del &quot;Frente de Izquierda&quot; para arrestar a la l\u00edder del Frente Nacional, Marine Le Pen, que estaba corriendo all\u00ed. Sin embargo, en la primera vuelta de las elecciones obtuvo 21,48 % de los votos y ocup\u00f3 el tercer lugar, perdiendo ante Marine Le Pen (42,36 % de los votos) y Philippe.<\/p>\n\n\n\n<p><\/p>\n\n\n\n<p>Kemel, el candidato socialista (23,5% de votos). As\u00ed, M\u00e9lanchon no pudo obtener el derecho a competir por el mandato de diputado.<\/p>\n\n\n\n<h2 class=\"wp-block-heading\"><span id=\"participation-a-l8217election-presidentielle-de-2017-de-jean-luc-melenchon\">Participaci\u00f3n en las elecciones presidenciales de 2017 de Jean-Luc M\u00e9lenchon<\/span><\/h2>\n\n\n\n<p><br>En febrero de 2016, M\u00e9lanchon anunci\u00f3 su intenci\u00f3n de participar en la campa\u00f1a presidencial de 2017. Al negarse a participar en las \u201cprimarias de izquierda\u201d organizadas por el Partido Socialista, se convirti\u00f3 en candidato del movimiento \u201cFrancia Invicta\u201d creado al mismo tiempo. Su programa se bas\u00f3 en sus tesis de 2012 con algunos cambios: la instauraci\u00f3n de la Sexta Rep\u00fablica (es decir, la adopci\u00f3n de una nueva Constituci\u00f3n), la redistribuci\u00f3n de la riqueza (la imposici\u00f3n de impuestos adicionales sobre los ingresos excedentes, o la reducci\u00f3n del semana laboral a 32 horas), la reducci\u00f3n de la edad de jubilaci\u00f3n a 60 a\u00f1os, la salida de Francia de la Uni\u00f3n Europea y de la OTAN. M\u00e9lanchon formul\u00f3 sus puntos de vista en el libro \u201cL&#039;avenir en commun\u201d (\u201cEl futuro com\u00fan\u201d), del que se distribuyeron 200.000 ejemplares.<\/p>\n\n\n\n<p>Seg\u00fan Le Figaro, el programa de M\u00e9lanchon, que prev\u00e9 un aumento del gasto presupuestario de 270 mil millones de euros y un aumento de impuestos de 120 mil millones de euros, un aumento de las vacaciones anuales retribuidas a seis semanas (su duraci\u00f3n en 2017 es de cinco semanas), as\u00ed como como la confiscaci\u00f3n de todos los ingresos superiores a 400 mil euros anuales, inspirada en las ideas de pol\u00edticos como el ex presidente venezolano Hugo Ch\u00e1vez.<\/p>\n\n\n\n<p>El 4 de abril de 2017 se organiz\u00f3 un debate televisado con la participaci\u00f3n de los once candidatos presidenciales de Francia, cuyo ganador fue sensacionalmente Melanchon: su discurso fue reconocido como el m\u00e1s convincente por 25% de los entrevistados (Macron recibi\u00f3 el apoyo de 21%). Fill\u00f3n \u2013 15%). Adem\u00e1s, seg\u00fan los resultados de un estudio sociol\u00f3gico realizado despu\u00e9s del debate, M\u00e9lanchon, con el apoyo del 21%, ocupaba el segundo lugar entre los ganadores m\u00e1s probables de la primera vuelta electoral, despu\u00e9s de Macron (27%) y por delante de Fillon (20%).<\/p>\n\n\n\n<p>En abril de 2017, se hizo un nombre utilizando las \u00faltimas tecnolog\u00edas de campa\u00f1a electoral: radio web e incluso sus propias im\u00e1genes hologr\u00e1ficas durante m\u00edtines en Nantes, Clermont-Ferrand, Montpellier, Grenoble, Nancy y Reuni\u00f3n.<\/p>\n\n\n\n<p>El 20 de abril de 2017, varias figuras destacadas de la cultura estadounidense: Danny Glover, el fil\u00f3sofo Noam Chomsky, la dramaturga y feminista Eve Ensler, el actor Mark Ruffalo, Nancy Fraser y Oliver Stone publicaron una petici\u00f3n instando a los franceses a \u201cno repetir el discurso de Clinton\u201d. vs. Trump\u201d, es decir \u201cno obligar a los votantes franceses a elegir entre el liberalismo del establishment corporativo y el populismo xen\u00f3fobo de derecha\u201d, sino \u201cunirse en la primera vuelta de las elecciones presidenciales en torno al candidato de izquierda con el mayor apoyo de los votantes. Los autores de la petici\u00f3n tambi\u00e9n nombraron a este candidato: Melanchon.<\/p>\n\n\n\n<p>El 23 de abril de 2017 recibi\u00f3 el apoyo de 19,58 votantes del % (7.060.885 personas) en la primera vuelta de votaci\u00f3n, ocupando el cuarto lugar entre once candidatos y no llegando as\u00ed a la segunda vuelta. Los mejores resultados fueron los resultados de M\u00e9lenchon en las regiones de ultramar: gan\u00f3 en Reuni\u00f3n (24,53 %), en Guyana (24,7 %), en San Pedro y Miquel\u00f3n (m\u00e1s de 35 % contra 17,9 % del ganador de la primera ronda). a escala nacional \u2013 Emmanuel Macron) y Martinica (27.3%).<\/p>\n\n\n\n<p>Otras actividades (desde 2017)<br>En las elecciones legislativas en Francia, su partido obtuvo 17 esca\u00f1os de 577, convirti\u00e9ndose en el cuarto en n\u00famero de diputados. \u00c9l mismo fue elegido diputado de uno de los municipios de Marsella.<\/p>\n\n\n\n<p>El 16 de octubre de 2018, se registraron la casa cerca de M\u00e9lenchon y varios edificios de la \u201cFrancia invicta\u201d en el marco de una investigaci\u00f3n sobre acusaciones de contrataci\u00f3n ficticia de asistentes parlamentarios y violaci\u00f3n de las normas de financiaci\u00f3n de campa\u00f1as, durante la cual se produjeron enfrentamientos entre activistas. y funcionarios encargados de hacer cumplir la ley. El 20 de septiembre de 2019, el tribunal de Bobigny conden\u00f3 a Melanchon a tres meses de prisi\u00f3n condicional y a una multa de 8.000 euros por obstrucci\u00f3n a la justicia y rebeli\u00f3n, y otros cinco acusados fueron condenados a una multa de 2.000 a 10.000 euros (juicio celebrado durante dos d\u00edas (19 y 20 de septiembre), y M\u00e9lanch\u00f3n inmediatamente lo calific\u00f3 de persecuci\u00f3n pol\u00edtica).<\/p>\n\n\n\n<p><\/p>\n\n\n\n<p class=\"has-text-align-center unibet\" style=\"font-size:25px\"><mark style=\"background-color:rgba(0, 0, 0, 0);color:#0d7a12\" class=\"has-inline-color\"><strong><a href=\"https:\/\/parier-presidentielle.com\/es\/recommends\/unibet\/\">Bono de 150 \u20ac ofrecido con Unibet<br>Para su 1ra Apuesta Pol\u00edtica o Deportiva: Haga clic aqu\u00ed<\/a><\/strong><\/mark><\/p>\n\n\n\n<p><\/p>\n\n\n<div class=\"wp-block-image\">\n<figure class=\"aligncenter is-resized wp-duotone-000097-ff4747-1\"><img decoding=\"async\" loading=\"lazy\" src=\"https:\/\/parier-presidentielle.com\/wp-content\/uploads\/2021\/09\/election-standard-scale-4_00x-gigapixel-1024x623.jpg\" alt=\"Elecci\u00f3n 2022\" style=\"width:256px;height:156px\" width=\"256\" height=\"156\"\/><\/figure><\/div>\n\n\n<p><br><\/p>\n\n\n\n<p><strong>Parier-presidentielle le ayuda a elegir entre los diferentes<a href=\"https:\/\/parier-presidentielle.com\/es\/\"> Casas de apuestas Bwin, Unibet, Betclic apostar\u00e1n por el futuro presidente estadounidense en 2024<\/a> : <\/strong><br><a href=\"https:\/\/parier-presidentielle.com\/es\/unibet-politica-eleccion-2022\/\">Casa de apuestas presidencial de Unibet<\/a> : \u00a1Gu\u00eda detallada y gratuita para hacer su primera apuesta en l\u00ednea con todas las probabilidades y c\u00f3mo aprovechar el bono ofrecido!<\/p>\n\n\n\n<p>As\u00ed como los dem\u00e1s sitios de apuestas en l\u00ednea: <a href=\"https:\/\/parier-presidentielle.com\/es\/unibet-politica-eleccion-2022\/\">Bwin<\/a>, <a href=\"https:\/\/parier-presidentielle.com\/es\/netbet-apuesta-politica-eleccion-2022\/\">NetBet<\/a>, <a href=\"https:\/\/parier-presidentielle.com\/es\/betclic-presidencial-2022\/\">Betclic<\/a>, <a href=\"https:\/\/parier-presidentielle.com\/es\/winamax-politica-eleccion-2022\/\">Winamax<\/a>, Parions Sport, Zebet, Betway, France-Pari, Vbet, Cloudbet, 1Xbit, 1xbet, Betfair, Betwinner\u2026<\/p>\n\n\n\n<div class=\"wp-block-columns is-layout-flex wp-container-6 wp-block-columns-is-layout-flex\">\n<div class=\"wp-block-column is-layout-flow wp-block-column-is-layout-flow\" style=\"flex-basis:33.33%\">\n<p>Acabas de leer nuestro archivo:<\/p>\n<\/div>\n\n\n\n<div class=\"wp-block-column is-layout-flow wp-block-column-is-layout-flow\" style=\"flex-basis:33.33%\">\n<div class=\"wp-block-group is-layout-flow wp-block-group-is-layout-flow\"><div class=\"wp-block-group__inner-container\"><h4 class=\"has-text-align-center wp-block-post-title\"><span id=\"parier-sur-lelection-de-jean-luc-melenchon\"><a href=\"https:\/\/parier-presidentielle.com\/es\/melenchon-eleccion\/\" target=\"_self\" >Apuesta por la elecci\u00f3n de Jean-Luc M\u00e9lenchon<\/a><\/span><\/h4><\/div><\/div>\n<\/div>\n\n\n\n<div class=\"wp-block-column is-layout-flow wp-block-column-is-layout-flow\" style=\"flex-basis:33.33%\">\n<p class=\"has-text-align-right\">Contin\u00fae leyendo con nuestros otros archivos exclusivos,<\/p>\n<\/div>\n<\/div>\n\n\n\n<h3 class=\"wp-block-heading\" id=\"tous-les-pronostics-sondage-et-cotes-pour-parier-sur-le-futur-vainqueur-de-l-election-presidentielle-2022\"><span id=\"tous-les-pronostics-sondage-et-cotes-pour-parier-sur-le-futur-vainqueur-de-l8217election-presidentielle-2024\">Todas las Predicciones, Encuestas y Cuotas para apostar sobre el futuro ganador de las elecciones presidenciales de 2024:<\/span><\/h3>\n\n\n\n<ul>\n<li><a href=\"https:\/\/parier-presidentielle.com\/es\/macron-eleccion\/\">Apuesta por Emmanuel Macron con Unibet, Betclic, Bwin<\/a> : El favorito de encuestas y predicciones <\/li>\n\n\n\n<li><a href=\"https:\/\/parier-presidentielle.com\/es\/marine-le-pen-eleccion\/\">Marine Le Pen: sus cuotas y c\u00f3mo apostar con las casas de apuestas<\/a>: El retador seg\u00fan Unibet<\/li>\n<\/ul>\n\n\n\n<p><\/p>\n\n\n\n<center><script type=\"text\/javascript\" charset=\"utf-8\" src=\"https:\/\/www.gambling-affiliation.com\/cpm\/v=AmIMTDSs92QY6b0MzDMvM5laCjJ-ZlA-1oQ-7tKsi.w_GA7331V2\"><\/script><\/center>\n\n\n\n<h3 class=\"wp-block-heading\"><span id=\"donald-trump-vs-joe-biden-la-video-qui-lance-les-paris-en-ligne-sur-l8217election-politique-de-2024\">Donald Trump vs Joe Biden: el v\u00eddeo que lanza las apuestas online sobre las elecciones pol\u00edticas de 2024<\/span><\/h3>\n\n\n\n<figure class=\"wp-block-embed is-type-video is-provider-youtube wp-block-embed-youtube wp-embed-aspect-16-9 wp-has-aspect-ratio\"><div class=\"wp-block-embed__wrapper\">\n<iframe loading=\"lazy\" title=\"El expresidente Donald Trump lanza una candidatura a la Casa Blanca para 2024 #Short\" width=\"640\" height=\"360\" src=\"https:\/\/www.youtube.com\/embed\/hZykPRVe4Ag?feature=oembed\" frameborder=\"0\" allow=\"accelerometer; autoplay; clipboard-write; encrypted-media; gyroscope; picture-in-picture; web-share\" allowfullscreen><\/iframe>\n<\/div><\/figure>\n\n\n<div class=\"wp-block-image\">\n<figure class=\"aligncenter size-medium\"><a href=\"https:\/\/parier-presidentielle.com\/es\/recommends\/unibet\/\" target=\"_blank\" rel=\"noopener\"><img decoding=\"async\" loading=\"lazy\" width=\"300\" height=\"169\" src=\"https:\/\/parier-presidentielle.com\/wp-content\/uploads\/2022\/04\/unibet-300x169.jpg\" alt=\"\" class=\"wp-image-1252\" srcset=\"https:\/\/parier-presidentielle.com\/wp-content\/uploads\/2022\/04\/unibet-300x169.jpg 300w, https:\/\/parier-presidentielle.com\/wp-content\/uploads\/2022\/04\/unibet-1024x576.jpg 1024w, https:\/\/parier-presidentielle.com\/wp-content\/uploads\/2022\/04\/unibet-768x432.jpg 768w, https:\/\/parier-presidentielle.com\/wp-content\/uploads\/2022\/04\/unibet-18x10.jpg 18w, https:\/\/parier-presidentielle.com\/wp-content\/uploads\/2022\/04\/unibet.jpg 1280w\" sizes=\"(max-width: 300px) 100vw, 300px\" \/><\/a><\/figure><\/div>\n\n\n<p>Encuentra en la Wiki, las noticias pol\u00edticas imprescindibles sobre el Cannabis y sus derivados legales: <strong>HHC, H4cbd, Thcp, Thcv, HSD, HHCPO, C4B<\/strong><\/p>\n<div id=\"toc_container\" class=\"no_bullets\"><p class=\"toc_title\">Indice<\/p><ul class=\"toc_list\"><li><\/li><li><\/li><li><\/li><li><ul><li><ul><li><\/li><\/ul><\/li><li><\/li><li><\/li><\/ul><\/li><\/ul><\/div>","protected":false},"excerpt":{"rendered":"<p>Cuotas y predicciones para el candidato Jean-Luc M\u00e9lenchon: apuestas online sobre pol\u00edtica y el futuro presidente de Francia en 2022 Jean-Luc M\u00e9lenchon (fr. Jean-Luc M\u00e9lenchon, IPA (fr.):; B., T\u00e1nger) \u2013 izquierda francesa -Estadista y pol\u00edtico de ala, periodista. Ministro de Educaci\u00f3n Profesional del gobierno de Lionel Jospin en 2000...<\/p>","protected":false},"author":1,"featured_media":0,"parent":0,"menu_order":0,"comment_status":"closed","ping_status":"closed","template":"page-nosidebar.php","meta":{"footnotes":""},"yoast_head":"<!-- This site is optimized with the Yoast SEO Premium plugin v21.0 (Yoast SEO v21.0) - https:\/\/yoast.com\/wordpress\/plugins\/seo\/ -->\n<title>Parier sur l\u2019\u00e9lection de Jean-Luc M\u00e9lenchon - Finale Coupe du Monde FIFA<\/title>\n<meta name=\"description\" content=\"Pariez sur M\u00e9lenchon pour l&#039;\u00e9lection 2022 : Cliquez Ici et Gagnez Gros! Pronostics ,Comparaison des Bookmakers et des meilleurs Cotes.\" \/>\n<meta name=\"robots\" content=\"index, follow, max-snippet:-1, max-image-preview:large, max-video-preview:-1\" \/>\n<link rel=\"canonical\" href=\"https:\/\/parier-presidentielle.com\/es\/melenchon-eleccion\/\" \/>\n<meta property=\"og:locale\" content=\"es_ES\" \/>\n<meta property=\"og:type\" content=\"article\" \/>\n<meta property=\"og:title\" content=\"Parier sur l\u2019\u00e9lection de Jean-Luc M\u00e9lenchon\" \/>\n<meta property=\"og:description\" content=\"Pariez sur M\u00e9lenchon pour l&#039;\u00e9lection 2022 : Cliquez Ici et Gagnez Gros! Pronostics ,Comparaison des Bookmakers et des meilleurs Cotes.\" \/>\n<meta property=\"og:url\" content=\"https:\/\/parier-presidentielle.com\/es\/melenchon-eleccion\/\" \/>\n<meta property=\"og:site_name\" content=\"Parier Pr\u00e9sidentielle\" \/>\n<meta property=\"article:modified_time\" content=\"2021-09-14T13:59:08+00:00\" \/>\n<meta name=\"twitter:card\" content=\"summary_large_image\" \/>\n<meta name=\"twitter:label1\" content=\"Tiempo de lectura\" \/>\n\t<meta name=\"twitter:data1\" content=\"7 minutos\" \/>\n<script type=\"application\/ld+json\" class=\"yoast-schema-graph\">{\"@context\":\"https:\/\/schema.org\",\"@graph\":[{\"@type\":\"WebPage\",\"@id\":\"https:\/\/parier-presidentielle.com\/melenchon-election\/\",\"url\":\"https:\/\/parier-presidentielle.com\/melenchon-election\/\",\"name\":\"Parier sur l\u2019\u00e9lection de Jean-Luc M\u00e9lenchon - Finale Coupe du Monde FIFA\",\"isPartOf\":{\"@id\":\"https:\/\/parier-presidentielle.com\/#website\"},\"datePublished\":\"2021-09-14T11:02:49+00:00\",\"dateModified\":\"2021-09-14T13:59:08+00:00\",\"description\":\"Pariez sur M\u00e9lenchon pour l'\u00e9lection 2022 : Cliquez Ici et Gagnez Gros! Pronostics ,Comparaison des Bookmakers et des meilleurs Cotes.\",\"breadcrumb\":{\"@id\":\"https:\/\/parier-presidentielle.com\/melenchon-election\/#breadcrumb\"},\"inLanguage\":\"es\",\"potentialAction\":[{\"@type\":\"ReadAction\",\"target\":[\"https:\/\/parier-presidentielle.com\/melenchon-election\/\"]}]},{\"@type\":\"BreadcrumbList\",\"@id\":\"https:\/\/parier-presidentielle.com\/melenchon-election\/#breadcrumb\",\"itemListElement\":[{\"@type\":\"ListItem\",\"position\":1,\"name\":\"Accueil\",\"item\":\"https:\/\/parier-presidentielle.com\/\"},{\"@type\":\"ListItem\",\"position\":2,\"name\":\"Parier sur l\u2019\u00e9lection de Jean-Luc M\u00e9lenchon\"}]},{\"@type\":\"WebSite\",\"@id\":\"https:\/\/parier-presidentielle.com\/#website\",\"url\":\"https:\/\/parier-presidentielle.com\/\",\"name\":\"Parier Pr\u00e9sidentielle\",\"description\":\"Paris, Pronostics, Wiki sur la Politique, les Elections Am\u00e9ricaines: Joe Biden, Donald Trump avec les Bookmakers en ligne Unibet, Bwin, Betclic, Winamax\",\"potentialAction\":[{\"@type\":\"SearchAction\",\"target\":{\"@type\":\"EntryPoint\",\"urlTemplate\":\"https:\/\/parier-presidentielle.com\/?s={search_term_string}\"},\"query-input\":\"required name=search_term_string\"}],\"inLanguage\":\"es\"}]}<\/script>\n<!-- \/ Yoast SEO Premium plugin. -->","yoast_head_json":{"title":"Parier sur l\u2019\u00e9lection de Jean-Luc M\u00e9lenchon - Finale Coupe du Monde FIFA","description":"Pariez sur M\u00e9lenchon pour l'\u00e9lection 2022 : Cliquez Ici et Gagnez Gros! Pronostics ,Comparaison des Bookmakers et des meilleurs Cotes.","robots":{"index":"index","follow":"follow","max-snippet":"max-snippet:-1","max-image-preview":"max-image-preview:large","max-video-preview":"max-video-preview:-1"},"canonical":"https:\/\/parier-presidentielle.com\/es\/melenchon-eleccion\/","og_locale":"es_ES","og_type":"article","og_title":"Parier sur l\u2019\u00e9lection de Jean-Luc M\u00e9lenchon","og_description":"Pariez sur M\u00e9lenchon pour l'\u00e9lection 2022 : Cliquez Ici et Gagnez Gros! Pronostics ,Comparaison des Bookmakers et des meilleurs Cotes.","og_url":"https:\/\/parier-presidentielle.com\/es\/melenchon-eleccion\/","og_site_name":"Parier Pr\u00e9sidentielle","article_modified_time":"2021-09-14T13:59:08+00:00","twitter_card":"summary_large_image","twitter_misc":{"Tiempo de lectura":"7 minutos"},"schema":{"@context":"https:\/\/schema.org","@graph":[{"@type":"WebPage","@id":"https:\/\/parier-presidentielle.com\/melenchon-election\/","url":"https:\/\/parier-presidentielle.com\/melenchon-election\/","name":"Parier sur l\u2019\u00e9lection de Jean-Luc M\u00e9lenchon - Finale Coupe du Monde FIFA","isPartOf":{"@id":"https:\/\/parier-presidentielle.com\/#website"},"datePublished":"2021-09-14T11:02:49+00:00","dateModified":"2021-09-14T13:59:08+00:00","description":"Pariez sur M\u00e9lenchon pour l'\u00e9lection 2022 : Cliquez Ici et Gagnez Gros! Pronostics ,Comparaison des Bookmakers et des meilleurs Cotes.","breadcrumb":{"@id":"https:\/\/parier-presidentielle.com\/melenchon-election\/#breadcrumb"},"inLanguage":"es","potentialAction":[{"@type":"ReadAction","target":["https:\/\/parier-presidentielle.com\/melenchon-election\/"]}]},{"@type":"BreadcrumbList","@id":"https:\/\/parier-presidentielle.com\/melenchon-election\/#breadcrumb","itemListElement":[{"@type":"ListItem","position":1,"name":"Accueil","item":"https:\/\/parier-presidentielle.com\/"},{"@type":"ListItem","position":2,"name":"Parier sur l\u2019\u00e9lection de Jean-Luc M\u00e9lenchon"}]},{"@type":"WebSite","@id":"https:\/\/parier-presidentielle.com\/#website","url":"https:\/\/parier-presidentielle.com\/","name":"Parier Pr\u00e9sidentielle","description":"Paris, Pronostics, Wiki sur la Politique, les Elections Am\u00e9ricaines: Joe Biden, Donald Trump avec les Bookmakers en ligne Unibet, Bwin, Betclic, Winamax","potentialAction":[{"@type":"SearchAction","target":{"@type":"EntryPoint","urlTemplate":"https:\/\/parier-presidentielle.com\/?s={search_term_string}"},"query-input":"required name=search_term_string"}],"inLanguage":"es"}]}},"_links":{"self":[{"href":"https:\/\/parier-presidentielle.com\/es\/wp-json\/wp\/v2\/pages\/212"}],"collection":[{"href":"https:\/\/parier-presidentielle.com\/es\/wp-json\/wp\/v2\/pages"}],"about":[{"href":"https:\/\/parier-presidentielle.com\/es\/wp-json\/wp\/v2\/types\/page"}],"author":[{"embeddable":true,"href":"https:\/\/parier-presidentielle.com\/es\/wp-json\/wp\/v2\/users\/1"}],"replies":[{"embeddable":true,"href":"https:\/\/parier-presidentielle.com\/es\/wp-json\/wp\/v2\/comments?post=212"}],"version-history":[{"count":4,"href":"https:\/\/parier-presidentielle.com\/es\/wp-json\/wp\/v2\/pages\/212\/revisions"}],"predecessor-version":[{"id":234,"href":"https:\/\/parier-presidentielle.com\/es\/wp-json\/wp\/v2\/pages\/212\/revisions\/234"}],"wp:attachment":[{"href":"https:\/\/parier-presidentielle.com\/es\/wp-json\/wp\/v2\/media?parent=212"}],"curies":[{"name":"wp","href":"https:\/\/api.w.org\/{rel}","templated":true}]}}