{"id":235,"date":"2021-09-14T16:33:07","date_gmt":"2021-09-14T14:33:07","guid":{"rendered":"https:\/\/parier-presidentielle.com\/?page_id=235"},"modified":"2022-12-16T18:12:01","modified_gmt":"2022-12-16T17:12:01","slug":"betclic-presidentielle-2022","status":"publish","type":"page","link":"https:\/\/parier-presidentielle.com\/es\/betclic-presidencial-2022\/","title":{"rendered":"Betclic: Apuesta en las elecciones presidenciales de 2022"},"content":{"rendered":"<div class=\"wp-block-columns is-layout-flex wp-container-4 wp-block-columns-is-layout-flex\">\n<div class=\"wp-block-column is-layout-flow wp-block-column-is-layout-flow\" style=\"flex-basis:100%\">\n<div class=\"wp-block-columns is-layout-flex wp-container-2 wp-block-columns-is-layout-flex\">\n<div class=\"wp-block-column is-layout-flow wp-block-column-is-layout-flow\" style=\"flex-basis:100%\">\n<center><script type=\"text\/javascript\" charset=\"utf-8\" src=\"https:\/\/www.gambling-affiliation.com\/cpm\/v=AmIMTDSs92QY6b0MzDMvM5laCjJ-ZlA-1oQ-7tKsi.w_GA7331V2\"><\/script><\/center>\n\n\n\n<p><\/p>\n\n\n\n<div class=\"wp-block-image is-style-default\"><figure class=\"aligncenter size-medium\"><a href=\"https:\/\/parier-presidentielle.com\/es\/recommends\/unibet-logo\/\" target=\"_blank\" rel=\"no follow noopener\"><img decoding=\"async\" loading=\"lazy\" width=\"300\" height=\"169\" src=\"https:\/\/parier-presidentielle.com\/wp-content\/uploads\/2022\/04\/unibet-300x169.jpg\" alt=\"\" class=\"wp-image-1252\" srcset=\"https:\/\/parier-presidentielle.com\/wp-content\/uploads\/2022\/04\/unibet-300x169.jpg 300w, https:\/\/parier-presidentielle.com\/wp-content\/uploads\/2022\/04\/unibet-1024x576.jpg 1024w, https:\/\/parier-presidentielle.com\/wp-content\/uploads\/2022\/04\/unibet-768x432.jpg 768w, https:\/\/parier-presidentielle.com\/wp-content\/uploads\/2022\/04\/unibet-18x10.jpg 18w, https:\/\/parier-presidentielle.com\/wp-content\/uploads\/2022\/04\/unibet.jpg 1280w\" sizes=\"(max-width: 300px) 100vw, 300px\" \/><\/a><\/figure><\/div>\n<\/div>\n<\/div>\n<\/div>\n<\/div>\n\n\n\n<h2 class=\"wp-block-heading\" id=\"le-meilleur-bookmaker-de-france-betclic\"><span id=\"le-bookmaker-betclic-et-la-politique-francaise\">Casa de apuestas Betclic y la pol\u00edtica francesa!?<\/span><\/h2>\n\n\n\n<h3 class=\"wp-block-heading\" id=\"parier-sur-l-election-presidentielle-2022-c-est-possible-avec-un-seul-site-de-paris-en-ligne-en-france-et-ca-tombe-car-c-est-aussi-le-meilleur-et-le-plus-sur-betclic\"><span id=\"parier-sur-l8217election-presidentielle-2022-n8217est-plus-possible-avec-le-site-de-paris-betclic-en-france-mais-seulement-avec-unibet\">\u00a1Apostar en las elecciones presidenciales de 2022 ya no es posible con el sitio de apuestas Betclic en Francia, sino s\u00f3lo con Unibet!<\/span><\/h3>\n\n\n\n<p><strong>Betclic <\/strong>Lamentablemente ya no ofrecemos Par\u00eds sobre la pol\u00edtica francesa, pero afortunadamente todav\u00eda es posible apostar en otras casas de apuestas adem\u00e1s de Betclic: <strong>Unibet<\/strong>! Por eso, el equipo de Parier-Pr\u00e9sidentielle recomienda al l\u00edder del mercado que ofrece un bono y cuotas a\u00fan m\u00e1s interesantes: <\/p>\n\n\n\n<p class=\"has-text-align-center unibet has-medium-font-size\"><a href=\"https:\/\/parier-presidentielle.com\/es\/recommends\/unibet-text-betclic\/\"><strong>Bono de 150 \u20ac ofrecido con Unibet Para su primer Par\u00eds: Haga clic aqu\u00ed<\/strong><\/a><\/p>\n\n\n\n<p> Encuentra nuestras gu\u00edas y predicciones de Bookmaker en nuestros archivos especiales: <\/p>\n\n\n\n<ul>\n<li><strong><a href=\"https:\/\/parier-presidentielle.com\/es\/unibet-politica-eleccion-2022\/\">Unibet: Gu\u00eda del corredor de apuestas para la Presidencial 2022<\/a><\/strong><\/li>\n\n\n\n<li><a href=\"https:\/\/parier-presidentielle.com\/es\/casa-de-apuesta-macron-le-pen\/\"><strong>Gu\u00eda y predicciones para apostar en la segunda vuelta Macron \u2013 Le Pen<\/strong><\/a><\/li>\n<\/ul>\n\n\n\n<p>Betclic: Enfrent\u00e1ndose a Bwin y Unibet<\/p>\n\n\n\n<p>\u00a1Apostar a la pol\u00edtica no solo animar\u00e1 sus noches electorales, sino que tambi\u00e9n puede dar grandes frutos! As\u00ed que en esta p\u00e1gina encontrar\u00e1s toda la informaci\u00f3n para hacer tu primera apuesta con la referencia francesa en los juegos online, la casa de apuestas Betclic. Adem\u00e1s de todas las probabilidades y nuestras predicciones para esta elecci\u00f3n de 2022.<\/p>\n\n\n\n<p class=\"has-text-align-center\"><strong>Por lo tanto, la informaci\u00f3n, las cuotas y los consejos que aparecen a continuaci\u00f3n est\u00e1n obsoletos y s\u00f3lo est\u00e1n disponibles como archivo si desea apostar en la segunda ronda: pase al l\u00edder de la <a href=\"https:\/\/parier-presidentielle.com\/es\/unibet-politica-eleccion-2022\/\">Par\u00eds para las elecciones de Unibet<\/a><\/strong><\/p>\n\n\n\n<p><\/p>\n\n\n\n<p><\/p>\n\n\n\n<p><\/p>\n\n\n\n<p><\/p>\n\n\n\n<p class=\"has-text-align-center\">Archivo <\/p>\n\n\n\n<h2 class=\"wp-block-heading\" id=\"les-cotes-des-candidats-du-bookmaker-sur-betclic\"><span id=\"les-cotes-des-candidats-du-bookmaker-sur-betclic\">Las cuotas de los candidatos de la casa de apuestas en Betclic <\/span><\/h2>\n\n\n\n<p>Comencemos mirando las calificaciones de diferentes figuras pol\u00edticas: <\/p>\n\n\n\n<ul>\n<li>emmanuel macron <strong>1,58<\/strong><\/li>\n\n\n\n<li>Marine Le Pen <strong>4,00<\/strong><\/li>\n\n\n\n<li>Jean-Luc M\u00e9lenchon <strong>15<\/strong><\/li>\n\n\n\n<li>eduardo felipe <strong>17<\/strong><\/li>\n\n\n\n<li>Xavier Bertrand <strong>17<\/strong><\/li>\n\n\n\n<li>ana hidalgo <strong>22<\/strong><\/li>\n\n\n\n<li>laurent wauquiez <strong>25<\/strong><\/li>\n\n\n\n<li>Nicolas Sarkozy <strong>25<\/strong><\/li>\n\n\n\n<li>Fran\u00e7ois Barouin <strong>28<\/strong><\/li>\n\n\n\n<li>Nicol\u00e1s Dupont-Aignan <strong>30<\/strong><\/li>\n\n\n\n<li>bernardo cazeneuve <strong>65<\/strong><\/li>\n\n\n\n<li>Benoit Ham\u00f3n <strong>65<\/strong><\/li>\n\n\n\n<li>Juan Lassalle <strong>100<\/strong><\/li>\n\n\n\n<li>Francois Hollande <strong>100<\/strong><\/li>\n<\/ul>\n\n\n<div class=\"wp-block-image\">\n<figure class=\"aligncenter size-large is-resized\"><img decoding=\"async\" loading=\"lazy\" src=\"https:\/\/parier-presidentielle.com\/wp-content\/uploads\/2021\/09\/image-4-1024x872.png\" alt=\"Las cuotas de los candidatos de la casa de apuestas Betclic para las elecciones presidenciales de 2022\" class=\"wp-image-329\" width=\"768\" height=\"654\" srcset=\"https:\/\/parier-presidentielle.com\/wp-content\/uploads\/2021\/09\/image-4-1024x872.png 1024w, https:\/\/parier-presidentielle.com\/wp-content\/uploads\/2021\/09\/image-4-300x255.png 300w, https:\/\/parier-presidentielle.com\/wp-content\/uploads\/2021\/09\/image-4-768x654.png 768w, https:\/\/parier-presidentielle.com\/wp-content\/uploads\/2021\/09\/image-4.png 1118w\" sizes=\"(max-width: 768px) 100vw, 768px\" \/><\/figure><\/div>\n\n\n<h2 class=\"wp-block-heading\" id=\"l-analyse-des-cotes-de-betclic\"><span id=\"l8217analyse-des-cotes-de-betclic\">An\u00e1lisis de cuotas de Betclic<\/span><\/h2>\n\n\n\n<p>La calificaci\u00f3n de Emmanuel Macron es <strong>1,58<\/strong> contra el de Marine Le Pen <strong>4,00<\/strong>, A simple vista apostar por el candidato de la Rassemblement National puede parecer interesante porque las probabilidades son mayores pero hay que tener en cuenta que a pesar de los a\u00f1os si es el padre o la hija siempre han perdido y que independientemente del candidato de derecha o centro...<br>Todos los institutos de votaci\u00f3n dan al presidente actual en la segunda vuelta y al ganador de la final. <\/p>\n\n\n\n<p>En consecuencia <a href=\"https:\/\/parier-presidentielle.com\/es\/macron-eleccion\/\">apuesta por la victoria de Emmanuel Macron<\/a> \u00a1En las elecciones presidenciales es la mejor apuesta! Al apostar con la casa de apuestas Betclic tambi\u00e9n te beneficias de una oferta de bonificaci\u00f3n especial de 100 \u20ac, pero s\u00f3lo en deportes, \u00a1por eso recomendamos Bwin y Unibet!<\/p>\n\n\n\n<p><br><br><\/p>\n\n\n\n<h2 class=\"wp-block-heading\" id=\"betclic-origine-et-paris-politique\"><span id=\"betclic-origine-et-paris-politique\">Betclic: Origen y apuestas pol\u00edticas<\/span><\/h2>\n\n\n\n<p>Betclic es una empresa francesa de juegos de azar en l\u00ednea. Fundada en Londres en 2005, con sede en Malta y la direcci\u00f3n en Burdeos. En el mercado franc\u00e9s, la empresa tiene licencias para apostar en deportes, carreras y p\u00f3quer online.<br><\/p>\n\n\n\n<p>Historia de Betclic<br><strong>Betclic <\/strong>fue fundada en Londres por Nicolas Bero en 2005 con un empleado y una inversi\u00f3n de 3 millones de euros. En 2008, Mangas Gaming compr\u00f3 una participaci\u00f3n del 75 % en Betclic al propietario por 50 millones de euros, y en 2009, SBM adquiri\u00f3 una participaci\u00f3n del 50 % en la empresa. En 2010, se anunci\u00f3 que Betclic pose\u00eda entre 35 y 401 TP4T del mercado franc\u00e9s y era la casa de apuestas m\u00e1s grande del pa\u00eds. Durante la Eurocopa 2012, Betclic acept\u00f3 2 millones de apuestas en competiciones deportivas y gan\u00f3 12 millones de euros. El 31 de mayo de 2016, Betclic se fusion\u00f3 con la empresa de p\u00f3quer en l\u00ednea Everest Poker. En octubre de 2016 trasladaron sus oficinas de Londres y Par\u00eds a Burdeos. En septiembre de 2018, Betclic adquiri\u00f3 una licencia para operar en Polonia.<\/p>\n\n\n\n<h2 class=\"wp-block-heading\" id=\"partenariat-et-legitimite-pour-parier-en-2022\"><span id=\"partenariat-et-legitimite-pour-parier-en-2022\">Asociaci\u00f3n y legitimidad para apostar en 2022<\/span><\/h2>\n\n\n\n<p>El primer patrocinio deportivo de Betclic fue el Olympique Lyonnais en 2009, que publicit\u00f3 la empresa en camisetas para la temporada 2010-11. De 2010 a 2012, Betclic patrocin\u00f3 ropa para equipos como el Olympique de Marsella y la Juventus. Asimismo, en 2018 se anunci\u00f3 una asociaci\u00f3n con el Bordeaux Beggle Rugby Club. Con una nueva licencia para trabajar en Polonia, obtenida en 2018, Betclic firm\u00f3 acuerdos de patrocinio en el verano de 2019 con el campe\u00f3n de f\u00fatbol polaco Piast y el club Lechia, ganador de la Copa de Polonia. Entonces, si Betclic es una casa de apuestas l\u00edder en el campo de las apuestas deportivas, lamentablemente no ofrece ninguna oferta para las elecciones presidenciales de 2022 para <a href=\"https:\/\/parier-presidentielle.com\/es\/\">apuesta por Macron o Lepen <\/a>\u00a1ser\u00e1 necesario pasar Bwin o Unibet!<\/p>\n\n\n\n<p><\/p>\n\n\n\n<p class=\"has-text-align-center unibet\" style=\"font-size:25px\"><mark style=\"background-color:rgba(0, 0, 0, 0);color:#0d7a12\" class=\"has-inline-color\"><strong><a href=\"https:\/\/parier-presidentielle.com\/es\/recommends\/unibet\/\">Bono de 150 \u20ac ofrecido con Unibet<br>Para su 1ra Apuesta Pol\u00edtica o Deportiva: Haga clic aqu\u00ed<\/a><\/strong><\/mark><\/p>\n\n\n\n<p><\/p>\n\n\n<div class=\"wp-block-image\">\n<figure class=\"aligncenter is-resized wp-duotone-000097-ff4747-5\"><img decoding=\"async\" loading=\"lazy\" src=\"https:\/\/parier-presidentielle.com\/wp-content\/uploads\/2021\/09\/election-standard-scale-4_00x-gigapixel-1024x623.jpg\" alt=\"Elecci\u00f3n 2022\" style=\"width:256px;height:156px\" width=\"256\" height=\"156\"\/><\/figure><\/div>\n\n\n<p><br><\/p>\n\n\n\n<p><strong>Parier-presidentielle le ayuda a elegir entre los diferentes<a href=\"https:\/\/parier-presidentielle.com\/es\/\"> Casas de apuestas Bwin, Unibet, Betclic apostar\u00e1n por el futuro presidente estadounidense en 2024<\/a> : <\/strong><br><a href=\"https:\/\/parier-presidentielle.com\/es\/unibet-politica-eleccion-2022\/\">Casa de apuestas presidencial de Unibet<\/a> : \u00a1Gu\u00eda detallada y gratuita para hacer su primera apuesta en l\u00ednea con todas las probabilidades y c\u00f3mo aprovechar el bono ofrecido!<\/p>\n\n\n\n<p>As\u00ed como los dem\u00e1s sitios de apuestas en l\u00ednea: <a href=\"https:\/\/parier-presidentielle.com\/es\/unibet-politica-eleccion-2022\/\">Bwin<\/a>, <a href=\"https:\/\/parier-presidentielle.com\/es\/netbet-apuesta-politica-eleccion-2022\/\">NetBet<\/a>, <a href=\"https:\/\/parier-presidentielle.com\/es\/betclic-presidencial-2022\/\">Betclic<\/a>, <a href=\"https:\/\/parier-presidentielle.com\/es\/winamax-politica-eleccion-2022\/\">Winamax<\/a>, Parions Sport, Zebet, Betway, France-Pari, Vbet, Cloudbet, 1Xbit, 1xbet, Betfair, Betwinner\u2026<\/p>\n\n\n\n<div class=\"wp-block-columns is-layout-flex wp-container-10 wp-block-columns-is-layout-flex\">\n<div class=\"wp-block-column is-layout-flow wp-block-column-is-layout-flow\" style=\"flex-basis:33.33%\">\n<p>Acabas de leer nuestro archivo:<\/p>\n<\/div>\n\n\n\n<div class=\"wp-block-column is-layout-flow wp-block-column-is-layout-flow\" style=\"flex-basis:33.33%\">\n<div class=\"wp-block-group is-layout-flow wp-block-group-is-layout-flow\"><div class=\"wp-block-group__inner-container\"><h4 class=\"has-text-align-center wp-block-post-title\"><span id=\"betclic-parier-sur-lelection-presidentielle-2022\"><a href=\"https:\/\/parier-presidentielle.com\/es\/betclic-presidencial-2022\/\" target=\"_self\" >Betclic: Apuesta en las elecciones presidenciales de 2022<\/a><\/span><\/h4><\/div><\/div>\n<\/div>\n\n\n\n<div class=\"wp-block-column is-layout-flow wp-block-column-is-layout-flow\" style=\"flex-basis:33.33%\">\n<p class=\"has-text-align-right\">Contin\u00fae leyendo con nuestros otros archivos exclusivos,<\/p>\n<\/div>\n<\/div>\n\n\n\n<h3 class=\"wp-block-heading\" id=\"tous-les-pronostics-sondage-et-cotes-pour-parier-sur-le-futur-vainqueur-de-l-election-presidentielle-2022\"><span id=\"tous-les-pronostics-sondage-et-cotes-pour-parier-sur-le-futur-vainqueur-de-l8217election-presidentielle-2024\">Todas las Predicciones, Encuestas y Cuotas para apostar sobre el futuro ganador de las elecciones presidenciales de 2024:<\/span><\/h3>\n\n\n\n<ul>\n<li><a href=\"https:\/\/parier-presidentielle.com\/es\/macron-eleccion\/\">Apuesta por Emmanuel Macron con Unibet, Betclic, Bwin<\/a> : El favorito de encuestas y predicciones <\/li>\n\n\n\n<li><a href=\"https:\/\/parier-presidentielle.com\/es\/marine-le-pen-eleccion\/\">Marine Le Pen: sus cuotas y c\u00f3mo apostar con las casas de apuestas<\/a>: El retador seg\u00fan Unibet<\/li>\n<\/ul>\n\n\n\n<p><\/p>\n\n\n\n<center><script type=\"text\/javascript\" charset=\"utf-8\" src=\"https:\/\/www.gambling-affiliation.com\/cpm\/v=AmIMTDSs92QY6b0MzDMvM5laCjJ-ZlA-1oQ-7tKsi.w_GA7331V2\"><\/script><\/center>\n\n\n\n<h3 class=\"wp-block-heading\"><span id=\"donald-trump-vs-joe-biden-la-video-qui-lance-les-paris-en-ligne-sur-l8217election-politique-de-2024\">Donald Trump vs Joe Biden: el v\u00eddeo que lanza las apuestas online sobre las elecciones pol\u00edticas de 2024<\/span><\/h3>\n\n\n\n<figure class=\"wp-block-embed is-type-video is-provider-youtube wp-block-embed-youtube wp-embed-aspect-16-9 wp-has-aspect-ratio\"><div class=\"wp-block-embed__wrapper\">\n<iframe loading=\"lazy\" title=\"El expresidente Donald Trump lanza una candidatura a la Casa Blanca para 2024 #Short\" width=\"640\" height=\"360\" src=\"https:\/\/www.youtube.com\/embed\/hZykPRVe4Ag?feature=oembed\" frameborder=\"0\" allow=\"accelerometer; autoplay; clipboard-write; encrypted-media; gyroscope; picture-in-picture; web-share\" allowfullscreen><\/iframe>\n<\/div><\/figure>\n\n\n<div class=\"wp-block-image\">\n<figure class=\"aligncenter size-medium\"><a href=\"https:\/\/parier-presidentielle.com\/es\/recommends\/unibet\/\" target=\"_blank\" rel=\"noopener\"><img decoding=\"async\" loading=\"lazy\" width=\"300\" height=\"169\" src=\"https:\/\/parier-presidentielle.com\/wp-content\/uploads\/2022\/04\/unibet-300x169.jpg\" alt=\"\" class=\"wp-image-1252\" srcset=\"https:\/\/parier-presidentielle.com\/wp-content\/uploads\/2022\/04\/unibet-300x169.jpg 300w, https:\/\/parier-presidentielle.com\/wp-content\/uploads\/2022\/04\/unibet-1024x576.jpg 1024w, https:\/\/parier-presidentielle.com\/wp-content\/uploads\/2022\/04\/unibet-768x432.jpg 768w, https:\/\/parier-presidentielle.com\/wp-content\/uploads\/2022\/04\/unibet-18x10.jpg 18w, https:\/\/parier-presidentielle.com\/wp-content\/uploads\/2022\/04\/unibet.jpg 1280w\" sizes=\"(max-width: 300px) 100vw, 300px\" \/><\/a><\/figure><\/div>\n\n\n<p>Encuentra en la Wiki, las noticias pol\u00edticas imprescindibles sobre el Cannabis y sus derivados legales: <strong>HHC, H4cbd, Thcp, Thcv, HSD, HHCPO, C4B<\/strong><\/p>\n\n\n\n<p>palabras clave de la p\u00e1gina: Betclick, Bet click, cuotas, predicciones<\/p>\n<div id=\"toc_container\" class=\"no_bullets\"><p class=\"toc_title\">Indice<\/p><ul class=\"toc_list\"><li><ul><li><\/li><\/ul><\/li><li><\/li><li><\/li><li><\/li><li><ul><li><ul><li><\/li><\/ul><\/li><li><\/li><li><\/li><\/ul><\/li><\/ul><\/div>","protected":false},"excerpt":{"rendered":"<p>\u00bf\u00a1La casa de apuestas Betclic y la pol\u00edtica francesa!? \u00a1Apostar en las elecciones presidenciales de 2022 ya no es posible con el sitio de apuestas Betclic en Francia, sino s\u00f3lo con Unibet! Lamentablemente, Betclic ya no ofrece Par\u00eds sobre la pol\u00edtica francesa, pero afortunadamente todav\u00eda es posible apostar con otra casa de apuestas adem\u00e1s de Betclic: \u00a1Unibet! Entonces el equipo...<\/p>","protected":false},"author":1,"featured_media":0,"parent":0,"menu_order":0,"comment_status":"closed","ping_status":"closed","template":"page-nosidebar.php","meta":{"footnotes":""},"yoast_head":"<!-- This site is optimized with the Yoast SEO Premium plugin v21.0 (Yoast SEO v21.0) - https:\/\/yoast.com\/wordpress\/plugins\/seo\/ -->\n<title>Betclic : Parier sur l\u2019\u00e9lection Pr\u00e9sidentielle 2022 - Finale Coupe du Monde FIFA<\/title>\n<meta name=\"description\" content=\"Parier avec Betclic 100\u20ac offert pour votre 1er Pari sur la Politique, le Sport! Guide du Bookmaker pour profiter du Bonus de bienvenue...\" \/>\n<meta name=\"robots\" content=\"index, follow, max-snippet:-1, max-image-preview:large, max-video-preview:-1\" \/>\n<link rel=\"canonical\" href=\"https:\/\/parier-presidentielle.com\/es\/betclic-presidencial-2022\/\" \/>\n<meta property=\"og:locale\" content=\"es_ES\" \/>\n<meta property=\"og:type\" content=\"article\" \/>\n<meta property=\"og:title\" content=\"Betclic : Parier sur l\u2019\u00e9lection Pr\u00e9sidentielle 2022\" \/>\n<meta property=\"og:description\" content=\"Parier avec Betclic 100\u20ac offert pour votre 1er Pari sur la Politique, le Sport! Guide du Bookmaker pour profiter du Bonus de bienvenue...\" \/>\n<meta property=\"og:url\" content=\"https:\/\/parier-presidentielle.com\/es\/betclic-presidencial-2022\/\" \/>\n<meta property=\"og:site_name\" content=\"Parier Pr\u00e9sidentielle\" \/>\n<meta property=\"article:modified_time\" content=\"2022-12-16T17:12:01+00:00\" \/>\n<meta property=\"og:image\" content=\"https:\/\/parier-presidentielle.com\/wp-content\/uploads\/2021\/09\/image-4-1024x872.png\" \/>\n<meta name=\"twitter:card\" content=\"summary_large_image\" \/>\n<meta name=\"twitter:label1\" content=\"Tiempo de lectura\" \/>\n\t<meta name=\"twitter:data1\" content=\"5 minutos\" \/>\n<script type=\"application\/ld+json\" class=\"yoast-schema-graph\">{\"@context\":\"https:\/\/schema.org\",\"@graph\":[{\"@type\":\"WebPage\",\"@id\":\"https:\/\/parier-presidentielle.com\/betclic-presidentielle-2022\/\",\"url\":\"https:\/\/parier-presidentielle.com\/betclic-presidentielle-2022\/\",\"name\":\"Betclic : Parier sur l\u2019\u00e9lection Pr\u00e9sidentielle 2022 - Finale Coupe du Monde FIFA\",\"isPartOf\":{\"@id\":\"https:\/\/parier-presidentielle.com\/#website\"},\"datePublished\":\"2021-09-14T14:33:07+00:00\",\"dateModified\":\"2022-12-16T17:12:01+00:00\",\"description\":\"Parier avec Betclic 100\u20ac offert pour votre 1er Pari sur la Politique, le Sport! Guide du Bookmaker pour profiter du Bonus de bienvenue...\",\"breadcrumb\":{\"@id\":\"https:\/\/parier-presidentielle.com\/betclic-presidentielle-2022\/#breadcrumb\"},\"inLanguage\":\"es\",\"potentialAction\":[{\"@type\":\"ReadAction\",\"target\":[\"https:\/\/parier-presidentielle.com\/betclic-presidentielle-2022\/\"]}]},{\"@type\":\"BreadcrumbList\",\"@id\":\"https:\/\/parier-presidentielle.com\/betclic-presidentielle-2022\/#breadcrumb\",\"itemListElement\":[{\"@type\":\"ListItem\",\"position\":1,\"name\":\"Accueil\",\"item\":\"https:\/\/parier-presidentielle.com\/\"},{\"@type\":\"ListItem\",\"position\":2,\"name\":\"Betclic : Parier sur l\u2019\u00e9lection Pr\u00e9sidentielle 2022\"}]},{\"@type\":\"WebSite\",\"@id\":\"https:\/\/parier-presidentielle.com\/#website\",\"url\":\"https:\/\/parier-presidentielle.com\/\",\"name\":\"Parier Pr\u00e9sidentielle\",\"description\":\"Paris, Pronostics, Wiki sur la Politique, les Elections Am\u00e9ricaines: Joe Biden, Donald Trump avec les Bookmakers en ligne Unibet, Bwin, Betclic, Winamax\",\"potentialAction\":[{\"@type\":\"SearchAction\",\"target\":{\"@type\":\"EntryPoint\",\"urlTemplate\":\"https:\/\/parier-presidentielle.com\/?s={search_term_string}\"},\"query-input\":\"required name=search_term_string\"}],\"inLanguage\":\"es\"}]}<\/script>\n<!-- \/ Yoast SEO Premium plugin. -->","yoast_head_json":{"title":"Betclic : Parier sur l\u2019\u00e9lection Pr\u00e9sidentielle 2022 - Finale Coupe du Monde FIFA","description":"Parier avec Betclic 100\u20ac offert pour votre 1er Pari sur la Politique, le Sport! Guide du Bookmaker pour profiter du Bonus de bienvenue...","robots":{"index":"index","follow":"follow","max-snippet":"max-snippet:-1","max-image-preview":"max-image-preview:large","max-video-preview":"max-video-preview:-1"},"canonical":"https:\/\/parier-presidentielle.com\/es\/betclic-presidencial-2022\/","og_locale":"es_ES","og_type":"article","og_title":"Betclic : Parier sur l\u2019\u00e9lection Pr\u00e9sidentielle 2022","og_description":"Parier avec Betclic 100\u20ac offert pour votre 1er Pari sur la Politique, le Sport! Guide du Bookmaker pour profiter du Bonus de bienvenue...","og_url":"https:\/\/parier-presidentielle.com\/es\/betclic-presidencial-2022\/","og_site_name":"Parier Pr\u00e9sidentielle","article_modified_time":"2022-12-16T17:12:01+00:00","og_image":[{"url":"https:\/\/parier-presidentielle.com\/wp-content\/uploads\/2021\/09\/image-4-1024x872.png"}],"twitter_card":"summary_large_image","twitter_misc":{"Tiempo de lectura":"5 minutos"},"schema":{"@context":"https:\/\/schema.org","@graph":[{"@type":"WebPage","@id":"https:\/\/parier-presidentielle.com\/betclic-presidentielle-2022\/","url":"https:\/\/parier-presidentielle.com\/betclic-presidentielle-2022\/","name":"Betclic : Parier sur l\u2019\u00e9lection Pr\u00e9sidentielle 2022 - Finale Coupe du Monde FIFA","isPartOf":{"@id":"https:\/\/parier-presidentielle.com\/#website"},"datePublished":"2021-09-14T14:33:07+00:00","dateModified":"2022-12-16T17:12:01+00:00","description":"Parier avec Betclic 100\u20ac offert pour votre 1er Pari sur la Politique, le Sport! Guide du Bookmaker pour profiter du Bonus de bienvenue...","breadcrumb":{"@id":"https:\/\/parier-presidentielle.com\/betclic-presidentielle-2022\/#breadcrumb"},"inLanguage":"es","potentialAction":[{"@type":"ReadAction","target":["https:\/\/parier-presidentielle.com\/betclic-presidentielle-2022\/"]}]},{"@type":"BreadcrumbList","@id":"https:\/\/parier-presidentielle.com\/betclic-presidentielle-2022\/#breadcrumb","itemListElement":[{"@type":"ListItem","position":1,"name":"Accueil","item":"https:\/\/parier-presidentielle.com\/"},{"@type":"ListItem","position":2,"name":"Betclic : Parier sur l\u2019\u00e9lection Pr\u00e9sidentielle 2022"}]},{"@type":"WebSite","@id":"https:\/\/parier-presidentielle.com\/#website","url":"https:\/\/parier-presidentielle.com\/","name":"Parier Pr\u00e9sidentielle","description":"Paris, Pronostics, Wiki sur la Politique, les Elections Am\u00e9ricaines: Joe Biden, Donald Trump avec les Bookmakers en ligne Unibet, Bwin, Betclic, Winamax","potentialAction":[{"@type":"SearchAction","target":{"@type":"EntryPoint","urlTemplate":"https:\/\/parier-presidentielle.com\/?s={search_term_string}"},"query-input":"required name=search_term_string"}],"inLanguage":"es"}]}},"_links":{"self":[{"href":"https:\/\/parier-presidentielle.com\/es\/wp-json\/wp\/v2\/pages\/235"}],"collection":[{"href":"https:\/\/parier-presidentielle.com\/es\/wp-json\/wp\/v2\/pages"}],"about":[{"href":"https:\/\/parier-presidentielle.com\/es\/wp-json\/wp\/v2\/types\/page"}],"author":[{"embeddable":true,"href":"https:\/\/parier-presidentielle.com\/es\/wp-json\/wp\/v2\/users\/1"}],"replies":[{"embeddable":true,"href":"https:\/\/parier-presidentielle.com\/es\/wp-json\/wp\/v2\/comments?post=235"}],"version-history":[{"count":39,"href":"https:\/\/parier-presidentielle.com\/es\/wp-json\/wp\/v2\/pages\/235\/revisions"}],"predecessor-version":[{"id":1825,"href":"https:\/\/parier-presidentielle.com\/es\/wp-json\/wp\/v2\/pages\/235\/revisions\/1825"}],"wp:attachment":[{"href":"https:\/\/parier-presidentielle.com\/es\/wp-json\/wp\/v2\/media?parent=235"}],"curies":[{"name":"wp","href":"https:\/\/api.w.org\/{rel}","templated":true}]}}