{"id":24,"date":"2021-08-31T11:54:03","date_gmt":"2021-08-31T09:54:03","guid":{"rendered":"http:\/\/parier-presidentielle.com\/?page_id=24"},"modified":"2023-09-12T23:05:44","modified_gmt":"2023-09-12T21:05:44","slug":"parier-sur-lelection-presidentielle-de-2022-politique-paris","status":"publish","type":"page","link":"https:\/\/parier-presidentielle.com\/es\/","title":{"rendered":"Apuesta en Pol\u00edtica y Elecciones con las mejores casas de apuestas: Unibet, Bwin"},"content":{"rendered":"<div class=\"wp-block-group is-layout-flow wp-block-group-is-layout-flow\"><div class=\"wp-block-group__inner-container\">\n<div class=\"wp-block-columns is-layout-flex wp-container-3 wp-block-columns-is-layout-flex\">\n<div class=\"wp-block-column is-layout-flow wp-block-column-is-layout-flow\" style=\"flex-basis:100%\">\n<div class=\"wp-block-group alignwide is-layout-flow wp-block-group-is-layout-flow\"><div class=\"wp-block-group__inner-container\">\n<div class=\"wp-block-media-text alignwide is-stacked-on-mobile is-vertically-aligned-top\" style=\"grid-template-columns:35% auto\"><figure class=\"wp-block-media-text__media\"><img decoding=\"async\" loading=\"lazy\" width=\"1024\" height=\"711\" src=\"https:\/\/parier-presidentielle.com\/wp-content\/uploads\/2022\/12\/biden-vs-trump-1024x711.jpeg\" alt=\"\" class=\"wp-image-1865 size-full\" srcset=\"https:\/\/parier-presidentielle.com\/wp-content\/uploads\/2022\/12\/biden-vs-trump-1024x711.jpeg 1024w, https:\/\/parier-presidentielle.com\/wp-content\/uploads\/2022\/12\/biden-vs-trump-300x208.jpeg 300w, https:\/\/parier-presidentielle.com\/wp-content\/uploads\/2022\/12\/biden-vs-trump-768x533.jpeg 768w, https:\/\/parier-presidentielle.com\/wp-content\/uploads\/2022\/12\/biden-vs-trump-1536x1066.jpeg 1536w, https:\/\/parier-presidentielle.com\/wp-content\/uploads\/2022\/12\/biden-vs-trump-2048x1422.jpeg 2048w, https:\/\/parier-presidentielle.com\/wp-content\/uploads\/2022\/12\/biden-vs-trump-18x12.jpeg 18w\" sizes=\"(max-width: 1024px) 100vw, 1024px\" \/><\/figure><div class=\"wp-block-media-text__content\">\n<p style=\"font-size:18px\"><strong>Bet Presidential es el sitio de referencia para guiarlo durante su primera apuesta con las casas de apuestas: Unibet, Betclic, Bwin... sobre Pol\u00edtica y las elecciones presidenciales francesas, estadounidenses e internacionales.<\/strong>.<br><br><strong>Gu\u00eda y Bonos para Apostar por el Futuro Presidente de Estados Unidos y Ganador de la Segunda Vuelta: Joe Biden<\/strong> <strong>\u00a1Macron o Donald Trump!<\/strong><\/p>\n<\/div><\/div>\n<\/div><\/div>\n<\/div>\n<\/div>\n<\/div><\/div>\n\n\n\n<div class=\"wp-block-group is-layout-flow wp-block-group-is-layout-flow\"><div class=\"wp-block-group__inner-container\">\n<div class=\"wp-block-columns is-layout-flex wp-container-8 wp-block-columns-is-layout-flex\">\n<div class=\"wp-block-column is-layout-flow wp-block-column-is-layout-flow\" style=\"flex-basis:100%\">\n<div class=\"wp-block-columns is-layout-flex wp-container-6 wp-block-columns-is-layout-flex\">\n<div class=\"wp-block-column is-layout-flow wp-block-column-is-layout-flow\" style=\"flex-basis:100%\">\n<center><script type=\"text\/javascript\" charset=\"utf-8\" src=\"https:\/\/www.gambling-affiliation.com\/cpm\/v=AmIMTDSs92QY6b0MzDMvM5laCjJ-ZlA-1oQ-7tKsi.w_GA7331V2\"><\/script><\/center>\n\n\n\n<p><\/p>\n\n\n\n<div class=\"wp-block-image is-style-default\"><figure class=\"aligncenter size-medium\"><a href=\"https:\/\/parier-presidentielle.com\/es\/recommends\/unibet-logo\/\" target=\"_blank\" rel=\"no follow noopener\"><img decoding=\"async\" loading=\"lazy\" width=\"300\" height=\"169\" src=\"https:\/\/parier-presidentielle.com\/wp-content\/uploads\/2022\/04\/unibet-300x169.jpg\" alt=\"\" class=\"wp-image-1252\" srcset=\"https:\/\/parier-presidentielle.com\/wp-content\/uploads\/2022\/04\/unibet-300x169.jpg 300w, https:\/\/parier-presidentielle.com\/wp-content\/uploads\/2022\/04\/unibet-1024x576.jpg 1024w, https:\/\/parier-presidentielle.com\/wp-content\/uploads\/2022\/04\/unibet-768x432.jpg 768w, https:\/\/parier-presidentielle.com\/wp-content\/uploads\/2022\/04\/unibet-18x10.jpg 18w, https:\/\/parier-presidentielle.com\/wp-content\/uploads\/2022\/04\/unibet.jpg 1280w\" sizes=\"(max-width: 300px) 100vw, 300px\" \/><\/a><\/figure><\/div>\n<\/div>\n<\/div>\n<\/div>\n<\/div>\n\n\n\n<h2 class=\"wp-block-heading\"><span id=\"guide-et-bonus-pour-parier-sur-le-futur-president-des-etats-unis-joe-biden-ou-donald-trump\">Gu\u00eda y bono para apostar por el futuro presidente de Estados Unidos: Joe Biden o Donald Trump <\/span><\/h2>\n\n\n\n<p>La elecci\u00f3n presidencial en los Estados Unidos atrae la atenci\u00f3n mundial, ya que la elecci\u00f3n del pr\u00f3ximo presidente es un evento importante que puede tener un impacto significativo en el futuro del pa\u00eds. En 2020 es <strong>Joe Biden<\/strong> quien fue elegido presidente, terminando la era <strong>triunfo<\/strong> y traer nueva vida a la pol\u00edtica estadounidense. Sin embargo, esto no significa que las casas de apuestas no tengan cuotas para las pr\u00f3ximas elecciones presidenciales, especialmente las de 2024. Muchos sitios de apuestas online, como Unibet, Betclic y Bwin, ofrecen cuotas sobre los distintos candidatos a la presidencia, incluso sobre Joe. Biden y Donald Trump.<\/p>\n\n\n\n<h2 class=\"wp-block-heading\"><span id=\"voici-donc-un-guide-pour-vous-aider-a-parier-sur-le-futur-president-des-etats-unis\">As\u00ed que aqu\u00ed tienes una gu\u00eda para ayudarte a apostar por el futuro presidente de los Estados Unidos:<\/span><\/h2>\n\n\n\n<p><strong>Conoce los diferentes candidatos y sus pol\u00edticas<\/strong> Es importante conocer los diferentes candidatos y sus pol\u00edticas antes de tomar una decisi\u00f3n de apuesta. Esto le permitir\u00e1 comprender mejor sus posiciones sobre temas clave y si se alinean con sus propios valores y creencias. <strong>Consulta las cuotas que ofrecen las casas de apuestas<\/strong> Los corredores de apuestas suelen ofrecer cuotas sobre los distintos candidatos presidenciales. Estas probabilidades indican la probabilidad de que cada candidato gane las elecciones y se basan en encuestas, an\u00e1lisis pol\u00edticos y el estado de la econom\u00eda, as\u00ed como otros factores que pueden influir en el resultado final. <strong>Apuesta responsablemente<\/strong> Es importante recordar que apostar en las elecciones presidenciales puede ser riesgoso y siempre debes apostar de manera responsable. Aseg\u00farate de apostar solo lo que puedes permitirte perder y respeta los l\u00edmites de apuesta establecidos por cada casa de apuestas. <strong>Seguir eventos pol\u00edticos y encuestas<\/strong> Es importante mantenerse informado de los \u00faltimos desarrollos y seguir los eventos pol\u00edticos y las encuestas para tomar<\/p>\n\n\n\n<ul><li><a href=\"https:\/\/thcp.wiki\/es\/noticias-thcp\/justicia-verde-del-thcv-y-perdon-del-cannabis\/\">La justicia verde del THCV y la p\u00e9rdida del cannabis<\/a><\/li><li><a href=\"https:\/\/thcp.wiki\/es\/noticias-thcp\/las-maravillas-ocultas-del-cannabis-thcp-thcv\/\">Fuentes ocultas de cannabis: THCP, THCV<\/a><\/li><li><a href=\"https:\/\/thcp.wiki\/es\/noticias-thcp\/thcp-thcv-los-beneficios-ocultos-detras-de-la-reforma-del-cannabis\/\">THCP, THCV: Los beneficios ocultos de la reforma del cannabis<\/a><\/li><\/ul>\n\n\n\n<p>Por lo tanto, apostar con la casa de apuestas adecuada (Bwin, Unibet, Betclic...) por el futuro presidente puede dar grandes frutos porque las encuestas o las opiniones pol\u00edticas a menudo resultan enga\u00f1osas. Entonces, para apostar bien y ganar, encuentre nuestros archivos gratuitos en nuestro sitio exclusivo para la elecci\u00f3n presidencial.  <\/p>\n\n\n\n<h3 class=\"wp-block-heading\"><span id=\"les-specificite-du-paris-politique\">Las especificidades del Par\u00eds pol\u00edtico<\/span><\/h3>\n\n\n\n<p>El primer paso es entender c\u00f3mo funcionan las apuestas. Las apuestas m\u00e1s comunes son sobre qu\u00e9 candidatos tienen m\u00e1s posibilidades de ganar las elecciones. Puedes apostar al candidato favorito (el que crees que ganar\u00e1) o al desvalido (el que no es el favorito).<\/p>\n\n\n\n<p>Si apuesta por el favorito, recibir\u00e1 una peque\u00f1a suma de dinero si gana, porque es muy probable que este candidato resulte elegido. Si apuesta por un desvalido, recibir\u00e1 m\u00e1s dinero si gana, ya que esta posibilidad es menos probable. \u00a1Buenas noticias, Unibet ofrece reembolsarle hasta 150 \u20ac por su primera apuesta para que su riesgo siga siendo limitado!<\/p>\n\n\n\n<h2 class=\"wp-block-heading\" id=\"fdquelle-est-le-meilleur-site-de-paris-en-ligne-bookmaker-pour-la-politique\"><span id=\"quelle-est-le-meilleur-site-de-paris-en-ligne-bookmaker-pour-la-politique\">\u00bfCu\u00e1l es el mejor sitio para apostar\/ casas de apuestas en l\u00ednea para la pol\u00edtica?<\/span><\/h2>\n\n\n\n<p><\/p>\n\n\n\n<p>Al igual que las apuestas deportivas, ahora es posible apostar en pol\u00edtica, \u00a1especialmente las casas de apuestas ofrecen cuotas interesantes para atraer nuevos jugadores y apostadores!  <br>Elige entre las diferentes casas de apuestas para apostar por el futuro presidente de Francia en 2022: <\/p>\n\n\n\n<ul>\n<li><mark style=\"background-color:rgba(0, 0, 0, 0);color:#0d7a12\" class=\"has-inline-color\"><strong>Unibet: Las mejores Cuotas y Bonos la casa de apuestas que recomendamos<\/strong><\/mark>!<\/li>\n\n\n\n<li>Bwin: el sitio de apuestas m\u00e1s antiguo<\/li>\n\n\n\n<li>Betclic: El retador<\/li>\n\n\n\n<li>NetBet: el chico nuevo en el bloque<\/li>\n\n\n\n<li>Winamax: La referencia en Poker<\/li>\n\n\n\n<li>1xBit: el Original el \u00fanico que ofrece jugar y ganar en Bitcoin<\/li>\n\n\n\n<li><a href=\"https:\/\/wikihhc.com\/\">HHC <\/a>: la wiki de referencia de HHC<\/li>\n<\/ul>\n\n\n\n<h2 class=\"wp-block-heading\" id=\"comment-realiser-son-premier-paris-en-ligne\"><span id=\"comment-realiser-son-premier-paris-en-ligne\">\u00bfC\u00f3mo hacer tu primera apuesta en linea?<\/span><\/h2>\n\n\n\n<p>Encuentra nuestra gu\u00eda gratuita para iniciarte en las apuestas online paso a paso y con los mejores sitios y aplicaciones de casas de apuestas online. Todas las costas y nuestros pron\u00f3sticos para la carrera del El\u00edseo.<\/p>\n\n\n\n<p class=\"has-text-align-center unibet\" style=\"font-size:25px\"><mark style=\"background-color:rgba(0, 0, 0, 0);color:#0d7a12\" class=\"has-inline-color\"><strong><a href=\"https:\/\/parier-presidentielle.com\/es\/recommends\/unibet-text\/\">Bono de 100 \u20ac ofrecido con Unibet <br>Para su primera apuesta en l\u00ednea: Haga clic aqu\u00ed<\/a><\/strong><\/mark><\/p>\n\n\n\n<h2 class=\"wp-block-heading\" id=\"les-candidats-2022-a-la-presidentielle\"><span id=\"les-candidats-2022-a-la-presidentielle\">Los candidatos presidenciales de 2022<\/span><\/h2>\n\n\n\n<p>\u00a1La segunda ronda tendr\u00e1 lugar el domingo 24 de abril de 2022 despu\u00e9s de la sorprendente primera ronda del 10 de abril! <br>Las encuestas cambian la situaci\u00f3n cada semana seg\u00fan los acontecimientos actuales y otros giros y vueltas, como la guerra en Ucrania, que ha cambiado las cuotas de Macron entre las casas de apuestas. Encuentra todos los pron\u00f3sticos y cuotas de las casas de apuestas Bwin, Unibet, Betclic gratis para apostar en l\u00ednea. el futuro ganador de las elecciones presidenciales de 2022 sobre los finalistas de la segunda vuelta:<br>Emmanuel Macron (La Rep\u00fablica en Marcha), Marine Le Pen (Agrupaci\u00f3n Nacional)<\/p>\n\n\n\n<p>Adem\u00e1s de las instrucciones de voto para los candidatos perdedores y otros pol\u00edticos: Val\u00e9rie P\u00e9cresse (Les R\u00e9publicains), Anne Hidalgo (Partido Socialista), Jean-Luc M\u00e9lenchon (La France insoumise), Yannick Jadot (Europe-\u00c9cologie-Les Verts) y el candidatos externos:<br>Christiane Taubira, \u00c9douard Philippe, Nicolas Dupont-Aignan, Nicolas Sarkozy, Benoit Hamon, Fran\u00e7ois Fillon, S\u00e9gol\u00e8ne Royal, Fran\u00e7ois Asselineau (UPR), Fran\u00e7ois Hollande y el periodista Eric Zemmour.<\/p>\n\n\n\n<p>\u00bfQu\u00e9 piensan los pol\u00edticos sobre el cannabis? : <a href=\"https:\/\/thcv.wiki\/\">thcv<\/a>, <a href=\"https:\/\/h4cbd.wiki\/\">H4CBD<\/a>, <a href=\"https:\/\/h4cbd.wiki\/\">THCP<\/a>&#8230;<\/p>\n\n\n\n<ul><li><a href=\"https:\/\/wiki-cannabis.com\/es\/noticias\/descubre-los-secretos-del-cannabis-hhc-h4cbd-thcp-hhcp-o\/\">Descubre los secretos del cannabis: HHC, H4CBD, THCP, HHCP-O<\/a><\/li><li><a href=\"https:\/\/wiki-cannabis.com\/es\/noticias\/descubrimiento-del-cbd-una-revolucion-verde-en-el-imperio-de-la-marihuana\/\">Descubriendo H4CBD, THCP, HHC: una revoluci\u00f3n verde en la industria de la marihuana<\/a><\/li><li><a href=\"https:\/\/wiki-cannabis.com\/es\/noticias\/cannabis-y-nuevo-cbd-h4cbd-thcp-hhc\/\">Cannabis y nuevo CBD: H4CBD, THCP, HHC<\/a><\/li><\/ul>\n\n\n\n<h2 class=\"wp-block-heading\"><span id=\"les-dossiers-de-parier-presidentiellecom\"><br>Los archivos de Parier-Pr\u00e9sidentielle.com<\/span><\/h2>\n\n\n\n<h2 class=\"wp-block-heading\"><span id=\"i\"> <\/span><\/h2>\n\n\n\n<h3 class=\"wp-block-heading\"><span id=\"selection-des-meilleurs-bookmakers\">Selecci\u00f3n de las mejores casas de apuestas<\/span><\/h3>\n\n\n\n<ul>\n<li><strong><a href=\"https:\/\/parier-presidentielle.com\/es\/unibet-politica-eleccion-2022\/\">Unibet: apuestas en l\u00ednea para las elecciones presidenciales<\/a><\/strong><\/li>\n\n\n\n<li><a href=\"https:\/\/parier-presidentielle.com\/es\/bwin-politica-eleccion-2022\/\"><strong>Bwin <\/strong>: Casa de apuestas para apostar en las elecciones presidenciales de 2022<\/a>\n<ul>\n<li><a href=\"https:\/\/parier-presidentielle.com\/es\/bwin-apuestas-en-politica\/\">Bwin: apostando a la pol\u00edtica<\/a><\/li>\n<\/ul>\n<\/li>\n\n\n\n<li><a href=\"https:\/\/parier-presidentielle.com\/es\/betclic-presidencial-2022\/\">Betclic: Apuesta en las elecciones presidenciales de 2022<\/a><\/li>\n\n\n\n<li><a href=\"https:\/\/parier-presidentielle.com\/es\/netbet-apuesta-politica-eleccion-2022\/\">NetBet: casa de apuestas<\/a><\/li>\n\n\n\n<li><a href=\"https:\/\/parier-presidentielle.com\/es\/1xbit-politica\/\">1xBit: Juega en Criptomoneda<\/a><\/li>\n\n\n\n<li>Betway<\/li>\n<\/ul>\n\n\n\n<h3 class=\"wp-block-heading\"><span id=\"comparatif-des-site-de-paris\">Comparaci\u00f3n de sitios de apuestas<\/span><\/h3>\n\n\n\n<ul>\n<li><a href=\"https:\/\/parier-presidentielle.com\/es\/casa-de-apuestas-eleccion-politique-2022\/\">Casa de apuestas: \u00bfCu\u00e1l es la mejor apuesta para la pol\u00edtica y las elecciones presidenciales de 2022?<\/a><\/li>\n\n\n\n<li><a href=\"https:\/\/parier-presidentielle.com\/es\/casa-de-apuesta-macron-le-pen\/\">Las cuotas de las casas de apuestas para la final pol\u00edtica del partido Macron \u2013 Le Pen<\/a><\/li>\n<\/ul>\n\n\n\n<h3 class=\"wp-block-heading\"><span id=\"les-candidats-toutes-les-cotes-sondages-et-nos-pronotics\">Los Candidatos: todas las cuotas, encuestas y nuestras predicciones<\/span><\/h3>\n\n\n\n<ul>\n<li><a href=\"https:\/\/parier-presidentielle.com\/es\/macron-eleccion\/\">Emmanuel Macron el favorito de las elecciones<\/a><\/li>\n\n\n\n<li><a href=\"https:\/\/parier-presidentielle.com\/es\/marine-le-pen-eleccion\/\">Par\u00eds sobre la elecci\u00f3n de Marine Le Pen<\/a><\/li>\n\n\n\n<li><a href=\"https:\/\/parier-presidentielle.com\/es\/macron-le-pen-casa-de-apuestas\/\">Macron \u2013 Le Pen: las casas de apuestas dan sus cuotas<\/a><\/li>\n\n\n\n<li><a href=\"https:\/\/parier-presidentielle.com\/es\/mapa\/\">plano del sitio<\/a><\/li>\n<\/ul>\n<\/div><\/div>\n\n\n\n<p class=\"has-text-align-center\" style=\"font-size:25px\"><\/p>\n\n\n\n\n<div class=\"wp-block-image\">\n<figure class=\"aligncenter size-large is-resized wp-duotone-000097-ff4747-10\"><img decoding=\"async\" loading=\"lazy\" src=\"https:\/\/parier-presidentielle.com\/wp-content\/uploads\/2021\/09\/election-standard-scale-4_00x-gigapixel-1024x623.jpg\" alt=\"\" class=\"wp-image-188\" style=\"width:256px;height:156px\" width=\"256\" height=\"156\" srcset=\"https:\/\/parier-presidentielle.com\/wp-content\/uploads\/2021\/09\/election-standard-scale-4_00x-gigapixel-1024x623.jpg 1024w, https:\/\/parier-presidentielle.com\/wp-content\/uploads\/2021\/09\/election-standard-scale-4_00x-gigapixel-300x182.jpg 300w, https:\/\/parier-presidentielle.com\/wp-content\/uploads\/2021\/09\/election-standard-scale-4_00x-gigapixel-768x467.jpg 768w, https:\/\/parier-presidentielle.com\/wp-content\/uploads\/2021\/09\/election-standard-scale-4_00x-gigapixel-1536x934.jpg 1536w, https:\/\/parier-presidentielle.com\/wp-content\/uploads\/2021\/09\/election-standard-scale-4_00x-gigapixel-2048x1245.jpg 2048w\" sizes=\"(max-width: 256px) 100vw, 256px\" \/><\/figure><\/div><div id=\"toc_container\" class=\"no_bullets\"><p class=\"toc_title\">Indice<\/p><ul class=\"toc_list\"><li><\/li><li><ul><li><\/li><\/ul><\/li><li><\/li><li><\/li><li><\/li><li><\/li><li><ul><li><\/li><li><\/li><li><\/li><\/ul><\/li><\/ul><\/div>","protected":false},"excerpt":{"rendered":"<p>Bet Presidential es el sitio de referencia para guiarlo durante su primera apuesta con las casas de apuestas: Unibet, Betclic, Bwin... sobre Pol\u00edtica y las elecciones presidenciales francesas, estadounidenses e internacionales. Gu\u00eda y bono para Apostar por el Futuro Presidente de los Estados Unidos y Ganador de la Segunda Vuelta: Joe Biden Macron o Donald...<\/p>","protected":false},"author":1,"featured_media":0,"parent":0,"menu_order":0,"comment_status":"closed","ping_status":"closed","template":"page-nosidebar.php","meta":{"footnotes":""},"yoast_head":"<!-- This site is optimized with the Yoast SEO Premium plugin v21.0 (Yoast SEO v21.0) - https:\/\/yoast.com\/wordpress\/plugins\/seo\/ -->\n<title>Parier Politique &amp; Elections : Cotes &amp; Bonus des Bookmakers<\/title>\n<meta name=\"description\" content=\"Pariez sur toutes les \u00e9lections Am\u00e9ricaines, Fran\u00e7aises : Guide des Bookmakers, Pronostics, 100\u20ac de Bonus Exclusif offert ici !\" \/>\n<meta name=\"robots\" content=\"index, follow, max-snippet:-1, max-image-preview:large, max-video-preview:-1\" \/>\n<link rel=\"canonical\" href=\"https:\/\/parier-presidentielle.com\/es\/\" \/>\n<meta property=\"og:locale\" content=\"es_ES\" \/>\n<meta property=\"og:type\" content=\"article\" \/>\n<meta property=\"og:title\" content=\"Parier sur la Politique et les Elections avec les meilleurs Bookmakers : Unibet, Bwin\" \/>\n<meta property=\"og:description\" content=\"Pariez sur toutes les \u00e9lections Am\u00e9ricaines, Fran\u00e7aises : Guide des Bookmakers, Pronostics, 100\u20ac de Bonus Exclusif offert ici !\" \/>\n<meta property=\"og:url\" content=\"https:\/\/parier-presidentielle.com\/es\/\" \/>\n<meta property=\"og:site_name\" content=\"Parier Pr\u00e9sidentielle\" \/>\n<meta property=\"article:modified_time\" content=\"2023-09-12T21:05:44+00:00\" \/>\n<meta property=\"og:image\" content=\"https:\/\/parier-presidentielle.com\/wp-content\/uploads\/2022\/12\/biden-vs-trump-1024x711.jpeg\" \/>\n<meta name=\"twitter:card\" content=\"summary_large_image\" \/>\n<meta name=\"twitter:label1\" content=\"Tiempo de lectura\" \/>\n\t<meta name=\"twitter:data1\" content=\"6 minutos\" \/>\n<script type=\"application\/ld+json\" class=\"yoast-schema-graph\">{\"@context\":\"https:\/\/schema.org\",\"@graph\":[{\"@type\":\"WebPage\",\"@id\":\"https:\/\/parier-presidentielle.com\/\",\"url\":\"https:\/\/parier-presidentielle.com\/\",\"name\":\"Parier Politique & Elections : Cotes & Bonus des Bookmakers\",\"isPartOf\":{\"@id\":\"https:\/\/parier-presidentielle.com\/#website\"},\"datePublished\":\"2021-08-31T09:54:03+00:00\",\"dateModified\":\"2023-09-12T21:05:44+00:00\",\"description\":\"Pariez sur toutes les \u00e9lections Am\u00e9ricaines, Fran\u00e7aises : Guide des Bookmakers, Pronostics, 100\u20ac de Bonus Exclusif offert ici !\",\"breadcrumb\":{\"@id\":\"https:\/\/parier-presidentielle.com\/#breadcrumb\"},\"inLanguage\":\"es\",\"potentialAction\":[{\"@type\":\"ReadAction\",\"target\":[\"https:\/\/parier-presidentielle.com\/\"]}]},{\"@type\":\"BreadcrumbList\",\"@id\":\"https:\/\/parier-presidentielle.com\/#breadcrumb\",\"itemListElement\":[{\"@type\":\"ListItem\",\"position\":1,\"name\":\"Accueil\",\"item\":\"https:\/\/parier-presidentielle.com\/\"},{\"@type\":\"ListItem\",\"position\":2,\"name\":\"Parier sur la Politique et les Elections avec les meilleurs Bookmakers : Unibet, Bwin\"}]},{\"@type\":\"WebSite\",\"@id\":\"https:\/\/parier-presidentielle.com\/#website\",\"url\":\"https:\/\/parier-presidentielle.com\/\",\"name\":\"Parier Pr\u00e9sidentielle\",\"description\":\"Paris, Pronostics, Wiki sur la Politique, les Elections Am\u00e9ricaines: Joe Biden, Donald Trump avec les Bookmakers en ligne Unibet, Bwin, Betclic, Winamax\",\"potentialAction\":[{\"@type\":\"SearchAction\",\"target\":{\"@type\":\"EntryPoint\",\"urlTemplate\":\"https:\/\/parier-presidentielle.com\/?s={search_term_string}\"},\"query-input\":\"required name=search_term_string\"}],\"inLanguage\":\"es\"}]}<\/script>\n<!-- \/ Yoast SEO Premium plugin. -->","yoast_head_json":{"title":"Parier Politique & Elections : Cotes & Bonus des Bookmakers","description":"Pariez sur toutes les \u00e9lections Am\u00e9ricaines, Fran\u00e7aises : Guide des Bookmakers, Pronostics, 100\u20ac de Bonus Exclusif offert ici !","robots":{"index":"index","follow":"follow","max-snippet":"max-snippet:-1","max-image-preview":"max-image-preview:large","max-video-preview":"max-video-preview:-1"},"canonical":"https:\/\/parier-presidentielle.com\/es\/","og_locale":"es_ES","og_type":"article","og_title":"Parier sur la Politique et les Elections avec les meilleurs Bookmakers : Unibet, Bwin","og_description":"Pariez sur toutes les \u00e9lections Am\u00e9ricaines, Fran\u00e7aises : Guide des Bookmakers, Pronostics, 100\u20ac de Bonus Exclusif offert ici !","og_url":"https:\/\/parier-presidentielle.com\/es\/","og_site_name":"Parier Pr\u00e9sidentielle","article_modified_time":"2023-09-12T21:05:44+00:00","og_image":[{"url":"https:\/\/parier-presidentielle.com\/wp-content\/uploads\/2022\/12\/biden-vs-trump-1024x711.jpeg"}],"twitter_card":"summary_large_image","twitter_misc":{"Tiempo de lectura":"6 minutos"},"schema":{"@context":"https:\/\/schema.org","@graph":[{"@type":"WebPage","@id":"https:\/\/parier-presidentielle.com\/","url":"https:\/\/parier-presidentielle.com\/","name":"Parier Politique & Elections : Cotes & Bonus des Bookmakers","isPartOf":{"@id":"https:\/\/parier-presidentielle.com\/#website"},"datePublished":"2021-08-31T09:54:03+00:00","dateModified":"2023-09-12T21:05:44+00:00","description":"Pariez sur toutes les \u00e9lections Am\u00e9ricaines, Fran\u00e7aises : Guide des Bookmakers, Pronostics, 100\u20ac de Bonus Exclusif offert ici !","breadcrumb":{"@id":"https:\/\/parier-presidentielle.com\/#breadcrumb"},"inLanguage":"es","potentialAction":[{"@type":"ReadAction","target":["https:\/\/parier-presidentielle.com\/"]}]},{"@type":"BreadcrumbList","@id":"https:\/\/parier-presidentielle.com\/#breadcrumb","itemListElement":[{"@type":"ListItem","position":1,"name":"Accueil","item":"https:\/\/parier-presidentielle.com\/"},{"@type":"ListItem","position":2,"name":"Parier sur la Politique et les Elections avec les meilleurs Bookmakers : Unibet, Bwin"}]},{"@type":"WebSite","@id":"https:\/\/parier-presidentielle.com\/#website","url":"https:\/\/parier-presidentielle.com\/","name":"Parier Pr\u00e9sidentielle","description":"Paris, Pronostics, Wiki sur la Politique, les Elections Am\u00e9ricaines: Joe Biden, Donald Trump avec les Bookmakers en ligne Unibet, Bwin, Betclic, Winamax","potentialAction":[{"@type":"SearchAction","target":{"@type":"EntryPoint","urlTemplate":"https:\/\/parier-presidentielle.com\/?s={search_term_string}"},"query-input":"required name=search_term_string"}],"inLanguage":"es"}]}},"_links":{"self":[{"href":"https:\/\/parier-presidentielle.com\/es\/wp-json\/wp\/v2\/pages\/24"}],"collection":[{"href":"https:\/\/parier-presidentielle.com\/es\/wp-json\/wp\/v2\/pages"}],"about":[{"href":"https:\/\/parier-presidentielle.com\/es\/wp-json\/wp\/v2\/types\/page"}],"author":[{"embeddable":true,"href":"https:\/\/parier-presidentielle.com\/es\/wp-json\/wp\/v2\/users\/1"}],"replies":[{"embeddable":true,"href":"https:\/\/parier-presidentielle.com\/es\/wp-json\/wp\/v2\/comments?post=24"}],"version-history":[{"count":194,"href":"https:\/\/parier-presidentielle.com\/es\/wp-json\/wp\/v2\/pages\/24\/revisions"}],"predecessor-version":[{"id":2483,"href":"https:\/\/parier-presidentielle.com\/es\/wp-json\/wp\/v2\/pages\/24\/revisions\/2483"}],"wp:attachment":[{"href":"https:\/\/parier-presidentielle.com\/es\/wp-json\/wp\/v2\/media?parent=24"}],"curies":[{"name":"wp","href":"https:\/\/api.w.org\/{rel}","templated":true}]}}