{"id":255,"date":"2021-09-14T16:48:34","date_gmt":"2021-09-14T14:48:34","guid":{"rendered":"https:\/\/parier-presidentielle.com\/?page_id=255"},"modified":"2022-04-14T15:41:15","modified_gmt":"2022-04-14T13:41:15","slug":"netbet-paris-politique-election-2022","status":"publish","type":"page","link":"https:\/\/parier-presidentielle.com\/es\/netbet-apuesta-politica-eleccion-2022\/","title":{"rendered":"NetBet: Apostando a la pol\u00edtica y las elecciones presidenciales de 2022"},"content":{"rendered":"<p> <\/p>\n\n\n\n<a href=\"https:\/\/banners.livepartners.com\/click.php?z=151480\" target=\"_blank\" rel=\"noopener\"><img decoding=\"async\" loading=\"lazy\" src=\"https:\/\/banners.livepartners.com\/view.php?z=151480\" border=\"0\" width=\"728\" height=\"90\"><\/a>\n\n\n\n\n\n<h2 class=\"wp-block-heading\" id=\"quelle-est-l-offre-du-bookmaker-netbet-2022\"><span id=\"quelle-est-l8217offre-du-bookmaker-netbet-2022\">\u00bfQu\u00e9 es la oferta de NetBet Bookmaker 2022?<\/span><\/h2>\n\n\n\n<p class=\"has-text-align-left\">\u00a1Netbet ofrece actualmente el mejor bono por apostar 100 \u20ac en l\u00ednea!<br>Para acceder a este bono, simplemente vaya a trav\u00e9s de nuestro enlace de socio:<\/p>\n\n\n\n<h2 class=\"has-text-align-center wp-block-heading\" id=\"100-offerts-sur-votre-1er-pari-cliquez-ici\"><span id=\"100e-offerts-sur-votre-1er-pari-cliquez-ici\"><br><a href=\"https:\/\/banners.livepartners.com\/click.php?z=151505\" target=\"_blank\" rel=\"noreferrer noopener nofollow\">\u00a1100 \u20ac ofrecidos en tu primera apuesta! Haga clic aqu\u00ed<\/a><\/span><\/h2>\n\n\n\n<h3 class=\"wp-block-heading\"><span id=\"i\"><br><\/span><\/h3>\n\n\n\n<h2 class=\"wp-block-heading\" id=\"netbet\"><span id=\"netbet\">NetBet<\/span><\/h2>\n\n\n\n<p><br>NetBet es un operador de juegos en l\u00ednea propiedad de NetBet Enterprises Ltd. La plataforma ofrece apuestas deportivas en vivo y en vivo, apuestas en partidos virtuales y loter\u00edas internacionales, casino en l\u00ednea, p\u00f3quer en l\u00ednea y plataforma de casino en vivo. La empresa opera en varios mercados, incluidos Rumania, Reino Unido, Alemania, Irlanda y Sudam\u00e9rica, Jap\u00f3n y muchos otros. NetBet est\u00e1 disponible en ingl\u00e9s, alem\u00e1n, japon\u00e9s, espa\u00f1ol, italiano, franc\u00e9s, griego, rumano, portugu\u00e9s y finland\u00e9s. NetBet tiene su sede en Malta y oficinas en el Reino Unido, Francia, Rumania y Estados Unidos. Actualmente cuenta con alrededor de 500 empleados.<\/p>\n\n\n\n<p>NetBet tiene una licencia europea en Malta desde 2006. NetBet tiene licencia de la Comisi\u00f3n de Juego del Reino Unido 3637 y tiene licencia en Irlanda, Nigeria, M\u00e9xico y Grecia. Los casinos en l\u00ednea en Italia y Francia tambi\u00e9n operan bajo la marca NetBet Enterprises. NetBet tambi\u00e9n obtuvo una licencia para operar en Rumania en 2015, convirti\u00e9ndose en uno de los 3 primeros sitios en ofrecer juegos de azar en l\u00ednea en Rumania.<\/p>\n\n\n\n<p>NetBet Sport ofrece apuestas deportivas en l\u00ednea antes y en vivo. Los jugadores tambi\u00e9n tienen la capacidad de realizar apuestas en eSports para ciertos mercados especiales que cubren pol\u00edtica y premios para pel\u00edculas y televisi\u00f3n. Para garantizar resultados 100% precisos y aleatorios para todos los juegos, NetBet utiliza por separado dos generadores de n\u00fameros aleatorios: el generador ISAAC y un generador de ruido. As\u00ed, en 2018, el coeficiente de retorno de RTP al jugador fue de 96,65 %.<\/p>\n\n\n\n<p><\/p>\n\n\n\n<h2 class=\"wp-block-heading\" id=\"histoire-du-bookmaker\"><span id=\"histoire-du-bookmaker\">Historia de la casa de apuestas<\/span><\/h2>\n\n\n\n<p><br>Cosmo Gaming se estableci\u00f3 en julio de 2006 y comenz\u00f3 a operar en julio de 2007. Cambi\u00f3 su nombre de Cosmo Gaming Company a NetBet Enterprises Limited en marzo de 2017. En agosto de 2013, el proveedor de juegos iSoftBet firm\u00f3 un acuerdo exclusivo con SBTech para brindar servicios de apuestas deportivas en vivo en el sitio web NetBet.<\/p>\n\n\n\n<p>Durante la Eurocopa 2016, NetBet lanz\u00f3 el Campeonato Multicultural. El mismo a\u00f1o, NetBet firm\u00f3 un contrato de seis a\u00f1os con el proveedor de juegos Playtech. Este contrato prev\u00e9 la distribuci\u00f3n de contenido exclusivo de Playtech en la plataforma NetBet.<\/p>\n\n\n\n<p>Durante la Copa del Mundo de 2018, NetBet Sport lanz\u00f3 una nueva incorporaci\u00f3n a la serie &quot;Multicultural&quot; bajo el nombre de Copa Multicultural.<\/p>\n\n\n\n<p>En 2018, Iron Dog Studio lanz\u00f3 todo su conjunto de juegos en NetBet Casino a trav\u00e9s de una integraci\u00f3n facilitada por el proveedor de NetBet iSoftBet.<\/p>\n\n\n\n<p>En 2019, NetBet public\u00f3 un mapa interactivo que rastrea todas las pel\u00edculas y an\u00e9cdotas relacionadas con el personaje de James Bond.<\/p>\n\n\n\n<p>En 2020, NetBet public\u00f3 un estudio realizado por Blue Claw sobre las posibles multas a las que podr\u00edan enfrentarse los fabricantes de autom\u00f3viles si no cumplen los objetivos de carbono establecidos por la Uni\u00f3n Europea para 2021.<br><\/p>\n\n\n\n<h3 class=\"wp-block-heading\" id=\"les-partenariats\"><span id=\"les-partenariats\">Asociaciones <\/span><\/h3>\n\n\n\n<p>NetBet fue patrocinador o socio oficial de varios equipos deportivos, como OGC Nice en 2014, AS Saint-Etienne y Hamilton Academical en 2016.<\/p>\n\n\n\n<p><\/p>\n\n\n\n<ul><li>En 2015, Netbet firm\u00f3 un contrato de publicidad de estadios con el West Bromwich Albion Football Club.<\/li><li>En 2017, NetBet patrocin\u00f3 la Copa Falemi Nana Intercartiere, la competici\u00f3n de f\u00fatbol amateur m\u00e1s importante de Ruman\u00eda.<\/li><li>En 2017, NetBet estuvo con el explorador Daniel Cinghea, cuando conquist\u00f3 los picos m\u00e1s impresionantes de Am\u00e9rica del Sur.<\/li><li>En marzo de 2018, NetBet patrocin\u00f3 la tercera edici\u00f3n de DanceMasters que tuvo lugar en Bucarest.<\/li><li>En mayo de 2018, NetBet patrocin\u00f3 las carreras en el hip\u00f3dromo de Goodwood durante dos d\u00edas.<\/li><li>El 5 de junio de 2018, NetBet patrocin\u00f3 cuatro carreras en el hip\u00f3dromo de Fontwell Park.<\/li><li>El 9 de junio de 2018, NetBet patrocin\u00f3 un evento de boxeo a pu\u00f1o limpio, BKB11, en The O2.<\/li><li>El 21 de julio de 2018, NetBet patrocin\u00f3 otra pelea de Bare Knuckle Boxing en Cwmbran.<\/li><li>El 22 de agosto de 2018, NetBet patrocin\u00f3 Ladies Night en el hip\u00f3dromo de Fontwell Park.<\/li><li>El 4 de septiembre de 2018, NetBet patrocin\u00f3 otro d\u00eda de carreras en el hip\u00f3dromo de Goodwood.<\/li><li>El 17 de noviembre de 2019, NetBet patrocin\u00f3 el marat\u00f3n de Corsorul el 15 de noviembre en Bra\u0219ov.<\/li><\/ul>\n\n\n\n<p>Finalmente, en 2020, NetBet firm\u00f3 contratos de patrocinio con dos equipos de rally inscritos en el campeonato nacional de rally. Las dos tripulaciones patrocinadas est\u00e1n formadas por el piloto Dan G\u00eertofan y el navegante Tudor M\u00e2rza en un Skoda R5, respectivamente el piloto R\u0103zvan Trisnevschi y el navegante Traian-Codrut Arsenescu.<\/p>\n\n\n\n<p>Campa\u00f1as publicitarias para taxis y autobuses<br>En 2019, NetBet lanz\u00f3 dos campa\u00f1as de publicidad m\u00f3vil para autobuses y taxis. La campa\u00f1a personaliz\u00f3 el logo de la marca NetBet, autobuses y 750 autos Black Cab que corrieron carreras por las calles de Londres.<\/p>\n\n\n\n<p>Embajadores<br>Alexandre Ruiz es un periodista deportivo franc\u00e9s que trabaja para beIn Sports. Ha sido embajador de NetBet FR desde 2014.<\/p>\n\n\n\n<p>Daniel Bravo fue un futbolista franc\u00e9s que jug\u00f3 en el Paris Saint-Germain, AS Monaco y Olympique de Marseille. Se desempe\u00f1\u00f3 como embajador de NetBet FR durante el per\u00edodo 2012-2014.<\/p>\n\n\n\n<p>Dan Petrescu fue el primer embajador de NetBet Rumania.<\/p>\n\n\n\n<p>Productos<br>Los principales productos de NetBet incluyen NetBet Casino, NetBet Live, NetBet Vegas, NetBet Loto y NetBet Poker. El casino ofrece m\u00e1s de 1500 m\u00e1quinas tragamonedas, juegos de cartas y juegos de mesa.<\/p>\n\n\n\n<p>NetBet Sport ofrece apuestas deportivas en l\u00ednea antes y en vivo. Adem\u00e1s, los jugadores tambi\u00e9n tienen la opci\u00f3n de realizar apuestas en eSports para ciertos mercados especiales que cubren pol\u00edtica y premios para pel\u00edculas y TV.<\/p>\n\n\n\n<p>Algunos de los juegos de tragamonedas m\u00e1s populares son Starburst (NetEnt), Gonzo&#039;s Quest (NetEnt) y Who want to be a Millionaire (NYX), etc.<\/p>\n\n\n\n<p>Premios<br>En 2015, NetBet gan\u00f3 el premio al &quot;Mejor sitio de relaciones con el cliente&quot; en la gala de premios de la revista Casino Life &amp; Business.<\/p>\n\n\n\n<p>En 2016, en los premios de la Conferencia de Juegos de Europa Central y del Este (CEEGA), NetBet gan\u00f3 el premio al &quot;Mejor operador de apuestas deportivas en l\u00ednea&quot; y su proveedor, SBTech, gan\u00f3 el premio al &quot;Mejor proveedor de apuestas deportivas&quot;.<\/p>\n\n\n\n<p>En 2016, Blueclaw y GIMO fueron nominados a los premios de b\u00fasqueda del Reino Unido y al mejor uso de la b\u00fasqueda por su trabajo en NetBet y los campeonatos multiculturales de la Premier League of Nations.<\/p>\n\n\n\n<p>En 2017, NetBet fue nominado al &quot;Mejor programa de afiliados que no habla ingl\u00e9s&quot; en el iGB Affiliate Award.<\/p>\n\n\n\n<p>En 2019, NetBet fue nominado a los Premios EGR en la categor\u00eda &quot;Operador de servicio al cliente&quot;.<\/p>\n\n\n\n<p>En 2018 y 2019, NetBet recibi\u00f3 el trofeo a la \u201cMejor plataforma de casino en l\u00ednea de Rumania\u201d en la gala de premios Casino Inside.<\/p>\n\n\n\n<p>Juego responsable<br>NetBet trabaja en estrecha colaboraci\u00f3n con servicios de asesoramiento sobre adicci\u00f3n al juego y permite a los jugadores establecer l\u00edmites en los dep\u00f3sitos, retiros y mensajes de advertencia. El sitio tambi\u00e9n ofrece versiones de demostraci\u00f3n de los juegos, que se pueden jugar sin apostar dinero real. Est\u00e1 prohibido el registro de menores en el sitio NetBet.<\/p>\n\n\n\n<p>NetBet tambi\u00e9n ha implementado una herramienta de autoevaluaci\u00f3n. Esta herramienta consta de un conjunto de 15 preguntas que, a partir de las respuestas, permiten a los jugadores evaluar su nivel de riesgo. En base a este nivel de riesgo se sugieren acciones como imponer l\u00edmites. Adem\u00e1s, si el resultado de una encuesta a un cliente presenta riesgos de adicci\u00f3n, se env\u00eda una alerta al equipo de juego responsable, quien interactuar\u00e1 con el cliente y comenzar\u00e1 a monitorear su actividad.<\/p>\n\n\n\n<p><\/p>\n\n\n\n<p class=\"has-text-align-center unibet\" style=\"font-size:25px\"><mark style=\"background-color:rgba(0, 0, 0, 0);color:#0d7a12\" class=\"has-inline-color\"><strong><a href=\"https:\/\/parier-presidentielle.com\/es\/recommends\/unibet\/\">Bono de 150 \u20ac ofrecido con Unibet<br>Para su 1ra Apuesta Pol\u00edtica o Deportiva: Haga clic aqu\u00ed<\/a><\/strong><\/mark><\/p>\n\n\n\n<p><\/p>\n\n\n<div class=\"wp-block-image\">\n<figure class=\"aligncenter is-resized wp-duotone-000097-ff4747-1\"><img decoding=\"async\" loading=\"lazy\" src=\"https:\/\/parier-presidentielle.com\/wp-content\/uploads\/2021\/09\/election-standard-scale-4_00x-gigapixel-1024x623.jpg\" alt=\"Elecci\u00f3n 2022\" style=\"width:256px;height:156px\" width=\"256\" height=\"156\"\/><\/figure><\/div>\n\n\n<p><br><\/p>\n\n\n\n<p><strong>Parier-presidentielle le ayuda a elegir entre los diferentes<a href=\"https:\/\/parier-presidentielle.com\/es\/\"> Casas de apuestas Bwin, Unibet, Betclic apostar\u00e1n por el futuro presidente estadounidense en 2024<\/a> : <\/strong><br><a href=\"https:\/\/parier-presidentielle.com\/es\/unibet-politica-eleccion-2022\/\">Casa de apuestas presidencial de Unibet<\/a> : \u00a1Gu\u00eda detallada y gratuita para hacer su primera apuesta en l\u00ednea con todas las probabilidades y c\u00f3mo aprovechar el bono ofrecido!<\/p>\n\n\n\n<p>As\u00ed como los dem\u00e1s sitios de apuestas en l\u00ednea: <a href=\"https:\/\/parier-presidentielle.com\/es\/unibet-politica-eleccion-2022\/\">Bwin<\/a>, <a href=\"https:\/\/parier-presidentielle.com\/es\/netbet-apuesta-politica-eleccion-2022\/\">NetBet<\/a>, <a href=\"https:\/\/parier-presidentielle.com\/es\/betclic-presidencial-2022\/\">Betclic<\/a>, <a href=\"https:\/\/parier-presidentielle.com\/es\/winamax-politica-eleccion-2022\/\">Winamax<\/a>, Parions Sport, Zebet, Betway, France-Pari, Vbet, Cloudbet, 1Xbit, 1xbet, Betfair, Betwinner\u2026<\/p>\n\n\n\n<div class=\"wp-block-columns is-layout-flex wp-container-6 wp-block-columns-is-layout-flex\">\n<div class=\"wp-block-column is-layout-flow wp-block-column-is-layout-flow\" style=\"flex-basis:33.33%\">\n<p>Acabas de leer nuestro archivo:<\/p>\n<\/div>\n\n\n\n<div class=\"wp-block-column is-layout-flow wp-block-column-is-layout-flow\" style=\"flex-basis:33.33%\">\n<div class=\"wp-block-group is-layout-flow wp-block-group-is-layout-flow\"><div class=\"wp-block-group__inner-container\"><h4 class=\"has-text-align-center wp-block-post-title\"><span id=\"netbet-parier-sur-la-politique-et-l8217election-presidentielle-2022\"><a href=\"https:\/\/parier-presidentielle.com\/es\/netbet-apuesta-politica-eleccion-2022\/\" target=\"_self\" >NetBet: Apostando a la pol\u00edtica y las elecciones presidenciales de 2022<\/a><\/span><\/h4><\/div><\/div>\n<\/div>\n\n\n\n<div class=\"wp-block-column is-layout-flow wp-block-column-is-layout-flow\" style=\"flex-basis:33.33%\">\n<p class=\"has-text-align-right\">Contin\u00fae leyendo con nuestros otros archivos exclusivos,<\/p>\n<\/div>\n<\/div>\n\n\n\n<h3 class=\"wp-block-heading\" id=\"tous-les-pronostics-sondage-et-cotes-pour-parier-sur-le-futur-vainqueur-de-l-election-presidentielle-2022\"><span id=\"tous-les-pronostics-sondage-et-cotes-pour-parier-sur-le-futur-vainqueur-de-l8217election-presidentielle-2024\">Todas las Predicciones, Encuestas y Cuotas para apostar sobre el futuro ganador de las elecciones presidenciales de 2024:<\/span><\/h3>\n\n\n\n<ul>\n<li><a href=\"https:\/\/parier-presidentielle.com\/es\/macron-eleccion\/\">Apuesta por Emmanuel Macron con Unibet, Betclic, Bwin<\/a> : El favorito de encuestas y predicciones <\/li>\n\n\n\n<li><a href=\"https:\/\/parier-presidentielle.com\/es\/marine-le-pen-eleccion\/\">Marine Le Pen: sus cuotas y c\u00f3mo apostar con las casas de apuestas<\/a>: El retador seg\u00fan Unibet<\/li>\n<\/ul>\n\n\n\n<p><\/p>\n\n\n\n<center><script type=\"text\/javascript\" charset=\"utf-8\" src=\"https:\/\/www.gambling-affiliation.com\/cpm\/v=AmIMTDSs92QY6b0MzDMvM5laCjJ-ZlA-1oQ-7tKsi.w_GA7331V2\"><\/script><\/center>\n\n\n\n<h3 class=\"wp-block-heading\"><span id=\"donald-trump-vs-joe-biden-la-video-qui-lance-les-paris-en-ligne-sur-l8217election-politique-de-2024\">Donald Trump vs Joe Biden: el v\u00eddeo que lanza las apuestas online sobre las elecciones pol\u00edticas de 2024<\/span><\/h3>\n\n\n\n<figure class=\"wp-block-embed is-type-video is-provider-youtube wp-block-embed-youtube wp-embed-aspect-16-9 wp-has-aspect-ratio\"><div class=\"wp-block-embed__wrapper\">\n<iframe loading=\"lazy\" title=\"El expresidente Donald Trump lanza una candidatura a la Casa Blanca para 2024 #Short\" width=\"640\" height=\"360\" src=\"https:\/\/www.youtube.com\/embed\/hZykPRVe4Ag?feature=oembed\" frameborder=\"0\" allow=\"accelerometer; autoplay; clipboard-write; encrypted-media; gyroscope; picture-in-picture; web-share\" allowfullscreen><\/iframe>\n<\/div><\/figure>\n\n\n<div class=\"wp-block-image\">\n<figure class=\"aligncenter size-medium\"><a href=\"https:\/\/parier-presidentielle.com\/es\/recommends\/unibet\/\" target=\"_blank\" rel=\"noopener\"><img decoding=\"async\" loading=\"lazy\" width=\"300\" height=\"169\" src=\"https:\/\/parier-presidentielle.com\/wp-content\/uploads\/2022\/04\/unibet-300x169.jpg\" alt=\"\" class=\"wp-image-1252\" srcset=\"https:\/\/parier-presidentielle.com\/wp-content\/uploads\/2022\/04\/unibet-300x169.jpg 300w, https:\/\/parier-presidentielle.com\/wp-content\/uploads\/2022\/04\/unibet-1024x576.jpg 1024w, https:\/\/parier-presidentielle.com\/wp-content\/uploads\/2022\/04\/unibet-768x432.jpg 768w, https:\/\/parier-presidentielle.com\/wp-content\/uploads\/2022\/04\/unibet-18x10.jpg 18w, https:\/\/parier-presidentielle.com\/wp-content\/uploads\/2022\/04\/unibet.jpg 1280w\" sizes=\"(max-width: 300px) 100vw, 300px\" \/><\/a><\/figure><\/div>\n\n\n<p>Encuentra en la Wiki, las noticias pol\u00edticas imprescindibles sobre el Cannabis y sus derivados legales: <strong>HHC, H4cbd, Thcp, Thcv, HSD, HHCPO, C4B<\/strong><\/p>\n\n\n\n<p><br><\/p>\n<div id=\"toc_container\" class=\"no_bullets\"><p class=\"toc_title\">Indice<\/p><ul class=\"toc_list\"><li><\/li><li><ul><li><\/li><\/ul><\/li><li><\/li><li><ul><li><ul><li><\/li><\/ul><\/li><li><\/li><li><\/li><\/ul><\/li><\/ul><\/div>","protected":false},"excerpt":{"rendered":"<p>\u00bfQu\u00e9 es la oferta de NetBet Bookmaker 2022? Netbet ofrece actualmente el mejor bono para apostar en l\u00ednea: \u00a1100 \u20ac! Para acceder a este bono, simplemente acceda a nuestro enlace de socio: \u00a1100 \u20ac ofrecidos en su primera apuesta! haga clic aqu\u00ed NetBet NetBet es un operador de juegos en l\u00ednea propiedad de NetBet Enterprises Ltd. La plataforma \u2026<\/p>","protected":false},"author":1,"featured_media":0,"parent":0,"menu_order":0,"comment_status":"closed","ping_status":"closed","template":"page-nosidebar.php","meta":{"footnotes":""},"yoast_head":"<!-- This site is optimized with the Yoast SEO Premium plugin v21.0 (Yoast SEO v21.0) - https:\/\/yoast.com\/wordpress\/plugins\/seo\/ -->\n<title>NetBet : Parier sur la politique et l&#039;\u00e9lection Pr\u00e9sidentielle 2022 - Finale Coupe du Monde FIFA<\/title>\n<meta name=\"description\" content=\"Parier avec Netbet 100\u20ac offert pour votre 1er Pari sur la Politique, le Sport! Guide du Bookmaker pour profiter du Bonus de bienvenue...\" \/>\n<meta name=\"robots\" content=\"index, follow, max-snippet:-1, max-image-preview:large, max-video-preview:-1\" \/>\n<link rel=\"canonical\" href=\"https:\/\/parier-presidentielle.com\/es\/netbet-apuesta-politica-eleccion-2022\/\" \/>\n<meta property=\"og:locale\" content=\"es_ES\" \/>\n<meta property=\"og:type\" content=\"article\" \/>\n<meta property=\"og:title\" content=\"NetBet : Parier sur la politique et l&#039;\u00e9lection Pr\u00e9sidentielle 2022\" \/>\n<meta property=\"og:description\" content=\"Parier avec Netbet 100\u20ac offert pour votre 1er Pari sur la Politique, le Sport! Guide du Bookmaker pour profiter du Bonus de bienvenue...\" \/>\n<meta property=\"og:url\" content=\"https:\/\/parier-presidentielle.com\/es\/netbet-apuesta-politica-eleccion-2022\/\" \/>\n<meta property=\"og:site_name\" content=\"Parier Pr\u00e9sidentielle\" \/>\n<meta property=\"article:modified_time\" content=\"2022-04-14T13:41:15+00:00\" \/>\n<meta property=\"og:image\" content=\"https:\/\/banners.livepartners.com\/view.php?z=151480\" \/>\n<meta name=\"twitter:card\" content=\"summary_large_image\" \/>\n<meta name=\"twitter:label1\" content=\"Tiempo de lectura\" \/>\n\t<meta name=\"twitter:data1\" content=\"7 minutos\" \/>\n<script type=\"application\/ld+json\" class=\"yoast-schema-graph\">{\"@context\":\"https:\/\/schema.org\",\"@graph\":[{\"@type\":\"WebPage\",\"@id\":\"https:\/\/parier-presidentielle.com\/netbet-paris-politique-election-2022\/\",\"url\":\"https:\/\/parier-presidentielle.com\/netbet-paris-politique-election-2022\/\",\"name\":\"NetBet : Parier sur la politique et l'\u00e9lection Pr\u00e9sidentielle 2022 - Finale Coupe du Monde FIFA\",\"isPartOf\":{\"@id\":\"https:\/\/parier-presidentielle.com\/#website\"},\"datePublished\":\"2021-09-14T14:48:34+00:00\",\"dateModified\":\"2022-04-14T13:41:15+00:00\",\"description\":\"Parier avec Netbet 100\u20ac offert pour votre 1er Pari sur la Politique, le Sport! Guide du Bookmaker pour profiter du Bonus de bienvenue...\",\"breadcrumb\":{\"@id\":\"https:\/\/parier-presidentielle.com\/netbet-paris-politique-election-2022\/#breadcrumb\"},\"inLanguage\":\"es\",\"potentialAction\":[{\"@type\":\"ReadAction\",\"target\":[\"https:\/\/parier-presidentielle.com\/netbet-paris-politique-election-2022\/\"]}]},{\"@type\":\"BreadcrumbList\",\"@id\":\"https:\/\/parier-presidentielle.com\/netbet-paris-politique-election-2022\/#breadcrumb\",\"itemListElement\":[{\"@type\":\"ListItem\",\"position\":1,\"name\":\"Accueil\",\"item\":\"https:\/\/parier-presidentielle.com\/\"},{\"@type\":\"ListItem\",\"position\":2,\"name\":\"NetBet : Parier sur la politique et l&#8217;\u00e9lection Pr\u00e9sidentielle 2022\"}]},{\"@type\":\"WebSite\",\"@id\":\"https:\/\/parier-presidentielle.com\/#website\",\"url\":\"https:\/\/parier-presidentielle.com\/\",\"name\":\"Parier Pr\u00e9sidentielle\",\"description\":\"Paris, Pronostics, Wiki sur la Politique, les Elections Am\u00e9ricaines: Joe Biden, Donald Trump avec les Bookmakers en ligne Unibet, Bwin, Betclic, Winamax\",\"potentialAction\":[{\"@type\":\"SearchAction\",\"target\":{\"@type\":\"EntryPoint\",\"urlTemplate\":\"https:\/\/parier-presidentielle.com\/?s={search_term_string}\"},\"query-input\":\"required name=search_term_string\"}],\"inLanguage\":\"es\"}]}<\/script>\n<!-- \/ Yoast SEO Premium plugin. -->","yoast_head_json":{"title":"NetBet : Parier sur la politique et l'\u00e9lection Pr\u00e9sidentielle 2022 - Finale Coupe du Monde FIFA","description":"Parier avec Netbet 100\u20ac offert pour votre 1er Pari sur la Politique, le Sport! Guide du Bookmaker pour profiter du Bonus de bienvenue...","robots":{"index":"index","follow":"follow","max-snippet":"max-snippet:-1","max-image-preview":"max-image-preview:large","max-video-preview":"max-video-preview:-1"},"canonical":"https:\/\/parier-presidentielle.com\/es\/netbet-apuesta-politica-eleccion-2022\/","og_locale":"es_ES","og_type":"article","og_title":"NetBet : Parier sur la politique et l'\u00e9lection Pr\u00e9sidentielle 2022","og_description":"Parier avec Netbet 100\u20ac offert pour votre 1er Pari sur la Politique, le Sport! Guide du Bookmaker pour profiter du Bonus de bienvenue...","og_url":"https:\/\/parier-presidentielle.com\/es\/netbet-apuesta-politica-eleccion-2022\/","og_site_name":"Parier Pr\u00e9sidentielle","article_modified_time":"2022-04-14T13:41:15+00:00","og_image":[{"url":"https:\/\/banners.livepartners.com\/view.php?z=151480"}],"twitter_card":"summary_large_image","twitter_misc":{"Tiempo de lectura":"7 minutos"},"schema":{"@context":"https:\/\/schema.org","@graph":[{"@type":"WebPage","@id":"https:\/\/parier-presidentielle.com\/netbet-paris-politique-election-2022\/","url":"https:\/\/parier-presidentielle.com\/netbet-paris-politique-election-2022\/","name":"NetBet : Parier sur la politique et l'\u00e9lection Pr\u00e9sidentielle 2022 - Finale Coupe du Monde FIFA","isPartOf":{"@id":"https:\/\/parier-presidentielle.com\/#website"},"datePublished":"2021-09-14T14:48:34+00:00","dateModified":"2022-04-14T13:41:15+00:00","description":"Parier avec Netbet 100\u20ac offert pour votre 1er Pari sur la Politique, le Sport! Guide du Bookmaker pour profiter du Bonus de bienvenue...","breadcrumb":{"@id":"https:\/\/parier-presidentielle.com\/netbet-paris-politique-election-2022\/#breadcrumb"},"inLanguage":"es","potentialAction":[{"@type":"ReadAction","target":["https:\/\/parier-presidentielle.com\/netbet-paris-politique-election-2022\/"]}]},{"@type":"BreadcrumbList","@id":"https:\/\/parier-presidentielle.com\/netbet-paris-politique-election-2022\/#breadcrumb","itemListElement":[{"@type":"ListItem","position":1,"name":"Accueil","item":"https:\/\/parier-presidentielle.com\/"},{"@type":"ListItem","position":2,"name":"NetBet : Parier sur la politique et l&#8217;\u00e9lection Pr\u00e9sidentielle 2022"}]},{"@type":"WebSite","@id":"https:\/\/parier-presidentielle.com\/#website","url":"https:\/\/parier-presidentielle.com\/","name":"Parier Pr\u00e9sidentielle","description":"Paris, Pronostics, Wiki sur la Politique, les Elections Am\u00e9ricaines: Joe Biden, Donald Trump avec les Bookmakers en ligne Unibet, Bwin, Betclic, Winamax","potentialAction":[{"@type":"SearchAction","target":{"@type":"EntryPoint","urlTemplate":"https:\/\/parier-presidentielle.com\/?s={search_term_string}"},"query-input":"required name=search_term_string"}],"inLanguage":"es"}]}},"_links":{"self":[{"href":"https:\/\/parier-presidentielle.com\/es\/wp-json\/wp\/v2\/pages\/255"}],"collection":[{"href":"https:\/\/parier-presidentielle.com\/es\/wp-json\/wp\/v2\/pages"}],"about":[{"href":"https:\/\/parier-presidentielle.com\/es\/wp-json\/wp\/v2\/types\/page"}],"author":[{"embeddable":true,"href":"https:\/\/parier-presidentielle.com\/es\/wp-json\/wp\/v2\/users\/1"}],"replies":[{"embeddable":true,"href":"https:\/\/parier-presidentielle.com\/es\/wp-json\/wp\/v2\/comments?post=255"}],"version-history":[{"count":26,"href":"https:\/\/parier-presidentielle.com\/es\/wp-json\/wp\/v2\/pages\/255\/revisions"}],"predecessor-version":[{"id":1412,"href":"https:\/\/parier-presidentielle.com\/es\/wp-json\/wp\/v2\/pages\/255\/revisions\/1412"}],"wp:attachment":[{"href":"https:\/\/parier-presidentielle.com\/es\/wp-json\/wp\/v2\/media?parent=255"}],"curies":[{"name":"wp","href":"https:\/\/api.w.org\/{rel}","templated":true}]}}