{"id":281,"date":"2021-09-14T23:03:41","date_gmt":"2021-09-14T21:03:41","guid":{"rendered":"https:\/\/parier-presidentielle.com\/?page_id=281"},"modified":"2023-09-11T13:47:08","modified_gmt":"2023-09-11T11:47:08","slug":"anne-hidalgo-election-2022","status":"publish","type":"page","link":"https:\/\/parier-presidentielle.com\/es\/anne-hidalgo-eleccion-2022\/","title":{"rendered":"Apuesta por la elecci\u00f3n de Anne Hidalgo 2022"},"content":{"rendered":"<h2 class=\"wp-block-heading\" id=\"h-les-cotes-des-bookmakers\"><span id=\"les-cotes-des-bookmakers\">Cuotas de la casa de apuestas: <\/span><\/h2>\n\n\n\n<h3 class=\"wp-block-heading\" id=\"h-william-hill-propose-une-cote-de-41\"><span id=\"william-hill-propose-une-cote-de-41\">William Hill ofrece probabilidades de 41<\/span><\/h3>\n\n\n\n<figure class=\"wp-block-image size-large\"><img decoding=\"async\" loading=\"lazy\" width=\"1024\" height=\"42\" src=\"https:\/\/parier-presidentielle.com\/wp-content\/uploads\/2021\/09\/image-1-1024x42.png\" alt=\"Ana Hidalgo en William Hill\" class=\"wp-image-310\" srcset=\"https:\/\/parier-presidentielle.com\/wp-content\/uploads\/2021\/09\/image-1-1024x42.png 1024w, https:\/\/parier-presidentielle.com\/wp-content\/uploads\/2021\/09\/image-1-300x12.png 300w, https:\/\/parier-presidentielle.com\/wp-content\/uploads\/2021\/09\/image-1-768x32.png 768w, https:\/\/parier-presidentielle.com\/wp-content\/uploads\/2021\/09\/image-1.png 1072w\" sizes=\"(max-width: 1024px) 100vw, 1024px\" \/><\/figure>\n\n\n\n<h3 class=\"wp-block-heading\" id=\"h-betclic-propose-une-cote-de-22\"><span id=\"betclic-propose-une-cote-de-22\">Betclic ofrece cuotas de 22<\/span><\/h3>\n\n\n\n<figure class=\"wp-block-image size-full\"><img decoding=\"async\" loading=\"lazy\" width=\"991\" height=\"73\" src=\"https:\/\/parier-presidentielle.com\/wp-content\/uploads\/2021\/09\/image-2.png\" alt=\"\" class=\"wp-image-313\" srcset=\"https:\/\/parier-presidentielle.com\/wp-content\/uploads\/2021\/09\/image-2.png 991w, https:\/\/parier-presidentielle.com\/wp-content\/uploads\/2021\/09\/image-2-300x22.png 300w, https:\/\/parier-presidentielle.com\/wp-content\/uploads\/2021\/09\/image-2-768x57.png 768w\" sizes=\"(max-width: 991px) 100vw, 991px\" \/><\/figure>\n\n\n\n<h3 class=\"wp-block-heading\" id=\"h-unibet-propose-une-cote-de-21\"><span id=\"unibet-propose-une-cote-de-21\">Unibet ofrece cuotas de 21<\/span><\/h3>\n\n\n\n<figure class=\"wp-block-image size-full\"><img decoding=\"async\" loading=\"lazy\" width=\"1000\" height=\"64\" src=\"https:\/\/parier-presidentielle.com\/wp-content\/uploads\/2021\/09\/image-3.png\" alt=\"\" class=\"wp-image-314\" srcset=\"https:\/\/parier-presidentielle.com\/wp-content\/uploads\/2021\/09\/image-3.png 1000w, https:\/\/parier-presidentielle.com\/wp-content\/uploads\/2021\/09\/image-3-300x19.png 300w, https:\/\/parier-presidentielle.com\/wp-content\/uploads\/2021\/09\/image-3-768x49.png 768w\" sizes=\"(max-width: 1000px) 100vw, 1000px\" \/><\/figure>\n\n\n\n<p><\/p>\n\n\n\n<h2 class=\"wp-block-heading has-text-align-center\" id=\"h-analyse-amp-pronostics-pour-parier-sur-la-victoire-d-anne-hidalgo\"><span id=\"analyse-pronostics-pour-parier-sur-la-victoire-d8217anne-hidalgo\">An\u00e1lisis y Predicciones para apostar a la victoria de Anne Hidalgo<\/span><\/h2>\n\n\n\n<p>Tras su anuncio, podemos ver que Unibet y Betclic ofrecen sustancialmente las mismas cuotas, mientras que la casa de apuestas inglesa William Hill tiene cuotas de 41, \u00a1lo que es el doble! \u00a1As\u00ed que te recomendamos que utilices esta casa de apuestas para apostar en la elecci\u00f3n de Anne Hidalgo! <\/p>\n\n\n\n<p><\/p>\n\n\n\n<h3 class=\"wp-block-heading\" id=\"h-la-transformation-d-anne-hidalgo-en-candidate-a-la-presidentielle-en-2022-la-maire-de-paris-qui-ne-voulait-pas-se-presenter-l-election-a-changer-d-avis\"><span id=\"la-transformation-d8217anne-hidalgo-en-candidate-a-la-presidentielle-en-2022-la-maire-de-paris-qui-ne-voulait-pas-se-presenter-l8217election-a-changer-d8217avis8230\">La transformaci\u00f3n de Anne Hidalgo en candidata presidencial en 2022: la alcaldesa de Par\u00eds que no quer\u00eda presentarse a las elecciones ha cambiado de opini\u00f3n...<\/span><\/h3>\n\n\n\n<p>\u201cNo busco otra cosa que ser alcalde de Par\u00eds: no me presentar\u00e9 a las elecciones de 2022\u201d<\/p>\n\n\n\n<p>dijo Anne Hidalgo en una entrevista. Despu\u00e9s de semanas de falsa incertidumbre, las casas de apuestas lo hab\u00edan pronosticado d\u00e1ndole su calificaci\u00f3n e incluyendo la posibilidad de apostar sobre sus posibilidades en el Palacio del El\u00edseo, anunci\u00f3 el domingo 12 de septiembre su candidatura a la presidencia.<a href=\"https:\/\/parier-presidentielle.com\/es\/\"> las elecciones presidenciales de 2022.<\/a> \u201cNo me anticip\u00e9 en absoluto en esta campa\u00f1a, pero tambi\u00e9n vi a muchas mujeres y hombres, cargos electos, representantes de asociaciones, mujeres y hombres franceses que vinieron a decirme: &#039;No puedes escapar de esta responsabilidad que te corresponde. &#039;\u201dEntonces, \u00bfpor qu\u00e9 este cambio? Fueron estas circunstancias las que la llevaron a cambiar\u201d. . El desaf\u00edo es tan grande que no hay otro lugar\u201d, declar\u00f3 un senador del PS de Par\u00eds. A los ojos de todos, el 28 de junio de 2020, durante la segunda vuelta de las elecciones municipales en la capital, la clara reelecci\u00f3n de Anne Hidalgo marc\u00f3 su primer paso personal hacia las elecciones presidenciales. \u201cLa victoria para restaurar la legitimidad, la confianza en uno mismo y hacer lo imposible\u201d, declar\u00f3 Jean-Fran\u00e7ois Bebat, alcalde del PS de Bourg-en-Bresse (AIN) y candidato cerrado.<\/p>\n\n\n\n<figure class=\"wp-block-image size-large wp-duotone-000097-ff4747-1\"><img decoding=\"async\" loading=\"lazy\" width=\"1024\" height=\"512\" src=\"https:\/\/parier-presidentielle.com\/wp-content\/uploads\/2021\/09\/Presidentielle-quelle-equipe-pour-accompagner-Anne-Hidalgo-1024x512.jpg\" alt=\"Anne Hidalgo camino a las elecciones presidenciales\" class=\"wp-image-291\" srcset=\"https:\/\/parier-presidentielle.com\/wp-content\/uploads\/2021\/09\/Presidentielle-quelle-equipe-pour-accompagner-Anne-Hidalgo-1024x512.jpg 1024w, https:\/\/parier-presidentielle.com\/wp-content\/uploads\/2021\/09\/Presidentielle-quelle-equipe-pour-accompagner-Anne-Hidalgo-300x150.jpg 300w, https:\/\/parier-presidentielle.com\/wp-content\/uploads\/2021\/09\/Presidentielle-quelle-equipe-pour-accompagner-Anne-Hidalgo-768x384.jpg 768w, https:\/\/parier-presidentielle.com\/wp-content\/uploads\/2021\/09\/Presidentielle-quelle-equipe-pour-accompagner-Anne-Hidalgo-1536x768.jpg 1536w, https:\/\/parier-presidentielle.com\/wp-content\/uploads\/2021\/09\/Presidentielle-quelle-equipe-pour-accompagner-Anne-Hidalgo.jpg 2000w\" sizes=\"(max-width: 1024px) 100vw, 1024px\" \/><\/figure>\n\n\n\n<h2 class=\"wp-block-heading\" id=\"h-cap-politique-sur-2022\"><span id=\"cap-politique-sur-2022\">Curso pol\u00edtico para 2022<\/span><\/h2>\n\n\n\n<p>Despu\u00e9s de las elecciones municipales, la mente de Anne Hidalgo sigue siendo muy vaga. Estos amigos pol\u00edticos y su apoyo de la sociedad civil y otras asociaciones la empujaron a postularse para el cargo. Desde el verano de 2020, le hicieron escuchar varias veces el objetivo de 2022: &#039;Si eres la persona adecuada, no puedes decir que te quedas en Par\u00eds. no podemos elegir <a href=\"https:\/\/parier-presidentielle.com\/es\/macron-eleccion\/\">macron<\/a> Donde <a href=\"https:\/\/parier-presidentielle.com\/es\/marine-le-pen-eleccion\/\">El bol\u00edgrafo <\/a>como lo hicimos la \u00faltima vez&#039;\u201d. <\/p>\n\n\n\n<p>El alcalde de Par\u00eds est\u00e1 convencido de que es necesario sustituir al famoso d\u00fao Le Pen-Macron. \u201cSent\u00ed que ella estaba escuchando, pero no quer\u00eda resolver este tema de una manera muy espec\u00edfica\u201d, record\u00f3 un amigo senador. Ha pasado el verano y el inicio del curso escolar marca el regreso de los concejales municipales a los medios de comunicaci\u00f3n. Ya lo sentimos, el tono es otro. \u201cPuedo ver que la percepci\u00f3n que tengo de m\u00ed ha cambiado. Escuch\u00e9 las voces de los comentaristas y vi la reacci\u00f3n entusiasta de los parisinos y franceses que conoc\u00ed este verano\u201d. Decidi\u00f3 \u201cparticipar en la futura batalla\u201d. Dos meses despu\u00e9s, reiter\u00f3 esta promesa en una entrevista con Lib\u00e9ration. \u201cHoy, a nivel pol\u00edtico: \u00bfhemos logrado deshacernos de nuestras fatales diferencias y hemos desarrollado una visi\u00f3n com\u00fan que re\u00fane al mayor n\u00famero? Lo quiero\u201d, dijo Anne Hidalgo.<\/p>\n\n\n\n<h2 class=\"wp-block-heading\" id=\"h-la-bataille-pour-la-presidentielle\"><span id=\"la-bataille-pour-la-presidentielle\">La batalla por la presidencia<\/span><\/h2>\n\n\n\n<p>Al mismo tiempo, sus familiares segu\u00edan esperando:<\/p>\n\n\n\n<blockquote class=\"wp-block-quote\">\n<p>\u201cLe aseguro que si se presenta a la presidencia, la apoyar\u00e9\u201d. <\/p>\n<\/blockquote>\n\n\n\n<p>Sin embargo, Annie Hidalgo es una mujer que tiene algo m\u00e1s en mente. El ex asistente de Bertrand Delano\u00eb, y actual alcalde de Par\u00eds en dos ocasiones, sabe que el candidato presidencial se prepara con calma. \u201cCreo que est\u00e1 lista para partir. un programa para ver si puede convertirse en mujer en esta situaci\u00f3n\u201d, asegur\u00f3 la alcaldesa del PS. El alcalde de Par\u00eds est\u00e1 convencido de que la \u201crenovaci\u00f3n de la izquierda\u201d s\u00f3lo contar\u00e1 con \u201cpol\u00edticos que hayan ganado las elecciones desde 2017\u201d.<\/p>\n\n\n\n<h2 class=\"wp-block-heading\" id=\"h-la-naissance-d-une-ambition\"><span id=\"la-naissance-d8217une-ambition\">El nacimiento de una ambici\u00f3n<\/span><\/h2>\n\n\n\n<p><br>Pero si Anne Hidalgo pone mucha energ\u00eda en Par\u00eds, su red fuera de la capital es muy d\u00e9bil. Por tanto, hay que establecerlo todo. semanal, Marc Dupond, apodado <strong>\u00ab el entrenador de los alcaldes de Francia<\/strong> \u00bb, \u00a1Perspectivas en todo el hex\u00e1gono para ella!<\/p>\n\n\n\n<p><\/p>\n\n\n\n<p><\/p>\n\n\n\n<p>Ahora apoyado por su c\u00edrculo, s\u00f3lo queda la bendici\u00f3n de los elefantes del PS. Durante la escuela de verano en el PS, Anne Hidalgo, que siempre ha estado alejada de las l\u00f3gicas socialistas (y divisivas), fue muy bien recibida. El l\u00edder del partido, Olivier Faure, dijo: \u201cCreo que ella contin\u00faa as\u00ed y tendr\u00e1 \u00e9xito en las elecciones presidenciales. Si Anne Hidalgo no hace ninguna declaraci\u00f3n oficial, continuar\u00e1 la aventura para 2022  <\/p>\n\n\n\n<p>Para cualquier competidor del El\u00edseo, otro paso importante es escribir su libro de programa.  <em>\u201cUna mujer francesa\u201d<\/em> publicado el 15 de septiembre. \u201cEntonces s\u00ed, ella no bas\u00f3 su carrera en ambiciones presidenciales, pero descubr\u00ed que hay un l\u00edder pol\u00edtico. Sin embargo: Annie Hidalgo solo cuenta con el apoyo de 7 a 9 del % en las encuestas\u2026<br>\u00a1Apostar por Hildago sigue siendo una apuesta arriesgada!<\/p>\n\n\n\n<p><\/p>\n\n\n\n<p><\/p>\n\n\n\n<p class=\"has-text-align-center unibet\" style=\"font-size:25px\"><mark style=\"background-color:rgba(0, 0, 0, 0);color:#0d7a12\" class=\"has-inline-color\"><strong><a href=\"https:\/\/parier-presidentielle.com\/es\/recommends\/unibet\/\">Bono de 150 \u20ac ofrecido con Unibet<br>Para su 1ra Apuesta Pol\u00edtica o Deportiva: Haga clic aqu\u00ed<\/a><\/strong><\/mark><\/p>\n\n\n\n<p><\/p>\n\n\n<div class=\"wp-block-image\">\n<figure class=\"aligncenter is-resized wp-duotone-000097-ff4747-2\"><img decoding=\"async\" loading=\"lazy\" src=\"https:\/\/parier-presidentielle.com\/wp-content\/uploads\/2021\/09\/election-standard-scale-4_00x-gigapixel-1024x623.jpg\" alt=\"Elecci\u00f3n 2022\" style=\"width:256px;height:156px\" width=\"256\" height=\"156\"\/><\/figure><\/div>\n\n\n<p><br><\/p>\n\n\n\n<p><strong>Parier-presidentielle le ayuda a elegir entre los diferentes<a href=\"https:\/\/parier-presidentielle.com\/es\/\"> Casas de apuestas Bwin, Unibet, Betclic apostar\u00e1n por el futuro presidente estadounidense en 2024<\/a> : <\/strong><br><a href=\"https:\/\/parier-presidentielle.com\/es\/unibet-politica-eleccion-2022\/\">Casa de apuestas presidencial de Unibet<\/a> : \u00a1Gu\u00eda detallada y gratuita para hacer su primera apuesta en l\u00ednea con todas las probabilidades y c\u00f3mo aprovechar el bono ofrecido!<\/p>\n\n\n\n<p>As\u00ed como los dem\u00e1s sitios de apuestas en l\u00ednea: <a href=\"https:\/\/parier-presidentielle.com\/es\/unibet-politica-eleccion-2022\/\">Bwin<\/a>, <a href=\"https:\/\/parier-presidentielle.com\/es\/netbet-apuesta-politica-eleccion-2022\/\">NetBet<\/a>, <a href=\"https:\/\/parier-presidentielle.com\/es\/betclic-presidencial-2022\/\">Betclic<\/a>, <a href=\"https:\/\/parier-presidentielle.com\/es\/winamax-politica-eleccion-2022\/\">Winamax<\/a>, Parions Sport, Zebet, Betway, France-Pari, Vbet, Cloudbet, 1Xbit, 1xbet, Betfair, Betwinner\u2026<\/p>\n\n\n\n<div class=\"wp-block-columns is-layout-flex wp-container-7 wp-block-columns-is-layout-flex\">\n<div class=\"wp-block-column is-layout-flow wp-block-column-is-layout-flow\" style=\"flex-basis:33.33%\">\n<p>Acabas de leer nuestro archivo:<\/p>\n<\/div>\n\n\n\n<div class=\"wp-block-column is-layout-flow wp-block-column-is-layout-flow\" style=\"flex-basis:33.33%\">\n<div class=\"wp-block-group is-layout-flow wp-block-group-is-layout-flow\"><div class=\"wp-block-group__inner-container\"><h4 class=\"has-text-align-center wp-block-post-title\"><span id=\"parier-sur-lelection-danne-hidalgo-2022\"><a href=\"https:\/\/parier-presidentielle.com\/es\/anne-hidalgo-eleccion-2022\/\" target=\"_self\" >Apuesta por la elecci\u00f3n de Anne Hidalgo 2022<\/a><\/span><\/h4><\/div><\/div>\n<\/div>\n\n\n\n<div class=\"wp-block-column is-layout-flow wp-block-column-is-layout-flow\" style=\"flex-basis:33.33%\">\n<p class=\"has-text-align-right\">Contin\u00fae leyendo con nuestros otros archivos exclusivos,<\/p>\n<\/div>\n<\/div>\n\n\n\n<h3 class=\"wp-block-heading\" id=\"tous-les-pronostics-sondage-et-cotes-pour-parier-sur-le-futur-vainqueur-de-l-election-presidentielle-2022\"><span id=\"tous-les-pronostics-sondage-et-cotes-pour-parier-sur-le-futur-vainqueur-de-l8217election-presidentielle-2024\">Todas las Predicciones, Encuestas y Cuotas para apostar sobre el futuro ganador de las elecciones presidenciales de 2024:<\/span><\/h3>\n\n\n\n<ul>\n<li><a href=\"https:\/\/parier-presidentielle.com\/es\/macron-eleccion\/\">Apuesta por Emmanuel Macron con Unibet, Betclic, Bwin<\/a> : El favorito de encuestas y predicciones <\/li>\n\n\n\n<li><a href=\"https:\/\/parier-presidentielle.com\/es\/marine-le-pen-eleccion\/\">Marine Le Pen: sus cuotas y c\u00f3mo apostar con las casas de apuestas<\/a>: El retador seg\u00fan Unibet<\/li>\n<\/ul>\n\n\n\n<p><\/p>\n\n\n\n<center><script type=\"text\/javascript\" charset=\"utf-8\" src=\"https:\/\/www.gambling-affiliation.com\/cpm\/v=AmIMTDSs92QY6b0MzDMvM5laCjJ-ZlA-1oQ-7tKsi.w_GA7331V2\"><\/script><\/center>\n\n\n\n<h3 class=\"wp-block-heading\"><span id=\"donald-trump-vs-joe-biden-la-video-qui-lance-les-paris-en-ligne-sur-l8217election-politique-de-2024\">Donald Trump vs Joe Biden: el v\u00eddeo que lanza las apuestas online sobre las elecciones pol\u00edticas de 2024<\/span><\/h3>\n\n\n\n<figure class=\"wp-block-embed is-type-video is-provider-youtube wp-block-embed-youtube wp-embed-aspect-16-9 wp-has-aspect-ratio\"><div class=\"wp-block-embed__wrapper\">\n<iframe loading=\"lazy\" title=\"El expresidente Donald Trump lanza una candidatura a la Casa Blanca para 2024 #Short\" width=\"640\" height=\"360\" src=\"https:\/\/www.youtube.com\/embed\/hZykPRVe4Ag?feature=oembed\" frameborder=\"0\" allow=\"accelerometer; autoplay; clipboard-write; encrypted-media; gyroscope; picture-in-picture; web-share\" allowfullscreen><\/iframe>\n<\/div><\/figure>\n\n\n<div class=\"wp-block-image\">\n<figure class=\"aligncenter size-medium\"><a href=\"https:\/\/parier-presidentielle.com\/es\/recommends\/unibet\/\" target=\"_blank\" rel=\"noopener\"><img decoding=\"async\" loading=\"lazy\" width=\"300\" height=\"169\" src=\"https:\/\/parier-presidentielle.com\/wp-content\/uploads\/2022\/04\/unibet-300x169.jpg\" alt=\"\" class=\"wp-image-1252\" srcset=\"https:\/\/parier-presidentielle.com\/wp-content\/uploads\/2022\/04\/unibet-300x169.jpg 300w, https:\/\/parier-presidentielle.com\/wp-content\/uploads\/2022\/04\/unibet-1024x576.jpg 1024w, https:\/\/parier-presidentielle.com\/wp-content\/uploads\/2022\/04\/unibet-768x432.jpg 768w, https:\/\/parier-presidentielle.com\/wp-content\/uploads\/2022\/04\/unibet-18x10.jpg 18w, https:\/\/parier-presidentielle.com\/wp-content\/uploads\/2022\/04\/unibet.jpg 1280w\" sizes=\"(max-width: 300px) 100vw, 300px\" \/><\/a><\/figure><\/div>\n\n\n<p>Encuentra en la Wiki, las noticias pol\u00edticas imprescindibles sobre el Cannabis y sus derivados legales: <strong>HHC, H4cbd, Thcp, Thcv, HSD, HHCPO, C4B<\/strong><\/p>\n<div id=\"toc_container\" class=\"no_bullets\"><p class=\"toc_title\">Indice<\/p><ul class=\"toc_list\"><li><ul><li><\/li><li><\/li><li><\/li><\/ul><\/li><li><ul><li><\/li><\/ul><\/li><li><\/li><li><\/li><li><ul><li><ul><li><\/li><\/ul><\/li><li><\/li><li><\/li><\/ul><\/li><\/ul><\/div>","protected":false},"excerpt":{"rendered":"<p>Las cuotas de las casas de apuestas: William Hill ofrece cuotas de 41 Betclic ofrece cuotas de 22 Unibet ofrece cuotas de 21 An\u00e1lisis y Predicciones para apostar por la victoria de Anne Hidalgo Tras su anuncio podemos ver que Unibet y Betclic ofrecen significativamente las mismas cuotas mientras que las inglesas corredor de apuestas Guillermo\u2026<\/p>","protected":false},"author":1,"featured_media":0,"parent":0,"menu_order":0,"comment_status":"closed","ping_status":"closed","template":"page-nosidebar.php","meta":{"footnotes":""},"yoast_head":"<!-- This site is optimized with the Yoast SEO Premium plugin v21.0 (Yoast SEO v21.0) - https:\/\/yoast.com\/wordpress\/plugins\/seo\/ -->\n<title>Parier sur l\u2019\u00e9lection d\u2019Anne Hidalgo 2022 - Finale Coupe du Monde FIFA<\/title>\n<meta name=\"description\" content=\"Pariez sur Anne Hidalgo pour l&#039;Election 2022 : Cliquez Ici et Gagnez Gros! Pronostics ,Comparaison des Bookmakers et des meilleurs Cotes.\" \/>\n<meta name=\"robots\" content=\"index, follow, max-snippet:-1, max-image-preview:large, max-video-preview:-1\" \/>\n<link rel=\"canonical\" href=\"https:\/\/parier-presidentielle.com\/es\/anne-hidalgo-eleccion-2022\/\" \/>\n<meta property=\"og:locale\" content=\"es_ES\" \/>\n<meta property=\"og:type\" content=\"article\" \/>\n<meta property=\"og:title\" content=\"Parier sur l\u2019\u00e9lection d\u2019Anne Hidalgo 2022\" \/>\n<meta property=\"og:description\" content=\"Pariez sur Anne Hidalgo pour l&#039;Election 2022 : Cliquez Ici et Gagnez Gros! Pronostics ,Comparaison des Bookmakers et des meilleurs Cotes.\" \/>\n<meta property=\"og:url\" content=\"https:\/\/parier-presidentielle.com\/es\/anne-hidalgo-eleccion-2022\/\" \/>\n<meta property=\"og:site_name\" content=\"Parier Pr\u00e9sidentielle\" \/>\n<meta property=\"article:modified_time\" content=\"2023-09-11T11:47:08+00:00\" \/>\n<meta property=\"og:image\" content=\"https:\/\/parier-presidentielle.com\/wp-content\/uploads\/2021\/09\/image-1-1024x42.png\" \/>\n<meta name=\"twitter:card\" content=\"summary_large_image\" \/>\n<meta name=\"twitter:label1\" content=\"Tiempo de lectura\" \/>\n\t<meta name=\"twitter:data1\" content=\"5 minutos\" \/>\n<script type=\"application\/ld+json\" class=\"yoast-schema-graph\">{\"@context\":\"https:\/\/schema.org\",\"@graph\":[{\"@type\":\"WebPage\",\"@id\":\"https:\/\/parier-presidentielle.com\/anne-hidalgo-election-2022\/\",\"url\":\"https:\/\/parier-presidentielle.com\/anne-hidalgo-election-2022\/\",\"name\":\"Parier sur l\u2019\u00e9lection d\u2019Anne Hidalgo 2022 - Finale Coupe du Monde FIFA\",\"isPartOf\":{\"@id\":\"https:\/\/parier-presidentielle.com\/#website\"},\"datePublished\":\"2021-09-14T21:03:41+00:00\",\"dateModified\":\"2023-09-11T11:47:08+00:00\",\"description\":\"Pariez sur Anne Hidalgo pour l'Election 2022 : Cliquez Ici et Gagnez Gros! Pronostics ,Comparaison des Bookmakers et des meilleurs Cotes.\",\"breadcrumb\":{\"@id\":\"https:\/\/parier-presidentielle.com\/anne-hidalgo-election-2022\/#breadcrumb\"},\"inLanguage\":\"es\",\"potentialAction\":[{\"@type\":\"ReadAction\",\"target\":[\"https:\/\/parier-presidentielle.com\/anne-hidalgo-election-2022\/\"]}]},{\"@type\":\"BreadcrumbList\",\"@id\":\"https:\/\/parier-presidentielle.com\/anne-hidalgo-election-2022\/#breadcrumb\",\"itemListElement\":[{\"@type\":\"ListItem\",\"position\":1,\"name\":\"Accueil\",\"item\":\"https:\/\/parier-presidentielle.com\/\"},{\"@type\":\"ListItem\",\"position\":2,\"name\":\"Parier sur l\u2019\u00e9lection d\u2019Anne Hidalgo 2022\"}]},{\"@type\":\"WebSite\",\"@id\":\"https:\/\/parier-presidentielle.com\/#website\",\"url\":\"https:\/\/parier-presidentielle.com\/\",\"name\":\"Parier Pr\u00e9sidentielle\",\"description\":\"Paris, Pronostics, Wiki sur la Politique, les Elections Am\u00e9ricaines: Joe Biden, Donald Trump avec les Bookmakers en ligne Unibet, Bwin, Betclic, Winamax\",\"potentialAction\":[{\"@type\":\"SearchAction\",\"target\":{\"@type\":\"EntryPoint\",\"urlTemplate\":\"https:\/\/parier-presidentielle.com\/?s={search_term_string}\"},\"query-input\":\"required name=search_term_string\"}],\"inLanguage\":\"es\"}]}<\/script>\n<!-- \/ Yoast SEO Premium plugin. -->","yoast_head_json":{"title":"Parier sur l\u2019\u00e9lection d\u2019Anne Hidalgo 2022 - Finale Coupe du Monde FIFA","description":"Pariez sur Anne Hidalgo pour l'Election 2022 : Cliquez Ici et Gagnez Gros! Pronostics ,Comparaison des Bookmakers et des meilleurs Cotes.","robots":{"index":"index","follow":"follow","max-snippet":"max-snippet:-1","max-image-preview":"max-image-preview:large","max-video-preview":"max-video-preview:-1"},"canonical":"https:\/\/parier-presidentielle.com\/es\/anne-hidalgo-eleccion-2022\/","og_locale":"es_ES","og_type":"article","og_title":"Parier sur l\u2019\u00e9lection d\u2019Anne Hidalgo 2022","og_description":"Pariez sur Anne Hidalgo pour l'Election 2022 : Cliquez Ici et Gagnez Gros! Pronostics ,Comparaison des Bookmakers et des meilleurs Cotes.","og_url":"https:\/\/parier-presidentielle.com\/es\/anne-hidalgo-eleccion-2022\/","og_site_name":"Parier Pr\u00e9sidentielle","article_modified_time":"2023-09-11T11:47:08+00:00","og_image":[{"url":"https:\/\/parier-presidentielle.com\/wp-content\/uploads\/2021\/09\/image-1-1024x42.png"}],"twitter_card":"summary_large_image","twitter_misc":{"Tiempo de lectura":"5 minutos"},"schema":{"@context":"https:\/\/schema.org","@graph":[{"@type":"WebPage","@id":"https:\/\/parier-presidentielle.com\/anne-hidalgo-election-2022\/","url":"https:\/\/parier-presidentielle.com\/anne-hidalgo-election-2022\/","name":"Parier sur l\u2019\u00e9lection d\u2019Anne Hidalgo 2022 - Finale Coupe du Monde FIFA","isPartOf":{"@id":"https:\/\/parier-presidentielle.com\/#website"},"datePublished":"2021-09-14T21:03:41+00:00","dateModified":"2023-09-11T11:47:08+00:00","description":"Pariez sur Anne Hidalgo pour l'Election 2022 : Cliquez Ici et Gagnez Gros! Pronostics ,Comparaison des Bookmakers et des meilleurs Cotes.","breadcrumb":{"@id":"https:\/\/parier-presidentielle.com\/anne-hidalgo-election-2022\/#breadcrumb"},"inLanguage":"es","potentialAction":[{"@type":"ReadAction","target":["https:\/\/parier-presidentielle.com\/anne-hidalgo-election-2022\/"]}]},{"@type":"BreadcrumbList","@id":"https:\/\/parier-presidentielle.com\/anne-hidalgo-election-2022\/#breadcrumb","itemListElement":[{"@type":"ListItem","position":1,"name":"Accueil","item":"https:\/\/parier-presidentielle.com\/"},{"@type":"ListItem","position":2,"name":"Parier sur l\u2019\u00e9lection d\u2019Anne Hidalgo 2022"}]},{"@type":"WebSite","@id":"https:\/\/parier-presidentielle.com\/#website","url":"https:\/\/parier-presidentielle.com\/","name":"Parier Pr\u00e9sidentielle","description":"Paris, Pronostics, Wiki sur la Politique, les Elections Am\u00e9ricaines: Joe Biden, Donald Trump avec les Bookmakers en ligne Unibet, Bwin, Betclic, Winamax","potentialAction":[{"@type":"SearchAction","target":{"@type":"EntryPoint","urlTemplate":"https:\/\/parier-presidentielle.com\/?s={search_term_string}"},"query-input":"required name=search_term_string"}],"inLanguage":"es"}]}},"_links":{"self":[{"href":"https:\/\/parier-presidentielle.com\/es\/wp-json\/wp\/v2\/pages\/281"}],"collection":[{"href":"https:\/\/parier-presidentielle.com\/es\/wp-json\/wp\/v2\/pages"}],"about":[{"href":"https:\/\/parier-presidentielle.com\/es\/wp-json\/wp\/v2\/types\/page"}],"author":[{"embeddable":true,"href":"https:\/\/parier-presidentielle.com\/es\/wp-json\/wp\/v2\/users\/1"}],"replies":[{"embeddable":true,"href":"https:\/\/parier-presidentielle.com\/es\/wp-json\/wp\/v2\/comments?post=281"}],"version-history":[{"count":21,"href":"https:\/\/parier-presidentielle.com\/es\/wp-json\/wp\/v2\/pages\/281\/revisions"}],"predecessor-version":[{"id":2422,"href":"https:\/\/parier-presidentielle.com\/es\/wp-json\/wp\/v2\/pages\/281\/revisions\/2422"}],"wp:attachment":[{"href":"https:\/\/parier-presidentielle.com\/es\/wp-json\/wp\/v2\/media?parent=281"}],"curies":[{"name":"wp","href":"https:\/\/api.w.org\/{rel}","templated":true}]}}