{"id":30,"date":"2021-09-06T22:23:37","date_gmt":"2021-09-06T20:23:37","guid":{"rendered":"https:\/\/parier-presidentielle.com\/?page_id=30"},"modified":"2022-04-24T18:08:09","modified_gmt":"2022-04-24T16:08:09","slug":"macron-le-pen-bookmaker","status":"publish","type":"page","link":"https:\/\/parier-presidentielle.com\/es\/macron-le-pen-casa-de-apuestas\/","title":{"rendered":"Macron \u2013 Le Pen: los corredores de apuestas dan sus cuotas para la segunda vuelta de las elecciones presidenciales"},"content":{"rendered":"<div class=\"wp-block-columns is-layout-flex wp-container-4 wp-block-columns-is-layout-flex\">\n<div class=\"wp-block-column is-layout-flow wp-block-column-is-layout-flow\" style=\"flex-basis:100%\">\n<div class=\"wp-block-columns is-layout-flex wp-container-2 wp-block-columns-is-layout-flex\">\n<div class=\"wp-block-column is-layout-flow wp-block-column-is-layout-flow\" style=\"flex-basis:100%\">\n<center><script type=\"text\/javascript\" charset=\"utf-8\" src=\"https:\/\/www.gambling-affiliation.com\/cpm\/v=AmIMTDSs92QY6b0MzDMvM5laCjJ-ZlA-1oQ-7tKsi.w_GA7331V2\"><\/script><\/center>\n\n\n\n<p><\/p>\n\n\n\n<div class=\"wp-block-image is-style-default\"><figure class=\"aligncenter size-medium\"><a href=\"https:\/\/parier-presidentielle.com\/es\/recommends\/unibet-logo\/\" target=\"_blank\" rel=\"no follow noopener\"><img decoding=\"async\" loading=\"lazy\" width=\"300\" height=\"169\" src=\"https:\/\/parier-presidentielle.com\/wp-content\/uploads\/2022\/04\/unibet-300x169.jpg\" alt=\"\" class=\"wp-image-1252\" srcset=\"https:\/\/parier-presidentielle.com\/wp-content\/uploads\/2022\/04\/unibet-300x169.jpg 300w, https:\/\/parier-presidentielle.com\/wp-content\/uploads\/2022\/04\/unibet-1024x576.jpg 1024w, https:\/\/parier-presidentielle.com\/wp-content\/uploads\/2022\/04\/unibet-768x432.jpg 768w, https:\/\/parier-presidentielle.com\/wp-content\/uploads\/2022\/04\/unibet-18x10.jpg 18w, https:\/\/parier-presidentielle.com\/wp-content\/uploads\/2022\/04\/unibet.jpg 1280w\" sizes=\"(max-width: 300px) 100vw, 300px\" \/><\/a><\/figure><\/div>\n<\/div>\n<\/div>\n<\/div>\n<\/div>\n\n\n\n<h2 class=\"wp-block-heading\"><span id=\"emmanuel-macron-gagnant-de-la-presidentielle-face-a-marine-le-pen\">\u00bfEmmanuel Macron ganando las elecciones presidenciales contra Marine Le Pen?<\/span><\/h2>\n\n\n\n<p>Las casas de apuestas o los sitios de apuestas ofrecen ahora apuestas online sobre el ganador de las elecciones presidenciales de 2022. <strong>En Francia es posible apostar solo con Unibet en pol\u00edtica.<\/strong> Esto significa que puedes apostar por la victoria o derrota de uno de los dos candidatos hasta el \u00faltimo momento antes del resultado de las elecciones. <br>Por \u201cvictoria\u201d nos referimos a la victoria en la primera ronda o a la victoria en ambas rondas (la segunda ronda tiene lugar dos semanas despu\u00e9s de la primera). Las probabilidades cambian con el tiempo en funci\u00f3n de lo lejos que estemos del d\u00eda de las elecciones, pero tambi\u00e9n en funci\u00f3n de la probabilidad de victoria seg\u00fan las encuestas.<\/p>\n\n\n\n<p>La segunda ronda tendr\u00e1 lugar el 24 de abril de 2022. Emmanuel Macron y Marine Le Pen quedaron primeros en la primera ronda.<br>Los encuestadores predijeron una segunda vuelta muy re\u00f1ida, con 55% para Macron y 45% para Le Pen. La brecha es tan estrecha que la victoria en un sentido u otro est\u00e1 dentro del margen de error de las encuestas. As\u00ed que, en cualquier caso, est\u00e1 mucho m\u00e1s cerca que en 2017, cuando Macron venci\u00f3 a Le Pen con 66,1 % de los votos.<\/p>\n\n\n\n<h3 class=\"wp-block-heading\"><span id=\"les-cotes-d8217unibet-pour-le-second-tour\">Cuotas de Unibet para la segunda ronda<\/span><\/h3>\n\n\n\n<figure class=\"wp-block-image size-large is-resized\"><img decoding=\"async\" loading=\"lazy\" src=\"https:\/\/parier-presidentielle.com\/wp-content\/uploads\/2022\/04\/unibet-cote-macron-le-pen-2022-1024x202.jpg\" alt=\"Cuotas de Unibet para la segunda ronda\" class=\"wp-image-1473\" width=\"768\" height=\"152\" srcset=\"https:\/\/parier-presidentielle.com\/wp-content\/uploads\/2022\/04\/unibet-cote-macron-le-pen-2022-1024x202.jpg 1024w, https:\/\/parier-presidentielle.com\/wp-content\/uploads\/2022\/04\/unibet-cote-macron-le-pen-2022-300x59.jpg 300w, https:\/\/parier-presidentielle.com\/wp-content\/uploads\/2022\/04\/unibet-cote-macron-le-pen-2022-768x152.jpg 768w, https:\/\/parier-presidentielle.com\/wp-content\/uploads\/2022\/04\/unibet-cote-macron-le-pen-2022-1536x303.jpg 1536w, https:\/\/parier-presidentielle.com\/wp-content\/uploads\/2022\/04\/unibet-cote-macron-le-pen-2022-2048x404.jpg 2048w, https:\/\/parier-presidentielle.com\/wp-content\/uploads\/2022\/04\/unibet-cote-macron-le-pen-2022-18x4.jpg 18w\" sizes=\"(max-width: 768px) 100vw, 768px\" \/><\/figure>\n\n\n\n<p><\/p>\n\n\n\n<h3 class=\"wp-block-heading\" id=\"comment-realiser-son-1-pari-avec-bwin-c\"><span id=\"comment-realiser-son-1er-pari-avec-unibet\">\u00bfC\u00f3mo hacer tu primera apuesta con Unibet?<\/span><\/h3>\n\n\n\n<p id=\"comment-realiser-son-1-pari-avec-bwin-c\">As\u00ed como puedes apostar a la victoria de tu equipo de f\u00fatbol favorito, es posible apostar al ganador de la carrera hacia el El\u00edseo, \u00a1es r\u00e1pido y f\u00e1cil!<\/p>\n\n\n\n<ol><li>Elija el Candidato por el que desea apostar:<br> \u00a1En nuestro ejemplo es Marine le Pen!<br><\/li><li>Indique el Stake que desea apostar,<br>100\u20ac en nuestra simulaci\u00f3n<br><\/li><li>\u00a1Y ahora se acab\u00f3!<br>En nuestra captura de pantalla, las probabilidades son 501 y la apuesta de 10 \u20ac, en caso de ganar, \u00a1ganar\u00e1s 575 \u20ac!<\/li><\/ol>\n\n\n\n<p><\/p>\n\n\n\n<div class=\"wp-block-image\"><figure class=\"aligncenter size-full is-resized\"><img decoding=\"async\" loading=\"lazy\" src=\"https:\/\/parier-presidentielle.com\/wp-content\/uploads\/2022\/04\/unibet-parier-cote-macron-le-pen-2022.jpg\" alt=\"\" class=\"wp-image-1476\" width=\"464\" height=\"277\"\/><\/figure><\/div>\n\n\n\n<p class=\"has-text-align-center unibet\" style=\"font-size:25px\"><mark style=\"background-color:rgba(0, 0, 0, 0);color:#0d7a12\" class=\"has-inline-color\"><strong><a href=\"https:\/\/parier-presidentielle.com\/es\/recommends\/unibet-text\/\">Bono de 100 \u20ac ofrecido con Unibet <br>Para su primera apuesta en l\u00ednea: Haga clic aqu\u00ed<\/a><\/strong><\/mark><\/p>\n\n\n\n<h2 class=\"wp-block-heading\"><span id=\"emmanuel-macron-ou-marine-le-pen-avec-qui-parier-sur-la-presidentielle\">\u00bfEmanuel Macron o Marine Le Pen con qui\u00e9n apostar en las elecciones presidenciales?<\/span><\/h2>\n\n\n\n<p>En este art\u00edculo le presentaremos las reglas para apostar en pol\u00edtica, luego analizaremos los 2 candidatos y las diferentes apuestas posibles en este evento de la segunda vuelta de las elecciones presidenciales de 2022 en Francia. Apostar en las elecciones presidenciales francesas de 2022 puede ser muy emocionante, como cualquier otro evento deportivo. Para ello es fundamental conocer a los protagonistas y sus respectivas probabilidades.<br><br>La intenci\u00f3n de voto en la primera vuelta de las elecciones presidenciales qued\u00f3 reflejada en una nueva encuesta para 2022 realizada el martes por el Instituto Elabe. Durante la invasi\u00f3n rusa de Ucrania, los \u00edndices de aprobaci\u00f3n de Emmanuel Macron aumentaron y el candidato presidencial obtuvo una gran mayor\u00eda. <br><\/p>\n\n\n\n<div class=\"wp-block-image wp-duotone-000097-ff4747-5\"><figure class=\"aligncenter size-full is-resized\"><img decoding=\"async\" loading=\"lazy\" src=\"https:\/\/parier-presidentielle.com\/wp-content\/uploads\/2022\/03\/macron-le-pen-bookmaker.jpg\" alt=\"\" class=\"wp-image-1024\" width=\"600\" height=\"338\" srcset=\"https:\/\/parier-presidentielle.com\/wp-content\/uploads\/2022\/03\/macron-le-pen-bookmaker.jpg 800w, https:\/\/parier-presidentielle.com\/wp-content\/uploads\/2022\/03\/macron-le-pen-bookmaker-300x169.jpg 300w, https:\/\/parier-presidentielle.com\/wp-content\/uploads\/2022\/03\/macron-le-pen-bookmaker-768x432.jpg 768w\" sizes=\"(max-width: 600px) 100vw, 600px\" \/><\/figure><\/div>\n\n\n\n<p>Seg\u00fan la nueva encuesta Opinion 2022, realizada por el Instituto Elabe y publicada el martes por la noche, el n\u00famero de candidatos presidenciales que se centran principalmente en la guerra en Ucrania aument\u00f3 en 8,5 puntos porcentuales en comparaci\u00f3n con la semana pasada. La intenci\u00f3n de voto del Jefe de Estado en la primera ronda de votaci\u00f3n es actualmente de 33,51 TP4T, frente a los 251 TP4T de la semana pasada.<\/p>\n\n\n\n<p class=\"has-text-align-center unibet\" style=\"font-size:25px\"><mark style=\"background-color:rgba(0, 0, 0, 0);color:#0d7a12\" class=\"has-inline-color\"><strong><a href=\"https:\/\/parier-presidentielle.com\/es\/recommends\/unibet-text\/\">Bono de 100 \u20ac ofrecido con Unibet <br>Para su primera apuesta en l\u00ednea: Haga clic aqu\u00ed<\/a><\/strong><\/mark><\/p>\n\n\n\n<h2 class=\"wp-block-heading\"><span id=\"l8217ecart-au-second-tour-se-creuse-en-cas-de-duel-macron-le-pen\">La brecha en la segunda vuelta se ampl\u00eda en caso de duelo entre Macron y Le Pen<\/span><\/h2>\n\n\n\n<p><br>En la segunda vuelta, si la segunda vuelta es Macron-Le Pen, la brecha entre los dos candidatos se ampliar\u00e1. 61% de los encuestados votaron por el actual jefe de Estado, 3,5% m\u00e1s que la semana pasada.<\/p>\n\n\n\n<p><br>Pero en los \u00faltimos tres a\u00f1os, particularmente con el Brexit y las elecciones estadounidenses, los brit\u00e1nicos y muchos otros pa\u00edses se han vuelto fan\u00e1ticos de las apuestas pol\u00edticas en l\u00ednea. As\u00ed, el mundo entero apuesta por el resultado de las elecciones presidenciales francesas. \u201cNormalmente, en las elecciones s\u00f3lo hab\u00eda unas pocas personas que apostaban por la pol\u00edtica francesa, unos pocos miles de euros. All\u00ed ya hay en juego 350.000 euros. Marion le Pen ser\u00e1 un desastre para nosotros. <a href=\"https:\/\/parier-presidentielle.com\/es\/macron-eleccion\/\"><strong>emmanuel macron<\/strong><\/a>, vamos a ganar mucho dinero\u201d, explic\u00f3 el corredor de apuestas William Hill. <\/p>\n\n\n\n<p>Para los apostadores, Marine Le Pen no es la favorita, sus probabilidades son de 4 a 1. Esto significa que si apuestas 5.000 \u00a3 a su victoria y ella gana, ganar\u00e1s 20.000 \u00a3.<\/p>\n\n\n\n<h2 class=\"wp-block-heading\"><span id=\"les-societes-de-paris-sportifs-parient-sur-l8217election-presidentielle-francaise-le-premier-et-le-second-tour\"><strong>\u00a1Las empresas de apuestas deportivas apuestan por las elecciones presidenciales francesas en la primera y segunda vuelta!<\/strong><\/span><\/h2>\n\n\n\n<p>Las elecciones presidenciales francesas desata la pasi\u00f3n al otro lado del estrecho, donde las apuestas est\u00e1n abiertas... <br>Netbet est\u00e1 ubicado en una zona exclusiva de Londres y es una de las principales empresas de apuestas online como Betclic, Unibet, Winamax. Esta casa de apuestas establecida en el Reino Unido desde 1934: ofrece carreras de caballos, carreras de galgos y grandes eventos deportivos en 2.350 lugares de apuestas en el Reino Unido. <\/p>\n\n\n\n<p><br><\/p>\n\n\n\n<p><\/p>\n\n\n\n<h3 class=\"has-text-align-center wp-block-heading\"><span id=\"dossier-special-bookmaker-unibet-bwin-mondial-quatar\"><br>Casa de apuestas Archivo especial Unibet Bwin &amp; Mondial Qatar <\/span><\/h3>\n\n\n\n<p>Haz tu primera apuesta online en Pol\u00edtica y todos los deportes gracias a nuestros archivos en los diferentes sitios: Betclic, Winamax, Unibet, Betclic: <\/p>\n\n\n\n<p>Con la ayuda de casas de apuestas en l\u00ednea como Bwin, Unibet y Betclic, puedes acceder a una variedad de mercados de apuestas para el torneo, lo que te brinda la oportunidad de ganar a lo grande. En conclusi\u00f3n, el equipo franc\u00e9s podr\u00eda ser uno de los equipos a seguir durante el Mundial 2022. Taza. Con la ayuda de casas de apuestas en l\u00ednea como Bwin, Unibet y Betclic, puede recopilar informaci\u00f3n sobre Portugal y hacer apuestas informadas sobre su desempe\u00f1o en este torneo. Entonces, \u00bfpor qu\u00e9 no aprovechar la oportunidad de beneficiarse potencialmente del \u00e9xito de Francia en 2022?<\/p>\n\n\n\n<p><\/p>\n\n\n\n<p class=\"has-text-align-center unibet\" style=\"font-size:25px\"><mark style=\"background-color:rgba(0, 0, 0, 0);color:#0d7a12\" class=\"has-inline-color\"><strong><a href=\"https:\/\/parier-presidentielle.com\/es\/recommends\/unibet\/\">Bono de 150 \u20ac ofrecido con Unibet<br>Para su 1ra Apuesta Pol\u00edtica o Deportiva: Haga clic aqu\u00ed<\/a><\/strong><\/mark><\/p>\n\n\n\n<p><\/p>\n\n\n<div class=\"wp-block-image\">\n<figure class=\"aligncenter is-resized wp-duotone-000097-ff4747-6\"><img decoding=\"async\" loading=\"lazy\" src=\"https:\/\/parier-presidentielle.com\/wp-content\/uploads\/2021\/09\/election-standard-scale-4_00x-gigapixel-1024x623.jpg\" alt=\"Elecci\u00f3n 2022\" style=\"width:256px;height:156px\" width=\"256\" height=\"156\"\/><\/figure><\/div>\n\n\n<p><br><\/p>\n\n\n\n<p><strong>Parier-presidentielle le ayuda a elegir entre los diferentes<a href=\"https:\/\/parier-presidentielle.com\/es\/\"> Casas de apuestas Bwin, Unibet, Betclic apostar\u00e1n por el futuro presidente estadounidense en 2024<\/a> : <\/strong><br><a href=\"https:\/\/parier-presidentielle.com\/es\/unibet-politica-eleccion-2022\/\">Casa de apuestas presidencial de Unibet<\/a> : \u00a1Gu\u00eda detallada y gratuita para hacer su primera apuesta en l\u00ednea con todas las probabilidades y c\u00f3mo aprovechar el bono ofrecido!<\/p>\n\n\n\n<p>As\u00ed como los dem\u00e1s sitios de apuestas en l\u00ednea: <a href=\"https:\/\/parier-presidentielle.com\/es\/unibet-politica-eleccion-2022\/\">Bwin<\/a>, <a href=\"https:\/\/parier-presidentielle.com\/es\/netbet-apuesta-politica-eleccion-2022\/\">NetBet<\/a>, <a href=\"https:\/\/parier-presidentielle.com\/es\/betclic-presidencial-2022\/\">Betclic<\/a>, <a href=\"https:\/\/parier-presidentielle.com\/es\/winamax-politica-eleccion-2022\/\">Winamax<\/a>, Parions Sport, Zebet, Betway, France-Pari, Vbet, Cloudbet, 1Xbit, 1xbet, Betfair, Betwinner\u2026<\/p>\n\n\n\n<div class=\"wp-block-columns is-layout-flex wp-container-11 wp-block-columns-is-layout-flex\">\n<div class=\"wp-block-column is-layout-flow wp-block-column-is-layout-flow\" style=\"flex-basis:33.33%\">\n<p>Acabas de leer nuestro archivo:<\/p>\n<\/div>\n\n\n\n<div class=\"wp-block-column is-layout-flow wp-block-column-is-layout-flow\" style=\"flex-basis:33.33%\">\n<div class=\"wp-block-group is-layout-flow wp-block-group-is-layout-flow\"><div class=\"wp-block-group__inner-container\"><h4 class=\"has-text-align-center wp-block-post-title\"><span id=\"macron-8211-le-pen-les-bookmakers-donnent-leur-cotes-pour-le-second-tour-de-l8217election-presidentielle\"><a href=\"https:\/\/parier-presidentielle.com\/es\/macron-le-pen-casa-de-apuestas\/\" target=\"_self\" >Macron \u2013 Le Pen: los corredores de apuestas dan sus cuotas para la segunda vuelta de las elecciones presidenciales<\/a><\/span><\/h4><\/div><\/div>\n<\/div>\n\n\n\n<div class=\"wp-block-column is-layout-flow wp-block-column-is-layout-flow\" style=\"flex-basis:33.33%\">\n<p class=\"has-text-align-right\">Contin\u00fae leyendo con nuestros otros archivos exclusivos,<\/p>\n<\/div>\n<\/div>\n\n\n\n<h3 class=\"wp-block-heading\" id=\"tous-les-pronostics-sondage-et-cotes-pour-parier-sur-le-futur-vainqueur-de-l-election-presidentielle-2022\"><span id=\"tous-les-pronostics-sondage-et-cotes-pour-parier-sur-le-futur-vainqueur-de-l8217election-presidentielle-2024\">Todas las Predicciones, Encuestas y Cuotas para apostar sobre el futuro ganador de las elecciones presidenciales de 2024:<\/span><\/h3>\n\n\n\n<ul>\n<li><a href=\"https:\/\/parier-presidentielle.com\/es\/macron-eleccion\/\">Apuesta por Emmanuel Macron con Unibet, Betclic, Bwin<\/a> : El favorito de encuestas y predicciones <\/li>\n\n\n\n<li><a href=\"https:\/\/parier-presidentielle.com\/es\/marine-le-pen-eleccion\/\">Marine Le Pen: sus cuotas y c\u00f3mo apostar con las casas de apuestas<\/a>: El retador seg\u00fan Unibet<\/li>\n<\/ul>\n\n\n\n<p><\/p>\n\n\n\n<center><script type=\"text\/javascript\" charset=\"utf-8\" src=\"https:\/\/www.gambling-affiliation.com\/cpm\/v=AmIMTDSs92QY6b0MzDMvM5laCjJ-ZlA-1oQ-7tKsi.w_GA7331V2\"><\/script><\/center>\n\n\n\n<h3 class=\"wp-block-heading\"><span id=\"donald-trump-vs-joe-biden-la-video-qui-lance-les-paris-en-ligne-sur-l8217election-politique-de-2024\">Donald Trump vs Joe Biden: el v\u00eddeo que lanza las apuestas online sobre las elecciones pol\u00edticas de 2024<\/span><\/h3>\n\n\n\n<figure class=\"wp-block-embed is-type-video is-provider-youtube wp-block-embed-youtube wp-embed-aspect-16-9 wp-has-aspect-ratio\"><div class=\"wp-block-embed__wrapper\">\n<iframe loading=\"lazy\" title=\"El expresidente Donald Trump lanza una candidatura a la Casa Blanca para 2024 #Short\" width=\"640\" height=\"360\" src=\"https:\/\/www.youtube.com\/embed\/hZykPRVe4Ag?feature=oembed\" frameborder=\"0\" allow=\"accelerometer; autoplay; clipboard-write; encrypted-media; gyroscope; picture-in-picture; web-share\" allowfullscreen><\/iframe>\n<\/div><\/figure>\n\n\n<div class=\"wp-block-image\">\n<figure class=\"aligncenter size-medium\"><a href=\"https:\/\/parier-presidentielle.com\/es\/recommends\/unibet\/\" target=\"_blank\" rel=\"noopener\"><img decoding=\"async\" loading=\"lazy\" width=\"300\" height=\"169\" src=\"https:\/\/parier-presidentielle.com\/wp-content\/uploads\/2022\/04\/unibet-300x169.jpg\" alt=\"\" class=\"wp-image-1252\" srcset=\"https:\/\/parier-presidentielle.com\/wp-content\/uploads\/2022\/04\/unibet-300x169.jpg 300w, https:\/\/parier-presidentielle.com\/wp-content\/uploads\/2022\/04\/unibet-1024x576.jpg 1024w, https:\/\/parier-presidentielle.com\/wp-content\/uploads\/2022\/04\/unibet-768x432.jpg 768w, https:\/\/parier-presidentielle.com\/wp-content\/uploads\/2022\/04\/unibet-18x10.jpg 18w, https:\/\/parier-presidentielle.com\/wp-content\/uploads\/2022\/04\/unibet.jpg 1280w\" sizes=\"(max-width: 300px) 100vw, 300px\" \/><\/a><\/figure><\/div>\n\n\n<p>Encuentra en la Wiki, las noticias pol\u00edticas imprescindibles sobre el Cannabis y sus derivados legales: <strong>HHC, H4cbd, Thcp, Thcv, HSD, HHCPO, C4B<\/strong><\/p>\n<div id=\"toc_container\" class=\"no_bullets\"><p class=\"toc_title\">Indice<\/p><ul class=\"toc_list\"><li><ul><li><\/li><li><\/li><\/ul><\/li><li><\/li><li><\/li><li><ul><li><ul><li><\/li><\/ul><\/li><li><\/li><li><\/li><\/ul><\/li><\/ul><\/div>","protected":false},"excerpt":{"rendered":"<p>\u00bfEmmanuel Macron gan\u00f3 las elecciones presidenciales contra Marine Le Pen? Las casas de apuestas o los sitios de apuestas ofrecen ahora apuestas online sobre el ganador de las elecciones presidenciales de 2022. En Francia s\u00f3lo es posible apostar en pol\u00edtica con Unibet. Esto significa que puedes apostar a que ganar\u00e1n o...<\/p>","protected":false},"author":1,"featured_media":0,"parent":0,"menu_order":0,"comment_status":"closed","ping_status":"closed","template":"page-nosidebar.php","meta":{"footnotes":""},"yoast_head":"<!-- This site is optimized with the Yoast SEO Premium plugin v21.0 (Yoast SEO v21.0) - https:\/\/yoast.com\/wordpress\/plugins\/seo\/ -->\n<title>Macron - Le Pen : les Bookmakers donnent leur Cotes pour le Second tour de l&#039;\u00e9lection pr\u00e9sidentielle - Finale Coupe du Monde FIFA<\/title>\n<meta name=\"description\" content=\"Les cotes des bookmakers pour parier sur le second tour Macron - Le Pen\" \/>\n<meta name=\"robots\" content=\"index, follow, max-snippet:-1, max-image-preview:large, max-video-preview:-1\" \/>\n<link rel=\"canonical\" href=\"https:\/\/parier-presidentielle.com\/es\/macron-le-pen-casa-de-apuestas\/\" \/>\n<meta property=\"og:locale\" content=\"es_ES\" \/>\n<meta property=\"og:type\" content=\"article\" \/>\n<meta property=\"og:title\" content=\"Macron - Le Pen : les Bookmakers donnent leur Cotes pour le Second tour de l&#039;\u00e9lection pr\u00e9sidentielle\" \/>\n<meta property=\"og:description\" content=\"Les cotes des bookmakers pour parier sur le second tour Macron - Le Pen\" \/>\n<meta property=\"og:url\" content=\"https:\/\/parier-presidentielle.com\/es\/macron-le-pen-casa-de-apuestas\/\" \/>\n<meta property=\"og:site_name\" content=\"Parier Pr\u00e9sidentielle\" \/>\n<meta property=\"article:modified_time\" content=\"2022-04-24T16:08:09+00:00\" \/>\n<meta property=\"og:image\" content=\"https:\/\/parier-presidentielle.com\/wp-content\/uploads\/2022\/04\/unibet-cote-macron-le-pen-2022-1024x202.jpg\" \/>\n<meta name=\"twitter:card\" content=\"summary_large_image\" \/>\n<meta name=\"twitter:label1\" content=\"Tiempo de lectura\" \/>\n\t<meta name=\"twitter:data1\" content=\"5 minutos\" \/>\n<script type=\"application\/ld+json\" class=\"yoast-schema-graph\">{\"@context\":\"https:\/\/schema.org\",\"@graph\":[{\"@type\":\"WebPage\",\"@id\":\"https:\/\/parier-presidentielle.com\/macron-le-pen-bookmaker\/\",\"url\":\"https:\/\/parier-presidentielle.com\/macron-le-pen-bookmaker\/\",\"name\":\"Macron - Le Pen : les Bookmakers donnent leur Cotes pour le Second tour de l'\u00e9lection pr\u00e9sidentielle - Finale Coupe du Monde FIFA\",\"isPartOf\":{\"@id\":\"https:\/\/parier-presidentielle.com\/#website\"},\"datePublished\":\"2021-09-06T20:23:37+00:00\",\"dateModified\":\"2022-04-24T16:08:09+00:00\",\"description\":\"Les cotes des bookmakers pour parier sur le second tour Macron - Le Pen\",\"breadcrumb\":{\"@id\":\"https:\/\/parier-presidentielle.com\/macron-le-pen-bookmaker\/#breadcrumb\"},\"inLanguage\":\"es\",\"potentialAction\":[{\"@type\":\"ReadAction\",\"target\":[\"https:\/\/parier-presidentielle.com\/macron-le-pen-bookmaker\/\"]}]},{\"@type\":\"BreadcrumbList\",\"@id\":\"https:\/\/parier-presidentielle.com\/macron-le-pen-bookmaker\/#breadcrumb\",\"itemListElement\":[{\"@type\":\"ListItem\",\"position\":1,\"name\":\"Accueil\",\"item\":\"https:\/\/parier-presidentielle.com\/\"},{\"@type\":\"ListItem\",\"position\":2,\"name\":\"Macron &#8211; Le Pen : les Bookmakers donnent leur Cotes pour le Second tour de l&#8217;\u00e9lection pr\u00e9sidentielle\"}]},{\"@type\":\"WebSite\",\"@id\":\"https:\/\/parier-presidentielle.com\/#website\",\"url\":\"https:\/\/parier-presidentielle.com\/\",\"name\":\"Parier Pr\u00e9sidentielle\",\"description\":\"Paris, Pronostics, Wiki sur la Politique, les Elections Am\u00e9ricaines: Joe Biden, Donald Trump avec les Bookmakers en ligne Unibet, Bwin, Betclic, Winamax\",\"potentialAction\":[{\"@type\":\"SearchAction\",\"target\":{\"@type\":\"EntryPoint\",\"urlTemplate\":\"https:\/\/parier-presidentielle.com\/?s={search_term_string}\"},\"query-input\":\"required name=search_term_string\"}],\"inLanguage\":\"es\"}]}<\/script>\n<!-- \/ Yoast SEO Premium plugin. -->","yoast_head_json":{"title":"Macron - Le Pen : les Bookmakers donnent leur Cotes pour le Second tour de l'\u00e9lection pr\u00e9sidentielle - Finale Coupe du Monde FIFA","description":"Les cotes des bookmakers pour parier sur le second tour Macron - Le Pen","robots":{"index":"index","follow":"follow","max-snippet":"max-snippet:-1","max-image-preview":"max-image-preview:large","max-video-preview":"max-video-preview:-1"},"canonical":"https:\/\/parier-presidentielle.com\/es\/macron-le-pen-casa-de-apuestas\/","og_locale":"es_ES","og_type":"article","og_title":"Macron - Le Pen : les Bookmakers donnent leur Cotes pour le Second tour de l'\u00e9lection pr\u00e9sidentielle","og_description":"Les cotes des bookmakers pour parier sur le second tour Macron - Le Pen","og_url":"https:\/\/parier-presidentielle.com\/es\/macron-le-pen-casa-de-apuestas\/","og_site_name":"Parier Pr\u00e9sidentielle","article_modified_time":"2022-04-24T16:08:09+00:00","og_image":[{"url":"https:\/\/parier-presidentielle.com\/wp-content\/uploads\/2022\/04\/unibet-cote-macron-le-pen-2022-1024x202.jpg"}],"twitter_card":"summary_large_image","twitter_misc":{"Tiempo de lectura":"5 minutos"},"schema":{"@context":"https:\/\/schema.org","@graph":[{"@type":"WebPage","@id":"https:\/\/parier-presidentielle.com\/macron-le-pen-bookmaker\/","url":"https:\/\/parier-presidentielle.com\/macron-le-pen-bookmaker\/","name":"Macron - Le Pen : les Bookmakers donnent leur Cotes pour le Second tour de l'\u00e9lection pr\u00e9sidentielle - Finale Coupe du Monde FIFA","isPartOf":{"@id":"https:\/\/parier-presidentielle.com\/#website"},"datePublished":"2021-09-06T20:23:37+00:00","dateModified":"2022-04-24T16:08:09+00:00","description":"Les cotes des bookmakers pour parier sur le second tour Macron - Le Pen","breadcrumb":{"@id":"https:\/\/parier-presidentielle.com\/macron-le-pen-bookmaker\/#breadcrumb"},"inLanguage":"es","potentialAction":[{"@type":"ReadAction","target":["https:\/\/parier-presidentielle.com\/macron-le-pen-bookmaker\/"]}]},{"@type":"BreadcrumbList","@id":"https:\/\/parier-presidentielle.com\/macron-le-pen-bookmaker\/#breadcrumb","itemListElement":[{"@type":"ListItem","position":1,"name":"Accueil","item":"https:\/\/parier-presidentielle.com\/"},{"@type":"ListItem","position":2,"name":"Macron &#8211; Le Pen : les Bookmakers donnent leur Cotes pour le Second tour de l&#8217;\u00e9lection pr\u00e9sidentielle"}]},{"@type":"WebSite","@id":"https:\/\/parier-presidentielle.com\/#website","url":"https:\/\/parier-presidentielle.com\/","name":"Parier Pr\u00e9sidentielle","description":"Paris, Pronostics, Wiki sur la Politique, les Elections Am\u00e9ricaines: Joe Biden, Donald Trump avec les Bookmakers en ligne Unibet, Bwin, Betclic, Winamax","potentialAction":[{"@type":"SearchAction","target":{"@type":"EntryPoint","urlTemplate":"https:\/\/parier-presidentielle.com\/?s={search_term_string}"},"query-input":"required name=search_term_string"}],"inLanguage":"es"}]}},"_links":{"self":[{"href":"https:\/\/parier-presidentielle.com\/es\/wp-json\/wp\/v2\/pages\/30"}],"collection":[{"href":"https:\/\/parier-presidentielle.com\/es\/wp-json\/wp\/v2\/pages"}],"about":[{"href":"https:\/\/parier-presidentielle.com\/es\/wp-json\/wp\/v2\/types\/page"}],"author":[{"embeddable":true,"href":"https:\/\/parier-presidentielle.com\/es\/wp-json\/wp\/v2\/users\/1"}],"replies":[{"embeddable":true,"href":"https:\/\/parier-presidentielle.com\/es\/wp-json\/wp\/v2\/comments?post=30"}],"version-history":[{"count":16,"href":"https:\/\/parier-presidentielle.com\/es\/wp-json\/wp\/v2\/pages\/30\/revisions"}],"predecessor-version":[{"id":1649,"href":"https:\/\/parier-presidentielle.com\/es\/wp-json\/wp\/v2\/pages\/30\/revisions\/1649"}],"wp:attachment":[{"href":"https:\/\/parier-presidentielle.com\/es\/wp-json\/wp\/v2\/media?parent=30"}],"curies":[{"name":"wp","href":"https:\/\/api.w.org\/{rel}","templated":true}]}}