{"id":41,"date":"2021-09-06T23:23:21","date_gmt":"2021-09-06T21:23:21","guid":{"rendered":"https:\/\/parier-presidentielle.com\/?page_id=41"},"modified":"2022-04-24T08:46:18","modified_gmt":"2022-04-24T06:46:18","slug":"marine-le-pen-election","status":"publish","type":"page","link":"https:\/\/parier-presidentielle.com\/es\/marine-le-pen-eleccion\/","title":{"rendered":"Apuesta por la elecci\u00f3n de Marine Le Pen"},"content":{"rendered":"<div class=\"wp-block-columns is-layout-flex wp-container-4 wp-block-columns-is-layout-flex\">\n<div class=\"wp-block-column is-layout-flow wp-block-column-is-layout-flow\" style=\"flex-basis:100%\">\n<div class=\"wp-block-columns is-layout-flex wp-container-2 wp-block-columns-is-layout-flex\">\n<div class=\"wp-block-column is-layout-flow wp-block-column-is-layout-flow\" style=\"flex-basis:100%\">\n<center><script type=\"text\/javascript\" charset=\"utf-8\" src=\"https:\/\/www.gambling-affiliation.com\/cpm\/v=AmIMTDSs92QY6b0MzDMvM5laCjJ-ZlA-1oQ-7tKsi.w_GA7331V2\"><\/script><\/center>\n\n\n\n<p><\/p>\n\n\n\n<div class=\"wp-block-image is-style-default\"><figure class=\"aligncenter size-medium\"><a href=\"https:\/\/parier-presidentielle.com\/es\/recommends\/unibet-logo\/\" target=\"_blank\" rel=\"no follow noopener\"><img decoding=\"async\" loading=\"lazy\" width=\"300\" height=\"169\" src=\"https:\/\/parier-presidentielle.com\/wp-content\/uploads\/2022\/04\/unibet-300x169.jpg\" alt=\"\" class=\"wp-image-1252\" srcset=\"https:\/\/parier-presidentielle.com\/wp-content\/uploads\/2022\/04\/unibet-300x169.jpg 300w, https:\/\/parier-presidentielle.com\/wp-content\/uploads\/2022\/04\/unibet-1024x576.jpg 1024w, https:\/\/parier-presidentielle.com\/wp-content\/uploads\/2022\/04\/unibet-768x432.jpg 768w, https:\/\/parier-presidentielle.com\/wp-content\/uploads\/2022\/04\/unibet-18x10.jpg 18w, https:\/\/parier-presidentielle.com\/wp-content\/uploads\/2022\/04\/unibet.jpg 1280w\" sizes=\"(max-width: 300px) 100vw, 300px\" \/><\/a><\/figure><\/div>\n<\/div>\n<\/div>\n<\/div>\n<\/div>\n\n\n\n<h2 class=\"wp-block-heading\"><span id=\"cote-et-pronostics-pour-le-candidat-marine-le-penparis-en-ligne-sur-la-politique-et-le-futur-president-de-la-france-de-2022\">Cuotas y predicciones para la candidata Marine Le Pen:<br>Apuestas online sobre pol\u00edtica y el futuro presidente de Francia en 2022<br><\/span><\/h2>\n\n\n\n<h3 class=\"wp-block-heading\" id=\"comment-realiser-son-1-pari-avec-bwin-c\"><span id=\"comment-realiser-son-1er-pari-sur-marine-le-pen-avec-unibet\">\u00bfC\u00f3mo hacer tu primera apuesta en Marine Le Pen con Unibet?<\/span><\/h3>\n\n\n\n<p id=\"comment-realiser-son-1-pari-avec-bwin-c\">As\u00ed como puedes apostar a la victoria de tu equipo de f\u00fatbol favorito, es posible apostar al ganador de la carrera hacia el El\u00edseo, \u00a1es r\u00e1pido y f\u00e1cil!<\/p>\n\n\n\n<ol><li>Elija el Candidato por el que desea apostar:<br> \u00a1En nuestro ejemplo es Marine Le Pen!<br><\/li><li>Indique el Stake que desea apostar:<br>100\u20ac en nuestra simulaci\u00f3n<br><\/li><li>\u00a1Y ahora se acab\u00f3!<br>En nuestra captura de pantalla, las probabilidades son 13 y la apuesta de 10 \u20ac. En caso de victoria, \u00a1ganar\u00e1s 130 \u20ac!<\/li><\/ol>\n\n\n\n<p><\/p>\n\n\n\n<div class=\"wp-block-image\"><figure class=\"aligncenter size-large is-resized\"><img decoding=\"async\" loading=\"lazy\" src=\"https:\/\/parier-presidentielle.com\/wp-content\/uploads\/2022\/04\/unibet-parier-cote-marine-le-pen-2022-1024x612.jpg\" alt=\"\" class=\"wp-image-1582\" width=\"512\" height=\"306\" srcset=\"https:\/\/parier-presidentielle.com\/wp-content\/uploads\/2022\/04\/unibet-parier-cote-marine-le-pen-2022-1024x612.jpg 1024w, https:\/\/parier-presidentielle.com\/wp-content\/uploads\/2022\/04\/unibet-parier-cote-marine-le-pen-2022-300x179.jpg 300w, https:\/\/parier-presidentielle.com\/wp-content\/uploads\/2022\/04\/unibet-parier-cote-marine-le-pen-2022-768x459.jpg 768w, https:\/\/parier-presidentielle.com\/wp-content\/uploads\/2022\/04\/unibet-parier-cote-marine-le-pen-2022-18x12.jpg 18w, https:\/\/parier-presidentielle.com\/wp-content\/uploads\/2022\/04\/unibet-parier-cote-marine-le-pen-2022.jpg 1240w\" sizes=\"(max-width: 512px) 100vw, 512px\" \/><\/figure><\/div>\n\n\n\n<h2 class=\"wp-block-heading\"><span id=\"pourquoi-parier-avec-les-bookmakers-unibet-bwin-betclic-sur-la-victoire-du-candidat-emmanuel-macron-pour-le-second-tour\">\u00bfPor qu\u00e9 apostar con las casas de apuestas: Unibet, Bwin, Betclic por la victoria del candidato Emmanuel Macron para la segunda vuelta?<\/span><\/h2>\n\n\n\n<p><strong>\u00a1No pierdas la oportunidad, la elecci\u00f3n se decidir\u00e1 por unos pocos puntos y puedes aprovecharla para ganar mucho dinero porque las encuestas estaban muy equivocadas!<\/strong><br>\u00a1Adem\u00e1s, Unibet es la \u00fanica casa de apuestas que te reembolsa hasta 150\u20ac en tu primera apuesta!<\/p>\n\n\n\n<p class=\"has-text-align-center unibet\" style=\"font-size:25px\"><mark style=\"background-color:rgba(0, 0, 0, 0);color:#0d7a12\" class=\"has-inline-color\"><strong><a href=\"https:\/\/parier-presidentielle.com\/es\/recommends\/unibet-text\/\">Bono de 100 \u20ac ofrecido con Unibet <br>Para su primera apuesta en l\u00ednea: Haga clic aqu\u00ed<\/a><\/strong><\/mark><\/p>\n\n\n\n<h2 class=\"wp-block-heading\"><span id=\"cote-et-pronostics-pour-la-candidate-marine-le-pen-paris-en-ligne-sur-la-politique-et-le-futur-president-de-la-france-de-2022\"><br><br>Probabilidades y predicciones para la candidata Marine Le Pen: Apuestas online sobre la pol\u00edtica y el futuro presidente de Francia en 2022<\/span><\/h2>\n\n\n\n<p>Marion Anne Perrine \u201cMarine\u201d Le Pen (franc\u00e9s:; nacida el 5 de agosto de 1968) es una abogada y pol\u00edtica francesa, presidenta del Rally Nacional (anteriormente Frente Nacional) desde 2011. Fue diputada de la Asamblea Nacional durante el 11\u00ba Pas -distrito electoral de Calais desde 2017.<\/p>\n\n\n\n<p>&nbsp;<\/p>\n\n\n\n<div class=\"wp-block-image wp-duotone-000097-ff4747-5\"><figure class=\"aligncenter is-resized\"><img decoding=\"async\" loading=\"lazy\" src=\"https:\/\/parier-presidentielle.com\/wp-content\/uploads\/2021\/09\/Avec-la-presidentielle-en-vue-Marine-Le-Pen-planifie-son-depart-de-la-presidence-du-Rassemblement-national-1024x512.jpg\" alt=\"Candidata Marine Le Pen\" width=\"512\" height=\"256\"\/><\/figure><\/div>\n\n\n\n<p>Es la hija menor del exl\u00edder del partido Jean-Marie Le Pen y t\u00eda de la exdiputada del FN Marion Mar\u00e9chal. Le Pen se uni\u00f3 al FN en 1986. Fue elegida consejera regional para Norte-Paso de Calais (1998-2004; 2010-2015), Isla de Francia (2004-2010) y Altos de Francia. (2015-presente), miembro del Parlamento Europeo (2004-2017), as\u00ed como concejal municipal de H\u00e9nin-Beaumont (2008-2011). Gan\u00f3 la direcci\u00f3n del FN en 2011, con el 67,6% de los votos, derrotando a Bruno Gollnisch y sucediendo a su padre, que hab\u00eda sido presidente del partido desde su creaci\u00f3n en 1972. En 2012, qued\u00f3 tercera en las elecciones presidenciales con 17,91. TP4T de votos, detr\u00e1s de Fran\u00e7ois Hollande y Nicolas Sarkozy. Lanz\u00f3 una segunda candidatura a la presidencia en las elecciones de 2017. Termin\u00f3 segunda en la primera vuelta de las elecciones con 21,3 % de los votos y se enfrent\u00f3 a Emmanuel Macron del centrista En Marche! en la segunda vuelta de la votaci\u00f3n. El 7 de mayo de 2017, cedi\u00f3 tras recibir aproximadamente el 33,91% de los votos en la segunda vuelta. En 2020 anunci\u00f3 su tercera candidatura presidencial en las elecciones de 2022.<\/p>\n\n\n\n<h2 class=\"wp-block-heading\"><span id=\"l8217histoire-politique-de-marine-le-pen\"><br>La historia pol\u00edtica de Marine Le Pen <\/span><\/h2>\n\n\n\n<p>Calificada como m\u00e1s moderada que su padre nacionalista, Le Pen encabez\u00f3 un movimiento para \u201cdemonizar el Frente Nacional\u201d para suavizar su imagen, basado en posiciones renovadas y equipos renovados, as\u00ed como la expulsi\u00f3n de miembros controvertidos acusados de racismo, antisemitismo, o el petainismo. Expuls\u00f3 a su padre del partido el 20 de agosto de 2015, despu\u00e9s de que \u00e9l hiciera m\u00e1s declaraciones controvertidas. Tambi\u00e9n suaviz\u00f3 algunas posiciones pol\u00edticas del partido, abogando por uniones civiles para parejas del mismo sexo en lugar de la oposici\u00f3n anterior de su partido al reconocimiento legal de las parejas del mismo sexo, aceptando el aborto incondicional y eliminando la pena de muerte de su programa. Ardiente oponente de Estados Unidos y la OTAN, est\u00e1 comprometida a sacar a Francia de sus esferas de influencia.<\/p>\n\n\n\n<p>Le Pen fue presentada por Time como una de las 100 personas m\u00e1s influyentes del mundo en 2011 y 2015. En 2016, Politico la clasific\u00f3 como la segunda eurodiputada m\u00e1s influyente del Parlamento Europeo, despu\u00e9s del presidente del Parlamento Europeo, Martin Schulz. .<\/p>\n\n\n<ul class=\"wp-block-latest-posts__list wp-block-latest-posts\"><li><a class=\"wp-block-latest-posts__post-title\" href=\"https:\/\/parier-presidentielle.com\/es\/elecciones-presidenciales-2022-apostadores-alrededor-del-mundo-estan-apostando-segunda-ronda\/\">Elecciones Presidenciales 2022: \u00a1Apostadores de Todo el Mundo Apuestan en la Segunda Vuelta!<\/a><\/li>\n<li><a class=\"wp-block-latest-posts__post-title\" href=\"https:\/\/parier-presidentielle.com\/es\/elecciones-francesas-quienes-son-los-candidatos\/\">Elecci\u00f3n francesa: \u00bfQui\u00e9nes son los candidatos?<\/a><\/li>\n<li><a class=\"wp-block-latest-posts__post-title\" href=\"https:\/\/parier-presidentielle.com\/es\/macron-bookmakers-encuesta\/\">Macron favorito de los corredores de apuestas tras la guerra en Ucrania<\/a><\/li>\n<\/ul>\n\n\n<p>&nbsp;<\/p>\n\n\n\n<h2 class=\"wp-block-heading\"><span id=\"nbsp\">&nbsp;<\/span><\/h2>\n\n\n\n<p class=\"has-text-align-center unibet\" style=\"font-size:25px\"><mark style=\"background-color:rgba(0, 0, 0, 0);color:#0d7a12\" class=\"has-inline-color\"><strong><a href=\"https:\/\/parier-presidentielle.com\/es\/recommends\/unibet\/\">Bono de 150 \u20ac ofrecido con Unibet<br>Para su 1ra Apuesta Pol\u00edtica o Deportiva: Haga clic aqu\u00ed<\/a><\/strong><\/mark><\/p>\n\n\n\n<p><\/p>\n\n\n<div class=\"wp-block-image\">\n<figure class=\"aligncenter is-resized wp-duotone-000097-ff4747-6\"><img decoding=\"async\" loading=\"lazy\" src=\"https:\/\/parier-presidentielle.com\/wp-content\/uploads\/2021\/09\/election-standard-scale-4_00x-gigapixel-1024x623.jpg\" alt=\"Elecci\u00f3n 2022\" style=\"width:256px;height:156px\" width=\"256\" height=\"156\"\/><\/figure><\/div>\n\n\n<p><br><\/p>\n\n\n\n<p><strong>Parier-presidentielle le ayuda a elegir entre los diferentes<a href=\"https:\/\/parier-presidentielle.com\/es\/\"> Casas de apuestas Bwin, Unibet, Betclic apostar\u00e1n por el futuro presidente estadounidense en 2024<\/a> : <\/strong><br><a href=\"https:\/\/parier-presidentielle.com\/es\/unibet-politica-eleccion-2022\/\">Casa de apuestas presidencial de Unibet<\/a> : \u00a1Gu\u00eda detallada y gratuita para hacer su primera apuesta en l\u00ednea con todas las probabilidades y c\u00f3mo aprovechar el bono ofrecido!<\/p>\n\n\n\n<p>As\u00ed como los dem\u00e1s sitios de apuestas en l\u00ednea: <a href=\"https:\/\/parier-presidentielle.com\/es\/unibet-politica-eleccion-2022\/\">Bwin<\/a>, <a href=\"https:\/\/parier-presidentielle.com\/es\/netbet-apuesta-politica-eleccion-2022\/\">NetBet<\/a>, <a href=\"https:\/\/parier-presidentielle.com\/es\/betclic-presidencial-2022\/\">Betclic<\/a>, <a href=\"https:\/\/parier-presidentielle.com\/es\/winamax-politica-eleccion-2022\/\">Winamax<\/a>, Parions Sport, Zebet, Betway, France-Pari, Vbet, Cloudbet, 1Xbit, 1xbet, Betfair, Betwinner\u2026<\/p>\n\n\n\n<div class=\"wp-block-columns is-layout-flex wp-container-11 wp-block-columns-is-layout-flex\">\n<div class=\"wp-block-column is-layout-flow wp-block-column-is-layout-flow\" style=\"flex-basis:33.33%\">\n<p>Acabas de leer nuestro archivo:<\/p>\n<\/div>\n\n\n\n<div class=\"wp-block-column is-layout-flow wp-block-column-is-layout-flow\" style=\"flex-basis:33.33%\">\n<div class=\"wp-block-group is-layout-flow wp-block-group-is-layout-flow\"><div class=\"wp-block-group__inner-container\"><h4 class=\"has-text-align-center wp-block-post-title\"><span id=\"parier-sur-l8217election-de-marine-le-pen\"><a href=\"https:\/\/parier-presidentielle.com\/es\/marine-le-pen-eleccion\/\" target=\"_self\" >Apuesta por la elecci\u00f3n de Marine Le Pen<\/a><\/span><\/h4><\/div><\/div>\n<\/div>\n\n\n\n<div class=\"wp-block-column is-layout-flow wp-block-column-is-layout-flow\" style=\"flex-basis:33.33%\">\n<p class=\"has-text-align-right\">Contin\u00fae leyendo con nuestros otros archivos exclusivos,<\/p>\n<\/div>\n<\/div>\n\n\n\n<h3 class=\"wp-block-heading\" id=\"tous-les-pronostics-sondage-et-cotes-pour-parier-sur-le-futur-vainqueur-de-l-election-presidentielle-2022\"><span id=\"tous-les-pronostics-sondage-et-cotes-pour-parier-sur-le-futur-vainqueur-de-l8217election-presidentielle-2024\">Todas las Predicciones, Encuestas y Cuotas para apostar sobre el futuro ganador de las elecciones presidenciales de 2024:<\/span><\/h3>\n\n\n\n<ul>\n<li><a href=\"https:\/\/parier-presidentielle.com\/es\/macron-eleccion\/\">Apuesta por Emmanuel Macron con Unibet, Betclic, Bwin<\/a> : El favorito de encuestas y predicciones <\/li>\n\n\n\n<li><a href=\"https:\/\/parier-presidentielle.com\/es\/marine-le-pen-eleccion\/\">Marine Le Pen: sus cuotas y c\u00f3mo apostar con las casas de apuestas<\/a>: El retador seg\u00fan Unibet<\/li>\n<\/ul>\n\n\n\n<p><\/p>\n\n\n\n<center><script type=\"text\/javascript\" charset=\"utf-8\" src=\"https:\/\/www.gambling-affiliation.com\/cpm\/v=AmIMTDSs92QY6b0MzDMvM5laCjJ-ZlA-1oQ-7tKsi.w_GA7331V2\"><\/script><\/center>\n\n\n\n<h3 class=\"wp-block-heading\"><span id=\"donald-trump-vs-joe-biden-la-video-qui-lance-les-paris-en-ligne-sur-l8217election-politique-de-2024\">Donald Trump vs Joe Biden: el v\u00eddeo que lanza las apuestas online sobre las elecciones pol\u00edticas de 2024<\/span><\/h3>\n\n\n\n<figure class=\"wp-block-embed is-type-video is-provider-youtube wp-block-embed-youtube wp-embed-aspect-16-9 wp-has-aspect-ratio\"><div class=\"wp-block-embed__wrapper\">\n<iframe loading=\"lazy\" title=\"El expresidente Donald Trump lanza una candidatura a la Casa Blanca para 2024 #Short\" width=\"640\" height=\"360\" src=\"https:\/\/www.youtube.com\/embed\/hZykPRVe4Ag?feature=oembed\" frameborder=\"0\" allow=\"accelerometer; autoplay; clipboard-write; encrypted-media; gyroscope; picture-in-picture; web-share\" allowfullscreen><\/iframe>\n<\/div><\/figure>\n\n\n<div class=\"wp-block-image\">\n<figure class=\"aligncenter size-medium\"><a href=\"https:\/\/parier-presidentielle.com\/es\/recommends\/unibet\/\" target=\"_blank\" rel=\"noopener\"><img decoding=\"async\" loading=\"lazy\" width=\"300\" height=\"169\" src=\"https:\/\/parier-presidentielle.com\/wp-content\/uploads\/2022\/04\/unibet-300x169.jpg\" alt=\"\" class=\"wp-image-1252\" srcset=\"https:\/\/parier-presidentielle.com\/wp-content\/uploads\/2022\/04\/unibet-300x169.jpg 300w, https:\/\/parier-presidentielle.com\/wp-content\/uploads\/2022\/04\/unibet-1024x576.jpg 1024w, https:\/\/parier-presidentielle.com\/wp-content\/uploads\/2022\/04\/unibet-768x432.jpg 768w, https:\/\/parier-presidentielle.com\/wp-content\/uploads\/2022\/04\/unibet-18x10.jpg 18w, https:\/\/parier-presidentielle.com\/wp-content\/uploads\/2022\/04\/unibet.jpg 1280w\" sizes=\"(max-width: 300px) 100vw, 300px\" \/><\/a><\/figure><\/div>\n\n\n<p>Encuentra en la Wiki, las noticias pol\u00edticas imprescindibles sobre el Cannabis y sus derivados legales: <strong>HHC, H4cbd, Thcp, Thcv, HSD, HHCPO, C4B<\/strong><\/p>\n\n\n\n<p>Palabras clave de la p\u00e1gina: <br>#Marine2022, Par\u00eds Marine Le Pen, Casa de apuestas 2022, <br>Ganador de las elecciones francesas, encuesta #LePen2022 y calificaci\u00f3n deportiva<\/p>\n<div id=\"toc_container\" class=\"no_bullets\"><p class=\"toc_title\">Indice<\/p><ul class=\"toc_list\"><li><ul><li><\/li><\/ul><\/li><li><\/li><li><\/li><li><\/li><li><ul><li><ul><li><\/li><\/ul><\/li><li><\/li><li><\/li><\/ul><\/li><\/ul><\/div>","protected":false},"excerpt":{"rendered":"<p>Cuotas y predicciones para la candidata Marine Le Pen: apuestas en l\u00ednea sobre pol\u00edtica y el futuro presidente de Francia en 2022 \u00bfC\u00f3mo hacer su primera apuesta en Marine Le Pen con Unibet? As\u00ed como puedes apostar a la victoria de tu equipo de f\u00fatbol favorito, es posible apostar a la... <a href=\"https:\/\/parier-presidentielle.com\/es\/marine-le-pen-eleccion\/\" rel=\"noopener noreferrer\">Leer m\u00e1s<\/a><\/p>","protected":false},"author":1,"featured_media":0,"parent":0,"menu_order":0,"comment_status":"closed","ping_status":"closed","template":"page-nosidebar.php","meta":{"footnotes":""},"yoast_head":"<!-- This site is optimized with the Yoast SEO Premium plugin v21.0 (Yoast SEO v21.0) - https:\/\/yoast.com\/wordpress\/plugins\/seo\/ -->\n<title>Parier sur l&#039;\u00e9lection de Marine Le Pen - Finale Coupe du Monde FIFA<\/title>\n<meta name=\"description\" content=\"Pariez sur Marine Le Pen pour l&#039;Election 2022 : Cliquez Ici et Gagnez Gros! Pronostics ,Comparaison des Bookmakers et des meilleurs Cotes.\" \/>\n<meta name=\"robots\" content=\"index, follow, max-snippet:-1, max-image-preview:large, max-video-preview:-1\" \/>\n<link rel=\"canonical\" href=\"https:\/\/parier-presidentielle.com\/es\/marine-le-pen-eleccion\/\" \/>\n<meta property=\"og:locale\" content=\"es_ES\" \/>\n<meta property=\"og:type\" content=\"article\" \/>\n<meta property=\"og:title\" content=\"Parier sur l&#039;\u00e9lection de Marine Le Pen\" \/>\n<meta property=\"og:description\" content=\"Pariez sur Marine Le Pen pour l&#039;Election 2022 : Cliquez Ici et Gagnez Gros! Pronostics ,Comparaison des Bookmakers et des meilleurs Cotes.\" \/>\n<meta property=\"og:url\" content=\"https:\/\/parier-presidentielle.com\/es\/marine-le-pen-eleccion\/\" \/>\n<meta property=\"og:site_name\" content=\"Parier Pr\u00e9sidentielle\" \/>\n<meta property=\"article:modified_time\" content=\"2022-04-24T06:46:18+00:00\" \/>\n<meta property=\"og:image\" content=\"https:\/\/parier-presidentielle.com\/wp-content\/uploads\/2022\/04\/unibet-parier-cote-marine-le-pen-2022-1024x612.jpg\" \/>\n<meta name=\"twitter:card\" content=\"summary_large_image\" \/>\n<meta name=\"twitter:label1\" content=\"Tiempo de lectura\" \/>\n\t<meta name=\"twitter:data1\" content=\"4 minutos\" \/>\n<script type=\"application\/ld+json\" class=\"yoast-schema-graph\">{\"@context\":\"https:\/\/schema.org\",\"@graph\":[{\"@type\":\"WebPage\",\"@id\":\"https:\/\/parier-presidentielle.com\/marine-le-pen-election\/\",\"url\":\"https:\/\/parier-presidentielle.com\/marine-le-pen-election\/\",\"name\":\"Parier sur l'\u00e9lection de Marine Le Pen - Finale Coupe du Monde FIFA\",\"isPartOf\":{\"@id\":\"https:\/\/parier-presidentielle.com\/#website\"},\"datePublished\":\"2021-09-06T21:23:21+00:00\",\"dateModified\":\"2022-04-24T06:46:18+00:00\",\"description\":\"Pariez sur Marine Le Pen pour l'Election 2022 : Cliquez Ici et Gagnez Gros! Pronostics ,Comparaison des Bookmakers et des meilleurs Cotes.\",\"breadcrumb\":{\"@id\":\"https:\/\/parier-presidentielle.com\/marine-le-pen-election\/#breadcrumb\"},\"inLanguage\":\"es\",\"potentialAction\":[{\"@type\":\"ReadAction\",\"target\":[\"https:\/\/parier-presidentielle.com\/marine-le-pen-election\/\"]}]},{\"@type\":\"BreadcrumbList\",\"@id\":\"https:\/\/parier-presidentielle.com\/marine-le-pen-election\/#breadcrumb\",\"itemListElement\":[{\"@type\":\"ListItem\",\"position\":1,\"name\":\"Accueil\",\"item\":\"https:\/\/parier-presidentielle.com\/\"},{\"@type\":\"ListItem\",\"position\":2,\"name\":\"Parier sur l&#8217;\u00e9lection de Marine Le Pen\"}]},{\"@type\":\"WebSite\",\"@id\":\"https:\/\/parier-presidentielle.com\/#website\",\"url\":\"https:\/\/parier-presidentielle.com\/\",\"name\":\"Parier Pr\u00e9sidentielle\",\"description\":\"Paris, Pronostics, Wiki sur la Politique, les Elections Am\u00e9ricaines: Joe Biden, Donald Trump avec les Bookmakers en ligne Unibet, Bwin, Betclic, Winamax\",\"potentialAction\":[{\"@type\":\"SearchAction\",\"target\":{\"@type\":\"EntryPoint\",\"urlTemplate\":\"https:\/\/parier-presidentielle.com\/?s={search_term_string}\"},\"query-input\":\"required name=search_term_string\"}],\"inLanguage\":\"es\"}]}<\/script>\n<!-- \/ Yoast SEO Premium plugin. -->","yoast_head_json":{"title":"Parier sur l'\u00e9lection de Marine Le Pen - Finale Coupe du Monde FIFA","description":"Pariez sur Marine Le Pen pour l'Election 2022 : Cliquez Ici et Gagnez Gros! Pronostics ,Comparaison des Bookmakers et des meilleurs Cotes.","robots":{"index":"index","follow":"follow","max-snippet":"max-snippet:-1","max-image-preview":"max-image-preview:large","max-video-preview":"max-video-preview:-1"},"canonical":"https:\/\/parier-presidentielle.com\/es\/marine-le-pen-eleccion\/","og_locale":"es_ES","og_type":"article","og_title":"Parier sur l'\u00e9lection de Marine Le Pen","og_description":"Pariez sur Marine Le Pen pour l'Election 2022 : Cliquez Ici et Gagnez Gros! Pronostics ,Comparaison des Bookmakers et des meilleurs Cotes.","og_url":"https:\/\/parier-presidentielle.com\/es\/marine-le-pen-eleccion\/","og_site_name":"Parier Pr\u00e9sidentielle","article_modified_time":"2022-04-24T06:46:18+00:00","og_image":[{"url":"https:\/\/parier-presidentielle.com\/wp-content\/uploads\/2022\/04\/unibet-parier-cote-marine-le-pen-2022-1024x612.jpg"}],"twitter_card":"summary_large_image","twitter_misc":{"Tiempo de lectura":"4 minutos"},"schema":{"@context":"https:\/\/schema.org","@graph":[{"@type":"WebPage","@id":"https:\/\/parier-presidentielle.com\/marine-le-pen-election\/","url":"https:\/\/parier-presidentielle.com\/marine-le-pen-election\/","name":"Parier sur l'\u00e9lection de Marine Le Pen - Finale Coupe du Monde FIFA","isPartOf":{"@id":"https:\/\/parier-presidentielle.com\/#website"},"datePublished":"2021-09-06T21:23:21+00:00","dateModified":"2022-04-24T06:46:18+00:00","description":"Pariez sur Marine Le Pen pour l'Election 2022 : Cliquez Ici et Gagnez Gros! Pronostics ,Comparaison des Bookmakers et des meilleurs Cotes.","breadcrumb":{"@id":"https:\/\/parier-presidentielle.com\/marine-le-pen-election\/#breadcrumb"},"inLanguage":"es","potentialAction":[{"@type":"ReadAction","target":["https:\/\/parier-presidentielle.com\/marine-le-pen-election\/"]}]},{"@type":"BreadcrumbList","@id":"https:\/\/parier-presidentielle.com\/marine-le-pen-election\/#breadcrumb","itemListElement":[{"@type":"ListItem","position":1,"name":"Accueil","item":"https:\/\/parier-presidentielle.com\/"},{"@type":"ListItem","position":2,"name":"Parier sur l&#8217;\u00e9lection de Marine Le Pen"}]},{"@type":"WebSite","@id":"https:\/\/parier-presidentielle.com\/#website","url":"https:\/\/parier-presidentielle.com\/","name":"Parier Pr\u00e9sidentielle","description":"Paris, Pronostics, Wiki sur la Politique, les Elections Am\u00e9ricaines: Joe Biden, Donald Trump avec les Bookmakers en ligne Unibet, Bwin, Betclic, Winamax","potentialAction":[{"@type":"SearchAction","target":{"@type":"EntryPoint","urlTemplate":"https:\/\/parier-presidentielle.com\/?s={search_term_string}"},"query-input":"required name=search_term_string"}],"inLanguage":"es"}]}},"_links":{"self":[{"href":"https:\/\/parier-presidentielle.com\/es\/wp-json\/wp\/v2\/pages\/41"}],"collection":[{"href":"https:\/\/parier-presidentielle.com\/es\/wp-json\/wp\/v2\/pages"}],"about":[{"href":"https:\/\/parier-presidentielle.com\/es\/wp-json\/wp\/v2\/types\/page"}],"author":[{"embeddable":true,"href":"https:\/\/parier-presidentielle.com\/es\/wp-json\/wp\/v2\/users\/1"}],"replies":[{"embeddable":true,"href":"https:\/\/parier-presidentielle.com\/es\/wp-json\/wp\/v2\/comments?post=41"}],"version-history":[{"count":19,"href":"https:\/\/parier-presidentielle.com\/es\/wp-json\/wp\/v2\/pages\/41\/revisions"}],"predecessor-version":[{"id":1588,"href":"https:\/\/parier-presidentielle.com\/es\/wp-json\/wp\/v2\/pages\/41\/revisions\/1588"}],"wp:attachment":[{"href":"https:\/\/parier-presidentielle.com\/es\/wp-json\/wp\/v2\/media?parent=41"}],"curies":[{"name":"wp","href":"https:\/\/api.w.org\/{rel}","templated":true}]}}