{"id":422,"date":"2022-01-11T22:54:26","date_gmt":"2022-01-11T21:54:26","guid":{"rendered":"https:\/\/parier-presidentielle.com\/?page_id=422"},"modified":"2022-04-24T09:32:12","modified_gmt":"2022-04-24T07:32:12","slug":"valerie-pecresse-election","status":"publish","type":"page","link":"https:\/\/parier-presidentielle.com\/es\/valerie-pecresse-eleccion\/","title":{"rendered":"Apuesta por la elecci\u00f3n de Val\u00e9rie P\u00e9cresse"},"content":{"rendered":"<h2 class=\"wp-block-heading\"><span id=\"cote-et-pronostics-pour-la-candidate-ump-valerie-pecresse-paris-en-ligne-sur-la-politique-et-la-future-presidente-de-la-france-de-2022\">Probabilidades y predicciones para la candidata de la UMP Val\u00e9rie P\u00e9cresse:<br>Apuestas online sobre pol\u00edtica y el futuro presidente de Francia en 2022<br><br><\/span><\/h2>\n\n\n\n<div class=\"wp-block-image wp-duotone-000097-ff4747-1\"><figure class=\"aligncenter size-large is-resized\"><img decoding=\"async\" loading=\"lazy\" src=\"https:\/\/parier-presidentielle.com\/wp-content\/uploads\/2022\/01\/valerie-pecresse-1024x512.jpeg\" alt=\"Valerie Pecresse\" class=\"wp-image-427\" width=\"526\" height=\"262\" srcset=\"https:\/\/parier-presidentielle.com\/wp-content\/uploads\/2022\/01\/valerie-pecresse-1024x512.jpeg 1024w, https:\/\/parier-presidentielle.com\/wp-content\/uploads\/2022\/01\/valerie-pecresse-300x150.jpeg 300w, https:\/\/parier-presidentielle.com\/wp-content\/uploads\/2022\/01\/valerie-pecresse-768x384.jpeg 768w, https:\/\/parier-presidentielle.com\/wp-content\/uploads\/2022\/01\/valerie-pecresse.jpeg 1440w\" sizes=\"(max-width: 526px) 100vw, 526px\" \/><\/figure><\/div>\n\n\n\n<p><br>Las elecciones presidenciales de 2022 ya est\u00e1n en el punto de mira. Esta ser\u00e1 una prueba para la \u201cnueva normalidad\u201d. Los franceses a\u00fan no han tenido la oportunidad de votar desde el inicio de la crisis sanitaria. Tendr\u00e1n que adaptarse a las nuevas formas de votar, a distancia y con mascarillas. Las elecciones presidenciales son siempre un acontecimiento importante en Francia, por lo que es importante seguir las encuestas y apostar por el candidato que tiene m\u00e1s probabilidades de suceder a Macron.<\/p>\n\n\n\n<p>Este a\u00f1o, muchos candidatos est\u00e1n en la l\u00ednea de salida. Algunos son m\u00e1s conocidos que otros. Apostar por Val\u00e9rie P\u00e9cresse, por ejemplo, es una apuesta segura porque lleva mucho tiempo en pol\u00edtica y tiene sus seguidores. Fue alcaldesa de Versalles de 2002 a 2016 y luego presidenta de \u00cele-de-France hasta 2020.<\/p>\n\n\n\n<p>Presidencial 2022: notas y predicciones de Val\u00e9rie P\u00e9cresse<\/p>\n\n\n\n<p>Val\u00e9rie P\u00e9cresse tom\u00f3 la decisi\u00f3n de presentarse a la presidencia despu\u00e9s de haber militado en varios partidos pol\u00edticos durante su carrera: la UDF, la UMP y luego Les R\u00e9publicains. Form\u00f3 parte del gobierno de Nicolas Sarkozy cuando \u00e9ste asumi\u00f3 la presidencia de Francia en 2007. En 2017, apoy\u00f3 abiertamente a Emmanuel Macron durante la campa\u00f1a presidencial.<\/p>\n\n\n\n<h2 class=\"wp-block-heading\"><span id=\"biographie-de-valerie-pecresse-pour-bien-parier\"> <br>\u00a1Biograf\u00eda de Val\u00e9rie P\u00e9cresse para apostar bien!<\/span><\/h2>\n\n\n\n<p><\/p>\n\n\n\n<p><strong>Valerie Pecresse<\/strong>\u00a0Nacida Val\u00e9rie Roux (Neuilly-sur-Seine, 14 de julio de 1967) es una pol\u00edtica francesa. Actualmente es presidenta del consejo regional de Ile de France.<\/p>\n\n\n\n<p>El 4 de diciembre de 2021, fue elegida candidata a las elecciones presidenciales francesas de 2022 por el Partido Republicano, con 61 votos del % frente a los 39 del % obtenidos por Eric Ciotti en la segunda vuelta de las primarias.<\/p>\n\n\n\n<h2 class=\"wp-block-heading\"><span id=\"biographie\">Biograf\u00eda<\/span><\/h2>\n\n\n\n<p>Auditora del Consejo de Estado desde 1992, fue asesora de Jacques Chirac y ense\u00f1\u00f3 en la facultad del Instituto de Estudios Pol\u00edticos de Par\u00eds durante seis a\u00f1os. Durante las elecciones legislativas de 2002, fue elegido diputado por Yvelines y reelegido en 2007 y 2012. Ministro de Educaci\u00f3n Superior e Investigaci\u00f3n de 2007 a 2011, lider\u00f3 la reforma de la autonom\u00eda universitaria y encabez\u00f3 la lista de la UMP en las elecciones regionales de 2010 en la regi\u00f3n de Isla de Francia. De 2011 a 2012 fue Ministra de Presupuestos, Cuentas P\u00fablicas y Reforma del Estado y portavoz del Gobierno. En diciembre de 2014, fue nombrada coordinadora de las elecciones regionales de 2015 y encabez\u00f3 la lista del partido Les R\u00e9publicains para la regi\u00f3n de Isla de Francia, que gan\u00f3 en la segunda vuelta contra el candidato socialista Claude Bartolone.<\/p>\n\n\n\n<p>Milit\u00f3 en la Uni\u00f3n por un Movimiento Popular (UMP) de 2002 a 2015 y en los Republicanos (LR) hasta el 5 de junio de 2019, cuando anunci\u00f3 que abandonaba el partido tras el fracaso en las elecciones europeas. (8,51 votos TP6T) y la dimisi\u00f3n de Laurent Wauquiez. P\u00e9cresse expres\u00f3 entonces su deseo de \u201c&nbsp;&nbsp;<em>reconstruir la derecha, amenazada de extinci\u00f3n<\/em>&nbsp;&quot;pero de&quot;&nbsp;<em>afuera<\/em>&nbsp;\u201c, liderando a los suyos&nbsp;<em>Seamos libre movimiento<\/em>&nbsp;!.<\/p>\n\n\n\n<h3 class=\"wp-block-heading\"><span id=\"candidat-aux-elections-presidentielles-de-2022\">Candidato a las elecciones presidenciales de 2022<\/span><\/h3>\n\n\n\n<p>El 22 de julio de 2021, Val\u00e9rie P\u00e9cresse anunci\u00f3 su candidatura a las primarias de derecha con vistas a las elecciones presidenciales de 2022, declarando que quer\u00eda \u201crestaurar el orgullo franc\u00e9s\u201d y \u201cponer el orden en Francia\u201d. Candidata al Congreso republicano con el objetivo de nominar al candidato presidencial del partido, retom\u00f3 su tarjeta partidaria en octubre de 2021. El 2 de diciembre qued\u00f3 en segundo lugar en la primera vuelta de las primarias del Congreso, con 25 % de los votos, menos de un punto detr\u00e1s de Eric Ciotti (25,59 %). Despu\u00e9s de que se anunciaran los resultados de la primera vuelta antes de la segunda vuelta, recibi\u00f3 el apoyo de Xavier Bertrand, Michel Barnier y Philippe Juvin. En la segunda vuelta celebrada el 4 de diciembre de 2021, fue elegida candidata a las elecciones presidenciales francesas de 2022. elecci\u00f3n del Partido Republicano, con 61% contra 39% logrados por Eric Ciotti.<\/p>\n\n\n\n<h2 class=\"wp-block-heading\"><span id=\"positions-politiques\">Posiciones pol\u00edticas<\/span><\/h2>\n\n\n\n<p>Declar\u00e1ndose partidario del liberalismo econ\u00f3mico, afirm\u00f3 en agosto de 2021 que se trataba de &quot;dos tercios de Merkel, un tercio de Thatcher&quot;.<\/p>\n\n\n\n<p>A medida que se acercan las elecciones presidenciales de 2022, prometi\u00f3 reducir el gasto p\u00fablico y los impuestos a trav\u00e9s de cuatro grandes reformas: la eliminaci\u00f3n de 150.000 puestos de trabajo en la administraci\u00f3n p\u00fablica, la transici\u00f3n a la jubilaci\u00f3n a los 65 a\u00f1os, la reducci\u00f3n de las prestaciones por desempleo y la separaci\u00f3n del Estado. con empresas competidoras en las que es accionista minoritario.<\/p>\n\n\n\n<p>Opuesta al proyecto de ley sobre el matrimonio entre personas del mismo sexo en Francia, particip\u00f3 en varias manifestaciones contra el matrimonio entre personas del mismo sexo y la paternidad entre personas del mismo sexo entre 2012 y 2013, encabezadas en particular por La Manif pour tous. TIENE<\/p>\n\n\n\n<p>En 2021, abog\u00f3 por un enfoque m\u00e1s restrictivo de la cuesti\u00f3n de la inmigraci\u00f3n, calific\u00e1ndola de &quot;un gran desaf\u00edo para la sociedad&quot;. En particular, propone establecer l\u00edmites m\u00e1ximos anuales de inmigraci\u00f3n y condiciones m\u00e1s estrictas para la expedici\u00f3n de un permiso de residencia, como tener &quot;recursos suficientes&quot; (cuyo importe aumentar\u00eda en 25 %), &quot;dominio de la lengua francesa&quot; y \u201crespeto al laicismo y a los valores de la Rep\u00fablica\u201d. Por \u00faltimo, se quiere excluir de los reg\u00edmenes de asistencia social a las personas que han residido en Francia durante menos de cinco a\u00f1os.<\/p>\n\n\n\n<p><\/p>\n\n\n\n<p><\/p>\n<div id=\"toc_container\" class=\"no_bullets\"><p class=\"toc_title\">Indice<\/p><ul class=\"toc_list\"><li><\/li><li><\/li><li><ul><li><\/li><\/ul><\/li><li><\/li><\/ul><\/div>","protected":false},"excerpt":{"rendered":"<p>Cuotas y predicciones para la candidata de la UMP, Val\u00e9rie P\u00e9cresse: apuestas online sobre pol\u00edtica y el futuro presidente de Francia en 2022 Las elecciones presidenciales de 2022 ya est\u00e1n en el centro de atenci\u00f3n. Esta ser\u00e1 una prueba para la \u201cnueva normalidad\u201d. Los franceses a\u00fan no han tenido la oportunidad de votar desde\u2026<\/p>","protected":false},"author":1,"featured_media":0,"parent":0,"menu_order":0,"comment_status":"closed","ping_status":"closed","template":"page-nosidebar.php","meta":{"footnotes":""},"yoast_head":"<!-- This site is optimized with the Yoast SEO Premium plugin v21.0 (Yoast SEO v21.0) - https:\/\/yoast.com\/wordpress\/plugins\/seo\/ -->\n<title>Parier sur l\u2019\u00e9lection de Val\u00e9rie P\u00e9cresse - Finale Coupe du Monde FIFA<\/title>\n<meta name=\"description\" content=\"Pariez sur P\u00e9cresse pour l&#039;\u00e9lection 2022 : Cliquez Ici et Gagnez Gros! Pronostics ,Comparaison des Bookmakers et des meilleurs Cotes.\" \/>\n<meta name=\"robots\" content=\"index, follow, max-snippet:-1, max-image-preview:large, max-video-preview:-1\" \/>\n<link rel=\"canonical\" href=\"https:\/\/parier-presidentielle.com\/es\/valerie-pecresse-eleccion\/\" \/>\n<meta property=\"og:locale\" content=\"es_ES\" \/>\n<meta property=\"og:type\" content=\"article\" \/>\n<meta property=\"og:title\" content=\"Parier sur l\u2019\u00e9lection de Val\u00e9rie P\u00e9cresse\" \/>\n<meta property=\"og:description\" content=\"Pariez sur P\u00e9cresse pour l&#039;\u00e9lection 2022 : Cliquez Ici et Gagnez Gros! Pronostics ,Comparaison des Bookmakers et des meilleurs Cotes.\" \/>\n<meta property=\"og:url\" content=\"https:\/\/parier-presidentielle.com\/es\/valerie-pecresse-eleccion\/\" \/>\n<meta property=\"og:site_name\" content=\"Parier Pr\u00e9sidentielle\" \/>\n<meta property=\"article:modified_time\" content=\"2022-04-24T07:32:12+00:00\" \/>\n<meta property=\"og:image\" content=\"https:\/\/parier-presidentielle.com\/wp-content\/uploads\/2022\/01\/valerie-pecresse-1024x512.jpeg\" \/>\n<meta name=\"twitter:card\" content=\"summary_large_image\" \/>\n<meta name=\"twitter:label1\" content=\"Tiempo de lectura\" \/>\n\t<meta name=\"twitter:data1\" content=\"5 minutos\" \/>\n<script type=\"application\/ld+json\" class=\"yoast-schema-graph\">{\"@context\":\"https:\/\/schema.org\",\"@graph\":[{\"@type\":\"WebPage\",\"@id\":\"https:\/\/parier-presidentielle.com\/valerie-pecresse-election\/\",\"url\":\"https:\/\/parier-presidentielle.com\/valerie-pecresse-election\/\",\"name\":\"Parier sur l\u2019\u00e9lection de Val\u00e9rie P\u00e9cresse - Finale Coupe du Monde FIFA\",\"isPartOf\":{\"@id\":\"https:\/\/parier-presidentielle.com\/#website\"},\"datePublished\":\"2022-01-11T21:54:26+00:00\",\"dateModified\":\"2022-04-24T07:32:12+00:00\",\"description\":\"Pariez sur P\u00e9cresse pour l'\u00e9lection 2022 : Cliquez Ici et Gagnez Gros! Pronostics ,Comparaison des Bookmakers et des meilleurs Cotes.\",\"breadcrumb\":{\"@id\":\"https:\/\/parier-presidentielle.com\/valerie-pecresse-election\/#breadcrumb\"},\"inLanguage\":\"es\",\"potentialAction\":[{\"@type\":\"ReadAction\",\"target\":[\"https:\/\/parier-presidentielle.com\/valerie-pecresse-election\/\"]}]},{\"@type\":\"BreadcrumbList\",\"@id\":\"https:\/\/parier-presidentielle.com\/valerie-pecresse-election\/#breadcrumb\",\"itemListElement\":[{\"@type\":\"ListItem\",\"position\":1,\"name\":\"Accueil\",\"item\":\"https:\/\/parier-presidentielle.com\/\"},{\"@type\":\"ListItem\",\"position\":2,\"name\":\"Parier sur l\u2019\u00e9lection de Val\u00e9rie P\u00e9cresse\"}]},{\"@type\":\"WebSite\",\"@id\":\"https:\/\/parier-presidentielle.com\/#website\",\"url\":\"https:\/\/parier-presidentielle.com\/\",\"name\":\"Parier Pr\u00e9sidentielle\",\"description\":\"Paris, Pronostics, Wiki sur la Politique, les Elections Am\u00e9ricaines: Joe Biden, Donald Trump avec les Bookmakers en ligne Unibet, Bwin, Betclic, Winamax\",\"potentialAction\":[{\"@type\":\"SearchAction\",\"target\":{\"@type\":\"EntryPoint\",\"urlTemplate\":\"https:\/\/parier-presidentielle.com\/?s={search_term_string}\"},\"query-input\":\"required name=search_term_string\"}],\"inLanguage\":\"es\"}]}<\/script>\n<!-- \/ Yoast SEO Premium plugin. -->","yoast_head_json":{"title":"Parier sur l\u2019\u00e9lection de Val\u00e9rie P\u00e9cresse - Finale Coupe du Monde FIFA","description":"Pariez sur P\u00e9cresse pour l'\u00e9lection 2022 : Cliquez Ici et Gagnez Gros! Pronostics ,Comparaison des Bookmakers et des meilleurs Cotes.","robots":{"index":"index","follow":"follow","max-snippet":"max-snippet:-1","max-image-preview":"max-image-preview:large","max-video-preview":"max-video-preview:-1"},"canonical":"https:\/\/parier-presidentielle.com\/es\/valerie-pecresse-eleccion\/","og_locale":"es_ES","og_type":"article","og_title":"Parier sur l\u2019\u00e9lection de Val\u00e9rie P\u00e9cresse","og_description":"Pariez sur P\u00e9cresse pour l'\u00e9lection 2022 : Cliquez Ici et Gagnez Gros! Pronostics ,Comparaison des Bookmakers et des meilleurs Cotes.","og_url":"https:\/\/parier-presidentielle.com\/es\/valerie-pecresse-eleccion\/","og_site_name":"Parier Pr\u00e9sidentielle","article_modified_time":"2022-04-24T07:32:12+00:00","og_image":[{"url":"https:\/\/parier-presidentielle.com\/wp-content\/uploads\/2022\/01\/valerie-pecresse-1024x512.jpeg"}],"twitter_card":"summary_large_image","twitter_misc":{"Tiempo de lectura":"5 minutos"},"schema":{"@context":"https:\/\/schema.org","@graph":[{"@type":"WebPage","@id":"https:\/\/parier-presidentielle.com\/valerie-pecresse-election\/","url":"https:\/\/parier-presidentielle.com\/valerie-pecresse-election\/","name":"Parier sur l\u2019\u00e9lection de Val\u00e9rie P\u00e9cresse - Finale Coupe du Monde FIFA","isPartOf":{"@id":"https:\/\/parier-presidentielle.com\/#website"},"datePublished":"2022-01-11T21:54:26+00:00","dateModified":"2022-04-24T07:32:12+00:00","description":"Pariez sur P\u00e9cresse pour l'\u00e9lection 2022 : Cliquez Ici et Gagnez Gros! Pronostics ,Comparaison des Bookmakers et des meilleurs Cotes.","breadcrumb":{"@id":"https:\/\/parier-presidentielle.com\/valerie-pecresse-election\/#breadcrumb"},"inLanguage":"es","potentialAction":[{"@type":"ReadAction","target":["https:\/\/parier-presidentielle.com\/valerie-pecresse-election\/"]}]},{"@type":"BreadcrumbList","@id":"https:\/\/parier-presidentielle.com\/valerie-pecresse-election\/#breadcrumb","itemListElement":[{"@type":"ListItem","position":1,"name":"Accueil","item":"https:\/\/parier-presidentielle.com\/"},{"@type":"ListItem","position":2,"name":"Parier sur l\u2019\u00e9lection de Val\u00e9rie P\u00e9cresse"}]},{"@type":"WebSite","@id":"https:\/\/parier-presidentielle.com\/#website","url":"https:\/\/parier-presidentielle.com\/","name":"Parier Pr\u00e9sidentielle","description":"Paris, Pronostics, Wiki sur la Politique, les Elections Am\u00e9ricaines: Joe Biden, Donald Trump avec les Bookmakers en ligne Unibet, Bwin, Betclic, Winamax","potentialAction":[{"@type":"SearchAction","target":{"@type":"EntryPoint","urlTemplate":"https:\/\/parier-presidentielle.com\/?s={search_term_string}"},"query-input":"required name=search_term_string"}],"inLanguage":"es"}]}},"_links":{"self":[{"href":"https:\/\/parier-presidentielle.com\/es\/wp-json\/wp\/v2\/pages\/422"}],"collection":[{"href":"https:\/\/parier-presidentielle.com\/es\/wp-json\/wp\/v2\/pages"}],"about":[{"href":"https:\/\/parier-presidentielle.com\/es\/wp-json\/wp\/v2\/types\/page"}],"author":[{"embeddable":true,"href":"https:\/\/parier-presidentielle.com\/es\/wp-json\/wp\/v2\/users\/1"}],"replies":[{"embeddable":true,"href":"https:\/\/parier-presidentielle.com\/es\/wp-json\/wp\/v2\/comments?post=422"}],"version-history":[{"count":7,"href":"https:\/\/parier-presidentielle.com\/es\/wp-json\/wp\/v2\/pages\/422\/revisions"}],"predecessor-version":[{"id":1598,"href":"https:\/\/parier-presidentielle.com\/es\/wp-json\/wp\/v2\/pages\/422\/revisions\/1598"}],"wp:attachment":[{"href":"https:\/\/parier-presidentielle.com\/es\/wp-json\/wp\/v2\/media?parent=422"}],"curies":[{"name":"wp","href":"https:\/\/api.w.org\/{rel}","templated":true}]}}