{"id":525,"date":"2022-02-17T17:17:02","date_gmt":"2022-02-17T16:17:02","guid":{"rendered":"https:\/\/parier-presidentielle.com\/?page_id=525"},"modified":"2022-04-12T00:47:22","modified_gmt":"2022-04-11T22:47:22","slug":"1xbit-politique","status":"publish","type":"page","link":"https:\/\/parier-presidentielle.com\/es\/1xbit-politica\/","title":{"rendered":"1xBit: Apostar a la Pol\u00edtica en Bitcoin"},"content":{"rendered":"<h2 class=\"wp-block-heading\"><span id=\"1xbit-analyse-du-nouveaux-bookmaker-specialise-en-bitcoin\">1xbit: An\u00e1lisis de la nueva casa de apuestas especializada en Bitcoin<\/span><\/h2>\n\n\n\n<p>1xBit es el sitio de apuestas\/juegos deportivos m\u00e1s innovador del panorama internacional, de hecho <strong>es el \u00fanico que solo permite dep\u00f3sitos y retiros mediante criptomonedas<\/strong>Sin duda se trata de una novedad que ha sacudido el mundo del juego online. <br>Debido a este m\u00e9todo de pago, la plataforma no requiere ninguna licencia espec\u00edfica para operar en el mercado, pero la casa de apuestas se considera segura, ya que forma parte del grupo \u201c1X Corp NV\u201d. Propietario del sitio web m\u00e1s famoso 1xBet con licencia internacional emitida por la ley de Curazao y miles de centros de apuestas en toda Europa, adem\u00e1s, tambi\u00e9n ha desarrollado un espacio considerable en los \u00faltimos a\u00f1os gracias al patrocinio de algunos equipos de f\u00fatbol de talla mundial.<\/p>\n\n\n\n<div class=\"wp-block-image\"><figure class=\"aligncenter size-large is-resized\"><img decoding=\"async\" loading=\"lazy\" src=\"https:\/\/parier-presidentielle.com\/wp-content\/uploads\/2022\/04\/1xBit-pour-parier-sur-la-politique-en-bitcoin-1024x546.jpg\" alt=\"1xbit para apostar a la pol\u00edtica en bitcoin\" class=\"wp-image-1223\" width=\"768\" height=\"410\" srcset=\"https:\/\/parier-presidentielle.com\/wp-content\/uploads\/2022\/04\/1xBit-pour-parier-sur-la-politique-en-bitcoin-1024x546.jpg 1024w, https:\/\/parier-presidentielle.com\/wp-content\/uploads\/2022\/04\/1xBit-pour-parier-sur-la-politique-en-bitcoin-300x160.jpg 300w, https:\/\/parier-presidentielle.com\/wp-content\/uploads\/2022\/04\/1xBit-pour-parier-sur-la-politique-en-bitcoin-768x410.jpg 768w, https:\/\/parier-presidentielle.com\/wp-content\/uploads\/2022\/04\/1xBit-pour-parier-sur-la-politique-en-bitcoin-1536x819.jpg 1536w, https:\/\/parier-presidentielle.com\/wp-content\/uploads\/2022\/04\/1xBit-pour-parier-sur-la-politique-en-bitcoin-2048x1092.jpg 2048w, https:\/\/parier-presidentielle.com\/wp-content\/uploads\/2022\/04\/1xBit-pour-parier-sur-la-politique-en-bitcoin-18x10.jpg 18w\" sizes=\"(max-width: 768px) 100vw, 768px\" \/><\/figure><\/div>\n\n\n\n<p>Volviendo a 1xBit, podemos decir que cuando se trata de apuestas deportivas, es la elecci\u00f3n de muchos apostadores, ya que ofrece una amplia gama de tipos de apuestas con probabilidades muy por encima del promedio y tambi\u00e9n ofrece una excelente secci\u00f3n dedicada a eventos en vivo. Muy f\u00e1cil de usar, incluso aquellos que no est\u00e1n muy familiarizados con el deporte pueden sentir las emociones, gracias a su servicio de estad\u00edsticas constantemente actualizado, sugerencias de juegos para jugar y la posibilidad de chatear en tiempo real con otros jugadores si est\u00e1n conectados. al sitio. Todas estas innovaciones lo convierten en uno de los mejores sitios para apostar. 1xBit tambi\u00e9n te permite seguir muchos eventos en vivo, \u00a1solo necesitas tener dinero en tu cuenta de juego!<\/p>\n\n\n\n<h2 class=\"wp-block-heading\"><span id=\"comment-s8217inscrire-sur-1xbit-et-parier-sur-la-presidentielle\">C\u00f3mo registrarse en 1xbit y apostar en las elecciones presidenciales<\/span><\/h2>\n\n\n\n<p>Otra caracter\u00edstica nueva que seguramente atraer\u00e1 a los apostadores es el registro. <strong>muy r\u00e1pido y completamente an\u00f3nimo<\/strong> en el sitio, de hecho, s\u00f3lo en criptomonedas, sin enviar documentos ni datos personales, sino s\u00f3lo un correo electr\u00f3nico o un n\u00famero de m\u00f3vil\u2026 para registrarse en breve, la operaci\u00f3n de dep\u00f3sito ser\u00e1 completamente an\u00f3nima, respetando plenamente la privacidad del cliente.<\/p>\n\n\n\n<h2 class=\"wp-block-heading\"><span id=\"bonus-de-bienvenue\">bono de bienvenida<\/span><\/h2>\n\n\n\n<p>Como todos los dem\u00e1s sitios de apuestas, 1xBit ofrece un bono de bienvenida a nuevos clientes, hasta 100% de 7 BTC en el primer dep\u00f3sito. El bono de bienvenida ofrecido es v\u00e1lido tanto para apuestas deportivas como para Politics Casino. Para aprovechar al m\u00e1ximo esta promoci\u00f3n, te recomendamos leer sus t\u00e9rminos y condiciones despu\u00e9s de registrarte.<\/p>\n\n\n\n<p>Estos son los puntos m\u00e1s importantes explicados por nuestro equipo:<\/p>\n\n\n\n<p><\/p>\n\n\n\n<p>Para apostar, para obtener el bono, la apuesta debe tener cuota de 1,60, no hay juegos de casino y 1xbit, solo apuesta cualquier cantidad.<\/p>\n\n\n\n<p><\/p>\n\n\n\n<p>Apuesta por la pol\u00edtica pero tambi\u00e9n por el Casino: juegos, m\u00e1quinas tragamonedas\u2026<\/p>\n\n\n\n<p>Le calendrier sportif ne se limite pas au monde du football mais vous permet \u00e9galement de parier sur de nombreux autres sports et dispose \u00e9galement d&#039;une section d\u00e9di\u00e9e aux paris virtuels et d&#039;une section pour les esports afin que vous puissiez choisir parmi un vaste monde de Par\u00eds.<\/p>\n\n\n\n<p>Tambi\u00e9n est\u00e1 la secci\u00f3n Casino, donde encontrar\u00e1s innumerables juegos, incluidas fant\u00e1sticas tragamonedas, as\u00ed como fant\u00e1sticos botes y bonificaciones.<\/p>\n\n\n\n<p>En cuanto al apartado de apuestas o deportes, 1xbit ofrece plataformas tradicionales (muy similares a Melbet, 1xbet y 22Bet). Sin embargo, la experiencia de juego es muy agradable y puedes encontrar la lista de deportes en la barra lateral en el centro de la lista de juegos con probabilidades y tipos de apuestas.<\/p>\n\n\n\n<p><strong>Uno de los puntos fuertes de esta casa de apuestas es el calendario, el hecho de que 1xBit ofrece cuotas enormes,<\/strong> ya sean torneos locales o eventos deportivos internacionales, ni siquiera son competitivos sino altos en comparaci\u00f3n con las competencias.<\/p>\n\n\n\n<p>Otro punto mencionado anteriormente es la p\u00e1gina de 1xbit Sport, que ofrece interesantes opciones como:<\/p>\n\n\n\n<p>Eventos o torneos del d\u00eda: 1xbit selecciona los eventos m\u00e1s importantes del d\u00eda e invita a sus clientes a realizar apuestas, a cambio de ofrecer una promoci\u00f3n diferente cada d\u00eda. (La apuesta m\u00ednima es de 2 Mbt).<\/p>\n\n\n\n<p>Apueste a su equipo nacional: 1xbet utiliza su direcci\u00f3n IP para mostrarle los deportes de su pa\u00eds o el equipo nacional en la p\u00e1gina de inicio de todos los deportes admitidos, como f\u00fatbol, tenis, golf u otras competiciones.<\/p>\n\n\n\n<p>Apuesta en los mejores torneos: Esta opci\u00f3n es muy \u00fatil, muestra en un clic el mejor partido de liga del d\u00eda con las cuotas m\u00e1s altas.<\/p>\n\n\n\n<p>Apuestas en Pol\u00edtica: Esta es probablemente una de las pocas casas de apuestas en la web que ofrece este tipo de juegos, ofreciendo diferentes opciones de apuestas para la situaci\u00f3n pol\u00edtica de todos los pa\u00edses del mundo. Apuesta qui\u00e9n ser\u00e1 el nuevo presidente franc\u00e9s o americano<\/p>\n\n\n\n<p><\/p>\n\n\n\n<h2 class=\"wp-block-heading\"><span id=\"service-clients\">Servicio al Cliente <\/span><\/h2>\n\n\n\n<p><br>El sitio web est\u00e1 totalmente disponible para sus clientes, por lo que ofrece soporte 24 horas al d\u00eda, 7 d\u00edas a la semana a trav\u00e9s de chat en vivo o correo electr\u00f3nico. Los bonos se pagan muy r\u00e1pidamente, de hecho se pagan a m\u00e1s tardar 30 minutos despu\u00e9s del final de la apuesta. Los m\u00e9todos disponibles son: chat en vivo, correo electr\u00f3nico y n\u00fameros de tel\u00e9fono, as\u00ed como soporte v\u00eda redes sociales (1xBit en Twitter, 1xBit en Instagram, 1xBit en el canal de YouTube, 1xBit en Telegram).<\/p>\n\n\n\n<p>Adem\u00e1s, 1xbit tambi\u00e9n ofrece un blog de la empresa que le brinda noticias interesantes e informaci\u00f3n adicional.<\/p>\n\n\n\n<h2 class=\"wp-block-heading\"><span id=\"conclusion-sur-le-bookmaker-1xbit\">Conclusi\u00f3n sobre la casa de apuestas 1xbit<\/span><\/h2>\n\n\n\n<p>\u00a1Este sitio es original! Si deseas visitar un sitio donde puedas apostar en casi muchos deportes u otros tipos de juegos, esta casa de apuestas es para ti. 1xBit.com cumpli\u00f3 con nuestras expectativas y nuestro equipo decidi\u00f3 darle 5 estrellas porque ofrece una excelente experiencia de juego. Tampoco olvidemos la secci\u00f3n de casino, est\u00e1 muy bien hecha, ofrece m\u00e1s de 3.000 m\u00e1quinas tragamonedas, m\u00e1quinas tragamonedas y muchas tarjetas. juegos. El \u00fanico fallo que encontramos fue que no aceptan tarjetas de cr\u00e9dito ni transferencias bancarias online.<\/p>\n\n\n\n<h3 class=\"wp-block-heading\"><span id=\"en-resume\"><br><strong>En resumen<\/strong><\/span><\/h3>\n\n\n\n<p>Ventaja<\/p>\n\n\n\n<ul><li>El \u00fanico sitio de apuestas deportivas que acepta bitcoins<\/li><li>Juegos en vivo y toneladas de m\u00e1quinas tragamonedas.<\/li><li>Grandes promociones y bonos<\/li><li>Dep\u00f3sitos y retiros gratis<\/li><\/ul>\n\n\n\n<p><br>Culpa<\/p>\n\n\n\n<ul><li>No existen otras opciones bancarias adem\u00e1s de las criptomonedas.<\/li><li>El sitio web necesita algunos cambios ergon\u00f3micos.<\/li><\/ul>\n\n\n\n<p class=\"has-text-align-center unibet\" style=\"font-size:25px\"><mark style=\"background-color:rgba(0, 0, 0, 0);color:#0d7a12\" class=\"has-inline-color\"><strong><a href=\"https:\/\/parier-presidentielle.com\/es\/recommends\/unibet\/\">Bono de 150 \u20ac ofrecido con Unibet<br>Para su 1ra Apuesta Pol\u00edtica o Deportiva: Haga clic aqu\u00ed<\/a><\/strong><\/mark><\/p>\n\n\n\n<p><\/p>\n\n\n<div class=\"wp-block-image\">\n<figure class=\"aligncenter is-resized wp-duotone-000097-ff4747-1\"><img decoding=\"async\" loading=\"lazy\" src=\"https:\/\/parier-presidentielle.com\/wp-content\/uploads\/2021\/09\/election-standard-scale-4_00x-gigapixel-1024x623.jpg\" alt=\"Elecci\u00f3n 2022\" style=\"width:256px;height:156px\" width=\"256\" height=\"156\"\/><\/figure><\/div>\n\n\n<p><br><\/p>\n\n\n\n<p><strong>Parier-presidentielle le ayuda a elegir entre los diferentes<a href=\"https:\/\/parier-presidentielle.com\/es\/\"> Casas de apuestas Bwin, Unibet, Betclic apostar\u00e1n por el futuro presidente estadounidense en 2024<\/a> : <\/strong><br><a href=\"https:\/\/parier-presidentielle.com\/es\/unibet-politica-eleccion-2022\/\">Casa de apuestas presidencial de Unibet<\/a> : \u00a1Gu\u00eda detallada y gratuita para hacer su primera apuesta en l\u00ednea con todas las probabilidades y c\u00f3mo aprovechar el bono ofrecido!<\/p>\n\n\n\n<p>As\u00ed como los dem\u00e1s sitios de apuestas en l\u00ednea: <a href=\"https:\/\/parier-presidentielle.com\/es\/unibet-politica-eleccion-2022\/\">Bwin<\/a>, <a href=\"https:\/\/parier-presidentielle.com\/es\/netbet-apuesta-politica-eleccion-2022\/\">NetBet<\/a>, <a href=\"https:\/\/parier-presidentielle.com\/es\/betclic-presidencial-2022\/\">Betclic<\/a>, <a href=\"https:\/\/parier-presidentielle.com\/es\/winamax-politica-eleccion-2022\/\">Winamax<\/a>, Parions Sport, Zebet, Betway, France-Pari, Vbet, Cloudbet, 1Xbit, 1xbet, Betfair, Betwinner\u2026<\/p>\n\n\n\n<div class=\"wp-block-columns is-layout-flex wp-container-6 wp-block-columns-is-layout-flex\">\n<div class=\"wp-block-column is-layout-flow wp-block-column-is-layout-flow\" style=\"flex-basis:33.33%\">\n<p>Acabas de leer nuestro archivo:<\/p>\n<\/div>\n\n\n\n<div class=\"wp-block-column is-layout-flow wp-block-column-is-layout-flow\" style=\"flex-basis:33.33%\">\n<div class=\"wp-block-group is-layout-flow wp-block-group-is-layout-flow\"><div class=\"wp-block-group__inner-container\"><h4 class=\"has-text-align-center wp-block-post-title\"><span id=\"1xbit-pour-parier-sur-la-politique-en-bitcoin\"><a href=\"https:\/\/parier-presidentielle.com\/es\/1xbit-politica\/\" target=\"_self\" >1xBit: Apostar a la Pol\u00edtica en Bitcoin<\/a><\/span><\/h4><\/div><\/div>\n<\/div>\n\n\n\n<div class=\"wp-block-column is-layout-flow wp-block-column-is-layout-flow\" style=\"flex-basis:33.33%\">\n<p class=\"has-text-align-right\">Contin\u00fae leyendo con nuestros otros archivos exclusivos,<\/p>\n<\/div>\n<\/div>\n\n\n\n<h3 class=\"wp-block-heading\" id=\"tous-les-pronostics-sondage-et-cotes-pour-parier-sur-le-futur-vainqueur-de-l-election-presidentielle-2022\"><span id=\"tous-les-pronostics-sondage-et-cotes-pour-parier-sur-le-futur-vainqueur-de-l8217election-presidentielle-2024\">Todas las Predicciones, Encuestas y Cuotas para apostar sobre el futuro ganador de las elecciones presidenciales de 2024:<\/span><\/h3>\n\n\n\n<ul>\n<li><a href=\"https:\/\/parier-presidentielle.com\/es\/macron-eleccion\/\">Apuesta por Emmanuel Macron con Unibet, Betclic, Bwin<\/a> : El favorito de encuestas y predicciones <\/li>\n\n\n\n<li><a href=\"https:\/\/parier-presidentielle.com\/es\/marine-le-pen-eleccion\/\">Marine Le Pen: sus cuotas y c\u00f3mo apostar con las casas de apuestas<\/a>: El retador seg\u00fan Unibet<\/li>\n<\/ul>\n\n\n\n<p><\/p>\n\n\n\n<center><script type=\"text\/javascript\" charset=\"utf-8\" src=\"https:\/\/www.gambling-affiliation.com\/cpm\/v=AmIMTDSs92QY6b0MzDMvM5laCjJ-ZlA-1oQ-7tKsi.w_GA7331V2\"><\/script><\/center>\n\n\n\n<h3 class=\"wp-block-heading\"><span id=\"donald-trump-vs-joe-biden-la-video-qui-lance-les-paris-en-ligne-sur-l8217election-politique-de-2024\">Donald Trump vs Joe Biden: el v\u00eddeo que lanza las apuestas online sobre las elecciones pol\u00edticas de 2024<\/span><\/h3>\n\n\n\n<figure class=\"wp-block-embed is-type-video is-provider-youtube wp-block-embed-youtube wp-embed-aspect-16-9 wp-has-aspect-ratio\"><div class=\"wp-block-embed__wrapper\">\n<iframe loading=\"lazy\" title=\"El expresidente Donald Trump lanza una candidatura a la Casa Blanca para 2024 #Short\" width=\"640\" height=\"360\" src=\"https:\/\/www.youtube.com\/embed\/hZykPRVe4Ag?feature=oembed\" frameborder=\"0\" allow=\"accelerometer; autoplay; clipboard-write; encrypted-media; gyroscope; picture-in-picture; web-share\" allowfullscreen><\/iframe>\n<\/div><\/figure>\n\n\n<div class=\"wp-block-image\">\n<figure class=\"aligncenter size-medium\"><a href=\"https:\/\/parier-presidentielle.com\/es\/recommends\/unibet\/\" target=\"_blank\" rel=\"noopener\"><img decoding=\"async\" loading=\"lazy\" width=\"300\" height=\"169\" src=\"https:\/\/parier-presidentielle.com\/wp-content\/uploads\/2022\/04\/unibet-300x169.jpg\" alt=\"\" class=\"wp-image-1252\" srcset=\"https:\/\/parier-presidentielle.com\/wp-content\/uploads\/2022\/04\/unibet-300x169.jpg 300w, https:\/\/parier-presidentielle.com\/wp-content\/uploads\/2022\/04\/unibet-1024x576.jpg 1024w, https:\/\/parier-presidentielle.com\/wp-content\/uploads\/2022\/04\/unibet-768x432.jpg 768w, https:\/\/parier-presidentielle.com\/wp-content\/uploads\/2022\/04\/unibet-18x10.jpg 18w, https:\/\/parier-presidentielle.com\/wp-content\/uploads\/2022\/04\/unibet.jpg 1280w\" sizes=\"(max-width: 300px) 100vw, 300px\" \/><\/a><\/figure><\/div>\n\n\n<p>Encuentra en la Wiki, las noticias pol\u00edticas imprescindibles sobre el Cannabis y sus derivados legales: <strong>HHC, H4cbd, Thcp, Thcv, HSD, HHCPO, C4B<\/strong><\/p>\n<div id=\"toc_container\" class=\"no_bullets\"><p class=\"toc_title\">Indice<\/p><ul class=\"toc_list\"><li><\/li><li><\/li><li><\/li><li><\/li><li><ul><li><ul><li><\/li><\/ul><\/li><li><\/li><li><\/li><\/ul><\/li><\/ul><\/div>","protected":false},"excerpt":{"rendered":"<p>1xbit: An\u00e1lisis de la nueva casa de apuestas especializada en Bitcoin 1xBit es el sitio de deportes\/juegos de Par\u00eds m\u00e1s innovador del panorama internacional, de hecho es el \u00fanico que solo permite dep\u00f3sitos y retiros a trav\u00e9s de criptomonedas, definitivamente es una novedad que ha sacudido el mundo de los juegos en l\u00ednea. En raz\u00f3n de \u2026<\/p>","protected":false},"author":1,"featured_media":0,"parent":0,"menu_order":0,"comment_status":"closed","ping_status":"closed","template":"page-nosidebar.php","meta":{"footnotes":""},"yoast_head":"<!-- This site is optimized with the Yoast SEO Premium plugin v21.0 (Yoast SEO v21.0) - https:\/\/yoast.com\/wordpress\/plugins\/seo\/ -->\n<title>1xBit : Pour parier sur la Politique en Bitcoin - Finale Coupe du Monde FIFA<\/title>\n<meta name=\"description\" content=\"Parier avec 1xBit : 7 BTC offert pour votre 1er Pari sur la Politique, le Sport! Guide du Bookmaker pour profiter du Bonus de bienvenue...\" \/>\n<meta name=\"robots\" content=\"index, follow, max-snippet:-1, max-image-preview:large, max-video-preview:-1\" \/>\n<link rel=\"canonical\" href=\"https:\/\/parier-presidentielle.com\/es\/1xbit-politica\/\" \/>\n<meta property=\"og:locale\" content=\"es_ES\" \/>\n<meta property=\"og:type\" content=\"article\" \/>\n<meta property=\"og:title\" content=\"1xBit : Pour parier sur la Politique en Bitcoin\" \/>\n<meta property=\"og:description\" content=\"Parier avec 1xBit : 7 BTC offert pour votre 1er Pari sur la Politique, le Sport! Guide du Bookmaker pour profiter du Bonus de bienvenue...\" \/>\n<meta property=\"og:url\" content=\"https:\/\/parier-presidentielle.com\/es\/1xbit-politica\/\" \/>\n<meta property=\"og:site_name\" content=\"Parier Pr\u00e9sidentielle\" \/>\n<meta property=\"article:modified_time\" content=\"2022-04-11T22:47:22+00:00\" \/>\n<meta property=\"og:image\" content=\"https:\/\/parier-presidentielle.com\/wp-content\/uploads\/2022\/04\/1xBit-pour-parier-sur-la-politique-en-bitcoin-1024x546.jpg\" \/>\n<meta name=\"twitter:card\" content=\"summary_large_image\" \/>\n<meta name=\"twitter:label1\" content=\"Tiempo de lectura\" \/>\n\t<meta name=\"twitter:data1\" content=\"6 minutos\" \/>\n<script type=\"application\/ld+json\" class=\"yoast-schema-graph\">{\"@context\":\"https:\/\/schema.org\",\"@graph\":[{\"@type\":\"WebPage\",\"@id\":\"https:\/\/parier-presidentielle.com\/1xbit-politique\/\",\"url\":\"https:\/\/parier-presidentielle.com\/1xbit-politique\/\",\"name\":\"1xBit : Pour parier sur la Politique en Bitcoin - Finale Coupe du Monde FIFA\",\"isPartOf\":{\"@id\":\"https:\/\/parier-presidentielle.com\/#website\"},\"datePublished\":\"2022-02-17T16:17:02+00:00\",\"dateModified\":\"2022-04-11T22:47:22+00:00\",\"description\":\"Parier avec 1xBit : 7 BTC offert pour votre 1er Pari sur la Politique, le Sport! Guide du Bookmaker pour profiter du Bonus de bienvenue...\",\"breadcrumb\":{\"@id\":\"https:\/\/parier-presidentielle.com\/1xbit-politique\/#breadcrumb\"},\"inLanguage\":\"es\",\"potentialAction\":[{\"@type\":\"ReadAction\",\"target\":[\"https:\/\/parier-presidentielle.com\/1xbit-politique\/\"]}]},{\"@type\":\"BreadcrumbList\",\"@id\":\"https:\/\/parier-presidentielle.com\/1xbit-politique\/#breadcrumb\",\"itemListElement\":[{\"@type\":\"ListItem\",\"position\":1,\"name\":\"Accueil\",\"item\":\"https:\/\/parier-presidentielle.com\/\"},{\"@type\":\"ListItem\",\"position\":2,\"name\":\"1xBit : Pour parier sur la Politique en Bitcoin\"}]},{\"@type\":\"WebSite\",\"@id\":\"https:\/\/parier-presidentielle.com\/#website\",\"url\":\"https:\/\/parier-presidentielle.com\/\",\"name\":\"Parier Pr\u00e9sidentielle\",\"description\":\"Paris, Pronostics, Wiki sur la Politique, les Elections Am\u00e9ricaines: Joe Biden, Donald Trump avec les Bookmakers en ligne Unibet, Bwin, Betclic, Winamax\",\"potentialAction\":[{\"@type\":\"SearchAction\",\"target\":{\"@type\":\"EntryPoint\",\"urlTemplate\":\"https:\/\/parier-presidentielle.com\/?s={search_term_string}\"},\"query-input\":\"required name=search_term_string\"}],\"inLanguage\":\"es\"}]}<\/script>\n<!-- \/ Yoast SEO Premium plugin. -->","yoast_head_json":{"title":"1xBit : Pour parier sur la Politique en Bitcoin - Finale Coupe du Monde FIFA","description":"Parier avec 1xBit : 7 BTC offert pour votre 1er Pari sur la Politique, le Sport! Guide du Bookmaker pour profiter du Bonus de bienvenue...","robots":{"index":"index","follow":"follow","max-snippet":"max-snippet:-1","max-image-preview":"max-image-preview:large","max-video-preview":"max-video-preview:-1"},"canonical":"https:\/\/parier-presidentielle.com\/es\/1xbit-politica\/","og_locale":"es_ES","og_type":"article","og_title":"1xBit : Pour parier sur la Politique en Bitcoin","og_description":"Parier avec 1xBit : 7 BTC offert pour votre 1er Pari sur la Politique, le Sport! Guide du Bookmaker pour profiter du Bonus de bienvenue...","og_url":"https:\/\/parier-presidentielle.com\/es\/1xbit-politica\/","og_site_name":"Parier Pr\u00e9sidentielle","article_modified_time":"2022-04-11T22:47:22+00:00","og_image":[{"url":"https:\/\/parier-presidentielle.com\/wp-content\/uploads\/2022\/04\/1xBit-pour-parier-sur-la-politique-en-bitcoin-1024x546.jpg"}],"twitter_card":"summary_large_image","twitter_misc":{"Tiempo de lectura":"6 minutos"},"schema":{"@context":"https:\/\/schema.org","@graph":[{"@type":"WebPage","@id":"https:\/\/parier-presidentielle.com\/1xbit-politique\/","url":"https:\/\/parier-presidentielle.com\/1xbit-politique\/","name":"1xBit : Pour parier sur la Politique en Bitcoin - Finale Coupe du Monde FIFA","isPartOf":{"@id":"https:\/\/parier-presidentielle.com\/#website"},"datePublished":"2022-02-17T16:17:02+00:00","dateModified":"2022-04-11T22:47:22+00:00","description":"Parier avec 1xBit : 7 BTC offert pour votre 1er Pari sur la Politique, le Sport! Guide du Bookmaker pour profiter du Bonus de bienvenue...","breadcrumb":{"@id":"https:\/\/parier-presidentielle.com\/1xbit-politique\/#breadcrumb"},"inLanguage":"es","potentialAction":[{"@type":"ReadAction","target":["https:\/\/parier-presidentielle.com\/1xbit-politique\/"]}]},{"@type":"BreadcrumbList","@id":"https:\/\/parier-presidentielle.com\/1xbit-politique\/#breadcrumb","itemListElement":[{"@type":"ListItem","position":1,"name":"Accueil","item":"https:\/\/parier-presidentielle.com\/"},{"@type":"ListItem","position":2,"name":"1xBit : Pour parier sur la Politique en Bitcoin"}]},{"@type":"WebSite","@id":"https:\/\/parier-presidentielle.com\/#website","url":"https:\/\/parier-presidentielle.com\/","name":"Parier Pr\u00e9sidentielle","description":"Paris, Pronostics, Wiki sur la Politique, les Elections Am\u00e9ricaines: Joe Biden, Donald Trump avec les Bookmakers en ligne Unibet, Bwin, Betclic, Winamax","potentialAction":[{"@type":"SearchAction","target":{"@type":"EntryPoint","urlTemplate":"https:\/\/parier-presidentielle.com\/?s={search_term_string}"},"query-input":"required name=search_term_string"}],"inLanguage":"es"}]}},"_links":{"self":[{"href":"https:\/\/parier-presidentielle.com\/es\/wp-json\/wp\/v2\/pages\/525"}],"collection":[{"href":"https:\/\/parier-presidentielle.com\/es\/wp-json\/wp\/v2\/pages"}],"about":[{"href":"https:\/\/parier-presidentielle.com\/es\/wp-json\/wp\/v2\/types\/page"}],"author":[{"embeddable":true,"href":"https:\/\/parier-presidentielle.com\/es\/wp-json\/wp\/v2\/users\/1"}],"replies":[{"embeddable":true,"href":"https:\/\/parier-presidentielle.com\/es\/wp-json\/wp\/v2\/comments?post=525"}],"version-history":[{"count":8,"href":"https:\/\/parier-presidentielle.com\/es\/wp-json\/wp\/v2\/pages\/525\/revisions"}],"predecessor-version":[{"id":1228,"href":"https:\/\/parier-presidentielle.com\/es\/wp-json\/wp\/v2\/pages\/525\/revisions\/1228"}],"wp:attachment":[{"href":"https:\/\/parier-presidentielle.com\/es\/wp-json\/wp\/v2\/media?parent=525"}],"curies":[{"name":"wp","href":"https:\/\/api.w.org\/{rel}","templated":true}]}}