{"id":54,"date":"2021-09-07T00:14:00","date_gmt":"2021-09-06T22:14:00","guid":{"rendered":"https:\/\/parier-presidentielle.com\/?page_id=54"},"modified":"2022-04-24T12:00:40","modified_gmt":"2022-04-24T10:00:40","slug":"bookmakers-election","status":"publish","type":"page","link":"https:\/\/parier-presidentielle.com\/es\/casa-de-apuesta-election\/","title":{"rendered":"Los corredores de apuestas y las elecciones presidenciales"},"content":{"rendered":"<div class=\"wp-block-columns is-layout-flex wp-container-4 wp-block-columns-is-layout-flex\">\n<div class=\"wp-block-column is-layout-flow wp-block-column-is-layout-flow\" style=\"flex-basis:100%\">\n<div class=\"wp-block-columns is-layout-flex wp-container-2 wp-block-columns-is-layout-flex\">\n<div class=\"wp-block-column is-layout-flow wp-block-column-is-layout-flow\" style=\"flex-basis:100%\">\n<center><script type=\"text\/javascript\" charset=\"utf-8\" src=\"https:\/\/www.gambling-affiliation.com\/cpm\/v=AmIMTDSs92QY6b0MzDMvM5laCjJ-ZlA-1oQ-7tKsi.w_GA7331V2\"><\/script><\/center>\n\n\n\n<p><\/p>\n\n\n\n<div class=\"wp-block-image is-style-default\"><figure class=\"aligncenter size-medium\"><a href=\"https:\/\/parier-presidentielle.com\/es\/recommends\/unibet-logo\/\" target=\"_blank\" rel=\"no follow noopener\"><img decoding=\"async\" loading=\"lazy\" width=\"300\" height=\"169\" src=\"https:\/\/parier-presidentielle.com\/wp-content\/uploads\/2022\/04\/unibet-300x169.jpg\" alt=\"\" class=\"wp-image-1252\" srcset=\"https:\/\/parier-presidentielle.com\/wp-content\/uploads\/2022\/04\/unibet-300x169.jpg 300w, https:\/\/parier-presidentielle.com\/wp-content\/uploads\/2022\/04\/unibet-1024x576.jpg 1024w, https:\/\/parier-presidentielle.com\/wp-content\/uploads\/2022\/04\/unibet-768x432.jpg 768w, https:\/\/parier-presidentielle.com\/wp-content\/uploads\/2022\/04\/unibet-18x10.jpg 18w, https:\/\/parier-presidentielle.com\/wp-content\/uploads\/2022\/04\/unibet.jpg 1280w\" sizes=\"(max-width: 300px) 100vw, 300px\" \/><\/a><\/figure><\/div>\n<\/div>\n<\/div>\n<\/div>\n<\/div>\n\n\n\n<h2 class=\"wp-block-heading\"><span id=\"les-cote-pour-parier-en-ligne-sur-le-futur-vainqueur-en-france-macron-vs-le-pen\">Las cuotas para apostar online al futuro Ganador en Francia Macron vs Le Pen<\/span><\/h2>\n\n\n\n<p>Si buscas un sitio de apuestas o en ingl\u00e9s <a href=\"https:\/\/parier-presidentielle.com\/es\/\">Casa de Apuestas <\/a> para las elecciones presidenciales de 2022, \u00a1aqu\u00ed encontrar\u00e1 la informaci\u00f3n m\u00e1s completa y detallada sobre Parier-Pr\u00e9sidentielle!<br>Adem\u00e1s, encontrar\u00e1s todas las apuestas que ofrecen las casas de apuestas, incluidas las cuotas, los resultados\/tendencias en directo y otras apuestas distintas a la pol\u00edtica, como las apuestas deportivas (f\u00fatbol, etc.) o incluso el p\u00f3quer.<\/p>\n\n\n\n<p>En este art\u00edculo, presentaremos las reglas de la apuesta presidencial de 2022, luego analizaremos los candidatos y las diferentes apuestas posibles en este evento de la segunda vuelta de las elecciones presidenciales de 2022 en Francia.<\/p>\n\n\n\n<p>Descubre todas las cuotas de las elecciones presidenciales de 2022 en <a href=\"https:\/\/parier-presidentielle.com\/es\/unibet-politica-eleccion-2022\/\">Unibet<\/a> ! As\u00ed que ahora que lo sabes todo, \u00a1no lo dudes y ac\u00e9rcate a Bwin, Betclic, William Hill para hacer tus predicciones!<\/p>\n\n\n\n<p>Los encuestadores predijeron una segunda vuelta muy re\u00f1ida, con 52% para Macron y 48% para Le Pen. La brecha es tan estrecha que la victoria en un sentido u otro est\u00e1 dentro del margen de error. Pero, en cualquier caso, est\u00e1 mucho m\u00e1s cerca que en 2017, cuando Macron venci\u00f3 a Le Pen con 66,1 % de los votos.<\/p>\n\n\n\n<p><strong>\u00bfQui\u00e9n tiene m\u00e1s probabilidades de ganar las elecciones presidenciales?<\/strong><\/p>\n\n\n\n<p>Emmanuel Macron con cuota 1,14 y Marine Le Pen con 5,3, por lo que seg\u00fan las casas de apuestas el actual presidente tiene m\u00e1s posibilidades de ganar.<\/p>\n\n\n\n<h2 class=\"wp-block-heading\"><span id=\"une-election-francaise-qui-interesse-le-monde-entier\">\u00a1Una elecci\u00f3n francesa que interesa a todo el mundo!<\/span><\/h2>\n\n\n\n<p>La segunda vuelta de las elecciones presidenciales en Francia fascin\u00f3 a los brit\u00e1nicos. Adem\u00e1s de los medios de comunicaci\u00f3n, las empresas de apuestas en l\u00ednea tambi\u00e9n han analizado detenidamente los \u00faltimos desarrollos de la campa\u00f1a francesa. La cantidad de apuestas estableci\u00f3 un r\u00e9cord. No contento con apostar en carreras de caballos, o juegos de <a href=\"https:\/\/www.foot-parier.com\/\">f\u00fatbol<\/a>, los brit\u00e1nicos ahora pueden apostar en... <strong>las elecciones presidenciales francesas<\/strong> con su numerosa casa de apuestas. <a href=\"https:\/\/parier-presidentielle.com\/es\/macron-eleccion\/\">emmanuel macron <\/a>Donde <a href=\"https:\/\/parier-presidentielle.com\/es\/marine-le-pen-eleccion\/\">Marine Le Pen<\/a>, este cartel claramente fascina a nuestros vecinos del otro lado del Estrecho. En Betclic, una de las empresas de apuestas m\u00e1s grandes del Reino Unido, el l\u00edder de En Marche! La favorita se da con una probabilidad de 1 sobre 8. Marine Le Pen es una outsider con una puntuaci\u00f3n de 5 a 1,5\u201d, explic\u00f3 Rupert Adams a la redacci\u00f3n de TF1. <\/p>\n\n\n\n<blockquote class=\"wp-block-quote\"><p><\/p><cite>\u201cNuestra mayor apuesta son 21.000 euros, lo que no tiene precedentes. \u201c<\/cite><\/blockquote>\n\n\n\n<div class=\"wp-block-image is-style-default wp-duotone-000097-ff4747-5\"><figure class=\"aligncenter size-large is-resized\"><img decoding=\"async\" loading=\"lazy\" src=\"https:\/\/parier-presidentielle.com\/wp-content\/uploads\/2021\/09\/macron-1024x578.jpeg\" alt=\"Macron en un mitin para las elecciones presidenciales\" class=\"wp-image-57\" width=\"675\" height=\"381\" srcset=\"https:\/\/parier-presidentielle.com\/wp-content\/uploads\/2021\/09\/macron-1024x578.jpeg 1024w, https:\/\/parier-presidentielle.com\/wp-content\/uploads\/2021\/09\/macron-300x169.jpeg 300w, https:\/\/parier-presidentielle.com\/wp-content\/uploads\/2021\/09\/macron-768x433.jpeg 768w, https:\/\/parier-presidentielle.com\/wp-content\/uploads\/2021\/09\/macron.jpeg 1255w\" sizes=\"(max-width: 675px) 100vw, 675px\" \/><\/figure><\/div>\n\n\n\n<p>Los medios brit\u00e1nicos informaron ampliamente que <a href=\"https:\/\/parier-presidentielle.com\/es\/\"><strong>las elecciones francesas<\/strong><\/a> pareci\u00f3 generar verdadero entusiasmo. Numerosos acontecimientos, como las elecciones muy abiertas en v\u00edsperas de la primera vuelta, han multiplicado por diez su curiosidad. Toda la informaci\u00f3n sobre la segunda vuelta de las elecciones presidenciales de 2022. La elecci\u00f3n de Trump y el Brexit han desbaratado las encuestas por lo que la situaci\u00f3n puede renovarse en Francia, de ah\u00ed el inter\u00e9s de<a href=\"https:\/\/parier-presidentielle.com\/es\/casa-de-apuestas-eleccion-politique-2022\/\"> apuesta por la casa de apuestas adecuada<\/a>\u2026 Por no hablar de esta nueva forma de abordar la pol\u00edtica: en este \u00e1mbito, al igual que en los acontecimientos deportivos, los resultados nunca est\u00e1n predeterminados. En este sentido, la victoria de las elecciones de Donald Trump o del Brexit en Estados Unidos ha demostrado que nunca se pueden descartar cambios de \u00faltima hora. Lo que dej\u00f3 en vilo al p\u00fablico y a las casas de apuestas.<\/p>\n\n\n\n<h2 class=\"wp-block-heading\"><span id=\"l8217avis-de-l8217expert-en-paris-sportifs-pour-l8217election\">La opini\u00f3n del experto en apuestas deportivas para las elecciones<\/span><\/h2>\n\n\n\n<p>\u201cEstas dos cosas cambiaron la situaci\u00f3n\u201d, subray\u00f3 Emmanuelle de France del sitio. <a href=\"https:\/\/parier-presidentielle.com\/es\/\">Apuestas presidenciales: elecciones de casas de apuestas en Francia,<\/a> del experto en apuestas online <strong>Bwin <\/strong>. &quot;Todo puede pasar. Este es el tercer evento pol\u00edtico que ha despertado tanto inter\u00e9s\u201d, dijo a TF1. Para este grupo de casas de apuestas, la apuesta por el partido del El\u00edseo podr\u00eda superar los 30 millones de euros. Un resultado a\u00fan m\u00e1s sorprendente que el de 2012, durante las \u00faltimas elecciones presidenciales francesas,  <strong>Bwin  <\/strong>no hab\u00eda considerado necesario abrir el evento a los apostadores.<\/p>\n\n\n\n<p>Para todas las elecciones presidenciales de 2022, Unibet ha puesto a disposici\u00f3n de todos sus jugadores multitud de apuestas entre las que se puede apostar por el candidato ganador de la segunda vuelta de las elecciones presidenciales de 2022 en Francia.<\/p>\n\n\n\n<p>\u00a1A partir de ahora podr\u00e1s encontrar todas las cuotas para las elecciones presidenciales de 2022 gracias a Unibet!<\/p>\n\n\n\n<p>En cuanto a Bwin, te ofrece una completa oferta para apostar en pol\u00edtica con, por ejemplo, apuestas por el pr\u00f3ximo presidente de Francia.<\/p>\n\n\n\n<p>De hecho, muchos apostadores ya han hecho sus predicciones sobre este evento futuro eligiendo entre los candidatos que ya han aparecido en encuestas anteriores.<\/p>\n\n\n\n<p>Puedes apostar por Marine Le Pen (5.30 en Bwin), Emmanuel Macron (1.14 en Bwin), Jean-Luc M\u00e9lenchon (15.00 en Bwin), Beno\u00eet Hamon (50.00 en Bwin) o incluso Fran\u00e7ois Baroin (67.00 en Bwin).<\/p>\n\n\n\n<p>\u00a1Encuentre todas las cuotas para las elecciones presidenciales de 2022 en Unibet! As\u00ed que ahora que ya lo sabes todo, \u00a1no lo dudes y entra en bwin para hacer tus predicciones!<\/p>\n\n\n\n<p><\/p>\n\n\n\n<h3 class=\"has-text-align-center wp-block-heading\"><span id=\"dossier-special-bookmaker-unibet-bwin-mondial-quatar\"><br>Casa de apuestas Archivo especial Unibet Bwin &amp; Mondial Qatar <\/span><\/h3>\n\n\n\n<p>Haz tu primera apuesta online en Pol\u00edtica y todos los deportes gracias a nuestros archivos en los diferentes sitios: Betclic, Winamax, Unibet, Betclic: <\/p>\n\n\n\n<p>Con la ayuda de casas de apuestas en l\u00ednea como Bwin, Unibet y Betclic, puedes acceder a una variedad de mercados de apuestas para el torneo, lo que te brinda la oportunidad de ganar a lo grande. En conclusi\u00f3n, el equipo franc\u00e9s podr\u00eda ser uno de los equipos a seguir durante el Mundial 2022. Taza. Con la ayuda de casas de apuestas en l\u00ednea como Bwin, Unibet y Betclic, puede recopilar informaci\u00f3n sobre Portugal y hacer apuestas informadas sobre su desempe\u00f1o en este torneo. Entonces, \u00bfpor qu\u00e9 no aprovechar la oportunidad de beneficiarse potencialmente del \u00e9xito de Francia en 2022?<\/p>\n\n\n\n<p><\/p>\n\n\n\n<p class=\"has-text-align-center unibet\" style=\"font-size:25px\"><mark style=\"background-color:rgba(0, 0, 0, 0);color:#0d7a12\" class=\"has-inline-color\"><strong><a href=\"https:\/\/parier-presidentielle.com\/es\/recommends\/unibet\/\">Bono de 150 \u20ac ofrecido con Unibet<br>Para su 1ra Apuesta Pol\u00edtica o Deportiva: Haga clic aqu\u00ed<\/a><\/strong><\/mark><\/p>\n\n\n\n<p><\/p>\n\n\n<div class=\"wp-block-image\">\n<figure class=\"aligncenter is-resized wp-duotone-000097-ff4747-6\"><img decoding=\"async\" loading=\"lazy\" src=\"https:\/\/parier-presidentielle.com\/wp-content\/uploads\/2021\/09\/election-standard-scale-4_00x-gigapixel-1024x623.jpg\" alt=\"Elecci\u00f3n 2022\" style=\"width:256px;height:156px\" width=\"256\" height=\"156\"\/><\/figure><\/div>\n\n\n<p><br><\/p>\n\n\n\n<p><strong>Parier-presidentielle le ayuda a elegir entre los diferentes<a href=\"https:\/\/parier-presidentielle.com\/es\/\"> Casas de apuestas Bwin, Unibet, Betclic apostar\u00e1n por el futuro presidente estadounidense en 2024<\/a> : <\/strong><br><a href=\"https:\/\/parier-presidentielle.com\/es\/unibet-politica-eleccion-2022\/\">Casa de apuestas presidencial de Unibet<\/a> : \u00a1Gu\u00eda detallada y gratuita para hacer su primera apuesta en l\u00ednea con todas las probabilidades y c\u00f3mo aprovechar el bono ofrecido!<\/p>\n\n\n\n<p>As\u00ed como los dem\u00e1s sitios de apuestas en l\u00ednea: <a href=\"https:\/\/parier-presidentielle.com\/es\/unibet-politica-eleccion-2022\/\">Bwin<\/a>, <a href=\"https:\/\/parier-presidentielle.com\/es\/netbet-apuesta-politica-eleccion-2022\/\">NetBet<\/a>, <a href=\"https:\/\/parier-presidentielle.com\/es\/betclic-presidencial-2022\/\">Betclic<\/a>, <a href=\"https:\/\/parier-presidentielle.com\/es\/winamax-politica-eleccion-2022\/\">Winamax<\/a>, Parions Sport, Zebet, Betway, France-Pari, Vbet, Cloudbet, 1Xbit, 1xbet, Betfair, Betwinner\u2026<\/p>\n\n\n\n<div class=\"wp-block-columns is-layout-flex wp-container-11 wp-block-columns-is-layout-flex\">\n<div class=\"wp-block-column is-layout-flow wp-block-column-is-layout-flow\" style=\"flex-basis:33.33%\">\n<p>Acabas de leer nuestro archivo:<\/p>\n<\/div>\n\n\n\n<div class=\"wp-block-column is-layout-flow wp-block-column-is-layout-flow\" style=\"flex-basis:33.33%\">\n<div class=\"wp-block-group is-layout-flow wp-block-group-is-layout-flow\"><div class=\"wp-block-group__inner-container\"><h4 class=\"has-text-align-center wp-block-post-title\"><span id=\"les-bookmakers-et-l8217election-presidentielle\"><a href=\"https:\/\/parier-presidentielle.com\/es\/casa-de-apuesta-election\/\" target=\"_self\" >Los corredores de apuestas y las elecciones presidenciales<\/a><\/span><\/h4><\/div><\/div>\n<\/div>\n\n\n\n<div class=\"wp-block-column is-layout-flow wp-block-column-is-layout-flow\" style=\"flex-basis:33.33%\">\n<p class=\"has-text-align-right\">Contin\u00fae leyendo con nuestros otros archivos exclusivos,<\/p>\n<\/div>\n<\/div>\n\n\n\n<h3 class=\"wp-block-heading\" id=\"tous-les-pronostics-sondage-et-cotes-pour-parier-sur-le-futur-vainqueur-de-l-election-presidentielle-2022\"><span id=\"tous-les-pronostics-sondage-et-cotes-pour-parier-sur-le-futur-vainqueur-de-l8217election-presidentielle-2024\">Todas las Predicciones, Encuestas y Cuotas para apostar sobre el futuro ganador de las elecciones presidenciales de 2024:<\/span><\/h3>\n\n\n\n<ul>\n<li><a href=\"https:\/\/parier-presidentielle.com\/es\/macron-eleccion\/\">Apuesta por Emmanuel Macron con Unibet, Betclic, Bwin<\/a> : El favorito de encuestas y predicciones <\/li>\n\n\n\n<li><a href=\"https:\/\/parier-presidentielle.com\/es\/marine-le-pen-eleccion\/\">Marine Le Pen: sus cuotas y c\u00f3mo apostar con las casas de apuestas<\/a>: El retador seg\u00fan Unibet<\/li>\n<\/ul>\n\n\n\n<p><\/p>\n\n\n\n<center><script type=\"text\/javascript\" charset=\"utf-8\" src=\"https:\/\/www.gambling-affiliation.com\/cpm\/v=AmIMTDSs92QY6b0MzDMvM5laCjJ-ZlA-1oQ-7tKsi.w_GA7331V2\"><\/script><\/center>\n\n\n\n<h3 class=\"wp-block-heading\"><span id=\"donald-trump-vs-joe-biden-la-video-qui-lance-les-paris-en-ligne-sur-l8217election-politique-de-2024\">Donald Trump vs Joe Biden: el v\u00eddeo que lanza las apuestas online sobre las elecciones pol\u00edticas de 2024<\/span><\/h3>\n\n\n\n<figure class=\"wp-block-embed is-type-video is-provider-youtube wp-block-embed-youtube wp-embed-aspect-16-9 wp-has-aspect-ratio\"><div class=\"wp-block-embed__wrapper\">\n<iframe loading=\"lazy\" title=\"El expresidente Donald Trump lanza una candidatura a la Casa Blanca para 2024 #Short\" width=\"640\" height=\"360\" src=\"https:\/\/www.youtube.com\/embed\/hZykPRVe4Ag?feature=oembed\" frameborder=\"0\" allow=\"accelerometer; autoplay; clipboard-write; encrypted-media; gyroscope; picture-in-picture; web-share\" allowfullscreen><\/iframe>\n<\/div><\/figure>\n\n\n<div class=\"wp-block-image\">\n<figure class=\"aligncenter size-medium\"><a href=\"https:\/\/parier-presidentielle.com\/es\/recommends\/unibet\/\" target=\"_blank\" rel=\"noopener\"><img decoding=\"async\" loading=\"lazy\" width=\"300\" height=\"169\" src=\"https:\/\/parier-presidentielle.com\/wp-content\/uploads\/2022\/04\/unibet-300x169.jpg\" alt=\"\" class=\"wp-image-1252\" srcset=\"https:\/\/parier-presidentielle.com\/wp-content\/uploads\/2022\/04\/unibet-300x169.jpg 300w, https:\/\/parier-presidentielle.com\/wp-content\/uploads\/2022\/04\/unibet-1024x576.jpg 1024w, https:\/\/parier-presidentielle.com\/wp-content\/uploads\/2022\/04\/unibet-768x432.jpg 768w, https:\/\/parier-presidentielle.com\/wp-content\/uploads\/2022\/04\/unibet-18x10.jpg 18w, https:\/\/parier-presidentielle.com\/wp-content\/uploads\/2022\/04\/unibet.jpg 1280w\" sizes=\"(max-width: 300px) 100vw, 300px\" \/><\/a><\/figure><\/div>\n\n\n<p>Encuentra en la Wiki, las noticias pol\u00edticas imprescindibles sobre el Cannabis y sus derivados legales: <strong>HHC, H4cbd, Thcp, Thcv, HSD, HHCPO, C4B<\/strong><\/p>\n\n\n\n<p><\/p>\n\n\n\n<p><\/p>\n<div id=\"toc_container\" class=\"no_bullets\"><p class=\"toc_title\">Indice<\/p><ul class=\"toc_list\"><li><\/li><li><\/li><li><ul><li><ul><li><\/li><\/ul><\/li><li><\/li><li><\/li><\/ul><\/li><\/ul><\/div>","protected":false},"excerpt":{"rendered":"<p>Las cuotas para apostar online al futuro Ganador en Francia Macron vs Le Pen Si buscas una casa de apuestas o una casa de apuestas en ingl\u00e9s para las elecciones presidenciales de 2022, aqu\u00ed encontrar\u00e1s la informaci\u00f3n m\u00e1s completa y detallada sobre Bet-Presidencial. , encontramos todas las apuestas ofrecidas por\u2026<\/p>","protected":false},"author":1,"featured_media":0,"parent":0,"menu_order":0,"comment_status":"closed","ping_status":"closed","template":"page-nosidebar.php","meta":{"footnotes":""},"yoast_head":"<!-- This site is optimized with the Yoast SEO Premium plugin v21.0 (Yoast SEO v21.0) - https:\/\/yoast.com\/wordpress\/plugins\/seo\/ -->\n<title>Les Bookmakers et l&#039;\u00e9lection Pr\u00e9sidentielle - Finale Coupe du Monde FIFA<\/title>\n<meta name=\"description\" content=\"Les cote des sites de paris sur le futur Vainqueur en France Macron vs Le Pen\" \/>\n<meta name=\"robots\" content=\"index, follow, max-snippet:-1, max-image-preview:large, max-video-preview:-1\" \/>\n<link rel=\"canonical\" href=\"https:\/\/parier-presidentielle.com\/es\/casa-de-apuesta-election\/\" \/>\n<meta property=\"og:locale\" content=\"es_ES\" \/>\n<meta property=\"og:type\" content=\"article\" \/>\n<meta property=\"og:title\" content=\"Les Bookmakers et l&#039;\u00e9lection Pr\u00e9sidentielle\" \/>\n<meta property=\"og:description\" content=\"Les cote des sites de paris sur le futur Vainqueur en France Macron vs Le Pen\" \/>\n<meta property=\"og:url\" content=\"https:\/\/parier-presidentielle.com\/es\/casa-de-apuesta-election\/\" \/>\n<meta property=\"og:site_name\" content=\"Parier Pr\u00e9sidentielle\" \/>\n<meta property=\"article:modified_time\" content=\"2022-04-24T10:00:40+00:00\" \/>\n<meta property=\"og:image\" content=\"https:\/\/parier-presidentielle.com\/wp-content\/uploads\/2021\/09\/macron-1024x578.jpeg\" \/>\n<meta name=\"twitter:card\" content=\"summary_large_image\" \/>\n<meta name=\"twitter:label1\" content=\"Tiempo de lectura\" \/>\n\t<meta name=\"twitter:data1\" content=\"5 minutos\" \/>\n<script type=\"application\/ld+json\" class=\"yoast-schema-graph\">{\"@context\":\"https:\/\/schema.org\",\"@graph\":[{\"@type\":\"WebPage\",\"@id\":\"https:\/\/parier-presidentielle.com\/bookmakers-election\/\",\"url\":\"https:\/\/parier-presidentielle.com\/bookmakers-election\/\",\"name\":\"Les Bookmakers et l'\u00e9lection Pr\u00e9sidentielle - Finale Coupe du Monde FIFA\",\"isPartOf\":{\"@id\":\"https:\/\/parier-presidentielle.com\/#website\"},\"datePublished\":\"2021-09-06T22:14:00+00:00\",\"dateModified\":\"2022-04-24T10:00:40+00:00\",\"description\":\"Les cote des sites de paris sur le futur Vainqueur en France Macron vs Le Pen\",\"breadcrumb\":{\"@id\":\"https:\/\/parier-presidentielle.com\/bookmakers-election\/#breadcrumb\"},\"inLanguage\":\"es\",\"potentialAction\":[{\"@type\":\"ReadAction\",\"target\":[\"https:\/\/parier-presidentielle.com\/bookmakers-election\/\"]}]},{\"@type\":\"BreadcrumbList\",\"@id\":\"https:\/\/parier-presidentielle.com\/bookmakers-election\/#breadcrumb\",\"itemListElement\":[{\"@type\":\"ListItem\",\"position\":1,\"name\":\"Accueil\",\"item\":\"https:\/\/parier-presidentielle.com\/\"},{\"@type\":\"ListItem\",\"position\":2,\"name\":\"Les Bookmakers et l&#8217;\u00e9lection Pr\u00e9sidentielle\"}]},{\"@type\":\"WebSite\",\"@id\":\"https:\/\/parier-presidentielle.com\/#website\",\"url\":\"https:\/\/parier-presidentielle.com\/\",\"name\":\"Parier Pr\u00e9sidentielle\",\"description\":\"Paris, Pronostics, Wiki sur la Politique, les Elections Am\u00e9ricaines: Joe Biden, Donald Trump avec les Bookmakers en ligne Unibet, Bwin, Betclic, Winamax\",\"potentialAction\":[{\"@type\":\"SearchAction\",\"target\":{\"@type\":\"EntryPoint\",\"urlTemplate\":\"https:\/\/parier-presidentielle.com\/?s={search_term_string}\"},\"query-input\":\"required name=search_term_string\"}],\"inLanguage\":\"es\"}]}<\/script>\n<!-- \/ Yoast SEO Premium plugin. -->","yoast_head_json":{"title":"Les Bookmakers et l'\u00e9lection Pr\u00e9sidentielle - Finale Coupe du Monde FIFA","description":"Les cote des sites de paris sur le futur Vainqueur en France Macron vs Le Pen","robots":{"index":"index","follow":"follow","max-snippet":"max-snippet:-1","max-image-preview":"max-image-preview:large","max-video-preview":"max-video-preview:-1"},"canonical":"https:\/\/parier-presidentielle.com\/es\/casa-de-apuesta-election\/","og_locale":"es_ES","og_type":"article","og_title":"Les Bookmakers et l'\u00e9lection Pr\u00e9sidentielle","og_description":"Les cote des sites de paris sur le futur Vainqueur en France Macron vs Le Pen","og_url":"https:\/\/parier-presidentielle.com\/es\/casa-de-apuesta-election\/","og_site_name":"Parier Pr\u00e9sidentielle","article_modified_time":"2022-04-24T10:00:40+00:00","og_image":[{"url":"https:\/\/parier-presidentielle.com\/wp-content\/uploads\/2021\/09\/macron-1024x578.jpeg"}],"twitter_card":"summary_large_image","twitter_misc":{"Tiempo de lectura":"5 minutos"},"schema":{"@context":"https:\/\/schema.org","@graph":[{"@type":"WebPage","@id":"https:\/\/parier-presidentielle.com\/bookmakers-election\/","url":"https:\/\/parier-presidentielle.com\/bookmakers-election\/","name":"Les Bookmakers et l'\u00e9lection Pr\u00e9sidentielle - Finale Coupe du Monde FIFA","isPartOf":{"@id":"https:\/\/parier-presidentielle.com\/#website"},"datePublished":"2021-09-06T22:14:00+00:00","dateModified":"2022-04-24T10:00:40+00:00","description":"Les cote des sites de paris sur le futur Vainqueur en France Macron vs Le Pen","breadcrumb":{"@id":"https:\/\/parier-presidentielle.com\/bookmakers-election\/#breadcrumb"},"inLanguage":"es","potentialAction":[{"@type":"ReadAction","target":["https:\/\/parier-presidentielle.com\/bookmakers-election\/"]}]},{"@type":"BreadcrumbList","@id":"https:\/\/parier-presidentielle.com\/bookmakers-election\/#breadcrumb","itemListElement":[{"@type":"ListItem","position":1,"name":"Accueil","item":"https:\/\/parier-presidentielle.com\/"},{"@type":"ListItem","position":2,"name":"Les Bookmakers et l&#8217;\u00e9lection Pr\u00e9sidentielle"}]},{"@type":"WebSite","@id":"https:\/\/parier-presidentielle.com\/#website","url":"https:\/\/parier-presidentielle.com\/","name":"Parier Pr\u00e9sidentielle","description":"Paris, Pronostics, Wiki sur la Politique, les Elections Am\u00e9ricaines: Joe Biden, Donald Trump avec les Bookmakers en ligne Unibet, Bwin, Betclic, Winamax","potentialAction":[{"@type":"SearchAction","target":{"@type":"EntryPoint","urlTemplate":"https:\/\/parier-presidentielle.com\/?s={search_term_string}"},"query-input":"required name=search_term_string"}],"inLanguage":"es"}]}},"_links":{"self":[{"href":"https:\/\/parier-presidentielle.com\/es\/wp-json\/wp\/v2\/pages\/54"}],"collection":[{"href":"https:\/\/parier-presidentielle.com\/es\/wp-json\/wp\/v2\/pages"}],"about":[{"href":"https:\/\/parier-presidentielle.com\/es\/wp-json\/wp\/v2\/types\/page"}],"author":[{"embeddable":true,"href":"https:\/\/parier-presidentielle.com\/es\/wp-json\/wp\/v2\/users\/1"}],"replies":[{"embeddable":true,"href":"https:\/\/parier-presidentielle.com\/es\/wp-json\/wp\/v2\/comments?post=54"}],"version-history":[{"count":26,"href":"https:\/\/parier-presidentielle.com\/es\/wp-json\/wp\/v2\/pages\/54\/revisions"}],"predecessor-version":[{"id":1634,"href":"https:\/\/parier-presidentielle.com\/es\/wp-json\/wp\/v2\/pages\/54\/revisions\/1634"}],"wp:attachment":[{"href":"https:\/\/parier-presidentielle.com\/es\/wp-json\/wp\/v2\/media?parent=54"}],"curies":[{"name":"wp","href":"https:\/\/api.w.org\/{rel}","templated":true}]}}