{"id":557,"date":"2022-02-21T12:38:33","date_gmt":"2022-02-21T11:38:33","guid":{"rendered":"https:\/\/parier-presidentielle.com\/?page_id=557"},"modified":"2022-10-27T08:34:43","modified_gmt":"2022-10-27T06:34:43","slug":"bwin-paris-sur-la-politique","status":"publish","type":"page","link":"https:\/\/parier-presidentielle.com\/es\/bwin-apuestas-en-politica\/","title":{"rendered":"Bwin: apostando a la pol\u00edtica"},"content":{"rendered":"<h2 class=\"wp-block-heading\" id=\"l-integralite-des-cotes-de-bwin-france-usa\"><span id=\"l8217integralite-des-cotes-de-bwin-pour-les-elections-en-france-usa8230\">Las cuotas completas de Bwin para las elecciones en Francia, Estados Unidos\u2026<\/span><\/h2>\n\n\n\n<p>Si Bwin es uno de los l\u00edderes de las Apuestas Deportivas, tambi\u00e9n es la mejor casa de apuestas en el campo de las Apuestas Pol\u00edticas y las Elecciones Presidenciales porque ofrece la mayor cantidad de apuestas sobre la vida pol\u00edtica francesa, estadounidense, brit\u00e1nica (Primer Ministro)\u2026<br><\/p>\n\n\n<div class=\"wp-block-image\">\n<figure class=\"aligncenter size-medium is-resized\"><img decoding=\"async\" src=\"https:\/\/parier-presidentielle.com\/wp-content\/uploads\/2022\/02\/bwin-elections-300x175.png\" alt=\"\" class=\"wp-image-559\" width=\"500\" srcset=\"https:\/\/parier-presidentielle.com\/wp-content\/uploads\/2022\/02\/bwin-elections-300x175.png 300w, https:\/\/parier-presidentielle.com\/wp-content\/uploads\/2022\/02\/bwin-elections-1024x597.png 1024w, https:\/\/parier-presidentielle.com\/wp-content\/uploads\/2022\/02\/bwin-elections-768x448.png 768w, https:\/\/parier-presidentielle.com\/wp-content\/uploads\/2022\/02\/bwin-elections-1536x896.png 1536w, https:\/\/parier-presidentielle.com\/wp-content\/uploads\/2022\/02\/bwin-elections.png 1961w\" sizes=\"(max-width: 300px) 100vw, 300px\" \/><\/figure><\/div>\n\n\n<h3 class=\"wp-block-heading\" id=\"prochain-candidat-a-la-cour-supreme-des-etats-unis-les-cotes-de-bwin\"><span id=\"i\"><br><\/span><\/h3>\n\n\n\n<p>A medida que se acercan las elecciones presidenciales, Bwin se ofrece a apostar en las elecciones. Bwin es una casa de apuestas especializada en apuestas deportivas online y apuestas en vivo. Francia fue elegida presidenta de la Rep\u00fablica el 24 de abril de 2022.<\/p>\n\n\n\n<p><strong>Apuesta en las pr\u00f3ximas elecciones<\/strong><\/p>\n\n\n\n<p>El pr\u00f3ximo gran acontecimiento pol\u00edtico ser\u00e1n las elecciones presidenciales en Francia. En la segunda vuelta, el 24 de abril de 2022, hay dos tipos de apuestas pol\u00edticas disponibles: \u00bfqui\u00e9n ser\u00e1 el presidente electo despu\u00e9s de las elecciones? \u00bfPero tambi\u00e9n qu\u00e9 partido obtendr\u00e1 la mayor\u00eda absoluta en la Asamblea Nacional?<\/p>\n\n\n\n<p>Bwin indica que en los \u00faltimos a\u00f1os las apuestas han adquirido una nueva dimensi\u00f3n. De hecho, muchos pol\u00edticos han podido aprovechar este tipo de apuesta para hacer llegar su mensaje. Adem\u00e1s, \u00a1algunos candidatos incluso afirmaron que hab\u00edan ganado incluso antes de que cerraran las urnas! En resumen, las apuestas se han convertido en una parte integral de cualquier evento pol\u00edtico importante. Podemos ver esto como una verdadera demostraci\u00f3n de compromiso democr\u00e1tico.<\/p>\n\n\n\n<p>En este sentido, la victoria de Emmanuel Macron ha estimulado mucho el inter\u00e9s por apostar por la pol\u00edtica. Y si quieres saberlo todo sobre la pol\u00edtica francesa y sus elecciones (presidenciales, legislativas o locales), \u00a1has venido al lugar indicado! Las casas de apuestas ofrecen toda la informaci\u00f3n posible: encuestas, cuotas, pero tambi\u00e9n consejos y predicciones para cada elecci\u00f3n.<\/p>\n\n\n\n<h3 class=\"wp-block-heading\" id=\"prochain-candidat-a-la-cour-supreme-des-etats-unis-les-cotes-de-bwin\"><span id=\"prochain-candidat-a-la-cour-supreme-des-etats-unis-les-cotes-de-bwin\"><a href=\"https:\/\/parier-presidentielle.com\/es\/apuesta-candidato-corte-suprema-estados-unidos\/\">Siguiente Candidato a la Corte Suprema de los Estados Unidos, las probabilidades de Bwin<\/a><\/span><\/h3>\n\n\n\n<p id=\"prochain-candidat-a-la-cour-supreme-des-etats-unis01-04-2022-23-00\">D\u00eda de elecci\u00f3n. 01\/04\/2022 23:00<br><strong>\u00bfQui\u00e9n ser\u00e1 el pr\u00f3ximo candidato a la Corte Suprema de los Estados Unidos?<\/strong> <br>Encuentra todas las cuotas de Bwin para apostar por los candidatos: <br>Ketanji Brown Jackson, Julianna Michelle Childs, Leondra Kruger...<br><\/p>\n\n\n\n<h3 class=\"wp-block-heading\" id=\"prochaine-election-presidentielle-en-france-les-cotes-de-bwin\"><span id=\"prochaine-election-presidentielle-en-france-les-cotes-de-bwin\"><a href=\"https:\/\/parier-presidentielle.com\/es\/bwin-politica-eleccion-2022\/\">Pr\u00f3ximas elecciones presidenciales en Francia, las probabilidades de Bwin<\/a><\/span><\/h3>\n\n\n\n<p>D\u00eda de elecci\u00f3n. 14\/05\/2022 12:00<br><strong>\u00bfQui\u00e9n ser\u00e1 el pr\u00f3ximo presidente de la Rep\u00fablica Francesa?<\/strong> <br>Encuentra todas las cuotas de Bwin para apostar por los candidatos: <br><a href=\"https:\/\/parier-presidentielle.com\/es\/macron-eleccion\/\">emmanuel macron<\/a>, Valerie P\u00e9cresse, Anne Hidalgo, <a href=\"https:\/\/parier-presidentielle.com\/es\/marine-le-pen-eleccion\/\">Marine Le Pen<\/a>, Jean-Luc M\u00e9lenchon, <a href=\"https:\/\/parier-presidentielle.com\/es\/zemmour-eleccion\/\">eric zemmour<\/a><br><\/p>\n\n\n\n<h3 class=\"wp-block-heading\" id=\"election-presidentielle-americaine-2024-les-cotes-de-bwin\"><span id=\"election-presidentielle-americaine-2024-les-cotes-de-bwin\"><br>Elecciones presidenciales de EE. UU. 2024, cuotas de Bwin<\/span><\/h3>\n\n\n\n<p>05\/11\/2024 22:00<br>Encuentra todas las cuotas de Bwin para apostar por los candidatos: <br>Donald Trump, Joe Biden, Kamala Harris, Pete Buttigieg, Tucker Carlson, Elizabeth Warren, Hillary Clinton,<br>Alexandria Ocasio-Cortez, Marco Rubio, Ted Cruz, Mike Pompeo, Mitt Romney\u2026<\/p>\n\n\n\n<h3 class=\"wp-block-heading\" id=\"prochain-premier-ministre-du-royaume-uni-les-cotes-de-bwin\"><span id=\"prochain-premier-ministre-du-royaume-uni-les-cotes-de-bwin\"><br><br>Siguiente Primer ministro del Reino Unido, los ratings de Bwin<\/span><\/h3>\n\n\n\n<p><br>01\/01\/2025 10:00<br><\/p>\n\n\n\n<h2 class=\"wp-block-heading\" id=\"sondage-trahison-les-specificite-du-paris-politique\"><span id=\"sondage-trahison-les-specificite-du-paris-politique\">Encuesta, traici\u00f3n: las especificidades del Par\u00eds pol\u00edtico<\/span><\/h2>\n\n\n\n<p><br>Apostar por adelantado puede dar grandes frutos: porque las apuestas sobre los resultados de las elecciones pol\u00edticas est\u00e1n disponibles en <a href=\"https:\/\/parier-presidentielle.com\/es\/bwin-politica-eleccion-2022\/\"><strong>Bwin<\/strong><\/a> y puede comenzar a\u00f1os antes del d\u00eda de las elecciones. Cada elecci\u00f3n tiene sus propias sorpresas y los apostantes deben poder juzgar qu\u00e9 afecta al ganador final, \u00a1las \u00faltimas elecciones francesas y estadounidenses han frustrado muchas predicciones cada vez con giros y reversiones de \u00faltimo minuto!<\/p>\n\n\n\n<h3 class=\"wp-block-heading\" id=\"facteurs-affectant-les-paris-politiques\"><span id=\"facteurs-affectant-les-paris-politiques\"> <br>Factores que afectan las apuestas pol\u00edticas <\/span><\/h3>\n\n\n\n<p>Varios factores pueden afectar el resultado. Podr\u00eda ser un esc\u00e1ndalo, rumores del campo de la oposici\u00f3n, acontecimientos actuales, una convicci\u00f3n impactante, la calidad de los l\u00edderes, las promesas de campa\u00f1a, el partido que los apoya, la forma en que los medios presentan a los candidatos, la fuerza de la fe en el debate.<\/p>\n\n\n\n<h3 class=\"wp-block-heading\" id=\"parier-sur-la-prochaine-election\"><span id=\"parier-sur-la-prochaine-election-avec-bwin\"><br>Apueste a las pr\u00f3ximas elecciones con Bwin<\/span><\/h3>\n\n\n\n<p>El pr\u00f3ximo gran acontecimiento pol\u00edtico ser\u00e1n las elecciones presidenciales francesas (todas las apuestas est\u00e1n en las elecciones presidenciales francesas). Si bien la primera vuelta tendr\u00e1 lugar el 10 de abril y la segunda el 24 de abril de 2022, son posibles dos tipos de apuestas pol\u00edticas: \u00bfqui\u00e9n pasar\u00e1 a la segunda vuelta y qui\u00e9n ser\u00e1 el presidente electo al final de la votaci\u00f3n?<br>A finales de 2022, Brasil celebrar\u00e1 elecciones presidenciales. Los pr\u00f3ximos grandes eventos ser\u00e1n las elecciones presidenciales de Estados Unidos en 2024 y el pr\u00f3ximo Primer Ministro del Reino Unido en enero de 2025. Apueste a qu\u00e9 lado del Partido Dem\u00f3crata o Republicano ganar\u00e1 las elecciones presidenciales de Estados Unidos en nuestro sitio.<\/p>\n<div id=\"toc_container\" class=\"no_bullets\"><p class=\"toc_title\">Indice<\/p><ul class=\"toc_list\"><li><ul><li><\/li><li><\/li><li><\/li><li><\/li><li><\/li><\/ul><\/li><li><ul><li><\/li><li><\/li><\/ul><\/li><\/ul><\/div>","protected":false},"excerpt":{"rendered":"<p>Todas las cuotas de Bwin para las elecciones en Francia, Estados Unidos... Si Bwin es uno de los l\u00edderes en apuestas deportivas, tambi\u00e9n es la mejor casa de apuestas en el \u00e1mbito de las apuestas pol\u00edticas y de las elecciones presidenciales, porque ofrece el mayor n\u00famero de apuestas tambi\u00e9n en Francia. vida pol\u00edtica, as\u00ed como la estadounidense y la brit\u00e1nica (\u2026<\/p>","protected":false},"author":1,"featured_media":0,"parent":0,"menu_order":0,"comment_status":"closed","ping_status":"closed","template":"page-nosidebar.php","meta":{"footnotes":""},"yoast_head":"<!-- This site is optimized with the Yoast SEO Premium plugin v21.0 (Yoast SEO v21.0) - https:\/\/yoast.com\/wordpress\/plugins\/seo\/ -->\n<title>Bwin : Paris sur la Politique - Finale Coupe du Monde FIFA<\/title>\n<meta name=\"description\" content=\"Parier sur les \u00e9lections Fran\u00e7aise, Am\u00e9ricaine avec le meilleur Bookmaker : Bwin. Int\u00e9gralit\u00e9 des cotes et pronostics pour Parier sur la Politique.\" \/>\n<meta name=\"robots\" content=\"index, follow, max-snippet:-1, max-image-preview:large, max-video-preview:-1\" \/>\n<link rel=\"canonical\" href=\"https:\/\/parier-presidentielle.com\/es\/bwin-apuestas-en-politica\/\" \/>\n<meta property=\"og:locale\" content=\"es_ES\" \/>\n<meta property=\"og:type\" content=\"article\" \/>\n<meta property=\"og:title\" content=\"Bwin : Paris sur la Politique\" \/>\n<meta property=\"og:description\" content=\"Parier sur les \u00e9lections Fran\u00e7aise, Am\u00e9ricaine avec le meilleur Bookmaker : Bwin. Int\u00e9gralit\u00e9 des cotes et pronostics pour Parier sur la Politique.\" \/>\n<meta property=\"og:url\" content=\"https:\/\/parier-presidentielle.com\/es\/bwin-apuestas-en-politica\/\" \/>\n<meta property=\"og:site_name\" content=\"Parier Pr\u00e9sidentielle\" \/>\n<meta property=\"article:modified_time\" content=\"2022-10-27T06:34:43+00:00\" \/>\n<meta property=\"og:image\" content=\"https:\/\/parier-presidentielle.com\/wp-content\/uploads\/2022\/02\/bwin-elections-300x175.png\" \/>\n<meta name=\"twitter:card\" content=\"summary_large_image\" \/>\n<meta name=\"twitter:label1\" content=\"Tiempo de lectura\" \/>\n\t<meta name=\"twitter:data1\" content=\"4 minutos\" \/>\n<script type=\"application\/ld+json\" class=\"yoast-schema-graph\">{\"@context\":\"https:\/\/schema.org\",\"@graph\":[{\"@type\":\"WebPage\",\"@id\":\"https:\/\/parier-presidentielle.com\/bwin-paris-sur-la-politique\/\",\"url\":\"https:\/\/parier-presidentielle.com\/bwin-paris-sur-la-politique\/\",\"name\":\"Bwin : Paris sur la Politique - Finale Coupe du Monde FIFA\",\"isPartOf\":{\"@id\":\"https:\/\/parier-presidentielle.com\/#website\"},\"datePublished\":\"2022-02-21T11:38:33+00:00\",\"dateModified\":\"2022-10-27T06:34:43+00:00\",\"description\":\"Parier sur les \u00e9lections Fran\u00e7aise, Am\u00e9ricaine avec le meilleur Bookmaker : Bwin. Int\u00e9gralit\u00e9 des cotes et pronostics pour Parier sur la Politique.\",\"breadcrumb\":{\"@id\":\"https:\/\/parier-presidentielle.com\/bwin-paris-sur-la-politique\/#breadcrumb\"},\"inLanguage\":\"es\",\"potentialAction\":[{\"@type\":\"ReadAction\",\"target\":[\"https:\/\/parier-presidentielle.com\/bwin-paris-sur-la-politique\/\"]}]},{\"@type\":\"BreadcrumbList\",\"@id\":\"https:\/\/parier-presidentielle.com\/bwin-paris-sur-la-politique\/#breadcrumb\",\"itemListElement\":[{\"@type\":\"ListItem\",\"position\":1,\"name\":\"Accueil\",\"item\":\"https:\/\/parier-presidentielle.com\/\"},{\"@type\":\"ListItem\",\"position\":2,\"name\":\"Bwin : Paris sur la Politique\"}]},{\"@type\":\"WebSite\",\"@id\":\"https:\/\/parier-presidentielle.com\/#website\",\"url\":\"https:\/\/parier-presidentielle.com\/\",\"name\":\"Parier Pr\u00e9sidentielle\",\"description\":\"Paris, Pronostics, Wiki sur la Politique, les Elections Am\u00e9ricaines: Joe Biden, Donald Trump avec les Bookmakers en ligne Unibet, Bwin, Betclic, Winamax\",\"potentialAction\":[{\"@type\":\"SearchAction\",\"target\":{\"@type\":\"EntryPoint\",\"urlTemplate\":\"https:\/\/parier-presidentielle.com\/?s={search_term_string}\"},\"query-input\":\"required name=search_term_string\"}],\"inLanguage\":\"es\"}]}<\/script>\n<!-- \/ Yoast SEO Premium plugin. -->","yoast_head_json":{"title":"Bwin : Paris sur la Politique - Finale Coupe du Monde FIFA","description":"Parier sur les \u00e9lections Fran\u00e7aise, Am\u00e9ricaine avec le meilleur Bookmaker : Bwin. Int\u00e9gralit\u00e9 des cotes et pronostics pour Parier sur la Politique.","robots":{"index":"index","follow":"follow","max-snippet":"max-snippet:-1","max-image-preview":"max-image-preview:large","max-video-preview":"max-video-preview:-1"},"canonical":"https:\/\/parier-presidentielle.com\/es\/bwin-apuestas-en-politica\/","og_locale":"es_ES","og_type":"article","og_title":"Bwin : Paris sur la Politique","og_description":"Parier sur les \u00e9lections Fran\u00e7aise, Am\u00e9ricaine avec le meilleur Bookmaker : Bwin. Int\u00e9gralit\u00e9 des cotes et pronostics pour Parier sur la Politique.","og_url":"https:\/\/parier-presidentielle.com\/es\/bwin-apuestas-en-politica\/","og_site_name":"Parier Pr\u00e9sidentielle","article_modified_time":"2022-10-27T06:34:43+00:00","og_image":[{"url":"https:\/\/parier-presidentielle.com\/wp-content\/uploads\/2022\/02\/bwin-elections-300x175.png"}],"twitter_card":"summary_large_image","twitter_misc":{"Tiempo de lectura":"4 minutos"},"schema":{"@context":"https:\/\/schema.org","@graph":[{"@type":"WebPage","@id":"https:\/\/parier-presidentielle.com\/bwin-paris-sur-la-politique\/","url":"https:\/\/parier-presidentielle.com\/bwin-paris-sur-la-politique\/","name":"Bwin : Paris sur la Politique - Finale Coupe du Monde FIFA","isPartOf":{"@id":"https:\/\/parier-presidentielle.com\/#website"},"datePublished":"2022-02-21T11:38:33+00:00","dateModified":"2022-10-27T06:34:43+00:00","description":"Parier sur les \u00e9lections Fran\u00e7aise, Am\u00e9ricaine avec le meilleur Bookmaker : Bwin. Int\u00e9gralit\u00e9 des cotes et pronostics pour Parier sur la Politique.","breadcrumb":{"@id":"https:\/\/parier-presidentielle.com\/bwin-paris-sur-la-politique\/#breadcrumb"},"inLanguage":"es","potentialAction":[{"@type":"ReadAction","target":["https:\/\/parier-presidentielle.com\/bwin-paris-sur-la-politique\/"]}]},{"@type":"BreadcrumbList","@id":"https:\/\/parier-presidentielle.com\/bwin-paris-sur-la-politique\/#breadcrumb","itemListElement":[{"@type":"ListItem","position":1,"name":"Accueil","item":"https:\/\/parier-presidentielle.com\/"},{"@type":"ListItem","position":2,"name":"Bwin : Paris sur la Politique"}]},{"@type":"WebSite","@id":"https:\/\/parier-presidentielle.com\/#website","url":"https:\/\/parier-presidentielle.com\/","name":"Parier Pr\u00e9sidentielle","description":"Paris, Pronostics, Wiki sur la Politique, les Elections Am\u00e9ricaines: Joe Biden, Donald Trump avec les Bookmakers en ligne Unibet, Bwin, Betclic, Winamax","potentialAction":[{"@type":"SearchAction","target":{"@type":"EntryPoint","urlTemplate":"https:\/\/parier-presidentielle.com\/?s={search_term_string}"},"query-input":"required name=search_term_string"}],"inLanguage":"es"}]}},"_links":{"self":[{"href":"https:\/\/parier-presidentielle.com\/es\/wp-json\/wp\/v2\/pages\/557"}],"collection":[{"href":"https:\/\/parier-presidentielle.com\/es\/wp-json\/wp\/v2\/pages"}],"about":[{"href":"https:\/\/parier-presidentielle.com\/es\/wp-json\/wp\/v2\/types\/page"}],"author":[{"embeddable":true,"href":"https:\/\/parier-presidentielle.com\/es\/wp-json\/wp\/v2\/users\/1"}],"replies":[{"embeddable":true,"href":"https:\/\/parier-presidentielle.com\/es\/wp-json\/wp\/v2\/comments?post=557"}],"version-history":[{"count":24,"href":"https:\/\/parier-presidentielle.com\/es\/wp-json\/wp\/v2\/pages\/557\/revisions"}],"predecessor-version":[{"id":1684,"href":"https:\/\/parier-presidentielle.com\/es\/wp-json\/wp\/v2\/pages\/557\/revisions\/1684"}],"wp:attachment":[{"href":"https:\/\/parier-presidentielle.com\/es\/wp-json\/wp\/v2\/media?parent=557"}],"curies":[{"name":"wp","href":"https:\/\/api.w.org\/{rel}","templated":true}]}}