{"id":576,"date":"2022-02-21T13:37:39","date_gmt":"2022-02-21T12:37:39","guid":{"rendered":"https:\/\/parier-presidentielle.com\/?page_id=576"},"modified":"2022-02-24T17:52:41","modified_gmt":"2022-02-24T16:52:41","slug":"paris-candidate-cour-supreme-etats-unis","status":"publish","type":"page","link":"https:\/\/parier-presidentielle.com\/es\/apuesta-candidato-corte-suprema-estados-unidos\/","title":{"rendered":"Apuestas por el Candidato a la Corte Suprema de los Estados Unidos"},"content":{"rendered":"<div class=\"wp-block-image\"><figure class=\"aligncenter size-large is-resized\"><img decoding=\"async\" loading=\"lazy\" src=\"https:\/\/parier-presidentielle.com\/wp-content\/uploads\/2022\/02\/candidat-a-la-cour-supreme-des-etats-unis-1024x576.jpg\" alt=\"Apuestas por el Candidato a la Corte Suprema de los Estados Unidos\" class=\"wp-image-605\" width=\"512\" height=\"288\" srcset=\"https:\/\/parier-presidentielle.com\/wp-content\/uploads\/2022\/02\/candidat-a-la-cour-supreme-des-etats-unis-1024x576.jpg 1024w, https:\/\/parier-presidentielle.com\/wp-content\/uploads\/2022\/02\/candidat-a-la-cour-supreme-des-etats-unis-300x169.jpg 300w, https:\/\/parier-presidentielle.com\/wp-content\/uploads\/2022\/02\/candidat-a-la-cour-supreme-des-etats-unis-768x432.jpg 768w, https:\/\/parier-presidentielle.com\/wp-content\/uploads\/2022\/02\/candidat-a-la-cour-supreme-des-etats-unis-1536x864.jpg 1536w, https:\/\/parier-presidentielle.com\/wp-content\/uploads\/2022\/02\/candidat-a-la-cour-supreme-des-etats-unis-2048x1152.jpg 2048w\" sizes=\"(max-width: 512px) 100vw, 512px\" \/><\/figure><\/div>\n\n\n\n<p><\/p>\n\n\n\n<h2 class=\"wp-block-heading\" id=\"qui-sera-le-prochain-candidat-a-la-cour-supreme-des-etats-unis\"><span id=\"qui-sera-le-prochain-candidat-a-la-cour-supreme-des-etats-unis\">\u00bfQui\u00e9n ser\u00e1 el pr\u00f3ximo candidato a la Corte Suprema de los Estados Unidos? <\/span><\/h2>\n\n\n\n<h3 class=\"wp-block-heading\" id=\"les-cotes-de-bwin\"><span id=\"les-cotes-de-bwin\">Cuotas de Bwin<\/span><\/h3>\n\n\n\n<div class=\"wp-block-columns is-layout-flex wp-container-3 wp-block-columns-is-layout-flex\">\n<div class=\"wp-block-column is-layout-flow wp-block-column-is-layout-flow\" style=\"flex-basis:50%\">\n<ul><li>Ketanji Marr\u00f3n Jackson 1.40 <\/li><li>Julianna Michelle Childs 3.50 <\/li><li>Leondra Kruger 7.00 <\/li><li>Guillermina Wright 21.00 <\/li><li>Candance Jackson-Akiwumi 26:00<\/li><li>Leslie Abrams Gardner 34.00 <\/li><li>Ojetta Thompson 34.00 <\/li><\/ul>\n<\/div>\n\n\n\n<div class=\"wp-block-column is-layout-flow wp-block-column-is-layout-flow\" style=\"flex-basis:50%\">\n<ul id=\"block-ddd26370-54c6-4d08-b7e1-9017713db613\"><li>Sherrylyn a las 34.00<\/li><li>Tiffany Cunningham 34.00<\/li><li>Anita Condes 51.00<\/li><li>Eunice Lee 51.00<\/li><li>Kamala Harris 51.00<\/li><li>Hillary Clinton 101.00<\/li><\/ul>\n<\/div>\n<\/div>\n\n\n\n<div class=\"wp-block-image\"><figure class=\"aligncenter size-full is-resized\"><img decoding=\"async\" loading=\"lazy\" src=\"https:\/\/parier-presidentielle.com\/wp-content\/uploads\/2022\/02\/bwin-candidate-a-la-cour-supreme-des-etats-unis.png\" alt=\"Probabilidades de Bwin para el pr\u00f3ximo candidato a la Corte Suprema de EE. UU. \" class=\"wp-image-622\" width=\"730\" height=\"535\" srcset=\"https:\/\/parier-presidentielle.com\/wp-content\/uploads\/2022\/02\/bwin-candidate-a-la-cour-supreme-des-etats-unis.png 973w, https:\/\/parier-presidentielle.com\/wp-content\/uploads\/2022\/02\/bwin-candidate-a-la-cour-supreme-des-etats-unis-300x220.png 300w, https:\/\/parier-presidentielle.com\/wp-content\/uploads\/2022\/02\/bwin-candidate-a-la-cour-supreme-des-etats-unis-768x563.png 768w\" sizes=\"(max-width: 730px) 100vw, 730px\" \/><\/figure><\/div>\n\n\n\n<p><\/p>\n\n\n\n<h3 class=\"wp-block-heading\" id=\"analyse-et-pronostics\"><span id=\"analyse-et-pronostics\">An\u00e1lisis y Previsiones<\/span><\/h3>\n\n\n\n<p>Despu\u00e9s de analizar los acontecimientos actuales, parece obvio que <strong>Ketanji Brown Jackson <\/strong>es claramente nuestro tema favorito entre todos los candidatos<br><\/p>\n\n\n\n<h3 class=\"wp-block-heading\" id=\"comment-realiser-son-1-pari-avec-bwin-c\"><span id=\"comment-realiser-son-1er-pari-avec-bwin-sur-un-candidat-a-la-cour-supreme-des-etats-unis\">\u00bfC\u00f3mo hacer tu primera apuesta con Bwin por un candidato a la Corte Suprema de los Estados Unidos?<\/span><\/h3>\n\n\n\n<p id=\"comment-realiser-son-1-pari-avec-bwin-c\">As\u00ed como puedes apostar a la victoria de tu equipo de f\u00fatbol favorito, es posible apostar al ganador de las elecciones a la Corte Suprema de Estados Unidos con la casa de apuestas Bwin: \u00a1es r\u00e1pido y f\u00e1cil!<\/p>\n\n\n\n<ol><li>Elija el Candidato por el que desea apostar:<br>\u00a1en nuestro ejemplo es Kamala Harris!<br><\/li><li>Indique el Stake que desea apostar,<br>10\u20ac en nuestra simulaci\u00f3n<br><\/li><li>\u00a1Y ahora, se acab\u00f3!<br>En nuestra captura de pantalla, la cuota es de 51 y la apuesta de 10 \u20ac en caso de victoria. <strong>\u00a1ganas 510\u20ac!<\/strong><\/li><\/ol>\n\n\n\n<div class=\"wp-block-image\"><figure class=\"aligncenter size-large is-resized\"><img decoding=\"async\" loading=\"lazy\" src=\"https:\/\/parier-presidentielle.com\/wp-content\/uploads\/2022\/02\/bwin-paris-candidate-a-la-cour-supreme-des-etats-unis-737x1024.png\" alt=\"c\u00f3mo apostar con bwin por el pr\u00f3ximo candidato a la Corte Suprema de los Estados Unidos \" class=\"wp-image-625\" width=\"369\" height=\"512\" srcset=\"https:\/\/parier-presidentielle.com\/wp-content\/uploads\/2022\/02\/bwin-paris-candidate-a-la-cour-supreme-des-etats-unis-737x1024.png 737w, https:\/\/parier-presidentielle.com\/wp-content\/uploads\/2022\/02\/bwin-paris-candidate-a-la-cour-supreme-des-etats-unis-216x300.png 216w, https:\/\/parier-presidentielle.com\/wp-content\/uploads\/2022\/02\/bwin-paris-candidate-a-la-cour-supreme-des-etats-unis-768x1068.png 768w, https:\/\/parier-presidentielle.com\/wp-content\/uploads\/2022\/02\/bwin-paris-candidate-a-la-cour-supreme-des-etats-unis.png 833w\" sizes=\"(max-width: 369px) 100vw, 369px\" \/><\/figure><\/div>\n\n\n\n<p><\/p>\n\n\n\n<h2 class=\"wp-block-heading\" id=\"l-actualite-des-candidats-cour-supreme-des-etats-unis\"><span id=\"l8217actualite-des-candidats-de-la-cour-supreme-des-etats-unis\">Noticias de los nominados a la Corte Suprema de los Estados Unidos<\/span><\/h2>\n\n\n\n<h3 class=\"wp-block-heading\" id=\"le-depart-du-juge-stephen-breyer\"><span id=\"le-depart-du-juge-stephen-breyer\">La partida del juez Stephen Breyer<\/span><\/h3>\n\n\n\n<p class=\"has-text-align-left\">El juez de la Corte Suprema Stephen Breyer, de 83 a\u00f1os, dejar\u00e1 su cargo, despejando el camino para que el presidente Joe Biden elija al pr\u00f3ximo juez de la Corte Suprema. Tan pronto como se conoci\u00f3 la noticia, las casas de apuestas europeas Bwin, Unibet\u2026 apostaron sobre qu\u00e9 candidatos potenciales cre\u00edan que eran los candidatos m\u00e1s probables para Biden. <\/p>\n\n\n\n<h3 class=\"wp-block-heading\" id=\"les-cotes-des-bookmakers\"><span id=\"les-cotes-des-bookmakers\">Cuotas de la casa de apuestas<\/span><\/h3>\n\n\n\n<p>A continuaci\u00f3n desglosamos las \u00faltimas probabilidades, lo que significan para las probabilidades de ganar de cada participante y c\u00f3mo las \u00faltimas noticias afectan el mercado de apuestas. Para poner en contexto las probabilidades de los pr\u00f3ximos nominados a la Corte Suprema, proporcionamos las probabilidades impl\u00edcitas, as\u00ed como las probabilidades de que cada candidato se convierta en el pr\u00f3ximo juez de la Corte Suprema.<br>Explicaci\u00f3n de las probabilidades de la Corte Suprema de Bwin: las probabilidades de Ketanji Brown Jackson son de 1,40, lo que la convierte en la favorita, adem\u00e1s de que los otros candidatos serios son los jueces J. Michelle Childs (+175), Leondra Kruger (+600) y Candance Jackson-Akiwumi (+2000). ). El juez Childs venci\u00f3 al juez Kruger en las probabilidades de Ladbrokes por el segundo lugar. Ladbrokes ha publicado probabilidades para otras nueve mujeres prominentes, incluidas dos notables: la vicepresidenta Kamala Harris (+5.000) y la exsecretaria de Estado Hillary Clinton (+10.000). EmpireStakes.com actualizar\u00e1 esta p\u00e1gina seg\u00fan lo requiera Ladbrokes News y los cambios de probabilidades hasta que el presidente Biden haga su nominaci\u00f3n.<\/p>\n\n\n\n<h3 class=\"wp-block-heading\" id=\"une-annonce-attendus\"><span id=\"une-annonce-attendus\">Un anuncio esperado<\/span><\/h3>\n\n\n\n<p> La Corte Suprema ha vuelto a ser noticia desde que el juez de la Corte Suprema Stephen Breyer, de 83 a\u00f1os, anunci\u00f3 oficialmente su retiro el 27 de enero cuando se uni\u00f3 al presidente Joe Biden en la Casa Blanca. Biden ahora comenzar\u00e1 a seleccionar al pr\u00f3ximo juez de la Corte Suprema, sentando las bases para cumplir su promesa de campa\u00f1a de nominar a la primera mujer negra al tribunal superior. El presidente confirm\u00f3 este compromiso el 27 de enero y calific\u00f3 una reuni\u00f3n tan hist\u00f3rica como \u201cmuy retrasada\u201d. Biden se acerca a su propia fecha l\u00edmite para nominar candidatos \u201ca finales de febrero\u201d. Seg\u00fan CNN, el proceso de selecci\u00f3n de posibles candidatos se est\u00e1 calentando. Seg\u00fan se informa, Biden pas\u00f3 varias noches revisando carpetas relacionadas con borradores de casos potenciales pasados. El sucesor de Breyer debe ser confirmado por el Senado. Actualmente, el Senado est\u00e1 dividido 50-50 entre dem\u00f3cratas y republicanos, pero t\u00e9cnicamente los dem\u00f3cratas tienen mayor\u00eda porque la vicepresidenta Kamala Harris puede cortar todos los v\u00ednculos con su voto. Breyer es el segundo juez con m\u00e1s a\u00f1os de servicio. Su jubilaci\u00f3n comenzar\u00e1 a principios de verano, al final de su actual mandato: \u00a1qui\u00e9n sabe si \u00e9l mismo apostar\u00e1 online por su sucesor, como dice el refr\u00e1n: \u201cS\u00f3lo en Am\u00e9rica\u201d!<\/p>\n\n\n\n<p class=\"has-text-align-center unibet\" style=\"font-size:25px\"><mark style=\"background-color:rgba(0, 0, 0, 0);color:#0d7a12\" class=\"has-inline-color\"><strong><a href=\"https:\/\/parier-presidentielle.com\/es\/recommends\/unibet\/\">Bono de 150 \u20ac ofrecido con Unibet<br>Para su 1ra Apuesta Pol\u00edtica o Deportiva: Haga clic aqu\u00ed<\/a><\/strong><\/mark><\/p>\n\n\n\n<p><\/p>\n\n\n<div class=\"wp-block-image\">\n<figure class=\"aligncenter is-resized wp-duotone-000097-ff4747-4\"><img decoding=\"async\" loading=\"lazy\" src=\"https:\/\/parier-presidentielle.com\/wp-content\/uploads\/2021\/09\/election-standard-scale-4_00x-gigapixel-1024x623.jpg\" alt=\"Elecci\u00f3n 2022\" style=\"width:256px;height:156px\" width=\"256\" height=\"156\"\/><\/figure><\/div>\n\n\n<p><br><\/p>\n\n\n\n<p><strong>Parier-presidentielle le ayuda a elegir entre los diferentes<a href=\"https:\/\/parier-presidentielle.com\/es\/\"> Casas de apuestas Bwin, Unibet, Betclic apostar\u00e1n por el futuro presidente estadounidense en 2024<\/a> : <\/strong><br><a href=\"https:\/\/parier-presidentielle.com\/es\/unibet-politica-eleccion-2022\/\">Casa de apuestas presidencial de Unibet<\/a> : \u00a1Gu\u00eda detallada y gratuita para hacer su primera apuesta en l\u00ednea con todas las probabilidades y c\u00f3mo aprovechar el bono ofrecido!<\/p>\n\n\n\n<p>As\u00ed como los dem\u00e1s sitios de apuestas en l\u00ednea: <a href=\"https:\/\/parier-presidentielle.com\/es\/unibet-politica-eleccion-2022\/\">Bwin<\/a>, <a href=\"https:\/\/parier-presidentielle.com\/es\/netbet-apuesta-politica-eleccion-2022\/\">NetBet<\/a>, <a href=\"https:\/\/parier-presidentielle.com\/es\/betclic-presidencial-2022\/\">Betclic<\/a>, <a href=\"https:\/\/parier-presidentielle.com\/es\/winamax-politica-eleccion-2022\/\">Winamax<\/a>, Parions Sport, Zebet, Betway, France-Pari, Vbet, Cloudbet, 1Xbit, 1xbet, Betfair, Betwinner\u2026<\/p>\n\n\n\n<div class=\"wp-block-columns is-layout-flex wp-container-9 wp-block-columns-is-layout-flex\">\n<div class=\"wp-block-column is-layout-flow wp-block-column-is-layout-flow\" style=\"flex-basis:33.33%\">\n<p>Acabas de leer nuestro archivo:<\/p>\n<\/div>\n\n\n\n<div class=\"wp-block-column is-layout-flow wp-block-column-is-layout-flow\" style=\"flex-basis:33.33%\">\n<div class=\"wp-block-group is-layout-flow wp-block-group-is-layout-flow\"><div class=\"wp-block-group__inner-container\"><h4 class=\"has-text-align-center wp-block-post-title\"><span id=\"paris-sur-la-candidate-a-la-cour-supreme-des-etats-unis\"><a href=\"https:\/\/parier-presidentielle.com\/es\/apuesta-candidato-corte-suprema-estados-unidos\/\" target=\"_self\" >Apuestas por el Candidato a la Corte Suprema de los Estados Unidos<\/a><\/span><\/h4><\/div><\/div>\n<\/div>\n\n\n\n<div class=\"wp-block-column is-layout-flow wp-block-column-is-layout-flow\" style=\"flex-basis:33.33%\">\n<p class=\"has-text-align-right\">Contin\u00fae leyendo con nuestros otros archivos exclusivos,<\/p>\n<\/div>\n<\/div>\n\n\n\n<h3 class=\"wp-block-heading\" id=\"tous-les-pronostics-sondage-et-cotes-pour-parier-sur-le-futur-vainqueur-de-l-election-presidentielle-2022\"><span id=\"tous-les-pronostics-sondage-et-cotes-pour-parier-sur-le-futur-vainqueur-de-l8217election-presidentielle-2024\">Todas las Predicciones, Encuestas y Cuotas para apostar sobre el futuro ganador de las elecciones presidenciales de 2024:<\/span><\/h3>\n\n\n\n<ul>\n<li><a href=\"https:\/\/parier-presidentielle.com\/es\/macron-eleccion\/\">Apuesta por Emmanuel Macron con Unibet, Betclic, Bwin<\/a> : El favorito de encuestas y predicciones <\/li>\n\n\n\n<li><a href=\"https:\/\/parier-presidentielle.com\/es\/marine-le-pen-eleccion\/\">Marine Le Pen: sus cuotas y c\u00f3mo apostar con las casas de apuestas<\/a>: El retador seg\u00fan Unibet<\/li>\n<\/ul>\n\n\n\n<p><\/p>\n\n\n\n<center><script type=\"text\/javascript\" charset=\"utf-8\" src=\"https:\/\/www.gambling-affiliation.com\/cpm\/v=AmIMTDSs92QY6b0MzDMvM5laCjJ-ZlA-1oQ-7tKsi.w_GA7331V2\"><\/script><\/center>\n\n\n\n<h3 class=\"wp-block-heading\"><span id=\"donald-trump-vs-joe-biden-la-video-qui-lance-les-paris-en-ligne-sur-l8217election-politique-de-2024\">Donald Trump vs Joe Biden: el v\u00eddeo que lanza las apuestas online sobre las elecciones pol\u00edticas de 2024<\/span><\/h3>\n\n\n\n<figure class=\"wp-block-embed is-type-video is-provider-youtube wp-block-embed-youtube wp-embed-aspect-16-9 wp-has-aspect-ratio\"><div class=\"wp-block-embed__wrapper\">\n<iframe loading=\"lazy\" title=\"El expresidente Donald Trump lanza una candidatura a la Casa Blanca para 2024 #Short\" width=\"640\" height=\"360\" src=\"https:\/\/www.youtube.com\/embed\/hZykPRVe4Ag?feature=oembed\" frameborder=\"0\" allow=\"accelerometer; autoplay; clipboard-write; encrypted-media; gyroscope; picture-in-picture; web-share\" allowfullscreen><\/iframe>\n<\/div><\/figure>\n\n\n<div class=\"wp-block-image\">\n<figure class=\"aligncenter size-medium\"><a href=\"https:\/\/parier-presidentielle.com\/es\/recommends\/unibet\/\" target=\"_blank\" rel=\"noopener\"><img decoding=\"async\" loading=\"lazy\" width=\"300\" height=\"169\" src=\"https:\/\/parier-presidentielle.com\/wp-content\/uploads\/2022\/04\/unibet-300x169.jpg\" alt=\"\" class=\"wp-image-1252\" srcset=\"https:\/\/parier-presidentielle.com\/wp-content\/uploads\/2022\/04\/unibet-300x169.jpg 300w, https:\/\/parier-presidentielle.com\/wp-content\/uploads\/2022\/04\/unibet-1024x576.jpg 1024w, https:\/\/parier-presidentielle.com\/wp-content\/uploads\/2022\/04\/unibet-768x432.jpg 768w, https:\/\/parier-presidentielle.com\/wp-content\/uploads\/2022\/04\/unibet-18x10.jpg 18w, https:\/\/parier-presidentielle.com\/wp-content\/uploads\/2022\/04\/unibet.jpg 1280w\" sizes=\"(max-width: 300px) 100vw, 300px\" \/><\/a><\/figure><\/div>\n\n\n<p>Encuentra en la Wiki, las noticias pol\u00edticas imprescindibles sobre el Cannabis y sus derivados legales: <strong>HHC, H4cbd, Thcp, Thcv, HSD, HHCPO, C4B<\/strong><\/p>\n<div id=\"toc_container\" class=\"no_bullets\"><p class=\"toc_title\">Indice<\/p><ul class=\"toc_list\"><li><ul><li><\/li><li><\/li><li><\/li><\/ul><\/li><li><ul><li><\/li><li><\/li><li><ul><li><\/li><\/ul><\/li><li><\/li><li><\/li><\/ul><\/li><\/ul><\/div>","protected":false},"excerpt":{"rendered":"<p>\u00bfQui\u00e9n ser\u00e1 el pr\u00f3ximo candidato a la Corte Suprema de los Estados Unidos? Bwin Ketanji Brown Jackson 1.40 Julianna Michelle Childs 3.50 Leondra Kruger 7.00 Wilhelmina Wright 21.00 Candance Jackson-Akiwumi 26.00 Leslie Abrams Gardner 34.00 Ojetta Thompson 34.00 Sherrilyn al 34.00 Tiffany Cunningham 34.00 Anita Earls 51.00 Eunice Lee 51.0 Kamala 51.0 \u2026<\/p>","protected":false},"author":1,"featured_media":0,"parent":0,"menu_order":0,"comment_status":"closed","ping_status":"closed","template":"page-nosidebar.php","meta":{"footnotes":""},"yoast_head":"<!-- This site is optimized with the Yoast SEO Premium plugin v21.0 (Yoast SEO v21.0) - https:\/\/yoast.com\/wordpress\/plugins\/seo\/ -->\n<title>Paris sur la Candidate \u00e0 la cour Supr\u00eame des Etats-Unis - Finale Coupe du Monde FIFA<\/title>\n<meta name=\"description\" content=\"Parier sur la Politique : Qui sera le prochain candidat \u00e0 la Cour Supr\u00eame des \u00c9tats-Unis ?\" \/>\n<meta name=\"robots\" content=\"index, follow, max-snippet:-1, max-image-preview:large, max-video-preview:-1\" \/>\n<link rel=\"canonical\" href=\"https:\/\/parier-presidentielle.com\/es\/apuesta-candidato-corte-suprema-estados-unidos\/\" \/>\n<meta property=\"og:locale\" content=\"es_ES\" \/>\n<meta property=\"og:type\" content=\"article\" \/>\n<meta property=\"og:title\" content=\"Paris sur la Candidate \u00e0 la cour Supr\u00eame des Etats-Unis\" \/>\n<meta property=\"og:description\" content=\"Parier sur la Politique : Qui sera le prochain candidat \u00e0 la Cour Supr\u00eame des \u00c9tats-Unis ?\" \/>\n<meta property=\"og:url\" content=\"https:\/\/parier-presidentielle.com\/es\/apuesta-candidato-corte-suprema-estados-unidos\/\" \/>\n<meta property=\"og:site_name\" content=\"Parier Pr\u00e9sidentielle\" \/>\n<meta property=\"article:modified_time\" content=\"2022-02-24T16:52:41+00:00\" \/>\n<meta property=\"og:image\" content=\"https:\/\/parier-presidentielle.com\/wp-content\/uploads\/2022\/02\/candidat-a-la-cour-supreme-des-etats-unis-1024x576.jpg\" \/>\n<meta name=\"twitter:card\" content=\"summary_large_image\" \/>\n<meta name=\"twitter:label1\" content=\"Tiempo de lectura\" \/>\n\t<meta name=\"twitter:data1\" content=\"4 minutos\" \/>\n<script type=\"application\/ld+json\" class=\"yoast-schema-graph\">{\"@context\":\"https:\/\/schema.org\",\"@graph\":[{\"@type\":\"WebPage\",\"@id\":\"https:\/\/parier-presidentielle.com\/paris-candidate-cour-supreme-etats-unis\/\",\"url\":\"https:\/\/parier-presidentielle.com\/paris-candidate-cour-supreme-etats-unis\/\",\"name\":\"Paris sur la Candidate \u00e0 la cour Supr\u00eame des Etats-Unis - Finale Coupe du Monde FIFA\",\"isPartOf\":{\"@id\":\"https:\/\/parier-presidentielle.com\/#website\"},\"datePublished\":\"2022-02-21T12:37:39+00:00\",\"dateModified\":\"2022-02-24T16:52:41+00:00\",\"description\":\"Parier sur la Politique : Qui sera le prochain candidat \u00e0 la Cour Supr\u00eame des \u00c9tats-Unis ?\",\"breadcrumb\":{\"@id\":\"https:\/\/parier-presidentielle.com\/paris-candidate-cour-supreme-etats-unis\/#breadcrumb\"},\"inLanguage\":\"es\",\"potentialAction\":[{\"@type\":\"ReadAction\",\"target\":[\"https:\/\/parier-presidentielle.com\/paris-candidate-cour-supreme-etats-unis\/\"]}]},{\"@type\":\"BreadcrumbList\",\"@id\":\"https:\/\/parier-presidentielle.com\/paris-candidate-cour-supreme-etats-unis\/#breadcrumb\",\"itemListElement\":[{\"@type\":\"ListItem\",\"position\":1,\"name\":\"Accueil\",\"item\":\"https:\/\/parier-presidentielle.com\/\"},{\"@type\":\"ListItem\",\"position\":2,\"name\":\"Paris sur la Candidate \u00e0 la cour Supr\u00eame des Etats-Unis\"}]},{\"@type\":\"WebSite\",\"@id\":\"https:\/\/parier-presidentielle.com\/#website\",\"url\":\"https:\/\/parier-presidentielle.com\/\",\"name\":\"Parier Pr\u00e9sidentielle\",\"description\":\"Paris, Pronostics, Wiki sur la Politique, les Elections Am\u00e9ricaines: Joe Biden, Donald Trump avec les Bookmakers en ligne Unibet, Bwin, Betclic, Winamax\",\"potentialAction\":[{\"@type\":\"SearchAction\",\"target\":{\"@type\":\"EntryPoint\",\"urlTemplate\":\"https:\/\/parier-presidentielle.com\/?s={search_term_string}\"},\"query-input\":\"required name=search_term_string\"}],\"inLanguage\":\"es\"}]}<\/script>\n<!-- \/ Yoast SEO Premium plugin. -->","yoast_head_json":{"title":"Paris sur la Candidate \u00e0 la cour Supr\u00eame des Etats-Unis - Finale Coupe du Monde FIFA","description":"Parier sur la Politique : Qui sera le prochain candidat \u00e0 la Cour Supr\u00eame des \u00c9tats-Unis ?","robots":{"index":"index","follow":"follow","max-snippet":"max-snippet:-1","max-image-preview":"max-image-preview:large","max-video-preview":"max-video-preview:-1"},"canonical":"https:\/\/parier-presidentielle.com\/es\/apuesta-candidato-corte-suprema-estados-unidos\/","og_locale":"es_ES","og_type":"article","og_title":"Paris sur la Candidate \u00e0 la cour Supr\u00eame des Etats-Unis","og_description":"Parier sur la Politique : Qui sera le prochain candidat \u00e0 la Cour Supr\u00eame des \u00c9tats-Unis ?","og_url":"https:\/\/parier-presidentielle.com\/es\/apuesta-candidato-corte-suprema-estados-unidos\/","og_site_name":"Parier Pr\u00e9sidentielle","article_modified_time":"2022-02-24T16:52:41+00:00","og_image":[{"url":"https:\/\/parier-presidentielle.com\/wp-content\/uploads\/2022\/02\/candidat-a-la-cour-supreme-des-etats-unis-1024x576.jpg"}],"twitter_card":"summary_large_image","twitter_misc":{"Tiempo de lectura":"4 minutos"},"schema":{"@context":"https:\/\/schema.org","@graph":[{"@type":"WebPage","@id":"https:\/\/parier-presidentielle.com\/paris-candidate-cour-supreme-etats-unis\/","url":"https:\/\/parier-presidentielle.com\/paris-candidate-cour-supreme-etats-unis\/","name":"Paris sur la Candidate \u00e0 la cour Supr\u00eame des Etats-Unis - Finale Coupe du Monde FIFA","isPartOf":{"@id":"https:\/\/parier-presidentielle.com\/#website"},"datePublished":"2022-02-21T12:37:39+00:00","dateModified":"2022-02-24T16:52:41+00:00","description":"Parier sur la Politique : Qui sera le prochain candidat \u00e0 la Cour Supr\u00eame des \u00c9tats-Unis ?","breadcrumb":{"@id":"https:\/\/parier-presidentielle.com\/paris-candidate-cour-supreme-etats-unis\/#breadcrumb"},"inLanguage":"es","potentialAction":[{"@type":"ReadAction","target":["https:\/\/parier-presidentielle.com\/paris-candidate-cour-supreme-etats-unis\/"]}]},{"@type":"BreadcrumbList","@id":"https:\/\/parier-presidentielle.com\/paris-candidate-cour-supreme-etats-unis\/#breadcrumb","itemListElement":[{"@type":"ListItem","position":1,"name":"Accueil","item":"https:\/\/parier-presidentielle.com\/"},{"@type":"ListItem","position":2,"name":"Paris sur la Candidate \u00e0 la cour Supr\u00eame des Etats-Unis"}]},{"@type":"WebSite","@id":"https:\/\/parier-presidentielle.com\/#website","url":"https:\/\/parier-presidentielle.com\/","name":"Parier Pr\u00e9sidentielle","description":"Paris, Pronostics, Wiki sur la Politique, les Elections Am\u00e9ricaines: Joe Biden, Donald Trump avec les Bookmakers en ligne Unibet, Bwin, Betclic, Winamax","potentialAction":[{"@type":"SearchAction","target":{"@type":"EntryPoint","urlTemplate":"https:\/\/parier-presidentielle.com\/?s={search_term_string}"},"query-input":"required name=search_term_string"}],"inLanguage":"es"}]}},"_links":{"self":[{"href":"https:\/\/parier-presidentielle.com\/es\/wp-json\/wp\/v2\/pages\/576"}],"collection":[{"href":"https:\/\/parier-presidentielle.com\/es\/wp-json\/wp\/v2\/pages"}],"about":[{"href":"https:\/\/parier-presidentielle.com\/es\/wp-json\/wp\/v2\/types\/page"}],"author":[{"embeddable":true,"href":"https:\/\/parier-presidentielle.com\/es\/wp-json\/wp\/v2\/users\/1"}],"replies":[{"embeddable":true,"href":"https:\/\/parier-presidentielle.com\/es\/wp-json\/wp\/v2\/comments?post=576"}],"version-history":[{"count":25,"href":"https:\/\/parier-presidentielle.com\/es\/wp-json\/wp\/v2\/pages\/576\/revisions"}],"predecessor-version":[{"id":1682,"href":"https:\/\/parier-presidentielle.com\/es\/wp-json\/wp\/v2\/pages\/576\/revisions\/1682"}],"wp:attachment":[{"href":"https:\/\/parier-presidentielle.com\/es\/wp-json\/wp\/v2\/media?parent=576"}],"curies":[{"name":"wp","href":"https:\/\/api.w.org\/{rel}","templated":true}]}}