{"id":68,"date":"2021-09-07T09:24:43","date_gmt":"2021-09-07T07:24:43","guid":{"rendered":"https:\/\/parier-presidentielle.com\/?page_id=68"},"modified":"2022-03-09T10:41:39","modified_gmt":"2022-03-09T09:41:39","slug":"emmanuel-macron-marine-le-pen-eric-zemmour-sondage","status":"publish","type":"page","link":"https:\/\/parier-presidentielle.com\/es\/emmanuel-macron-marine-le-pen-eric-zemmour-encuesta\/","title":{"rendered":"Elecciones presidenciales de 2022: seg\u00fan las encuestas, Emmanuel Macron y Marine Le Pen estar\u00e1n en la segunda vuelta"},"content":{"rendered":"<p><\/p>\n\n\n\n<p><\/p>\n\n\n\n<h2 class=\"wp-block-heading\"><span id=\"d8217apres-les-sondages-emmanuel-macron-et-marine-le-pen-seront-a-l8217election-presidentielle-de-2022-et-s8217affronteront-au-second-tour-quels-que-soient-les-autres-candidats-dont-eric-zemmour\">Seg\u00fan las encuestas, Emmanuel Macron y Marine Le Pen estar\u00e1n en las elecciones presidenciales de 2022 y se enfrentar\u00e1n en la segunda vuelta, independientemente de los dem\u00e1s candidatos, incluido Eric Zemmour. <\/span><\/h2>\n\n\n\n<p>Seg\u00fan la encuesta de Ipsos publicada para Franceinfo el viernes 3 de septiembre, faltan siete meses para la primera vuelta de las elecciones presidenciales del 10 de abril de 2022. Emmanuel Macron y Marine Le Pen siguen a la cabeza en t\u00e9rminos de intenci\u00f3n de voto. Dependiendo de las circunstancias, el Jefe de Estado saliente obtuvo de 24 a 26 votos del %, y el Presidente de la Asamblea Nacional recibi\u00f3 de 19 a 23 votos del %.<br>Se probaron seis hip\u00f3tesis diferentes, en funci\u00f3n de los candidatos apoyados por el Partido Republicano y de la candidatura de Eric Zemmour.<\/p>\n\n\n\n<div class=\"wp-block-image wp-duotone-000097-ff4747-1\"><figure class=\"aligncenter size-large is-resized\"><img decoding=\"async\" loading=\"lazy\" src=\"https:\/\/parier-presidentielle.com\/wp-content\/uploads\/2021\/09\/macron-le-pen-1024x576.jpg\" alt=\"Conociendo a Macron y Le Pen\" class=\"wp-image-135\" width=\"559\" height=\"314\" srcset=\"https:\/\/parier-presidentielle.com\/wp-content\/uploads\/2021\/09\/macron-le-pen-1024x576.jpg 1024w, https:\/\/parier-presidentielle.com\/wp-content\/uploads\/2021\/09\/macron-le-pen-300x169.jpg 300w, https:\/\/parier-presidentielle.com\/wp-content\/uploads\/2021\/09\/macron-le-pen-768x432.jpg 768w, https:\/\/parier-presidentielle.com\/wp-content\/uploads\/2021\/09\/macron-le-pen.jpg 1350w\" sizes=\"(max-width: 559px) 100vw, 559px\" \/><\/figure><\/div>\n\n\n\n<p><\/p>\n\n\n\n<h2 class=\"wp-block-heading\"><span id=\"sondages-et-cote-tres-basse-pour-les-autres-candidats\">Encuestas y calificaci\u00f3n muy baja para otros Candidatos<\/span><\/h2>\n\n\n\n<p><br>Los republicanos Bertrand, P\u00e9cresse y Barnier representan 11% a 17%<br>\u201cMarine Le Pen controla ahora la posibilidad de pasar a la segunda vuelta, pero su nivel ha bajado. Seg\u00fan el an\u00e1lisis de Brice Teinturier, principal representante de Ipsos Francia. Podemos jugar con tres, aunque los republicanos a\u00fan no los han seleccionado. . \u00bfC\u00f3mo nominar\u00e1n a sus candidatos? De hecho, en todas las hip\u00f3tesis estudiadas, los candidatos de derecha ocuparon el tercer lugar en t\u00e9rminos de intenci\u00f3n de voto. Seg\u00fan la candidatura de Eric Zemmour, Xavier Bertrand recibi\u00f3 15 a 17 % de intenciones de voto, Val\u00e9rie P\u00e9cresse recibi\u00f3 14 a 16 % y Michel Barnier recibi\u00f3 11 a 13 %. Brice Teinturier declar\u00f3 que antes de Michel Barnier, \u201cla diferencia entre Xavier Bertrand y Val\u00e9rie P\u00e9cresse se ha estrechado mucho\u201d. \u201cNada es decisivo, aunque las opiniones muestren que Xavier Bertrand tiene ventaja\u201d. De hecho, estas tres personalidades fueron puestas a prueba con simpatizantes del LR-UDI, y las primarias republicanas a\u00fan no han confirmado que se haya nominado al candidato adecuado. As\u00ed, Xavier Bertrand recibi\u00f3 39 opiniones favorables de la derecha, Val\u00e9rie P\u00e9cresse 29 % y Michel Barnier 22 %. S\u00f3lo 29 partidarios del % apoyan las elecciones primarias de la organizaci\u00f3n. El 41% est\u00e1 de acuerdo con la soluci\u00f3n de elegir a sus candidatos \u201cen el marco de la Asamblea General\u201d, reuniendo a \u201cl\u00edderes de derecha\u201d.<\/p>\n\n\n\n<p>En caso de aplicaci\u00f3n, <a href=\"https:\/\/parier-presidentielle.com\/es\/zemmour-eleccion\/\">eric zemmour<\/a> recogi\u00f3 de 8 a 8,5% de intenciones de voto. Seg\u00fan el representante general de Ipsos, el resultado \u201cno debe ser descuidado\u201d, pero \u201cno ha cambiado mucho\u201d porque los electores en el debate \u201ctienen tantos ataques a RN como a LR\u201d.<\/p>\n\n\n\n<h2 class=\"wp-block-heading\"><span id=\"un-taux-de-participation-record-pour-la-campagne-2022\">Una tasa de participaci\u00f3n r\u00e9cord para la campa\u00f1a 2022<\/span><\/h2>\n\n\n\n<p><\/p>\n\n\n\n<p>Casi siete de cada diez franceses creen que votar\u00e1n seg\u00fan la encuesta de Ipsos-Sopra Steria en franceinfo y Le Parisien\/Aujourd&#039;hui en Francia. \u201cSin una posici\u00f3n de fuerza, Yannick Jadot lidera con 10 %, pero s\u00f3lo por delante de los 9 % de Anne Hidalgo y de los 8 % y 8,5 % de Jean-Luc M\u00e9lenchon\u201d, analiz\u00f3 Brice Teinturier. Seg\u00fan \u00e9l, \u201clas puntuaciones de los candidatos ecologistas son iguales o superiores a las de los socialistas, lo cual no carece de importancia\u201d. \u00a1En Europa y luego en las elecciones municipales y regionales, esta tendencia parece confirmarse!<\/p>\n\n\n\n<p><\/p>\n\n\n\n<h3 class=\"has-text-align-center wp-block-heading\"><span id=\"dossier-special-bookmaker-unibet-bwin-mondial-quatar\"><br>Casa de apuestas Archivo especial Unibet Bwin &amp; Mondial Qatar <\/span><\/h3>\n\n\n\n<p>Haz tu primera apuesta online en Pol\u00edtica y todos los deportes gracias a nuestros archivos en los diferentes sitios: Betclic, Winamax, Unibet, Betclic: <\/p>\n\n\n\n<p>Con la ayuda de casas de apuestas en l\u00ednea como Bwin, Unibet y Betclic, puedes acceder a una variedad de mercados de apuestas para el torneo, lo que te brinda la oportunidad de ganar a lo grande. En conclusi\u00f3n, el equipo franc\u00e9s podr\u00eda ser uno de los equipos a seguir durante el Mundial 2022. Taza. Con la ayuda de casas de apuestas en l\u00ednea como Bwin, Unibet y Betclic, puede recopilar informaci\u00f3n sobre Portugal y hacer apuestas informadas sobre su desempe\u00f1o en este torneo. Entonces, \u00bfpor qu\u00e9 no aprovechar la oportunidad de beneficiarse potencialmente del \u00e9xito de Francia en 2022?<\/p>\n\n\n\n<p class=\"has-text-align-center unibet\" style=\"font-size:25px\"><mark style=\"background-color:rgba(0, 0, 0, 0);color:#0d7a12\" class=\"has-inline-color\"><strong><a href=\"https:\/\/parier-presidentielle.com\/es\/recommends\/unibet\/\">Bono de 150 \u20ac ofrecido con Unibet<br>Para su 1ra Apuesta Pol\u00edtica o Deportiva: Haga clic aqu\u00ed<\/a><\/strong><\/mark><\/p>\n\n\n\n<p><\/p>\n\n\n<div class=\"wp-block-image\">\n<figure class=\"aligncenter is-resized wp-duotone-000097-ff4747-2\"><img decoding=\"async\" loading=\"lazy\" src=\"https:\/\/parier-presidentielle.com\/wp-content\/uploads\/2021\/09\/election-standard-scale-4_00x-gigapixel-1024x623.jpg\" alt=\"Elecci\u00f3n 2022\" style=\"width:256px;height:156px\" width=\"256\" height=\"156\"\/><\/figure><\/div>\n\n\n<p><br><\/p>\n\n\n\n<p><strong>Parier-presidentielle le ayuda a elegir entre los diferentes<a href=\"https:\/\/parier-presidentielle.com\/es\/\"> Casas de apuestas Bwin, Unibet, Betclic apostar\u00e1n por el futuro presidente estadounidense en 2024<\/a> : <\/strong><br><a href=\"https:\/\/parier-presidentielle.com\/es\/unibet-politica-eleccion-2022\/\">Casa de apuestas presidencial de Unibet<\/a> : \u00a1Gu\u00eda detallada y gratuita para hacer su primera apuesta en l\u00ednea con todas las probabilidades y c\u00f3mo aprovechar el bono ofrecido!<\/p>\n\n\n\n<p>As\u00ed como los dem\u00e1s sitios de apuestas en l\u00ednea: <a href=\"https:\/\/parier-presidentielle.com\/es\/unibet-politica-eleccion-2022\/\">Bwin<\/a>, <a href=\"https:\/\/parier-presidentielle.com\/es\/netbet-apuesta-politica-eleccion-2022\/\">NetBet<\/a>, <a href=\"https:\/\/parier-presidentielle.com\/es\/betclic-presidencial-2022\/\">Betclic<\/a>, <a href=\"https:\/\/parier-presidentielle.com\/es\/winamax-politica-eleccion-2022\/\">Winamax<\/a>, Parions Sport, Zebet, Betway, France-Pari, Vbet, Cloudbet, 1Xbit, 1xbet, Betfair, Betwinner\u2026<\/p>\n\n\n\n<div class=\"wp-block-columns is-layout-flex wp-container-7 wp-block-columns-is-layout-flex\">\n<div class=\"wp-block-column is-layout-flow wp-block-column-is-layout-flow\" style=\"flex-basis:33.33%\">\n<p>Acabas de leer nuestro archivo:<\/p>\n<\/div>\n\n\n\n<div class=\"wp-block-column is-layout-flow wp-block-column-is-layout-flow\" style=\"flex-basis:33.33%\">\n<div class=\"wp-block-group is-layout-flow wp-block-group-is-layout-flow\"><div class=\"wp-block-group__inner-container\"><h4 class=\"has-text-align-center wp-block-post-title\"><span id=\"election-presidentielle-2022-selon-les-sondages-emmanuel-macron-et-marine-le-pen-seront-au-second-tour\"><a href=\"https:\/\/parier-presidentielle.com\/es\/emmanuel-macron-marine-le-pen-eric-zemmour-encuesta\/\" target=\"_self\" >Elecciones presidenciales de 2022: seg\u00fan las encuestas, Emmanuel Macron y Marine Le Pen estar\u00e1n en la segunda vuelta<\/a><\/span><\/h4><\/div><\/div>\n<\/div>\n\n\n\n<div class=\"wp-block-column is-layout-flow wp-block-column-is-layout-flow\" style=\"flex-basis:33.33%\">\n<p class=\"has-text-align-right\">Contin\u00fae leyendo con nuestros otros archivos exclusivos,<\/p>\n<\/div>\n<\/div>\n\n\n\n<h3 class=\"wp-block-heading\" id=\"tous-les-pronostics-sondage-et-cotes-pour-parier-sur-le-futur-vainqueur-de-l-election-presidentielle-2022\"><span id=\"tous-les-pronostics-sondage-et-cotes-pour-parier-sur-le-futur-vainqueur-de-l8217election-presidentielle-2024\">Todas las Predicciones, Encuestas y Cuotas para apostar sobre el futuro ganador de las elecciones presidenciales de 2024:<\/span><\/h3>\n\n\n\n<ul>\n<li><a href=\"https:\/\/parier-presidentielle.com\/es\/macron-eleccion\/\">Apuesta por Emmanuel Macron con Unibet, Betclic, Bwin<\/a> : El favorito de encuestas y predicciones <\/li>\n\n\n\n<li><a href=\"https:\/\/parier-presidentielle.com\/es\/marine-le-pen-eleccion\/\">Marine Le Pen: sus cuotas y c\u00f3mo apostar con las casas de apuestas<\/a>: El retador seg\u00fan Unibet<\/li>\n<\/ul>\n\n\n\n<p><\/p>\n\n\n\n<center><script type=\"text\/javascript\" charset=\"utf-8\" src=\"https:\/\/www.gambling-affiliation.com\/cpm\/v=AmIMTDSs92QY6b0MzDMvM5laCjJ-ZlA-1oQ-7tKsi.w_GA7331V2\"><\/script><\/center>\n\n\n\n<h3 class=\"wp-block-heading\"><span id=\"donald-trump-vs-joe-biden-la-video-qui-lance-les-paris-en-ligne-sur-l8217election-politique-de-2024\">Donald Trump vs Joe Biden: el v\u00eddeo que lanza las apuestas online sobre las elecciones pol\u00edticas de 2024<\/span><\/h3>\n\n\n\n<figure class=\"wp-block-embed is-type-video is-provider-youtube wp-block-embed-youtube wp-embed-aspect-16-9 wp-has-aspect-ratio\"><div class=\"wp-block-embed__wrapper\">\n<iframe loading=\"lazy\" title=\"El expresidente Donald Trump lanza una candidatura a la Casa Blanca para 2024 #Short\" width=\"640\" height=\"360\" src=\"https:\/\/www.youtube.com\/embed\/hZykPRVe4Ag?feature=oembed\" frameborder=\"0\" allow=\"accelerometer; autoplay; clipboard-write; encrypted-media; gyroscope; picture-in-picture; web-share\" allowfullscreen><\/iframe>\n<\/div><\/figure>\n\n\n<div class=\"wp-block-image\">\n<figure class=\"aligncenter size-medium\"><a href=\"https:\/\/parier-presidentielle.com\/es\/recommends\/unibet\/\" target=\"_blank\" rel=\"noopener\"><img decoding=\"async\" loading=\"lazy\" width=\"300\" height=\"169\" src=\"https:\/\/parier-presidentielle.com\/wp-content\/uploads\/2022\/04\/unibet-300x169.jpg\" alt=\"\" class=\"wp-image-1252\" srcset=\"https:\/\/parier-presidentielle.com\/wp-content\/uploads\/2022\/04\/unibet-300x169.jpg 300w, https:\/\/parier-presidentielle.com\/wp-content\/uploads\/2022\/04\/unibet-1024x576.jpg 1024w, https:\/\/parier-presidentielle.com\/wp-content\/uploads\/2022\/04\/unibet-768x432.jpg 768w, https:\/\/parier-presidentielle.com\/wp-content\/uploads\/2022\/04\/unibet-18x10.jpg 18w, https:\/\/parier-presidentielle.com\/wp-content\/uploads\/2022\/04\/unibet.jpg 1280w\" sizes=\"(max-width: 300px) 100vw, 300px\" \/><\/a><\/figure><\/div>\n\n\n<p>Encuentra en la Wiki, las noticias pol\u00edticas imprescindibles sobre el Cannabis y sus derivados legales: <strong>HHC, H4cbd, Thcp, Thcv, HSD, HHCPO, C4B<\/strong><\/p>\n<div id=\"toc_container\" class=\"no_bullets\"><p class=\"toc_title\">Indice<\/p><ul class=\"toc_list\"><li><\/li><li><\/li><li><ul><li><ul><li><\/li><\/ul><\/li><li><\/li><li><\/li><\/ul><\/li><\/ul><\/div>","protected":false},"excerpt":{"rendered":"<p>D&#8217;apr\u00e8s les sondages Emmanuel Macron et Marine Le Pen seront \u00e0 l&#8217;\u00e9lection pr\u00e9sidentielle de 2022 et s&#8217;affronteront au second tour, quels que soient les autres candidats, dont Eric Zemmour. Selon le sondage Ipsos publi\u00e9 pour Franceinfo vendredi 3 septembre, il reste sept mois avant le premier tour de la pr\u00e9sidentielle du 10 avril 2022. Emmanuel &#8230;<\/p>","protected":false},"author":1,"featured_media":0,"parent":0,"menu_order":0,"comment_status":"closed","ping_status":"closed","template":"page-nosidebar.php","meta":{"footnotes":""},"yoast_head":"<!-- This site is optimized with the Yoast SEO Premium plugin v21.0 (Yoast SEO v21.0) - https:\/\/yoast.com\/wordpress\/plugins\/seo\/ -->\n<title>Macron devant Le Pen : Selon les Sondages et Bookmakers pour l&#039;Election 2022<\/title>\n<meta name=\"description\" content=\"D\u2019apr\u00e8s les sondages Emmanuel Macron et Marine Le Pen seront \u00e0 l\u2019\u00e9lection pr\u00e9sidentielle de 2022 et s\u2019affronteront au second tour,...\" \/>\n<meta name=\"robots\" content=\"index, follow, max-snippet:-1, max-image-preview:large, max-video-preview:-1\" \/>\n<link rel=\"canonical\" href=\"https:\/\/parier-presidentielle.com\/es\/emmanuel-macron-marine-le-pen-eric-zemmour-encuesta\/\" \/>\n<meta property=\"og:locale\" content=\"es_ES\" \/>\n<meta property=\"og:type\" content=\"article\" \/>\n<meta property=\"og:title\" content=\"Election Pr\u00e9sidentielle 2022 : Selon les sondages, Emmanuel Macron et Marine Le Pen seront au second tour\" \/>\n<meta property=\"og:description\" content=\"D\u2019apr\u00e8s les sondages Emmanuel Macron et Marine Le Pen seront \u00e0 l\u2019\u00e9lection pr\u00e9sidentielle de 2022 et s\u2019affronteront au second tour,...\" \/>\n<meta property=\"og:url\" content=\"https:\/\/parier-presidentielle.com\/es\/emmanuel-macron-marine-le-pen-eric-zemmour-encuesta\/\" \/>\n<meta property=\"og:site_name\" content=\"Parier Pr\u00e9sidentielle\" \/>\n<meta property=\"article:modified_time\" content=\"2022-03-09T09:41:39+00:00\" \/>\n<meta property=\"og:image\" content=\"https:\/\/parier-presidentielle.com\/wp-content\/uploads\/2021\/09\/macron-le-pen-1024x576.jpg\" \/>\n<meta name=\"twitter:card\" content=\"summary_large_image\" \/>\n<meta name=\"twitter:label1\" content=\"Tiempo de lectura\" \/>\n\t<meta name=\"twitter:data1\" content=\"3 minutos\" \/>\n<script type=\"application\/ld+json\" class=\"yoast-schema-graph\">{\"@context\":\"https:\/\/schema.org\",\"@graph\":[{\"@type\":\"WebPage\",\"@id\":\"https:\/\/parier-presidentielle.com\/emmanuel-macron-marine-le-pen-eric-zemmour-sondage\/\",\"url\":\"https:\/\/parier-presidentielle.com\/emmanuel-macron-marine-le-pen-eric-zemmour-sondage\/\",\"name\":\"Macron devant Le Pen : Selon les Sondages et Bookmakers pour l'Election 2022\",\"isPartOf\":{\"@id\":\"https:\/\/parier-presidentielle.com\/#website\"},\"datePublished\":\"2021-09-07T07:24:43+00:00\",\"dateModified\":\"2022-03-09T09:41:39+00:00\",\"description\":\"D\u2019apr\u00e8s les sondages Emmanuel Macron et Marine Le Pen seront \u00e0 l\u2019\u00e9lection pr\u00e9sidentielle de 2022 et s\u2019affronteront au second tour,...\",\"breadcrumb\":{\"@id\":\"https:\/\/parier-presidentielle.com\/emmanuel-macron-marine-le-pen-eric-zemmour-sondage\/#breadcrumb\"},\"inLanguage\":\"es\",\"potentialAction\":[{\"@type\":\"ReadAction\",\"target\":[\"https:\/\/parier-presidentielle.com\/emmanuel-macron-marine-le-pen-eric-zemmour-sondage\/\"]}]},{\"@type\":\"BreadcrumbList\",\"@id\":\"https:\/\/parier-presidentielle.com\/emmanuel-macron-marine-le-pen-eric-zemmour-sondage\/#breadcrumb\",\"itemListElement\":[{\"@type\":\"ListItem\",\"position\":1,\"name\":\"Accueil\",\"item\":\"https:\/\/parier-presidentielle.com\/\"},{\"@type\":\"ListItem\",\"position\":2,\"name\":\"Election Pr\u00e9sidentielle 2022 : Selon les sondages, Emmanuel Macron et Marine Le Pen seront au second tour\"}]},{\"@type\":\"WebSite\",\"@id\":\"https:\/\/parier-presidentielle.com\/#website\",\"url\":\"https:\/\/parier-presidentielle.com\/\",\"name\":\"Parier Pr\u00e9sidentielle\",\"description\":\"Paris, Pronostics, Wiki sur la Politique, les Elections Am\u00e9ricaines: Joe Biden, Donald Trump avec les Bookmakers en ligne Unibet, Bwin, Betclic, Winamax\",\"potentialAction\":[{\"@type\":\"SearchAction\",\"target\":{\"@type\":\"EntryPoint\",\"urlTemplate\":\"https:\/\/parier-presidentielle.com\/?s={search_term_string}\"},\"query-input\":\"required name=search_term_string\"}],\"inLanguage\":\"es\"}]}<\/script>\n<!-- \/ Yoast SEO Premium plugin. -->","yoast_head_json":{"title":"Macron devant Le Pen : Selon les Sondages et Bookmakers pour l'Election 2022","description":"D\u2019apr\u00e8s les sondages Emmanuel Macron et Marine Le Pen seront \u00e0 l\u2019\u00e9lection pr\u00e9sidentielle de 2022 et s\u2019affronteront au second tour,...","robots":{"index":"index","follow":"follow","max-snippet":"max-snippet:-1","max-image-preview":"max-image-preview:large","max-video-preview":"max-video-preview:-1"},"canonical":"https:\/\/parier-presidentielle.com\/es\/emmanuel-macron-marine-le-pen-eric-zemmour-encuesta\/","og_locale":"es_ES","og_type":"article","og_title":"Election Pr\u00e9sidentielle 2022 : Selon les sondages, Emmanuel Macron et Marine Le Pen seront au second tour","og_description":"D\u2019apr\u00e8s les sondages Emmanuel Macron et Marine Le Pen seront \u00e0 l\u2019\u00e9lection pr\u00e9sidentielle de 2022 et s\u2019affronteront au second tour,...","og_url":"https:\/\/parier-presidentielle.com\/es\/emmanuel-macron-marine-le-pen-eric-zemmour-encuesta\/","og_site_name":"Parier Pr\u00e9sidentielle","article_modified_time":"2022-03-09T09:41:39+00:00","og_image":[{"url":"https:\/\/parier-presidentielle.com\/wp-content\/uploads\/2021\/09\/macron-le-pen-1024x576.jpg"}],"twitter_card":"summary_large_image","twitter_misc":{"Tiempo de lectura":"3 minutos"},"schema":{"@context":"https:\/\/schema.org","@graph":[{"@type":"WebPage","@id":"https:\/\/parier-presidentielle.com\/emmanuel-macron-marine-le-pen-eric-zemmour-sondage\/","url":"https:\/\/parier-presidentielle.com\/emmanuel-macron-marine-le-pen-eric-zemmour-sondage\/","name":"Macron devant Le Pen : Selon les Sondages et Bookmakers pour l'Election 2022","isPartOf":{"@id":"https:\/\/parier-presidentielle.com\/#website"},"datePublished":"2021-09-07T07:24:43+00:00","dateModified":"2022-03-09T09:41:39+00:00","description":"D\u2019apr\u00e8s les sondages Emmanuel Macron et Marine Le Pen seront \u00e0 l\u2019\u00e9lection pr\u00e9sidentielle de 2022 et s\u2019affronteront au second tour,...","breadcrumb":{"@id":"https:\/\/parier-presidentielle.com\/emmanuel-macron-marine-le-pen-eric-zemmour-sondage\/#breadcrumb"},"inLanguage":"es","potentialAction":[{"@type":"ReadAction","target":["https:\/\/parier-presidentielle.com\/emmanuel-macron-marine-le-pen-eric-zemmour-sondage\/"]}]},{"@type":"BreadcrumbList","@id":"https:\/\/parier-presidentielle.com\/emmanuel-macron-marine-le-pen-eric-zemmour-sondage\/#breadcrumb","itemListElement":[{"@type":"ListItem","position":1,"name":"Accueil","item":"https:\/\/parier-presidentielle.com\/"},{"@type":"ListItem","position":2,"name":"Election Pr\u00e9sidentielle 2022 : Selon les sondages, Emmanuel Macron et Marine Le Pen seront au second tour"}]},{"@type":"WebSite","@id":"https:\/\/parier-presidentielle.com\/#website","url":"https:\/\/parier-presidentielle.com\/","name":"Parier Pr\u00e9sidentielle","description":"Paris, Pronostics, Wiki sur la Politique, les Elections Am\u00e9ricaines: Joe Biden, Donald Trump avec les Bookmakers en ligne Unibet, Bwin, Betclic, Winamax","potentialAction":[{"@type":"SearchAction","target":{"@type":"EntryPoint","urlTemplate":"https:\/\/parier-presidentielle.com\/?s={search_term_string}"},"query-input":"required name=search_term_string"}],"inLanguage":"es"}]}},"_links":{"self":[{"href":"https:\/\/parier-presidentielle.com\/es\/wp-json\/wp\/v2\/pages\/68"}],"collection":[{"href":"https:\/\/parier-presidentielle.com\/es\/wp-json\/wp\/v2\/pages"}],"about":[{"href":"https:\/\/parier-presidentielle.com\/es\/wp-json\/wp\/v2\/types\/page"}],"author":[{"embeddable":true,"href":"https:\/\/parier-presidentielle.com\/es\/wp-json\/wp\/v2\/users\/1"}],"replies":[{"embeddable":true,"href":"https:\/\/parier-presidentielle.com\/es\/wp-json\/wp\/v2\/comments?post=68"}],"version-history":[{"count":11,"href":"https:\/\/parier-presidentielle.com\/es\/wp-json\/wp\/v2\/pages\/68\/revisions"}],"predecessor-version":[{"id":1002,"href":"https:\/\/parier-presidentielle.com\/es\/wp-json\/wp\/v2\/pages\/68\/revisions\/1002"}],"wp:attachment":[{"href":"https:\/\/parier-presidentielle.com\/es\/wp-json\/wp\/v2\/media?parent=68"}],"curies":[{"name":"wp","href":"https:\/\/api.w.org\/{rel}","templated":true}]}}