{"id":709,"date":"2022-02-23T13:20:38","date_gmt":"2022-02-23T12:20:38","guid":{"rendered":"https:\/\/parier-presidentielle.com\/?page_id=709"},"modified":"2022-02-24T23:13:37","modified_gmt":"2022-02-24T22:13:37","slug":"betclic-election-americaine-2024","status":"publish","type":"page","link":"https:\/\/parier-presidentielle.com\/es\/betclic-eleccion-americana-2024\/","title":{"rendered":"Betclic: apuesta por las elecciones presidenciales estadounidenses de 2024"},"content":{"rendered":"<div class=\"wp-block-image\"><figure class=\"aligncenter size-full is-resized\"><img decoding=\"async\" loading=\"lazy\" src=\"https:\/\/parier-presidentielle.com\/wp-content\/uploads\/2022\/02\/betclic-election-usa-2024-header.jpg\" alt=\"Apuestas a la elecci\u00f3n Joe Biden y Donald Trump los candidatos de 2024\" class=\"wp-image-717\" width=\"480\" height=\"270\" srcset=\"https:\/\/parier-presidentielle.com\/wp-content\/uploads\/2022\/02\/betclic-election-usa-2024-header.jpg 640w, https:\/\/parier-presidentielle.com\/wp-content\/uploads\/2022\/02\/betclic-election-usa-2024-header-300x169.jpg 300w\" sizes=\"(max-width: 480px) 100vw, 480px\" \/><\/figure><\/div>\n\n\n\n<h2 class=\"wp-block-heading\"><span id=\"qui-sera-le-prochain-president-etats-unis\">\u00bfQui\u00e9n ser\u00e1 el pr\u00f3ximo presidente de los Estados Unidos? <\/span><\/h2>\n\n\n\n<p>Para empezar, Joe Biden fue elegido con dificultad en 2020, \u00a1Trump y sus seguidores esperan impacientes su venganza! As\u00ed que ahora se puede apostar por el ganador de las elecciones presidenciales si encontramos a los cabezas de cartel de la pol\u00edtica republicana y dem\u00f3crata con Joe Biden, Kamala Harris, Donald Trump, Nikki Haley Ron; Mike Pence... Con Betclic tambi\u00e9n es posible apostar por celebridades como Dwayne Johnson, Kanye West, Oprah Winfrey, George Clooney, Mark Zuckerberg\u2026. Aunque tienen cuotas de 200, \u00a1no recomendamos apostar por ellos!<br><\/p>\n\n\n\n<h3 class=\"wp-block-heading\"><span id=\"les-cotes-de-betclic-pour-l8217election-americaine\">Cuotas Betclic para las elecciones americanas<\/span><\/h3>\n\n\n\n<p>Encuentra en exclusiva todas las cuotas de la casa de apuestas Betclic sobre el futuro ocupante de la Casa Blanca:<\/p>\n\n\n\n<div class=\"wp-block-group is-layout-flow wp-block-group-is-layout-flow\"><div class=\"wp-block-group__inner-container\">\n<div class=\"wp-block-columns is-layout-flex wp-container-6 wp-block-columns-is-layout-flex\">\n<div class=\"wp-block-column is-layout-flow wp-block-column-is-layout-flow\">\n<div class=\"wp-block-group is-layout-flow wp-block-group-is-layout-flow\"><div class=\"wp-block-group__inner-container\">\n<div class=\"wp-block-group is-layout-flow wp-block-group-is-layout-flow\"><div class=\"wp-block-group__inner-container\">\n<ul><li><em><strong>joe biden 5<\/strong><\/em><\/li><li><em><strong>Kamala Harris 5.50<\/strong><\/em><\/li><li><em><strong>Donald Trump 7.00<\/strong><\/em><\/li><li><em>nikki haley 15<\/em><\/li><li><em>Ron DeSantis 13<\/em><\/li><li><em>mike pence 17<\/em><\/li><li><em>jeff bezos 20<\/em><\/li><li><em>Alejandr\u00eda Ocasio-Cortez 30<\/em><\/li><li><em>Dwayne Johnson 30<\/em><\/li><li><em>michelle obama 35<\/em><\/li><li><em>Pete Buttigieg 35<\/em><\/li><li><em>Tucker Carlson 35<\/em><\/li><li><em>ted cruz 40<\/em><\/li><li><em>Candace Owens 40<\/em><\/li><li><em>mike pompeo 40<\/em><\/li><li><em>ivanka trump 50<\/em><\/li><\/ul>\n<\/div><\/div>\n<\/div><\/div>\n\n\n\n<p><\/p>\n\n\n\n<p><\/p>\n<\/div>\n\n\n\n<div class=\"wp-block-column is-layout-flow wp-block-column-is-layout-flow\">\n<ul><li><em>Michael Flynn 50<\/em><\/li><li><em>Tom algod\u00f3n 50<\/em><\/li><li><em>Isabel Warren 50<\/em><\/li><li><em>Marco Rubio 50<\/em><\/li><li><em>Juan Kasich 60<\/em><\/li><li><em>Andr\u00e9s Cuomo 65<\/em><\/li><li><em>marca cubano 65<\/em><\/li><li><em>Dan Crenshaw 65<\/em><\/li><li><em>Andr\u00e9s Yang 65<\/em><\/li><li><em>Amy Klobuchar 65<\/em><\/li><li><em>Beto O\u00b4Rourke 65<\/em><\/li><li><em>ben carson 80<\/em><\/li><li><em>Tulsi Gabbard 80<\/em><\/li><li><em>keisha lance fondos 80<\/em><\/li><li><em>Val Demings 80<\/em><\/li><li><em>Cory Booker 100<\/em><\/li><\/ul>\n\n\n\n<p><\/p>\n<\/div>\n\n\n\n<div class=\"wp-block-column is-layout-flow wp-block-column-is-layout-flow\">\n<ul><li><em>Gavin Newsom 100<\/em><\/li><li><em>Stacy Abrams 100<\/em><\/li><li><em>Jos\u00e9 P. Kennedy 100<\/em><\/li><li><em>pablo ryan 100<\/em><\/li><li><em>Bernie Sanders 100<\/em><\/li><li><em>Rand Pablo 100<\/em><\/li><li><em>susana arroz 100<\/em><\/li><li><em>Chris Christie 100<\/em><\/li><li><em>Hillary Clinton 100<\/em><\/li><li><em>kanye oeste 100<\/em><\/li><li><em>Michael Bloomberg 100<\/em><\/li><li><em>Mitt Romney 100<\/em><\/li><li><em>Oprah Winfrey 100<\/em><\/li><li><em>Jorge Clooney 100<\/em><\/li><li><em>chelsea clinton 200<\/em><\/li><li><em>marca zuckerberg 200<\/em><\/li><\/ul>\n<\/div>\n<\/div>\n<\/div><\/div>\n\n\n\n<h4 class=\"has-text-align-center wp-block-heading\"><span id=\"presentation-des-cotes-de-du-site-de-betclic\">Presentaci\u00f3n de las cuotas del sitio de Betclic<\/span><\/h4>\n\n\n\n<div class=\"wp-block-image\"><figure class=\"aligncenter size-large is-resized\"><img decoding=\"async\" loading=\"lazy\" src=\"https:\/\/parier-presidentielle.com\/wp-content\/uploads\/2022\/02\/betclic-election-usa-2024-976x1024.png\" alt=\"Calificaci\u00f3n de Betclic para el pr\u00f3ximo candidato Futuro presidente estadounidense\" class=\"wp-image-710\" width=\"488\" height=\"512\"\/><\/figure><\/div>\n\n\n\n<h3 class=\"wp-block-heading\" id=\"analyse-et-pronostics\"><span id=\"analyse-et-pronostics-pour-parier-sur-le-futur-president-americain\">An\u00e1lisis y Predicciones para apostar por el Futuro Presidente Americano<\/span><\/h3>\n\n\n\n<p>Despu\u00e9s de analizar las noticias y las encuestas por el momento, \u00a1Joe Biden y Donald Trump est\u00e1n codo a codo! Adem\u00e1s, las probabilidades para estos 2 candidatos son muy altas: \u00a15 y 7! Lo que significa que apostar ahora puede generar grandes beneficios, sin mencionar que si un candidato no se postula, \u00a1su apuesta se reembolsar\u00e1 autom\u00e1ticamente!<br><br><\/p>\n\n\n\n<h3 class=\"wp-block-heading\" id=\"comment-realiser-son-1-pari-avec-bwin-c\"><span id=\"comment-realiser-son-1er-pari-avec-betclic-sur-un-candidat-a-la-presidentielle-des-etats-unis\">\u00bfC\u00f3mo hacer tu primera apuesta con Betclic en un candidato presidencial de los Estados Unidos?<\/span><\/h3>\n\n\n\n<p id=\"comment-realiser-son-1-pari-avec-bwin-c\">As\u00ed como puedes apostar a la victoria de tu equipo de f\u00fatbol favorito, es posible apostar al ganador de las elecciones presidenciales de Estados Unidos con la casa de apuestas Betclic: \u00a1es r\u00e1pido y f\u00e1cil!<\/p>\n\n\n\n<ol><li>Elija el Candidato por el que desea apostar:<br>en nuestro ejemplo es Joe Biden.<br><\/li><li>Indique el Stake que desea apostar,<br>10\u20ac en nuestra simulaci\u00f3n<br><\/li><li>\u00a1Y ahora, se acab\u00f3!<br>En nuestra captura de pantalla, las cuotas son 5 y la apuesta 10 \u20ac en caso de victoria <strong>\u00a1ganas 50\u20ac!<\/strong><\/li><\/ol>\n\n\n\n<div class=\"wp-block-image\"><figure class=\"aligncenter size-full is-resized\"><img decoding=\"async\" loading=\"lazy\" src=\"https:\/\/parier-presidentielle.com\/wp-content\/uploads\/2022\/02\/betclic-paris-president-des-etats-unis.png\" alt=\"c\u00f3mo apostar con Betclic para el pr\u00f3ximo candidato para el pr\u00f3ximo candidato futuro presidente estadounidense\" class=\"wp-image-768\" width=\"259\" height=\"372\" srcset=\"https:\/\/parier-presidentielle.com\/wp-content\/uploads\/2022\/02\/betclic-paris-president-des-etats-unis.png 517w, https:\/\/parier-presidentielle.com\/wp-content\/uploads\/2022\/02\/betclic-paris-president-des-etats-unis-208x300.png 208w\" sizes=\"(max-width: 259px) 100vw, 259px\" \/><\/figure><\/div>\n\n\n\n<h2 class=\"wp-block-heading\"><span id=\"l8217actualite-des-candidats-a-l8217election-presidentielle-des-etats-unis\">Noticias de los candidatos en las elecciones presidenciales de Estados Unidos.<\/span><\/h2>\n\n\n\n<h3 class=\"wp-block-heading\"><span id=\"plus-d8217interrogations-que-de-reponses-sur-l8217election-presidentielle-de-2024\">M\u00e1s preguntas que respuestas sobre las elecciones presidenciales de 2024. <\/span><\/h3>\n\n\n\n<p><br>El presidente <strong>Joe Biden<\/strong> \u00bfaparecer\u00e1? Dice que tiene la intenci\u00f3n de hacerlo, pero si no lo hace, \u00bfqui\u00e9n ser\u00e1 el candidato dem\u00f3crata? El presidente anterior <strong>Donald Trump <\/strong>\u00bfaparecer\u00e1? \u00bfAlguien desafiar\u00e1 seriamente su nominaci\u00f3n republicana? Hay m\u00e1s inc\u00f3gnitas que informaci\u00f3n conocida. <\/p>\n\n\n\n<blockquote class=\"wp-block-quote\"><p>Pero si la historia reciente sirve de gu\u00eda, sabemos una cosa importante: las elecciones de 2024 ya est\u00e1n muy cerca. <\/p><\/blockquote>\n\n\n\n<h3 class=\"wp-block-heading\"><span id=\"les-defis-et-les-dangers-auxquels-sont-confrontes-les-democrates-dans-la-prochaine-course-presidentielle\">Los desaf\u00edos y peligros que enfrentan los dem\u00f3cratas en la pr\u00f3xima carrera presidencial.<\/span><\/h3>\n\n\n\n<p>\u201cEn 10 de 17 elecciones presidenciales entre 1920 y 1984, el voto popular estaba 10 puntos o m\u00e1s por delante. \u2026 Pero en las nueve elecciones de 1988 a 2020, ning\u00fan candidato se acerc\u00f3 al 10. Gana puntos porcentuales, y cinco de las \u00faltimas seis se conformaron por menos de 5 puntos porcentuales\u201d. Es bastante incre\u00edble. De hecho, si se suman todos los votos (alrededor de mil millones) de los dos candidatos de los principales partidos en las \u00faltimas nueve elecciones, los dem\u00f3cratas obtuvieron 51,2 % del total, mientras que los republicanos obtuvieron 48,2 %. Galston y Carmack. Es una corbata incre\u00edble. La realidad que revelan estas cifras es que hemos sido \u2013y seguimos siendo\u2013 un per\u00edodo vol\u00e1til en el que ning\u00fan partido puede obtener una ventaja electoral durante un per\u00edodo prolongado. (En las \u00faltimas nueve elecciones presidenciales, el control de la Casa Blanca ha cambiado cinco veces). <br>Hasta que un partido rompa el estancamiento y construya una mayor\u00eda nacional duradera, las elecciones re\u00f1idas seguir\u00e1n siendo la regla, y los votantes indecisos en estados clave seguir\u00e1n siendo la clave para la victoria.<\/p>\n\n\n\n<h4 class=\"wp-block-heading\"><span id=\"la-candidature-de-trump-l8217element-determinant\"><br>La candidatura de Trump el factor determinante<\/span><\/h4>\n\n\n\n<p>Si Trump presenta la calificaci\u00f3n de <a href=\"https:\/\/parier-presidentielle.com\/es\/betclic-presidencial-2022\/\">Betclic<\/a> a las 7 es un muy buen negocio porque la predicci\u00f3n de que no volver\u00e1 a ganar la presidencia se ve directamente cuestionada por las conclusiones de este art\u00edculo. Las elecciones presidenciales de 2024 ser\u00e1n sin duda una carrera muy re\u00f1ida, lo que significa que las posibilidades de victoria de Trump estar\u00e1n muy cerca de lanzar una moneda al aire.<br><\/p>\n\n\n\n<p class=\"has-text-align-center unibet\" style=\"font-size:25px\"><mark style=\"background-color:rgba(0, 0, 0, 0);color:#0d7a12\" class=\"has-inline-color\"><strong><a href=\"https:\/\/parier-presidentielle.com\/es\/recommends\/unibet\/\">Bono de 150 \u20ac ofrecido con Unibet<br>Para su 1ra Apuesta Pol\u00edtica o Deportiva: Haga clic aqu\u00ed<\/a><\/strong><\/mark><\/p>\n\n\n\n<p><\/p>\n\n\n<div class=\"wp-block-image\">\n<figure class=\"aligncenter is-resized wp-duotone-000097-ff4747-8\"><img decoding=\"async\" loading=\"lazy\" src=\"https:\/\/parier-presidentielle.com\/wp-content\/uploads\/2021\/09\/election-standard-scale-4_00x-gigapixel-1024x623.jpg\" alt=\"Elecci\u00f3n 2022\" style=\"width:256px;height:156px\" width=\"256\" height=\"156\"\/><\/figure><\/div>\n\n\n<p><br><\/p>\n\n\n\n<p><strong>Parier-presidentielle le ayuda a elegir entre los diferentes<a href=\"https:\/\/parier-presidentielle.com\/es\/\"> Casas de apuestas Bwin, Unibet, Betclic apostar\u00e1n por el futuro presidente estadounidense en 2024<\/a> : <\/strong><br><a href=\"https:\/\/parier-presidentielle.com\/es\/unibet-politica-eleccion-2022\/\">Casa de apuestas presidencial de Unibet<\/a> : \u00a1Gu\u00eda detallada y gratuita para hacer su primera apuesta en l\u00ednea con todas las probabilidades y c\u00f3mo aprovechar el bono ofrecido!<\/p>\n\n\n\n<p>As\u00ed como los dem\u00e1s sitios de apuestas en l\u00ednea: <a href=\"https:\/\/parier-presidentielle.com\/es\/unibet-politica-eleccion-2022\/\">Bwin<\/a>, <a href=\"https:\/\/parier-presidentielle.com\/es\/netbet-apuesta-politica-eleccion-2022\/\">NetBet<\/a>, <a href=\"https:\/\/parier-presidentielle.com\/es\/betclic-presidencial-2022\/\">Betclic<\/a>, <a href=\"https:\/\/parier-presidentielle.com\/es\/winamax-politica-eleccion-2022\/\">Winamax<\/a>, Parions Sport, Zebet, Betway, France-Pari, Vbet, Cloudbet, 1Xbit, 1xbet, Betfair, Betwinner\u2026<\/p>\n\n\n\n<div class=\"wp-block-columns is-layout-flex wp-container-13 wp-block-columns-is-layout-flex\">\n<div class=\"wp-block-column is-layout-flow wp-block-column-is-layout-flow\" style=\"flex-basis:33.33%\">\n<p>Acabas de leer nuestro archivo:<\/p>\n<\/div>\n\n\n\n<div class=\"wp-block-column is-layout-flow wp-block-column-is-layout-flow\" style=\"flex-basis:33.33%\">\n<div class=\"wp-block-group is-layout-flow wp-block-group-is-layout-flow\"><div class=\"wp-block-group__inner-container\"><h4 class=\"has-text-align-center wp-block-post-title\"><span id=\"betclic-parier-sur-l8217election-presidentielle-americaine-de-2024\"><a href=\"https:\/\/parier-presidentielle.com\/es\/betclic-eleccion-americana-2024\/\" target=\"_self\" >Betclic: apuesta por las elecciones presidenciales estadounidenses de 2024<\/a><\/span><\/h4><\/div><\/div>\n<\/div>\n\n\n\n<div class=\"wp-block-column is-layout-flow wp-block-column-is-layout-flow\" style=\"flex-basis:33.33%\">\n<p class=\"has-text-align-right\">Contin\u00fae leyendo con nuestros otros archivos exclusivos,<\/p>\n<\/div>\n<\/div>\n\n\n\n<h3 class=\"wp-block-heading\" id=\"tous-les-pronostics-sondage-et-cotes-pour-parier-sur-le-futur-vainqueur-de-l-election-presidentielle-2022\"><span id=\"tous-les-pronostics-sondage-et-cotes-pour-parier-sur-le-futur-vainqueur-de-l8217election-presidentielle-2024\">Todas las Predicciones, Encuestas y Cuotas para apostar sobre el futuro ganador de las elecciones presidenciales de 2024:<\/span><\/h3>\n\n\n\n<ul>\n<li><a href=\"https:\/\/parier-presidentielle.com\/es\/macron-eleccion\/\">Apuesta por Emmanuel Macron con Unibet, Betclic, Bwin<\/a> : El favorito de encuestas y predicciones <\/li>\n\n\n\n<li><a href=\"https:\/\/parier-presidentielle.com\/es\/marine-le-pen-eleccion\/\">Marine Le Pen: sus cuotas y c\u00f3mo apostar con las casas de apuestas<\/a>: El retador seg\u00fan Unibet<\/li>\n<\/ul>\n\n\n\n<p><\/p>\n\n\n\n<center><script type=\"text\/javascript\" charset=\"utf-8\" src=\"https:\/\/www.gambling-affiliation.com\/cpm\/v=AmIMTDSs92QY6b0MzDMvM5laCjJ-ZlA-1oQ-7tKsi.w_GA7331V2\"><\/script><\/center>\n\n\n\n<h3 class=\"wp-block-heading\"><span id=\"donald-trump-vs-joe-biden-la-video-qui-lance-les-paris-en-ligne-sur-l8217election-politique-de-2024\">Donald Trump vs Joe Biden: el v\u00eddeo que lanza las apuestas online sobre las elecciones pol\u00edticas de 2024<\/span><\/h3>\n\n\n\n<figure class=\"wp-block-embed is-type-video is-provider-youtube wp-block-embed-youtube wp-embed-aspect-16-9 wp-has-aspect-ratio\"><div class=\"wp-block-embed__wrapper\">\n<iframe loading=\"lazy\" title=\"El expresidente Donald Trump lanza una candidatura a la Casa Blanca para 2024 #Short\" width=\"640\" height=\"360\" src=\"https:\/\/www.youtube.com\/embed\/hZykPRVe4Ag?feature=oembed\" frameborder=\"0\" allow=\"accelerometer; autoplay; clipboard-write; encrypted-media; gyroscope; picture-in-picture; web-share\" allowfullscreen><\/iframe>\n<\/div><\/figure>\n\n\n<div class=\"wp-block-image\">\n<figure class=\"aligncenter size-medium\"><a href=\"https:\/\/parier-presidentielle.com\/es\/recommends\/unibet\/\" target=\"_blank\" rel=\"noopener\"><img decoding=\"async\" loading=\"lazy\" width=\"300\" height=\"169\" src=\"https:\/\/parier-presidentielle.com\/wp-content\/uploads\/2022\/04\/unibet-300x169.jpg\" alt=\"\" class=\"wp-image-1252\" srcset=\"https:\/\/parier-presidentielle.com\/wp-content\/uploads\/2022\/04\/unibet-300x169.jpg 300w, https:\/\/parier-presidentielle.com\/wp-content\/uploads\/2022\/04\/unibet-1024x576.jpg 1024w, https:\/\/parier-presidentielle.com\/wp-content\/uploads\/2022\/04\/unibet-768x432.jpg 768w, https:\/\/parier-presidentielle.com\/wp-content\/uploads\/2022\/04\/unibet-18x10.jpg 18w, https:\/\/parier-presidentielle.com\/wp-content\/uploads\/2022\/04\/unibet.jpg 1280w\" sizes=\"(max-width: 300px) 100vw, 300px\" \/><\/a><\/figure><\/div>\n\n\n<p>Encuentra en la Wiki, las noticias pol\u00edticas imprescindibles sobre el Cannabis y sus derivados legales: <strong>HHC, H4cbd, Thcp, Thcv, HSD, HHCPO, C4B<\/strong><\/p>\n<div id=\"toc_container\" class=\"no_bullets\"><p class=\"toc_title\">Indice<\/p><ul class=\"toc_list\"><li><ul><li><ul><li><\/li><\/ul><\/li><li><\/li><li><\/li><\/ul><\/li><li><ul><li><\/li><li><ul><li><\/li><li><\/li><\/ul><\/li><li><\/li><li><\/li><\/ul><\/li><\/ul><\/div>","protected":false},"excerpt":{"rendered":"<p>\u00bfQui\u00e9n ser\u00e1 el pr\u00f3ximo presidente de los Estados Unidos? Para empezar, Joe Biden fue elegido con dificultad en 2020, \u00a1Trump y sus seguidores esperan impacientes su venganza! As\u00ed que ahora se puede apostar por el ganador de las elecciones presidenciales si encontramos a los cabezas de cartel de la pol\u00edtica republicana y dem\u00f3crata con Joe Biden, Kamala...<\/p>","protected":false},"author":1,"featured_media":0,"parent":0,"menu_order":0,"comment_status":"closed","ping_status":"closed","template":"page-nosidebar.php","meta":{"footnotes":""},"yoast_head":"<!-- This site is optimized with the Yoast SEO Premium plugin v21.0 (Yoast SEO v21.0) - https:\/\/yoast.com\/wordpress\/plugins\/seo\/ -->\n<title>Betclic : Parier sur l&#039;\u00c9lection Pr\u00e9sidentielle Am\u00e9ricaine de 2024 - Finale Coupe du Monde FIFA<\/title>\n<meta name=\"description\" content=\"L&#039;int\u00e9gral des Cotes de Betclic pour l\u2019\u00e9lection am\u00e9ricaine\" \/>\n<meta name=\"robots\" content=\"index, follow, max-snippet:-1, max-image-preview:large, max-video-preview:-1\" \/>\n<link rel=\"canonical\" href=\"https:\/\/parier-presidentielle.com\/es\/betclic-eleccion-americana-2024\/\" \/>\n<meta property=\"og:locale\" content=\"es_ES\" \/>\n<meta property=\"og:type\" content=\"article\" \/>\n<meta property=\"og:title\" content=\"Betclic : Parier sur l&#039;\u00c9lection Pr\u00e9sidentielle Am\u00e9ricaine de 2024\" \/>\n<meta property=\"og:description\" content=\"L&#039;int\u00e9gral des Cotes de Betclic pour l\u2019\u00e9lection am\u00e9ricaine\" \/>\n<meta property=\"og:url\" content=\"https:\/\/parier-presidentielle.com\/es\/betclic-eleccion-americana-2024\/\" \/>\n<meta property=\"og:site_name\" content=\"Parier Pr\u00e9sidentielle\" \/>\n<meta property=\"article:modified_time\" content=\"2022-02-24T22:13:37+00:00\" \/>\n<meta property=\"og:image\" content=\"https:\/\/parier-presidentielle.com\/wp-content\/uploads\/2022\/02\/betclic-election-usa-2024-header.jpg\" \/>\n<meta name=\"twitter:card\" content=\"summary_large_image\" \/>\n<meta name=\"twitter:label1\" content=\"Tiempo de lectura\" \/>\n\t<meta name=\"twitter:data1\" content=\"2 minutos\" \/>\n<script type=\"application\/ld+json\" class=\"yoast-schema-graph\">{\"@context\":\"https:\/\/schema.org\",\"@graph\":[{\"@type\":\"WebPage\",\"@id\":\"https:\/\/parier-presidentielle.com\/betclic-election-americaine-2024\/\",\"url\":\"https:\/\/parier-presidentielle.com\/betclic-election-americaine-2024\/\",\"name\":\"Betclic : Parier sur l'\u00c9lection Pr\u00e9sidentielle Am\u00e9ricaine de 2024 - Finale Coupe du Monde FIFA\",\"isPartOf\":{\"@id\":\"https:\/\/parier-presidentielle.com\/#website\"},\"datePublished\":\"2022-02-23T12:20:38+00:00\",\"dateModified\":\"2022-02-24T22:13:37+00:00\",\"description\":\"L'int\u00e9gral des Cotes de Betclic pour l\u2019\u00e9lection am\u00e9ricaine\",\"breadcrumb\":{\"@id\":\"https:\/\/parier-presidentielle.com\/betclic-election-americaine-2024\/#breadcrumb\"},\"inLanguage\":\"es\",\"potentialAction\":[{\"@type\":\"ReadAction\",\"target\":[\"https:\/\/parier-presidentielle.com\/betclic-election-americaine-2024\/\"]}]},{\"@type\":\"BreadcrumbList\",\"@id\":\"https:\/\/parier-presidentielle.com\/betclic-election-americaine-2024\/#breadcrumb\",\"itemListElement\":[{\"@type\":\"ListItem\",\"position\":1,\"name\":\"Accueil\",\"item\":\"https:\/\/parier-presidentielle.com\/\"},{\"@type\":\"ListItem\",\"position\":2,\"name\":\"Betclic : Parier sur l&rsquo;\u00c9lection Pr\u00e9sidentielle Am\u00e9ricaine de 2024\"}]},{\"@type\":\"WebSite\",\"@id\":\"https:\/\/parier-presidentielle.com\/#website\",\"url\":\"https:\/\/parier-presidentielle.com\/\",\"name\":\"Parier Pr\u00e9sidentielle\",\"description\":\"Paris, Pronostics, Wiki sur la Politique, les Elections Am\u00e9ricaines: Joe Biden, Donald Trump avec les Bookmakers en ligne Unibet, Bwin, Betclic, Winamax\",\"potentialAction\":[{\"@type\":\"SearchAction\",\"target\":{\"@type\":\"EntryPoint\",\"urlTemplate\":\"https:\/\/parier-presidentielle.com\/?s={search_term_string}\"},\"query-input\":\"required name=search_term_string\"}],\"inLanguage\":\"es\"}]}<\/script>\n<!-- \/ Yoast SEO Premium plugin. -->","yoast_head_json":{"title":"Betclic : Parier sur l'\u00c9lection Pr\u00e9sidentielle Am\u00e9ricaine de 2024 - Finale Coupe du Monde FIFA","description":"L'int\u00e9gral des Cotes de Betclic pour l\u2019\u00e9lection am\u00e9ricaine","robots":{"index":"index","follow":"follow","max-snippet":"max-snippet:-1","max-image-preview":"max-image-preview:large","max-video-preview":"max-video-preview:-1"},"canonical":"https:\/\/parier-presidentielle.com\/es\/betclic-eleccion-americana-2024\/","og_locale":"es_ES","og_type":"article","og_title":"Betclic : Parier sur l'\u00c9lection Pr\u00e9sidentielle Am\u00e9ricaine de 2024","og_description":"L'int\u00e9gral des Cotes de Betclic pour l\u2019\u00e9lection am\u00e9ricaine","og_url":"https:\/\/parier-presidentielle.com\/es\/betclic-eleccion-americana-2024\/","og_site_name":"Parier Pr\u00e9sidentielle","article_modified_time":"2022-02-24T22:13:37+00:00","og_image":[{"url":"https:\/\/parier-presidentielle.com\/wp-content\/uploads\/2022\/02\/betclic-election-usa-2024-header.jpg"}],"twitter_card":"summary_large_image","twitter_misc":{"Tiempo de lectura":"2 minutos"},"schema":{"@context":"https:\/\/schema.org","@graph":[{"@type":"WebPage","@id":"https:\/\/parier-presidentielle.com\/betclic-election-americaine-2024\/","url":"https:\/\/parier-presidentielle.com\/betclic-election-americaine-2024\/","name":"Betclic : Parier sur l'\u00c9lection Pr\u00e9sidentielle Am\u00e9ricaine de 2024 - Finale Coupe du Monde FIFA","isPartOf":{"@id":"https:\/\/parier-presidentielle.com\/#website"},"datePublished":"2022-02-23T12:20:38+00:00","dateModified":"2022-02-24T22:13:37+00:00","description":"L'int\u00e9gral des Cotes de Betclic pour l\u2019\u00e9lection am\u00e9ricaine","breadcrumb":{"@id":"https:\/\/parier-presidentielle.com\/betclic-election-americaine-2024\/#breadcrumb"},"inLanguage":"es","potentialAction":[{"@type":"ReadAction","target":["https:\/\/parier-presidentielle.com\/betclic-election-americaine-2024\/"]}]},{"@type":"BreadcrumbList","@id":"https:\/\/parier-presidentielle.com\/betclic-election-americaine-2024\/#breadcrumb","itemListElement":[{"@type":"ListItem","position":1,"name":"Accueil","item":"https:\/\/parier-presidentielle.com\/"},{"@type":"ListItem","position":2,"name":"Betclic : Parier sur l&rsquo;\u00c9lection Pr\u00e9sidentielle Am\u00e9ricaine de 2024"}]},{"@type":"WebSite","@id":"https:\/\/parier-presidentielle.com\/#website","url":"https:\/\/parier-presidentielle.com\/","name":"Parier Pr\u00e9sidentielle","description":"Paris, Pronostics, Wiki sur la Politique, les Elections Am\u00e9ricaines: Joe Biden, Donald Trump avec les Bookmakers en ligne Unibet, Bwin, Betclic, Winamax","potentialAction":[{"@type":"SearchAction","target":{"@type":"EntryPoint","urlTemplate":"https:\/\/parier-presidentielle.com\/?s={search_term_string}"},"query-input":"required name=search_term_string"}],"inLanguage":"es"}]}},"_links":{"self":[{"href":"https:\/\/parier-presidentielle.com\/es\/wp-json\/wp\/v2\/pages\/709"}],"collection":[{"href":"https:\/\/parier-presidentielle.com\/es\/wp-json\/wp\/v2\/pages"}],"about":[{"href":"https:\/\/parier-presidentielle.com\/es\/wp-json\/wp\/v2\/types\/page"}],"author":[{"embeddable":true,"href":"https:\/\/parier-presidentielle.com\/es\/wp-json\/wp\/v2\/users\/1"}],"replies":[{"embeddable":true,"href":"https:\/\/parier-presidentielle.com\/es\/wp-json\/wp\/v2\/comments?post=709"}],"version-history":[{"count":37,"href":"https:\/\/parier-presidentielle.com\/es\/wp-json\/wp\/v2\/pages\/709\/revisions"}],"predecessor-version":[{"id":777,"href":"https:\/\/parier-presidentielle.com\/es\/wp-json\/wp\/v2\/pages\/709\/revisions\/777"}],"wp:attachment":[{"href":"https:\/\/parier-presidentielle.com\/es\/wp-json\/wp\/v2\/media?parent=709"}],"curies":[{"name":"wp","href":"https:\/\/api.w.org\/{rel}","templated":true}]}}