{"id":951,"date":"2022-03-08T15:51:23","date_gmt":"2022-03-08T14:51:23","guid":{"rendered":"https:\/\/parier-presidentielle.com\/?page_id=951"},"modified":"2022-03-30T23:38:42","modified_gmt":"2022-03-30T21:38:42","slug":"bookmakers-sondages-election-presidentielle","status":"publish","type":"page","link":"https:\/\/parier-presidentielle.com\/es\/bookmakers-sondages-eleccion-presidencial\/","title":{"rendered":"Casas de apuestas: m\u00e1s fiables que las encuestas para las elecciones presidenciales"},"content":{"rendered":"<h2 class=\"wp-block-heading\"><span id=\"le-paradoxe-des-sondages-politiques\">La paradoja de las encuestas pol\u00edticas<\/span><\/h2>\n\n\n\n<p><br><em>Cuantas m\u00e1s personas aprendieron sobre las t\u00e9cnicas de votaci\u00f3n y estuvieron expuestas a los resultados, m\u00e1s sesgados se volvieron los resultados. \u00bfPor qu\u00e9?<\/em><\/p>\n\n\n\n<figure class=\"wp-block-image size-large wp-duotone-000096-rgba2557171051-1\"><img decoding=\"async\" loading=\"lazy\" width=\"1024\" height=\"545\" src=\"https:\/\/parier-presidentielle.com\/wp-content\/uploads\/2022\/03\/bookmakers-sondages-election-presidentielle-1024x545.jpg\" alt=\"\" class=\"wp-image-965\" srcset=\"https:\/\/parier-presidentielle.com\/wp-content\/uploads\/2022\/03\/bookmakers-sondages-election-presidentielle-1024x545.jpg 1024w, https:\/\/parier-presidentielle.com\/wp-content\/uploads\/2022\/03\/bookmakers-sondages-election-presidentielle-300x160.jpg 300w, https:\/\/parier-presidentielle.com\/wp-content\/uploads\/2022\/03\/bookmakers-sondages-election-presidentielle-768x409.jpg 768w, https:\/\/parier-presidentielle.com\/wp-content\/uploads\/2022\/03\/bookmakers-sondages-election-presidentielle-1536x818.jpg 1536w, https:\/\/parier-presidentielle.com\/wp-content\/uploads\/2022\/03\/bookmakers-sondages-election-presidentielle-2048x1091.jpg 2048w\" sizes=\"(max-width: 1024px) 100vw, 1024px\" \/><\/figure>\n\n\n\n<p>A pesar de su larga historia, las encuestas preelectorales tienen un defecto importante: los encuestados tienen libre albedr\u00edo para mentir, cambiar de opini\u00f3n y hacer trampa en votaciones pasadas. Ejemplos recientes del Reino Unido y Estados Unidos muestran que una gran parte de la poblaci\u00f3n no est\u00e1 representada en la muestra encuestada y, por lo tanto, es dif\u00edcil de corregir, o cambia su intenci\u00f3n de voto en el \u00faltimo minuto dependiendo de factores directos o voluntarios (un hecho basado en en encuestas estad\u00edsticas por muestreo hace dif\u00edcil rastrear la causa de este cambio). Lo cual es muy evidente en estas elecciones: \u00a1el n\u00famero de votantes es un r\u00e9cord!<\/p>\n\n\n\n<div class=\"wp-block-columns is-layout-flex wp-container-5 wp-block-columns-is-layout-flex\">\n<div class=\"wp-block-column is-layout-flow wp-block-column-is-layout-flow\" style=\"flex-basis:100%\">\n<div class=\"wp-block-columns is-layout-flex wp-container-3 wp-block-columns-is-layout-flex\">\n<div class=\"wp-block-column is-layout-flow wp-block-column-is-layout-flow\" style=\"flex-basis:100%\">\n<center><script type=\"text\/javascript\" charset=\"utf-8\" src=\"https:\/\/www.gambling-affiliation.com\/cpm\/v=AmIMTDSs92QY6b0MzDMvM5laCjJ-ZlA-1oQ-7tKsi.w_GA7331V2\"><\/script><\/center>\n\n\n\n<p><\/p>\n\n\n\n<div class=\"wp-block-image is-style-default\"><figure class=\"aligncenter size-medium\"><a href=\"https:\/\/parier-presidentielle.com\/es\/recommends\/unibet-logo\/\" target=\"_blank\" rel=\"no follow noopener\"><img decoding=\"async\" loading=\"lazy\" width=\"300\" height=\"169\" src=\"https:\/\/parier-presidentielle.com\/wp-content\/uploads\/2022\/04\/unibet-300x169.jpg\" alt=\"\" class=\"wp-image-1252\" srcset=\"https:\/\/parier-presidentielle.com\/wp-content\/uploads\/2022\/04\/unibet-300x169.jpg 300w, https:\/\/parier-presidentielle.com\/wp-content\/uploads\/2022\/04\/unibet-1024x576.jpg 1024w, https:\/\/parier-presidentielle.com\/wp-content\/uploads\/2022\/04\/unibet-768x432.jpg 768w, https:\/\/parier-presidentielle.com\/wp-content\/uploads\/2022\/04\/unibet-18x10.jpg 18w, https:\/\/parier-presidentielle.com\/wp-content\/uploads\/2022\/04\/unibet.jpg 1280w\" sizes=\"(max-width: 300px) 100vw, 300px\" \/><\/a><\/figure><\/div>\n<\/div>\n<\/div>\n<\/div>\n<\/div>\n\n\n\n<p>\u00bfQu\u00e9 pasa si demasiadas encuestas las hacen obsoletas? Y si nos encontr\u00e1ramos ante una paradoja, que yo definir\u00eda de la siguiente manera:<strong> Cuantas m\u00e1s personas entiendan las t\u00e9cnicas de votaci\u00f3n y est\u00e9n expuestas a los resultados, m\u00e1s sesgados ser\u00e1n los resultados\u201d<\/strong> ?<br>Lo cual no es el caso de <a href=\"https:\/\/parier-presidentielle.com\/es\/bookmakers-sondages-eleccion-presidencial\/\">casas de apuestas<\/a> por ejemplo Unibet, <a href=\"https:\/\/parier-presidentielle.com\/es\/bwin-politica-eleccion-2022\/\">Bwin<\/a>, Betclic\u2026<\/p>\n\n\n\n<div class=\"flourish-embed flourish-chart\" data-src=\"visualisation\/8788732\"><script src=\"https:\/\/public.flourish.studio\/resources\/embed.js\"><\/script><\/div>\n\n\n\n<h2 class=\"wp-block-heading\"><span id=\"les-sondages-politique-face-aux-opinions-et-bulle-informative\">Encuestas pol\u00edticas versus burbuja de opiniones e informaci\u00f3n<\/span><\/h2>\n\n\n\n<p>Adem\u00e1s, la continua publicaci\u00f3n y exposici\u00f3n nacional de investigaciones sobre la opini\u00f3n p\u00fablica choca con dos fen\u00f3menos psicol\u00f3gicos que interact\u00faan: el sesgo de confirmaci\u00f3n significa que uno tiende a preferir la informaci\u00f3n en la direcci\u00f3n de sus pensamientos y suposiciones; al mismo tiempo, las burbujas de informaci\u00f3n filtrada llevan a preferir tener fuentes de informaci\u00f3n similares y por tanto tiende a darle la raz\u00f3n (ya sean amigos en las redes sociales, o eligiendo fuentes de informaci\u00f3n tradicionales, conocidas por el p\u00fablico por sus l\u00edneas editoriales).<\/p>\n\n\n\n<p>Ante la incertidumbre y las muestras sesgadas, las herramientas de pron\u00f3stico distintas a las <a href=\"https:\/\/parier-presidentielle.com\/es\/bookmakers-sondages-eleccion-presidencial\/\">Encuestas <\/a>pueden surgir, y creo que el m\u00e1s relevante es el que me parec\u00eda incongruente hace un a\u00f1o: el juego online con sitios como Unibet, Bwin, Betclic.<\/p>\n\n\n\n<h3 class=\"wp-block-heading\"><span id=\"les-elections-presidentielles-c8217est-comme-le-pmu\">Las elecciones presidenciales son como el PMU <\/span><\/h3>\n\n\n\n<p>El primero <a href=\"https:\/\/parier-presidentielle.com\/es\/\">apostar en las elecciones <\/a>Se parece a lo que se ve en una pista de carreras. Cada candidato tiene un rango que cambia constantemente. Esto lo calculan expertos que utilizan computadoras, quienes pueden integrar encuestas de opini\u00f3n, factores socioecon\u00f3micos, eventos recientes, resultados de consultas anteriores y cuestiones ya registradas en sus c\u00e1lculos.<\/p>\n\n\n\n<p><\/p>\n\n\n\n<p>Por ejemplo, si un apostante apuesta el importe esa noche, ser\u00e1 elegido la tarde del 10 de abril y restablecer\u00e1 su apuesta inicial, aumentando su importe aproximadamente (de 5\/6 a 11\/10, seg\u00fan el sitio). . Evidentemente, si no llega a ser presidente, definitivamente perder\u00e1 la apuesta inicial. Dada esta tabla, si gana Nicolas Dupont-Aignan, una persona muy afortunada o muy visionaria puede ganar hasta 1000 veces su apuesta.<\/p>\n\n\n\n<p>Como resultado, las casas de apuestas tendr\u00e1n que decidir entre aumentar las cuotas para atraer a apostadores potenciales a sus sitios o reducirlas para no pagar de m\u00e1s al ganador y conservar sus ganancias. Por lo tanto, el mecanismo tiende a autorregularse, por lo que vemos un consenso en las puntuaciones de esta tabla, la diferencia entre los tres candidatos mejor valorados es insignificante, por lo que las casas de apuestas Unibet, Bwin, Betclic compiten con ofertas publicitarias y actividades promocionales entre a ellos.<\/p>\n\n\n\n<p><\/p>\n\n\n\n<h3 class=\"wp-block-heading\"><span id=\"un-bon-parieur-c8217est-un-bon-trader\">Un buen apostador es un buen comerciante<\/span><\/h3>\n\n\n\n<p>La segunda apuesta que encontr\u00e9 es similar a c\u00f3mo funciona el mercado de valores. El sitio es un mercado para negociar productos que funcionan como acciones. Un produit Oui sera pay\u00e9 1 $ le soir de l&#039;\u00e9lection si le candidat qu&#039;il repr\u00e9sente remporte l&#039;\u00e9lection, et sinon 0. \u00c0 l&#039;inverse, un produit Non sera pay\u00e9 1 $ s&#039;il perd et sans valeur s&#039; \u00e9l gana. Por tanto, su precio puede fluctuar entre 0 $ y 1 $, expresado en centavos. En este caso, corresponde al apostante fijar \u00e9l mismo el precio. Si un inversor posee las acciones de un candidato y cree que no ser\u00e1 elegido, puede venderlas a otra persona siempre que sus precios de compra y venta sean comparables. Pero si todos los vendedores quieren un precio que los compradores no est\u00e1n dispuestos a pagar, entonces el trato no se concretar\u00e1. <strong>Por lo tanto, las probabilidades que se muestran son el precio de la \u00faltima operaci\u00f3n y, por lo tanto, representan el consenso del mercado sobre la probabilidad de ganar para este o aquel candidato.<\/strong>  <\/p>\n\n\n\n<p>Como resultado, los apostadores pueden registrar ganancias o p\u00e9rdidas mucho antes de las elecciones. Al comprar las acciones de Yes de este candidato el 5 de febrero y venderlas el 21 de febrero, obtendr\u00eda aproximadamente el doble de participaci\u00f3n inicial, incluso ignorando el resultado del 7 de mayo. Por lo tanto, podemos jugar prediciendo el resultado final o simplemente prediciendo tendencias durante un per\u00edodo de tiempo determinado. <\/p>\n\n\n\n<h2 class=\"wp-block-heading\"><span id=\"mieux-que-les-sondages-vouloir-gagner-son-paris-permet-de-trouver-le-vainqueur-final-de-l8217election-presidentielle\">Mejor que las encuestas, querer ganar Par\u00eds te permite encontrar al ganador final de las elecciones presidenciales. <\/span><\/h2>\n\n\n\n<p>En ambos casos, los sesgos psicol\u00f3gicos asociados con la encuesta y sus resultados fueron ponderados porque los participantes no estaban interesados en apostar sobre el resultado que quer\u00edan, sino sobre el resultado que pensaban que suceder\u00eda. Por lo tanto, el sistema de predicci\u00f3n basado en la avaricia parece ser menos susceptible a la manipulaci\u00f3n, ya sea voluntaria o involuntaria, y los apostantes no tienen ning\u00fan inter\u00e9s en jugar el juego, pero esto plantea la dif\u00edcil cuesti\u00f3n \u00e9tica de pagar por su opini\u00f3n\u2026.<\/p>\n\n\n\n<p class=\"has-text-align-center unibet\" style=\"font-size:25px\"><mark style=\"background-color:rgba(0, 0, 0, 0);color:#0d7a12\" class=\"has-inline-color\"><strong><a href=\"https:\/\/parier-presidentielle.com\/es\/recommends\/unibet\/\">Bono de 150 \u20ac ofrecido con Unibet<br>Para su 1ra Apuesta Pol\u00edtica o Deportiva: Haga clic aqu\u00ed<\/a><\/strong><\/mark><\/p>\n\n\n\n<p><\/p>\n\n\n<div class=\"wp-block-image\">\n<figure class=\"aligncenter is-resized wp-duotone-000097-ff4747-6\"><img decoding=\"async\" loading=\"lazy\" src=\"https:\/\/parier-presidentielle.com\/wp-content\/uploads\/2021\/09\/election-standard-scale-4_00x-gigapixel-1024x623.jpg\" alt=\"Elecci\u00f3n 2022\" style=\"width:256px;height:156px\" width=\"256\" height=\"156\"\/><\/figure><\/div>\n\n\n<p><br><\/p>\n\n\n\n<p><strong>Parier-presidentielle le ayuda a elegir entre los diferentes<a href=\"https:\/\/parier-presidentielle.com\/es\/\"> Casas de apuestas Bwin, Unibet, Betclic apostar\u00e1n por el futuro presidente estadounidense en 2024<\/a> : <\/strong><br><a href=\"https:\/\/parier-presidentielle.com\/es\/unibet-politica-eleccion-2022\/\">Casa de apuestas presidencial de Unibet<\/a> : \u00a1Gu\u00eda detallada y gratuita para hacer su primera apuesta en l\u00ednea con todas las probabilidades y c\u00f3mo aprovechar el bono ofrecido!<\/p>\n\n\n\n<p>As\u00ed como los dem\u00e1s sitios de apuestas en l\u00ednea: <a href=\"https:\/\/parier-presidentielle.com\/es\/unibet-politica-eleccion-2022\/\">Bwin<\/a>, <a href=\"https:\/\/parier-presidentielle.com\/es\/netbet-apuesta-politica-eleccion-2022\/\">NetBet<\/a>, <a href=\"https:\/\/parier-presidentielle.com\/es\/betclic-presidencial-2022\/\">Betclic<\/a>, <a href=\"https:\/\/parier-presidentielle.com\/es\/winamax-politica-eleccion-2022\/\">Winamax<\/a>, Parions Sport, Zebet, Betway, France-Pari, Vbet, Cloudbet, 1Xbit, 1xbet, Betfair, Betwinner\u2026<\/p>\n\n\n\n<div class=\"wp-block-columns is-layout-flex wp-container-11 wp-block-columns-is-layout-flex\">\n<div class=\"wp-block-column is-layout-flow wp-block-column-is-layout-flow\" style=\"flex-basis:33.33%\">\n<p>Acabas de leer nuestro archivo:<\/p>\n<\/div>\n\n\n\n<div class=\"wp-block-column is-layout-flow wp-block-column-is-layout-flow\" style=\"flex-basis:33.33%\">\n<div class=\"wp-block-group is-layout-flow wp-block-group-is-layout-flow\"><div class=\"wp-block-group__inner-container\"><h4 class=\"has-text-align-center wp-block-post-title\"><span id=\"les-bookmakers-plus-fiable-que-les-sondages-pour-l8217election-presidentielle\"><a href=\"https:\/\/parier-presidentielle.com\/es\/bookmakers-sondages-eleccion-presidencial\/\" target=\"_self\" >Casas de apuestas: m\u00e1s fiables que las encuestas para las elecciones presidenciales<\/a><\/span><\/h4><\/div><\/div>\n<\/div>\n\n\n\n<div class=\"wp-block-column is-layout-flow wp-block-column-is-layout-flow\" style=\"flex-basis:33.33%\">\n<p class=\"has-text-align-right\">Contin\u00fae leyendo con nuestros otros archivos exclusivos,<\/p>\n<\/div>\n<\/div>\n\n\n\n<h3 class=\"wp-block-heading\" id=\"tous-les-pronostics-sondage-et-cotes-pour-parier-sur-le-futur-vainqueur-de-l-election-presidentielle-2022\"><span id=\"tous-les-pronostics-sondage-et-cotes-pour-parier-sur-le-futur-vainqueur-de-l8217election-presidentielle-2024\">Todas las Predicciones, Encuestas y Cuotas para apostar sobre el futuro ganador de las elecciones presidenciales de 2024:<\/span><\/h3>\n\n\n\n<ul>\n<li><a href=\"https:\/\/parier-presidentielle.com\/es\/macron-eleccion\/\">Apuesta por Emmanuel Macron con Unibet, Betclic, Bwin<\/a> : El favorito de encuestas y predicciones <\/li>\n\n\n\n<li><a href=\"https:\/\/parier-presidentielle.com\/es\/marine-le-pen-eleccion\/\">Marine Le Pen: sus cuotas y c\u00f3mo apostar con las casas de apuestas<\/a>: El retador seg\u00fan Unibet<\/li>\n<\/ul>\n\n\n\n<p><\/p>\n\n\n\n<center><script type=\"text\/javascript\" charset=\"utf-8\" src=\"https:\/\/www.gambling-affiliation.com\/cpm\/v=AmIMTDSs92QY6b0MzDMvM5laCjJ-ZlA-1oQ-7tKsi.w_GA7331V2\"><\/script><\/center>\n\n\n\n<h3 class=\"wp-block-heading\"><span id=\"donald-trump-vs-joe-biden-la-video-qui-lance-les-paris-en-ligne-sur-l8217election-politique-de-2024\">Donald Trump vs Joe Biden: el v\u00eddeo que lanza las apuestas online sobre las elecciones pol\u00edticas de 2024<\/span><\/h3>\n\n\n\n<figure class=\"wp-block-embed is-type-video is-provider-youtube wp-block-embed-youtube wp-embed-aspect-16-9 wp-has-aspect-ratio\"><div class=\"wp-block-embed__wrapper\">\n<iframe loading=\"lazy\" title=\"El expresidente Donald Trump lanza una candidatura a la Casa Blanca para 2024 #Short\" width=\"640\" height=\"360\" src=\"https:\/\/www.youtube.com\/embed\/hZykPRVe4Ag?feature=oembed\" frameborder=\"0\" allow=\"accelerometer; autoplay; clipboard-write; encrypted-media; gyroscope; picture-in-picture; web-share\" allowfullscreen><\/iframe>\n<\/div><\/figure>\n\n\n<div class=\"wp-block-image\">\n<figure class=\"aligncenter size-medium\"><a href=\"https:\/\/parier-presidentielle.com\/es\/recommends\/unibet\/\" target=\"_blank\" rel=\"noopener\"><img decoding=\"async\" loading=\"lazy\" width=\"300\" height=\"169\" src=\"https:\/\/parier-presidentielle.com\/wp-content\/uploads\/2022\/04\/unibet-300x169.jpg\" alt=\"\" class=\"wp-image-1252\" srcset=\"https:\/\/parier-presidentielle.com\/wp-content\/uploads\/2022\/04\/unibet-300x169.jpg 300w, https:\/\/parier-presidentielle.com\/wp-content\/uploads\/2022\/04\/unibet-1024x576.jpg 1024w, https:\/\/parier-presidentielle.com\/wp-content\/uploads\/2022\/04\/unibet-768x432.jpg 768w, https:\/\/parier-presidentielle.com\/wp-content\/uploads\/2022\/04\/unibet-18x10.jpg 18w, https:\/\/parier-presidentielle.com\/wp-content\/uploads\/2022\/04\/unibet.jpg 1280w\" sizes=\"(max-width: 300px) 100vw, 300px\" \/><\/a><\/figure><\/div>\n\n\n<p>Encuentra en la Wiki, las noticias pol\u00edticas imprescindibles sobre el Cannabis y sus derivados legales: <strong>HHC, H4cbd, Thcp, Thcv, HSD, HHCPO, C4B<\/strong><\/p>\n\n\n\n<p><\/p>\n<div id=\"toc_container\" class=\"no_bullets\"><p class=\"toc_title\">Indice<\/p><ul class=\"toc_list\"><li><\/li><li><ul><li><\/li><li><\/li><\/ul><\/li><li><ul><li><ul><li><\/li><\/ul><\/li><li><\/li><li><\/li><\/ul><\/li><\/ul><\/div>","protected":false},"excerpt":{"rendered":"<p>La paradoja de las encuestas pol\u00edticas Cuanto m\u00e1s aprend\u00eda la gente acerca de las t\u00e9cnicas de encuestas y estaba expuesta a los resultados, m\u00e1s sesgados se volv\u00edan los resultados. \u00bfPor qu\u00e9? A pesar de su larga historia, las encuestas preelectorales tienen un defecto importante: los encuestados tienen libre albedr\u00edo para mentir, cambiar de opini\u00f3n y hacer trampa en votaciones pasadas. \u2026<\/p>","protected":false},"author":1,"featured_media":0,"parent":0,"menu_order":0,"comment_status":"closed","ping_status":"closed","template":"page-nosidebar.php","meta":{"footnotes":""},"yoast_head":"<!-- This site is optimized with the Yoast SEO Premium plugin v21.0 (Yoast SEO v21.0) - https:\/\/yoast.com\/wordpress\/plugins\/seo\/ -->\n<title>Les Bookmakers : plus fiable que les Sondages pour l&#039;\u00e9lection pr\u00e9sidentielle - Finale Coupe du Monde FIFA<\/title>\n<meta name=\"description\" content=\"Les cotes des bookmakers sont plus fiable que les sondage pour la Politique : Pourquoi et comment en profiter?\" \/>\n<meta name=\"robots\" content=\"index, follow, max-snippet:-1, max-image-preview:large, max-video-preview:-1\" \/>\n<link rel=\"canonical\" href=\"https:\/\/parier-presidentielle.com\/es\/bookmakers-sondages-eleccion-presidencial\/\" \/>\n<meta property=\"og:locale\" content=\"es_ES\" \/>\n<meta property=\"og:type\" content=\"article\" \/>\n<meta property=\"og:title\" content=\"Les Bookmakers : plus fiable que les Sondages pour l&#039;\u00e9lection pr\u00e9sidentielle\" \/>\n<meta property=\"og:description\" content=\"Les cotes des bookmakers sont plus fiable que les sondage pour la Politique : Pourquoi et comment en profiter?\" \/>\n<meta property=\"og:url\" content=\"https:\/\/parier-presidentielle.com\/es\/bookmakers-sondages-eleccion-presidencial\/\" \/>\n<meta property=\"og:site_name\" content=\"Parier Pr\u00e9sidentielle\" \/>\n<meta property=\"article:modified_time\" content=\"2022-03-30T21:38:42+00:00\" \/>\n<meta property=\"og:image\" content=\"https:\/\/parier-presidentielle.com\/wp-content\/uploads\/2022\/03\/bookmakers-sondages-election-presidentielle-1024x545.jpg\" \/>\n<meta name=\"twitter:card\" content=\"summary_large_image\" \/>\n<meta name=\"twitter:label1\" content=\"Tiempo de lectura\" \/>\n\t<meta name=\"twitter:data1\" content=\"5 minutos\" \/>\n<script type=\"application\/ld+json\" class=\"yoast-schema-graph\">{\"@context\":\"https:\/\/schema.org\",\"@graph\":[{\"@type\":\"WebPage\",\"@id\":\"https:\/\/parier-presidentielle.com\/bookmakers-sondages-election-presidentielle\/\",\"url\":\"https:\/\/parier-presidentielle.com\/bookmakers-sondages-election-presidentielle\/\",\"name\":\"Les Bookmakers : plus fiable que les Sondages pour l'\u00e9lection pr\u00e9sidentielle - Finale Coupe du Monde FIFA\",\"isPartOf\":{\"@id\":\"https:\/\/parier-presidentielle.com\/#website\"},\"datePublished\":\"2022-03-08T14:51:23+00:00\",\"dateModified\":\"2022-03-30T21:38:42+00:00\",\"description\":\"Les cotes des bookmakers sont plus fiable que les sondage pour la Politique : Pourquoi et comment en profiter?\",\"breadcrumb\":{\"@id\":\"https:\/\/parier-presidentielle.com\/bookmakers-sondages-election-presidentielle\/#breadcrumb\"},\"inLanguage\":\"es\",\"potentialAction\":[{\"@type\":\"ReadAction\",\"target\":[\"https:\/\/parier-presidentielle.com\/bookmakers-sondages-election-presidentielle\/\"]}]},{\"@type\":\"BreadcrumbList\",\"@id\":\"https:\/\/parier-presidentielle.com\/bookmakers-sondages-election-presidentielle\/#breadcrumb\",\"itemListElement\":[{\"@type\":\"ListItem\",\"position\":1,\"name\":\"Accueil\",\"item\":\"https:\/\/parier-presidentielle.com\/\"},{\"@type\":\"ListItem\",\"position\":2,\"name\":\"Les Bookmakers : plus fiable que les Sondages pour l&rsquo;\u00e9lection pr\u00e9sidentielle\"}]},{\"@type\":\"WebSite\",\"@id\":\"https:\/\/parier-presidentielle.com\/#website\",\"url\":\"https:\/\/parier-presidentielle.com\/\",\"name\":\"Parier Pr\u00e9sidentielle\",\"description\":\"Paris, Pronostics, Wiki sur la Politique, les Elections Am\u00e9ricaines: Joe Biden, Donald Trump avec les Bookmakers en ligne Unibet, Bwin, Betclic, Winamax\",\"potentialAction\":[{\"@type\":\"SearchAction\",\"target\":{\"@type\":\"EntryPoint\",\"urlTemplate\":\"https:\/\/parier-presidentielle.com\/?s={search_term_string}\"},\"query-input\":\"required name=search_term_string\"}],\"inLanguage\":\"es\"}]}<\/script>\n<!-- \/ Yoast SEO Premium plugin. -->","yoast_head_json":{"title":"Les Bookmakers : plus fiable que les Sondages pour l'\u00e9lection pr\u00e9sidentielle - Finale Coupe du Monde FIFA","description":"Les cotes des bookmakers sont plus fiable que les sondage pour la Politique : Pourquoi et comment en profiter?","robots":{"index":"index","follow":"follow","max-snippet":"max-snippet:-1","max-image-preview":"max-image-preview:large","max-video-preview":"max-video-preview:-1"},"canonical":"https:\/\/parier-presidentielle.com\/es\/bookmakers-sondages-eleccion-presidencial\/","og_locale":"es_ES","og_type":"article","og_title":"Les Bookmakers : plus fiable que les Sondages pour l'\u00e9lection pr\u00e9sidentielle","og_description":"Les cotes des bookmakers sont plus fiable que les sondage pour la Politique : Pourquoi et comment en profiter?","og_url":"https:\/\/parier-presidentielle.com\/es\/bookmakers-sondages-eleccion-presidencial\/","og_site_name":"Parier Pr\u00e9sidentielle","article_modified_time":"2022-03-30T21:38:42+00:00","og_image":[{"url":"https:\/\/parier-presidentielle.com\/wp-content\/uploads\/2022\/03\/bookmakers-sondages-election-presidentielle-1024x545.jpg"}],"twitter_card":"summary_large_image","twitter_misc":{"Tiempo de lectura":"5 minutos"},"schema":{"@context":"https:\/\/schema.org","@graph":[{"@type":"WebPage","@id":"https:\/\/parier-presidentielle.com\/bookmakers-sondages-election-presidentielle\/","url":"https:\/\/parier-presidentielle.com\/bookmakers-sondages-election-presidentielle\/","name":"Les Bookmakers : plus fiable que les Sondages pour l'\u00e9lection pr\u00e9sidentielle - Finale Coupe du Monde FIFA","isPartOf":{"@id":"https:\/\/parier-presidentielle.com\/#website"},"datePublished":"2022-03-08T14:51:23+00:00","dateModified":"2022-03-30T21:38:42+00:00","description":"Les cotes des bookmakers sont plus fiable que les sondage pour la Politique : Pourquoi et comment en profiter?","breadcrumb":{"@id":"https:\/\/parier-presidentielle.com\/bookmakers-sondages-election-presidentielle\/#breadcrumb"},"inLanguage":"es","potentialAction":[{"@type":"ReadAction","target":["https:\/\/parier-presidentielle.com\/bookmakers-sondages-election-presidentielle\/"]}]},{"@type":"BreadcrumbList","@id":"https:\/\/parier-presidentielle.com\/bookmakers-sondages-election-presidentielle\/#breadcrumb","itemListElement":[{"@type":"ListItem","position":1,"name":"Accueil","item":"https:\/\/parier-presidentielle.com\/"},{"@type":"ListItem","position":2,"name":"Les Bookmakers : plus fiable que les Sondages pour l&rsquo;\u00e9lection pr\u00e9sidentielle"}]},{"@type":"WebSite","@id":"https:\/\/parier-presidentielle.com\/#website","url":"https:\/\/parier-presidentielle.com\/","name":"Parier Pr\u00e9sidentielle","description":"Paris, Pronostics, Wiki sur la Politique, les Elections Am\u00e9ricaines: Joe Biden, Donald Trump avec les Bookmakers en ligne Unibet, Bwin, Betclic, Winamax","potentialAction":[{"@type":"SearchAction","target":{"@type":"EntryPoint","urlTemplate":"https:\/\/parier-presidentielle.com\/?s={search_term_string}"},"query-input":"required name=search_term_string"}],"inLanguage":"es"}]}},"_links":{"self":[{"href":"https:\/\/parier-presidentielle.com\/es\/wp-json\/wp\/v2\/pages\/951"}],"collection":[{"href":"https:\/\/parier-presidentielle.com\/es\/wp-json\/wp\/v2\/pages"}],"about":[{"href":"https:\/\/parier-presidentielle.com\/es\/wp-json\/wp\/v2\/types\/page"}],"author":[{"embeddable":true,"href":"https:\/\/parier-presidentielle.com\/es\/wp-json\/wp\/v2\/users\/1"}],"replies":[{"embeddable":true,"href":"https:\/\/parier-presidentielle.com\/es\/wp-json\/wp\/v2\/comments?post=951"}],"version-history":[{"count":10,"href":"https:\/\/parier-presidentielle.com\/es\/wp-json\/wp\/v2\/pages\/951\/revisions"}],"predecessor-version":[{"id":1111,"href":"https:\/\/parier-presidentielle.com\/es\/wp-json\/wp\/v2\/pages\/951\/revisions\/1111"}],"wp:attachment":[{"href":"https:\/\/parier-presidentielle.com\/es\/wp-json\/wp\/v2\/media?parent=951"}],"curies":[{"name":"wp","href":"https:\/\/api.w.org\/{rel}","templated":true}]}}