{"id":1671,"date":"2022-10-26T14:33:37","date_gmt":"2022-10-26T12:33:37","guid":{"rendered":"https:\/\/parier-presidentielle.com\/?page_id=1671"},"modified":"2022-10-26T21:53:57","modified_gmt":"2022-10-26T19:53:57","slug":"cotes-bookmakers-second-tour-elections-bresiliennes-lula-bolsonaro","status":"publish","type":"page","link":"https:\/\/parier-presidentielle.com\/hi\/\u0911\u0921\u094d\u0938-\u0938\u091f\u094d\u091f\u0947\u092c\u093e\u091c-\u0926\u0942\u0938\u0930\u0947-\u0926\u094c\u0930-\u092c\/","title":{"rendered":"\u092c\u094d\u0930\u093e\u091c\u0940\u0932 \u0915\u0947 \u091a\u0941\u0928\u093e\u0935 \u0915\u0947 \u0926\u0942\u0938\u0930\u0947 \u0926\u094c\u0930 \u092e\u0947\u0902 \u0938\u091f\u094d\u091f\u0947\u092c\u093e\u091c\u094b\u0902 \u0915\u0940 \u0938\u0902\u092d\u093e\u0935\u0928\u093e \u0932\u0942\u0932\u093e \u0914\u0930 \u092c\u094b\u0932\u094d\u0938\u094b\u0928\u093e\u0930\u094b \u0915\u0947 \u092c\u0940\u091a \u0939\u0948"},"content":{"rendered":"<figure class=\"wp-block-image size-large is-style-default\"><img decoding=\"async\" loading=\"lazy\" width=\"1024\" height=\"512\" src=\"https:\/\/parier-presidentielle.com\/wp-content\/uploads\/2022\/10\/lula-bolsonaro-1024x512.jpg\" alt=\"\u092a\u0941\u0928: \u091a\u0941\u0928\u093e\u0935 \u0915\u0947 \u0932\u093f\u090f \u0926\u094c\u0921\u093c \u0930\u0939\u0947 \u092c\u094d\u0930\u093e\u091c\u0940\u0932 \u0915\u0947 \u092a\u0942\u0930\u094d\u0935 \u0930\u093e\u0937\u094d\u091f\u094d\u0930\u092a\u0924\u093f \u0932\u0941\u0907\u091c\u093c \u0907\u0928\u093e\u0938\u093f\u092f\u094b \u0932\u0942\u0932\u093e \u0926\u093e \u0938\u093f\u0932\u094d\u0935\u093e, \u092c\u093e\u090f\u0902, \u0938\u093e\u0913 \u092a\u093e\u0909\u0932\u094b, \u092c\u094d\u0930\u093e\u091c\u0940\u0932 \u092e\u0947\u0902 3 \u091c\u0941\u0932\u093e\u0908, 2022 \u0915\u094b \u0926\u093f\u0916\u093e\u0908 \u0926\u0947\u0924\u0947 \u0939\u0948\u0902, \u0914\u0930 \u092c\u094d\u0930\u093e\u091c\u0940\u0932 \u0915\u0947 \u0930\u093e\u0937\u094d\u091f\u094d\u0930\u092a\u0924\u093f \u091c\u093e\u092f\u0930 \u092c\u094b\u0932\u094d\u0938\u094b\u0928\u093e\u0930\u094b, \u0926\u093e\u090f\u0902, 9 \u091c\u0942\u0928, 2022 \u0915\u094b \u0932\u0949\u0938 \u090f\u0902\u091c\u093f\u0932\u094d\u0938 \u092e\u0947\u0902 \u090f\u0915 \u092c\u0948\u0920\u0915 \u092e\u0947\u0902 \u092d\u093e\u0917 \u0932\u0947\u0924\u0947 \u0939\u0948\u0902\u0964 \u092c\u094d\u0930\u093e\u091c\u093c\u0940\u0932\u093f\u092f\u093e\u0908 \u0932\u094b\u0917 \u0905\u0915\u094d\u091f\u0942\u092c\u0930 \u092e\u0947\u0902 \u091a\u0941\u0928\u093e\u0935 \u092e\u0947\u0902 \u091c\u093e\u090f\u0902\u0917\u0947 \u0914\u0930 \u0909\u0928\u0915\u0947 \u092a\u093e\u0938 \u092c\u094b\u0932\u094d\u0938\u094b\u0928\u093e\u0930\u094b \u0915\u094b \u092b\u093f\u0930 \u0938\u0947 \u091a\u0941\u0928\u0928\u0947 \u092f\u093e \u092a\u0942\u0930\u094d\u0935 \u0930\u093e\u0937\u094d\u091f\u094d\u0930\u092a\u0924\u093f \u0926\u093e \u0938\u093f\u0932\u094d\u0935\u093e \u0915\u094b \u0935\u093e\u092a\u0938 \u0932\u093e\u0928\u0947 \u0915\u0947 \u092c\u0940\u091a \u0935\u093f\u0915\u0932\u094d\u092a \u0939\u094b\u0917\u093e\u0964\" class=\"wp-image-1675\" srcset=\"https:\/\/parier-presidentielle.com\/wp-content\/uploads\/2022\/10\/lula-bolsonaro-1024x512.jpg 1024w, https:\/\/parier-presidentielle.com\/wp-content\/uploads\/2022\/10\/lula-bolsonaro-300x150.jpg 300w, https:\/\/parier-presidentielle.com\/wp-content\/uploads\/2022\/10\/lula-bolsonaro-768x384.jpg 768w, https:\/\/parier-presidentielle.com\/wp-content\/uploads\/2022\/10\/lula-bolsonaro-18x9.jpg 18w, https:\/\/parier-presidentielle.com\/wp-content\/uploads\/2022\/10\/lula-bolsonaro.jpg 1440w\" sizes=\"(max-width: 1024px) 100vw, 1024px\" \/><\/figure>\n\n\n\n<p><\/p>\n\n\n\n<h2 class=\"wp-block-heading\">\u0926\u0942\u0938\u0930\u0947 \u0926\u094c\u0930 \u092e\u0947\u0902 \u0932\u0942\u0932\u093e \u092f\u093e \u092c\u094b\u0932\u094d\u0938\u094b\u0928\u093e\u0930\u094b \u0915\u0940 \u091c\u0940\u0924 \u092a\u0930 \u0926\u093e\u0902\u0935 \u0932\u0917\u093e\u090f\u0902<\/h2>\n\n\n\n<p><br>\u0907\u0928 \u091a\u0941\u0928\u093e\u0935\u094b\u0902 \u0915\u0947 \u0926\u094c\u0930\u093e\u0928, \u0935\u093f\u0926\u0947\u0936 \u092e\u0947\u0902 \u092a\u0902\u091c\u0940\u0915\u0943\u0924 \u0915\u0908 \u0911\u0928\u0932\u093e\u0907\u0928 \u0938\u091f\u094d\u091f\u0947\u092c\u093e\u091c\u094b\u0902 \u0928\u0947 \u0932\u094b\u0917\u094b\u0902 \u0915\u094b \u0909\u0928 \u0930\u0915\u092e\u094b\u0902 \u092a\u0930 \u0926\u093e\u0902\u0935 \u0932\u0917\u093e\u0928\u0947 \u0915\u0940 \u0905\u0928\u0941\u092e\u0924\u093f \u0926\u0940, \u091c\u093f\u0928\u0915\u0947 \u092c\u093e\u0930\u0947 \u092e\u0947\u0902 \u0909\u0928\u094d\u0939\u0947\u0902 \u0935\u093f\u0936\u094d\u0935\u093e\u0938 \u0925\u093e \u0915\u093f \u090f\u0915 \u0928\u093f\u0936\u094d\u091a\u093f\u0924 \u0909\u092e\u094d\u092e\u0940\u0926\u0935\u093e\u0930 \u092c\u094d\u0930\u093e\u091c\u0940\u0932 \u0915\u0947 \u0930\u093e\u0937\u094d\u091f\u094d\u0930\u092a\u0924\u093f \u091a\u0941\u0928\u093e\u0935 \u092e\u0947\u0902 \u091c\u0940\u0924\u0947\u0917\u093e, \u0914\u0930 \u092f\u0926\u093f \u0935\u0947 \u0938\u0939\u0940 \u0925\u0947, \u0924\u094b \u0926\u093e\u0902\u0935 \u092a\u0930 \u0932\u0917\u093e\u0908 \u0917\u0908 \u0930\u093e\u0936\u093f \u092a\u0930 \u0935\u093f\u0924\u094d\u0924\u0940\u092f \u0930\u093f\u091f\u0930\u094d\u0928 \u091c\u0940\u0924 \u0938\u0915\u0924\u0947 \u0939\u0948\u0902\u0964 \u091a\u0942\u0901\u0915\u093f \u0907\u0928 \u0915\u0902\u092a\u0928\u093f\u092f\u094b\u0902 \u0915\u0947 \u092b\u0902\u0921 \u091c\u094b\u0916\u093f\u092e \u092e\u0947\u0902 \u0939\u0948\u0902, \u0938\u091f\u094d\u091f\u0947\u092c\u093e\u091c\u0940 \u0930\u093f\u091f\u0930\u094d\u0928 \u0915\u0940 \u0909\u0928\u0915\u0940 \u0917\u0923\u0928\u093e \u091c\u091f\u093f\u0932 \u0939\u0948 \u0914\u0930 \u0915\u0908 \u0915\u093e\u0930\u0915\u094b\u0902 \u0915\u094b \u0927\u094d\u092f\u093e\u0928 \u092e\u0947\u0902 \u0930\u0916\u0924\u0940 \u0939\u0948 \u091c\u094b \u0928\u0941\u0915\u0938\u093e\u0928 \u0915\u094b \u0915\u092e \u0915\u0930 \u0938\u0915\u0924\u0947 \u0939\u0948\u0902\u0964<\/p>\n\n\n\n<p>\u0935\u0940\u0908\u091c\u0947\u090f \u0928\u0947 \u092f\u0942\u090f\u0938\u092a\u0940 \u0907\u0902\u0938\u094d\u091f\u0940\u091f\u094d\u092f\u0942\u091f \u0911\u092b \u092e\u0948\u0925\u092e\u0947\u091f\u093f\u0915\u094d\u0938 \u090f\u0902\u0921 \u0938\u094d\u091f\u0948\u091f\u093f\u0938\u094d\u091f\u093f\u0915\u094d\u0938 \u0915\u0947 \u0938\u093e\u0902\u0916\u094d\u092f\u093f\u0915\u0940 \u0935\u093f\u092d\u093e\u0917 \u0915\u0947 \u092a\u094d\u0930\u092e\u0941\u0916 \u092a\u094d\u0930\u094b\u092b\u0947\u0938\u0930 \u092b\u0948\u092c\u093f\u092f\u094b \u092e\u091a\u093e\u0921\u094b \u0915\u0940 \u092e\u0926\u0926 \u0938\u0947 \u091b\u0939 \u0917\u0947\u092e\u093f\u0902\u0917 \u0915\u0902\u092a\u0928\u093f\u092f\u094b\u0902 \u0915\u093e \u090f\u0915 \u0938\u0930\u094d\u0935\u0947\u0915\u094d\u0937\u0923 \u0915\u093f\u092f\u093e \u0914\u0930 \u0921\u0947\u091f\u093e \u0907\u0938 \u092c\u0941\u0927\u0935\u093e\u0930 5 \u0938\u0947 11 \u0918\u0902\u091f\u0947 \u0924\u0915 \u0935\u0947\u092c\u0938\u093e\u0907\u091f \u092a\u0930 \u0909\u092a\u0932\u092c\u094d\u0927 \u0939\u0948, \u091c\u094b \u092a\u094d\u0930\u0924\u093f\u0936\u0924 \u0926\u0930\u094d\u0936\u093e\u0924\u093e \u0939\u0948\u0964 \u092a\u094d\u0930\u0924\u094d\u092f\u0947\u0915 \u0909\u092e\u094d\u092e\u0940\u0926\u0935\u093e\u0930 \u0915\u0940 \u0905\u0928\u0941\u092e\u093e\u0928\u093f\u0924 \u0938\u0902\u092d\u093e\u0935\u0928\u093e\u0964 \u0907\u0938\u0938\u0947 \u092a\u0924\u093e \u091a\u0932\u0924\u093e \u0939\u0948 \u0915\u093f \u0914\u0938\u0924\u0928, \u0909\u0928\u094d\u0939\u0947\u0902 \u0932\u0917\u0924\u093e \u0939\u0948 \u0915\u093f \u0932\u0941\u0907\u091c\u093c \u0907\u0928\u093e\u0938\u093f\u092f\u094b \u0932\u0942\u0932\u093e \u0926\u093e \u0938\u093f\u0932\u094d\u0935\u093e \u0915\u0947 \u092a\u093e\u0938 \u0930\u0928\u0911\u092b\u093c \u091c\u0940\u0924\u0928\u0947 \u0915\u093e 69.3 % \u092e\u094c\u0915\u093e \u0939\u0948, \u091c\u092c\u0915\u093f \u091c\u093e\u092f\u0930 \u092c\u094b\u0932\u094d\u0938\u094b\u0928\u093e\u0930\u094b \u0915\u0947 \u092a\u093e\u0938 \u0930\u0928\u0911\u092b\u093c \u091c\u0940\u0924\u0928\u0947 \u0915\u093e 30.6 % \u092e\u094c\u0915\u093e \u0939\u0948\u0964<\/p>\n\n\n\n<p>\u0915\u0948\u0938\u0940\u0928\u094b \u0926\u093e\u0902\u0935 \u0915\u0940 \u0917\u0923\u0928\u093e \u0915\u0930\u0928\u0947 \u0915\u0940 \u090f\u0915 \u0935\u093f\u0927\u093f \u0915\u093e \u0909\u092a\u092f\u094b\u0917 \u0915\u0930\u0924\u0947 \u0939\u0948\u0902 \u091c\u093f\u0938\u0947 \u0935\u0947 \u0911\u0921\u094d\u0938 \u0915\u0939\u0924\u0947 \u0939\u0948\u0902, \u091c\u094b \u0935\u093e\u0938\u094d\u0924\u0935 \u092e\u0947\u0902 \u090f\u0915 \u0917\u0941\u0923\u0915 \u0938\u0947 \u0905\u0927\u093f\u0915 \u0915\u0941\u091b \u0928\u0939\u0940\u0902 \u0939\u0948 \u091c\u094b \u0917\u0947\u0902\u0926 \u0915\u094b \u0939\u093f\u091f \u0915\u0930\u0928\u0947 \u092a\u0930 \u0926\u093e\u0902\u0935 \u0915\u0940 \u092e\u093e\u0924\u094d\u0930\u093e \u0915\u094b \u092a\u094d\u0930\u092d\u093e\u0935\u093f\u0924 \u0915\u0930\u0924\u093e \u0939\u0948\u0964 \u0909\u0926\u093e\u0939\u0930\u0923 \u0915\u0947 \u0932\u093f\u090f, \u092f\u0942\u0928\u0940\u092c\u0947\u091f \u092e\u0947\u0902, \u0909\u092e\u094d\u092e\u0940\u0926\u0935\u093e\u0930 \u0932\u0942\u0932\u093e \u0915\u0940 \u091c\u0940\u0924 \u092a\u0930 \u092a\u094d\u0930\u0924\u094d\u092f\u0947\u0915 1 \u092f\u0942\u0930\u094b \u0915\u0947 \u0926\u093e\u0902\u0935 \u0915\u0947 \u0932\u093f\u090f, \u0926\u093e\u0902\u0935 \u0932\u0917\u093e\u0928\u0947 \u0935\u093e\u0932\u093e \u091a\u0941\u0928\u093e\u0935 \u091c\u0940\u0924\u0928\u0947 \u092a\u0930 1.33 \u092f\u0942\u0930\u094b \u091c\u0940\u0924\u0924\u093e \u0939\u0948 \u0914\u0930 \u0926\u093e\u0902\u0935 \u0914\u0930 \u092c\u094b\u0932\u094d\u0938\u094b\u0928\u093e\u0930\u094b \u0915\u0947 \u092e\u093e\u092e\u0932\u0947 \u092e\u0947\u0902 3.25 \u092f\u0942\u0930\u094b \u091c\u0940\u0924\u0924\u093e \u0939\u0948, \u091c\u093f\u0938\u0915\u093e \u0905\u0930\u094d\u0925 \u0939\u0948 \u0915\u093f \u0938\u091f\u094d\u091f\u0947\u092c\u093e\u091c \u0918\u091f\u0928\u093e \u0915\u094b \u0905\u0927\u093f\u0915 \u0938\u0902\u092d\u093e\u0935\u093f\u0924 \u092e\u093e\u0928\u0924\u093e \u0939\u0948 .<\/p>\n\n\n\n<p>\u201c\u0938\u091f\u094d\u091f\u0947\u092c\u093e\u091c\u094b\u0902 \u0915\u0947 \u0917\u0923\u093f\u0924 \u092e\u0947\u0902 \u0935\u094d\u092f\u093e\u0916\u094d\u092f\u093e \u092d\u0940 \u0936\u093e\u092e\u093f\u0932 \u0939\u0948, \u091c\u094b \u0917\u0923\u093f\u0924 \u0914\u0930 \u0905\u0928\u0941\u092e\u093e\u0928 \u0915\u0947 \u092c\u0940\u091a \u0939\u0948, \u0932\u0947\u0915\u093f\u0928 \u0907\u0938\u092e\u0947\u0902 \u0909\u0928\u0915\u093e \u092a\u0948\u0938\u093e \u0936\u093e\u092e\u093f\u0932 \u0939\u0948, \u092f\u0939\u0940 \u0915\u093e\u0930\u0923 \u0939\u0948 \u0915\u093f \u0935\u0947 \u092e\u0942\u0932\u094d\u092f \u0915\u094b \u0935\u093e\u0938\u094d\u0924\u0935\u093f\u0915\u0924\u093e \u0915\u0947 \u0915\u0930\u0940\u092c \u0932\u093e\u0928\u0947 \u0915\u0940 \u0915\u094b\u0936\u093f\u0936 \u0915\u0930\u0924\u0947 \u0939\u0948\u0902\u0964 \u092e\u091a\u093e\u0921\u094b \u0928\u0947 \u0915\u0939\u093e, \u0916\u093f\u0932\u093e\u0921\u093c\u093f\u092f\u094b\u0902 \u0915\u093e \u0924\u0930\u094d\u0915 \u0914\u0930 \u0928\u093e\u0917\u0930\u093f\u0915\u094b\u0902 \u0915\u093e \u0909\u0924\u094d\u0938\u093e\u0939 \u0905\u0932\u0917 \u0926\u093f\u0916\u093e\u0924\u093e \u0939\u0948\u0964<\/p>\n\n\n\n<h2 class=\"wp-block-heading\">\u0938\u091f\u094d\u091f\u0947\u092c\u093e\u091c\u094b\u0902 \u0915\u0940 \u0938\u0902\u092d\u093e\u0935\u0928\u093e\u090f\u0901 <\/h2>\n\n\n\n<p>\u0918\u0930\u094b\u0902 \u0928\u0947 \u092f\u0939 \u0928\u093f\u0930\u094d\u0926\u093f\u0937\u094d\u091f \u0928\u0939\u0940\u0902 \u0915\u093f\u092f\u093e \u0915\u093f \u0909\u0928\u0915\u0940 \u0930\u0947\u091f\u093f\u0902\u0917 \u0915\u0940 \u0917\u0923\u0928\u093e \u0915\u0948\u0938\u0947 \u0915\u0940 \u0917\u0908 \u0925\u0940, \u0907\u0938\u0932\u093f\u090f \u0935\u0940\u0908\u091c\u0947\u090f \u0938\u0930\u094d\u0935\u0947\u0915\u094d\u0937\u0923 \u0915\u0947 \u0932\u093f\u090f, \u092a\u094d\u0930\u0924\u094d\u092f\u0947\u0915 \u0938\u093e\u0907\u091f \u092a\u0930 \u0909\u092a\u0932\u092c\u094d\u0927 \u0906\u0902\u0915\u0921\u093c\u094b\u0902 \u0915\u0947 \u0906\u0927\u093e\u0930 \u092a\u0930 \u0905\u0928\u0941\u092e\u093e\u0928\u093f\u0924 \u092d\u0935\u093f\u0937\u094d\u092f\u0935\u093e\u0923\u093f\u092f\u093e\u0902 \u0915\u0940 \u0917\u0908\u0902\u0964 \u201c\u0938\u093e\u0902\u0916\u094d\u092f\u093f\u0915\u0940 0 \u0938\u0947 1 \u0915\u0947 \u0938\u0902\u092d\u093e\u0935\u094d\u092f\u0924\u093e \u092e\u0942\u0932\u094d\u092f\u094b\u0902 \u092a\u0930 \u0915\u093e\u092e \u0915\u0930\u0924\u0940 \u0939\u0948\u0964 \u090f\u0915 \u0909\u092e\u094d\u092e\u0940\u0926\u0935\u093e\u0930 \u0915\u0947 \u091c\u0940\u0924\u0928\u0947 \u0915\u0940 \u0938\u0902\u092d\u093e\u0935\u0928\u093e \u092c\u093e\u0927\u093e\u0913\u0902 \u0915\u0947 \u0935\u093f\u092a\u0930\u0940\u0924 \u0939\u094b\u0924\u0940 \u0939\u0948, \u092f\u0939\u0940 \u0915\u093e\u0930\u0923 \u0939\u0948 \u0915\u093f \u092e\u0948\u0902 \u0938\u0902\u0916\u094d\u092f\u093e \u201c\u090f\u0915\u201d \u0915\u094b \u201c\u0935\u093f\u0937\u092e\u201d \u092e\u093e\u0928 \u0938\u0947 \u0935\u093f\u092d\u093e\u091c\u093f\u0924 \u0915\u0930\u0924\u093e \u0939\u0942\u0902\u0964 \u092a\u0939\u0932\u0947 \u0909\u0926\u093e\u0939\u0930\u0923 \u092e\u0947\u0902, \u0926\u094b \u0909\u092e\u094d\u092e\u0940\u0926\u0935\u093e\u0930\u094b\u0902 \u0915\u093e \u092f\u094b\u0917 1.059 \u0939\u0948\u0964 \u0915\u0908 \u092e\u093e\u092e\u0932\u094b\u0902 \u092e\u0947\u0902, \u0907\u0938 0.059 \u0905\u0927\u093f\u0936\u0947\u0937 \u0915\u094b \u091c\u0942\u0938 \u0915\u0939\u093e \u091c\u093e\u0924\u093e \u0939\u0948, \u092f\u093e \u0938\u091f\u094d\u091f\u0947\u092c\u093e\u091c\u0940 \u092e\u0947\u0902 \u0918\u0930 \u0928\u0947 \u0915\u093f\u0924\u0928\u0940 \u091c\u0940\u0924 \u0939\u093e\u0938\u093f\u0932 \u0915\u0940,&#039;&#039; \u092e\u091a\u093e\u0921\u094b \u0928\u0947 \u0915\u0939\u093e\u0964 \u201c\u092a\u094d\u0930\u0924\u093f\u0936\u0924 \u091c\u093e\u0928\u0928\u0947 \u0915\u0947 \u0932\u093f\u090f, \u092e\u0948\u0902\u0928\u0947 \u0918\u0930 \u0915\u093e \u092a\u094d\u0930\u0926\u0930\u094d\u0936\u0928 \u0932\u093f\u092f\u093e \u0914\u0930 \u092f\u0939 \u0926\u0947\u0916\u0928\u0947 \u0915\u0947 \u0932\u093f\u090f \u0924\u0940\u0928 \u0915\u093e \u0928\u093f\u092f\u092e \u0935\u093f\u0915\u0938\u093f\u0924 \u0915\u093f\u092f\u093e \u0915\u093f \u092a\u094d\u0930\u0924\u094d\u092f\u0947\u0915 \u0909\u092e\u094d\u092e\u0940\u0926\u0935\u093e\u0930 \u0915\u0947 \u092a\u0930\u093f\u0923\u093e\u092e \u0915\u0948\u0938\u0947 \u092e\u0947\u0932 \u0916\u093e\u0924\u0947 \u0939\u0948\u0902<\/p>","protected":false},"excerpt":{"rendered":"<p>Parier sur la victoire au second tour de Lula ou Bolsonaro Au cours de ces \u00e9lections, plusieurs bookmakers en ligne enregistr\u00e9s \u00e0 l&#8217;\u00e9tranger ont permis aux gens de parier des montants qu&#8217;ils pensaient qu&#8217;un certain candidat gagnerait \u00e0 l&#8217;\u00e9lection pr\u00e9sidentielle br\u00e9silienne, et s&#8217;ils avaient raison, pourraient gagner un retour financier sur le montant mis\u00e9. \u00c9tant &#8230;<\/p>","protected":false},"author":1,"featured_media":0,"parent":0,"menu_order":0,"comment_status":"closed","ping_status":"closed","template":"page-nosidebar.php","meta":{"footnotes":""},"yoast_head":"<!-- This site is optimized with the Yoast SEO Premium plugin v21.0 (Yoast SEO v21.0) - https:\/\/yoast.com\/wordpress\/plugins\/seo\/ -->\n<title>Les cotes des bookmakers pour le 2e tour des \u00e9lections br\u00e9siliennes entre Lula et Bolsonaro - Finale Coupe du Monde FIFA<\/title>\n<meta name=\"robots\" content=\"index, follow, max-snippet:-1, max-image-preview:large, max-video-preview:-1\" \/>\n<link rel=\"canonical\" href=\"https:\/\/parier-presidentielle.com\/hi\/\u0911\u0921\u094d\u0938-\u0938\u091f\u094d\u091f\u0947\u092c\u093e\u091c-\u0926\u0942\u0938\u0930\u0947-\u0926\u094c\u0930-\u092c\/\" \/>\n<meta property=\"og:locale\" content=\"hi_IN\" \/>\n<meta property=\"og:type\" content=\"article\" \/>\n<meta property=\"og:title\" content=\"Les cotes des bookmakers pour le 2e tour des \u00e9lections br\u00e9siliennes entre Lula et Bolsonaro\" \/>\n<meta property=\"og:description\" content=\"Parier sur la victoire au second tour de Lula ou Bolsonaro Au cours de ces \u00e9lections, plusieurs bookmakers en ligne enregistr\u00e9s \u00e0 l&#8217;\u00e9tranger ont permis aux gens de parier des montants qu&#8217;ils pensaient qu&#8217;un certain candidat gagnerait \u00e0 l&#8217;\u00e9lection pr\u00e9sidentielle br\u00e9silienne, et s&#8217;ils avaient raison, pourraient gagner un retour financier sur le montant mis\u00e9. \u00c9tant ...\" \/>\n<meta property=\"og:url\" content=\"https:\/\/parier-presidentielle.com\/hi\/\u0911\u0921\u094d\u0938-\u0938\u091f\u094d\u091f\u0947\u092c\u093e\u091c-\u0926\u0942\u0938\u0930\u0947-\u0926\u094c\u0930-\u092c\/\" \/>\n<meta property=\"og:site_name\" content=\"Parier Pr\u00e9sidentielle\" \/>\n<meta property=\"article:modified_time\" content=\"2022-10-26T19:53:57+00:00\" \/>\n<meta property=\"og:image\" content=\"https:\/\/parier-presidentielle.com\/wp-content\/uploads\/2022\/10\/lula-bolsonaro-1024x512.jpg\" \/>\n<meta name=\"twitter:card\" content=\"summary_large_image\" \/>\n<meta name=\"twitter:label1\" content=\"Est. reading time\" \/>\n\t<meta name=\"twitter:data1\" content=\"2 \u092e\u093f\u0928\u091f\" \/>\n<script type=\"application\/ld+json\" class=\"yoast-schema-graph\">{\"@context\":\"https:\/\/schema.org\",\"@graph\":[{\"@type\":\"WebPage\",\"@id\":\"https:\/\/parier-presidentielle.com\/cotes-bookmakers-second-tour-elections-bresiliennes-lula-bolsonaro\/\",\"url\":\"https:\/\/parier-presidentielle.com\/cotes-bookmakers-second-tour-elections-bresiliennes-lula-bolsonaro\/\",\"name\":\"Les cotes des bookmakers pour le 2e tour des \u00e9lections br\u00e9siliennes entre Lula et Bolsonaro - Finale Coupe du Monde FIFA\",\"isPartOf\":{\"@id\":\"https:\/\/parier-presidentielle.com\/#website\"},\"datePublished\":\"2022-10-26T12:33:37+00:00\",\"dateModified\":\"2022-10-26T19:53:57+00:00\",\"breadcrumb\":{\"@id\":\"https:\/\/parier-presidentielle.com\/cotes-bookmakers-second-tour-elections-bresiliennes-lula-bolsonaro\/#breadcrumb\"},\"inLanguage\":\"hi-IN\",\"potentialAction\":[{\"@type\":\"ReadAction\",\"target\":[\"https:\/\/parier-presidentielle.com\/cotes-bookmakers-second-tour-elections-bresiliennes-lula-bolsonaro\/\"]}]},{\"@type\":\"BreadcrumbList\",\"@id\":\"https:\/\/parier-presidentielle.com\/cotes-bookmakers-second-tour-elections-bresiliennes-lula-bolsonaro\/#breadcrumb\",\"itemListElement\":[{\"@type\":\"ListItem\",\"position\":1,\"name\":\"Accueil\",\"item\":\"https:\/\/parier-presidentielle.com\/\"},{\"@type\":\"ListItem\",\"position\":2,\"name\":\"Les cotes des bookmakers pour le 2e tour des \u00e9lections br\u00e9siliennes entre Lula et Bolsonaro\"}]},{\"@type\":\"WebSite\",\"@id\":\"https:\/\/parier-presidentielle.com\/#website\",\"url\":\"https:\/\/parier-presidentielle.com\/\",\"name\":\"Parier Pr\u00e9sidentielle\",\"description\":\"Paris, Pronostics, Wiki sur la Politique, les Elections Am\u00e9ricaines: Joe Biden, Donald Trump avec les Bookmakers en ligne Unibet, Bwin, Betclic, Winamax\",\"potentialAction\":[{\"@type\":\"SearchAction\",\"target\":{\"@type\":\"EntryPoint\",\"urlTemplate\":\"https:\/\/parier-presidentielle.com\/?s={search_term_string}\"},\"query-input\":\"required name=search_term_string\"}],\"inLanguage\":\"hi-IN\"}]}<\/script>\n<!-- \/ Yoast SEO Premium plugin. -->","yoast_head_json":{"title":"Les cotes des bookmakers pour le 2e tour des \u00e9lections br\u00e9siliennes entre Lula et Bolsonaro - Finale Coupe du Monde FIFA","robots":{"index":"index","follow":"follow","max-snippet":"max-snippet:-1","max-image-preview":"max-image-preview:large","max-video-preview":"max-video-preview:-1"},"canonical":"https:\/\/parier-presidentielle.com\/hi\/\u0911\u0921\u094d\u0938-\u0938\u091f\u094d\u091f\u0947\u092c\u093e\u091c-\u0926\u0942\u0938\u0930\u0947-\u0926\u094c\u0930-\u092c\/","og_locale":"hi_IN","og_type":"article","og_title":"Les cotes des bookmakers pour le 2e tour des \u00e9lections br\u00e9siliennes entre Lula et Bolsonaro","og_description":"Parier sur la victoire au second tour de Lula ou Bolsonaro Au cours de ces \u00e9lections, plusieurs bookmakers en ligne enregistr\u00e9s \u00e0 l&#8217;\u00e9tranger ont permis aux gens de parier des montants qu&#8217;ils pensaient qu&#8217;un certain candidat gagnerait \u00e0 l&#8217;\u00e9lection pr\u00e9sidentielle br\u00e9silienne, et s&#8217;ils avaient raison, pourraient gagner un retour financier sur le montant mis\u00e9. \u00c9tant ...","og_url":"https:\/\/parier-presidentielle.com\/hi\/\u0911\u0921\u094d\u0938-\u0938\u091f\u094d\u091f\u0947\u092c\u093e\u091c-\u0926\u0942\u0938\u0930\u0947-\u0926\u094c\u0930-\u092c\/","og_site_name":"Parier Pr\u00e9sidentielle","article_modified_time":"2022-10-26T19:53:57+00:00","og_image":[{"url":"https:\/\/parier-presidentielle.com\/wp-content\/uploads\/2022\/10\/lula-bolsonaro-1024x512.jpg"}],"twitter_card":"summary_large_image","twitter_misc":{"Est. reading time":"2 \u092e\u093f\u0928\u091f"},"schema":{"@context":"https:\/\/schema.org","@graph":[{"@type":"WebPage","@id":"https:\/\/parier-presidentielle.com\/cotes-bookmakers-second-tour-elections-bresiliennes-lula-bolsonaro\/","url":"https:\/\/parier-presidentielle.com\/cotes-bookmakers-second-tour-elections-bresiliennes-lula-bolsonaro\/","name":"Les cotes des bookmakers pour le 2e tour des \u00e9lections br\u00e9siliennes entre Lula et Bolsonaro - Finale Coupe du Monde FIFA","isPartOf":{"@id":"https:\/\/parier-presidentielle.com\/#website"},"datePublished":"2022-10-26T12:33:37+00:00","dateModified":"2022-10-26T19:53:57+00:00","breadcrumb":{"@id":"https:\/\/parier-presidentielle.com\/cotes-bookmakers-second-tour-elections-bresiliennes-lula-bolsonaro\/#breadcrumb"},"inLanguage":"hi-IN","potentialAction":[{"@type":"ReadAction","target":["https:\/\/parier-presidentielle.com\/cotes-bookmakers-second-tour-elections-bresiliennes-lula-bolsonaro\/"]}]},{"@type":"BreadcrumbList","@id":"https:\/\/parier-presidentielle.com\/cotes-bookmakers-second-tour-elections-bresiliennes-lula-bolsonaro\/#breadcrumb","itemListElement":[{"@type":"ListItem","position":1,"name":"Accueil","item":"https:\/\/parier-presidentielle.com\/"},{"@type":"ListItem","position":2,"name":"Les cotes des bookmakers pour le 2e tour des \u00e9lections br\u00e9siliennes entre Lula et Bolsonaro"}]},{"@type":"WebSite","@id":"https:\/\/parier-presidentielle.com\/#website","url":"https:\/\/parier-presidentielle.com\/","name":"Parier Pr\u00e9sidentielle","description":"Paris, Pronostics, Wiki sur la Politique, les Elections Am\u00e9ricaines: Joe Biden, Donald Trump avec les Bookmakers en ligne Unibet, Bwin, Betclic, Winamax","potentialAction":[{"@type":"SearchAction","target":{"@type":"EntryPoint","urlTemplate":"https:\/\/parier-presidentielle.com\/?s={search_term_string}"},"query-input":"required name=search_term_string"}],"inLanguage":"hi-IN"}]}},"_links":{"self":[{"href":"https:\/\/parier-presidentielle.com\/hi\/wp-json\/wp\/v2\/pages\/1671"}],"collection":[{"href":"https:\/\/parier-presidentielle.com\/hi\/wp-json\/wp\/v2\/pages"}],"about":[{"href":"https:\/\/parier-presidentielle.com\/hi\/wp-json\/wp\/v2\/types\/page"}],"author":[{"embeddable":true,"href":"https:\/\/parier-presidentielle.com\/hi\/wp-json\/wp\/v2\/users\/1"}],"replies":[{"embeddable":true,"href":"https:\/\/parier-presidentielle.com\/hi\/wp-json\/wp\/v2\/comments?post=1671"}],"version-history":[{"count":4,"href":"https:\/\/parier-presidentielle.com\/hi\/wp-json\/wp\/v2\/pages\/1671\/revisions"}],"predecessor-version":[{"id":1681,"href":"https:\/\/parier-presidentielle.com\/hi\/wp-json\/wp\/v2\/pages\/1671\/revisions\/1681"}],"wp:attachment":[{"href":"https:\/\/parier-presidentielle.com\/hi\/wp-json\/wp\/v2\/media?parent=1671"}],"curies":[{"name":"wp","href":"https:\/\/api.w.org\/{rel}","templated":true}]}}