{"id":121,"date":"2021-09-10T13:58:16","date_gmt":"2021-09-10T11:58:16","guid":{"rendered":"https:\/\/parier-presidentielle.com\/?page_id=121"},"modified":"2023-09-09T20:26:39","modified_gmt":"2023-09-09T18:26:39","slug":"asselineau-bookmaker-unibet-bwin","status":"publish","type":"page","link":"https:\/\/parier-presidentielle.com\/hu\/asselineau-bukmeker-unibet-bwin\/","title":{"rendered":"Asselineau \u00e9s az eln\u00f6kv\u00e1laszt\u00e1s a Les Bookmakers Bwin, Unibet szerint"},"content":{"rendered":"<h2 class=\"wp-block-heading\" id=\"h-pour-les-parieurs-britanniques-le-candidat-socialiste-etait-deja-en-piteux-etat-a-dix-jours-du-premier-tour-de-la-presidentielle-et-ne-se-presentera-pas-au-terme-de-sa-peine-contrairement-a-francois-asselineau\"><span id=\"pour-les-parieurs-britanniques-le-candidat-socialiste-etait-deja-en-piteux-etat-a-dix-jours-du-premier-tour-de-la-presidentielle-et-ne-se-presentera-pas-au-terme-de-sa-peine-contrairement-a-francois-asselineau\">A brit fogad\u00f3k sz\u00e1m\u00e1ra a szocialista jel\u00f6lt m\u00e1r t\u00edz nappal az eln\u00f6kv\u00e1laszt\u00e1s els\u0151 fordul\u00f3ja el\u0151tt rossz \u00e1llapotban volt, \u00e9s Fran\u00e7ois Asselineau-val ellent\u00e9tben nem indul b\u00fcntet\u00e9s\u00e9nek v\u00e9g\u00e9n!<\/span><\/h2>\n\n\n\n<p><\/p>\n\n\n\n<p>Kevesebb mint k\u00e9t h\u00e9ttel az eln\u00f6kv\u00e1laszt\u00e1s els\u0151 fordul\u00f3ja el\u0151tt kev\u00e9s megfigyel\u0151 l\u00e1tta, hogy a szocialista jel\u00f6lt tov\u00e1bbjutott a m\u00e1sodik fordul\u00f3ba. A legnagyobb r\u00e9szv\u00e9nyes az \u00f6t\u00f6dik helyre esett vissza. \u00dagy t\u0171nt, \u0151 maga is elvesztette a rem\u00e9nyt, \u00e9s m\u00e9g azt is megeml\u00edtette az antenn\u00e1nkon, hogy \u00e1prilis 23-\u00e1n kudarc eset\u00e9n \u201ej\u00f3 \u00e9jszakai alv\u00e1s\u201d v\u00e1rhat\u00f3. \u201e\u00dagy t\u0171nik, Benoit Hamon bels\u0151v\u00e9 tette kudarc\u00e1t\u201d \u2013 elemezte Alba Ventura \u00fajs\u00e1g\u00edr\u00f3. \u00c9s a cs\u00f6kken\u00e9s folytat\u00f3dhat.<br><\/p>\n\n\n\n<figure class=\"wp-block-image wp-duotone-000097-ff4747-1\"><img decoding=\"async\" loading=\"lazy\" width=\"752\" height=\"423\" src=\"https:\/\/parier-presidentielle.com\/wp-content\/uploads\/2021\/09\/asselineau.jpg\" alt=\"\" class=\"wp-image-114\" srcset=\"https:\/\/parier-presidentielle.com\/wp-content\/uploads\/2021\/09\/asselineau.jpg 752w, https:\/\/parier-presidentielle.com\/wp-content\/uploads\/2021\/09\/asselineau-300x169.jpg 300w\" sizes=\"(max-width: 752px) 100vw, 752px\" \/><\/figure>\n\n\n\n<h2 class=\"wp-block-heading\" id=\"h-benoit-hamon-vit-une-veritable-chute-aux-enfers-dans-les-sondages-et-donc-egalement-dans-ses-cotes-selon-les-sites-de-paris-en-ligne-bwin-unibet-netbet-betclic-winamax\"><span id=\"benoit-hamon-vit-une-veritable-chute-aux-enfers-dans-les-sondages-et-donc-egalement-dans-ses-cotes-selon-les-sites-de-paris-en-ligne-bwin-unibet-netbet-betclic-winamax\">A Bwin, Unibet, Netbet, Betclic, Winamax online fogad\u00e1si oldalak szerint Beno\u00eet Hamon igazi pokolba zuhan a szavaz\u00e1sokon \u00e9s \u00edgy az es\u00e9lyeiben is.<\/span><\/h2>\n\n\n\n<p><br>A brit szerencsej\u00e1t\u00e9k-c\u00e9g szerint a volt oktat\u00e1si minisztert a negyedik helyr\u0151l tasz\u00edthatja ki Fran\u00e7ois Asselineau. A N\u00e9pi Ellen\u00e1ll\u00e1si Liga eln\u00f6ke 100\/1-es eredm\u00e9nnyel a hatodik helyre, 200\/1-re cs\u00f6kkentette a szocialist\u00e1t, holtversenyben Nicolas Dupont-Aignannal. A Lib\u00e9rationnak adott interj\u00faj\u00e1ban Graham Sharpe, a William Hill sz\u00f3viv\u0151je (a Bwin, Unibet, Netbet, Betclic, Winamax), a csatorna egyik legnagyobb szerencsej\u00e1t\u00e9k-c\u00e9g\u00e9nek sz\u00f3viv\u0151je ezt a jelens\u00e9get azzal pr\u00f3b\u00e1lta megmagyar\u00e1zni, hogy Fran\u00e7ois Asselineau Eur\u00f3pa-, eur\u00f3- \u00e9s NATO-ellenes megk\u00f6zel\u00edt\u00e9st alkalmazott, mint a Brexit sok t\u00e1mogat\u00f3ja. Er\u0151teljes szerencsej\u00e1t\u00e9kos, \u0151fels\u00e9ge alattval\u00f3ira tekintettel <a href=\"https:\/\/parier-presidentielle.com\/hu\/makro-valasztas\/\">Emmanuel Macron<\/a> mint a 08\/11-i kir\u00e1lyn\u0151v\u00e1laszt\u00e1s nagy nyertese. &quot; Dolgoz\u00f3 ! &quot;Vezet\u0151! Csak m\u00f6g\u00f6tte van <a href=\"https:\/\/parier-presidentielle.com\/hu\/marine-le-pen-valasztas\/\">Marine Le Pen <\/a>(11\/4). Fran\u00e7ois Fillon 9\/2-n\u00e9l \u00e1ll fel a dobog\u00f3ra, Jean-Luc M\u00e9lanchon (8\/1) el\u0151tt. Ezeket az el\u0151rejelz\u00e9seket azonban fenntartani kell. Ezeket a j\u00f3slatokat azonban egy csipet s\u00f3val kell venni. 2016. j\u00fanius 22-\u00e9n, az Eur\u00f3pai Uni\u00f3b\u00f3l val\u00f3 kil\u00e9p\u00e9sr\u0151l sz\u00f3l\u00f3 brit n\u00e9pszavaz\u00e1s el\u0151est\u00e9j\u00e9n a fogad\u00f3irod\u00e1k a...<br><br><\/p>\n\n\n\n<p class=\"has-text-align-center unibet\" style=\"font-size:25px\"><mark style=\"background-color:rgba(0, 0, 0, 0);color:#0d7a12\" class=\"has-inline-color\"><strong><a href=\"https:\/\/parier-presidentielle.com\/hu\/recommends\/unibet\/\">150 \u20ac b\u00f3nusz az Unibetn\u00e9l<br>Az els\u0151 politikai vagy sportfogad\u00e1shoz: Kattintson ide<\/a><\/strong><\/mark><\/p>\n\n\n\n<p><\/p>\n\n\n<div class=\"wp-block-image\">\n<figure class=\"aligncenter is-resized wp-duotone-000097-ff4747-2\"><img decoding=\"async\" loading=\"lazy\" src=\"https:\/\/parier-presidentielle.com\/wp-content\/uploads\/2021\/09\/election-standard-scale-4_00x-gigapixel-1024x623.jpg\" alt=\"V\u00e1laszt\u00e1sok 2022\" style=\"width:256px;height:156px\" width=\"256\" height=\"156\"\/><\/figure><\/div>\n\n\n<p><br><\/p>\n\n\n\n<p><strong>A Parier-Presidential seg\u00edt a v\u00e1laszt\u00e1sban<a href=\"https:\/\/parier-presidentielle.com\/hu\/\"> A Bwin, az Unibet \u00e9s a Betclic bukm\u00e9kerek a j\u00f6v\u0151 amerikai eln\u00f6k\u00e9re fogadnak 2024-ben<\/a> : <\/strong><br><a href=\"https:\/\/parier-presidentielle.com\/hu\/unibet-politika-valasztas-2022\/\">Unibet eln\u00f6ki fogad\u00f3iroda<\/a> : R\u00e9szletes \u00e9s ingyenes \u00fatmutat\u00f3 az els\u0151 online fogad\u00e1shoz, minden szorz\u00f3val \u00e9s a felk\u00edn\u00e1lt b\u00f3nusz el\u0151nyeinek kihaszn\u00e1l\u00e1s\u00e1hoz!<\/p>\n\n\n\n<p>Valamint m\u00e1s p\u00e1rizsi online oldalak: <a href=\"https:\/\/parier-presidentielle.com\/hu\/unibet-politika-valasztas-2022\/\">Bwin<\/a>, <a href=\"https:\/\/parier-presidentielle.com\/hu\/netbet-paris-politics-valasztas-2022\/\">NetBet<\/a>, <a href=\"https:\/\/parier-presidentielle.com\/hu\/betclic-presidential-2022\/\">Betclic<\/a>, <a href=\"https:\/\/parier-presidentielle.com\/hu\/winamax-politika-valasztas-2022\/\">Winamax<\/a>, Parions Sport, Zebet,Betway, France-Pari,Vbet, Cloudbet, 1Xbit, 1xbet, Betfair, Betwinner\u2026<\/p>\n\n\n\n<div class=\"wp-block-columns is-layout-flex wp-container-7 wp-block-columns-is-layout-flex\">\n<div class=\"wp-block-column is-layout-flow wp-block-column-is-layout-flow\" style=\"flex-basis:33.33%\">\n<p>Most olvasta el a f\u00e1jlunkat:<\/p>\n<\/div>\n\n\n\n<div class=\"wp-block-column is-layout-flow wp-block-column-is-layout-flow\" style=\"flex-basis:33.33%\">\n<div class=\"wp-block-group is-layout-flow wp-block-group-is-layout-flow\"><div class=\"wp-block-group__inner-container\"><h4 class=\"has-text-align-center wp-block-post-title\"><span id=\"asselineau-et-l8217election-presidentielle-selon-les-bookmakers-bwin-unibet\"><a href=\"https:\/\/parier-presidentielle.com\/hu\/asselineau-bukmeker-unibet-bwin\/\" target=\"_self\" >Asselineau \u00e9s az eln\u00f6kv\u00e1laszt\u00e1s a Les Bookmakers Bwin, Unibet szerint<\/a><\/span><\/h4><\/div><\/div>\n<\/div>\n\n\n\n<div class=\"wp-block-column is-layout-flow wp-block-column-is-layout-flow\" style=\"flex-basis:33.33%\">\n<p class=\"has-text-align-right\">Folytassa az olvas\u00e1st a t\u00f6bbi exkluz\u00edv f\u00e1jlunkkal,<\/p>\n<\/div>\n<\/div>\n\n\n\n<h3 class=\"wp-block-heading\" id=\"tous-les-pronostics-sondage-et-cotes-pour-parier-sur-le-futur-vainqueur-de-l-election-presidentielle-2022\"><span id=\"tous-les-pronostics-sondage-et-cotes-pour-parier-sur-le-futur-vainqueur-de-l8217election-presidentielle-2024\">Az \u00f6sszes j\u00f3slat, felm\u00e9r\u00e9s \u00e9s es\u00e9ly a 2024-es eln\u00f6kv\u00e1laszt\u00e1s j\u00f6v\u0151beli gy\u0151ztes\u00e9re:<\/span><\/h3>\n\n\n\n<ul>\n<li><a href=\"https:\/\/parier-presidentielle.com\/hu\/makro-valasztas\/\">Fogadjon Emmanuel Macronra az Unibet, Betclic, Bwin seg\u00edts\u00e9g\u00e9vel<\/a> : A kedvenc a szavaz\u00e1sokban \u00e9s el\u0151rejelz\u00e9sekben <\/li>\n\n\n\n<li><a href=\"https:\/\/parier-presidentielle.com\/hu\/marine-le-pen-valasztas\/\">Marine Le Pen: Az es\u00e9lyei \u00e9s a fogad\u00e1s m\u00f3dja a bukm\u00e9kerekn\u00e9l<\/a>: A kih\u00edv\u00f3 az Unibet szerint<\/li>\n<\/ul>\n\n\n\n<p><\/p>\n\n\n\n<center><script type=\"text\/javascript\" charset=\"utf-8\" src=\"https:\/\/www.gambling-affiliation.com\/cpm\/v=AmIMTDSs92QY6b0MzDMvM5laCjJ-ZlA-1oQ-7tKsi.w_GA7331V2\"><\/script><\/center>\n\n\n\n<h3 class=\"wp-block-heading\"><span id=\"donald-trump-vs-joe-biden-la-video-qui-lance-les-paris-en-ligne-sur-l8217election-politique-de-2024\">Donald Trump vs Joe Biden: A vide\u00f3, amely online fogad\u00e1st ind\u00edt a 2024-es politikai v\u00e1laszt\u00e1sokr\u00f3l<\/span><\/h3>\n\n\n\n<figure class=\"wp-block-embed is-type-video is-provider-youtube wp-block-embed-youtube wp-embed-aspect-16-9 wp-has-aspect-ratio\"><div class=\"wp-block-embed__wrapper\">\n<iframe loading=\"lazy\" title=\"Donald Trump volt eln\u00f6k meghirdeti a 2024-es Feh\u00e9r H\u00e1z #Short p\u00e1ly\u00e1zat\u00e1t\" width=\"640\" height=\"360\" src=\"https:\/\/www.youtube.com\/embed\/hZykPRVe4Ag?feature=oembed\" frameborder=\"0\" allow=\"accelerometer; autoplay; clipboard-write; encrypted-media; gyroscope; picture-in-picture; web-share\" allowfullscreen><\/iframe>\n<\/div><\/figure>\n\n\n<div class=\"wp-block-image\">\n<figure class=\"aligncenter size-medium\"><a href=\"https:\/\/parier-presidentielle.com\/hu\/recommends\/unibet\/\" target=\"_blank\" rel=\"noopener\"><img decoding=\"async\" loading=\"lazy\" width=\"300\" height=\"169\" src=\"https:\/\/parier-presidentielle.com\/wp-content\/uploads\/2022\/04\/unibet-300x169.jpg\" alt=\"\" class=\"wp-image-1252\" srcset=\"https:\/\/parier-presidentielle.com\/wp-content\/uploads\/2022\/04\/unibet-300x169.jpg 300w, https:\/\/parier-presidentielle.com\/wp-content\/uploads\/2022\/04\/unibet-1024x576.jpg 1024w, https:\/\/parier-presidentielle.com\/wp-content\/uploads\/2022\/04\/unibet-768x432.jpg 768w, https:\/\/parier-presidentielle.com\/wp-content\/uploads\/2022\/04\/unibet-18x10.jpg 18w, https:\/\/parier-presidentielle.com\/wp-content\/uploads\/2022\/04\/unibet.jpg 1280w\" sizes=\"(max-width: 300px) 100vw, 300px\" \/><\/a><\/figure><\/div>\n\n\n<p>Keresse meg a Wikit, az alapvet\u0151 politikai h\u00edreket a kannabiszr\u00f3l \u00e9s leg\u00e1lis sz\u00e1rmaz\u00e9kair\u00f3l: <strong>HHC, H4cbd, Thcp, Thcv, HSD, HHCPO, C4B<\/strong><\/p>\n<div id=\"toc_container\" class=\"no_bullets\"><p class=\"toc_title\">Tartalom<\/p><ul class=\"toc_list\"><li><\/li><li><ul><li><ul><li><\/li><\/ul><\/li><li><\/li><li><\/li><\/ul><\/li><\/ul><\/div>","protected":false},"excerpt":{"rendered":"<p>Pour les parieurs britanniques, le candidat socialiste \u00e9tait d\u00e9j\u00e0 en piteux \u00e9tat \u00e0 dix jours du premier tour de la pr\u00e9sidentielle et ne se pr\u00e9sentera pas au terme de sa peine contrairement \u00e0 Fran\u00e7ois Asselineau! A moins de deux semaines du premier tour de l&#8217;\u00e9lection pr\u00e9sidentielle, peu d&#8217;observateurs ont vu le candidat socialiste passer au &#8230;<\/p>","protected":false},"author":1,"featured_media":0,"parent":0,"menu_order":0,"comment_status":"closed","ping_status":"closed","template":"page-nosidebar.php","meta":{"footnotes":""},"yoast_head":"<!-- This site is optimized with the Yoast SEO Premium plugin v21.0 (Yoast SEO v21.0) - https:\/\/yoast.com\/wordpress\/plugins\/seo\/ -->\n<title>Asselineau et l&#039;Election Pr\u00e9sidentielle selon Les Bookmakers Bwin, Unibet - Finale Coupe du Monde FIFA<\/title>\n<meta name=\"description\" content=\"Quellles sont les Cote d&#039;Asselineau selon les sites de paris Bwin, Unibet?\" \/>\n<meta name=\"robots\" content=\"index, follow, max-snippet:-1, max-image-preview:large, max-video-preview:-1\" \/>\n<link rel=\"canonical\" href=\"https:\/\/parier-presidentielle.com\/hu\/asselineau-bukmeker-unibet-bwin\/\" \/>\n<meta property=\"og:locale\" content=\"hu_HU\" \/>\n<meta property=\"og:type\" content=\"article\" \/>\n<meta property=\"og:title\" content=\"Asselineau et l&#039;Election Pr\u00e9sidentielle selon Les Bookmakers Bwin, Unibet\" \/>\n<meta property=\"og:description\" content=\"Quellles sont les Cote d&#039;Asselineau selon les sites de paris Bwin, Unibet?\" \/>\n<meta property=\"og:url\" content=\"https:\/\/parier-presidentielle.com\/hu\/asselineau-bukmeker-unibet-bwin\/\" \/>\n<meta property=\"og:site_name\" content=\"Parier Pr\u00e9sidentielle\" \/>\n<meta property=\"article:modified_time\" content=\"2023-09-09T18:26:39+00:00\" \/>\n<meta property=\"og:image\" content=\"https:\/\/parier-presidentielle.com\/wp-content\/uploads\/2021\/09\/asselineau.jpg\" \/>\n<meta name=\"twitter:card\" content=\"summary_large_image\" \/>\n<meta name=\"twitter:label1\" content=\"Est. reading time\" \/>\n\t<meta name=\"twitter:data1\" content=\"2 perc\" \/>\n<script type=\"application\/ld+json\" class=\"yoast-schema-graph\">{\"@context\":\"https:\/\/schema.org\",\"@graph\":[{\"@type\":\"WebPage\",\"@id\":\"https:\/\/parier-presidentielle.com\/asselineau-bookmaker-unibet-bwin\/\",\"url\":\"https:\/\/parier-presidentielle.com\/asselineau-bookmaker-unibet-bwin\/\",\"name\":\"Asselineau et l'Election Pr\u00e9sidentielle selon Les Bookmakers Bwin, Unibet - Finale Coupe du Monde FIFA\",\"isPartOf\":{\"@id\":\"https:\/\/parier-presidentielle.com\/#website\"},\"datePublished\":\"2021-09-10T11:58:16+00:00\",\"dateModified\":\"2023-09-09T18:26:39+00:00\",\"description\":\"Quellles sont les Cote d'Asselineau selon les sites de paris Bwin, Unibet?\",\"breadcrumb\":{\"@id\":\"https:\/\/parier-presidentielle.com\/asselineau-bookmaker-unibet-bwin\/#breadcrumb\"},\"inLanguage\":\"hu\",\"potentialAction\":[{\"@type\":\"ReadAction\",\"target\":[\"https:\/\/parier-presidentielle.com\/asselineau-bookmaker-unibet-bwin\/\"]}]},{\"@type\":\"BreadcrumbList\",\"@id\":\"https:\/\/parier-presidentielle.com\/asselineau-bookmaker-unibet-bwin\/#breadcrumb\",\"itemListElement\":[{\"@type\":\"ListItem\",\"position\":1,\"name\":\"Accueil\",\"item\":\"https:\/\/parier-presidentielle.com\/\"},{\"@type\":\"ListItem\",\"position\":2,\"name\":\"Asselineau et l&#8217;Election Pr\u00e9sidentielle selon Les Bookmakers Bwin, Unibet\"}]},{\"@type\":\"WebSite\",\"@id\":\"https:\/\/parier-presidentielle.com\/#website\",\"url\":\"https:\/\/parier-presidentielle.com\/\",\"name\":\"Parier Pr\u00e9sidentielle\",\"description\":\"Paris, Pronostics, Wiki sur la Politique, les Elections Am\u00e9ricaines: Joe Biden, Donald Trump avec les Bookmakers en ligne Unibet, Bwin, Betclic, Winamax\",\"potentialAction\":[{\"@type\":\"SearchAction\",\"target\":{\"@type\":\"EntryPoint\",\"urlTemplate\":\"https:\/\/parier-presidentielle.com\/?s={search_term_string}\"},\"query-input\":\"required name=search_term_string\"}],\"inLanguage\":\"hu\"}]}<\/script>\n<!-- \/ Yoast SEO Premium plugin. -->","yoast_head_json":{"title":"Asselineau et l'Election Pr\u00e9sidentielle selon Les Bookmakers Bwin, Unibet - Finale Coupe du Monde FIFA","description":"Quellles sont les Cote d'Asselineau selon les sites de paris Bwin, Unibet?","robots":{"index":"index","follow":"follow","max-snippet":"max-snippet:-1","max-image-preview":"max-image-preview:large","max-video-preview":"max-video-preview:-1"},"canonical":"https:\/\/parier-presidentielle.com\/hu\/asselineau-bukmeker-unibet-bwin\/","og_locale":"hu_HU","og_type":"article","og_title":"Asselineau et l'Election Pr\u00e9sidentielle selon Les Bookmakers Bwin, Unibet","og_description":"Quellles sont les Cote d'Asselineau selon les sites de paris Bwin, Unibet?","og_url":"https:\/\/parier-presidentielle.com\/hu\/asselineau-bukmeker-unibet-bwin\/","og_site_name":"Parier Pr\u00e9sidentielle","article_modified_time":"2023-09-09T18:26:39+00:00","og_image":[{"url":"https:\/\/parier-presidentielle.com\/wp-content\/uploads\/2021\/09\/asselineau.jpg"}],"twitter_card":"summary_large_image","twitter_misc":{"Est. reading time":"2 perc"},"schema":{"@context":"https:\/\/schema.org","@graph":[{"@type":"WebPage","@id":"https:\/\/parier-presidentielle.com\/asselineau-bookmaker-unibet-bwin\/","url":"https:\/\/parier-presidentielle.com\/asselineau-bookmaker-unibet-bwin\/","name":"Asselineau et l'Election Pr\u00e9sidentielle selon Les Bookmakers Bwin, Unibet - Finale Coupe du Monde FIFA","isPartOf":{"@id":"https:\/\/parier-presidentielle.com\/#website"},"datePublished":"2021-09-10T11:58:16+00:00","dateModified":"2023-09-09T18:26:39+00:00","description":"Quellles sont les Cote d'Asselineau selon les sites de paris Bwin, Unibet?","breadcrumb":{"@id":"https:\/\/parier-presidentielle.com\/asselineau-bookmaker-unibet-bwin\/#breadcrumb"},"inLanguage":"hu","potentialAction":[{"@type":"ReadAction","target":["https:\/\/parier-presidentielle.com\/asselineau-bookmaker-unibet-bwin\/"]}]},{"@type":"BreadcrumbList","@id":"https:\/\/parier-presidentielle.com\/asselineau-bookmaker-unibet-bwin\/#breadcrumb","itemListElement":[{"@type":"ListItem","position":1,"name":"Accueil","item":"https:\/\/parier-presidentielle.com\/"},{"@type":"ListItem","position":2,"name":"Asselineau et l&#8217;Election Pr\u00e9sidentielle selon Les Bookmakers Bwin, Unibet"}]},{"@type":"WebSite","@id":"https:\/\/parier-presidentielle.com\/#website","url":"https:\/\/parier-presidentielle.com\/","name":"Parier Pr\u00e9sidentielle","description":"Paris, Pronostics, Wiki sur la Politique, les Elections Am\u00e9ricaines: Joe Biden, Donald Trump avec les Bookmakers en ligne Unibet, Bwin, Betclic, Winamax","potentialAction":[{"@type":"SearchAction","target":{"@type":"EntryPoint","urlTemplate":"https:\/\/parier-presidentielle.com\/?s={search_term_string}"},"query-input":"required name=search_term_string"}],"inLanguage":"hu"}]}},"_links":{"self":[{"href":"https:\/\/parier-presidentielle.com\/hu\/wp-json\/wp\/v2\/pages\/121"}],"collection":[{"href":"https:\/\/parier-presidentielle.com\/hu\/wp-json\/wp\/v2\/pages"}],"about":[{"href":"https:\/\/parier-presidentielle.com\/hu\/wp-json\/wp\/v2\/types\/page"}],"author":[{"embeddable":true,"href":"https:\/\/parier-presidentielle.com\/hu\/wp-json\/wp\/v2\/users\/1"}],"replies":[{"embeddable":true,"href":"https:\/\/parier-presidentielle.com\/hu\/wp-json\/wp\/v2\/comments?post=121"}],"version-history":[{"count":11,"href":"https:\/\/parier-presidentielle.com\/hu\/wp-json\/wp\/v2\/pages\/121\/revisions"}],"predecessor-version":[{"id":2334,"href":"https:\/\/parier-presidentielle.com\/hu\/wp-json\/wp\/v2\/pages\/121\/revisions\/2334"}],"wp:attachment":[{"href":"https:\/\/parier-presidentielle.com\/hu\/wp-json\/wp\/v2\/media?parent=121"}],"curies":[{"name":"wp","href":"https:\/\/api.w.org\/{rel}","templated":true}]}}