{"id":1459,"date":"2022-04-19T13:25:07","date_gmt":"2022-04-19T11:25:07","guid":{"rendered":"https:\/\/parier-presidentielle.com\/?page_id=1459"},"modified":"2023-09-23T17:06:55","modified_gmt":"2023-09-23T15:06:55","slug":"william-hill-presidentielle","status":"publish","type":"page","link":"https:\/\/parier-presidentielle.com\/hu\/william-hill-elnoki\/","title":{"rendered":"William Hill: Az angol bukm\u00e9ker a 2022-es francia eln\u00f6kv\u00e1laszt\u00e1sra fogad"},"content":{"rendered":"<p>kivel fogadni? William Hill term\u00e9szetesen<\/p>\n\n\n\n<h2 class=\"wp-block-heading\" id=\"h-parier-l-election-president-2022-avec-le-site-de-paris-en-ligne-william-hill\"><span id=\"parier-l8217election-president-2022-avec-le-site-de-paris-en-ligne-william-hill\">Fogadjon a 2022-es eln\u00f6kv\u00e1laszt\u00e1sra a William Hill online fogad\u00e1si oldalon<\/span><\/h2>\n\n\n\n<h4 class=\"wp-block-heading has-text-align-center has-large-font-size\" id=\"h-20-offert-pour-parier-avec-william-hill\"><span id=\"20e-offert-pour-parier-avec-william-hill\"><a href=\"https:\/\/parier-presidentielle.com\/hu\/recommends\/william-hill-text\/\">20 \u20ac ingyen fogad\u00e1s a William Hilln\u00e9l<\/a><\/span><\/h4>\n\n\n\n<figure class=\"wp-block-image size-large\"><img decoding=\"async\" loading=\"lazy\" width=\"1024\" height=\"265\" src=\"https:\/\/parier-presidentielle.com\/wp-content\/uploads\/2022\/04\/william-hill-macron-le-pen-presidentielle-1024x265.jpg\" alt=\"William Hill Macron le penre fogadott a 2022-es eln\u00f6kv\u00e1laszt\u00e1sra\" class=\"wp-image-1464\" srcset=\"https:\/\/parier-presidentielle.com\/wp-content\/uploads\/2022\/04\/william-hill-macron-le-pen-presidentielle-1024x265.jpg 1024w, https:\/\/parier-presidentielle.com\/wp-content\/uploads\/2022\/04\/william-hill-macron-le-pen-presidentielle-300x78.jpg 300w, https:\/\/parier-presidentielle.com\/wp-content\/uploads\/2022\/04\/william-hill-macron-le-pen-presidentielle-768x199.jpg 768w, https:\/\/parier-presidentielle.com\/wp-content\/uploads\/2022\/04\/william-hill-macron-le-pen-presidentielle-1536x398.jpg 1536w, https:\/\/parier-presidentielle.com\/wp-content\/uploads\/2022\/04\/william-hill-macron-le-pen-presidentielle-2048x530.jpg 2048w, https:\/\/parier-presidentielle.com\/wp-content\/uploads\/2022\/04\/william-hill-macron-le-pen-presidentielle-18x5.jpg 18w\" sizes=\"(max-width: 1024px) 100vw, 1024px\" \/><\/figure>\n\n\n\n<p><br>A William Hill szorz\u00f3ja a jelenlegi eln\u00f6k, Emmanuel Macron 1,10-et ad Marine Le Pen ellen 7,50-re, teh\u00e1t ez a legjobb szorz\u00f3 m\u00e1s bukm\u00e9kerekhez k\u00e9pest <a href=\"https:\/\/parier-presidentielle.com\/hu\/unibet-politika-valasztas-2022\/\">Unibet<\/a>, <a href=\"https:\/\/parier-presidentielle.com\/hu\/betclic-presidential-2022\/\">Betclic<\/a>, <a href=\"https:\/\/parier-presidentielle.com\/hu\/bwin-politika-valasztas-2022\/\">Bwin<\/a>. Hasonl\u00f3k\u00e9ppen, az es\u00e9lyek val\u00f3j\u00e1ban nagyon hasonl\u00f3ak az els\u0151 szavaz\u00e1si k\u00f6r el\u0151ttihez.<\/p>\n\n\n\n<p>Nem meglep\u0151, hogy William Hill volt az els\u0151 fogad\u00f3iroda, amely fogad\u00e1st nyitott a v\u00e1laszt\u00e1sok kimenetel\u00e9re Franciaorsz\u00e1gban, amely szerint most olyan embereket k\u00edn\u00e1lnak, akik az eln\u00f6kv\u00e1laszt\u00e1sra akarnak fogadni. El\u0151sz\u00f6r is k\u00e9t jel\u00f6lt maradt j\u00f3slataikban, ami lehet\u0151v\u00e9 tette sz\u00e1mukra, hogy eld\u00f6nts\u00e9k, kit v\u00e1lasztanak eln\u00f6knek.<\/p>\n\n\n\n<p>A francia v\u00e1laszt\u00e1sok a 2017-es v\u00e1laszt\u00e1sokkal egy\u00fctt az egyik legk\u00f6vetettebbek voltak eddig, \u00e9s szorosan k\u00f6vett\u00e9k a sport- \u00e9s politikai fogad\u00f3k szerte a vil\u00e1gon.<\/p>\n\n\n\n<p>Mivel a piac az idei \u00e9v sor\u00e1n vad ingadoz\u00e1sokat mutat, nem meglep\u0151, hogy Paddy Power \u00fagy d\u00f6nt\u00f6tt, hogy 1\/10-r\u0151l 1\/12-re cs\u00f6kkenti az es\u00e9ly\u00e9t, hogy Emmanuel Macront eln\u00f6kk\u00e9 v\u00e1lasztj\u00e1k, \u00e9s kor\u00e1n kifizeti a nyer\u00e9s\u00e9re tett fogad\u00e1sokat.<\/p>\n\n\n\n<p>Hasonl\u00f3 a t\u00f6rt\u00e9net a Ladbrokes-szal is, aki 1\/8-r\u00f3l 1\/10-re ment Macron sz\u00e1m\u00e1ra, mik\u00f6zben gy\u0151zelmi k\u00fcl\u00f6nbs\u00e9g\u00e9t 12 %-r\u0151l 7 %-re cs\u00f6kkentette.<\/p>\n\n\n\n<p><\/p>\n\n\n\n<p>William Hill bukm\u00e9ker elemz\u00e9se, hogy fogadjon az eln\u00f6kv\u00e1laszt\u00e1s m\u00e1sodik fordul\u00f3j\u00e1ra<\/p>\n\n\n\n<p>Az Unibet szorz\u00f3i szerint Emmanuel Macron jelenlegi eln\u00f6k 1,65-\u00f6s Marine Le Pen 6-os szorz\u00f3val, teh\u00e1t ez a legjobb szorz\u00f3 m\u00e1s fogad\u00f3irod\u00e1khoz k\u00e9pest.<\/p>\n\n\n\n<p>Az En Marche jel\u00f6ltje! nyilv\u00e1nval\u00f3 favorit, mert val\u00f3sz\u00edn\u0171, hogy ez\u00fattal t\u00f6bb mint 251 TP4T szavazattal nyerheti meg a v\u00e1laszt\u00e1sok els\u0151 fordul\u00f3j\u00e1t.<\/p>\n\n\n\n<p>Ugyanez nem mondhat\u00f3 el ellenfel\u00e9r\u0151l, Marine Le Penr\u0151l, aki j\u00f3 es\u00e9llyel nyeri meg az els\u0151 k\u00f6rt, de a m\u00e1sodikat nem val\u00f3sz\u00edn\u0171.<\/p>\n\n\n\n<p>Valamennyi k\u00f6zv\u00e9lem\u00e9ny-kutat\u00e1s azt mutatja, hogy a Nemzeti Front jel\u00f6ltje j\u00f3 es\u00e9llyel nyeri meg az els\u0151 fordul\u00f3t, de a m\u00e1sodik fordul\u00f3ban olyan ellenf\u00e9llel tal\u00e1lkozik, aki szinte az \u00f6sszes szavazatot megkapja a sz\u00e9ls\u0151jobboldali elk\u00e9pzel\u00e9seket nem t\u00e1mogat\u00f3 p\u00e1rtokt\u00f3l.<\/p>\n\n\n\n<p>A helyzet tov\u00e1bbra is kritikus, k\u00fcl\u00f6n\u00f6sen Franciaorsz\u00e1gban, ahol valamivel t\u00f6bb mint egy \u00e9ve terrort\u00e1mad\u00e1st k\u00f6vettek el a Charlie Hebdo szatirikus \u00fajs\u00e1g ellen, majd 2015 november\u00e9ben \u00fajabb t\u00e1mad\u00e1st k\u00f6vettek el P\u00e1rizsban az Iszl\u00e1m \u00c1llam (I\u00c1) sz\u00e9ls\u0151s\u00e9gesei.<\/p>\n\n\n\n<p>A William Hill, a brit bukm\u00e9ker volt az els\u0151, amely k\u00f6zz\u00e9tette a franciaorsz\u00e1gi eln\u00f6kv\u00e1laszt\u00e1s m\u00e1sodik fordul\u00f3j\u00e1ra vonatkoz\u00f3 szorz\u00f3it.<\/p>\n\n\n\n<p>William Hilln\u00e9l Macron 6\/5, Le Pen pedig 4\/6.<\/p>\n\n\n\n<p>A Betfred 7\/10-et k\u00edn\u00e1l Macronra \u00e9s 11\/10-et Le Penre.<\/p>\n\n\n\n<p>A Ladbrokes 10\/11-es szorz\u00f3t ad Macronra \u00e9s 5\/6-ra Le Penre.<\/p>\n\n\n\n<p>A Paddy Power szorz\u00f3ja is 10\/11 Macronra \u00e9s 5\/6 Le Penre.<\/p>\n\n\n\n<p>William Hill, a legjobb es\u00e9ly a politik\u00e1ra val\u00f3 fogad\u00e1shoz<\/p>\n\n\n\n<p>A William Hill brit online fogad\u00f3iroda az egyik legsikeresebb az ipar\u00e1gban, 1934-ben alap\u00edtott\u00e1k. Ennek a c\u00e9gnek t\u00f6bb mint 2300 irod\u00e1ja van az Egyes\u00fclt Kir\u00e1lys\u00e1gban, valamint Spanyolorsz\u00e1gban \u00e9s Olaszorsz\u00e1gban is jelen van. Ezt az\u00e9rt mondjuk, mert a William Hill 2012 \u00f3ta m\u0171k\u00f6dik Franciaorsz\u00e1gban, egy online platformmal, amely kiv\u00e1l\u00f3 oddsokkal k\u00edn\u00e1l \u00e9l\u0151 sportfogad\u00e1st, valamint a kaszin\u00f3j\u00e1t\u00e9kok sz\u00e9les v\u00e1laszt\u00e9k\u00e1t. Mindezeken fel\u00fcl William Hill remek hely a politik\u00e1ra is, k\u00fcl\u00f6n\u00f6sen, ha a francia eln\u00f6kv\u00e1laszt\u00e1sr\u00f3l van sz\u00f3. A webhely lehet\u0151v\u00e9 teszi, hogy el\u0151rejelz\u00e9seket k\u00e9sz\u00edtsen m\u00e1s bukm\u00e9kerek es\u00e9lyeinek \u00f6sszehasonl\u00edt\u00e1s\u00e1val.<\/p>\n\n\n\n<p>A William Hill egy megb\u00edzhat\u00f3 bukm\u00e9ker, amely nagyon j\u00f3 szorz\u00f3kat \u00e9s prom\u00f3ci\u00f3kat k\u00edn\u00e1l j\u00e1t\u00e9kosainak, ha politik\u00e1ra vagy b\u00e1rmi m\u00e1sra fogad. Rendk\u00edv\u00fcl egyszer\u0171en haszn\u00e1lhat\u00f3, \u00e9s nem ig\u00e9nyel tapasztalatot vagy technikai tud\u00e1st a fogad\u00e1s megkezd\u00e9s\u00e9hez.<\/p>\n\n\n\n<p>Marine Le Pen \u00faj minisztereln\u00f6k\u00f6t nevezett ki, hogy \u00fajra\u00e9leszthesse akadoz\u00f3 eln\u00f6kv\u00e1laszt\u00e1si kamp\u00e1ny\u00e1t.<\/p>\n\n\n\n<p><\/p>\n\n\n\n<p>Gy\u0151zelmi es\u00e9lyeit tov\u00e1bb rontotta, hogy p\u00e9nteken kider\u00fclt, hogy eur\u00f3pai parlamenti forr\u00e1sokat haszn\u00e1lt fel a p\u00e1rtnak itthon dolgoz\u00f3 seg\u00e9dj\u00e9nek fizet\u00e9s\u00e9re.<\/p>\n\n\n\n<p>Az EP-k\u00e9pvisel\u0151i tev\u00e9kenys\u00e9ge sor\u00e1n elk\u00f6vetett felt\u00e9telezett sikkaszt\u00e1s miatt is folyik ellene vizsg\u00e1lat.<\/p>\n\n\n\n<p class=\"has-text-align-center unibet\" style=\"font-size:25px\"><mark style=\"background-color:rgba(0, 0, 0, 0);color:#0d7a12\" class=\"has-inline-color\"><strong><a href=\"https:\/\/parier-presidentielle.com\/hu\/recommends\/unibet\/\">150 \u20ac b\u00f3nusz az Unibetn\u00e9l<br>Az els\u0151 politikai vagy sportfogad\u00e1shoz: Kattintson ide<\/a><\/strong><\/mark><\/p>\n\n\n\n<p><\/p>\n\n\n<div class=\"wp-block-image\">\n<figure class=\"aligncenter is-resized wp-duotone-000097-ff4747-1\"><img decoding=\"async\" loading=\"lazy\" src=\"https:\/\/parier-presidentielle.com\/wp-content\/uploads\/2021\/09\/election-standard-scale-4_00x-gigapixel-1024x623.jpg\" alt=\"V\u00e1laszt\u00e1sok 2022\" style=\"width:256px;height:156px\" width=\"256\" height=\"156\"\/><\/figure><\/div>\n\n\n<p><br><\/p>\n\n\n\n<p><strong>A Parier-Presidential seg\u00edt a v\u00e1laszt\u00e1sban<a href=\"https:\/\/parier-presidentielle.com\/hu\/\"> A Bwin, az Unibet \u00e9s a Betclic bukm\u00e9kerek a j\u00f6v\u0151 amerikai eln\u00f6k\u00e9re fogadnak 2024-ben<\/a> : <\/strong><br><a href=\"https:\/\/parier-presidentielle.com\/hu\/unibet-politika-valasztas-2022\/\">Unibet eln\u00f6ki fogad\u00f3iroda<\/a> : R\u00e9szletes \u00e9s ingyenes \u00fatmutat\u00f3 az els\u0151 online fogad\u00e1shoz, minden szorz\u00f3val \u00e9s a felk\u00edn\u00e1lt b\u00f3nusz el\u0151nyeinek kihaszn\u00e1l\u00e1s\u00e1hoz!<\/p>\n\n\n\n<p>Valamint m\u00e1s p\u00e1rizsi online oldalak: <a href=\"https:\/\/parier-presidentielle.com\/hu\/unibet-politika-valasztas-2022\/\">Bwin<\/a>, <a href=\"https:\/\/parier-presidentielle.com\/hu\/netbet-paris-politics-valasztas-2022\/\">NetBet<\/a>, <a href=\"https:\/\/parier-presidentielle.com\/hu\/betclic-presidential-2022\/\">Betclic<\/a>, <a href=\"https:\/\/parier-presidentielle.com\/hu\/winamax-politika-valasztas-2022\/\">Winamax<\/a>, Parions Sport, Zebet,Betway, France-Pari,Vbet, Cloudbet, 1Xbit, 1xbet, Betfair, Betwinner\u2026<\/p>\n\n\n\n<div class=\"wp-block-columns is-layout-flex wp-container-6 wp-block-columns-is-layout-flex\">\n<div class=\"wp-block-column is-layout-flow wp-block-column-is-layout-flow\" style=\"flex-basis:33.33%\">\n<p>Most olvasta el a f\u00e1jlunkat:<\/p>\n<\/div>\n\n\n\n<div class=\"wp-block-column is-layout-flow wp-block-column-is-layout-flow\" style=\"flex-basis:33.33%\">\n<div class=\"wp-block-group is-layout-flow wp-block-group-is-layout-flow\"><div class=\"wp-block-group__inner-container\"><h4 class=\"has-text-align-center wp-block-post-title\"><span id=\"william-hill-bookmaker-anglais-pour-parier-sur-l8217election-presidentielle-francaise-2022\"><a href=\"https:\/\/parier-presidentielle.com\/hu\/william-hill-elnoki\/\" target=\"_self\" >William Hill: Az angol bukm\u00e9ker a 2022-es francia eln\u00f6kv\u00e1laszt\u00e1sra fogad<\/a><\/span><\/h4><\/div><\/div>\n<\/div>\n\n\n\n<div class=\"wp-block-column is-layout-flow wp-block-column-is-layout-flow\" style=\"flex-basis:33.33%\">\n<p class=\"has-text-align-right\">Folytassa az olvas\u00e1st a t\u00f6bbi exkluz\u00edv f\u00e1jlunkkal,<\/p>\n<\/div>\n<\/div>\n\n\n\n<h3 class=\"wp-block-heading\" id=\"tous-les-pronostics-sondage-et-cotes-pour-parier-sur-le-futur-vainqueur-de-l-election-presidentielle-2022\"><span id=\"tous-les-pronostics-sondage-et-cotes-pour-parier-sur-le-futur-vainqueur-de-l8217election-presidentielle-2024\">Az \u00f6sszes j\u00f3slat, felm\u00e9r\u00e9s \u00e9s es\u00e9ly a 2024-es eln\u00f6kv\u00e1laszt\u00e1s j\u00f6v\u0151beli gy\u0151ztes\u00e9re:<\/span><\/h3>\n\n\n\n<ul>\n<li><a href=\"https:\/\/parier-presidentielle.com\/hu\/makro-valasztas\/\">Fogadjon Emmanuel Macronra az Unibet, Betclic, Bwin seg\u00edts\u00e9g\u00e9vel<\/a> : A kedvenc a szavaz\u00e1sokban \u00e9s el\u0151rejelz\u00e9sekben <\/li>\n\n\n\n<li><a href=\"https:\/\/parier-presidentielle.com\/hu\/marine-le-pen-valasztas\/\">Marine Le Pen: Az es\u00e9lyei \u00e9s a fogad\u00e1s m\u00f3dja a bukm\u00e9kerekn\u00e9l<\/a>: A kih\u00edv\u00f3 az Unibet szerint<\/li>\n<\/ul>\n\n\n\n<p><\/p>\n\n\n\n<center><script type=\"text\/javascript\" charset=\"utf-8\" src=\"https:\/\/www.gambling-affiliation.com\/cpm\/v=AmIMTDSs92QY6b0MzDMvM5laCjJ-ZlA-1oQ-7tKsi.w_GA7331V2\"><\/script><\/center>\n\n\n\n<h3 class=\"wp-block-heading\"><span id=\"donald-trump-vs-joe-biden-la-video-qui-lance-les-paris-en-ligne-sur-l8217election-politique-de-2024\">Donald Trump vs Joe Biden: A vide\u00f3, amely online fogad\u00e1st ind\u00edt a 2024-es politikai v\u00e1laszt\u00e1sokr\u00f3l<\/span><\/h3>\n\n\n\n<figure class=\"wp-block-embed is-type-video is-provider-youtube wp-block-embed-youtube wp-embed-aspect-16-9 wp-has-aspect-ratio\"><div class=\"wp-block-embed__wrapper\">\n<iframe loading=\"lazy\" title=\"Donald Trump volt eln\u00f6k meghirdeti a 2024-es Feh\u00e9r H\u00e1z #Short p\u00e1ly\u00e1zat\u00e1t\" width=\"640\" height=\"360\" src=\"https:\/\/www.youtube.com\/embed\/hZykPRVe4Ag?feature=oembed\" frameborder=\"0\" allow=\"accelerometer; autoplay; clipboard-write; encrypted-media; gyroscope; picture-in-picture; web-share\" allowfullscreen><\/iframe>\n<\/div><\/figure>\n\n\n<div class=\"wp-block-image\">\n<figure class=\"aligncenter size-medium\"><a href=\"https:\/\/parier-presidentielle.com\/hu\/recommends\/unibet\/\" target=\"_blank\" rel=\"noopener\"><img decoding=\"async\" loading=\"lazy\" width=\"300\" height=\"169\" src=\"https:\/\/parier-presidentielle.com\/wp-content\/uploads\/2022\/04\/unibet-300x169.jpg\" alt=\"\" class=\"wp-image-1252\" srcset=\"https:\/\/parier-presidentielle.com\/wp-content\/uploads\/2022\/04\/unibet-300x169.jpg 300w, https:\/\/parier-presidentielle.com\/wp-content\/uploads\/2022\/04\/unibet-1024x576.jpg 1024w, https:\/\/parier-presidentielle.com\/wp-content\/uploads\/2022\/04\/unibet-768x432.jpg 768w, https:\/\/parier-presidentielle.com\/wp-content\/uploads\/2022\/04\/unibet-18x10.jpg 18w, https:\/\/parier-presidentielle.com\/wp-content\/uploads\/2022\/04\/unibet.jpg 1280w\" sizes=\"(max-width: 300px) 100vw, 300px\" \/><\/a><\/figure><\/div>\n\n\n<p>Keresse meg a Wikit, az alapvet\u0151 politikai h\u00edreket a kannabiszr\u00f3l \u00e9s leg\u00e1lis sz\u00e1rmaz\u00e9kair\u00f3l: <strong>HHC, H4cbd, Thcp, Thcv, HSD, HHCPO, C4B<\/strong><\/p>\n<div id=\"toc_container\" class=\"no_bullets\"><p class=\"toc_title\">Tartalom<\/p><ul class=\"toc_list\"><li><ul><li><ul><li><\/li><li><\/li><\/ul><\/li><li><\/li><li><\/li><\/ul><\/li><\/ul><\/div>","protected":false},"excerpt":{"rendered":"<p>avec qui parier? William Hill of course Parier l&#8217;\u00e9lection pr\u00e9sident 2022 avec le site de paris en ligne William Hill 20\u20ac Offert pour Parier avec William Hill Les cotes de William Hill donnent l&#8217;actuel pr\u00e9sident Emmanuel Macron \u00e0 1,10 contre Marine Le Pen \u00e0 7.50, ce sont donc les meilleures cotes par rapport aux autres &#8230;<\/p>","protected":false},"author":1,"featured_media":0,"parent":0,"menu_order":0,"comment_status":"closed","ping_status":"closed","template":"page-nosidebar.php","meta":{"footnotes":""},"yoast_head":"<!-- This site is optimized with the Yoast SEO Premium plugin v21.0 (Yoast SEO v21.0) - https:\/\/yoast.com\/wordpress\/plugins\/seo\/ -->\n<title>William Hill : Bookmaker Anglais pour Parier sur l&#039;election presidentielle fran\u00e7aise 2022 - Finale Coupe du Monde FIFA<\/title>\n<meta name=\"robots\" content=\"index, follow, max-snippet:-1, max-image-preview:large, max-video-preview:-1\" \/>\n<link rel=\"canonical\" href=\"https:\/\/parier-presidentielle.com\/hu\/william-hill-elnoki\/\" \/>\n<meta property=\"og:locale\" content=\"hu_HU\" \/>\n<meta property=\"og:type\" content=\"article\" \/>\n<meta property=\"og:title\" content=\"William Hill : Bookmaker Anglais pour Parier sur l&#039;election presidentielle fran\u00e7aise 2022\" \/>\n<meta property=\"og:description\" content=\"avec qui parier? William Hill of course Parier l&#8217;\u00e9lection pr\u00e9sident 2022 avec le site de paris en ligne William Hill 20\u20ac Offert pour Parier avec William Hill Les cotes de William Hill donnent l&#8217;actuel pr\u00e9sident Emmanuel Macron \u00e0 1,10 contre Marine Le Pen \u00e0 7.50, ce sont donc les meilleures cotes par rapport aux autres ...\" \/>\n<meta property=\"og:url\" content=\"https:\/\/parier-presidentielle.com\/hu\/william-hill-elnoki\/\" \/>\n<meta property=\"og:site_name\" content=\"Parier Pr\u00e9sidentielle\" \/>\n<meta property=\"article:modified_time\" content=\"2023-09-23T15:06:55+00:00\" \/>\n<meta property=\"og:image\" content=\"https:\/\/parier-presidentielle.com\/wp-content\/uploads\/2022\/04\/william-hill-macron-le-pen-presidentielle-1024x265.jpg\" \/>\n<meta name=\"twitter:card\" content=\"summary_large_image\" \/>\n<meta name=\"twitter:label1\" content=\"Est. reading time\" \/>\n\t<meta name=\"twitter:data1\" content=\"4 perc\" \/>\n<script type=\"application\/ld+json\" class=\"yoast-schema-graph\">{\"@context\":\"https:\/\/schema.org\",\"@graph\":[{\"@type\":\"WebPage\",\"@id\":\"https:\/\/parier-presidentielle.com\/william-hill-presidentielle\/\",\"url\":\"https:\/\/parier-presidentielle.com\/william-hill-presidentielle\/\",\"name\":\"William Hill : Bookmaker Anglais pour Parier sur l'election presidentielle fran\u00e7aise 2022 - Finale Coupe du Monde FIFA\",\"isPartOf\":{\"@id\":\"https:\/\/parier-presidentielle.com\/#website\"},\"datePublished\":\"2022-04-19T11:25:07+00:00\",\"dateModified\":\"2023-09-23T15:06:55+00:00\",\"breadcrumb\":{\"@id\":\"https:\/\/parier-presidentielle.com\/william-hill-presidentielle\/#breadcrumb\"},\"inLanguage\":\"hu\",\"potentialAction\":[{\"@type\":\"ReadAction\",\"target\":[\"https:\/\/parier-presidentielle.com\/william-hill-presidentielle\/\"]}]},{\"@type\":\"BreadcrumbList\",\"@id\":\"https:\/\/parier-presidentielle.com\/william-hill-presidentielle\/#breadcrumb\",\"itemListElement\":[{\"@type\":\"ListItem\",\"position\":1,\"name\":\"Accueil\",\"item\":\"https:\/\/parier-presidentielle.com\/\"},{\"@type\":\"ListItem\",\"position\":2,\"name\":\"William Hill : Bookmaker Anglais pour Parier sur l&#8217;election presidentielle fran\u00e7aise 2022\"}]},{\"@type\":\"WebSite\",\"@id\":\"https:\/\/parier-presidentielle.com\/#website\",\"url\":\"https:\/\/parier-presidentielle.com\/\",\"name\":\"Parier Pr\u00e9sidentielle\",\"description\":\"Paris, Pronostics, Wiki sur la Politique, les Elections Am\u00e9ricaines: Joe Biden, Donald Trump avec les Bookmakers en ligne Unibet, Bwin, Betclic, Winamax\",\"potentialAction\":[{\"@type\":\"SearchAction\",\"target\":{\"@type\":\"EntryPoint\",\"urlTemplate\":\"https:\/\/parier-presidentielle.com\/?s={search_term_string}\"},\"query-input\":\"required name=search_term_string\"}],\"inLanguage\":\"hu\"}]}<\/script>\n<!-- \/ Yoast SEO Premium plugin. -->","yoast_head_json":{"title":"William Hill : Bookmaker Anglais pour Parier sur l'election presidentielle fran\u00e7aise 2022 - Finale Coupe du Monde FIFA","robots":{"index":"index","follow":"follow","max-snippet":"max-snippet:-1","max-image-preview":"max-image-preview:large","max-video-preview":"max-video-preview:-1"},"canonical":"https:\/\/parier-presidentielle.com\/hu\/william-hill-elnoki\/","og_locale":"hu_HU","og_type":"article","og_title":"William Hill : Bookmaker Anglais pour Parier sur l'election presidentielle fran\u00e7aise 2022","og_description":"avec qui parier? William Hill of course Parier l&#8217;\u00e9lection pr\u00e9sident 2022 avec le site de paris en ligne William Hill 20\u20ac Offert pour Parier avec William Hill Les cotes de William Hill donnent l&#8217;actuel pr\u00e9sident Emmanuel Macron \u00e0 1,10 contre Marine Le Pen \u00e0 7.50, ce sont donc les meilleures cotes par rapport aux autres ...","og_url":"https:\/\/parier-presidentielle.com\/hu\/william-hill-elnoki\/","og_site_name":"Parier Pr\u00e9sidentielle","article_modified_time":"2023-09-23T15:06:55+00:00","og_image":[{"url":"https:\/\/parier-presidentielle.com\/wp-content\/uploads\/2022\/04\/william-hill-macron-le-pen-presidentielle-1024x265.jpg"}],"twitter_card":"summary_large_image","twitter_misc":{"Est. reading time":"4 perc"},"schema":{"@context":"https:\/\/schema.org","@graph":[{"@type":"WebPage","@id":"https:\/\/parier-presidentielle.com\/william-hill-presidentielle\/","url":"https:\/\/parier-presidentielle.com\/william-hill-presidentielle\/","name":"William Hill : Bookmaker Anglais pour Parier sur l'election presidentielle fran\u00e7aise 2022 - Finale Coupe du Monde FIFA","isPartOf":{"@id":"https:\/\/parier-presidentielle.com\/#website"},"datePublished":"2022-04-19T11:25:07+00:00","dateModified":"2023-09-23T15:06:55+00:00","breadcrumb":{"@id":"https:\/\/parier-presidentielle.com\/william-hill-presidentielle\/#breadcrumb"},"inLanguage":"hu","potentialAction":[{"@type":"ReadAction","target":["https:\/\/parier-presidentielle.com\/william-hill-presidentielle\/"]}]},{"@type":"BreadcrumbList","@id":"https:\/\/parier-presidentielle.com\/william-hill-presidentielle\/#breadcrumb","itemListElement":[{"@type":"ListItem","position":1,"name":"Accueil","item":"https:\/\/parier-presidentielle.com\/"},{"@type":"ListItem","position":2,"name":"William Hill : Bookmaker Anglais pour Parier sur l&#8217;election presidentielle fran\u00e7aise 2022"}]},{"@type":"WebSite","@id":"https:\/\/parier-presidentielle.com\/#website","url":"https:\/\/parier-presidentielle.com\/","name":"Parier Pr\u00e9sidentielle","description":"Paris, Pronostics, Wiki sur la Politique, les Elections Am\u00e9ricaines: Joe Biden, Donald Trump avec les Bookmakers en ligne Unibet, Bwin, Betclic, Winamax","potentialAction":[{"@type":"SearchAction","target":{"@type":"EntryPoint","urlTemplate":"https:\/\/parier-presidentielle.com\/?s={search_term_string}"},"query-input":"required name=search_term_string"}],"inLanguage":"hu"}]}},"_links":{"self":[{"href":"https:\/\/parier-presidentielle.com\/hu\/wp-json\/wp\/v2\/pages\/1459"}],"collection":[{"href":"https:\/\/parier-presidentielle.com\/hu\/wp-json\/wp\/v2\/pages"}],"about":[{"href":"https:\/\/parier-presidentielle.com\/hu\/wp-json\/wp\/v2\/types\/page"}],"author":[{"embeddable":true,"href":"https:\/\/parier-presidentielle.com\/hu\/wp-json\/wp\/v2\/users\/1"}],"replies":[{"embeddable":true,"href":"https:\/\/parier-presidentielle.com\/hu\/wp-json\/wp\/v2\/comments?post=1459"}],"version-history":[{"count":32,"href":"https:\/\/parier-presidentielle.com\/hu\/wp-json\/wp\/v2\/pages\/1459\/revisions"}],"predecessor-version":[{"id":2561,"href":"https:\/\/parier-presidentielle.com\/hu\/wp-json\/wp\/v2\/pages\/1459\/revisions\/2561"}],"wp:attachment":[{"href":"https:\/\/parier-presidentielle.com\/hu\/wp-json\/wp\/v2\/media?parent=1459"}],"curies":[{"name":"wp","href":"https:\/\/api.w.org\/{rel}","templated":true}]}}