{"id":157,"date":"2021-09-13T14:17:19","date_gmt":"2021-09-13T12:17:19","guid":{"rendered":"https:\/\/parier-presidentielle.com\/?page_id=157"},"modified":"2021-09-13T14:20:51","modified_gmt":"2021-09-13T12:20:51","slug":"asselineau-election","status":"publish","type":"page","link":"https:\/\/parier-presidentielle.com\/hu\/asselineau-valasztas\/","title":{"rendered":"Fogadjon Fran\u00e7ois Asselineau megv\u00e1laszt\u00e1s\u00e1ra"},"content":{"rendered":"<p><strong>Fran\u00e7ois Asselineau<\/strong> (francia Fran\u00e7ois Asselineau; P\u00e1rizsban sz\u00fcletett, Franciaorsz\u00e1g) francia politikus. 1983-t\u00f3l k\u00fcl\u00f6nb\u00f6z\u0151 miniszt\u00e9riumok tan\u00e1csad\u00f3jak\u00e9nt dolgozik. 1996-ban a P\u00e9nz\u00fcgyminiszt\u00e9rium f\u0151fel\u00fcgyel\u0151je lett.<\/p>\n\n\n\n<p>1999-ben tagja lett a jobboldali Egyes\u00edt\u00e9s Franciaorsz\u00e1g\u00e9rt p\u00e1rtnak. 2004-ben \u00e1ll\u00e1st kapott Nicolas Sarkozyt\u0151l, \u00e9s csatlakozott a p\u00e1rizsi tan\u00e1csban az Uni\u00f3 a N\u00e9pi Mozgalom\u00e9rt frakci\u00f3hoz. 2007. m\u00e1rcius 25-\u00e9n (a R\u00f3mai Szerz\u0151d\u00e9s 50. \u00e9vfordul\u00f3j\u00e1n) \u00faj p\u00e1rtot hozott l\u00e9tre, a N\u00e9pi K\u00f6zt\u00e1rsas\u00e1gi Uni\u00f3t (LDC, FR.UPR). Ennek a p\u00e1rtnak a f\u0151 c\u00e9lja Franciaorsz\u00e1g kil\u00e9p\u00e9se az EU-b\u00f3l. Emellett kem\u00e9nyen b\u00edr\u00e1lja az amerikai k\u00fclpolitik\u00e1t, \u00e9s Franciaorsz\u00e1g NATO-b\u00f3l val\u00f3 kil\u00e9p\u00e9s\u00e9t k\u00f6veteli.<\/p>\n\n\n\n<p>2014 m\u00e1rciusa \u00f3ta b\u00edr\u00e1lja a nyugati politik\u00e1t az ukr\u00e1n v\u00e1ls\u00e1gban, \u00e9s \u00fagy v\u00e9li, hogy a kr\u00edmi n\u00e9pszavaz\u00e1s nem kev\u00e9sb\u00e9 legitim, mint a koszov\u00f3i vagy d\u00e9l-szud\u00e1ni n\u00e9pszavaz\u00e1s. 2015. m\u00e1jus 9-\u00e9n Fran\u00e7ois Asselineau volt az egyetlen francia politikus Oroszorsz\u00e1gban, miut\u00e1n a Kr\u00edmben j\u00e1rt. 2014 november\u00e9ben Asselineau \u201e\u00e1rul\u00e1snak\u201d nevezte, hogy Franciaorsz\u00e1g nem volt hajland\u00f3 eladni a Mistral haj\u00f3kat Oroszorsz\u00e1gnak.<\/p>\n\n\n\n<p>A PMA-tagok sz\u00e1ma 2015 j\u00falius\u00e1ban meghaladta a 8000-et, 2017 m\u00e1rcius\u00e1ban pedig a 17 ezret. Asselineau \u00e9s a PMA-k 2015 december\u00e9ben minden nagyv\u00e1rosi r\u00e9gi\u00f3ban (Korzika kiv\u00e9tel\u00e9vel) \u00e9s R\u00e9unionban bemutatkoztak a region\u00e1lis v\u00e1laszt\u00e1sokon. Ebben a 13 r\u00e9gi\u00f3ban az LDC-k 189 350 szavazatot szereztek, vagyis a szavazatok 0,9 %-\u00e9t, de 150 %-s n\u00f6veked\u00e9st mutattak a 2014-es eur\u00f3pai v\u00e1laszt\u00e1sokhoz k\u00e9pest. Fran\u00e7ois Asselineau panaszkodott, hogy egy percnyi antenn\u00e1t sem kapott a f\u0151bb csatorn\u00e1kon \u00e9s r\u00e1di\u00f3\u00e1llom\u00e1sokon . A rendk\u00edv\u00fcli \u00e1llapot m\u00e9g \u00fcr\u00fcgy volt t\u00f6bb interj\u00fa lemond\u00e1s\u00e1ra \u00e9s t\u00f6bb \u00f6sszej\u00f6vetel betilt\u00e1s\u00e1ra is.<\/p>\n\n\n\n<p>Fran\u00e7ois Asselineau egyes ellenfelei azzal v\u00e1dolj\u00e1k, hogy hajlamos az \u00f6sszeesk\u00fcv\u00e9s-elm\u00e9letekre, k\u00fcl\u00f6n\u00f6sen azzal, hogy bemutatj\u00e1k, hogy Fran\u00e7ois Mitterrand \u00e9s Jacques Attali 1983 \u00f3ta (9,651 TP4T szavazat) a Nemzeti Front sz\u00e9ls\u0151jobboldali csoportj\u00e1nak nagy r\u00e9sz\u00e9t k\u00e9pezte (1981-ben 0,18 % szavazat). 1986-ban) akt\u00edv m\u00e9diavisszhangon kereszt\u00fcl. Ez is azt bizony\u00edtja, hogy a Nemzeti Front hivatalosan soha nem k\u00e9rte (programj\u00e1ban) az EU-b\u00f3l val\u00f3 kil\u00e9p\u00e9st.<\/p>\n\n\n\n<p>Asselineau indult a 2017-es eln\u00f6kv\u00e1laszt\u00e1son, \u00e9s bejelentette, hogy r\u00e9szt vesz a 2022-es v\u00e1laszt\u00e1sokon.<\/p>\n\n\n\n<p class=\"has-text-align-center unibet\" style=\"font-size:25px\"><mark style=\"background-color:rgba(0, 0, 0, 0);color:#0d7a12\" class=\"has-inline-color\"><strong><a href=\"https:\/\/parier-presidentielle.com\/hu\/recommends\/unibet\/\">150 \u20ac b\u00f3nusz az Unibetn\u00e9l<br>Az els\u0151 politikai vagy sportfogad\u00e1shoz: Kattintson ide<\/a><\/strong><\/mark><\/p>\n\n\n\n<p><\/p>\n\n\n<div class=\"wp-block-image\">\n<figure class=\"aligncenter is-resized wp-duotone-000097-ff4747-1\"><img decoding=\"async\" loading=\"lazy\" src=\"https:\/\/parier-presidentielle.com\/wp-content\/uploads\/2021\/09\/election-standard-scale-4_00x-gigapixel-1024x623.jpg\" alt=\"V\u00e1laszt\u00e1sok 2022\" style=\"width:256px;height:156px\" width=\"256\" height=\"156\"\/><\/figure><\/div>\n\n\n<p><br><\/p>\n\n\n\n<p><strong>A Parier-Presidential seg\u00edt a v\u00e1laszt\u00e1sban<a href=\"https:\/\/parier-presidentielle.com\/hu\/\"> A Bwin, az Unibet \u00e9s a Betclic bukm\u00e9kerek a j\u00f6v\u0151 amerikai eln\u00f6k\u00e9re fogadnak 2024-ben<\/a> : <\/strong><br><a href=\"https:\/\/parier-presidentielle.com\/hu\/unibet-politika-valasztas-2022\/\">Unibet eln\u00f6ki fogad\u00f3iroda<\/a> : R\u00e9szletes \u00e9s ingyenes \u00fatmutat\u00f3 az els\u0151 online fogad\u00e1shoz, minden szorz\u00f3val \u00e9s a felk\u00edn\u00e1lt b\u00f3nusz el\u0151nyeinek kihaszn\u00e1l\u00e1s\u00e1hoz!<\/p>\n\n\n\n<p>Valamint m\u00e1s p\u00e1rizsi online oldalak: <a href=\"https:\/\/parier-presidentielle.com\/hu\/unibet-politika-valasztas-2022\/\">Bwin<\/a>, <a href=\"https:\/\/parier-presidentielle.com\/hu\/netbet-paris-politics-valasztas-2022\/\">NetBet<\/a>, <a href=\"https:\/\/parier-presidentielle.com\/hu\/betclic-presidential-2022\/\">Betclic<\/a>, <a href=\"https:\/\/parier-presidentielle.com\/hu\/winamax-politika-valasztas-2022\/\">Winamax<\/a>, Parions Sport, Zebet,Betway, France-Pari,Vbet, Cloudbet, 1Xbit, 1xbet, Betfair, Betwinner\u2026<\/p>\n\n\n\n<div class=\"wp-block-columns is-layout-flex wp-container-6 wp-block-columns-is-layout-flex\">\n<div class=\"wp-block-column is-layout-flow wp-block-column-is-layout-flow\" style=\"flex-basis:33.33%\">\n<p>Most olvasta el a f\u00e1jlunkat:<\/p>\n<\/div>\n\n\n\n<div class=\"wp-block-column is-layout-flow wp-block-column-is-layout-flow\" style=\"flex-basis:33.33%\">\n<div class=\"wp-block-group is-layout-flow wp-block-group-is-layout-flow\"><div class=\"wp-block-group__inner-container\"><h4 class=\"has-text-align-center wp-block-post-title\"><span id=\"parier-sur-lelection-de-francois-asselineau\"><a href=\"https:\/\/parier-presidentielle.com\/hu\/asselineau-valasztas\/\" target=\"_self\" >Fogadjon Fran\u00e7ois Asselineau megv\u00e1laszt\u00e1s\u00e1ra<\/a><\/span><\/h4><\/div><\/div>\n<\/div>\n\n\n\n<div class=\"wp-block-column is-layout-flow wp-block-column-is-layout-flow\" style=\"flex-basis:33.33%\">\n<p class=\"has-text-align-right\">Folytassa az olvas\u00e1st a t\u00f6bbi exkluz\u00edv f\u00e1jlunkkal,<\/p>\n<\/div>\n<\/div>\n\n\n\n<h3 class=\"wp-block-heading\" id=\"tous-les-pronostics-sondage-et-cotes-pour-parier-sur-le-futur-vainqueur-de-l-election-presidentielle-2022\"><span id=\"tous-les-pronostics-sondage-et-cotes-pour-parier-sur-le-futur-vainqueur-de-l8217election-presidentielle-2024\">Az \u00f6sszes j\u00f3slat, felm\u00e9r\u00e9s \u00e9s es\u00e9ly a 2024-es eln\u00f6kv\u00e1laszt\u00e1s j\u00f6v\u0151beli gy\u0151ztes\u00e9re:<\/span><\/h3>\n\n\n\n<ul>\n<li><a href=\"https:\/\/parier-presidentielle.com\/hu\/makro-valasztas\/\">Fogadjon Emmanuel Macronra az Unibet, Betclic, Bwin seg\u00edts\u00e9g\u00e9vel<\/a> : A kedvenc a szavaz\u00e1sokban \u00e9s el\u0151rejelz\u00e9sekben <\/li>\n\n\n\n<li><a href=\"https:\/\/parier-presidentielle.com\/hu\/marine-le-pen-valasztas\/\">Marine Le Pen: Az es\u00e9lyei \u00e9s a fogad\u00e1s m\u00f3dja a bukm\u00e9kerekn\u00e9l<\/a>: A kih\u00edv\u00f3 az Unibet szerint<\/li>\n<\/ul>\n\n\n\n<p><\/p>\n\n\n\n<center><script type=\"text\/javascript\" charset=\"utf-8\" src=\"https:\/\/www.gambling-affiliation.com\/cpm\/v=AmIMTDSs92QY6b0MzDMvM5laCjJ-ZlA-1oQ-7tKsi.w_GA7331V2\"><\/script><\/center>\n\n\n\n<h3 class=\"wp-block-heading\"><span id=\"donald-trump-vs-joe-biden-la-video-qui-lance-les-paris-en-ligne-sur-l8217election-politique-de-2024\">Donald Trump vs Joe Biden: A vide\u00f3, amely online fogad\u00e1st ind\u00edt a 2024-es politikai v\u00e1laszt\u00e1sokr\u00f3l<\/span><\/h3>\n\n\n\n<figure class=\"wp-block-embed is-type-video is-provider-youtube wp-block-embed-youtube wp-embed-aspect-16-9 wp-has-aspect-ratio\"><div class=\"wp-block-embed__wrapper\">\n<iframe loading=\"lazy\" title=\"Donald Trump volt eln\u00f6k meghirdeti a 2024-es Feh\u00e9r H\u00e1z #Short p\u00e1ly\u00e1zat\u00e1t\" width=\"640\" height=\"360\" src=\"https:\/\/www.youtube.com\/embed\/hZykPRVe4Ag?feature=oembed\" frameborder=\"0\" allow=\"accelerometer; autoplay; clipboard-write; encrypted-media; gyroscope; picture-in-picture; web-share\" allowfullscreen><\/iframe>\n<\/div><\/figure>\n\n\n<div class=\"wp-block-image\">\n<figure class=\"aligncenter size-medium\"><a href=\"https:\/\/parier-presidentielle.com\/hu\/recommends\/unibet\/\" target=\"_blank\" rel=\"noopener\"><img decoding=\"async\" loading=\"lazy\" width=\"300\" height=\"169\" src=\"https:\/\/parier-presidentielle.com\/wp-content\/uploads\/2022\/04\/unibet-300x169.jpg\" alt=\"\" class=\"wp-image-1252\" srcset=\"https:\/\/parier-presidentielle.com\/wp-content\/uploads\/2022\/04\/unibet-300x169.jpg 300w, https:\/\/parier-presidentielle.com\/wp-content\/uploads\/2022\/04\/unibet-1024x576.jpg 1024w, https:\/\/parier-presidentielle.com\/wp-content\/uploads\/2022\/04\/unibet-768x432.jpg 768w, https:\/\/parier-presidentielle.com\/wp-content\/uploads\/2022\/04\/unibet-18x10.jpg 18w, https:\/\/parier-presidentielle.com\/wp-content\/uploads\/2022\/04\/unibet.jpg 1280w\" sizes=\"(max-width: 300px) 100vw, 300px\" \/><\/a><\/figure><\/div>\n\n\n<p>Keresse meg a Wikit, az alapvet\u0151 politikai h\u00edreket a kannabiszr\u00f3l \u00e9s leg\u00e1lis sz\u00e1rmaz\u00e9kair\u00f3l: <strong>HHC, H4cbd, Thcp, Thcv, HSD, HHCPO, C4B<\/strong><\/p>\n<div id=\"toc_container\" class=\"no_bullets\"><p class=\"toc_title\">Tartalom<\/p><ul class=\"toc_list\"><ul><li><\/li><\/ul><\/li><li><\/li><li><\/li><\/ul><\/div>","protected":false},"excerpt":{"rendered":"<p>Fran\u00e7ois Asselineau (francia Fran\u00e7ois Asselineau; P\u00e1rizsban sz\u00fcletett, Franciaorsz\u00e1g) francia politikus. 1983 \u00f3ta k\u00fcl\u00f6nb\u00f6z\u0151 miniszt\u00e9riumok tan\u00e1csad\u00f3jak\u00e9nt dolgozik. 1996-ban a P\u00e9nz\u00fcgyminiszt\u00e9rium f\u0151fel\u00fcgyel\u0151je lett. 1999-ben a jobboldali Egyes\u00edt\u00e9s Franciaorsz\u00e1g\u00e9rt p\u00e1rt tagja lett. 2004-ben kapott \u00e1ll\u00e1st\u2026<\/p>","protected":false},"author":1,"featured_media":0,"parent":0,"menu_order":0,"comment_status":"closed","ping_status":"closed","template":"page-nosidebar.php","meta":{"footnotes":""},"yoast_head":"<!-- This site is optimized with the Yoast SEO Premium plugin v21.0 (Yoast SEO v21.0) - https:\/\/yoast.com\/wordpress\/plugins\/seo\/ -->\n<title>Parier sur l\u2019\u00e9lection de Fran\u00e7ois Asselineau - Finale Coupe du Monde FIFA<\/title>\n<meta name=\"description\" content=\"Pariez sur Fran\u00e7ois Asselineau pour l&#039;Election 2022 : Cliquez Ici et Gagnez Gros! Pronostics ,Comparaison des Bookmakers et des meilleurs Cotes.\" \/>\n<meta name=\"robots\" content=\"index, follow, max-snippet:-1, max-image-preview:large, max-video-preview:-1\" \/>\n<link rel=\"canonical\" href=\"https:\/\/parier-presidentielle.com\/hu\/asselineau-valasztas\/\" \/>\n<meta property=\"og:locale\" content=\"hu_HU\" \/>\n<meta property=\"og:type\" content=\"article\" \/>\n<meta property=\"og:title\" content=\"Parier sur l\u2019\u00e9lection de Fran\u00e7ois Asselineau\" \/>\n<meta property=\"og:description\" content=\"Pariez sur Fran\u00e7ois Asselineau pour l&#039;Election 2022 : Cliquez Ici et Gagnez Gros! Pronostics ,Comparaison des Bookmakers et des meilleurs Cotes.\" \/>\n<meta property=\"og:url\" content=\"https:\/\/parier-presidentielle.com\/hu\/asselineau-valasztas\/\" \/>\n<meta property=\"og:site_name\" content=\"Parier Pr\u00e9sidentielle\" \/>\n<meta property=\"article:modified_time\" content=\"2021-09-13T12:20:51+00:00\" \/>\n<meta name=\"twitter:card\" content=\"summary_large_image\" \/>\n<meta name=\"twitter:label1\" content=\"Est. reading time\" \/>\n\t<meta name=\"twitter:data1\" content=\"2 perc\" \/>\n<script type=\"application\/ld+json\" class=\"yoast-schema-graph\">{\"@context\":\"https:\/\/schema.org\",\"@graph\":[{\"@type\":\"WebPage\",\"@id\":\"https:\/\/parier-presidentielle.com\/asselineau-election\/\",\"url\":\"https:\/\/parier-presidentielle.com\/asselineau-election\/\",\"name\":\"Parier sur l\u2019\u00e9lection de Fran\u00e7ois Asselineau - Finale Coupe du Monde FIFA\",\"isPartOf\":{\"@id\":\"https:\/\/parier-presidentielle.com\/#website\"},\"datePublished\":\"2021-09-13T12:17:19+00:00\",\"dateModified\":\"2021-09-13T12:20:51+00:00\",\"description\":\"Pariez sur Fran\u00e7ois Asselineau pour l'Election 2022 : Cliquez Ici et Gagnez Gros! Pronostics ,Comparaison des Bookmakers et des meilleurs Cotes.\",\"breadcrumb\":{\"@id\":\"https:\/\/parier-presidentielle.com\/asselineau-election\/#breadcrumb\"},\"inLanguage\":\"hu\",\"potentialAction\":[{\"@type\":\"ReadAction\",\"target\":[\"https:\/\/parier-presidentielle.com\/asselineau-election\/\"]}]},{\"@type\":\"BreadcrumbList\",\"@id\":\"https:\/\/parier-presidentielle.com\/asselineau-election\/#breadcrumb\",\"itemListElement\":[{\"@type\":\"ListItem\",\"position\":1,\"name\":\"Accueil\",\"item\":\"https:\/\/parier-presidentielle.com\/\"},{\"@type\":\"ListItem\",\"position\":2,\"name\":\"Parier sur l\u2019\u00e9lection de Fran\u00e7ois Asselineau\"}]},{\"@type\":\"WebSite\",\"@id\":\"https:\/\/parier-presidentielle.com\/#website\",\"url\":\"https:\/\/parier-presidentielle.com\/\",\"name\":\"Parier Pr\u00e9sidentielle\",\"description\":\"Paris, Pronostics, Wiki sur la Politique, les Elections Am\u00e9ricaines: Joe Biden, Donald Trump avec les Bookmakers en ligne Unibet, Bwin, Betclic, Winamax\",\"potentialAction\":[{\"@type\":\"SearchAction\",\"target\":{\"@type\":\"EntryPoint\",\"urlTemplate\":\"https:\/\/parier-presidentielle.com\/?s={search_term_string}\"},\"query-input\":\"required name=search_term_string\"}],\"inLanguage\":\"hu\"}]}<\/script>\n<!-- \/ Yoast SEO Premium plugin. -->","yoast_head_json":{"title":"Parier sur l\u2019\u00e9lection de Fran\u00e7ois Asselineau - Finale Coupe du Monde FIFA","description":"Pariez sur Fran\u00e7ois Asselineau pour l'Election 2022 : Cliquez Ici et Gagnez Gros! Pronostics ,Comparaison des Bookmakers et des meilleurs Cotes.","robots":{"index":"index","follow":"follow","max-snippet":"max-snippet:-1","max-image-preview":"max-image-preview:large","max-video-preview":"max-video-preview:-1"},"canonical":"https:\/\/parier-presidentielle.com\/hu\/asselineau-valasztas\/","og_locale":"hu_HU","og_type":"article","og_title":"Parier sur l\u2019\u00e9lection de Fran\u00e7ois Asselineau","og_description":"Pariez sur Fran\u00e7ois Asselineau pour l'Election 2022 : Cliquez Ici et Gagnez Gros! Pronostics ,Comparaison des Bookmakers et des meilleurs Cotes.","og_url":"https:\/\/parier-presidentielle.com\/hu\/asselineau-valasztas\/","og_site_name":"Parier Pr\u00e9sidentielle","article_modified_time":"2021-09-13T12:20:51+00:00","twitter_card":"summary_large_image","twitter_misc":{"Est. reading time":"2 perc"},"schema":{"@context":"https:\/\/schema.org","@graph":[{"@type":"WebPage","@id":"https:\/\/parier-presidentielle.com\/asselineau-election\/","url":"https:\/\/parier-presidentielle.com\/asselineau-election\/","name":"Parier sur l\u2019\u00e9lection de Fran\u00e7ois Asselineau - Finale Coupe du Monde FIFA","isPartOf":{"@id":"https:\/\/parier-presidentielle.com\/#website"},"datePublished":"2021-09-13T12:17:19+00:00","dateModified":"2021-09-13T12:20:51+00:00","description":"Pariez sur Fran\u00e7ois Asselineau pour l'Election 2022 : Cliquez Ici et Gagnez Gros! Pronostics ,Comparaison des Bookmakers et des meilleurs Cotes.","breadcrumb":{"@id":"https:\/\/parier-presidentielle.com\/asselineau-election\/#breadcrumb"},"inLanguage":"hu","potentialAction":[{"@type":"ReadAction","target":["https:\/\/parier-presidentielle.com\/asselineau-election\/"]}]},{"@type":"BreadcrumbList","@id":"https:\/\/parier-presidentielle.com\/asselineau-election\/#breadcrumb","itemListElement":[{"@type":"ListItem","position":1,"name":"Accueil","item":"https:\/\/parier-presidentielle.com\/"},{"@type":"ListItem","position":2,"name":"Parier sur l\u2019\u00e9lection de Fran\u00e7ois Asselineau"}]},{"@type":"WebSite","@id":"https:\/\/parier-presidentielle.com\/#website","url":"https:\/\/parier-presidentielle.com\/","name":"Parier Pr\u00e9sidentielle","description":"Paris, Pronostics, Wiki sur la Politique, les Elections Am\u00e9ricaines: Joe Biden, Donald Trump avec les Bookmakers en ligne Unibet, Bwin, Betclic, Winamax","potentialAction":[{"@type":"SearchAction","target":{"@type":"EntryPoint","urlTemplate":"https:\/\/parier-presidentielle.com\/?s={search_term_string}"},"query-input":"required name=search_term_string"}],"inLanguage":"hu"}]}},"_links":{"self":[{"href":"https:\/\/parier-presidentielle.com\/hu\/wp-json\/wp\/v2\/pages\/157"}],"collection":[{"href":"https:\/\/parier-presidentielle.com\/hu\/wp-json\/wp\/v2\/pages"}],"about":[{"href":"https:\/\/parier-presidentielle.com\/hu\/wp-json\/wp\/v2\/types\/page"}],"author":[{"embeddable":true,"href":"https:\/\/parier-presidentielle.com\/hu\/wp-json\/wp\/v2\/users\/1"}],"replies":[{"embeddable":true,"href":"https:\/\/parier-presidentielle.com\/hu\/wp-json\/wp\/v2\/comments?post=157"}],"version-history":[{"count":2,"href":"https:\/\/parier-presidentielle.com\/hu\/wp-json\/wp\/v2\/pages\/157\/revisions"}],"predecessor-version":[{"id":162,"href":"https:\/\/parier-presidentielle.com\/hu\/wp-json\/wp\/v2\/pages\/157\/revisions\/162"}],"wp:attachment":[{"href":"https:\/\/parier-presidentielle.com\/hu\/wp-json\/wp\/v2\/media?parent=157"}],"curies":[{"name":"wp","href":"https:\/\/api.w.org\/{rel}","templated":true}]}}