{"id":163,"date":"2021-09-13T14:41:45","date_gmt":"2021-09-13T12:41:45","guid":{"rendered":"https:\/\/parier-presidentielle.com\/?page_id=163"},"modified":"2023-01-24T18:49:06","modified_gmt":"2023-01-24T17:49:06","slug":"asselineau-bookmakers","status":"publish","type":"page","link":"https:\/\/parier-presidentielle.com\/hu\/asselineau-bukmekerek\/","title":{"rendered":"Asselineau bukm\u00e9kerek: P\u00e1rizs, es\u00e9lyek \u00e9s el\u0151rejelz\u00e9sek"},"content":{"rendered":"<p>\u00datmutat\u00f3 a jel\u00f6ltre val\u00f3 fogad\u00e1shoz  <a href=\"https:\/\/parier-presidentielle.com\/hu\/asselineau-valasztas\/\">Fran\u00e7ois Asselineau<\/a> 2022-ben tal\u00e1lja meg a legjobb szorz\u00f3kat a bukm\u00e9kerek szerint: <span style=\"text-decoration: underline;\"><a href=\"https:\/\/parier-presidentielle.com\/hu\/unibet-politika-valasztas-2022\/\">Unibet<\/a><\/span>, Bwin\u2026<\/p>\n\n\n\n<p><\/p>\n\n\n\n<h2 class=\"wp-block-heading\" id=\"parier-sur-francois-asselineau-en-2022-notre-analyse-cotes-et-pronostics\"><span id=\"parier-sur-francois-asselineau-en-2022-notre-analyse-cotes-et-pronostics\">Fogad\u00e1s Francois Asselineau-ra 2022-ben? Elemz\u00e9s\u00fcnk, es\u00e9lyeink \u00e9s el\u0151rejelz\u00e9seink!<br><\/span><\/h2>\n\n\n\n<h1 class=\"wp-block-heading\"><span id=\"parier-sur-francois-asselineau-en-2022-analyse-cotes-et-pronostics\">Fogad\u00e1s Francois Asselineau-ra 2022-ben: elemz\u00e9s, es\u00e9lyek \u00e9s el\u0151rejelz\u00e9sek<\/span><\/h1>\n\n\n\n<p><em>Francois Asselineau, az Union Populaire R\u00e9publicaine (UPR) alap\u00edt\u00f3ja \u00e9s eln\u00f6ke olyan jel\u00f6lt, aki egyre nagyobb figyelmet kelt a francia politikai sz\u00ednt\u00e9ren. Felmer\u00fcl teh\u00e1t a k\u00e9rd\u00e9s: b\u00f6lcs dolog-e r\u00e1 fogadni a k\u00f6vetkez\u0151, 2022-es eln\u00f6kv\u00e1laszt\u00e1son? Erre a k\u00e9rd\u00e9sre a jelenlegi es\u00e9lyek \u00e9s el\u0151rejelz\u00e9sek elemz\u00e9s\u00e9vel pr\u00f3b\u00e1lunk v\u00e1laszt adni.<\/em><\/p>\n\n\n\n<h2 class=\"wp-block-heading\"><span id=\"les-cotes-actuelles\">Jelenlegi es\u00e9lyek<\/span><\/h2>\n\n\n\n<p>\nA fogad\u00f3irod\u00e1k szerint jelenleg meglehet\u0151sen alacsony az es\u00e9ly Francois Asselineau-ra a 2022-es eln\u00f6kv\u00e1laszt\u00e1son. 100\/1-es besorol\u00e1s\u00fa, vagyis es\u00e9lytelennek tartj\u00e1k a szakemberek. Fontos azonban megjegyezni, hogy ezek az es\u00e9lyek a k\u00f6vetkez\u0151 h\u00f3napokban zajl\u00f3 esem\u00e9nyekt\u0151l \u00e9s szavaz\u00e1sokt\u00f3l f\u00fcgg\u0151en v\u00e1ltozhatnak. Ez\u00e9rt lehets\u00e9ges, hogy az Asselineau es\u00e9lyei n\u00f6vekedni fognak a k\u00f6vetkez\u0151 h\u00f3napokban.\n\n<\/p>\n\n\n\n<h2 class=\"wp-block-heading\"><span id=\"les-pronostics\">Az el\u0151rejelz\u00e9sek<\/span><\/h2>\n\n\n\n<p>\nFrancois Asselineau es\u00e9lyeit illet\u0151en a 2022-es eln\u00f6kv\u00e1laszt\u00e1son neh\u00e9z j\u00f3slatot adni, mert m\u00e9g mindig nagy a bizonytalans\u00e1g azzal kapcsolatban, hogy mely jel\u00f6ltek indulnak, \u00e9s hogyan alakul a politikai helyzet a k\u00f6vetkez\u0151 h\u00f3napokban. Fontos azonban megjegyezni, hogy Fran\u00e7ois Asselineau olyan jel\u00f6lt, akinek er\u0151s t\u00e1mogat\u00f3i b\u00e1zisa van a hagyom\u00e1nyos p\u00e1rtokkal el\u00e9gedetlen szavaz\u00f3k k\u00f6r\u00e9ben, akik alternat\u00edv\u00e1t keresnek a berendezked\u00e9ssel szemben. Ez\u00e9rt lehets\u00e9ges, hogy jobban teljes\u00edt, mint a jelenlegi \u00e9rt\u00e9kel\u00e9sek sugallj\u00e1k.\n\n<\/p>\n\n\n\n<h2 class=\"wp-block-heading\"><span id=\"analyse\">Elemz\u00e9s<\/span><\/h2>\n\n\n\n<p>\nNyilv\u00e1nval\u00f3, hogy a jelenlegi es\u00e9lyek \u00e9s el\u0151rejelz\u00e9sek Francois Asselineau sz\u00e1m\u00e1ra meglehet\u0151sen kedvez\u0151tlenek, de nem szabad elfelejteni, hogy a 2022-es eln\u00f6kv\u00e1laszt\u00e1s eredm\u00e9ny\u00e9t m\u00e9g nagyon korai megj\u00f3solni, fontos figyelemmel k\u00eds\u00e9rni a politikai helyzet alakul\u00e1s\u00e1t \u00e9s a k\u00f6zv\u00e9lem\u00e9ny-kutat\u00e1sokat. hogy felm\u00e9rje Francois Asselineau es\u00e9lyeit. Fontos figyelembe venni a hagyom\u00e1nyos p\u00e1rtokkal el\u00e9gedetlen v\u00e1laszt\u00f3kra gyakorolt hat\u00e1s\u00e1t is, akik jelent\u0151s t\u00e1mogat\u00e1st ny\u00fajthatn\u00e1nak neki. \u00d6sszegezve, egyel\u0151re kock\u00e1zatos lehet Francois Asselineau-ra fogadni, de nem szabad teljesen kiz\u00e1rni a 2022-es eln\u00f6kv\u00e1laszt\u00e1si versenyb\u0151l sem, ennek val\u00f3s es\u00e9lyeinek felm\u00e9r\u00e9s\u00e9hez fontos a fejlem\u00e9nyek \u00e9s a felm\u00e9r\u00e9sek nyomon k\u00f6vet\u00e9se. Azt is fontos megjegyezni, hogy az es\u00e9lyek jelent\u0151sen v\u00e1ltozhatnak a k\u00f6vetkez\u0151 h\u00f3napokban, ez\u00e9rt l\u00e9gy \u00e9ber.<\/p>\n\n\n\n<p>2022. eln\u00f6k. Fran\u00e7ois Asselineau-t 2021 febru\u00e1rj\u00e1ban tart\u00f3ztatt\u00e1k le. A nyomoz\u00e1s m\u00e9g mindig folyamatban van. De mi\u00e9rt t\u00f6r\u0151dnek a politikusok mindig az igazs\u00e1gszolg\u00e1ltat\u00e1ssal? 2021 febru\u00e1rj\u00e1ban sz\u00f6k\u0151\u00e1r volt a politik\u00e1ban: Fran\u00e7ois Asselineau-t erk\u00f6lcsi zaklat\u00e1s, szexu\u00e1lis zaklat\u00e1s \u00e9s szexu\u00e1lis zaklat\u00e1s miatt vett\u00e9k \u0151rizetbe. A nyomoz\u00e1st 2020 m\u00e1jus\u00e1ban folytatt\u00e1k le a p\u00e1rizsi igazs\u00e1g\u00fcgyi rend\u0151rs\u00e9g szem\u00e9ly elleni b\u00fbn\u00f6z\u00e9s elleni harci brig\u00e1dj\u00e1val (BRDP). A Fran\u00e7ois Asselineau Egyetemes Id\u0151szakos Szeml\u00e9nek (Republican Popular Union) dolgoz\u00f3 k\u00e9t k\u00fcl\u00f6nb\u00f6z\u0151 \u00e1ldozat k\u00e9t feljelent\u00e9st tett: az egyiket Allerben, a m\u00e1sikat pedig P\u00e1rizsban ny\u00fajtott\u00e1k be. Egy volt \u00fcgyvezet\u0151 is feljelent\u00e9st tett az \u00fcgy\u00e9szs\u00e9gn\u00e9l, \u00e9s 2019-ben bizonyos t\u00e9nyekre f\u00e9ny der\u00fclt.<br><\/p>\n\n\n\n<p>Hamarosan Fran\u00e7ois Asselineau r\u00e1galmaz\u00e1snak \u00e9s \u00f6sszeesk\u00fcv\u00e9snek nevezte a v\u00e1dakat, hogy elt\u00e1vol\u00edts\u00e1k \u0151t az egyetemes id\u0151szakos fel\u00fclvizsg\u00e1lat eln\u00f6ki posztj\u00e1r\u00f3l, \u00e9s megakad\u00e1lyozz\u00e1k, hogy r\u00e9szt vegyen a 2022-es eln\u00f6kv\u00e1laszt\u00e1son: gy\u00f3gyszert\u00e1r\u201d \u2013 mondta a Facebookon. Az \u00fcgy m\u00e9g folyamatban van. Eml\u00e9keztet\u0151\u00fcl: 2020-ban, b\u00e1r ezek a panaszok most jelentek meg (de m\u00e9g a rend\u0151rs\u00e9gi \u0151rizetbe v\u00e9teli k\u00e9relme el\u0151tt), a politikust m\u00e9g mindig p\u00e1rtja igazgat\u00f3i k\u00f6z\u00e9 v\u00e1lasztj\u00e1k, ezzel provok\u00e1lva a nem k\u00edv\u00e1nt p\u00e1rtaktivist\u00e1kat. szexu\u00e1lis zaklat\u00e1s lett az eln\u00f6k\u00fck. Ki az a Fran\u00e7ois Arcelino? Fran\u00e7ois Asselineau p\u00e9nz\u00fcgyi fel\u00fcgyel\u0151 volt, miel\u0151tt politik\u00e1ba l\u00e9pett volna. 2017-ben t\u00f6bb mint 500 szponzort gy\u0171jt\u00f6tt \u00f6ssze, \u00e9s r\u00e9szt vett a 2012-es elbukott eln\u00f6kv\u00e1laszt\u00e1son. <\/p>\n\n\n\n<p><\/p>\n\n\n\n<h3 class=\"wp-block-heading\" id=\"la-victoire-francois-asselineau-a-l-election-presidentielle-est-impossible\"><span id=\"la-victoire-francois-asselineau-a-l8217election-presidentielle-est-impossible\">Lehetetlen Fran\u00e7ois Asselineau gy\u0151zelme az eln\u00f6kv\u00e1laszt\u00e1son!<\/span><\/h3>\n\n\n\n<p><strong><span class=\"has-inline-color has-vivid-red-color\">Francois Asselineau profilj\u00e1nak elemz\u00e9se ut\u00e1n a gy\u0151zelm\u00e9re fogadni t\u00fal kock\u00e1zatos a hihetetlen es\u00e9lyek ellen\u00e9re...<\/span><\/strong><\/p>\n\n\n\n<h2 class=\"wp-block-heading\" id=\"unibet\"><span id=\"unibet\">Unibet<\/span><\/h2>\n\n\n\n<p><br>Fran\u00e7ois Asselineau szorz\u00f3i az Unibet bukm\u00e9kern\u00e9l: <\/p>\n\n\n\n<p>101<\/p>\n\n\n\n<p><\/p>\n\n\n\n<h2 class=\"wp-block-heading\" id=\"william-hill\"><span id=\"william-hill\">William Hill<\/span><\/h2>\n\n\n\n<p>Fran\u00e7ois Asselineau es\u00e9lyei a William Hill bukm\u00e9kern\u00e9l:  <\/p>\n\n\n\n<p>Jelenleg nem el\u00e9rhet\u0151<\/p>\n\n\n\n\n\n\n\n<p><\/p>\n\n\n\n<p class=\"has-text-align-center unibet\" style=\"font-size:25px\"><mark style=\"background-color:rgba(0, 0, 0, 0);color:#0d7a12\" class=\"has-inline-color\"><strong><a href=\"https:\/\/parier-presidentielle.com\/hu\/recommends\/unibet\/\">150 \u20ac b\u00f3nusz az Unibetn\u00e9l<br>Az els\u0151 politikai vagy sportfogad\u00e1shoz: Kattintson ide<\/a><\/strong><\/mark><\/p>\n\n\n\n<p><\/p>\n\n\n<div class=\"wp-block-image\">\n<figure class=\"aligncenter is-resized wp-duotone-000097-ff4747-1\"><img decoding=\"async\" loading=\"lazy\" src=\"https:\/\/parier-presidentielle.com\/wp-content\/uploads\/2021\/09\/election-standard-scale-4_00x-gigapixel-1024x623.jpg\" alt=\"V\u00e1laszt\u00e1sok 2022\" style=\"width:256px;height:156px\" width=\"256\" height=\"156\"\/><\/figure><\/div>\n\n\n<p><br><\/p>\n\n\n\n<p><strong>A Parier-Presidential seg\u00edt a v\u00e1laszt\u00e1sban<a href=\"https:\/\/parier-presidentielle.com\/hu\/\"> A Bwin, az Unibet \u00e9s a Betclic bukm\u00e9kerek a j\u00f6v\u0151 amerikai eln\u00f6k\u00e9re fogadnak 2024-ben<\/a> : <\/strong><br><a href=\"https:\/\/parier-presidentielle.com\/hu\/unibet-politika-valasztas-2022\/\">Unibet eln\u00f6ki fogad\u00f3iroda<\/a> : R\u00e9szletes \u00e9s ingyenes \u00fatmutat\u00f3 az els\u0151 online fogad\u00e1shoz, minden szorz\u00f3val \u00e9s a felk\u00edn\u00e1lt b\u00f3nusz el\u0151nyeinek kihaszn\u00e1l\u00e1s\u00e1hoz!<\/p>\n\n\n\n<p>Valamint m\u00e1s p\u00e1rizsi online oldalak: <a href=\"https:\/\/parier-presidentielle.com\/hu\/unibet-politika-valasztas-2022\/\">Bwin<\/a>, <a href=\"https:\/\/parier-presidentielle.com\/hu\/netbet-paris-politics-valasztas-2022\/\">NetBet<\/a>, <a href=\"https:\/\/parier-presidentielle.com\/hu\/betclic-presidential-2022\/\">Betclic<\/a>, <a href=\"https:\/\/parier-presidentielle.com\/hu\/winamax-politika-valasztas-2022\/\">Winamax<\/a>, Parions Sport, Zebet,Betway, France-Pari,Vbet, Cloudbet, 1Xbit, 1xbet, Betfair, Betwinner\u2026<\/p>\n\n\n\n<div class=\"wp-block-columns is-layout-flex wp-container-6 wp-block-columns-is-layout-flex\">\n<div class=\"wp-block-column is-layout-flow wp-block-column-is-layout-flow\" style=\"flex-basis:33.33%\">\n<p>Most olvasta el a f\u00e1jlunkat:<\/p>\n<\/div>\n\n\n\n<div class=\"wp-block-column is-layout-flow wp-block-column-is-layout-flow\" style=\"flex-basis:33.33%\">\n<div class=\"wp-block-group is-layout-flow wp-block-group-is-layout-flow\"><div class=\"wp-block-group__inner-container\"><h4 class=\"has-text-align-center wp-block-post-title\"><span id=\"asselineau-bookmakers-paris-cote-et-pronostics\"><a href=\"https:\/\/parier-presidentielle.com\/hu\/asselineau-bukmekerek\/\" target=\"_self\" >Asselineau bukm\u00e9kerek: P\u00e1rizs, es\u00e9lyek \u00e9s el\u0151rejelz\u00e9sek<\/a><\/span><\/h4><\/div><\/div>\n<\/div>\n\n\n\n<div class=\"wp-block-column is-layout-flow wp-block-column-is-layout-flow\" style=\"flex-basis:33.33%\">\n<p class=\"has-text-align-right\">Folytassa az olvas\u00e1st a t\u00f6bbi exkluz\u00edv f\u00e1jlunkkal,<\/p>\n<\/div>\n<\/div>\n\n\n\n<h3 class=\"wp-block-heading\" id=\"tous-les-pronostics-sondage-et-cotes-pour-parier-sur-le-futur-vainqueur-de-l-election-presidentielle-2022\"><span id=\"tous-les-pronostics-sondage-et-cotes-pour-parier-sur-le-futur-vainqueur-de-l8217election-presidentielle-2024\">Az \u00f6sszes j\u00f3slat, felm\u00e9r\u00e9s \u00e9s es\u00e9ly a 2024-es eln\u00f6kv\u00e1laszt\u00e1s j\u00f6v\u0151beli gy\u0151ztes\u00e9re:<\/span><\/h3>\n\n\n\n<ul>\n<li><a href=\"https:\/\/parier-presidentielle.com\/hu\/makro-valasztas\/\">Fogadjon Emmanuel Macronra az Unibet, Betclic, Bwin seg\u00edts\u00e9g\u00e9vel<\/a> : A kedvenc a szavaz\u00e1sokban \u00e9s el\u0151rejelz\u00e9sekben <\/li>\n\n\n\n<li><a href=\"https:\/\/parier-presidentielle.com\/hu\/marine-le-pen-valasztas\/\">Marine Le Pen: Az es\u00e9lyei \u00e9s a fogad\u00e1s m\u00f3dja a bukm\u00e9kerekn\u00e9l<\/a>: A kih\u00edv\u00f3 az Unibet szerint<\/li>\n<\/ul>\n\n\n\n<p><\/p>\n\n\n\n<center><script type=\"text\/javascript\" charset=\"utf-8\" src=\"https:\/\/www.gambling-affiliation.com\/cpm\/v=AmIMTDSs92QY6b0MzDMvM5laCjJ-ZlA-1oQ-7tKsi.w_GA7331V2\"><\/script><\/center>\n\n\n\n<h3 class=\"wp-block-heading\"><span id=\"donald-trump-vs-joe-biden-la-video-qui-lance-les-paris-en-ligne-sur-l8217election-politique-de-2024\">Donald Trump vs Joe Biden: A vide\u00f3, amely online fogad\u00e1st ind\u00edt a 2024-es politikai v\u00e1laszt\u00e1sokr\u00f3l<\/span><\/h3>\n\n\n\n<figure class=\"wp-block-embed is-type-video is-provider-youtube wp-block-embed-youtube wp-embed-aspect-16-9 wp-has-aspect-ratio\"><div class=\"wp-block-embed__wrapper\">\n<iframe loading=\"lazy\" title=\"Donald Trump volt eln\u00f6k meghirdeti a 2024-es Feh\u00e9r H\u00e1z #Short p\u00e1ly\u00e1zat\u00e1t\" width=\"640\" height=\"360\" src=\"https:\/\/www.youtube.com\/embed\/hZykPRVe4Ag?feature=oembed\" frameborder=\"0\" allow=\"accelerometer; autoplay; clipboard-write; encrypted-media; gyroscope; picture-in-picture; web-share\" allowfullscreen><\/iframe>\n<\/div><\/figure>\n\n\n<div class=\"wp-block-image\">\n<figure class=\"aligncenter size-medium\"><a href=\"https:\/\/parier-presidentielle.com\/hu\/recommends\/unibet\/\" target=\"_blank\" rel=\"noopener\"><img decoding=\"async\" loading=\"lazy\" width=\"300\" height=\"169\" src=\"https:\/\/parier-presidentielle.com\/wp-content\/uploads\/2022\/04\/unibet-300x169.jpg\" alt=\"\" class=\"wp-image-1252\" srcset=\"https:\/\/parier-presidentielle.com\/wp-content\/uploads\/2022\/04\/unibet-300x169.jpg 300w, https:\/\/parier-presidentielle.com\/wp-content\/uploads\/2022\/04\/unibet-1024x576.jpg 1024w, https:\/\/parier-presidentielle.com\/wp-content\/uploads\/2022\/04\/unibet-768x432.jpg 768w, https:\/\/parier-presidentielle.com\/wp-content\/uploads\/2022\/04\/unibet-18x10.jpg 18w, https:\/\/parier-presidentielle.com\/wp-content\/uploads\/2022\/04\/unibet.jpg 1280w\" sizes=\"(max-width: 300px) 100vw, 300px\" \/><\/a><\/figure><\/div>\n\n\n<p>Keresse meg a Wikit, az alapvet\u0151 politikai h\u00edreket a kannabiszr\u00f3l \u00e9s leg\u00e1lis sz\u00e1rmaz\u00e9kair\u00f3l: <strong>HHC, H4cbd, Thcp, Thcv, HSD, HHCPO, C4B<\/strong><\/p>\n\n\n\n<p><\/p>\n<div id=\"toc_container\" class=\"no_bullets\"><p class=\"toc_title\">Tartalom<\/p><ul class=\"toc_list\"><ul><li><\/li><\/ul><\/li><li><ul><li><\/li><li><\/li><li><ul><li><\/li><\/ul><\/li><li><\/li><li><ul><li><ul><li><\/li><\/ul><\/li><li><\/li><li><\/li><\/ul><\/li><\/ul><\/li><\/ul><\/div>","protected":false},"excerpt":{"rendered":"<p>Le guide pour parier sur le candidat Fran\u00e7ois Asselineau en 2022, retrouver les meilleurs cotes selon les bookmakers : Unibet, Bwin&#8230; Parier sur Francois Asselineau en 2022? Notre analyse, cotes et pronostics! Parier sur Francois Asselineau en 2022 : analyse, cotes et pronostics Francois Asselineau, fondateur et pr\u00e9sident de l&#8217;Union Populaire R\u00e9publicaine (UPR), est un &#8230;<\/p>","protected":false},"author":1,"featured_media":0,"parent":0,"menu_order":0,"comment_status":"closed","ping_status":"closed","template":"page-nosidebar.php","meta":{"footnotes":""},"yoast_head":"<!-- This site is optimized with the Yoast SEO Premium plugin v21.0 (Yoast SEO v21.0) - https:\/\/yoast.com\/wordpress\/plugins\/seo\/ -->\n<title>Asselineau Bookmakers : Paris, Cote et Pronostics - Finale Coupe du Monde FIFA<\/title>\n<meta name=\"description\" content=\"Pariez sur Asselineau pour l&#039;Election 2022 : Cliquez Ici et Gagnez Gros! Pronostics ,Comparaison des Bookmakers et des meilleurs Cotes.\" \/>\n<meta name=\"robots\" content=\"index, follow, max-snippet:-1, max-image-preview:large, max-video-preview:-1\" \/>\n<link rel=\"canonical\" href=\"https:\/\/parier-presidentielle.com\/hu\/asselineau-bukmekerek\/\" \/>\n<meta property=\"og:locale\" content=\"hu_HU\" \/>\n<meta property=\"og:type\" content=\"article\" \/>\n<meta property=\"og:title\" content=\"Asselineau Bookmakers : Paris, Cote et Pronostics\" \/>\n<meta property=\"og:description\" content=\"Pariez sur Asselineau pour l&#039;Election 2022 : Cliquez Ici et Gagnez Gros! Pronostics ,Comparaison des Bookmakers et des meilleurs Cotes.\" \/>\n<meta property=\"og:url\" content=\"https:\/\/parier-presidentielle.com\/hu\/asselineau-bukmekerek\/\" \/>\n<meta property=\"og:site_name\" content=\"Parier Pr\u00e9sidentielle\" \/>\n<meta property=\"article:modified_time\" content=\"2023-01-24T17:49:06+00:00\" \/>\n<meta name=\"twitter:card\" content=\"summary_large_image\" \/>\n<meta name=\"twitter:label1\" content=\"Est. reading time\" \/>\n\t<meta name=\"twitter:data1\" content=\"2 perc\" \/>\n<script type=\"application\/ld+json\" class=\"yoast-schema-graph\">{\"@context\":\"https:\/\/schema.org\",\"@graph\":[{\"@type\":\"WebPage\",\"@id\":\"https:\/\/parier-presidentielle.com\/asselineau-bookmakers\/\",\"url\":\"https:\/\/parier-presidentielle.com\/asselineau-bookmakers\/\",\"name\":\"Asselineau Bookmakers : Paris, Cote et Pronostics - Finale Coupe du Monde FIFA\",\"isPartOf\":{\"@id\":\"https:\/\/parier-presidentielle.com\/#website\"},\"datePublished\":\"2021-09-13T12:41:45+00:00\",\"dateModified\":\"2023-01-24T17:49:06+00:00\",\"description\":\"Pariez sur Asselineau pour l'Election 2022 : Cliquez Ici et Gagnez Gros! Pronostics ,Comparaison des Bookmakers et des meilleurs Cotes.\",\"breadcrumb\":{\"@id\":\"https:\/\/parier-presidentielle.com\/asselineau-bookmakers\/#breadcrumb\"},\"inLanguage\":\"hu\",\"potentialAction\":[{\"@type\":\"ReadAction\",\"target\":[\"https:\/\/parier-presidentielle.com\/asselineau-bookmakers\/\"]}]},{\"@type\":\"BreadcrumbList\",\"@id\":\"https:\/\/parier-presidentielle.com\/asselineau-bookmakers\/#breadcrumb\",\"itemListElement\":[{\"@type\":\"ListItem\",\"position\":1,\"name\":\"Accueil\",\"item\":\"https:\/\/parier-presidentielle.com\/\"},{\"@type\":\"ListItem\",\"position\":2,\"name\":\"Asselineau Bookmakers : Paris, Cote et Pronostics\"}]},{\"@type\":\"WebSite\",\"@id\":\"https:\/\/parier-presidentielle.com\/#website\",\"url\":\"https:\/\/parier-presidentielle.com\/\",\"name\":\"Parier Pr\u00e9sidentielle\",\"description\":\"Paris, Pronostics, Wiki sur la Politique, les Elections Am\u00e9ricaines: Joe Biden, Donald Trump avec les Bookmakers en ligne Unibet, Bwin, Betclic, Winamax\",\"potentialAction\":[{\"@type\":\"SearchAction\",\"target\":{\"@type\":\"EntryPoint\",\"urlTemplate\":\"https:\/\/parier-presidentielle.com\/?s={search_term_string}\"},\"query-input\":\"required name=search_term_string\"}],\"inLanguage\":\"hu\"}]}<\/script>\n<!-- \/ Yoast SEO Premium plugin. -->","yoast_head_json":{"title":"Asselineau Bookmakers : Paris, Cote et Pronostics - Finale Coupe du Monde FIFA","description":"Pariez sur Asselineau pour l'Election 2022 : Cliquez Ici et Gagnez Gros! Pronostics ,Comparaison des Bookmakers et des meilleurs Cotes.","robots":{"index":"index","follow":"follow","max-snippet":"max-snippet:-1","max-image-preview":"max-image-preview:large","max-video-preview":"max-video-preview:-1"},"canonical":"https:\/\/parier-presidentielle.com\/hu\/asselineau-bukmekerek\/","og_locale":"hu_HU","og_type":"article","og_title":"Asselineau Bookmakers : Paris, Cote et Pronostics","og_description":"Pariez sur Asselineau pour l'Election 2022 : Cliquez Ici et Gagnez Gros! Pronostics ,Comparaison des Bookmakers et des meilleurs Cotes.","og_url":"https:\/\/parier-presidentielle.com\/hu\/asselineau-bukmekerek\/","og_site_name":"Parier Pr\u00e9sidentielle","article_modified_time":"2023-01-24T17:49:06+00:00","twitter_card":"summary_large_image","twitter_misc":{"Est. reading time":"2 perc"},"schema":{"@context":"https:\/\/schema.org","@graph":[{"@type":"WebPage","@id":"https:\/\/parier-presidentielle.com\/asselineau-bookmakers\/","url":"https:\/\/parier-presidentielle.com\/asselineau-bookmakers\/","name":"Asselineau Bookmakers : Paris, Cote et Pronostics - Finale Coupe du Monde FIFA","isPartOf":{"@id":"https:\/\/parier-presidentielle.com\/#website"},"datePublished":"2021-09-13T12:41:45+00:00","dateModified":"2023-01-24T17:49:06+00:00","description":"Pariez sur Asselineau pour l'Election 2022 : Cliquez Ici et Gagnez Gros! Pronostics ,Comparaison des Bookmakers et des meilleurs Cotes.","breadcrumb":{"@id":"https:\/\/parier-presidentielle.com\/asselineau-bookmakers\/#breadcrumb"},"inLanguage":"hu","potentialAction":[{"@type":"ReadAction","target":["https:\/\/parier-presidentielle.com\/asselineau-bookmakers\/"]}]},{"@type":"BreadcrumbList","@id":"https:\/\/parier-presidentielle.com\/asselineau-bookmakers\/#breadcrumb","itemListElement":[{"@type":"ListItem","position":1,"name":"Accueil","item":"https:\/\/parier-presidentielle.com\/"},{"@type":"ListItem","position":2,"name":"Asselineau Bookmakers : Paris, Cote et Pronostics"}]},{"@type":"WebSite","@id":"https:\/\/parier-presidentielle.com\/#website","url":"https:\/\/parier-presidentielle.com\/","name":"Parier Pr\u00e9sidentielle","description":"Paris, Pronostics, Wiki sur la Politique, les Elections Am\u00e9ricaines: Joe Biden, Donald Trump avec les Bookmakers en ligne Unibet, Bwin, Betclic, Winamax","potentialAction":[{"@type":"SearchAction","target":{"@type":"EntryPoint","urlTemplate":"https:\/\/parier-presidentielle.com\/?s={search_term_string}"},"query-input":"required name=search_term_string"}],"inLanguage":"hu"}]}},"_links":{"self":[{"href":"https:\/\/parier-presidentielle.com\/hu\/wp-json\/wp\/v2\/pages\/163"}],"collection":[{"href":"https:\/\/parier-presidentielle.com\/hu\/wp-json\/wp\/v2\/pages"}],"about":[{"href":"https:\/\/parier-presidentielle.com\/hu\/wp-json\/wp\/v2\/types\/page"}],"author":[{"embeddable":true,"href":"https:\/\/parier-presidentielle.com\/hu\/wp-json\/wp\/v2\/users\/1"}],"replies":[{"embeddable":true,"href":"https:\/\/parier-presidentielle.com\/hu\/wp-json\/wp\/v2\/comments?post=163"}],"version-history":[{"count":22,"href":"https:\/\/parier-presidentielle.com\/hu\/wp-json\/wp\/v2\/pages\/163\/revisions"}],"predecessor-version":[{"id":1915,"href":"https:\/\/parier-presidentielle.com\/hu\/wp-json\/wp\/v2\/pages\/163\/revisions\/1915"}],"wp:attachment":[{"href":"https:\/\/parier-presidentielle.com\/hu\/wp-json\/wp\/v2\/media?parent=163"}],"curies":[{"name":"wp","href":"https:\/\/api.w.org\/{rel}","templated":true}]}}