{"id":1671,"date":"2022-10-26T14:33:37","date_gmt":"2022-10-26T12:33:37","guid":{"rendered":"https:\/\/parier-presidentielle.com\/?page_id=1671"},"modified":"2022-10-26T21:53:57","modified_gmt":"2022-10-26T19:53:57","slug":"cotes-bookmakers-second-tour-elections-bresiliennes-lula-bolsonaro","status":"publish","type":"page","link":"https:\/\/parier-presidentielle.com\/hu\/odds-bukmekerek-masodik-kor-brazil-valasztasok-lula-bolsonaro\/","title":{"rendered":"A bukm\u00e9kerek es\u00e9lyei a brazil v\u00e1laszt\u00e1sok m\u00e1sodik fordul\u00f3j\u00e1ra Lula \u00e9s Bolsonaro k\u00f6z\u00f6tt"},"content":{"rendered":"<figure class=\"wp-block-image size-large is-style-default\"><img decoding=\"async\" loading=\"lazy\" width=\"1024\" height=\"512\" src=\"https:\/\/parier-presidentielle.com\/wp-content\/uploads\/2022\/10\/lula-bolsonaro-1024x512.jpg\" alt=\"Az \u00fajrav\u00e1laszt\u00e1sra indul\u00f3 kor\u00e1bbi brazil eln\u00f6k, Luiz Inacio Lula da Silva (balra) a brazil Sao Paul\u00f3ban jelenik meg 2022. j\u00falius 3-\u00e1n, a brazil eln\u00f6k pedig Jair Bolsonaro, jobbra, r\u00e9szt vesz egy tal\u00e1lkoz\u00f3n 2022. j\u00fanius 9-\u00e9n Los Angelesben. A brazilok okt\u00f3berben mennek el szavazni, \u00e9s v\u00e1laszthatnak Bolsonaro \u00fajrav\u00e1laszt\u00e1sa vagy da Silva volt eln\u00f6k vissza\u00e1ll\u00edt\u00e1sa k\u00f6z\u00f6tt.\" class=\"wp-image-1675\" srcset=\"https:\/\/parier-presidentielle.com\/wp-content\/uploads\/2022\/10\/lula-bolsonaro-1024x512.jpg 1024w, https:\/\/parier-presidentielle.com\/wp-content\/uploads\/2022\/10\/lula-bolsonaro-300x150.jpg 300w, https:\/\/parier-presidentielle.com\/wp-content\/uploads\/2022\/10\/lula-bolsonaro-768x384.jpg 768w, https:\/\/parier-presidentielle.com\/wp-content\/uploads\/2022\/10\/lula-bolsonaro-18x9.jpg 18w, https:\/\/parier-presidentielle.com\/wp-content\/uploads\/2022\/10\/lula-bolsonaro.jpg 1440w\" sizes=\"(max-width: 1024px) 100vw, 1024px\" \/><\/figure>\n\n\n\n<p><\/p>\n\n\n\n<h2 class=\"wp-block-heading\">Fogadjon a gy\u0151zelemre a Lula vagy a Bolsonaro m\u00e1sodik fordul\u00f3j\u00e1ban<\/h2>\n\n\n\n<p><br>A v\u00e1laszt\u00e1sok sor\u00e1n t\u00f6bb k\u00fclf\u00f6ld\u00f6n bejegyzett online fogad\u00f3irod\u00e1ban is enged\u00e9lyezt\u00e9k az embereknek olyan \u00f6sszegek fogad\u00e1s\u00e1t, amelyekr\u0151l azt hitt\u00e9k, hogy egy bizonyos jel\u00f6lt nyer a brazil eln\u00f6kv\u00e1laszt\u00e1son, \u00e9s ha igazuk volt, akkor p\u00e9nz\u00fcgyi megt\u00e9r\u00fcl\u00e9st is nyerhet a megtett \u00f6sszegb\u0151l. Mivel ezeknek a c\u00e9geknek az alapja vesz\u00e9lyben van, a fogad\u00e1si hozamra vonatkoz\u00f3 sz\u00e1m\u00edt\u00e1saik \u00f6sszetettek, \u00e9s sz\u00e1mos olyan t\u00e9nyez\u0151t figyelembe vesznek, amelyek minimaliz\u00e1lhatj\u00e1k a vesztes\u00e9geket.<\/p>\n\n\n\n<p>A VEJA F\u00e1bio Machado professzor, az USP Matematikai \u00e9s Statisztikai Int\u00e9zet statisztikai oszt\u00e1ly\u00e1nak vezet\u0151je seg\u00edts\u00e9g\u00e9vel hat szerencsej\u00e1t\u00e9k-t\u00e1rsas\u00e1g k\u00f6r\u00e9ben v\u00e9gzett felm\u00e9r\u00e9st, \u00e9s az adatok szerd\u00e1n 5-11 \u00f3ra k\u00f6z\u00f6tt \u00e9rhet\u0151k el a weboldalon, megmutatva, hogy h\u00e1ny szerencsej\u00e1t\u00e9k-t\u00e1rsas\u00e1g. minden jel\u00f6lt hozz\u00e1vet\u0151leges es\u00e9lye. Ez azt mutatja, hogy \u00e1tlagosan Luiz In\u00e1cio Lula da Silv\u00e1nak 69,3 % es\u00e9lye van a m\u00e1sodik fordul\u00f3 megnyer\u00e9s\u00e9re, m\u00edg Jair Bolsonaronak 30,6 % es\u00e9lye van a m\u00e1sodik fordul\u00f3 megnyer\u00e9s\u00e9re.<\/p>\n\n\n\n<p>A kaszin\u00f3k az \u00e1ltaluk szorz\u00f3knak nevezett fogad\u00e1sok kisz\u00e1m\u00edt\u00e1s\u00e1nak m\u00f3dszer\u00e9t haszn\u00e1lj\u00e1k, ami val\u00f3j\u00e1ban nem m\u00e1s, mint egy t\u00f6bbsz\u00f6r\u00f6s, amely befoly\u00e1solja a t\u00e9t \u00f6sszeg\u00e9t, amikor eltal\u00e1lja a labd\u00e1t. Az Unibetn\u00e9l p\u00e9ld\u00e1ul minden Lula jel\u00f6lt gy\u0151zelm\u00e9re tett 1 eur\u00f3s fogad\u00e1s ut\u00e1n a fogad\u00f3 1,33 eur\u00f3t nyer, ha megnyeri a v\u00e1laszt\u00e1sokat, \u00e9s 3,25 eur\u00f3t fogad\u00e1s \u00e9s Bolsonaro eset\u00e9n, ami azt jelenti, hogy a fogad\u00f3irod\u00e1k val\u00f3sz\u00edn\u0171bbnek tartj\u00e1k az esem\u00e9nyt. .<\/p>\n\n\n\n<p>\u201eA bukm\u00e9kerek matematik\u00e1ja \u00e9rtelmez\u00e9st is mag\u00e1ban foglal, ami a matematika \u00e9s a tal\u00e1lgat\u00e1s k\u00f6z\u00f6tt van, de benne van a p\u00e9nz\u00fck, ez\u00e9rt igyekeznek k\u00f6zelebb hozni az \u00e9rt\u00e9ket a val\u00f3s\u00e1ghoz. A j\u00e1t\u00e9kosok logik\u00e1ja \u00e9s a polg\u00e1rok lelkesed\u00e9se m\u00e1st mutat\u201d \u2013 mondta Machado.<\/p>\n\n\n\n<h2 class=\"wp-block-heading\">Bukm\u00e9kerek es\u00e9lyei <\/h2>\n\n\n\n<p>A h\u00e1zak nem hat\u00e1rozt\u00e1k meg, hogyan sz\u00e1m\u00edtj\u00e1k ki az \u00e9rt\u00e9kel\u00e9seiket, \u00edgy a VEJA felm\u00e9r\u00e9shez az egyes telephelyeken el\u00e9rhet\u0151 sz\u00e1madatok alapj\u00e1n durva el\u0151rejelz\u00e9seket k\u00e9sz\u00edtettek. \u201eA statisztika 0-t\u00f3l 1-ig terjed\u0151 val\u00f3sz\u00edn\u0171s\u00e9gi \u00e9rt\u00e9keken dolgozik. Egy jel\u00f6lt nyer\u00e9si es\u00e9lye a szorz\u00f3k ford\u00edtottja, ez\u00e9rt az \u201eegy\u201d sz\u00e1mot elosztom egy \u201ep\u00e1ratlan\u201d \u00e9rt\u00e9kkel. Az els\u0151 p\u00e9ld\u00e1ban k\u00e9t jel\u00f6lt Az \u00f6sszeg 1,059. Sok esetben ezt a 0,059-es t\u00f6bbletet Juice-nak h\u00edvj\u00e1k, vagyis azt, hogy mennyit nyert a h\u00e1z a fogad\u00e1son\u201d \u2013 mondta Machado. \u201eA sz\u00e1zal\u00e9kok meghat\u00e1roz\u00e1s\u00e1hoz a h\u00e1z teljes\u00edtm\u00e9ny\u00e9t vettem, \u00e9s kidolgoztam egy h\u00e1rom szab\u00e1lyt, hogy megn\u00e9zzem, hogyan egyeznek az egyes jel\u00f6ltek eredm\u00e9nyei<\/p>","protected":false},"excerpt":{"rendered":"<p>Parier sur la victoire au second tour de Lula ou Bolsonaro Au cours de ces \u00e9lections, plusieurs bookmakers en ligne enregistr\u00e9s \u00e0 l&#8217;\u00e9tranger ont permis aux gens de parier des montants qu&#8217;ils pensaient qu&#8217;un certain candidat gagnerait \u00e0 l&#8217;\u00e9lection pr\u00e9sidentielle br\u00e9silienne, et s&#8217;ils avaient raison, pourraient gagner un retour financier sur le montant mis\u00e9. \u00c9tant &#8230;<\/p>","protected":false},"author":1,"featured_media":0,"parent":0,"menu_order":0,"comment_status":"closed","ping_status":"closed","template":"page-nosidebar.php","meta":{"footnotes":""},"yoast_head":"<!-- This site is optimized with the Yoast SEO Premium plugin v21.0 (Yoast SEO v21.0) - https:\/\/yoast.com\/wordpress\/plugins\/seo\/ -->\n<title>Les cotes des bookmakers pour le 2e tour des \u00e9lections br\u00e9siliennes entre Lula et Bolsonaro - Finale Coupe du Monde FIFA<\/title>\n<meta name=\"robots\" content=\"index, follow, max-snippet:-1, max-image-preview:large, max-video-preview:-1\" \/>\n<link rel=\"canonical\" href=\"https:\/\/parier-presidentielle.com\/hu\/odds-bukmekerek-masodik-kor-brazil-valasztasok-lula-bolsonaro\/\" \/>\n<meta property=\"og:locale\" content=\"hu_HU\" \/>\n<meta property=\"og:type\" content=\"article\" \/>\n<meta property=\"og:title\" content=\"Les cotes des bookmakers pour le 2e tour des \u00e9lections br\u00e9siliennes entre Lula et Bolsonaro\" \/>\n<meta property=\"og:description\" content=\"Parier sur la victoire au second tour de Lula ou Bolsonaro Au cours de ces \u00e9lections, plusieurs bookmakers en ligne enregistr\u00e9s \u00e0 l&#8217;\u00e9tranger ont permis aux gens de parier des montants qu&#8217;ils pensaient qu&#8217;un certain candidat gagnerait \u00e0 l&#8217;\u00e9lection pr\u00e9sidentielle br\u00e9silienne, et s&#8217;ils avaient raison, pourraient gagner un retour financier sur le montant mis\u00e9. \u00c9tant ...\" \/>\n<meta property=\"og:url\" content=\"https:\/\/parier-presidentielle.com\/hu\/odds-bukmekerek-masodik-kor-brazil-valasztasok-lula-bolsonaro\/\" \/>\n<meta property=\"og:site_name\" content=\"Parier Pr\u00e9sidentielle\" \/>\n<meta property=\"article:modified_time\" content=\"2022-10-26T19:53:57+00:00\" \/>\n<meta property=\"og:image\" content=\"https:\/\/parier-presidentielle.com\/wp-content\/uploads\/2022\/10\/lula-bolsonaro-1024x512.jpg\" \/>\n<meta name=\"twitter:card\" content=\"summary_large_image\" \/>\n<meta name=\"twitter:label1\" content=\"Est. reading time\" \/>\n\t<meta name=\"twitter:data1\" content=\"2 perc\" \/>\n<script type=\"application\/ld+json\" class=\"yoast-schema-graph\">{\"@context\":\"https:\/\/schema.org\",\"@graph\":[{\"@type\":\"WebPage\",\"@id\":\"https:\/\/parier-presidentielle.com\/cotes-bookmakers-second-tour-elections-bresiliennes-lula-bolsonaro\/\",\"url\":\"https:\/\/parier-presidentielle.com\/cotes-bookmakers-second-tour-elections-bresiliennes-lula-bolsonaro\/\",\"name\":\"Les cotes des bookmakers pour le 2e tour des \u00e9lections br\u00e9siliennes entre Lula et Bolsonaro - Finale Coupe du Monde FIFA\",\"isPartOf\":{\"@id\":\"https:\/\/parier-presidentielle.com\/#website\"},\"datePublished\":\"2022-10-26T12:33:37+00:00\",\"dateModified\":\"2022-10-26T19:53:57+00:00\",\"breadcrumb\":{\"@id\":\"https:\/\/parier-presidentielle.com\/cotes-bookmakers-second-tour-elections-bresiliennes-lula-bolsonaro\/#breadcrumb\"},\"inLanguage\":\"hu\",\"potentialAction\":[{\"@type\":\"ReadAction\",\"target\":[\"https:\/\/parier-presidentielle.com\/cotes-bookmakers-second-tour-elections-bresiliennes-lula-bolsonaro\/\"]}]},{\"@type\":\"BreadcrumbList\",\"@id\":\"https:\/\/parier-presidentielle.com\/cotes-bookmakers-second-tour-elections-bresiliennes-lula-bolsonaro\/#breadcrumb\",\"itemListElement\":[{\"@type\":\"ListItem\",\"position\":1,\"name\":\"Accueil\",\"item\":\"https:\/\/parier-presidentielle.com\/\"},{\"@type\":\"ListItem\",\"position\":2,\"name\":\"Les cotes des bookmakers pour le 2e tour des \u00e9lections br\u00e9siliennes entre Lula et Bolsonaro\"}]},{\"@type\":\"WebSite\",\"@id\":\"https:\/\/parier-presidentielle.com\/#website\",\"url\":\"https:\/\/parier-presidentielle.com\/\",\"name\":\"Parier Pr\u00e9sidentielle\",\"description\":\"Paris, Pronostics, Wiki sur la Politique, les Elections Am\u00e9ricaines: Joe Biden, Donald Trump avec les Bookmakers en ligne Unibet, Bwin, Betclic, Winamax\",\"potentialAction\":[{\"@type\":\"SearchAction\",\"target\":{\"@type\":\"EntryPoint\",\"urlTemplate\":\"https:\/\/parier-presidentielle.com\/?s={search_term_string}\"},\"query-input\":\"required name=search_term_string\"}],\"inLanguage\":\"hu\"}]}<\/script>\n<!-- \/ Yoast SEO Premium plugin. -->","yoast_head_json":{"title":"Les cotes des bookmakers pour le 2e tour des \u00e9lections br\u00e9siliennes entre Lula et Bolsonaro - Finale Coupe du Monde FIFA","robots":{"index":"index","follow":"follow","max-snippet":"max-snippet:-1","max-image-preview":"max-image-preview:large","max-video-preview":"max-video-preview:-1"},"canonical":"https:\/\/parier-presidentielle.com\/hu\/odds-bukmekerek-masodik-kor-brazil-valasztasok-lula-bolsonaro\/","og_locale":"hu_HU","og_type":"article","og_title":"Les cotes des bookmakers pour le 2e tour des \u00e9lections br\u00e9siliennes entre Lula et Bolsonaro","og_description":"Parier sur la victoire au second tour de Lula ou Bolsonaro Au cours de ces \u00e9lections, plusieurs bookmakers en ligne enregistr\u00e9s \u00e0 l&#8217;\u00e9tranger ont permis aux gens de parier des montants qu&#8217;ils pensaient qu&#8217;un certain candidat gagnerait \u00e0 l&#8217;\u00e9lection pr\u00e9sidentielle br\u00e9silienne, et s&#8217;ils avaient raison, pourraient gagner un retour financier sur le montant mis\u00e9. \u00c9tant ...","og_url":"https:\/\/parier-presidentielle.com\/hu\/odds-bukmekerek-masodik-kor-brazil-valasztasok-lula-bolsonaro\/","og_site_name":"Parier Pr\u00e9sidentielle","article_modified_time":"2022-10-26T19:53:57+00:00","og_image":[{"url":"https:\/\/parier-presidentielle.com\/wp-content\/uploads\/2022\/10\/lula-bolsonaro-1024x512.jpg"}],"twitter_card":"summary_large_image","twitter_misc":{"Est. reading time":"2 perc"},"schema":{"@context":"https:\/\/schema.org","@graph":[{"@type":"WebPage","@id":"https:\/\/parier-presidentielle.com\/cotes-bookmakers-second-tour-elections-bresiliennes-lula-bolsonaro\/","url":"https:\/\/parier-presidentielle.com\/cotes-bookmakers-second-tour-elections-bresiliennes-lula-bolsonaro\/","name":"Les cotes des bookmakers pour le 2e tour des \u00e9lections br\u00e9siliennes entre Lula et Bolsonaro - Finale Coupe du Monde FIFA","isPartOf":{"@id":"https:\/\/parier-presidentielle.com\/#website"},"datePublished":"2022-10-26T12:33:37+00:00","dateModified":"2022-10-26T19:53:57+00:00","breadcrumb":{"@id":"https:\/\/parier-presidentielle.com\/cotes-bookmakers-second-tour-elections-bresiliennes-lula-bolsonaro\/#breadcrumb"},"inLanguage":"hu","potentialAction":[{"@type":"ReadAction","target":["https:\/\/parier-presidentielle.com\/cotes-bookmakers-second-tour-elections-bresiliennes-lula-bolsonaro\/"]}]},{"@type":"BreadcrumbList","@id":"https:\/\/parier-presidentielle.com\/cotes-bookmakers-second-tour-elections-bresiliennes-lula-bolsonaro\/#breadcrumb","itemListElement":[{"@type":"ListItem","position":1,"name":"Accueil","item":"https:\/\/parier-presidentielle.com\/"},{"@type":"ListItem","position":2,"name":"Les cotes des bookmakers pour le 2e tour des \u00e9lections br\u00e9siliennes entre Lula et Bolsonaro"}]},{"@type":"WebSite","@id":"https:\/\/parier-presidentielle.com\/#website","url":"https:\/\/parier-presidentielle.com\/","name":"Parier Pr\u00e9sidentielle","description":"Paris, Pronostics, Wiki sur la Politique, les Elections Am\u00e9ricaines: Joe Biden, Donald Trump avec les Bookmakers en ligne Unibet, Bwin, Betclic, Winamax","potentialAction":[{"@type":"SearchAction","target":{"@type":"EntryPoint","urlTemplate":"https:\/\/parier-presidentielle.com\/?s={search_term_string}"},"query-input":"required name=search_term_string"}],"inLanguage":"hu"}]}},"_links":{"self":[{"href":"https:\/\/parier-presidentielle.com\/hu\/wp-json\/wp\/v2\/pages\/1671"}],"collection":[{"href":"https:\/\/parier-presidentielle.com\/hu\/wp-json\/wp\/v2\/pages"}],"about":[{"href":"https:\/\/parier-presidentielle.com\/hu\/wp-json\/wp\/v2\/types\/page"}],"author":[{"embeddable":true,"href":"https:\/\/parier-presidentielle.com\/hu\/wp-json\/wp\/v2\/users\/1"}],"replies":[{"embeddable":true,"href":"https:\/\/parier-presidentielle.com\/hu\/wp-json\/wp\/v2\/comments?post=1671"}],"version-history":[{"count":4,"href":"https:\/\/parier-presidentielle.com\/hu\/wp-json\/wp\/v2\/pages\/1671\/revisions"}],"predecessor-version":[{"id":1681,"href":"https:\/\/parier-presidentielle.com\/hu\/wp-json\/wp\/v2\/pages\/1671\/revisions\/1681"}],"wp:attachment":[{"href":"https:\/\/parier-presidentielle.com\/hu\/wp-json\/wp\/v2\/media?parent=1671"}],"curies":[{"name":"wp","href":"https:\/\/api.w.org\/{rel}","templated":true}]}}