{"id":1956,"date":"2023-03-20T17:03:39","date_gmt":"2023-03-20T16:03:39","guid":{"rendered":"https:\/\/parier-presidentielle.com\/?page_id=1956"},"modified":"2023-06-02T11:27:55","modified_gmt":"2023-06-02T09:27:55","slug":"donald-trump-sur-le-marche-du-cannabis-et-du-hhc","status":"publish","type":"page","link":"https:\/\/parier-presidentielle.com\/hu\/donald-trump-a-kannabis-es-hhc-piacon\/","title":{"rendered":"Donald Trump hat\u00e1sa a kannabisz- \u00e9s a HHC-piacra"},"content":{"rendered":"<p>Donald Trump 2016-os amerikai eln\u00f6ki beiktat\u00e1sa \u00f3ta a kannabisz \u00e9s a kannabiszipar <a href=\"https:\/\/wikihhc.com\/en\/\" target=\"_blank\" rel=\"noreferrer noopener\">HHC<\/a> (kenderb\u0151l sz\u00e1rmaz\u00f3 kannabinoid) folyamatosan fejl\u0151dik. Az eln\u00f6k nyilatkozatai \u00e9s v\u00e9grehajtott politik\u00e1i jelent\u0151s hat\u00e1ssal voltak erre a n\u00f6vekv\u0151 piacra. Ebben a cikkben megvizsg\u00e1ljuk Trump kulcsfontoss\u00e1g\u00fa d\u00f6nt\u00e9seit, \u00e9s azt, hogy ezek hogyan befoly\u00e1solj\u00e1k a kannabisz- \u00e9s a HHC-ipar j\u00f6v\u0151j\u00e9t. Sz\u00e1mos webhely k\u00edn\u00e1l kedvezm\u00e9nyeket <a href=\"https:\/\/wikihhc.com\/site\/weecl\/code-promo-coupon-bon-de-reduction-weecl\/\">A CBD \u00e9s a HHC, mint a Weecl prom\u00f3ci\u00f3s k\u00f3dokkal<\/a>.<\/p>\n\n\n\n<h2 class=\"wp-block-heading\"><span id=\"la-position-initiale-de-trump-sur-le-cannabis\">Trump kezdeti \u00e1ll\u00e1spontja a kannabiszr\u00f3l<\/span><\/h2>\n\n\n\n<p>Donald Trump 2016-os v\u00e1laszt\u00e1si kamp\u00e1nya sor\u00e1n meglehet\u0151sen hom\u00e1lyos \u00e1ll\u00e1spontot foglalt el a kannabisz k\u00e9rd\u00e9s\u00e9ben. Szerinte a k\u00e9rd\u00e9st az egyes \u00e1llamoknak kell megoldaniuk, \u00e9s nem ellenzi a kannabisz gy\u00f3gy\u00e1szati felhaszn\u00e1l\u00e1s\u00e1t. Ugyanakkor aggodalm\u00e1nak adott hangot a fiatalok k\u00f6r\u00e9ben megn\u00f6vekedett kannabiszhaszn\u00e1lat \u00e9s a k\u00f6zeg\u00e9szs\u00e9g\u00fcgyre gyakorolt lehets\u00e9ges negat\u00edv hat\u00e1sok miatt.<\/p>\n\n\n\n<h2 class=\"wp-block-heading\"><span id=\"la-nomination-de-jeff-sessions\">Jeff Sessions jel\u00f6l\u00e9se<\/span><\/h2>\n\n\n\n<p>Trump egyik els\u0151 d\u00f6nt\u00e9se a kannabisz kapcs\u00e1n Jeff Sessions f\u0151\u00fcgy\u00e9szi kinevez\u00e9se volt. Sessions arr\u00f3l volt ismert, hogy hat\u00e1rozottan ellenzi a kannabiszt, \u00e9s arr\u00f3l az \u00e1ll\u00e1spontj\u00e1r\u00f3l, hogy a kannabisz \u201evesz\u00e9lyes\u201d, \u00e9s \u201eminden\u00e1ron ker\u00fclni kell\u201d. Ez a kinevez\u00e9s aggodalomra adott okot a kannabisz- \u00e9s a HHC-iparban, \u00e9s sokan att\u00f3l tartottak, hogy ez a kannabisz-\u00fczlet\u00e1gak fokozott fell\u00e9p\u00e9s\u00e9hez vezet.<\/p>\n\n\n\n<h2 class=\"wp-block-heading\"><span id=\"le-rescrit-de-cole\">Cole Rescriptje<\/span><\/h2>\n\n\n\n<p>Trump m\u00e1sik fontos d\u00f6nt\u00e9se a Cole-d\u00f6nt\u00e9s 2018-as hat\u00e1lyon k\u00edv\u00fcl helyez\u00e9se volt. Az \u00edt\u00e9letet az Obama-korm\u00e1ny 2013-ban hozta \u00e9letbe, hogy \u00fatmutat\u00e1st adjon a sz\u00f6vets\u00e9gi \u00fcgy\u00e9szeknek a kannabiszt\u00f6rv\u00e9nyek kezel\u00e9s\u00e9hez azokban az \u00e1llamokban, amelyek legaliz\u00e1lt\u00e1k a kannabiszt orvosi \u00e9s rekre\u00e1ci\u00f3s c\u00e9lokra. . Az \u00edt\u00e9let hat\u00e1lyon k\u00edv\u00fcl helyez\u00e9s\u00e9t a kannabisz- \u00e9s a HHC-ipar jelent\u0151s visszal\u00e9p\u00e9s\u00e9nek tekintett\u00e9k, \u00e9s aggodalmakat v\u00e1ltott ki a kannabisz sz\u00f6vets\u00e9gi szint\u0171 fokozott v\u00e9grehajt\u00e1sa miatt.<\/p>\n\n\n\n<h2 class=\"wp-block-heading\"><span id=\"le-farm-bill-de-2018\">A 2018-as mez\u0151gazdas\u00e1gi t\u00f6rv\u00e9nyjavaslat<\/span><\/h2>\n\n\n\n<p>A kudarcok ellen\u00e9re a HHC ipar\u00e1g jelent\u0151s sikereket \u00e9rt el 2018-ban a Farm Bill r\u00e9v\u00e9n. Ez a t\u00f6rv\u00e9ny orsz\u00e1gosan legaliz\u00e1lta a 0,3 % THC-n\u00e1l kevesebbet tartalmaz\u00f3 kannabiszk\u00e9nt meghat\u00e1rozott ipari kender termeszt\u00e9s\u00e9t, termel\u00e9s\u00e9t \u00e9s \u00e9rt\u00e9kes\u00edt\u00e9s\u00e9t. A l\u00e9p\u00e9st \u00fcdv\u00f6z\u00f6lte a HHC ipar, amely r\u00e9g\u00f3ta t\u00f6rekedett a kender termeszt\u00e9s\u00e9nek legaliz\u00e1l\u00e1s\u00e1ra a CBD el\u0151\u00e1ll\u00edt\u00e1s\u00e1hoz.<\/p>\n\n\n\n<h2 class=\"wp-block-heading\"><span id=\"la-pandemie-de-covid-19\">A COVID-19 vil\u00e1gj\u00e1rv\u00e1ny<\/span><\/h2>\n\n\n\n<p>A COVID-19 vil\u00e1gj\u00e1rv\u00e1ny jelent\u0151s hat\u00e1ssal volt a kannabisz- \u00e9s a HHC-iparra is. Alapvet\u0151 \u00e1gazatk\u00e9nt sz\u00e1mos kannabisz-gy\u00f3gyszert\u00e1r \u00e9s \u00fczlet folytatta m\u0171k\u00f6d\u00e9s\u00e9t annak ellen\u00e9re, hogy m\u00e1s \u00e1gazatokban bez\u00e1rtak \u00fczleteket. A j\u00e1rv\u00e1ny azonban a kannabiszterm\u00e9kek ir\u00e1nti kereslet cs\u00f6kken\u00e9s\u00e9hez is vezetett, k\u00fcl\u00f6n\u00f6sen a fogyaszt\u00f3k k\u00f6r\u00e9ben.<\/p>\n\n\n\n<p>rekre\u00e1ci\u00f3s szerelmesek. Az utaz\u00e1si korl\u00e1toz\u00e1sok a kannabisz- \u00e9s a HHC-ipar ell\u00e1t\u00e1si l\u00e1ncait is \u00e9rintett\u00e9k, ami a termel\u00e9sben \u00e9s a forgalmaz\u00e1sban zavarokhoz vezetett.<\/p>\n\n\n\n<h2 class=\"wp-block-heading\"><span id=\"l8217avenir-de-l8217industrie-du-cannabis-et-du-hhc-sous-l8217administration-biden\">A kannabisz- \u00e9s HHC-ipar j\u00f6v\u0151je a Biden-korm\u00e1nyzat alatt<\/span><\/h2>\n\n\n\n<p>Joe Biden 2021 janu\u00e1ri beiktat\u00e1s\u00e1val <a href=\"https:\/\/wikihhc.com\/site\/\">a kannabisz- \u00e9s a HHC-ipar <\/a>v\u00e1rakoz\u00e1ssal tekint az ir\u00e1nyv\u00e1lt\u00e1s el\u00e9 a Trump-adminisztr\u00e1ci\u00f3 alatt v\u00e9grehajtott politik\u00e1khoz k\u00e9pest. Biden t\u00e1mogat\u00e1s\u00e1t fejezte ki a kannabisz orvosi felhaszn\u00e1l\u00e1s\u00e1nak legaliz\u00e1l\u00e1sa \u00e9s a kannabisz-b\u0171ncselekm\u00e9nyek miatti k\u00f6telez\u0151 b\u00fcntet\u00e9s megsz\u00fcntet\u00e9se mellett. Ugyanakkor azt is elmondta, hogy t\u00e1mogatni fogja a kannabisz jelenlegi besorol\u00e1s\u00e1t az I. list\u00e1n szerepl\u0151 anyagk\u00e9nt, ami azt jelenti, hogy nagy a vissza\u00e9l\u00e9s lehet\u0151s\u00e9ge, \u00e9s nincs \u00e9rv\u00e9nyes orvosi felhaszn\u00e1l\u00e1sa.<\/p>\n\n\n\n<p>A kannabisz- \u00e9s HHC-ipar j\u00f6v\u0151j\u00e9t illet\u0151en a Biden-korm\u00e1nyzat alatti bizonytalans\u00e1g ellen\u00e9re az ipar\u00e1g folyamatosan fejl\u0151dik, \u00e9s folyamatosan n\u00f6vekszik. Az \u00e1llamok tov\u00e1bbra is legaliz\u00e1lj\u00e1k a kannabiszt orvosi \u00e9s rekre\u00e1ci\u00f3s c\u00e9lokra, \u00e9s \u00faj HHC-c\u00e9gek j\u00f6nnek l\u00e9tre a CBD-term\u00e9kek ir\u00e1nti n\u00f6vekv\u0151 kereslet kiel\u00e9g\u00edt\u00e9s\u00e9re. A kannabisz- \u00e9s a HHC-ipar tov\u00e1bbra is n\u00f6vekv\u0151 \u00e1gazat, amely sz\u00e1mos lehet\u0151s\u00e9get k\u00edn\u00e1l a v\u00e1llalkoz\u00f3k \u00e9s a befektet\u0151k sz\u00e1m\u00e1ra.<\/p>\n\n\n\n<p>\u00d6sszefoglalva, Donald Trump hat\u00e1sa a kannabisz- \u00e9s a HHC-iparra jelent\u0151s volt, de tov\u00e1bbra is bizonytalans\u00e1gok vannak az ipar\u00e1g j\u00f6v\u0151j\u00e9t illet\u0151en a Biden-korm\u00e1ny alatt. Ennek ellen\u00e9re az ipar\u00e1g folyamatosan n\u00f6vekszik \u00e9s fejl\u0151dik, sz\u00e1mos lehet\u0151s\u00e9get k\u00edn\u00e1lva a v\u00e1llalkoz\u00e1soknak \u00e9s a befektet\u0151knek.<\/p>\n\n\n\n<p><\/p>\n\n\n\n<figure class=\"wp-block-embed is-type-video is-provider-youtube wp-block-embed-youtube wp-embed-aspect-16-9 wp-has-aspect-ratio\"><div class=\"wp-block-embed__wrapper\">\n<iframe loading=\"lazy\" title=\"Trump gy\u0151zelme: a kannabisztilalom v\u00e9ge fel\u00e9? - RTL - RTL\" width=\"640\" height=\"360\" src=\"https:\/\/www.youtube.com\/embed\/j5oDI7O_byY?feature=oembed\" frameborder=\"0\" allow=\"accelerometer; autoplay; clipboard-write; encrypted-media; gyroscope; picture-in-picture; web-share\" allowfullscreen><\/iframe>\n<\/div><\/figure>\n\n\n\n<p>GYIK:<\/p>\n\n\n\n<ol>\n<li>Mi az a HHC? A HHC (kenderb\u0151l sz\u00e1rmaz\u00f3 kannabinoid) egy ipari kenderb\u0151l sz\u00e1rmaz\u00f3 kannabinoidvegy\u00fclet, amely kevesebb, mint 0,3 % THC-t tartalmaz.<\/li>\n\n\n\n<li>Az Egyes\u00fclt \u00c1llamok mely \u00e1llamai legaliz\u00e1lt\u00e1k a kannabiszt? A mai napig az Egyes\u00fclt \u00c1llamok 36 \u00e1llam\u00e1ban legaliz\u00e1lt\u00e1k a kannabiszt gy\u00f3gy\u00e1szati c\u00e9lokra, \u00e9s 15 \u00e1llamban enged\u00e9lyezt\u00e9k a kannabiszt rekre\u00e1ci\u00f3s c\u00e9lokra.<\/li>\n\n\n\n<li>Milyen hat\u00e1ssal van a kannabisz I. list\u00e1n szerepl\u0151 anyagk\u00e9nt val\u00f3 besorol\u00e1sa? A kannabisz I. list\u00e1n szerepl\u0151 anyagk\u00e9nt val\u00f3 besorol\u00e1sa azt jelenti, hogy nagy a vissza\u00e9l\u00e9s lehet\u0151s\u00e9ge, \u00e9s nincs \u00e9rv\u00e9nyes gy\u00f3gy\u00e1szati felhaszn\u00e1l\u00e1sa, ami megnehez\u00edti a kutat\u00f3k sz\u00e1m\u00e1ra a gy\u00f3gy\u00e1szati tulajdons\u00e1gaira vonatkoz\u00f3 vizsg\u00e1latok elv\u00e9gz\u00e9s\u00e9t.<\/li>\n\n\n\n<li>Milyen fennakad\u00e1sokat okoz a kannabisztermel\u00e9sben a COVID-19 vil\u00e1gj\u00e1rv\u00e1ny? A COVID-19 vil\u00e1gj\u00e1rv\u00e1ny zavarokhoz vezetett a kannabisz- \u00e9s a HHC-ipar ell\u00e1t\u00e1si l\u00e1ncaiban, ami k\u00e9sedelmet okozott a termel\u00e9sben \u00e9s a forgalmaz\u00e1sban.<\/li>\n<\/ol>\n<div id=\"toc_container\" class=\"no_bullets\"><p class=\"toc_title\">Tartalom<\/p><ul class=\"toc_list\"><li><\/li><li><\/li><li><\/li><li><\/li><li><\/li><li><\/li><\/ul><\/div>","protected":false},"excerpt":{"rendered":"<p>Depuis l&#8217;investiture de Donald Trump \u00e0 la pr\u00e9sidence des \u00c9tats-Unis en 2016, l&#8217;industrie du cannabis et du HHC (Hemp-derived Cannabinoid) a \u00e9t\u00e9 en constante \u00e9volution. Les d\u00e9clarations du pr\u00e9sident et les politiques mises en place ont eu un impact significatif sur ce march\u00e9 en pleine expansion. Dans cet article, nous allons explorer les d\u00e9cisions cl\u00e9s &#8230;<\/p>","protected":false},"author":1,"featured_media":1959,"parent":0,"menu_order":0,"comment_status":"closed","ping_status":"closed","template":"page-nosidebar.php","meta":{"footnotes":""},"yoast_head":"<!-- This site is optimized with the Yoast SEO Premium plugin v21.0 (Yoast SEO v21.0) - https:\/\/yoast.com\/wordpress\/plugins\/seo\/ -->\n<title>L&#039;impact de Donald Trump sur le march\u00e9 du Cannabis et du HHC - Finale Coupe du Monde FIFA<\/title>\n<meta name=\"robots\" content=\"index, follow, max-snippet:-1, max-image-preview:large, max-video-preview:-1\" \/>\n<link rel=\"canonical\" href=\"https:\/\/parier-presidentielle.com\/hu\/donald-trump-a-kannabis-es-hhc-piacon\/\" \/>\n<meta property=\"og:locale\" content=\"hu_HU\" \/>\n<meta property=\"og:type\" content=\"article\" \/>\n<meta property=\"og:title\" content=\"L&#039;impact de Donald Trump sur le march\u00e9 du Cannabis et du HHC\" \/>\n<meta property=\"og:description\" content=\"Depuis l&#8217;investiture de Donald Trump \u00e0 la pr\u00e9sidence des \u00c9tats-Unis en 2016, l&#8217;industrie du cannabis et du HHC (Hemp-derived Cannabinoid) a \u00e9t\u00e9 en constante \u00e9volution. Les d\u00e9clarations du pr\u00e9sident et les politiques mises en place ont eu un impact significatif sur ce march\u00e9 en pleine expansion. Dans cet article, nous allons explorer les d\u00e9cisions cl\u00e9s ...\" \/>\n<meta property=\"og:url\" content=\"https:\/\/parier-presidentielle.com\/hu\/donald-trump-a-kannabis-es-hhc-piacon\/\" \/>\n<meta property=\"og:site_name\" content=\"Parier Pr\u00e9sidentielle\" \/>\n<meta property=\"article:modified_time\" content=\"2023-06-02T09:27:55+00:00\" \/>\n<meta property=\"og:image\" content=\"https:\/\/parier-presidentielle.com\/wp-content\/uploads\/2023\/03\/donald-trump-hhc-scaled.jpg\" \/>\n\t<meta property=\"og:image:width\" content=\"2560\" \/>\n\t<meta property=\"og:image:height\" content=\"1440\" \/>\n\t<meta property=\"og:image:type\" content=\"image\/jpeg\" \/>\n<meta name=\"twitter:card\" content=\"summary_large_image\" \/>\n<meta name=\"twitter:label1\" content=\"Est. reading time\" \/>\n\t<meta name=\"twitter:data1\" content=\"5 perc\" \/>\n<script type=\"application\/ld+json\" class=\"yoast-schema-graph\">{\"@context\":\"https:\/\/schema.org\",\"@graph\":[{\"@type\":\"WebPage\",\"@id\":\"https:\/\/parier-presidentielle.com\/donald-trump-sur-le-marche-du-cannabis-et-du-hhc\/\",\"url\":\"https:\/\/parier-presidentielle.com\/donald-trump-sur-le-marche-du-cannabis-et-du-hhc\/\",\"name\":\"L'impact de Donald Trump sur le march\u00e9 du Cannabis et du HHC - Finale Coupe du Monde FIFA\",\"isPartOf\":{\"@id\":\"https:\/\/parier-presidentielle.com\/#website\"},\"datePublished\":\"2023-03-20T16:03:39+00:00\",\"dateModified\":\"2023-06-02T09:27:55+00:00\",\"breadcrumb\":{\"@id\":\"https:\/\/parier-presidentielle.com\/donald-trump-sur-le-marche-du-cannabis-et-du-hhc\/#breadcrumb\"},\"inLanguage\":\"hu\",\"potentialAction\":[{\"@type\":\"ReadAction\",\"target\":[\"https:\/\/parier-presidentielle.com\/donald-trump-sur-le-marche-du-cannabis-et-du-hhc\/\"]}]},{\"@type\":\"BreadcrumbList\",\"@id\":\"https:\/\/parier-presidentielle.com\/donald-trump-sur-le-marche-du-cannabis-et-du-hhc\/#breadcrumb\",\"itemListElement\":[{\"@type\":\"ListItem\",\"position\":1,\"name\":\"Accueil\",\"item\":\"https:\/\/parier-presidentielle.com\/\"},{\"@type\":\"ListItem\",\"position\":2,\"name\":\"L&#8217;impact de Donald Trump sur le march\u00e9 du Cannabis et du HHC\"}]},{\"@type\":\"WebSite\",\"@id\":\"https:\/\/parier-presidentielle.com\/#website\",\"url\":\"https:\/\/parier-presidentielle.com\/\",\"name\":\"Parier Pr\u00e9sidentielle\",\"description\":\"Paris, Pronostics, Wiki sur la Politique, les Elections Am\u00e9ricaines: Joe Biden, Donald Trump avec les Bookmakers en ligne Unibet, Bwin, Betclic, Winamax\",\"potentialAction\":[{\"@type\":\"SearchAction\",\"target\":{\"@type\":\"EntryPoint\",\"urlTemplate\":\"https:\/\/parier-presidentielle.com\/?s={search_term_string}\"},\"query-input\":\"required name=search_term_string\"}],\"inLanguage\":\"hu\"}]}<\/script>\n<!-- \/ Yoast SEO Premium plugin. -->","yoast_head_json":{"title":"L'impact de Donald Trump sur le march\u00e9 du Cannabis et du HHC - Finale Coupe du Monde FIFA","robots":{"index":"index","follow":"follow","max-snippet":"max-snippet:-1","max-image-preview":"max-image-preview:large","max-video-preview":"max-video-preview:-1"},"canonical":"https:\/\/parier-presidentielle.com\/hu\/donald-trump-a-kannabis-es-hhc-piacon\/","og_locale":"hu_HU","og_type":"article","og_title":"L'impact de Donald Trump sur le march\u00e9 du Cannabis et du HHC","og_description":"Depuis l&#8217;investiture de Donald Trump \u00e0 la pr\u00e9sidence des \u00c9tats-Unis en 2016, l&#8217;industrie du cannabis et du HHC (Hemp-derived Cannabinoid) a \u00e9t\u00e9 en constante \u00e9volution. Les d\u00e9clarations du pr\u00e9sident et les politiques mises en place ont eu un impact significatif sur ce march\u00e9 en pleine expansion. Dans cet article, nous allons explorer les d\u00e9cisions cl\u00e9s ...","og_url":"https:\/\/parier-presidentielle.com\/hu\/donald-trump-a-kannabis-es-hhc-piacon\/","og_site_name":"Parier Pr\u00e9sidentielle","article_modified_time":"2023-06-02T09:27:55+00:00","og_image":[{"width":2560,"height":1440,"url":"https:\/\/parier-presidentielle.com\/wp-content\/uploads\/2023\/03\/donald-trump-hhc-scaled.jpg","type":"image\/jpeg"}],"twitter_card":"summary_large_image","twitter_misc":{"Est. reading time":"5 perc"},"schema":{"@context":"https:\/\/schema.org","@graph":[{"@type":"WebPage","@id":"https:\/\/parier-presidentielle.com\/donald-trump-sur-le-marche-du-cannabis-et-du-hhc\/","url":"https:\/\/parier-presidentielle.com\/donald-trump-sur-le-marche-du-cannabis-et-du-hhc\/","name":"L'impact de Donald Trump sur le march\u00e9 du Cannabis et du HHC - Finale Coupe du Monde FIFA","isPartOf":{"@id":"https:\/\/parier-presidentielle.com\/#website"},"datePublished":"2023-03-20T16:03:39+00:00","dateModified":"2023-06-02T09:27:55+00:00","breadcrumb":{"@id":"https:\/\/parier-presidentielle.com\/donald-trump-sur-le-marche-du-cannabis-et-du-hhc\/#breadcrumb"},"inLanguage":"hu","potentialAction":[{"@type":"ReadAction","target":["https:\/\/parier-presidentielle.com\/donald-trump-sur-le-marche-du-cannabis-et-du-hhc\/"]}]},{"@type":"BreadcrumbList","@id":"https:\/\/parier-presidentielle.com\/donald-trump-sur-le-marche-du-cannabis-et-du-hhc\/#breadcrumb","itemListElement":[{"@type":"ListItem","position":1,"name":"Accueil","item":"https:\/\/parier-presidentielle.com\/"},{"@type":"ListItem","position":2,"name":"L&#8217;impact de Donald Trump sur le march\u00e9 du Cannabis et du HHC"}]},{"@type":"WebSite","@id":"https:\/\/parier-presidentielle.com\/#website","url":"https:\/\/parier-presidentielle.com\/","name":"Parier Pr\u00e9sidentielle","description":"Paris, Pronostics, Wiki sur la Politique, les Elections Am\u00e9ricaines: Joe Biden, Donald Trump avec les Bookmakers en ligne Unibet, Bwin, Betclic, Winamax","potentialAction":[{"@type":"SearchAction","target":{"@type":"EntryPoint","urlTemplate":"https:\/\/parier-presidentielle.com\/?s={search_term_string}"},"query-input":"required name=search_term_string"}],"inLanguage":"hu"}]}},"_links":{"self":[{"href":"https:\/\/parier-presidentielle.com\/hu\/wp-json\/wp\/v2\/pages\/1956"}],"collection":[{"href":"https:\/\/parier-presidentielle.com\/hu\/wp-json\/wp\/v2\/pages"}],"about":[{"href":"https:\/\/parier-presidentielle.com\/hu\/wp-json\/wp\/v2\/types\/page"}],"author":[{"embeddable":true,"href":"https:\/\/parier-presidentielle.com\/hu\/wp-json\/wp\/v2\/users\/1"}],"replies":[{"embeddable":true,"href":"https:\/\/parier-presidentielle.com\/hu\/wp-json\/wp\/v2\/comments?post=1956"}],"version-history":[{"count":4,"href":"https:\/\/parier-presidentielle.com\/hu\/wp-json\/wp\/v2\/pages\/1956\/revisions"}],"predecessor-version":[{"id":2001,"href":"https:\/\/parier-presidentielle.com\/hu\/wp-json\/wp\/v2\/pages\/1956\/revisions\/2001"}],"wp:featuredmedia":[{"embeddable":true,"href":"https:\/\/parier-presidentielle.com\/hu\/wp-json\/wp\/v2\/media\/1959"}],"wp:attachment":[{"href":"https:\/\/parier-presidentielle.com\/hu\/wp-json\/wp\/v2\/media?parent=1956"}],"curies":[{"name":"wp","href":"https:\/\/api.w.org\/{rel}","templated":true}]}}