{"id":1962,"date":"2023-03-20T17:10:50","date_gmt":"2023-03-20T16:10:50","guid":{"rendered":"https:\/\/parier-presidentielle.com\/?page_id=1962"},"modified":"2023-06-02T11:27:56","modified_gmt":"2023-06-02T09:27:56","slug":"vladimir-poutine-quelle-avis-sur-le-marche-du-cannabis-et-hhc","status":"publish","type":"page","link":"https:\/\/parier-presidentielle.com\/hu\/vladimir-poutine-mi-velemeny-a-kannabis-piacrol-es-hhc\/","title":{"rendered":"Mi a v\u00e9lem\u00e9nye Vlagyimir Putyinnak a kannabisz \u00e9s a HHC piac\u00e1r\u00f3l?"},"content":{"rendered":"<p>A kannabisz piac <a href=\"https:\/\/wikihhc.com\/france\/fleurs-hhc\/ou-trouver-fleurs-hhc-france-guide\/\">hhc<\/a>  vir\u00e1gzik, \u00e9s vil\u00e1gszerte felkelti a vezet\u0151k \u00e9rdekl\u0151d\u00e9s\u00e9t. Az egyik ilyen vezet\u0151 Vlagyimir Putyin, az orosz eln\u00f6k, aki nemr\u00e9giben t\u00e1mogat\u00e1s\u00e1t fejezte ki a kannabisz gy\u00f3gy\u00e1szati \u00e9s ipari c\u00e9l\u00fa felhaszn\u00e1l\u00e1s\u00e1nak legaliz\u00e1l\u00e1sa mellett.<\/p>\n\n\n\n<h2 class=\"wp-block-heading\"><span id=\"le-passe-controverse-de-poutine-avec-le-cannabis\">Putyin vitatott m\u00faltja a kannabisz kapcs\u00e1n<\/span><\/h2>\n\n\n\n<p>Miel\u0151tt belev\u00e1gn\u00e1nk ebbe a vit\u00e1ba, fontos felid\u00e9zn\u00fcnk Putyin vitatott m\u00faltj\u00e1t a kannabisz kapcs\u00e1n <a href=\"https:\/\/wikihhc.com\/guide\/hhc\/\">Wikip\u00e9dia<\/a>. 2006-ban Oroszorsz\u00e1g h\u00e1bor\u00fat ind\u00edtott a k\u00e1b\u00edt\u00f3szer ellen, amelyben Putyin jelent\u0151s szerepet j\u00e1tszott. Ez a k\u00e1b\u00edt\u00f3szer-haszn\u00e1lat, k\u00f6zt\u00fck a kannabisz elleni fokozott fell\u00e9p\u00e9shez vezetett, \u00e9s t\u00f6bb ezer ember beb\u00f6rt\u00f6nz\u00e9s\u00e9hez vezetett.<\/p>\n\n\n\n<p>\u00dagy t\u0171nik azonban, hogy Putyin n\u00e9zetei az \u00fcggyel kapcsolatban id\u0151vel v\u00e1ltoztak. 2019-ben azt mondta, Oroszorsz\u00e1gnak k\u00f6vetnie kell egyes amerikai \u00e1llamok p\u00e9ld\u00e1j\u00e1t, \u00e9s legaliz\u00e1lnia kell a kannabiszt orvosi \u00e9s ipari c\u00e9lokra. Ezt a nyilatkozatot k\u00f6vette az ipari kender termeszt\u00e9s\u00e9t t\u00e1mogat\u00f3 jogszab\u00e1ly. Sz\u00e1mos webhely k\u00edn\u00e1l kedvezm\u00e9nyeket <a href=\"https:\/\/wikihhc.com\/site\/weecl\/code-promo-coupon-bon-de-reduction-weecl\/\">A CBD \u00e9s a HHC, mint a Weecl prom\u00f3ci\u00f3s k\u00f3dokkal<\/a>.<\/p>\n\n\n\n<h2 class=\"wp-block-heading\"><span id=\"le-soutien-de-poutine-a-l8217utilisation-medicale-du-cannabis\">Putyin t\u00e1mogat\u00e1sa a kannabisz orvosi felhaszn\u00e1l\u00e1s\u00e1hoz<\/span><\/h2>\n\n\n\n<p>Legut\u00f3bb, 2022 janu\u00e1rj\u00e1ban Putyin kijelentette, hogy t\u00e1mogatja a kannabisz orvosi felhaszn\u00e1l\u00e1s\u00e1t, \u00e9s utas\u00edtotta az orosz korm\u00e1nyt, hogy dolgozzon ki javaslatokat a kannabisz gy\u00f3gy\u00e1szati c\u00e9l\u00fa felhaszn\u00e1l\u00e1s\u00e1nak szab\u00e1lyoz\u00e1s\u00e1ra. Ezt a d\u00f6nt\u00e9st pozit\u00edvan fogadt\u00e1k a kannabisz oroszorsz\u00e1gi legaliz\u00e1l\u00e1s\u00e1nak t\u00e1mogat\u00f3i, \u00e9s vit\u00e1t v\u00e1ltott ki a k\u00e9rd\u00e9sr\u0151l.<\/p>\n\n\n\n<p>Putyin is kifejezte t\u00e1mogat\u00e1s\u00e1t a termel\u00e9s <a href=\"https:\/\/wikihhc.com\"> HHC-t tartalmaz\u00f3 term\u00e9k<\/a> (Hydrogenated Cannabis Oil), a kannabisz egy olyan form\u00e1ja, amely orvosi \u00e9s ipari alkalmaz\u00e1sokkal rendelkezik. Az anyag oroszorsz\u00e1gi termel\u00e9s\u00e9nek n\u00f6vel\u00e9s\u00e9t szorgalmazta, mondv\u00e1n, hogy az anyag jelent\u0151s gazdas\u00e1gi potenci\u00e1llal rendelkezik.<\/p>\n\n\n\n<h2 class=\"wp-block-heading\"><span id=\"les-defis-de-la-legalisation-du-cannabis-en-russie\">A kannabisz legaliz\u00e1l\u00e1s\u00e1nak kih\u00edv\u00e1sai Oroszorsz\u00e1gban<\/span><\/h2>\n\n\n\n<p>A kannabisz orvosi \u00e9s ipari c\u00e9l\u00fa legaliz\u00e1l\u00e1sa azonban Oroszorsz\u00e1gban nem mentes kih\u00edv\u00e1sokt\u00f3l. A jelenlegi orosz drogt\u00f6rv\u00e9nyek nagyon szigor\u00faak, \u00e9s a kannabisz haszn\u00e1lata illeg\u00e1lis. Ezenk\u00edv\u00fcl Oroszorsz\u00e1g t\u00f6bb nemzetk\u00f6zi k\u00e1b\u00edt\u00f3szer-egyezm\u00e9nyt is al\u00e1\u00edrt, amelyek tiltj\u00e1k a k\u00e1b\u00edt\u00f3szerek, k\u00f6zt\u00fck a kannabisz haszn\u00e1lat\u00e1t \u00e9s el\u0151\u00e1ll\u00edt\u00e1s\u00e1t.<\/p>\n\n\n\n<p>Ez azt jelenti, hogy minden, a kannabisz legaliz\u00e1l\u00e1s\u00e1t t\u00e1mogat\u00f3 jogszab\u00e1lyt k\u00f6r\u00fcltekint\u0151en kell megalkotni, \u00e9s \u00fagy kell v\u00e9grehajtani, hogy az megfeleljen a nemzetk\u00f6zi egyezm\u00e9nyeknek \u00e9s az orosz t\u00f6rv\u00e9nyeknek.<\/p>\n\n\n\n<h2 class=\"wp-block-heading\"><span id=\"conclusion\">K\u00f6vetkeztet\u00e9s<\/span><\/h2>\n\n\n\n<p>\u00d6sszefoglalva, Putyin t\u00e1mogat\u00e1sa a kannabisz orvosi \u00e9s ipari felhaszn\u00e1l\u00e1s\u00e1nak legaliz\u00e1l\u00e1s\u00e1hoz Oroszorsz\u00e1gban fontos d\u00f6nt\u00e9s, amely vit\u00e1kat v\u00e1lt ki az orsz\u00e1gban. B\u00e1r kih\u00edv\u00e1sok vannak a kannabisz legaliz\u00e1l\u00e1s\u00e1t c\u00e9lz\u00f3 jogszab\u00e1lyok megalkot\u00e1sa sor\u00e1n, egy\u00e9rtelm\u0171, hogy Putyin n\u00e9zetei a k\u00e9rd\u00e9sr\u0151l id\u0151vel v\u00e1ltoztak. \u00c9rdekes lesz l\u00e1tni, hogyan alakul ez a k\u00e9rd\u00e9s Oroszorsz\u00e1gban a j\u00f6v\u0151ben.<\/p>\n\n\n\n<figure class=\"wp-block-embed is-type-video is-provider-youtube wp-block-embed-youtube wp-embed-aspect-16-9 wp-has-aspect-ratio\"><div class=\"wp-block-embed__wrapper\">\n<iframe loading=\"lazy\" title=\"Az oroszok azt akarj\u00e1k, hogy legaliz\u00e1lj\u00e1k a marihu\u00e1n\u00e1t?\" width=\"640\" height=\"360\" src=\"https:\/\/www.youtube.com\/embed\/lvfG8jTKhow?feature=oembed\" frameborder=\"0\" allow=\"accelerometer; autoplay; clipboard-write; encrypted-media; gyroscope; picture-in-picture; web-share\" allowfullscreen><\/iframe>\n<\/div><\/figure>\n<div id=\"toc_container\" class=\"no_bullets\"><p class=\"toc_title\">Tartalom<\/p><ul class=\"toc_list\"><li><\/li><li><\/li><li><\/li><li><\/li><\/ul><\/div>","protected":false},"excerpt":{"rendered":"<p>Le march\u00e9 du cannabis du hhc est en plein essor et suscite l&#8217;int\u00e9r\u00eat des grands dirigeants du monde entier. L&#8217;un de ces dirigeants est Vladimir Poutine, le pr\u00e9sident russe, qui a r\u00e9cemment exprim\u00e9 son soutien \u00e0 la l\u00e9galisation de l&#8217;utilisation du cannabis \u00e0 des fins m\u00e9dicales et industrielles. Le pass\u00e9 controvers\u00e9 de Poutine avec le &#8230;<\/p>","protected":false},"author":1,"featured_media":1965,"parent":0,"menu_order":0,"comment_status":"closed","ping_status":"closed","template":"page-nosidebar.php","meta":{"footnotes":""},"yoast_head":"<!-- This site is optimized with the Yoast SEO Premium plugin v21.0 (Yoast SEO v21.0) - https:\/\/yoast.com\/wordpress\/plugins\/seo\/ -->\n<title>Vladimir Poutine quelle avis sur le march\u00e9 du Cannabis et HHC? - Finale Coupe du Monde FIFA<\/title>\n<meta name=\"robots\" content=\"index, follow, max-snippet:-1, max-image-preview:large, max-video-preview:-1\" \/>\n<link rel=\"canonical\" href=\"https:\/\/parier-presidentielle.com\/hu\/vladimir-poutine-mi-velemeny-a-kannabis-piacrol-es-hhc\/\" \/>\n<meta property=\"og:locale\" content=\"hu_HU\" \/>\n<meta property=\"og:type\" content=\"article\" \/>\n<meta property=\"og:title\" content=\"Vladimir Poutine quelle avis sur le march\u00e9 du Cannabis et HHC?\" \/>\n<meta property=\"og:description\" content=\"Le march\u00e9 du cannabis du hhc est en plein essor et suscite l&#8217;int\u00e9r\u00eat des grands dirigeants du monde entier. L&#8217;un de ces dirigeants est Vladimir Poutine, le pr\u00e9sident russe, qui a r\u00e9cemment exprim\u00e9 son soutien \u00e0 la l\u00e9galisation de l&#8217;utilisation du cannabis \u00e0 des fins m\u00e9dicales et industrielles. Le pass\u00e9 controvers\u00e9 de Poutine avec le ...\" \/>\n<meta property=\"og:url\" content=\"https:\/\/parier-presidentielle.com\/hu\/vladimir-poutine-mi-velemeny-a-kannabis-piacrol-es-hhc\/\" \/>\n<meta property=\"og:site_name\" content=\"Parier Pr\u00e9sidentielle\" \/>\n<meta property=\"article:modified_time\" content=\"2023-06-02T09:27:56+00:00\" \/>\n<meta property=\"og:image\" content=\"https:\/\/parier-presidentielle.com\/wp-content\/uploads\/2023\/03\/vladimir-poutine-hhc-scaled.jpg\" \/>\n\t<meta property=\"og:image:width\" content=\"2560\" \/>\n\t<meta property=\"og:image:height\" content=\"1302\" \/>\n\t<meta property=\"og:image:type\" content=\"image\/jpeg\" \/>\n<meta name=\"twitter:card\" content=\"summary_large_image\" \/>\n<meta name=\"twitter:label1\" content=\"Est. reading time\" \/>\n\t<meta name=\"twitter:data1\" content=\"3 perc\" \/>\n<script type=\"application\/ld+json\" class=\"yoast-schema-graph\">{\"@context\":\"https:\/\/schema.org\",\"@graph\":[{\"@type\":\"WebPage\",\"@id\":\"https:\/\/parier-presidentielle.com\/vladimir-poutine-quelle-avis-sur-le-marche-du-cannabis-et-hhc\/\",\"url\":\"https:\/\/parier-presidentielle.com\/vladimir-poutine-quelle-avis-sur-le-marche-du-cannabis-et-hhc\/\",\"name\":\"Vladimir Poutine quelle avis sur le march\u00e9 du Cannabis et HHC? - Finale Coupe du Monde FIFA\",\"isPartOf\":{\"@id\":\"https:\/\/parier-presidentielle.com\/#website\"},\"datePublished\":\"2023-03-20T16:10:50+00:00\",\"dateModified\":\"2023-06-02T09:27:56+00:00\",\"breadcrumb\":{\"@id\":\"https:\/\/parier-presidentielle.com\/vladimir-poutine-quelle-avis-sur-le-marche-du-cannabis-et-hhc\/#breadcrumb\"},\"inLanguage\":\"hu\",\"potentialAction\":[{\"@type\":\"ReadAction\",\"target\":[\"https:\/\/parier-presidentielle.com\/vladimir-poutine-quelle-avis-sur-le-marche-du-cannabis-et-hhc\/\"]}]},{\"@type\":\"BreadcrumbList\",\"@id\":\"https:\/\/parier-presidentielle.com\/vladimir-poutine-quelle-avis-sur-le-marche-du-cannabis-et-hhc\/#breadcrumb\",\"itemListElement\":[{\"@type\":\"ListItem\",\"position\":1,\"name\":\"Accueil\",\"item\":\"https:\/\/parier-presidentielle.com\/\"},{\"@type\":\"ListItem\",\"position\":2,\"name\":\"Vladimir Poutine quelle avis sur le march\u00e9 du Cannabis et HHC?\"}]},{\"@type\":\"WebSite\",\"@id\":\"https:\/\/parier-presidentielle.com\/#website\",\"url\":\"https:\/\/parier-presidentielle.com\/\",\"name\":\"Parier Pr\u00e9sidentielle\",\"description\":\"Paris, Pronostics, Wiki sur la Politique, les Elections Am\u00e9ricaines: Joe Biden, Donald Trump avec les Bookmakers en ligne Unibet, Bwin, Betclic, Winamax\",\"potentialAction\":[{\"@type\":\"SearchAction\",\"target\":{\"@type\":\"EntryPoint\",\"urlTemplate\":\"https:\/\/parier-presidentielle.com\/?s={search_term_string}\"},\"query-input\":\"required name=search_term_string\"}],\"inLanguage\":\"hu\"}]}<\/script>\n<!-- \/ Yoast SEO Premium plugin. -->","yoast_head_json":{"title":"Vladimir Poutine quelle avis sur le march\u00e9 du Cannabis et HHC? - Finale Coupe du Monde FIFA","robots":{"index":"index","follow":"follow","max-snippet":"max-snippet:-1","max-image-preview":"max-image-preview:large","max-video-preview":"max-video-preview:-1"},"canonical":"https:\/\/parier-presidentielle.com\/hu\/vladimir-poutine-mi-velemeny-a-kannabis-piacrol-es-hhc\/","og_locale":"hu_HU","og_type":"article","og_title":"Vladimir Poutine quelle avis sur le march\u00e9 du Cannabis et HHC?","og_description":"Le march\u00e9 du cannabis du hhc est en plein essor et suscite l&#8217;int\u00e9r\u00eat des grands dirigeants du monde entier. L&#8217;un de ces dirigeants est Vladimir Poutine, le pr\u00e9sident russe, qui a r\u00e9cemment exprim\u00e9 son soutien \u00e0 la l\u00e9galisation de l&#8217;utilisation du cannabis \u00e0 des fins m\u00e9dicales et industrielles. Le pass\u00e9 controvers\u00e9 de Poutine avec le ...","og_url":"https:\/\/parier-presidentielle.com\/hu\/vladimir-poutine-mi-velemeny-a-kannabis-piacrol-es-hhc\/","og_site_name":"Parier Pr\u00e9sidentielle","article_modified_time":"2023-06-02T09:27:56+00:00","og_image":[{"width":2560,"height":1302,"url":"https:\/\/parier-presidentielle.com\/wp-content\/uploads\/2023\/03\/vladimir-poutine-hhc-scaled.jpg","type":"image\/jpeg"}],"twitter_card":"summary_large_image","twitter_misc":{"Est. reading time":"3 perc"},"schema":{"@context":"https:\/\/schema.org","@graph":[{"@type":"WebPage","@id":"https:\/\/parier-presidentielle.com\/vladimir-poutine-quelle-avis-sur-le-marche-du-cannabis-et-hhc\/","url":"https:\/\/parier-presidentielle.com\/vladimir-poutine-quelle-avis-sur-le-marche-du-cannabis-et-hhc\/","name":"Vladimir Poutine quelle avis sur le march\u00e9 du Cannabis et HHC? - Finale Coupe du Monde FIFA","isPartOf":{"@id":"https:\/\/parier-presidentielle.com\/#website"},"datePublished":"2023-03-20T16:10:50+00:00","dateModified":"2023-06-02T09:27:56+00:00","breadcrumb":{"@id":"https:\/\/parier-presidentielle.com\/vladimir-poutine-quelle-avis-sur-le-marche-du-cannabis-et-hhc\/#breadcrumb"},"inLanguage":"hu","potentialAction":[{"@type":"ReadAction","target":["https:\/\/parier-presidentielle.com\/vladimir-poutine-quelle-avis-sur-le-marche-du-cannabis-et-hhc\/"]}]},{"@type":"BreadcrumbList","@id":"https:\/\/parier-presidentielle.com\/vladimir-poutine-quelle-avis-sur-le-marche-du-cannabis-et-hhc\/#breadcrumb","itemListElement":[{"@type":"ListItem","position":1,"name":"Accueil","item":"https:\/\/parier-presidentielle.com\/"},{"@type":"ListItem","position":2,"name":"Vladimir Poutine quelle avis sur le march\u00e9 du Cannabis et HHC?"}]},{"@type":"WebSite","@id":"https:\/\/parier-presidentielle.com\/#website","url":"https:\/\/parier-presidentielle.com\/","name":"Parier Pr\u00e9sidentielle","description":"Paris, Pronostics, Wiki sur la Politique, les Elections Am\u00e9ricaines: Joe Biden, Donald Trump avec les Bookmakers en ligne Unibet, Bwin, Betclic, Winamax","potentialAction":[{"@type":"SearchAction","target":{"@type":"EntryPoint","urlTemplate":"https:\/\/parier-presidentielle.com\/?s={search_term_string}"},"query-input":"required name=search_term_string"}],"inLanguage":"hu"}]}},"_links":{"self":[{"href":"https:\/\/parier-presidentielle.com\/hu\/wp-json\/wp\/v2\/pages\/1962"}],"collection":[{"href":"https:\/\/parier-presidentielle.com\/hu\/wp-json\/wp\/v2\/pages"}],"about":[{"href":"https:\/\/parier-presidentielle.com\/hu\/wp-json\/wp\/v2\/types\/page"}],"author":[{"embeddable":true,"href":"https:\/\/parier-presidentielle.com\/hu\/wp-json\/wp\/v2\/users\/1"}],"replies":[{"embeddable":true,"href":"https:\/\/parier-presidentielle.com\/hu\/wp-json\/wp\/v2\/comments?post=1962"}],"version-history":[{"count":4,"href":"https:\/\/parier-presidentielle.com\/hu\/wp-json\/wp\/v2\/pages\/1962\/revisions"}],"predecessor-version":[{"id":2002,"href":"https:\/\/parier-presidentielle.com\/hu\/wp-json\/wp\/v2\/pages\/1962\/revisions\/2002"}],"wp:featuredmedia":[{"embeddable":true,"href":"https:\/\/parier-presidentielle.com\/hu\/wp-json\/wp\/v2\/media\/1965"}],"wp:attachment":[{"href":"https:\/\/parier-presidentielle.com\/hu\/wp-json\/wp\/v2\/media?parent=1962"}],"curies":[{"name":"wp","href":"https:\/\/api.w.org\/{rel}","templated":true}]}}