{"id":235,"date":"2021-09-14T16:33:07","date_gmt":"2021-09-14T14:33:07","guid":{"rendered":"https:\/\/parier-presidentielle.com\/?page_id=235"},"modified":"2022-12-16T18:12:01","modified_gmt":"2022-12-16T17:12:01","slug":"betclic-presidentielle-2022","status":"publish","type":"page","link":"https:\/\/parier-presidentielle.com\/hu\/betclic-presidential-2022\/","title":{"rendered":"Betclic: Fogadjon a 2022-es eln\u00f6kv\u00e1laszt\u00e1sra"},"content":{"rendered":"<div class=\"wp-block-columns is-layout-flex wp-container-4 wp-block-columns-is-layout-flex\">\n<div class=\"wp-block-column is-layout-flow wp-block-column-is-layout-flow\" style=\"flex-basis:100%\">\n<div class=\"wp-block-columns is-layout-flex wp-container-2 wp-block-columns-is-layout-flex\">\n<div class=\"wp-block-column is-layout-flow wp-block-column-is-layout-flow\" style=\"flex-basis:100%\">\n<center><script type=\"text\/javascript\" charset=\"utf-8\" src=\"https:\/\/www.gambling-affiliation.com\/cpm\/v=AmIMTDSs92QY6b0MzDMvM5laCjJ-ZlA-1oQ-7tKsi.w_GA7331V2\"><\/script><\/center>\n\n\n\n<p><\/p>\n\n\n\n<div class=\"wp-block-image is-style-default\"><figure class=\"aligncenter size-medium\"><a href=\"https:\/\/parier-presidentielle.com\/hu\/recommends\/unibet-logo\/\" target=\"_blank\" rel=\"no follow noopener\"><img decoding=\"async\" loading=\"lazy\" width=\"300\" height=\"169\" src=\"https:\/\/parier-presidentielle.com\/wp-content\/uploads\/2022\/04\/unibet-300x169.jpg\" alt=\"\" class=\"wp-image-1252\" srcset=\"https:\/\/parier-presidentielle.com\/wp-content\/uploads\/2022\/04\/unibet-300x169.jpg 300w, https:\/\/parier-presidentielle.com\/wp-content\/uploads\/2022\/04\/unibet-1024x576.jpg 1024w, https:\/\/parier-presidentielle.com\/wp-content\/uploads\/2022\/04\/unibet-768x432.jpg 768w, https:\/\/parier-presidentielle.com\/wp-content\/uploads\/2022\/04\/unibet-18x10.jpg 18w, https:\/\/parier-presidentielle.com\/wp-content\/uploads\/2022\/04\/unibet.jpg 1280w\" sizes=\"(max-width: 300px) 100vw, 300px\" \/><\/a><\/figure><\/div>\n<\/div>\n<\/div>\n<\/div>\n<\/div>\n\n\n\n<h2 class=\"wp-block-heading\" id=\"le-meilleur-bookmaker-de-france-betclic\"><span id=\"le-bookmaker-betclic-et-la-politique-francaise\">A Betclic fogad\u00f3iroda \u00e9s a francia politika!?<\/span><\/h2>\n\n\n\n<h3 class=\"wp-block-heading\" id=\"parier-sur-l-election-presidentielle-2022-c-est-possible-avec-un-seul-site-de-paris-en-ligne-en-france-et-ca-tombe-car-c-est-aussi-le-meilleur-et-le-plus-sur-betclic\"><span id=\"parier-sur-l8217election-presidentielle-2022-n8217est-plus-possible-avec-le-site-de-paris-betclic-en-france-mais-seulement-avec-unibet\">A 2022-es eln\u00f6kv\u00e1laszt\u00e1sra m\u00e1r nem lehet fogadni a Betclic fogad\u00e1si oldalon Franciaorsz\u00e1gban, csak az Unibetn\u00e9l!<\/span><\/h3>\n\n\n\n<p><strong>Betclic <\/strong>sajnos m\u00e1r nem k\u00edn\u00e1lja P\u00e1rizst a francia politik\u00e1ban, de szerencs\u00e9re tov\u00e1bbra is lehet fogadni a Betclicen k\u00edv\u00fcl m\u00e1s bukm\u00e9kerekkel: <strong>Unibet<\/strong>! A Parier-Pr\u00e9sidentielle csapata teh\u00e1t a piacvezet\u0151t aj\u00e1nlja, aki b\u00f3nuszt \u00e9s m\u00e9g \u00e9rdekesebb szorz\u00f3t k\u00edn\u00e1l: <\/p>\n\n\n\n<p class=\"has-text-align-center unibet has-medium-font-size\"><a href=\"https:\/\/parier-presidentielle.com\/hu\/recommends\/unibet-text-betclic\/\"><strong>150 \u20ac b\u00f3nusz az Unibetn\u00e9l Az els\u0151 P\u00e1rizshoz: Kattintson ide<\/strong><\/a><\/p>\n\n\n\n<p> Speci\u00e1lis f\u00e1jljainkban megtal\u00e1lja a fogad\u00f3iroda \u00fatmutat\u00f3it \u00e9s el\u0151rejelz\u00e9seit: <\/p>\n\n\n\n<ul>\n<li><strong><a href=\"https:\/\/parier-presidentielle.com\/hu\/unibet-politika-valasztas-2022\/\">Unibet: \u00datmutat\u00f3 a bukm\u00e9kereknek a 2022-es eln\u00f6kv\u00e1laszt\u00e1shoz<\/a><\/strong><\/li>\n\n\n\n<li><a href=\"https:\/\/parier-presidentielle.com\/hu\/bukmekerek-macron-le-pen\/\"><strong>\u00datmutat\u00f3 \u00e9s j\u00f3slatok a Macron fogad\u00e1shoz \u2013 Le Pen m\u00e1sodik fordul\u00f3ja<\/strong><\/a><\/li>\n<\/ul>\n\n\n\n<p>Betclic: Bwin \u00e9s Unibet ellen<\/p>\n\n\n\n<p>A politik\u00e1ra val\u00f3 fogad\u00e1s nem csak a v\u00e1laszt\u00e1si est\u00e9ket f\u0171szerezi, de nagy profitot is hozhat! Ezen az oldalon teh\u00e1t minden inform\u00e1ci\u00f3t megtal\u00e1l, hogy megtehesse els\u0151 fogad\u00e1s\u00e1t a francia referenci\u00e1val az online j\u00e1t\u00e9kokban, a Betclic bukm\u00e9kerrel. Valamint az \u00f6sszes es\u00e9lyt \u00e9s el\u0151rejelz\u00e9s\u00fcnket a 2022-es v\u00e1laszt\u00e1sra vonatkoz\u00f3an.<\/p>\n\n\n\n<p class=\"has-text-align-center\"><strong>Az al\u00e1bbi inform\u00e1ci\u00f3k, szorz\u00f3k \u00e9s tan\u00e1csok ez\u00e9rt elavultak, \u00e9s csak arch\u00edvumk\u00e9nt \u00e9rhet\u0151k el, ha a m\u00e1sodik k\u00f6rre szeretne fogadni: forduljon a vezet\u0151h\u00f6z <a href=\"https:\/\/parier-presidentielle.com\/hu\/unibet-politika-valasztas-2022\/\">P\u00e1rizs az Unibet v\u00e1laszt\u00e1son<\/a><\/strong><\/p>\n\n\n\n<p><\/p>\n\n\n\n<p><\/p>\n\n\n\n<p><\/p>\n\n\n\n<p><\/p>\n\n\n\n<p class=\"has-text-align-center\">Lev\u00e9lt\u00e1r <\/p>\n\n\n\n<h2 class=\"wp-block-heading\" id=\"les-cotes-des-candidats-du-bookmaker-sur-betclic\"><span id=\"les-cotes-des-candidats-du-bookmaker-sur-betclic\">A fogad\u00f3irod\u00e1k jel\u00f6ltjeinek es\u00e9lyei a Betclic-en <\/span><\/h2>\n\n\n\n<p>Kezdj\u00fck azzal, hogy megn\u00e9zz\u00fck a k\u00fcl\u00f6nb\u00f6z\u0151 politikai szem\u00e9lyis\u00e9gek \u00e9rt\u00e9kel\u00e9s\u00e9t: <\/p>\n\n\n\n<ul>\n<li>Emmanuel Macron <strong>1,58<\/strong><\/li>\n\n\n\n<li>Marine Le Pen <strong>4,00<\/strong><\/li>\n\n\n\n<li>Jean-Luc M\u00e9lenchon <strong>15<\/strong><\/li>\n\n\n\n<li>Edward Philippe <strong>17<\/strong><\/li>\n\n\n\n<li>Xavier Bertrand <strong>17<\/strong><\/li>\n\n\n\n<li>Anne Hidalgo <strong>22<\/strong><\/li>\n\n\n\n<li>Laurent Wauquiez <strong>25<\/strong><\/li>\n\n\n\n<li>Nicolas Sarkozy <strong>25<\/strong><\/li>\n\n\n\n<li>Fran\u00e7ois Barouin <strong>28<\/strong><\/li>\n\n\n\n<li>Nicolas Dupont-Aignan <strong>30<\/strong><\/li>\n\n\n\n<li>Bernard Cazeneuve <strong>65<\/strong><\/li>\n\n\n\n<li>Benoit Hamon <strong>65<\/strong><\/li>\n\n\n\n<li>Jean Lassalle <strong>100<\/strong><\/li>\n\n\n\n<li>Francois Hollande <strong>100<\/strong><\/li>\n<\/ul>\n\n\n<div class=\"wp-block-image\">\n<figure class=\"aligncenter size-large is-resized\"><img decoding=\"async\" loading=\"lazy\" src=\"https:\/\/parier-presidentielle.com\/wp-content\/uploads\/2021\/09\/image-4-1024x872.png\" alt=\"A Betclic fogad\u00f3iroda jel\u00f6lti es\u00e9lyei a 2022-es eln\u00f6kv\u00e1laszt\u00e1sra\" class=\"wp-image-329\" width=\"768\" height=\"654\" srcset=\"https:\/\/parier-presidentielle.com\/wp-content\/uploads\/2021\/09\/image-4-1024x872.png 1024w, https:\/\/parier-presidentielle.com\/wp-content\/uploads\/2021\/09\/image-4-300x255.png 300w, https:\/\/parier-presidentielle.com\/wp-content\/uploads\/2021\/09\/image-4-768x654.png 768w, https:\/\/parier-presidentielle.com\/wp-content\/uploads\/2021\/09\/image-4.png 1118w\" sizes=\"(max-width: 768px) 100vw, 768px\" \/><\/figure><\/div>\n\n\n<h2 class=\"wp-block-heading\" id=\"l-analyse-des-cotes-de-betclic\"><span id=\"l8217analyse-des-cotes-de-betclic\">Betclic es\u00e9lyelemz\u00e9s<\/span><\/h2>\n\n\n\n<p>Emmanuel Macron \u00e9rt\u00e9kel\u00e9se az <strong>1,58<\/strong> Marine Le Pen\u00e9vel szemben <strong>4,00<\/strong>, Els\u0151 pillant\u00e1sra \u00e9rdekesnek t\u0171nhet az Orsz\u00e1ggy\u0171l\u00e9s jel\u00f6ltj\u00e9re val\u00f3 fogad\u00e1s, mert nagyobb az es\u00e9ly, de figyelembe kell venni, hogy az \u00e9vek ellen\u00e9re, hogy az ap\u00e1t vagy a l\u00e1ny\u00e1t mindig elvesz\u00edtett\u00e9k, \u00e9s ez nem sz\u00e1m\u00edt a jel\u00f6ltnek jobbr\u00f3l vagy k\u00f6z\u00e9pr\u0151l\u2026<br>Minden k\u00f6zv\u00e9lem\u00e9ny-kutat\u00f3 int\u00e9zet a jelenlegi eln\u00f6k\u00f6t adja a m\u00e1sodik fordul\u00f3nak \u00e9s a d\u00f6nt\u0151 gy\u0151ztes\u00e9nek. <\/p>\n\n\n\n<p>K\u00f6vetkez\u00e9sk\u00e9ppen <a href=\"https:\/\/parier-presidentielle.com\/hu\/makro-valasztas\/\">fogadott Emmanuel Macron gy\u0151zelm\u00e9re<\/a> az eln\u00f6kv\u00e1laszt\u00e1son a legjobb! A Betclic Bukm\u00e9kern\u00e9l val\u00f3 fogad\u00e1ssal 100 eur\u00f3s k\u00fcl\u00f6nleges b\u00f3nuszaj\u00e1nlatban is r\u00e9szes\u00fclhet, de csak a sportra, ez\u00e9rt aj\u00e1nljuk a Bwint \u00e9s az Unibetet!<\/p>\n\n\n\n<p><br><br><\/p>\n\n\n\n<h2 class=\"wp-block-heading\" id=\"betclic-origine-et-paris-politique\"><span id=\"betclic-origine-et-paris-politique\">Betclic: Eredet \u00e9s politikai fogad\u00e1s<\/span><\/h2>\n\n\n\n<p>A Betclic egy francia online szerencsej\u00e1t\u00e9k-t\u00e1rsas\u00e1g. A 2005-ben Londonban alap\u00edtott, m\u00e1ltai sz\u00e9khely\u0171 menedzsment Bordeaux-ban tal\u00e1lhat\u00f3. A francia piacon a c\u00e9g sport-, verseny- \u00e9s online p\u00f3kerfogad\u00e1si enged\u00e9llyel rendelkezik.<br><\/p>\n\n\n\n<p>A Betclic t\u00f6rt\u00e9nete<br><strong>Betclic <\/strong>Nicolas Bero alap\u00edtotta Londonban 2005-ben egy alkalmazottal \u00e9s 3 milli\u00f3 eur\u00f3s befektet\u00e9ssel. 2008-ban a Mangas Gaming 75 % r\u00e9szesed\u00e9st v\u00e1s\u00e1rolt a tulajdonost\u00f3l a Betclicben 50 milli\u00f3 eur\u00f3\u00e9rt, 2009-ben pedig az SBM 50 % r\u00e9szesed\u00e9st szerzett a t\u00e1rsas\u00e1gban. 2010-ben bejelentett\u00e9k, hogy a Betclic 35-40% r\u00e9szesed\u00e9ssel rendelkezik a francia piacon, \u00e9s az orsz\u00e1g legnagyobb fogad\u00f3irod\u00e1ja. A 2012-es Eur\u00f3pa-bajnoks\u00e1g sor\u00e1n a Betclic 2 milli\u00f3 fogad\u00e1st fogadott el sportversenyekre, \u00e9s 12 milli\u00f3 eur\u00f3t keresett. 2016. m\u00e1jus 31-\u00e9n a Betclic egyes\u00fclt az Everest Poker online p\u00f3kerc\u00e9ggel. 2016 okt\u00f3ber\u00e9ben Londonb\u00f3l \u00e9s P\u00e1rizsb\u00f3l Bordeaux-ba helyezt\u00e9k \u00e1t irod\u00e1ikat. 2018 szeptember\u00e9ben a Betclic enged\u00e9lyt szerzett a lengyelorsz\u00e1gi m\u0171k\u00f6d\u00e9sre.<\/p>\n\n\n\n<h2 class=\"wp-block-heading\" id=\"partenariat-et-legitimite-pour-parier-en-2022\"><span id=\"partenariat-et-legitimite-pour-parier-en-2022\">Partners\u00e9g \u00e9s a fogad\u00e1sok legitimit\u00e1sa 2022-ben<\/span><\/h2>\n\n\n\n<p>A Betclic els\u0151 sportszponzora 2009-ben az Olympique Lyonnais volt, amely a 2010\u20132011-es szezonban p\u00f3l\u00f3kon hirdette a c\u00e9get. 2010 \u00e9s 2012 k\u00f6z\u00f6tt a Betclic olyan ruh\u00e1zatot szponzor\u00e1lt, mint az Olympique de Marseille \u00e9s a Juventus. Hasonl\u00f3k\u00e9ppen, 2018-ban bejelentett\u00e9k a partners\u00e9get a Bordeaux Beggle Rugby Clubbal. A 2018-ban megszerzett \u00faj lengyelorsz\u00e1gi munkaenged\u00e9llyel a Betclic 2019 nyar\u00e1n szponzori szerz\u0151d\u00e9st \u00edrt al\u00e1 a lengyel labdar\u00fag\u00f3-bajnok Piasttal \u00e9s a lengyel kupagy\u0151ztes Lechi\u00e1val. Teh\u00e1t ha a Betclic vezet\u0151 bukm\u00e9ker a sportfogad\u00e1sok ter\u00fclet\u00e9n, akkor sajnos nem k\u00edn\u00e1l aj\u00e1nlatot a 2022-es eln\u00f6kv\u00e1laszt\u00e1sra <a href=\"https:\/\/parier-presidentielle.com\/hu\/\">fogadjon Macronra vagy Lepenre <\/a>\u00e1t kell menned a Bwinen vagy az Unibeten!<\/p>\n\n\n\n<p><\/p>\n\n\n\n<p class=\"has-text-align-center unibet\" style=\"font-size:25px\"><mark style=\"background-color:rgba(0, 0, 0, 0);color:#0d7a12\" class=\"has-inline-color\"><strong><a href=\"https:\/\/parier-presidentielle.com\/hu\/recommends\/unibet\/\">150 \u20ac b\u00f3nusz az Unibetn\u00e9l<br>Az els\u0151 politikai vagy sportfogad\u00e1shoz: Kattintson ide<\/a><\/strong><\/mark><\/p>\n\n\n\n<p><\/p>\n\n\n<div class=\"wp-block-image\">\n<figure class=\"aligncenter is-resized wp-duotone-000097-ff4747-5\"><img decoding=\"async\" loading=\"lazy\" src=\"https:\/\/parier-presidentielle.com\/wp-content\/uploads\/2021\/09\/election-standard-scale-4_00x-gigapixel-1024x623.jpg\" alt=\"V\u00e1laszt\u00e1sok 2022\" style=\"width:256px;height:156px\" width=\"256\" height=\"156\"\/><\/figure><\/div>\n\n\n<p><br><\/p>\n\n\n\n<p><strong>A Parier-Presidential seg\u00edt a v\u00e1laszt\u00e1sban<a href=\"https:\/\/parier-presidentielle.com\/hu\/\"> A Bwin, az Unibet \u00e9s a Betclic bukm\u00e9kerek a j\u00f6v\u0151 amerikai eln\u00f6k\u00e9re fogadnak 2024-ben<\/a> : <\/strong><br><a href=\"https:\/\/parier-presidentielle.com\/hu\/unibet-politika-valasztas-2022\/\">Unibet eln\u00f6ki fogad\u00f3iroda<\/a> : R\u00e9szletes \u00e9s ingyenes \u00fatmutat\u00f3 az els\u0151 online fogad\u00e1shoz, minden szorz\u00f3val \u00e9s a felk\u00edn\u00e1lt b\u00f3nusz el\u0151nyeinek kihaszn\u00e1l\u00e1s\u00e1hoz!<\/p>\n\n\n\n<p>Valamint m\u00e1s p\u00e1rizsi online oldalak: <a href=\"https:\/\/parier-presidentielle.com\/hu\/unibet-politika-valasztas-2022\/\">Bwin<\/a>, <a href=\"https:\/\/parier-presidentielle.com\/hu\/netbet-paris-politics-valasztas-2022\/\">NetBet<\/a>, <a href=\"https:\/\/parier-presidentielle.com\/hu\/betclic-presidential-2022\/\">Betclic<\/a>, <a href=\"https:\/\/parier-presidentielle.com\/hu\/winamax-politika-valasztas-2022\/\">Winamax<\/a>, Parions Sport, Zebet,Betway, France-Pari,Vbet, Cloudbet, 1Xbit, 1xbet, Betfair, Betwinner\u2026<\/p>\n\n\n\n<div class=\"wp-block-columns is-layout-flex wp-container-10 wp-block-columns-is-layout-flex\">\n<div class=\"wp-block-column is-layout-flow wp-block-column-is-layout-flow\" style=\"flex-basis:33.33%\">\n<p>Most olvasta el a f\u00e1jlunkat:<\/p>\n<\/div>\n\n\n\n<div class=\"wp-block-column is-layout-flow wp-block-column-is-layout-flow\" style=\"flex-basis:33.33%\">\n<div class=\"wp-block-group is-layout-flow wp-block-group-is-layout-flow\"><div class=\"wp-block-group__inner-container\"><h4 class=\"has-text-align-center wp-block-post-title\"><span id=\"betclic-parier-sur-lelection-presidentielle-2022\"><a href=\"https:\/\/parier-presidentielle.com\/hu\/betclic-presidential-2022\/\" target=\"_self\" >Betclic: Fogadjon a 2022-es eln\u00f6kv\u00e1laszt\u00e1sra<\/a><\/span><\/h4><\/div><\/div>\n<\/div>\n\n\n\n<div class=\"wp-block-column is-layout-flow wp-block-column-is-layout-flow\" style=\"flex-basis:33.33%\">\n<p class=\"has-text-align-right\">Folytassa az olvas\u00e1st a t\u00f6bbi exkluz\u00edv f\u00e1jlunkkal,<\/p>\n<\/div>\n<\/div>\n\n\n\n<h3 class=\"wp-block-heading\" id=\"tous-les-pronostics-sondage-et-cotes-pour-parier-sur-le-futur-vainqueur-de-l-election-presidentielle-2022\"><span id=\"tous-les-pronostics-sondage-et-cotes-pour-parier-sur-le-futur-vainqueur-de-l8217election-presidentielle-2024\">Az \u00f6sszes j\u00f3slat, felm\u00e9r\u00e9s \u00e9s es\u00e9ly a 2024-es eln\u00f6kv\u00e1laszt\u00e1s j\u00f6v\u0151beli gy\u0151ztes\u00e9re:<\/span><\/h3>\n\n\n\n<ul>\n<li><a href=\"https:\/\/parier-presidentielle.com\/hu\/makro-valasztas\/\">Fogadjon Emmanuel Macronra az Unibet, Betclic, Bwin seg\u00edts\u00e9g\u00e9vel<\/a> : A kedvenc a szavaz\u00e1sokban \u00e9s el\u0151rejelz\u00e9sekben <\/li>\n\n\n\n<li><a href=\"https:\/\/parier-presidentielle.com\/hu\/marine-le-pen-valasztas\/\">Marine Le Pen: Az es\u00e9lyei \u00e9s a fogad\u00e1s m\u00f3dja a bukm\u00e9kerekn\u00e9l<\/a>: A kih\u00edv\u00f3 az Unibet szerint<\/li>\n<\/ul>\n\n\n\n<p><\/p>\n\n\n\n<center><script type=\"text\/javascript\" charset=\"utf-8\" src=\"https:\/\/www.gambling-affiliation.com\/cpm\/v=AmIMTDSs92QY6b0MzDMvM5laCjJ-ZlA-1oQ-7tKsi.w_GA7331V2\"><\/script><\/center>\n\n\n\n<h3 class=\"wp-block-heading\"><span id=\"donald-trump-vs-joe-biden-la-video-qui-lance-les-paris-en-ligne-sur-l8217election-politique-de-2024\">Donald Trump vs Joe Biden: A vide\u00f3, amely online fogad\u00e1st ind\u00edt a 2024-es politikai v\u00e1laszt\u00e1sokr\u00f3l<\/span><\/h3>\n\n\n\n<figure class=\"wp-block-embed is-type-video is-provider-youtube wp-block-embed-youtube wp-embed-aspect-16-9 wp-has-aspect-ratio\"><div class=\"wp-block-embed__wrapper\">\n<iframe loading=\"lazy\" title=\"Donald Trump volt eln\u00f6k meghirdeti a 2024-es Feh\u00e9r H\u00e1z #Short p\u00e1ly\u00e1zat\u00e1t\" width=\"640\" height=\"360\" src=\"https:\/\/www.youtube.com\/embed\/hZykPRVe4Ag?feature=oembed\" frameborder=\"0\" allow=\"accelerometer; autoplay; clipboard-write; encrypted-media; gyroscope; picture-in-picture; web-share\" allowfullscreen><\/iframe>\n<\/div><\/figure>\n\n\n<div class=\"wp-block-image\">\n<figure class=\"aligncenter size-medium\"><a href=\"https:\/\/parier-presidentielle.com\/hu\/recommends\/unibet\/\" target=\"_blank\" rel=\"noopener\"><img decoding=\"async\" loading=\"lazy\" width=\"300\" height=\"169\" src=\"https:\/\/parier-presidentielle.com\/wp-content\/uploads\/2022\/04\/unibet-300x169.jpg\" alt=\"\" class=\"wp-image-1252\" srcset=\"https:\/\/parier-presidentielle.com\/wp-content\/uploads\/2022\/04\/unibet-300x169.jpg 300w, https:\/\/parier-presidentielle.com\/wp-content\/uploads\/2022\/04\/unibet-1024x576.jpg 1024w, https:\/\/parier-presidentielle.com\/wp-content\/uploads\/2022\/04\/unibet-768x432.jpg 768w, https:\/\/parier-presidentielle.com\/wp-content\/uploads\/2022\/04\/unibet-18x10.jpg 18w, https:\/\/parier-presidentielle.com\/wp-content\/uploads\/2022\/04\/unibet.jpg 1280w\" sizes=\"(max-width: 300px) 100vw, 300px\" \/><\/a><\/figure><\/div>\n\n\n<p>Keresse meg a Wikit, az alapvet\u0151 politikai h\u00edreket a kannabiszr\u00f3l \u00e9s leg\u00e1lis sz\u00e1rmaz\u00e9kair\u00f3l: <strong>HHC, H4cbd, Thcp, Thcv, HSD, HHCPO, C4B<\/strong><\/p>\n\n\n\n<p>az oldal kulcsszavai: Betclick, Bet clic, odds, el\u0151rejelz\u00e9sek<\/p>\n<div id=\"toc_container\" class=\"no_bullets\"><p class=\"toc_title\">Tartalom<\/p><ul class=\"toc_list\"><li><ul><li><\/li><\/ul><\/li><li><\/li><li><\/li><li><\/li><li><ul><li><ul><li><\/li><\/ul><\/li><li><\/li><li><\/li><\/ul><\/li><\/ul><\/div>","protected":false},"excerpt":{"rendered":"<p>Le Bookmaker Betclic et la politique Francaise!? Parier sur l&#8217;\u00e9lection Pr\u00e9sidentielle 2022 n&#8217;est plus possible avec le site de paris Betclic en France mais seulement avec Unibet! Betclic malheureusement ne propose plus de Paris sur la Politique Francaise, mais heureusement il est toujours possible de parier avec d&#8217;autre bookmaker que Betclic : Unibet! Ainsi l&#8217;\u00e9quipe &#8230;<\/p>","protected":false},"author":1,"featured_media":0,"parent":0,"menu_order":0,"comment_status":"closed","ping_status":"closed","template":"page-nosidebar.php","meta":{"footnotes":""},"yoast_head":"<!-- This site is optimized with the Yoast SEO Premium plugin v21.0 (Yoast SEO v21.0) - https:\/\/yoast.com\/wordpress\/plugins\/seo\/ -->\n<title>Betclic : Parier sur l\u2019\u00e9lection Pr\u00e9sidentielle 2022 - Finale Coupe du Monde FIFA<\/title>\n<meta name=\"description\" content=\"Parier avec Betclic 100\u20ac offert pour votre 1er Pari sur la Politique, le Sport! Guide du Bookmaker pour profiter du Bonus de bienvenue...\" \/>\n<meta name=\"robots\" content=\"index, follow, max-snippet:-1, max-image-preview:large, max-video-preview:-1\" \/>\n<link rel=\"canonical\" href=\"https:\/\/parier-presidentielle.com\/hu\/betclic-presidential-2022\/\" \/>\n<meta property=\"og:locale\" content=\"hu_HU\" \/>\n<meta property=\"og:type\" content=\"article\" \/>\n<meta property=\"og:title\" content=\"Betclic : Parier sur l\u2019\u00e9lection Pr\u00e9sidentielle 2022\" \/>\n<meta property=\"og:description\" content=\"Parier avec Betclic 100\u20ac offert pour votre 1er Pari sur la Politique, le Sport! Guide du Bookmaker pour profiter du Bonus de bienvenue...\" \/>\n<meta property=\"og:url\" content=\"https:\/\/parier-presidentielle.com\/hu\/betclic-presidential-2022\/\" \/>\n<meta property=\"og:site_name\" content=\"Parier Pr\u00e9sidentielle\" \/>\n<meta property=\"article:modified_time\" content=\"2022-12-16T17:12:01+00:00\" \/>\n<meta property=\"og:image\" content=\"https:\/\/parier-presidentielle.com\/wp-content\/uploads\/2021\/09\/image-4-1024x872.png\" \/>\n<meta name=\"twitter:card\" content=\"summary_large_image\" \/>\n<meta name=\"twitter:label1\" content=\"Est. reading time\" \/>\n\t<meta name=\"twitter:data1\" content=\"5 perc\" \/>\n<script type=\"application\/ld+json\" class=\"yoast-schema-graph\">{\"@context\":\"https:\/\/schema.org\",\"@graph\":[{\"@type\":\"WebPage\",\"@id\":\"https:\/\/parier-presidentielle.com\/betclic-presidentielle-2022\/\",\"url\":\"https:\/\/parier-presidentielle.com\/betclic-presidentielle-2022\/\",\"name\":\"Betclic : Parier sur l\u2019\u00e9lection Pr\u00e9sidentielle 2022 - Finale Coupe du Monde FIFA\",\"isPartOf\":{\"@id\":\"https:\/\/parier-presidentielle.com\/#website\"},\"datePublished\":\"2021-09-14T14:33:07+00:00\",\"dateModified\":\"2022-12-16T17:12:01+00:00\",\"description\":\"Parier avec Betclic 100\u20ac offert pour votre 1er Pari sur la Politique, le Sport! Guide du Bookmaker pour profiter du Bonus de bienvenue...\",\"breadcrumb\":{\"@id\":\"https:\/\/parier-presidentielle.com\/betclic-presidentielle-2022\/#breadcrumb\"},\"inLanguage\":\"hu\",\"potentialAction\":[{\"@type\":\"ReadAction\",\"target\":[\"https:\/\/parier-presidentielle.com\/betclic-presidentielle-2022\/\"]}]},{\"@type\":\"BreadcrumbList\",\"@id\":\"https:\/\/parier-presidentielle.com\/betclic-presidentielle-2022\/#breadcrumb\",\"itemListElement\":[{\"@type\":\"ListItem\",\"position\":1,\"name\":\"Accueil\",\"item\":\"https:\/\/parier-presidentielle.com\/\"},{\"@type\":\"ListItem\",\"position\":2,\"name\":\"Betclic : Parier sur l\u2019\u00e9lection Pr\u00e9sidentielle 2022\"}]},{\"@type\":\"WebSite\",\"@id\":\"https:\/\/parier-presidentielle.com\/#website\",\"url\":\"https:\/\/parier-presidentielle.com\/\",\"name\":\"Parier Pr\u00e9sidentielle\",\"description\":\"Paris, Pronostics, Wiki sur la Politique, les Elections Am\u00e9ricaines: Joe Biden, Donald Trump avec les Bookmakers en ligne Unibet, Bwin, Betclic, Winamax\",\"potentialAction\":[{\"@type\":\"SearchAction\",\"target\":{\"@type\":\"EntryPoint\",\"urlTemplate\":\"https:\/\/parier-presidentielle.com\/?s={search_term_string}\"},\"query-input\":\"required name=search_term_string\"}],\"inLanguage\":\"hu\"}]}<\/script>\n<!-- \/ Yoast SEO Premium plugin. -->","yoast_head_json":{"title":"Betclic : Parier sur l\u2019\u00e9lection Pr\u00e9sidentielle 2022 - Finale Coupe du Monde FIFA","description":"Parier avec Betclic 100\u20ac offert pour votre 1er Pari sur la Politique, le Sport! Guide du Bookmaker pour profiter du Bonus de bienvenue...","robots":{"index":"index","follow":"follow","max-snippet":"max-snippet:-1","max-image-preview":"max-image-preview:large","max-video-preview":"max-video-preview:-1"},"canonical":"https:\/\/parier-presidentielle.com\/hu\/betclic-presidential-2022\/","og_locale":"hu_HU","og_type":"article","og_title":"Betclic : Parier sur l\u2019\u00e9lection Pr\u00e9sidentielle 2022","og_description":"Parier avec Betclic 100\u20ac offert pour votre 1er Pari sur la Politique, le Sport! Guide du Bookmaker pour profiter du Bonus de bienvenue...","og_url":"https:\/\/parier-presidentielle.com\/hu\/betclic-presidential-2022\/","og_site_name":"Parier Pr\u00e9sidentielle","article_modified_time":"2022-12-16T17:12:01+00:00","og_image":[{"url":"https:\/\/parier-presidentielle.com\/wp-content\/uploads\/2021\/09\/image-4-1024x872.png"}],"twitter_card":"summary_large_image","twitter_misc":{"Est. reading time":"5 perc"},"schema":{"@context":"https:\/\/schema.org","@graph":[{"@type":"WebPage","@id":"https:\/\/parier-presidentielle.com\/betclic-presidentielle-2022\/","url":"https:\/\/parier-presidentielle.com\/betclic-presidentielle-2022\/","name":"Betclic : Parier sur l\u2019\u00e9lection Pr\u00e9sidentielle 2022 - Finale Coupe du Monde FIFA","isPartOf":{"@id":"https:\/\/parier-presidentielle.com\/#website"},"datePublished":"2021-09-14T14:33:07+00:00","dateModified":"2022-12-16T17:12:01+00:00","description":"Parier avec Betclic 100\u20ac offert pour votre 1er Pari sur la Politique, le Sport! Guide du Bookmaker pour profiter du Bonus de bienvenue...","breadcrumb":{"@id":"https:\/\/parier-presidentielle.com\/betclic-presidentielle-2022\/#breadcrumb"},"inLanguage":"hu","potentialAction":[{"@type":"ReadAction","target":["https:\/\/parier-presidentielle.com\/betclic-presidentielle-2022\/"]}]},{"@type":"BreadcrumbList","@id":"https:\/\/parier-presidentielle.com\/betclic-presidentielle-2022\/#breadcrumb","itemListElement":[{"@type":"ListItem","position":1,"name":"Accueil","item":"https:\/\/parier-presidentielle.com\/"},{"@type":"ListItem","position":2,"name":"Betclic : Parier sur l\u2019\u00e9lection Pr\u00e9sidentielle 2022"}]},{"@type":"WebSite","@id":"https:\/\/parier-presidentielle.com\/#website","url":"https:\/\/parier-presidentielle.com\/","name":"Parier Pr\u00e9sidentielle","description":"Paris, Pronostics, Wiki sur la Politique, les Elections Am\u00e9ricaines: Joe Biden, Donald Trump avec les Bookmakers en ligne Unibet, Bwin, Betclic, Winamax","potentialAction":[{"@type":"SearchAction","target":{"@type":"EntryPoint","urlTemplate":"https:\/\/parier-presidentielle.com\/?s={search_term_string}"},"query-input":"required name=search_term_string"}],"inLanguage":"hu"}]}},"_links":{"self":[{"href":"https:\/\/parier-presidentielle.com\/hu\/wp-json\/wp\/v2\/pages\/235"}],"collection":[{"href":"https:\/\/parier-presidentielle.com\/hu\/wp-json\/wp\/v2\/pages"}],"about":[{"href":"https:\/\/parier-presidentielle.com\/hu\/wp-json\/wp\/v2\/types\/page"}],"author":[{"embeddable":true,"href":"https:\/\/parier-presidentielle.com\/hu\/wp-json\/wp\/v2\/users\/1"}],"replies":[{"embeddable":true,"href":"https:\/\/parier-presidentielle.com\/hu\/wp-json\/wp\/v2\/comments?post=235"}],"version-history":[{"count":39,"href":"https:\/\/parier-presidentielle.com\/hu\/wp-json\/wp\/v2\/pages\/235\/revisions"}],"predecessor-version":[{"id":1825,"href":"https:\/\/parier-presidentielle.com\/hu\/wp-json\/wp\/v2\/pages\/235\/revisions\/1825"}],"wp:attachment":[{"href":"https:\/\/parier-presidentielle.com\/hu\/wp-json\/wp\/v2\/media?parent=235"}],"curies":[{"name":"wp","href":"https:\/\/api.w.org\/{rel}","templated":true}]}}