{"id":24,"date":"2021-08-31T11:54:03","date_gmt":"2021-08-31T09:54:03","guid":{"rendered":"http:\/\/parier-presidentielle.com\/?page_id=24"},"modified":"2023-09-12T23:05:44","modified_gmt":"2023-09-12T21:05:44","slug":"parier-sur-lelection-presidentielle-de-2022-politique-paris","status":"publish","type":"page","link":"https:\/\/parier-presidentielle.com\/hu\/","title":{"rendered":"Fogadjon a politik\u00e1ra \u00e9s a v\u00e1laszt\u00e1sokra a legjobb bukm\u00e9kerekkel: Unibet, Bwin"},"content":{"rendered":"<div class=\"wp-block-group is-layout-flow wp-block-group-is-layout-flow\"><div class=\"wp-block-group__inner-container\">\n<div class=\"wp-block-columns is-layout-flex wp-container-3 wp-block-columns-is-layout-flex\">\n<div class=\"wp-block-column is-layout-flow wp-block-column-is-layout-flow\" style=\"flex-basis:100%\">\n<div class=\"wp-block-group alignwide is-layout-flow wp-block-group-is-layout-flow\"><div class=\"wp-block-group__inner-container\">\n<div class=\"wp-block-media-text alignwide is-stacked-on-mobile is-vertically-aligned-top\" style=\"grid-template-columns:35% auto\"><figure class=\"wp-block-media-text__media\"><img decoding=\"async\" loading=\"lazy\" width=\"1024\" height=\"711\" src=\"https:\/\/parier-presidentielle.com\/wp-content\/uploads\/2022\/12\/biden-vs-trump-1024x711.jpeg\" alt=\"\" class=\"wp-image-1865 size-full\" srcset=\"https:\/\/parier-presidentielle.com\/wp-content\/uploads\/2022\/12\/biden-vs-trump-1024x711.jpeg 1024w, https:\/\/parier-presidentielle.com\/wp-content\/uploads\/2022\/12\/biden-vs-trump-300x208.jpeg 300w, https:\/\/parier-presidentielle.com\/wp-content\/uploads\/2022\/12\/biden-vs-trump-768x533.jpeg 768w, https:\/\/parier-presidentielle.com\/wp-content\/uploads\/2022\/12\/biden-vs-trump-1536x1066.jpeg 1536w, https:\/\/parier-presidentielle.com\/wp-content\/uploads\/2022\/12\/biden-vs-trump-2048x1422.jpeg 2048w, https:\/\/parier-presidentielle.com\/wp-content\/uploads\/2022\/12\/biden-vs-trump-18x12.jpeg 18w\" sizes=\"(max-width: 1024px) 100vw, 1024px\" \/><\/figure><div class=\"wp-block-media-text__content\">\n<p style=\"font-size:18px\"><strong>A Betting Presidential az a referenciaoldal, amely v\u00e9gigvezeti \u00d6nt az els\u0151 fogad\u00e1skor a bukm\u00e9kerekn\u00e9l: Unibet, Betclic, Bwin\u2026 a politik\u00e1r\u00f3l \u00e9s a francia, amerikai \u00e9s nemzetk\u00f6zi eln\u00f6kv\u00e1laszt\u00e1sr\u00f3l<\/strong>.<br><br><strong>\u00datmutat\u00f3 \u00e9s b\u00f3nusz az Egyes\u00fclt \u00c1llamok j\u00f6v\u0151beli eln\u00f6k\u00e9re \u00e9s a m\u00e1sodik fordul\u00f3 gy\u0151ztes\u00e9re val\u00f3 fogad\u00e1shoz: Joe Biden<\/strong> <strong>Macron vagy Donald Trump!<\/strong><\/p>\n<\/div><\/div>\n<\/div><\/div>\n<\/div>\n<\/div>\n<\/div><\/div>\n\n\n\n<div class=\"wp-block-group is-layout-flow wp-block-group-is-layout-flow\"><div class=\"wp-block-group__inner-container\">\n<div class=\"wp-block-columns is-layout-flex wp-container-8 wp-block-columns-is-layout-flex\">\n<div class=\"wp-block-column is-layout-flow wp-block-column-is-layout-flow\" style=\"flex-basis:100%\">\n<div class=\"wp-block-columns is-layout-flex wp-container-6 wp-block-columns-is-layout-flex\">\n<div class=\"wp-block-column is-layout-flow wp-block-column-is-layout-flow\" style=\"flex-basis:100%\">\n<center><script type=\"text\/javascript\" charset=\"utf-8\" src=\"https:\/\/www.gambling-affiliation.com\/cpm\/v=AmIMTDSs92QY6b0MzDMvM5laCjJ-ZlA-1oQ-7tKsi.w_GA7331V2\"><\/script><\/center>\n\n\n\n<p><\/p>\n\n\n\n<div class=\"wp-block-image is-style-default\"><figure class=\"aligncenter size-medium\"><a href=\"https:\/\/parier-presidentielle.com\/hu\/recommends\/unibet-logo\/\" target=\"_blank\" rel=\"no follow noopener\"><img decoding=\"async\" loading=\"lazy\" width=\"300\" height=\"169\" src=\"https:\/\/parier-presidentielle.com\/wp-content\/uploads\/2022\/04\/unibet-300x169.jpg\" alt=\"\" class=\"wp-image-1252\" srcset=\"https:\/\/parier-presidentielle.com\/wp-content\/uploads\/2022\/04\/unibet-300x169.jpg 300w, https:\/\/parier-presidentielle.com\/wp-content\/uploads\/2022\/04\/unibet-1024x576.jpg 1024w, https:\/\/parier-presidentielle.com\/wp-content\/uploads\/2022\/04\/unibet-768x432.jpg 768w, https:\/\/parier-presidentielle.com\/wp-content\/uploads\/2022\/04\/unibet-18x10.jpg 18w, https:\/\/parier-presidentielle.com\/wp-content\/uploads\/2022\/04\/unibet.jpg 1280w\" sizes=\"(max-width: 300px) 100vw, 300px\" \/><\/a><\/figure><\/div>\n<\/div>\n<\/div>\n<\/div>\n<\/div>\n\n\n\n<h2 class=\"wp-block-heading\"><span id=\"guide-et-bonus-pour-parier-sur-le-futur-president-des-etats-unis-joe-biden-ou-donald-trump\">\u00datmutat\u00f3 \u00e9s b\u00f3nusz az Egyes\u00fclt \u00c1llamok leend\u0151 eln\u00f6k\u00e9re: Joe Bidenre vagy Donald Trumpra val\u00f3 fogad\u00e1shoz <\/span><\/h2>\n\n\n\n<p>Az Egyes\u00fclt \u00c1llamok eln\u00f6kv\u00e1laszt\u00e1sa az\u00e9rt vonzza a vil\u00e1g figyelm\u00e9t, mert a k\u00f6vetkez\u0151 eln\u00f6k megv\u00e1laszt\u00e1sa olyan jelent\u0151s esem\u00e9ny, amely jelent\u0151s hat\u00e1ssal lehet az orsz\u00e1g j\u00f6v\u0151j\u00e9re. 2020-ban az <strong>Joe Biden<\/strong> akit eln\u00f6kk\u00e9 v\u00e1lasztottak, lez\u00e1rva a korszakot <strong>Adu<\/strong> \u00e9s \u00faj \u00e9letet hoz az amerikai politik\u00e1ba. Ez azonban nem jelenti azt, hogy a fogad\u00f3irod\u00e1knak ne lenne es\u00e9ly\u00fck a k\u00f6vetkez\u0151 eln\u00f6kv\u00e1laszt\u00e1sra, k\u00fcl\u00f6n\u00f6sen a 2024-es v\u00e1laszt\u00e1sokra. Sz\u00e1mos online fogad\u00e1si oldal, p\u00e9ld\u00e1ul az Unibet, a Betclic \u00e9s a Bwin k\u00edn\u00e1l oddsokat a k\u00fcl\u00f6nb\u00f6z\u0151 eln\u00f6kjel\u00f6ltekre, k\u00f6zt\u00fck Joe Bidenre is. \u00e9s Donald Trump.<\/p>\n\n\n\n<h2 class=\"wp-block-heading\"><span id=\"voici-donc-un-guide-pour-vous-aider-a-parier-sur-le-futur-president-des-etats-unis\">\u00cdme egy \u00fatmutat\u00f3, amely seg\u00edt fogadni az Egyes\u00fclt \u00c1llamok leend\u0151 eln\u00f6k\u00e9re:<\/span><\/h2>\n\n\n\n<p><strong>Ismerje meg a k\u00fcl\u00f6nb\u00f6z\u0151 jel\u00f6lteket \u00e9s ir\u00e1nyelveiket<\/strong> Fontos, hogy a fogad\u00e1si d\u00f6nt\u00e9s meghozatala el\u0151tt t\u00e1j\u00e9koz\u00f3djon a k\u00fcl\u00f6nb\u00f6z\u0151 jel\u00f6ltekr\u0151l \u00e9s politik\u00e1ikr\u00f3l. Ez lehet\u0151v\u00e9 teszi, hogy jobban meg\u00e9rtse \u00e1ll\u00e1spontjukat a kulcsfontoss\u00e1g\u00fa k\u00e9rd\u00e9sekben, \u00e9s hogy \u00f6sszhangban vannak-e saj\u00e1t \u00e9rt\u00e9keivel \u00e9s meggy\u0151z\u0151d\u00e9seivel. <strong>Tekintse meg a fogad\u00f3irod\u00e1k \u00e1ltal k\u00edn\u00e1lt es\u00e9lyeket<\/strong> A fogad\u00f3irod\u00e1k \u00e1ltal\u00e1ban szorz\u00f3t k\u00edn\u00e1lnak a k\u00fcl\u00f6nb\u00f6z\u0151 eln\u00f6kjel\u00f6ltekre. Ezek az es\u00e9lyek jelzik az egyes jel\u00f6ltek v\u00e1laszt\u00e1si gy\u0151zelm\u00e9nek val\u00f3sz\u00edn\u0171s\u00e9g\u00e9t, \u00e9s k\u00f6zv\u00e9lem\u00e9ny-kutat\u00e1son, politikai elemz\u00e9sen \u00e9s a gazdas\u00e1g \u00e1llapot\u00e1n, valamint egy\u00e9b olyan t\u00e9nyez\u0151k\u00f6n alapulnak, amelyek befoly\u00e1solhatj\u00e1k a v\u00e9gs\u0151 eredm\u00e9nyt. <strong>Fogadj felel\u0151ss\u00e9gteljesen<\/strong> Fontos megjegyezni, hogy az eln\u00f6kv\u00e1laszt\u00e1sra val\u00f3 fogad\u00e1s kock\u00e1zatos lehet, \u00e9s mindig felel\u0151ss\u00e9gteljesen kell fogadnia. \u00dcgyeljen arra, hogy csak annyit fogadjon, amennyit megengedhet mag\u00e1nak, \u00e9s tartsa be az egyes bukm\u00e9kerek \u00e1ltal meghat\u00e1rozott fogad\u00e1si limiteket. <strong>K\u00f6vesse a politikai esem\u00e9nyeket \u00e9s a szavaz\u00e1sokat<\/strong> Fontos, hogy t\u00e1j\u00e9koz\u00f3djon a leg\u00fajabb fejlem\u00e9nyekr\u0151l, \u00e9s k\u00f6vesse a politikai esem\u00e9nyeket \u00e9s a k\u00f6zv\u00e9lem\u00e9ny-kutat\u00e1sokat<\/p>\n\n\n\n<ul><li><a href=\"https:\/\/thcp.wiki\/news-thcp\/thcv-et-le-pardon-du-cannabis\/\">A THCV z\u00f6ld igazs\u00e1gszolg\u00e1ltat\u00e1sa \u00e9s a kannabisz megbocs\u00e1t\u00e1sa<\/a><\/li><li><a href=\"https:\/\/thcp.wiki\/news-thcp\/les-merveilles-cachees-du-cannabis-thcp-thcv\/\">A kannabisz rejtett csod\u00e1i: THCP, THCV<\/a><\/li><li><a href=\"https:\/\/thcp.wiki\/news-thcp\/thcp-thcv-les-bienfaits-caches-derriere-la-reforme-du-cannabis\/\">THCP, THCV: A kannabiszreform m\u00f6g\u00f6tt rejl\u0151 el\u0151ny\u00f6k<\/a><\/li><\/ul>\n\n\n\n<p>A megfelel\u0151 bukm\u00e9kerrel (Bwin, Unibet, Betclic stb.) a leend\u0151 eln\u00f6kre tett fogad\u00e1s ez\u00e9rt nagyon kifizet\u0151d\u0151 lehet, mert a k\u00f6zv\u00e9lem\u00e9ny-kutat\u00e1sok vagy a politikai v\u00e9lem\u00e9nyek gyakran f\u00e9lrevezet\u0151nek bizonyulnak! Teh\u00e1t a j\u00f3 fogad\u00e1s \u00e9s a nyer\u00e9s \u00e9rdek\u00e9ben keresse meg ingyenes f\u00e1jljainkat oldalunkon, amelyek kiz\u00e1r\u00f3lag az eln\u00f6kv\u00e1laszt\u00e1shoz k\u00e9sz\u00fcltek  <\/p>\n\n\n\n<h3 class=\"wp-block-heading\"><span id=\"les-specificite-du-paris-politique\">A politikai P\u00e1rizs saj\u00e1toss\u00e1gai<\/span><\/h3>\n\n\n\n<p>Az els\u0151 l\u00e9p\u00e9s a fogad\u00e1s m\u0171k\u00f6d\u00e9s\u00e9nek meg\u00e9rt\u00e9se. A leggyakoribb fogad\u00e1sok arra vonatkoznak, hogy melyik jel\u00f6lt nyeri meg a legnagyobb val\u00f3sz\u00edn\u0171s\u00e9ggel a v\u00e1laszt\u00e1st. Fogadhat a kedvenc jel\u00f6ltre (akir\u0151l \u00fagy gondolja, hogy nyer), vagy az es\u00e9lytelenebbre (aki nem a favorit).<\/p>\n\n\n\n<p>Ha a favoritra tippel, nyer\u00e9s eset\u00e9n kap egy kis p\u00e9nzt, mert nagyon val\u00f3sz\u00edn\u0171, hogy ezt a jel\u00f6ltet v\u00e1lasztj\u00e1k meg. Ha egy es\u00e9lytelenebbre fogad, t\u00f6bb p\u00e9nzt kap, ha nyer, mert ez a lehet\u0151s\u00e9g kev\u00e9sb\u00e9 val\u00f3sz\u00edn\u0171. J\u00f3 h\u00edr, hogy az Unibet ak\u00e1r 150 \u20ac-t is visszat\u00e9r\u00edt az els\u0151 fogad\u00e1sod\u00e9rt, \u00edgy a kock\u00e1zatod korl\u00e1tozott marad!<\/p>\n\n\n\n<h2 class=\"wp-block-heading\" id=\"fdquelle-est-le-meilleur-site-de-paris-en-ligne-bookmaker-pour-la-politique\"><span id=\"quelle-est-le-meilleur-site-de-paris-en-ligne-bookmaker-pour-la-politique\">Melyik a legjobb online P\u00e1rizs \/ Bukm\u00e9ker-oldal a politik\u00e1hoz?<\/span><\/h2>\n\n\n\n<p><\/p>\n\n\n\n<p>Csak\u00fagy, mint a sportfogad\u00e1s, a politik\u00e1ra val\u00f3 fogad\u00e1s is lehets\u00e9ges, k\u00fcl\u00f6n\u00f6sen a bukm\u00e9kerek k\u00edn\u00e1lnak \u00e9rdekes es\u00e9lyeket \u00faj j\u00e1t\u00e9kosok \u00e9s fogad\u00f3k vonz\u00e1s\u00e1ra!  <br>V\u00e1lasszon a k\u00fcl\u00f6nb\u00f6z\u0151 bukm\u00e9kerek k\u00f6z\u00f6tt, \u00e9s fogadjon Franciaorsz\u00e1g leend\u0151 eln\u00f6k\u00e9re 2022-ben: <\/p>\n\n\n\n<ul>\n<li><mark style=\"background-color:rgba(0, 0, 0, 0);color:#0d7a12\" class=\"has-inline-color\"><strong>Unibet: A legjobb szorz\u00f3k \u00e9s b\u00f3nuszok, az \u00e1ltalunk aj\u00e1nlott bukm\u00e9ker<\/strong><\/mark>!<\/li>\n\n\n\n<li>Bwin: A legr\u00e9gebbi p\u00e1rizsi helysz\u00edn<\/li>\n\n\n\n<li>Betclic: A kih\u00edv\u00f3<\/li>\n\n\n\n<li>NetBet: Az \u00faj gyerek<\/li>\n\n\n\n<li>Winamax: A hivatkoz\u00e1s a p\u00f3kerben<\/li>\n\n\n\n<li>1xBit: Az eredeti az egyetlen, amely felaj\u00e1nlotta, hogy j\u00e1tsszon \u00e9s nyerjen Bitcoinban<\/li>\n\n\n\n<li><a href=\"https:\/\/wikihhc.com\/\">HHC <\/a>: a referencia wiki a HHC-n<\/li>\n<\/ul>\n\n\n\n<h2 class=\"wp-block-heading\" id=\"comment-realiser-son-premier-paris-en-ligne\"><span id=\"comment-realiser-son-premier-paris-en-ligne\">Hogyan k\u00f6sd meg els\u0151 fogad\u00e1sodat online?<\/span><\/h2>\n\n\n\n<p>Keresse meg ingyenes \u00fatmutat\u00f3nkat az online fogad\u00e1s megkezd\u00e9s\u00e9hez l\u00e9p\u00e9sr\u0151l l\u00e9p\u00e9sre, a legjobb online fogad\u00f3irod\u00e1k oldalaival \u00e9s alkalmaz\u00e1saival. Minden es\u00e9ly \u00e9s el\u0151rejelz\u00e9s\u00fcnk az Elys\u00e9e-i versenyre vonatkoz\u00f3an.<\/p>\n\n\n\n<p class=\"has-text-align-center unibet\" style=\"font-size:25px\"><mark style=\"background-color:rgba(0, 0, 0, 0);color:#0d7a12\" class=\"has-inline-color\"><strong><a href=\"https:\/\/parier-presidentielle.com\/hu\/recommends\/unibet-text\/\">100 \u20ac b\u00f3nusz az Unibetn\u00e9l <br>Az els\u0151 online fogad\u00e1shoz: Kattintson ide<\/a><\/strong><\/mark><\/p>\n\n\n\n<h2 class=\"wp-block-heading\" id=\"les-candidats-2022-a-la-presidentielle\"><span id=\"les-candidats-2022-a-la-presidentielle\">A 2022-es eln\u00f6kjel\u00f6ltek<\/span><\/h2>\n\n\n\n<p>A m\u00e1sodik fordul\u00f3ra 2022. \u00e1prilis 24-\u00e9n vas\u00e1rnap ker\u00fcl sor az \u00e1prilis 10-i meglep\u0151 els\u0151 fordul\u00f3 ut\u00e1n! <br>A k\u00f6zv\u00e9lem\u00e9ny-kutat\u00e1sok hetente v\u00e1ltoztatj\u00e1k a helyzetet a h\u00edrek \u00e9s egy\u00e9b fejlem\u00e9nyek f\u00fcggv\u00e9ny\u00e9ben, \u00edgy az ukrajnai h\u00e1bor\u00fa megv\u00e1ltoztatta Macron szorz\u00f3it a bukm\u00e9kerek k\u00f6z\u00f6tt, ingyenesen megtal\u00e1lhatja a Bwin, Unibet, Betclic fogad\u00f3irod\u00e1k \u00f6sszes j\u00f3slat\u00e1t \u00e9s odds\u00e1t, hogy online fogadhasson a j\u00f6v\u0151re. a 2022-es eln\u00f6kv\u00e1laszt\u00e1s gy\u0151ztese a m\u00e1sodik fordul\u00f3 d\u00f6nt\u0151sei k\u00f6z\u00f6tt:<br>Emmanuel Macron (La R\u00e9publique En Marche), Marine Le Pen (Nemzeti Rally)<\/p>\n\n\n\n<p>Valamint a szavaz\u00e1si utas\u00edt\u00e1sok vesztes jel\u00f6ltek \u00e9s m\u00e1s politikusok eset\u00e9ben: Val\u00e9rie P\u00e9cresse (Les R\u00e9publicains), Anne Hidalgo (Szocialista P\u00e1rt), Jean-Luc M\u00e9lenchon (La France insoumise), Yannick Jadot (Europe-\u00c9cologie-Les Verts) \u00e9s a k\u00edv\u00fcl\u00e1ll\u00f3 jel\u00f6ltek:<br>Christiane Taubira, \u00c9douard Philippe, Nicolas Dupont-Aignan, Nicolas Sarkozy, Benoit Hamon, Fran\u00e7ois Fillon, S\u00e9gol\u00e8ne Royal, Fran\u00e7ois Asselineau (UPR), Fran\u00e7ois Hollande \u00e9s Eric Zemmour \u00fajs\u00e1g\u00edr\u00f3.<\/p>\n\n\n\n<p>Mi a politikusok v\u00e9lem\u00e9nye a kannabiszr\u00f3l? : <a href=\"https:\/\/thcv.wiki\/\">Thcv<\/a>, <a href=\"https:\/\/h4cbd.wiki\/\">H4CBD<\/a>, <a href=\"https:\/\/h4cbd.wiki\/\">THCP<\/a>&#8230;<\/p>\n\n\n\n<ul><li><a href=\"https:\/\/wiki-cannabis.com\/actualites\/decouvrez-les-secrets-du-cannabis-hhc-h4cbd-thcp-hhcp-o\/\">Fedezze fel a kannabisz titkait: HHC, H4CBD, THCP, HHCP-O<\/a><\/li><li><a href=\"https:\/\/wiki-cannabis.com\/actualites\/decouverte-du-cbd-une-revolution-verte-dans-l-empire-de-l-herbe\/\">A H4CBD, THCP, HHC felfedez\u00e9se: Z\u00f6ld forradalom a gyomok birodalm\u00e1ban<\/a><\/li><li><a href=\"https:\/\/wiki-cannabis.com\/actualites\/le-cannabis-et-les-nouveaux-cbd-h4cbd-thcp-hhc\/\">A kannabisz \u00e9s az \u00faj CBD-k: H4CBD, THCP, HHC<\/a><\/li><\/ul>\n\n\n\n<h2 class=\"wp-block-heading\"><span id=\"les-dossiers-de-parier-presidentiellecom\"><br>A Parier-Pr\u00e9sidentielle.com f\u00e1jljai<\/span><\/h2>\n\n\n\n<h2 class=\"wp-block-heading\"><span id=\"i\"> <\/span><\/h2>\n\n\n\n<h3 class=\"wp-block-heading\"><span id=\"selection-des-meilleurs-bookmakers\">A legjobb bukm\u00e9kerek v\u00e1logat\u00e1sa<\/span><\/h3>\n\n\n\n<ul>\n<li><strong><a href=\"https:\/\/parier-presidentielle.com\/hu\/unibet-politika-valasztas-2022\/\">Unibet: Online fogad\u00e1s az eln\u00f6kv\u00e1laszt\u00e1sra<\/a><\/strong><\/li>\n\n\n\n<li><a href=\"https:\/\/parier-presidentielle.com\/hu\/bwin-politika-valasztas-2022\/\"><strong>Bwin <\/strong>: A bukm\u00e9ker a 2022-es eln\u00f6kv\u00e1laszt\u00e1sra fogad<\/a>\n<ul>\n<li><a href=\"https:\/\/parier-presidentielle.com\/hu\/bwin-paris-on-politics\/\">Bwin: Fogad\u00e1sok a politik\u00e1ra<\/a><\/li>\n<\/ul>\n<\/li>\n\n\n\n<li><a href=\"https:\/\/parier-presidentielle.com\/hu\/betclic-presidential-2022\/\">Betclic: Fogadjon a 2022-es eln\u00f6kv\u00e1laszt\u00e1sra<\/a><\/li>\n\n\n\n<li><a href=\"https:\/\/parier-presidentielle.com\/hu\/netbet-paris-politics-valasztas-2022\/\">NetBet: Bukm\u00e9ker<\/a><\/li>\n\n\n\n<li><a href=\"https:\/\/parier-presidentielle.com\/hu\/1xbit-hazirend\/\">1xBit: J\u00e1tssz kriptovalut\u00e1ban<\/a><\/li>\n\n\n\n<li>Betway<\/li>\n<\/ul>\n\n\n\n<h3 class=\"wp-block-heading\"><span id=\"comparatif-des-site-de-paris\">Fogad\u00e1si oldalak \u00f6sszehasonl\u00edt\u00e1sa<\/span><\/h3>\n\n\n\n<ul>\n<li><a href=\"https:\/\/parier-presidentielle.com\/hu\/bukmeker-valasztas-politika-2022\/\">Bukm\u00e9ker: Hol lehet a legjobban fogadni a politik\u00e1ra \u00e9s a 2022-es eln\u00f6kv\u00e1laszt\u00e1sra?<\/a><\/li>\n\n\n\n<li><a href=\"https:\/\/parier-presidentielle.com\/hu\/bukmekerek-macron-le-pen\/\">Bukm\u00e9kerek es\u00e9lyei a Macron \u2013 Le Pen meccs politikai d\u00f6nt\u0151j\u00e9re<\/a><\/li>\n<\/ul>\n\n\n\n<h3 class=\"wp-block-heading\"><span id=\"les-candidats-toutes-les-cotes-sondages-et-nos-pronotics\">A jel\u00f6ltek: minden es\u00e9ly, felm\u00e9r\u00e9s \u00e9s el\u0151rejelz\u00e9s\u00fcnk<\/span><\/h3>\n\n\n\n<ul>\n<li><a href=\"https:\/\/parier-presidentielle.com\/hu\/makro-valasztas\/\">Emmanuel Macron a v\u00e1laszt\u00e1sok kedvence<\/a><\/li>\n\n\n\n<li><a href=\"https:\/\/parier-presidentielle.com\/hu\/marine-le-pen-valasztas\/\">P\u00e1rizs Marine Le Pen megv\u00e1laszt\u00e1s\u00e1r\u00f3l<\/a><\/li>\n\n\n\n<li><a href=\"https:\/\/parier-presidentielle.com\/hu\/macron-le-pen-bukmeker\/\">Macron \u2013 Le Pen: a fogad\u00f3irod\u00e1k megadj\u00e1k az es\u00e9lyeiket<\/a><\/li>\n\n\n\n<li><a href=\"https:\/\/parier-presidentielle.com\/hu\/terv\/\">Webhelyt\u00e9rk\u00e9p<\/a><\/li>\n<\/ul>\n<\/div><\/div>\n\n\n\n<p class=\"has-text-align-center\" style=\"font-size:25px\"><\/p>\n\n\n\n\n<div class=\"wp-block-image\">\n<figure class=\"aligncenter size-large is-resized wp-duotone-000097-ff4747-10\"><img decoding=\"async\" loading=\"lazy\" src=\"https:\/\/parier-presidentielle.com\/wp-content\/uploads\/2021\/09\/election-standard-scale-4_00x-gigapixel-1024x623.jpg\" alt=\"\" class=\"wp-image-188\" style=\"width:256px;height:156px\" width=\"256\" height=\"156\" srcset=\"https:\/\/parier-presidentielle.com\/wp-content\/uploads\/2021\/09\/election-standard-scale-4_00x-gigapixel-1024x623.jpg 1024w, https:\/\/parier-presidentielle.com\/wp-content\/uploads\/2021\/09\/election-standard-scale-4_00x-gigapixel-300x182.jpg 300w, https:\/\/parier-presidentielle.com\/wp-content\/uploads\/2021\/09\/election-standard-scale-4_00x-gigapixel-768x467.jpg 768w, https:\/\/parier-presidentielle.com\/wp-content\/uploads\/2021\/09\/election-standard-scale-4_00x-gigapixel-1536x934.jpg 1536w, https:\/\/parier-presidentielle.com\/wp-content\/uploads\/2021\/09\/election-standard-scale-4_00x-gigapixel-2048x1245.jpg 2048w\" sizes=\"(max-width: 256px) 100vw, 256px\" \/><\/figure><\/div><div id=\"toc_container\" class=\"no_bullets\"><p class=\"toc_title\">Tartalom<\/p><ul class=\"toc_list\"><li><\/li><li><ul><li><\/li><\/ul><\/li><li><\/li><li><\/li><li><\/li><li><\/li><li><ul><li><\/li><li><\/li><li><\/li><\/ul><\/li><\/ul><\/div>","protected":false},"excerpt":{"rendered":"<p>Parier Pr\u00e9sidentielle est le site de r\u00e9f\u00e9rence pour vous guider lors de votre premier pari avec les bookmakers : Unibet, Betclic, Bwin&#8230; sur la Politique et les \u00e9lections Pr\u00e9sidentielle Fran\u00e7aises, Am\u00e9ricaines et Internationales. Guide et bonus pour Parier sur le Futur Pr\u00e9sident des Etats-Unis et Vainqueur du Second tour : Joe Biden Macron ou Donald &#8230;<\/p>","protected":false},"author":1,"featured_media":0,"parent":0,"menu_order":0,"comment_status":"closed","ping_status":"closed","template":"page-nosidebar.php","meta":{"footnotes":""},"yoast_head":"<!-- This site is optimized with the Yoast SEO Premium plugin v21.0 (Yoast SEO v21.0) - https:\/\/yoast.com\/wordpress\/plugins\/seo\/ -->\n<title>Parier Politique &amp; Elections : Cotes &amp; Bonus des Bookmakers<\/title>\n<meta name=\"description\" content=\"Pariez sur toutes les \u00e9lections Am\u00e9ricaines, Fran\u00e7aises : Guide des Bookmakers, Pronostics, 100\u20ac de Bonus Exclusif offert ici !\" \/>\n<meta name=\"robots\" content=\"index, follow, max-snippet:-1, max-image-preview:large, max-video-preview:-1\" \/>\n<link rel=\"canonical\" href=\"https:\/\/parier-presidentielle.com\/hu\/\" \/>\n<meta property=\"og:locale\" content=\"hu_HU\" \/>\n<meta property=\"og:type\" content=\"article\" \/>\n<meta property=\"og:title\" content=\"Parier sur la Politique et les Elections avec les meilleurs Bookmakers : Unibet, Bwin\" \/>\n<meta property=\"og:description\" content=\"Pariez sur toutes les \u00e9lections Am\u00e9ricaines, Fran\u00e7aises : Guide des Bookmakers, Pronostics, 100\u20ac de Bonus Exclusif offert ici !\" \/>\n<meta property=\"og:url\" content=\"https:\/\/parier-presidentielle.com\/hu\/\" \/>\n<meta property=\"og:site_name\" content=\"Parier Pr\u00e9sidentielle\" \/>\n<meta property=\"article:modified_time\" content=\"2023-09-12T21:05:44+00:00\" \/>\n<meta property=\"og:image\" content=\"https:\/\/parier-presidentielle.com\/wp-content\/uploads\/2022\/12\/biden-vs-trump-1024x711.jpeg\" \/>\n<meta name=\"twitter:card\" content=\"summary_large_image\" \/>\n<meta name=\"twitter:label1\" content=\"Est. reading time\" \/>\n\t<meta name=\"twitter:data1\" content=\"6 perc\" \/>\n<script type=\"application\/ld+json\" class=\"yoast-schema-graph\">{\"@context\":\"https:\/\/schema.org\",\"@graph\":[{\"@type\":\"WebPage\",\"@id\":\"https:\/\/parier-presidentielle.com\/\",\"url\":\"https:\/\/parier-presidentielle.com\/\",\"name\":\"Parier Politique & Elections : Cotes & Bonus des Bookmakers\",\"isPartOf\":{\"@id\":\"https:\/\/parier-presidentielle.com\/#website\"},\"datePublished\":\"2021-08-31T09:54:03+00:00\",\"dateModified\":\"2023-09-12T21:05:44+00:00\",\"description\":\"Pariez sur toutes les \u00e9lections Am\u00e9ricaines, Fran\u00e7aises : Guide des Bookmakers, Pronostics, 100\u20ac de Bonus Exclusif offert ici !\",\"breadcrumb\":{\"@id\":\"https:\/\/parier-presidentielle.com\/#breadcrumb\"},\"inLanguage\":\"hu\",\"potentialAction\":[{\"@type\":\"ReadAction\",\"target\":[\"https:\/\/parier-presidentielle.com\/\"]}]},{\"@type\":\"BreadcrumbList\",\"@id\":\"https:\/\/parier-presidentielle.com\/#breadcrumb\",\"itemListElement\":[{\"@type\":\"ListItem\",\"position\":1,\"name\":\"Accueil\",\"item\":\"https:\/\/parier-presidentielle.com\/\"},{\"@type\":\"ListItem\",\"position\":2,\"name\":\"Parier sur la Politique et les Elections avec les meilleurs Bookmakers : Unibet, Bwin\"}]},{\"@type\":\"WebSite\",\"@id\":\"https:\/\/parier-presidentielle.com\/#website\",\"url\":\"https:\/\/parier-presidentielle.com\/\",\"name\":\"Parier Pr\u00e9sidentielle\",\"description\":\"Paris, Pronostics, Wiki sur la Politique, les Elections Am\u00e9ricaines: Joe Biden, Donald Trump avec les Bookmakers en ligne Unibet, Bwin, Betclic, Winamax\",\"potentialAction\":[{\"@type\":\"SearchAction\",\"target\":{\"@type\":\"EntryPoint\",\"urlTemplate\":\"https:\/\/parier-presidentielle.com\/?s={search_term_string}\"},\"query-input\":\"required name=search_term_string\"}],\"inLanguage\":\"hu\"}]}<\/script>\n<!-- \/ Yoast SEO Premium plugin. -->","yoast_head_json":{"title":"Parier Politique & Elections : Cotes & Bonus des Bookmakers","description":"Pariez sur toutes les \u00e9lections Am\u00e9ricaines, Fran\u00e7aises : Guide des Bookmakers, Pronostics, 100\u20ac de Bonus Exclusif offert ici !","robots":{"index":"index","follow":"follow","max-snippet":"max-snippet:-1","max-image-preview":"max-image-preview:large","max-video-preview":"max-video-preview:-1"},"canonical":"https:\/\/parier-presidentielle.com\/hu\/","og_locale":"hu_HU","og_type":"article","og_title":"Parier sur la Politique et les Elections avec les meilleurs Bookmakers : Unibet, Bwin","og_description":"Pariez sur toutes les \u00e9lections Am\u00e9ricaines, Fran\u00e7aises : Guide des Bookmakers, Pronostics, 100\u20ac de Bonus Exclusif offert ici !","og_url":"https:\/\/parier-presidentielle.com\/hu\/","og_site_name":"Parier Pr\u00e9sidentielle","article_modified_time":"2023-09-12T21:05:44+00:00","og_image":[{"url":"https:\/\/parier-presidentielle.com\/wp-content\/uploads\/2022\/12\/biden-vs-trump-1024x711.jpeg"}],"twitter_card":"summary_large_image","twitter_misc":{"Est. reading time":"6 perc"},"schema":{"@context":"https:\/\/schema.org","@graph":[{"@type":"WebPage","@id":"https:\/\/parier-presidentielle.com\/","url":"https:\/\/parier-presidentielle.com\/","name":"Parier Politique & Elections : Cotes & Bonus des Bookmakers","isPartOf":{"@id":"https:\/\/parier-presidentielle.com\/#website"},"datePublished":"2021-08-31T09:54:03+00:00","dateModified":"2023-09-12T21:05:44+00:00","description":"Pariez sur toutes les \u00e9lections Am\u00e9ricaines, Fran\u00e7aises : Guide des Bookmakers, Pronostics, 100\u20ac de Bonus Exclusif offert ici !","breadcrumb":{"@id":"https:\/\/parier-presidentielle.com\/#breadcrumb"},"inLanguage":"hu","potentialAction":[{"@type":"ReadAction","target":["https:\/\/parier-presidentielle.com\/"]}]},{"@type":"BreadcrumbList","@id":"https:\/\/parier-presidentielle.com\/#breadcrumb","itemListElement":[{"@type":"ListItem","position":1,"name":"Accueil","item":"https:\/\/parier-presidentielle.com\/"},{"@type":"ListItem","position":2,"name":"Parier sur la Politique et les Elections avec les meilleurs Bookmakers : Unibet, Bwin"}]},{"@type":"WebSite","@id":"https:\/\/parier-presidentielle.com\/#website","url":"https:\/\/parier-presidentielle.com\/","name":"Parier Pr\u00e9sidentielle","description":"Paris, Pronostics, Wiki sur la Politique, les Elections Am\u00e9ricaines: Joe Biden, Donald Trump avec les Bookmakers en ligne Unibet, Bwin, Betclic, Winamax","potentialAction":[{"@type":"SearchAction","target":{"@type":"EntryPoint","urlTemplate":"https:\/\/parier-presidentielle.com\/?s={search_term_string}"},"query-input":"required name=search_term_string"}],"inLanguage":"hu"}]}},"_links":{"self":[{"href":"https:\/\/parier-presidentielle.com\/hu\/wp-json\/wp\/v2\/pages\/24"}],"collection":[{"href":"https:\/\/parier-presidentielle.com\/hu\/wp-json\/wp\/v2\/pages"}],"about":[{"href":"https:\/\/parier-presidentielle.com\/hu\/wp-json\/wp\/v2\/types\/page"}],"author":[{"embeddable":true,"href":"https:\/\/parier-presidentielle.com\/hu\/wp-json\/wp\/v2\/users\/1"}],"replies":[{"embeddable":true,"href":"https:\/\/parier-presidentielle.com\/hu\/wp-json\/wp\/v2\/comments?post=24"}],"version-history":[{"count":194,"href":"https:\/\/parier-presidentielle.com\/hu\/wp-json\/wp\/v2\/pages\/24\/revisions"}],"predecessor-version":[{"id":2483,"href":"https:\/\/parier-presidentielle.com\/hu\/wp-json\/wp\/v2\/pages\/24\/revisions\/2483"}],"wp:attachment":[{"href":"https:\/\/parier-presidentielle.com\/hu\/wp-json\/wp\/v2\/media?parent=24"}],"curies":[{"name":"wp","href":"https:\/\/api.w.org\/{rel}","templated":true}]}}