{"id":255,"date":"2021-09-14T16:48:34","date_gmt":"2021-09-14T14:48:34","guid":{"rendered":"https:\/\/parier-presidentielle.com\/?page_id=255"},"modified":"2022-04-14T15:41:15","modified_gmt":"2022-04-14T13:41:15","slug":"netbet-paris-politique-election-2022","status":"publish","type":"page","link":"https:\/\/parier-presidentielle.com\/hu\/netbet-paris-politics-valasztas-2022\/","title":{"rendered":"NetBet: Fogad\u00e1s a politik\u00e1ra \u00e9s a 2022-es eln\u00f6kv\u00e1laszt\u00e1sra"},"content":{"rendered":"<p> <\/p>\n\n\n\n<a href=\"https:\/\/banners.livepartners.com\/click.php?z=151480\" target=\"_blank\" rel=\"noopener\"><img decoding=\"async\" loading=\"lazy\" src=\"https:\/\/banners.livepartners.com\/view.php?z=151480\" border=\"0\" width=\"728\" height=\"90\"><\/a>\n\n\n\n\n\n<h2 class=\"wp-block-heading\" id=\"quelle-est-l-offre-du-bookmaker-netbet-2022\"><span id=\"quelle-est-l8217offre-du-bookmaker-netbet-2022\">Mi a NetBet Bukm\u00e9ker 2022 aj\u00e1nlata?<\/span><\/h2>\n\n\n\n<p class=\"has-text-align-left\">A Netbet jelenleg a legjobb b\u00f3nuszt k\u00edn\u00e1lja 100 \u20ac online fogad\u00e1shoz!<br>A b\u00f3nusz el\u00e9r\u00e9s\u00e9hez egyszer\u0171en l\u00e9pjen partner\u00fcnk linkj\u00e9re:<\/p>\n\n\n\n<h2 class=\"has-text-align-center wp-block-heading\" id=\"100-offerts-sur-votre-1er-pari-cliquez-ici\"><span id=\"100e-offerts-sur-votre-1er-pari-cliquez-ici\"><br><a href=\"https:\/\/banners.livepartners.com\/click.php?z=151505\" target=\"_blank\" rel=\"noreferrer noopener nofollow\">100 \u20ac felaj\u00e1nl\u00e1s az els\u0151 fogad\u00e1skor! Kattints ide<\/a><\/span><\/h2>\n\n\n\n<h3 class=\"wp-block-heading\"><span id=\"i\"><br><\/span><\/h3>\n\n\n\n<h2 class=\"wp-block-heading\" id=\"netbet\"><span id=\"netbet\">NetBet<\/span><\/h2>\n\n\n\n<p><br>A NetBet a NetBet Enterprises Ltd. tulajdon\u00e1ban l\u00e9v\u0151 online szerencsej\u00e1t\u00e9k-\u00fczemeltet\u0151. A platform \u00e9l\u0151 \u00e9s \u00e9l\u0151 sportfogad\u00e1st, virtu\u00e1lis meccsekre \u00e9s nemzetk\u00f6zi lott\u00f3kra, online kaszin\u00f3ra, online p\u00f3kerre \u00e9s \u00e9l\u0151 kaszin\u00f3 platformra k\u00edn\u00e1l fogad\u00e1st. A c\u00e9g sz\u00e1mos piacon m\u0171k\u00f6dik, k\u00f6zt\u00fck Rom\u00e1ni\u00e1ban, az Egyes\u00fclt Kir\u00e1lys\u00e1gban, N\u00e9metorsz\u00e1gban, \u00cdrorsz\u00e1gban \u00e9s D\u00e9l-Amerik\u00e1ban, Jap\u00e1nban \u00e9s sok m\u00e1s orsz\u00e1gban. A NetBet angol, n\u00e9met, jap\u00e1n, spanyol, olasz, francia, g\u00f6r\u00f6g, rom\u00e1n, portug\u00e1l \u00e9s finn nyelven \u00e9rhet\u0151 el. A NetBet k\u00f6zpontja M\u00e1lt\u00e1n tal\u00e1lhat\u00f3, irod\u00e1i pedig az Egyes\u00fclt Kir\u00e1lys\u00e1gban, Franciaorsz\u00e1gban, Rom\u00e1ni\u00e1ban \u00e9s az Egyes\u00fclt \u00c1llamokban tal\u00e1lhat\u00f3k. Jelenleg mintegy 500 alkalmazottat foglalkoztat.<\/p>\n\n\n\n<p>A NetBet 2006 \u00f3ta rendelkezik eur\u00f3pai enged\u00e9llyel M\u00e1lt\u00e1n. A NetBet az Egyes\u00fclt Kir\u00e1lys\u00e1g Szerencsej\u00e1t\u00e9k Bizotts\u00e1ga 3637 enged\u00e9ly\u00e9vel rendelkezik, \u00e9s \u00cdrorsz\u00e1gban, Nig\u00e9ri\u00e1ban, Mexik\u00f3ban \u00e9s G\u00f6r\u00f6gorsz\u00e1gban. Az olaszorsz\u00e1gi \u00e9s franciaorsz\u00e1gi online kaszin\u00f3k a NetBet Enterprises m\u00e1rkan\u00e9v alatt is m\u0171k\u00f6dnek. A NetBet szint\u00e9n 2015-ben kapott enged\u00e9lyt a rom\u00e1niai m\u0171k\u00f6d\u00e9sre, \u00edgy az els\u0151 3 oldal egyike lett, amely online szerencsej\u00e1t\u00e9kokat k\u00edn\u00e1l Rom\u00e1ni\u00e1ban.<\/p>\n\n\n\n<p>A NetBet Sport \u00e9l\u0151 \u00e9s \u00e9l\u0151 online sportfogad\u00e1st k\u00edn\u00e1l. A j\u00e1t\u00e9kosoknak lehet\u0151s\u00e9g\u00fck van arra is, hogy eSportra fogadjanak bizonyos speci\u00e1lis piacokon, amelyek a politik\u00e1ra, valamint a filmek \u00e9s a telev\u00edzi\u00f3s d\u00edjakra vonatkoznak. A pontos \u00e9s v\u00e9letlenszer\u0171 100% eredm\u00e9nyek biztos\u00edt\u00e1sa \u00e9rdek\u00e9ben a NetBet k\u00fcl\u00f6n-k\u00fcl\u00f6n k\u00e9t v\u00e9letlensz\u00e1m-gener\u00e1tort haszn\u00e1l: az ISAAC gener\u00e1tort \u00e9s egy zajgener\u00e1tort. \u00cdgy 2018-ban a j\u00e1t\u00e9kos RTP-visszat\u00e9r\u00e9si egy\u00fctthat\u00f3ja 96,65 % volt.<\/p>\n\n\n\n<p><\/p>\n\n\n\n<h2 class=\"wp-block-heading\" id=\"histoire-du-bookmaker\"><span id=\"histoire-du-bookmaker\">A bukm\u00e9ker t\u00f6rt\u00e9nete<\/span><\/h2>\n\n\n\n<p><br>A Cosmo Gaming 2006 j\u00falius\u00e1ban alakult, \u00e9s 2007 j\u00falius\u00e1ban kezdte meg m\u0171k\u00f6d\u00e9s\u00e9t. 2017 m\u00e1rcius\u00e1ban Cosmo Gaming Company-r\u00f3l NetBet Enterprises Limited-re v\u00e1ltoztatta a nev\u00e9t. 2013 augusztus\u00e1ban az iSoftBet j\u00e1t\u00e9kszolg\u00e1ltat\u00f3 exkluz\u00edv meg\u00e1llapod\u00e1st \u00edrt al\u00e1 az SBTech-kel, hogy \u00e9l\u0151 sportfogad\u00e1si szolg\u00e1ltat\u00e1sokat ny\u00fajtson a NetBet weboldal\u00e1n.<\/p>\n\n\n\n<p>Az UEFA Euro 2016 sor\u00e1n a NetBet elind\u00edtotta a multikultur\u00e1lis bajnoks\u00e1got. Ugyanebben az \u00e9vben a NetBet hat\u00e9ves szerz\u0151d\u00e9st \u00edrt al\u00e1 a Playtech j\u00e1t\u00e9kszolg\u00e1ltat\u00f3val. Ez a szerz\u0151d\u00e9s exkluz\u00edv Playtech tartalmak terjeszt\u00e9s\u00e9t \u00edrja el\u0151 a NetBet platformon.<\/p>\n\n\n\n<p>A 2018-as vil\u00e1gbajnoks\u00e1g sor\u00e1n a NetBet Sport elind\u00edtotta a \u201emultikultur\u00e1lis\u201d sorozat \u00faj kieg\u00e9sz\u00edt\u00e9s\u00e9t Multikultur\u00e1lis Kupa n\u00e9ven.<\/p>\n\n\n\n<p>2018-ban az Iron Dog Studio elind\u00edtotta teljes j\u00e1t\u00e9kcsomagj\u00e1t a NetBet Kaszin\u00f3ban a NetBet szolg\u00e1ltat\u00f3 iSoftBet \u00e1ltal t\u00e1mogatott integr\u00e1ci\u00f3nak k\u00f6sz\u00f6nhet\u0151en.<\/p>\n\n\n\n<p>2019-ben a NetBet kiadott egy interakt\u00edv t\u00e9rk\u00e9pet, amely nyomon k\u00f6veti az \u00f6sszes James Bond karakter\u00e9hez kapcsol\u00f3d\u00f3 filmet \u00e9s anekdot\u00e1t.<\/p>\n\n\n\n<p>2020-ban a NetBet k\u00f6zz\u00e9tett egy, a Blue Claw \u00e1ltal k\u00e9sz\u00edtett tanulm\u00e1nyt arr\u00f3l, hogy az aut\u00f3gy\u00e1rt\u00f3k milyen b\u00fcntet\u00e9sre sz\u00e1m\u00edthatnak, ha nem teljes\u00edtik az Eur\u00f3pai Uni\u00f3 \u00e1ltal 2021-re kit\u0171z\u00f6tt sz\u00e9n-dioxid-kibocs\u00e1t\u00e1si c\u00e9lokat.<br><\/p>\n\n\n\n<h3 class=\"wp-block-heading\" id=\"les-partenariats\"><span id=\"les-partenariats\">Partners\u00e9gek <\/span><\/h3>\n\n\n\n<p>A NetBet t\u00f6bb sportcsapat hivatalos szponzora vagy partnere volt, mint p\u00e9ld\u00e1ul az OGC Nice 2014-ben, az AS Saint-Etienne \u00e9s a Hamilton Academical 2016-ban.<\/p>\n\n\n\n<p><\/p>\n\n\n\n<ul><li>2015-ben a Netbet stadionon bel\u00fcli hirdet\u00e9si szerz\u0151d\u00e9st \u00edrt al\u00e1 a West Bromwich Albion Football Club-bal.<\/li><li>2017-ben a NetBet szponzor\u00e1lta a Falemi Nana Intercartiere Kup\u00e1t, Rom\u00e1nia legjelent\u0151sebb amat\u0151r futballverseny\u00e9t.<\/li><li>2017-ben a NetBet Daniel Cinghea felfedez\u0151vel volt, amikor megh\u00f3d\u00edtotta D\u00e9l-Amerika legleny\u0171g\u00f6z\u0151bb cs\u00facsait.<\/li><li>2018 m\u00e1rcius\u00e1ban a NetBet t\u00e1mogatta a DanceMasters 3. kiad\u00e1s\u00e1t, amelyre Bukarestben ker\u00fclt sor.<\/li><li>2018 m\u00e1jus\u00e1ban a NetBet k\u00e9t napon kereszt\u00fcl szponzor\u00e1lta a Goodwood Racecourse versenyeit.<\/li><li>2018. j\u00fanius 5-\u00e9n a NetBet n\u00e9gy futamot szponzor\u00e1lt a Fontwell Park Racecourse-on.<\/li><li>2018. j\u00fanius 9-\u00e9n a NetBet szponzor\u00e1lt egy csupasz bokszversenyt, a BKB11-et az O2-ban.<\/li><li>2018. j\u00falius 21-\u00e9n a NetBet \u00fajabb k\u00fczdelmet szponzor\u00e1lt a Bare Knuckle Boxing sz\u00e1m\u00e1ra Cwmbranban.<\/li><li>2018. augusztus 22-\u00e9n a NetBet szponzor\u00e1lta a Ladies Nightot a Fontwell Park Racecourse-on.<\/li><li>2018. szeptember 4-\u00e9n a NetBet egy \u00fajabb versenynapot szponzor\u00e1lt a Goodwood Racecourse-on.<\/li><li>2019. november 17-\u00e9n a NetBet t\u00e1mogatta a Corsorul maratont november 15-\u00e9n Brass\u00f3ban.<\/li><\/ul>\n\n\n\n<p>V\u00e9g\u00fcl 2020-ban a NetBet szponzori szerz\u0151d\u00e9st \u00edrt al\u00e1 k\u00e9t, az orsz\u00e1gos ralibajnoks\u00e1gban r\u00e9sztvev\u0151 ralileg\u00e9nys\u00e9ggel. A k\u00e9t szponzor\u00e1lt csapatot Dan G\u00eertofan pil\u00f3ta \u00e9s Tudor M\u00e2rza navig\u00e1tor Skoda R5-\u00f6n, R\u0103zvan Trisnevschi pil\u00f3ta \u00e9s Traian-Codrut Arsenescu navig\u00e1tor alkotja.<\/p>\n\n\n\n<p>Rekl\u00e1mkamp\u00e1nyok taxik \u00e9s buszok sz\u00e1m\u00e1ra<br>2019-ben a NetBet k\u00e9t mobil hirdet\u00e9si kamp\u00e1nyt ind\u00edtott buszok \u00e9s taxik sz\u00e1m\u00e1ra. A kamp\u00e1ny testreszabta a NetBet m\u00e1rka log\u00f3j\u00e1t, buszokat \u00e9s 750 Black Cab aut\u00f3t, amelyek London utc\u00e1in sz\u00e1guldottak.<\/p>\n\n\n\n<p>Nagyk\u00f6vetek<br>Alexandre Ruiz francia sport\u00fajs\u00e1g\u00edr\u00f3, a beIn Sports-nak dolgozik. 2014 \u00f3ta a NetBet FR nagyk\u00f6vete.<\/p>\n\n\n\n<p>Daniel Bravo francia labdar\u00fag\u00f3 volt, a Paris Saint-Germain, az AS Monaco \u00e9s az Olympique de Marseille csapat\u00e1ban j\u00e1tszott. 2012 \u00e9s 2014 k\u00f6z\u00f6tt a NetBet FR nagyk\u00f6vetek\u00e9nt dolgozott.<\/p>\n\n\n\n<p>Dan Petrescu volt a NetBet Rom\u00e1nia els\u0151 nagyk\u00f6vete.<\/p>\n\n\n\n<p>N\u00e9h\u00e1ny term\u00e9k<br>A NetBet f\u0151 term\u00e9kei a NetBet Casino, a NetBet Live, a NetBet Vegas, a NetBet Loto \u00e9s a NetBet Poker. A kaszin\u00f3 t\u00f6bb mint 1500 j\u00e1t\u00e9kg\u00e9pet, k\u00e1rtyaj\u00e1t\u00e9kot \u00e9s asztali j\u00e1t\u00e9kot k\u00edn\u00e1l.<\/p>\n\n\n\n<p>A NetBet Sport \u00e9l\u0151 \u00e9s \u00e9l\u0151 online sportfogad\u00e1st k\u00edn\u00e1l. Ezenk\u00edv\u00fcl a j\u00e1t\u00e9kosoknak lehet\u0151s\u00e9g\u00fck van eSportra fogadni bizonyos speci\u00e1lis piacokon, amelyek a politik\u00e1ra, valamint a filmek \u00e9s a telev\u00edzi\u00f3s d\u00edjakra vonatkoznak.<\/p>\n\n\n\n<p>A legn\u00e9pszer\u0171bb nyer\u0151g\u00e9pek k\u00f6z\u00e9 tartozik a Starburst (NetEnt), a Gonzo&#039;s Quest (NetEnt) \u00e9s a Who wants to be a Millionaire (NYX) \u00e9s \u00edgy tov\u00e1bb.<\/p>\n\n\n\n<p>D\u00edjak<br>2015-ben a NetBet elnyerte a \u201eLegjobb \u00fcgyf\u00e9lkapcsolati oldal\u201d d\u00edjat a Casino Life &amp; Business magazin d\u00edj\u00e1tad\u00f3 g\u00e1l\u00e1j\u00e1n.<\/p>\n\n\n\n<p>2016-ban a K\u00f6z\u00e9p- \u00e9s Kelet-Eur\u00f3pai Gaming Conference Awards-on (CEEGA) a NetBet elnyerte a \u201eLegjobb online sportfogad\u00e1si szolg\u00e1ltat\u00f3\u201d d\u00edjat, szolg\u00e1ltat\u00f3ja, az SBTech pedig a \u201eLegjobb sportfogad\u00e1si szolg\u00e1ltat\u00f3\u201d d\u00edjat.<\/p>\n\n\n\n<p>2016-ban a Blueclaw-t \u00e9s a GIMO-t jel\u00f6lt\u00e9k a UK Search Awards \u00e9s a Best Use of Search d\u00edjra a NetBet Multikultur\u00e1lis Bajnoks\u00e1gon \u00e9s a Premier League of Nations-en v\u00e9gzett munk\u00e1juk\u00e9rt.<\/p>\n\n\n\n<p>2017-ben a NetBet jel\u00f6lt\u00e9k a \u201eLegjobb nem angol t\u00e1rsult program\u201d kateg\u00f3ri\u00e1ban az iGB Affiliate Awardon.<\/p>\n\n\n\n<p>2019-ben a NetBet jel\u00f6lt\u00e9k az EGR Awards d\u00edjra az \u201e\u00dcgyf\u00e9lszolg\u00e1lati szolg\u00e1ltat\u00f3\u201d kateg\u00f3ri\u00e1ban.<\/p>\n\n\n\n<p>2018-ban \u00e9s 2019-ben a NetBet megkapta a \u201eLegjobb online kaszin\u00f3 platform Rom\u00e1ni\u00e1ban\u201d tr\u00f3fe\u00e1t a Casino Inside Awards G\u00e1l\u00e1n.<\/p>\n\n\n\n<p>Felel\u0151ss\u00e9gteljes j\u00e1t\u00e9k<br>A NetBet szorosan egy\u00fcttm\u0171k\u00f6dik a szerencsej\u00e1t\u00e9k-f\u00fcgg\u0151s\u00e9ggel kapcsolatos tan\u00e1csad\u00f3 szolg\u00e1ltat\u00e1sokkal, \u00e9s lehet\u0151v\u00e9 teszi a j\u00e1t\u00e9kosoknak, hogy limiteket \u00e1ll\u00edtsanak be a befizet\u00e9sekre, a kifizet\u00e9sekre \u00e9s a figyelmeztet\u0151 \u00fczenetekre. Az oldal a j\u00e1t\u00e9kok dem\u00f3verzi\u00f3it is k\u00edn\u00e1lja, amelyek val\u00f3di p\u00e9nzes fogad\u00e1s n\u00e9lk\u00fcl j\u00e1tszhat\u00f3k. Kiskor\u00faak regisztr\u00e1ci\u00f3ja a NetBet oldalon tilos.<\/p>\n\n\n\n<p>A NetBet egy \u00f6n\u00e9rt\u00e9kel\u0151 eszk\u00f6zt is bevezetett. Ez az eszk\u00f6z 15 k\u00e9rd\u00e9sb\u0151l \u00e1ll, amelyek a v\u00e1laszok alapj\u00e1n lehet\u0151v\u00e9 teszik a j\u00e1t\u00e9kosok sz\u00e1m\u00e1ra, hogy felm\u00e9rj\u00e9k kock\u00e1zati szintj\u00fcket. Ezen kock\u00e1zati szint alapj\u00e1n olyan int\u00e9zked\u00e9seket javasolnak, mint p\u00e9ld\u00e1ul limitek meghat\u00e1roz\u00e1sa. Ezen t\u00falmen\u0151en, ha egy \u00fcgyf\u00e9lfelm\u00e9r\u00e9s eredm\u00e9nye f\u00fcgg\u0151s\u00e9g kock\u00e1zat\u00e1t hordozza mag\u00e1ban, figyelmeztet\u00e9st k\u00fcldenek a felel\u0151s szerencsej\u00e1t\u00e9k-csapatnak, akik kapcsolatba l\u00e9pnek az \u00fcgyf\u00e9llel, \u00e9s elkezdik figyelemmel k\u00eds\u00e9rni tev\u00e9kenys\u00e9g\u00fcket.<\/p>\n\n\n\n<p><\/p>\n\n\n\n<p class=\"has-text-align-center unibet\" style=\"font-size:25px\"><mark style=\"background-color:rgba(0, 0, 0, 0);color:#0d7a12\" class=\"has-inline-color\"><strong><a href=\"https:\/\/parier-presidentielle.com\/hu\/recommends\/unibet\/\">150 \u20ac b\u00f3nusz az Unibetn\u00e9l<br>Az els\u0151 politikai vagy sportfogad\u00e1shoz: Kattintson ide<\/a><\/strong><\/mark><\/p>\n\n\n\n<p><\/p>\n\n\n<div class=\"wp-block-image\">\n<figure class=\"aligncenter is-resized wp-duotone-000097-ff4747-1\"><img decoding=\"async\" loading=\"lazy\" src=\"https:\/\/parier-presidentielle.com\/wp-content\/uploads\/2021\/09\/election-standard-scale-4_00x-gigapixel-1024x623.jpg\" alt=\"V\u00e1laszt\u00e1sok 2022\" style=\"width:256px;height:156px\" width=\"256\" height=\"156\"\/><\/figure><\/div>\n\n\n<p><br><\/p>\n\n\n\n<p><strong>A Parier-Presidential seg\u00edt a v\u00e1laszt\u00e1sban<a href=\"https:\/\/parier-presidentielle.com\/hu\/\"> A Bwin, az Unibet \u00e9s a Betclic bukm\u00e9kerek a j\u00f6v\u0151 amerikai eln\u00f6k\u00e9re fogadnak 2024-ben<\/a> : <\/strong><br><a href=\"https:\/\/parier-presidentielle.com\/hu\/unibet-politika-valasztas-2022\/\">Unibet eln\u00f6ki fogad\u00f3iroda<\/a> : R\u00e9szletes \u00e9s ingyenes \u00fatmutat\u00f3 az els\u0151 online fogad\u00e1shoz, minden szorz\u00f3val \u00e9s a felk\u00edn\u00e1lt b\u00f3nusz el\u0151nyeinek kihaszn\u00e1l\u00e1s\u00e1hoz!<\/p>\n\n\n\n<p>Valamint m\u00e1s p\u00e1rizsi online oldalak: <a href=\"https:\/\/parier-presidentielle.com\/hu\/unibet-politika-valasztas-2022\/\">Bwin<\/a>, <a href=\"https:\/\/parier-presidentielle.com\/hu\/netbet-paris-politics-valasztas-2022\/\">NetBet<\/a>, <a href=\"https:\/\/parier-presidentielle.com\/hu\/betclic-presidential-2022\/\">Betclic<\/a>, <a href=\"https:\/\/parier-presidentielle.com\/hu\/winamax-politika-valasztas-2022\/\">Winamax<\/a>, Parions Sport, Zebet,Betway, France-Pari,Vbet, Cloudbet, 1Xbit, 1xbet, Betfair, Betwinner\u2026<\/p>\n\n\n\n<div class=\"wp-block-columns is-layout-flex wp-container-6 wp-block-columns-is-layout-flex\">\n<div class=\"wp-block-column is-layout-flow wp-block-column-is-layout-flow\" style=\"flex-basis:33.33%\">\n<p>Most olvasta el a f\u00e1jlunkat:<\/p>\n<\/div>\n\n\n\n<div class=\"wp-block-column is-layout-flow wp-block-column-is-layout-flow\" style=\"flex-basis:33.33%\">\n<div class=\"wp-block-group is-layout-flow wp-block-group-is-layout-flow\"><div class=\"wp-block-group__inner-container\"><h4 class=\"has-text-align-center wp-block-post-title\"><span id=\"netbet-parier-sur-la-politique-et-l8217election-presidentielle-2022\"><a href=\"https:\/\/parier-presidentielle.com\/hu\/netbet-paris-politics-valasztas-2022\/\" target=\"_self\" >NetBet: Fogad\u00e1s a politik\u00e1ra \u00e9s a 2022-es eln\u00f6kv\u00e1laszt\u00e1sra<\/a><\/span><\/h4><\/div><\/div>\n<\/div>\n\n\n\n<div class=\"wp-block-column is-layout-flow wp-block-column-is-layout-flow\" style=\"flex-basis:33.33%\">\n<p class=\"has-text-align-right\">Folytassa az olvas\u00e1st a t\u00f6bbi exkluz\u00edv f\u00e1jlunkkal,<\/p>\n<\/div>\n<\/div>\n\n\n\n<h3 class=\"wp-block-heading\" id=\"tous-les-pronostics-sondage-et-cotes-pour-parier-sur-le-futur-vainqueur-de-l-election-presidentielle-2022\"><span id=\"tous-les-pronostics-sondage-et-cotes-pour-parier-sur-le-futur-vainqueur-de-l8217election-presidentielle-2024\">Az \u00f6sszes j\u00f3slat, felm\u00e9r\u00e9s \u00e9s es\u00e9ly a 2024-es eln\u00f6kv\u00e1laszt\u00e1s j\u00f6v\u0151beli gy\u0151ztes\u00e9re:<\/span><\/h3>\n\n\n\n<ul>\n<li><a href=\"https:\/\/parier-presidentielle.com\/hu\/makro-valasztas\/\">Fogadjon Emmanuel Macronra az Unibet, Betclic, Bwin seg\u00edts\u00e9g\u00e9vel<\/a> : A kedvenc a szavaz\u00e1sokban \u00e9s el\u0151rejelz\u00e9sekben <\/li>\n\n\n\n<li><a href=\"https:\/\/parier-presidentielle.com\/hu\/marine-le-pen-valasztas\/\">Marine Le Pen: Az es\u00e9lyei \u00e9s a fogad\u00e1s m\u00f3dja a bukm\u00e9kerekn\u00e9l<\/a>: A kih\u00edv\u00f3 az Unibet szerint<\/li>\n<\/ul>\n\n\n\n<p><\/p>\n\n\n\n<center><script type=\"text\/javascript\" charset=\"utf-8\" src=\"https:\/\/www.gambling-affiliation.com\/cpm\/v=AmIMTDSs92QY6b0MzDMvM5laCjJ-ZlA-1oQ-7tKsi.w_GA7331V2\"><\/script><\/center>\n\n\n\n<h3 class=\"wp-block-heading\"><span id=\"donald-trump-vs-joe-biden-la-video-qui-lance-les-paris-en-ligne-sur-l8217election-politique-de-2024\">Donald Trump vs Joe Biden: A vide\u00f3, amely online fogad\u00e1st ind\u00edt a 2024-es politikai v\u00e1laszt\u00e1sokr\u00f3l<\/span><\/h3>\n\n\n\n<figure class=\"wp-block-embed is-type-video is-provider-youtube wp-block-embed-youtube wp-embed-aspect-16-9 wp-has-aspect-ratio\"><div class=\"wp-block-embed__wrapper\">\n<iframe loading=\"lazy\" title=\"Donald Trump volt eln\u00f6k meghirdeti a 2024-es Feh\u00e9r H\u00e1z #Short p\u00e1ly\u00e1zat\u00e1t\" width=\"640\" height=\"360\" src=\"https:\/\/www.youtube.com\/embed\/hZykPRVe4Ag?feature=oembed\" frameborder=\"0\" allow=\"accelerometer; autoplay; clipboard-write; encrypted-media; gyroscope; picture-in-picture; web-share\" allowfullscreen><\/iframe>\n<\/div><\/figure>\n\n\n<div class=\"wp-block-image\">\n<figure class=\"aligncenter size-medium\"><a href=\"https:\/\/parier-presidentielle.com\/hu\/recommends\/unibet\/\" target=\"_blank\" rel=\"noopener\"><img decoding=\"async\" loading=\"lazy\" width=\"300\" height=\"169\" src=\"https:\/\/parier-presidentielle.com\/wp-content\/uploads\/2022\/04\/unibet-300x169.jpg\" alt=\"\" class=\"wp-image-1252\" srcset=\"https:\/\/parier-presidentielle.com\/wp-content\/uploads\/2022\/04\/unibet-300x169.jpg 300w, https:\/\/parier-presidentielle.com\/wp-content\/uploads\/2022\/04\/unibet-1024x576.jpg 1024w, https:\/\/parier-presidentielle.com\/wp-content\/uploads\/2022\/04\/unibet-768x432.jpg 768w, https:\/\/parier-presidentielle.com\/wp-content\/uploads\/2022\/04\/unibet-18x10.jpg 18w, https:\/\/parier-presidentielle.com\/wp-content\/uploads\/2022\/04\/unibet.jpg 1280w\" sizes=\"(max-width: 300px) 100vw, 300px\" \/><\/a><\/figure><\/div>\n\n\n<p>Keresse meg a Wikit, az alapvet\u0151 politikai h\u00edreket a kannabiszr\u00f3l \u00e9s leg\u00e1lis sz\u00e1rmaz\u00e9kair\u00f3l: <strong>HHC, H4cbd, Thcp, Thcv, HSD, HHCPO, C4B<\/strong><\/p>\n\n\n\n<p><br><\/p>\n<div id=\"toc_container\" class=\"no_bullets\"><p class=\"toc_title\">Tartalom<\/p><ul class=\"toc_list\"><li><\/li><li><ul><li><\/li><\/ul><\/li><li><\/li><li><ul><li><ul><li><\/li><\/ul><\/li><li><\/li><li><\/li><\/ul><\/li><\/ul><\/div>","protected":false},"excerpt":{"rendered":"<p>Quelle est l&#8217;offre du Bookmaker NetBet 2022? Netbet propose actuellement le meilleur bonus pour parier en ligne 100\u20ac!Pour acc\u00e9der \u00e0 ce bonus il suffit de passer par notre lien partenaire : 100\u20ac offerts sur votre 1er Pari! cliquez ici NetBet NetBet est un op\u00e9rateur de jeux en ligne appartenant \u00e0 NetBet Enterprises Ltd. La plate-forme &#8230;<\/p>","protected":false},"author":1,"featured_media":0,"parent":0,"menu_order":0,"comment_status":"closed","ping_status":"closed","template":"page-nosidebar.php","meta":{"footnotes":""},"yoast_head":"<!-- This site is optimized with the Yoast SEO Premium plugin v21.0 (Yoast SEO v21.0) - https:\/\/yoast.com\/wordpress\/plugins\/seo\/ -->\n<title>NetBet : Parier sur la politique et l&#039;\u00e9lection Pr\u00e9sidentielle 2022 - Finale Coupe du Monde FIFA<\/title>\n<meta name=\"description\" content=\"Parier avec Netbet 100\u20ac offert pour votre 1er Pari sur la Politique, le Sport! Guide du Bookmaker pour profiter du Bonus de bienvenue...\" \/>\n<meta name=\"robots\" content=\"index, follow, max-snippet:-1, max-image-preview:large, max-video-preview:-1\" \/>\n<link rel=\"canonical\" href=\"https:\/\/parier-presidentielle.com\/hu\/netbet-paris-politics-valasztas-2022\/\" \/>\n<meta property=\"og:locale\" content=\"hu_HU\" \/>\n<meta property=\"og:type\" content=\"article\" \/>\n<meta property=\"og:title\" content=\"NetBet : Parier sur la politique et l&#039;\u00e9lection Pr\u00e9sidentielle 2022\" \/>\n<meta property=\"og:description\" content=\"Parier avec Netbet 100\u20ac offert pour votre 1er Pari sur la Politique, le Sport! Guide du Bookmaker pour profiter du Bonus de bienvenue...\" \/>\n<meta property=\"og:url\" content=\"https:\/\/parier-presidentielle.com\/hu\/netbet-paris-politics-valasztas-2022\/\" \/>\n<meta property=\"og:site_name\" content=\"Parier Pr\u00e9sidentielle\" \/>\n<meta property=\"article:modified_time\" content=\"2022-04-14T13:41:15+00:00\" \/>\n<meta property=\"og:image\" content=\"https:\/\/banners.livepartners.com\/view.php?z=151480\" \/>\n<meta name=\"twitter:card\" content=\"summary_large_image\" \/>\n<meta name=\"twitter:label1\" content=\"Est. reading time\" \/>\n\t<meta name=\"twitter:data1\" content=\"7 perc\" \/>\n<script type=\"application\/ld+json\" class=\"yoast-schema-graph\">{\"@context\":\"https:\/\/schema.org\",\"@graph\":[{\"@type\":\"WebPage\",\"@id\":\"https:\/\/parier-presidentielle.com\/netbet-paris-politique-election-2022\/\",\"url\":\"https:\/\/parier-presidentielle.com\/netbet-paris-politique-election-2022\/\",\"name\":\"NetBet : Parier sur la politique et l'\u00e9lection Pr\u00e9sidentielle 2022 - Finale Coupe du Monde FIFA\",\"isPartOf\":{\"@id\":\"https:\/\/parier-presidentielle.com\/#website\"},\"datePublished\":\"2021-09-14T14:48:34+00:00\",\"dateModified\":\"2022-04-14T13:41:15+00:00\",\"description\":\"Parier avec Netbet 100\u20ac offert pour votre 1er Pari sur la Politique, le Sport! Guide du Bookmaker pour profiter du Bonus de bienvenue...\",\"breadcrumb\":{\"@id\":\"https:\/\/parier-presidentielle.com\/netbet-paris-politique-election-2022\/#breadcrumb\"},\"inLanguage\":\"hu\",\"potentialAction\":[{\"@type\":\"ReadAction\",\"target\":[\"https:\/\/parier-presidentielle.com\/netbet-paris-politique-election-2022\/\"]}]},{\"@type\":\"BreadcrumbList\",\"@id\":\"https:\/\/parier-presidentielle.com\/netbet-paris-politique-election-2022\/#breadcrumb\",\"itemListElement\":[{\"@type\":\"ListItem\",\"position\":1,\"name\":\"Accueil\",\"item\":\"https:\/\/parier-presidentielle.com\/\"},{\"@type\":\"ListItem\",\"position\":2,\"name\":\"NetBet : Parier sur la politique et l&#8217;\u00e9lection Pr\u00e9sidentielle 2022\"}]},{\"@type\":\"WebSite\",\"@id\":\"https:\/\/parier-presidentielle.com\/#website\",\"url\":\"https:\/\/parier-presidentielle.com\/\",\"name\":\"Parier Pr\u00e9sidentielle\",\"description\":\"Paris, Pronostics, Wiki sur la Politique, les Elections Am\u00e9ricaines: Joe Biden, Donald Trump avec les Bookmakers en ligne Unibet, Bwin, Betclic, Winamax\",\"potentialAction\":[{\"@type\":\"SearchAction\",\"target\":{\"@type\":\"EntryPoint\",\"urlTemplate\":\"https:\/\/parier-presidentielle.com\/?s={search_term_string}\"},\"query-input\":\"required name=search_term_string\"}],\"inLanguage\":\"hu\"}]}<\/script>\n<!-- \/ Yoast SEO Premium plugin. -->","yoast_head_json":{"title":"NetBet : Parier sur la politique et l'\u00e9lection Pr\u00e9sidentielle 2022 - Finale Coupe du Monde FIFA","description":"Parier avec Netbet 100\u20ac offert pour votre 1er Pari sur la Politique, le Sport! Guide du Bookmaker pour profiter du Bonus de bienvenue...","robots":{"index":"index","follow":"follow","max-snippet":"max-snippet:-1","max-image-preview":"max-image-preview:large","max-video-preview":"max-video-preview:-1"},"canonical":"https:\/\/parier-presidentielle.com\/hu\/netbet-paris-politics-valasztas-2022\/","og_locale":"hu_HU","og_type":"article","og_title":"NetBet : Parier sur la politique et l'\u00e9lection Pr\u00e9sidentielle 2022","og_description":"Parier avec Netbet 100\u20ac offert pour votre 1er Pari sur la Politique, le Sport! Guide du Bookmaker pour profiter du Bonus de bienvenue...","og_url":"https:\/\/parier-presidentielle.com\/hu\/netbet-paris-politics-valasztas-2022\/","og_site_name":"Parier Pr\u00e9sidentielle","article_modified_time":"2022-04-14T13:41:15+00:00","og_image":[{"url":"https:\/\/banners.livepartners.com\/view.php?z=151480"}],"twitter_card":"summary_large_image","twitter_misc":{"Est. reading time":"7 perc"},"schema":{"@context":"https:\/\/schema.org","@graph":[{"@type":"WebPage","@id":"https:\/\/parier-presidentielle.com\/netbet-paris-politique-election-2022\/","url":"https:\/\/parier-presidentielle.com\/netbet-paris-politique-election-2022\/","name":"NetBet : Parier sur la politique et l'\u00e9lection Pr\u00e9sidentielle 2022 - Finale Coupe du Monde FIFA","isPartOf":{"@id":"https:\/\/parier-presidentielle.com\/#website"},"datePublished":"2021-09-14T14:48:34+00:00","dateModified":"2022-04-14T13:41:15+00:00","description":"Parier avec Netbet 100\u20ac offert pour votre 1er Pari sur la Politique, le Sport! Guide du Bookmaker pour profiter du Bonus de bienvenue...","breadcrumb":{"@id":"https:\/\/parier-presidentielle.com\/netbet-paris-politique-election-2022\/#breadcrumb"},"inLanguage":"hu","potentialAction":[{"@type":"ReadAction","target":["https:\/\/parier-presidentielle.com\/netbet-paris-politique-election-2022\/"]}]},{"@type":"BreadcrumbList","@id":"https:\/\/parier-presidentielle.com\/netbet-paris-politique-election-2022\/#breadcrumb","itemListElement":[{"@type":"ListItem","position":1,"name":"Accueil","item":"https:\/\/parier-presidentielle.com\/"},{"@type":"ListItem","position":2,"name":"NetBet : Parier sur la politique et l&#8217;\u00e9lection Pr\u00e9sidentielle 2022"}]},{"@type":"WebSite","@id":"https:\/\/parier-presidentielle.com\/#website","url":"https:\/\/parier-presidentielle.com\/","name":"Parier Pr\u00e9sidentielle","description":"Paris, Pronostics, Wiki sur la Politique, les Elections Am\u00e9ricaines: Joe Biden, Donald Trump avec les Bookmakers en ligne Unibet, Bwin, Betclic, Winamax","potentialAction":[{"@type":"SearchAction","target":{"@type":"EntryPoint","urlTemplate":"https:\/\/parier-presidentielle.com\/?s={search_term_string}"},"query-input":"required name=search_term_string"}],"inLanguage":"hu"}]}},"_links":{"self":[{"href":"https:\/\/parier-presidentielle.com\/hu\/wp-json\/wp\/v2\/pages\/255"}],"collection":[{"href":"https:\/\/parier-presidentielle.com\/hu\/wp-json\/wp\/v2\/pages"}],"about":[{"href":"https:\/\/parier-presidentielle.com\/hu\/wp-json\/wp\/v2\/types\/page"}],"author":[{"embeddable":true,"href":"https:\/\/parier-presidentielle.com\/hu\/wp-json\/wp\/v2\/users\/1"}],"replies":[{"embeddable":true,"href":"https:\/\/parier-presidentielle.com\/hu\/wp-json\/wp\/v2\/comments?post=255"}],"version-history":[{"count":26,"href":"https:\/\/parier-presidentielle.com\/hu\/wp-json\/wp\/v2\/pages\/255\/revisions"}],"predecessor-version":[{"id":1412,"href":"https:\/\/parier-presidentielle.com\/hu\/wp-json\/wp\/v2\/pages\/255\/revisions\/1412"}],"wp:attachment":[{"href":"https:\/\/parier-presidentielle.com\/hu\/wp-json\/wp\/v2\/media?parent=255"}],"curies":[{"name":"wp","href":"https:\/\/api.w.org\/{rel}","templated":true}]}}