{"id":269,"date":"2021-09-14T17:14:49","date_gmt":"2021-09-14T15:14:49","guid":{"rendered":"https:\/\/parier-presidentielle.com\/?page_id=269"},"modified":"2022-04-22T01:06:24","modified_gmt":"2022-04-21T23:06:24","slug":"bookmaker-election-politique-2022","status":"publish","type":"page","link":"https:\/\/parier-presidentielle.com\/hu\/bukmeker-valasztas-politika-2022\/","title":{"rendered":"Bukm\u00e9ker: Hol lehet a legjobban fogadni a politik\u00e1ra \u00e9s a 2022-es eln\u00f6kv\u00e1laszt\u00e1sra?"},"content":{"rendered":"<div class=\"wp-block-columns is-layout-flex wp-container-4 wp-block-columns-is-layout-flex\">\n<div class=\"wp-block-column is-layout-flow wp-block-column-is-layout-flow\" style=\"flex-basis:100%\">\n<div class=\"wp-block-columns is-layout-flex wp-container-2 wp-block-columns-is-layout-flex\">\n<div class=\"wp-block-column is-layout-flow wp-block-column-is-layout-flow\" style=\"flex-basis:100%\">\n<center><script type=\"text\/javascript\" charset=\"utf-8\" src=\"https:\/\/www.gambling-affiliation.com\/cpm\/v=AmIMTDSs92QY6b0MzDMvM5laCjJ-ZlA-1oQ-7tKsi.w_GA7331V2\"><\/script><\/center>\n\n\n\n<p><\/p>\n\n\n\n<div class=\"wp-block-image is-style-default\"><figure class=\"aligncenter size-medium\"><a href=\"https:\/\/parier-presidentielle.com\/hu\/recommends\/unibet-logo\/\" target=\"_blank\" rel=\"no follow noopener\"><img decoding=\"async\" loading=\"lazy\" width=\"300\" height=\"169\" src=\"https:\/\/parier-presidentielle.com\/wp-content\/uploads\/2022\/04\/unibet-300x169.jpg\" alt=\"\" class=\"wp-image-1252\" srcset=\"https:\/\/parier-presidentielle.com\/wp-content\/uploads\/2022\/04\/unibet-300x169.jpg 300w, https:\/\/parier-presidentielle.com\/wp-content\/uploads\/2022\/04\/unibet-1024x576.jpg 1024w, https:\/\/parier-presidentielle.com\/wp-content\/uploads\/2022\/04\/unibet-768x432.jpg 768w, https:\/\/parier-presidentielle.com\/wp-content\/uploads\/2022\/04\/unibet-18x10.jpg 18w, https:\/\/parier-presidentielle.com\/wp-content\/uploads\/2022\/04\/unibet.jpg 1280w\" sizes=\"(max-width: 300px) 100vw, 300px\" \/><\/a><\/figure><\/div>\n<\/div>\n<\/div>\n<\/div>\n<\/div>\n\n\n\n<h2 class=\"wp-block-heading\"><span id=\"les-bookmakers-unibet-bwin-betclic-le-top-3\">Az Unibet, a Bwin, a Betclic bukm\u00e9kerek a legjobb 3!<\/span><\/h2>\n\n\n\n<p>Fogadni a gy\u0151ztesre <a href=\"https:\/\/parier-presidentielle.com\/hu\/\">2022-es v\u00e1laszt\u00e1sok<\/a>, miut\u00e1n t\u00f6bb tucat fogad\u00f3irod\u00e1t tesztelt\u00fcnk, \u00fagy t\u0171nik, hogy a Betclic, az Unibet, a Bwin a legjobb v\u00e1laszt\u00e1s az exkluz\u00edv f\u00e1jlunkhoz, amellyel els\u0151 fogad\u00e1sokat tehet a politik\u00e1ra vonatkoz\u00f3an is sz\u00e1m\u00edt\u00f3g\u00e9pe, telefonja vagy ak\u00e1r alkalmaz\u00e1sai seg\u00edts\u00e9g\u00e9vel:<\/p>\n\n\n\n<p><a href=\"https:\/\/parier-presidentielle.com\/hu\/unibet-politika-valasztas-2022\/\">Unibet: A legjobb es\u00e9ly az eln\u00f6kv\u00e1laszt\u00e1sra<\/a><br><a href=\"https:\/\/parier-presidentielle.com\/hu\/bwin-politika-valasztas-2022\/\">Bwin: Az \u00faj a 2022-es v\u00e1laszt\u00e1sokon<\/a><br><a href=\"https:\/\/parier-presidentielle.com\/hu\/betclic-presidential-2022\/\">Betclic: A futball fogad\u00f3iroda<\/a><\/p>\n\n\n\n<div class=\"wp-block-image is-style-default wp-duotone-000097-ff4747-5\"><figure class=\"aligncenter size-full is-resized\"><img decoding=\"async\" loading=\"lazy\" src=\"https:\/\/parier-presidentielle.com\/wp-content\/uploads\/2021\/09\/depositphotos_172634272-stock-illustration-bookmakers-men-with-money.jpg\" alt=\"Bukm\u00e9kerek \u00e9s politika\" class=\"wp-image-279\" width=\"450\" height=\"314\" srcset=\"https:\/\/parier-presidentielle.com\/wp-content\/uploads\/2021\/09\/depositphotos_172634272-stock-illustration-bookmakers-men-with-money.jpg 600w, https:\/\/parier-presidentielle.com\/wp-content\/uploads\/2021\/09\/depositphotos_172634272-stock-illustration-bookmakers-men-with-money-300x210.jpg 300w\" sizes=\"(max-width: 450px) 100vw, 450px\" \/><\/figure><\/div>\n\n\n\n<p>Fogad\u00e1s a politik\u00e1ra a bukm\u00e9kerekkel <a href=\"https:\/\/parier-presidentielle.com\/hu\/betclic-presidential-2022\/\">Betclic<\/a>, <a href=\"https:\/\/parier-presidentielle.com\/hu\/unibet-politika-valasztas-2022\/\">Unibet<\/a>, <a href=\"https:\/\/parier-presidentielle.com\/hu\/bwin-politika-valasztas-2022\/\">Bwin<\/a>, <a href=\"https:\/\/parier-presidentielle.com\/hu\/winamax-politika-valasztas-2022\/\">Winamax<\/a>\u2026 izgalmas \u00e9s szenved\u00e9lyes t\u00e9ma! Mert a franciaorsz\u00e1gi politikai vit\u00e1k mindennaposak a m\u00e9di\u00e1ban, \u00e9s a v\u00e1laszt\u00e1sok k\u00f6zeledt\u00e9vel feler\u0151s\u00f6dnek.<\/p>\n\n\n\n<p>A politikai v\u00e1laszt\u00e1si eredm\u00e9nyekre vonatkoz\u00f3 fogad\u00e1sok jelenleg az Unibetn\u00e9l \u00e9rhet\u0151k el, \u00e9s t\u00f6bb \u00e9vvel a v\u00e1laszt\u00e1s id\u0151pontja el\u0151tt nyithat\u00f3k. S\u0151t, m\u00e1r a 2024-es amerikai eln\u00f6kv\u00e1laszt\u00e1sra is lehet fogadni.<\/p>\n\n\n\n<p>Minden v\u00e1laszt\u00e1snak megvannak a saj\u00e1t szab\u00e1lyai, \u00e9s a fogad\u00f3knak meg kell tudniuk \u00edt\u00e9lni, hogy mi befoly\u00e1solja az egyes esem\u00e9nyek kimenetel\u00e9t, ami viszonylag egyedi.<\/p>\n\n\n\n<h3 class=\"wp-block-heading\"><span id=\"facteurs-qui-influencent-un-pari-politique\">A politikai fogad\u00e1st befoly\u00e1sol\u00f3 t\u00e9nyez\u0151k<\/span><\/h3>\n\n\n\n<p>Sz\u00e1mos t\u00e9nyez\u0151 befoly\u00e1solhatja az eredm\u00e9nyt. Lehet botr\u00e1ny, pletyka az ellent\u00e1borb\u00f3l, aktu\u00e1lis h\u00edr, megd\u00f6bbent\u0151 mondat, a vezet\u0151 min\u0151s\u00e9ge, a kamp\u00e1ny\u00edg\u00e9retek, az azokat t\u00e1mogat\u00f3 p\u00e1rt, a m\u00e9dia bemutat\u00e1sa a jel\u00f6ltr\u0151l, a meggy\u0151z\u0151d\u00e9s er\u0151ss\u00e9ge a vit\u00e1kat.<\/p>\n\n\n\n<p><\/p>\n\n\n\n<h2 class=\"wp-block-heading\"><span id=\"presentation-de-l8217activite-de-bookmaker\">A bukm\u00e9ker tev\u00e9kenys\u00e9g bemutat\u00e1sa <\/span><\/h2>\n\n\n\n<p>A Bukm\u00e9ker olyan t\u00e1rsas\u00e1g, amelynek tev\u00e9kenys\u00e9ge k\u00fcl\u00f6nb\u00f6z\u0151 k\u00f6zelg\u0151 esem\u00e9nyekre (leggyakrabban sport\u00e1gakra) vonatkoz\u00f3 fogad\u00e1sok elfogad\u00e1sa el\u0151re egyeztetett szorz\u00f3kkal, amelyeket a val\u00f3sz\u00edn\u0171s\u00e9gek hat\u00e1roznak meg, valamint a nyerem\u00e9nyek kifizet\u00e9se. A Bwin, Unibet bukm\u00e9kerek fogadnak l\u00f3versenyekre \u00e9s l\u00f3versenyekre, valamint k\u00fcl\u00f6nf\u00e9le sport-, politikai, kultur\u00e1lis, p\u00e9nz\u00fcgyi, id\u0151j\u00e1r\u00e1si \u00e9s egy\u00e9b esem\u00e9nyek eredm\u00e9nyeire. Fontos, hogy a fogad\u00f3irod\u00e1k j\u00f3l meg tudj\u00e1k j\u00f3solni (\u00f6n\u00e1ll\u00f3an vagy m\u00e1s el\u0151rejelz\u00e9sek alapj\u00e1n) az esem\u00e9nyek v\u00e1rhat\u00f3 val\u00f3sz\u00edn\u0171s\u00e9g\u00e9t, amelyekre fogad\u00e1sokat fogadnak el, \u00e9s a k\u00fcl\u00f6nb\u00f6z\u0151 fogad\u00e1sok j\u00f6v\u0151beni n\u00e9pszer\u0171s\u00e9g\u00e9t a potenci\u00e1lis \u00fcgyfelek k\u00f6r\u00e9ben.<\/p>\n\n\n\n<h2 class=\"wp-block-heading\"><span id=\"histoire-des-bookmakers\">A bukm\u00e9kerek t\u00f6rt\u00e9nete<\/span><\/h2>\n\n\n\n<p>A fogad\u00f3irod\u00e1k el\u0151dje a sorsol\u00e1s volt, melynek sor\u00e1n el\u0151sz\u00f6r \u00f6sszeadt\u00e1k a k\u00fcl\u00f6nb\u00f6z\u0151 j\u00e1t\u00e9kosok ugyanarra az esem\u00e9nyre tett t\u00e9tjeit, majd a v\u00e9g\u00f6sszeget egy bizonyos szervez\u00e9si sz\u00e1zal\u00e9k kiv\u00e9tel\u00e9vel felosztott\u00e1k a j\u00f3 eredm\u00e9nyt tippel\u0151k k\u00f6z\u00f6tt. A sorsol\u00e1sokn\u00e1l a fogad\u00f3irod\u00e1val ellent\u00e9tben nem volt sz\u00fcks\u00e9g el\u0151rejelz\u00e9sre a szervez\u0151kt\u0151l. Hagyom\u00e1nyosan, id\u0151tlen id\u0151k \u00f3ta a versenyp\u00e1lya volt a sportfogad\u00e1s helye. Ez a R\u00f3mai Birodalom ideje \u00f3ta \u00edgy van. Egy id\u0151 ut\u00e1n a kakasviadal is felker\u00fclt a versenyp\u00e1ly\u00e1ra \u2013 sz\u00f3rakoz\u00e1s a plebs sz\u00e1m\u00e1ra. De csak a 19. sz\u00e1zadban v\u00e1ltak k\u00fcl\u00f6nf\u00e9le sport\u00e1gak a fogad\u00e1s t\u00e1rgy\u00e1v\u00e1. A gyakorlat gyorsan megmutatta, hogy b\u00e1rmire lehet fogadni, ami fut, ugrik, m\u00e1szik \u00e9s rep\u00fcl. A l\u00e9nyeg az, hogy ennek a sportnak sok rajong\u00f3ja van. A bukm\u00e9ker szakma a sorsol\u00e1s alternat\u00edv\u00e1jak\u00e9nt sz\u00fcletett. A nyerem\u00e9nyj\u00e1t\u00e9kokkal ellent\u00e9tben a fogad\u00e1sok l\u00e9trehoz\u00e1sa nem ig\u00e9nyelte a fogad\u00e1sok egy p\u00e9nzt\u00e1rn\u00e1l t\u00f6rt\u00e9n\u0151 sz\u00e9lesk\u00f6r\u0171 gy\u0171jt\u00e9s\u00e9t, ez\u00e9rt viszonylag k\u00f6nnyen kivitelezhet\u0151 volt m\u00e9g a nyerem\u00e9nyj\u00e1t\u00e9kok betilt\u00e1sa \u00e9s az ilyen esem\u00e9nyek \u00fcld\u00f6z\u00e9se idej\u00e9n is. Ez Nagy-Britanni\u00e1ban t\u00f6rt\u00e9nt, amely mind a mai napig az els\u0151 helyen \u00e1ll a vil\u00e1gon <a href=\"https:\/\/parier-presidentielle.com\/hu\/bukmeker-valasztas-politika-2022\/\">fogad\u00f3irod\u00e1k <\/a>\u00e9s a fogad\u00f3k sz\u00e1m\u00e1ban.<\/p>\n\n\n\n<p><\/p>\n\n\n\n<h3 class=\"has-text-align-center wp-block-heading\"><span id=\"dossier-special-bookmaker-unibet-bwin-mondial-quatar\"><br>K\u00fcl\u00f6njelent\u00e9s bukm\u00e9ker Unibet Bwin &amp; Mondial Quatar <\/span><\/h3>\n\n\n\n<p>Tedd meg els\u0151 online fogad\u00e1sodat a politik\u00e1ra \u00e9s az \u00f6sszes sportra a k\u00fcl\u00f6nb\u00f6z\u0151 oldalakon tal\u00e1lhat\u00f3 f\u00e1jljainknak k\u00f6sz\u00f6nhet\u0151en: Betclic, Winamax, Unibet, Betclic: <\/p>\n\n\n\n<p>Az olyan online fogad\u00f3irod\u00e1k seg\u00edts\u00e9g\u00e9vel, mint a Bwin, az Unibet \u00e9s a Betclic, sz\u00e1mos fogad\u00e1si piacot \u00e9rhet el a versenyen, \u00edgy es\u00e9lye ny\u00edlik nagy nyer\u00e9sre. \u00d6sszefoglalva, a francia csapat egyike lehet azoknak a csapatoknak, akiket figyelni kell a 2022-es vil\u00e1gbajnoks\u00e1gon. Cs\u00e9sze. Az olyan online fogad\u00f3irod\u00e1k seg\u00edts\u00e9g\u00e9vel, mint a Bwin, az Unibet \u00e9s a Betclic, inform\u00e1ci\u00f3kat gy\u0171jthet Portug\u00e1li\u00e1r\u00f3l, \u00e9s megalapozott fogad\u00e1sokat k\u00f6thet ezen a versenyen ny\u00fajtott teljes\u00edtm\u00e9ny\u00fckre. Akkor mi\u00e9rt ne \u00e9lne a lehet\u0151s\u00e9ggel, hogy potenci\u00e1lisan profit\u00e1ljon Franciaorsz\u00e1g 2022-es siker\u00e9b\u0151l?<\/p>\n\n\n\n<p><\/p>\n\n\n\n<p class=\"has-text-align-center unibet\" style=\"font-size:25px\"><mark style=\"background-color:rgba(0, 0, 0, 0);color:#0d7a12\" class=\"has-inline-color\"><strong><a href=\"https:\/\/parier-presidentielle.com\/hu\/recommends\/unibet\/\">150 \u20ac b\u00f3nusz az Unibetn\u00e9l<br>Az els\u0151 politikai vagy sportfogad\u00e1shoz: Kattintson ide<\/a><\/strong><\/mark><\/p>\n\n\n\n<p><\/p>\n\n\n<div class=\"wp-block-image\">\n<figure class=\"aligncenter is-resized wp-duotone-000097-ff4747-6\"><img decoding=\"async\" loading=\"lazy\" src=\"https:\/\/parier-presidentielle.com\/wp-content\/uploads\/2021\/09\/election-standard-scale-4_00x-gigapixel-1024x623.jpg\" alt=\"V\u00e1laszt\u00e1sok 2022\" style=\"width:256px;height:156px\" width=\"256\" height=\"156\"\/><\/figure><\/div>\n\n\n<p><br><\/p>\n\n\n\n<p><strong>A Parier-Presidential seg\u00edt a v\u00e1laszt\u00e1sban<a href=\"https:\/\/parier-presidentielle.com\/hu\/\"> A Bwin, az Unibet \u00e9s a Betclic bukm\u00e9kerek a j\u00f6v\u0151 amerikai eln\u00f6k\u00e9re fogadnak 2024-ben<\/a> : <\/strong><br><a href=\"https:\/\/parier-presidentielle.com\/hu\/unibet-politika-valasztas-2022\/\">Unibet eln\u00f6ki fogad\u00f3iroda<\/a> : R\u00e9szletes \u00e9s ingyenes \u00fatmutat\u00f3 az els\u0151 online fogad\u00e1shoz, minden szorz\u00f3val \u00e9s a felk\u00edn\u00e1lt b\u00f3nusz el\u0151nyeinek kihaszn\u00e1l\u00e1s\u00e1hoz!<\/p>\n\n\n\n<p>Valamint m\u00e1s p\u00e1rizsi online oldalak: <a href=\"https:\/\/parier-presidentielle.com\/hu\/unibet-politika-valasztas-2022\/\">Bwin<\/a>, <a href=\"https:\/\/parier-presidentielle.com\/hu\/netbet-paris-politics-valasztas-2022\/\">NetBet<\/a>, <a href=\"https:\/\/parier-presidentielle.com\/hu\/betclic-presidential-2022\/\">Betclic<\/a>, <a href=\"https:\/\/parier-presidentielle.com\/hu\/winamax-politika-valasztas-2022\/\">Winamax<\/a>, Parions Sport, Zebet,Betway, France-Pari,Vbet, Cloudbet, 1Xbit, 1xbet, Betfair, Betwinner\u2026<\/p>\n\n\n\n<div class=\"wp-block-columns is-layout-flex wp-container-11 wp-block-columns-is-layout-flex\">\n<div class=\"wp-block-column is-layout-flow wp-block-column-is-layout-flow\" style=\"flex-basis:33.33%\">\n<p>Most olvasta el a f\u00e1jlunkat:<\/p>\n<\/div>\n\n\n\n<div class=\"wp-block-column is-layout-flow wp-block-column-is-layout-flow\" style=\"flex-basis:33.33%\">\n<div class=\"wp-block-group is-layout-flow wp-block-group-is-layout-flow\"><div class=\"wp-block-group__inner-container\"><h4 class=\"has-text-align-center wp-block-post-title\"><span id=\"bookmaker-quelle-est-le-meilleur-pour-parier-sur-la-politique-et-l8217election-presidentielle-de-2022\"><a href=\"https:\/\/parier-presidentielle.com\/hu\/bukmeker-valasztas-politika-2022\/\" target=\"_self\" >Bukm\u00e9ker: Hol lehet a legjobban fogadni a politik\u00e1ra \u00e9s a 2022-es eln\u00f6kv\u00e1laszt\u00e1sra?<\/a><\/span><\/h4><\/div><\/div>\n<\/div>\n\n\n\n<div class=\"wp-block-column is-layout-flow wp-block-column-is-layout-flow\" style=\"flex-basis:33.33%\">\n<p class=\"has-text-align-right\">Folytassa az olvas\u00e1st a t\u00f6bbi exkluz\u00edv f\u00e1jlunkkal,<\/p>\n<\/div>\n<\/div>\n\n\n\n<h3 class=\"wp-block-heading\" id=\"tous-les-pronostics-sondage-et-cotes-pour-parier-sur-le-futur-vainqueur-de-l-election-presidentielle-2022\"><span id=\"tous-les-pronostics-sondage-et-cotes-pour-parier-sur-le-futur-vainqueur-de-l8217election-presidentielle-2024\">Az \u00f6sszes j\u00f3slat, felm\u00e9r\u00e9s \u00e9s es\u00e9ly a 2024-es eln\u00f6kv\u00e1laszt\u00e1s j\u00f6v\u0151beli gy\u0151ztes\u00e9re:<\/span><\/h3>\n\n\n\n<ul>\n<li><a href=\"https:\/\/parier-presidentielle.com\/hu\/makro-valasztas\/\">Fogadjon Emmanuel Macronra az Unibet, Betclic, Bwin seg\u00edts\u00e9g\u00e9vel<\/a> : A kedvenc a szavaz\u00e1sokban \u00e9s el\u0151rejelz\u00e9sekben <\/li>\n\n\n\n<li><a href=\"https:\/\/parier-presidentielle.com\/hu\/marine-le-pen-valasztas\/\">Marine Le Pen: Az es\u00e9lyei \u00e9s a fogad\u00e1s m\u00f3dja a bukm\u00e9kerekn\u00e9l<\/a>: A kih\u00edv\u00f3 az Unibet szerint<\/li>\n<\/ul>\n\n\n\n<p><\/p>\n\n\n\n<center><script type=\"text\/javascript\" charset=\"utf-8\" src=\"https:\/\/www.gambling-affiliation.com\/cpm\/v=AmIMTDSs92QY6b0MzDMvM5laCjJ-ZlA-1oQ-7tKsi.w_GA7331V2\"><\/script><\/center>\n\n\n\n<h3 class=\"wp-block-heading\"><span id=\"donald-trump-vs-joe-biden-la-video-qui-lance-les-paris-en-ligne-sur-l8217election-politique-de-2024\">Donald Trump vs Joe Biden: A vide\u00f3, amely online fogad\u00e1st ind\u00edt a 2024-es politikai v\u00e1laszt\u00e1sokr\u00f3l<\/span><\/h3>\n\n\n\n<figure class=\"wp-block-embed is-type-video is-provider-youtube wp-block-embed-youtube wp-embed-aspect-16-9 wp-has-aspect-ratio\"><div class=\"wp-block-embed__wrapper\">\n<iframe loading=\"lazy\" title=\"Donald Trump volt eln\u00f6k meghirdeti a 2024-es Feh\u00e9r H\u00e1z #Short p\u00e1ly\u00e1zat\u00e1t\" width=\"640\" height=\"360\" src=\"https:\/\/www.youtube.com\/embed\/hZykPRVe4Ag?feature=oembed\" frameborder=\"0\" allow=\"accelerometer; autoplay; clipboard-write; encrypted-media; gyroscope; picture-in-picture; web-share\" allowfullscreen><\/iframe>\n<\/div><\/figure>\n\n\n<div class=\"wp-block-image\">\n<figure class=\"aligncenter size-medium\"><a href=\"https:\/\/parier-presidentielle.com\/hu\/recommends\/unibet\/\" target=\"_blank\" rel=\"noopener\"><img decoding=\"async\" loading=\"lazy\" width=\"300\" height=\"169\" src=\"https:\/\/parier-presidentielle.com\/wp-content\/uploads\/2022\/04\/unibet-300x169.jpg\" alt=\"\" class=\"wp-image-1252\" srcset=\"https:\/\/parier-presidentielle.com\/wp-content\/uploads\/2022\/04\/unibet-300x169.jpg 300w, https:\/\/parier-presidentielle.com\/wp-content\/uploads\/2022\/04\/unibet-1024x576.jpg 1024w, https:\/\/parier-presidentielle.com\/wp-content\/uploads\/2022\/04\/unibet-768x432.jpg 768w, https:\/\/parier-presidentielle.com\/wp-content\/uploads\/2022\/04\/unibet-18x10.jpg 18w, https:\/\/parier-presidentielle.com\/wp-content\/uploads\/2022\/04\/unibet.jpg 1280w\" sizes=\"(max-width: 300px) 100vw, 300px\" \/><\/a><\/figure><\/div>\n\n\n<p>Keresse meg a Wikit, az alapvet\u0151 politikai h\u00edreket a kannabiszr\u00f3l \u00e9s leg\u00e1lis sz\u00e1rmaz\u00e9kair\u00f3l: <strong>HHC, H4cbd, Thcp, Thcv, HSD, HHCPO, C4B<\/strong><\/p>\n<div id=\"toc_container\" class=\"no_bullets\"><p class=\"toc_title\">Tartalom<\/p><ul class=\"toc_list\"><li><ul><li><\/li><\/ul><\/li><li><\/li><li><ul><li><ul><li><\/li><\/ul><\/li><li><\/li><li><\/li><\/ul><\/li><\/ul><\/div>","protected":false},"excerpt":{"rendered":"<p>Les Bookmakers Unibet, Bwin, Betclic le top 3! Pour parier sur le vainqueur des \u00e9lections 2022, apr\u00e8s avoir test\u00e9 des dizaines de bookmaker il appara\u00eet que Betclic, Unibet, Bwin sont les meilleurs retrouvez nos dossier exclusif pour r\u00e9aliser votre premier paris sur la politique aussi bien par votre Ordinateur, T\u00e9l\u00e9phone ou m\u00eame les applications : &#8230;<\/p>","protected":false},"author":1,"featured_media":0,"parent":0,"menu_order":0,"comment_status":"closed","ping_status":"closed","template":"page-nosidebar.php","meta":{"footnotes":""},"yoast_head":"<!-- This site is optimized with the Yoast SEO Premium plugin v21.0 (Yoast SEO v21.0) - https:\/\/yoast.com\/wordpress\/plugins\/seo\/ -->\n<title>Bookmaker : Quelle est le meilleur pour parier sur la politique et l&#039;\u00e9lection pr\u00e9sidentielle de 2022? - Finale Coupe du Monde FIFA<\/title>\n<meta name=\"description\" content=\"Comparatif des bookmakers : Unibet, Bwin, Betclic! Qui propose les meilleurs cotes, bonus, pour la Politique et tous les sports?\" \/>\n<meta name=\"robots\" content=\"index, follow, max-snippet:-1, max-image-preview:large, max-video-preview:-1\" \/>\n<link rel=\"canonical\" href=\"https:\/\/parier-presidentielle.com\/hu\/bukmeker-valasztas-politika-2022\/\" \/>\n<meta property=\"og:locale\" content=\"hu_HU\" \/>\n<meta property=\"og:type\" content=\"article\" \/>\n<meta property=\"og:title\" content=\"Bookmaker : Quelle est le meilleur pour parier sur la politique et l&#039;\u00e9lection pr\u00e9sidentielle de 2022?\" \/>\n<meta property=\"og:description\" content=\"Comparatif des bookmakers : Unibet, Bwin, Betclic! Qui propose les meilleurs cotes, bonus, pour la Politique et tous les sports?\" \/>\n<meta property=\"og:url\" content=\"https:\/\/parier-presidentielle.com\/hu\/bukmeker-valasztas-politika-2022\/\" \/>\n<meta property=\"og:site_name\" content=\"Parier Pr\u00e9sidentielle\" \/>\n<meta property=\"article:modified_time\" content=\"2022-04-21T23:06:24+00:00\" \/>\n<meta property=\"og:image\" content=\"https:\/\/parier-presidentielle.com\/wp-content\/uploads\/2021\/09\/depositphotos_172634272-stock-illustration-bookmakers-men-with-money.jpg\" \/>\n<meta name=\"twitter:card\" content=\"summary_large_image\" \/>\n<meta name=\"twitter:label1\" content=\"Est. reading time\" \/>\n\t<meta name=\"twitter:data1\" content=\"4 perc\" \/>\n<script type=\"application\/ld+json\" class=\"yoast-schema-graph\">{\"@context\":\"https:\/\/schema.org\",\"@graph\":[{\"@type\":\"WebPage\",\"@id\":\"https:\/\/parier-presidentielle.com\/bookmaker-election-politique-2022\/\",\"url\":\"https:\/\/parier-presidentielle.com\/bookmaker-election-politique-2022\/\",\"name\":\"Bookmaker : Quelle est le meilleur pour parier sur la politique et l'\u00e9lection pr\u00e9sidentielle de 2022? - Finale Coupe du Monde FIFA\",\"isPartOf\":{\"@id\":\"https:\/\/parier-presidentielle.com\/#website\"},\"datePublished\":\"2021-09-14T15:14:49+00:00\",\"dateModified\":\"2022-04-21T23:06:24+00:00\",\"description\":\"Comparatif des bookmakers : Unibet, Bwin, Betclic! Qui propose les meilleurs cotes, bonus, pour la Politique et tous les sports?\",\"breadcrumb\":{\"@id\":\"https:\/\/parier-presidentielle.com\/bookmaker-election-politique-2022\/#breadcrumb\"},\"inLanguage\":\"hu\",\"potentialAction\":[{\"@type\":\"ReadAction\",\"target\":[\"https:\/\/parier-presidentielle.com\/bookmaker-election-politique-2022\/\"]}]},{\"@type\":\"BreadcrumbList\",\"@id\":\"https:\/\/parier-presidentielle.com\/bookmaker-election-politique-2022\/#breadcrumb\",\"itemListElement\":[{\"@type\":\"ListItem\",\"position\":1,\"name\":\"Accueil\",\"item\":\"https:\/\/parier-presidentielle.com\/\"},{\"@type\":\"ListItem\",\"position\":2,\"name\":\"Bookmaker : Quelle est le meilleur pour parier sur la politique et l&#8217;\u00e9lection pr\u00e9sidentielle de 2022?\"}]},{\"@type\":\"WebSite\",\"@id\":\"https:\/\/parier-presidentielle.com\/#website\",\"url\":\"https:\/\/parier-presidentielle.com\/\",\"name\":\"Parier Pr\u00e9sidentielle\",\"description\":\"Paris, Pronostics, Wiki sur la Politique, les Elections Am\u00e9ricaines: Joe Biden, Donald Trump avec les Bookmakers en ligne Unibet, Bwin, Betclic, Winamax\",\"potentialAction\":[{\"@type\":\"SearchAction\",\"target\":{\"@type\":\"EntryPoint\",\"urlTemplate\":\"https:\/\/parier-presidentielle.com\/?s={search_term_string}\"},\"query-input\":\"required name=search_term_string\"}],\"inLanguage\":\"hu\"}]}<\/script>\n<!-- \/ Yoast SEO Premium plugin. -->","yoast_head_json":{"title":"Bookmaker : Quelle est le meilleur pour parier sur la politique et l'\u00e9lection pr\u00e9sidentielle de 2022? - Finale Coupe du Monde FIFA","description":"Comparatif des bookmakers : Unibet, Bwin, Betclic! Qui propose les meilleurs cotes, bonus, pour la Politique et tous les sports?","robots":{"index":"index","follow":"follow","max-snippet":"max-snippet:-1","max-image-preview":"max-image-preview:large","max-video-preview":"max-video-preview:-1"},"canonical":"https:\/\/parier-presidentielle.com\/hu\/bukmeker-valasztas-politika-2022\/","og_locale":"hu_HU","og_type":"article","og_title":"Bookmaker : Quelle est le meilleur pour parier sur la politique et l'\u00e9lection pr\u00e9sidentielle de 2022?","og_description":"Comparatif des bookmakers : Unibet, Bwin, Betclic! Qui propose les meilleurs cotes, bonus, pour la Politique et tous les sports?","og_url":"https:\/\/parier-presidentielle.com\/hu\/bukmeker-valasztas-politika-2022\/","og_site_name":"Parier Pr\u00e9sidentielle","article_modified_time":"2022-04-21T23:06:24+00:00","og_image":[{"url":"https:\/\/parier-presidentielle.com\/wp-content\/uploads\/2021\/09\/depositphotos_172634272-stock-illustration-bookmakers-men-with-money.jpg"}],"twitter_card":"summary_large_image","twitter_misc":{"Est. reading time":"4 perc"},"schema":{"@context":"https:\/\/schema.org","@graph":[{"@type":"WebPage","@id":"https:\/\/parier-presidentielle.com\/bookmaker-election-politique-2022\/","url":"https:\/\/parier-presidentielle.com\/bookmaker-election-politique-2022\/","name":"Bookmaker : Quelle est le meilleur pour parier sur la politique et l'\u00e9lection pr\u00e9sidentielle de 2022? - Finale Coupe du Monde FIFA","isPartOf":{"@id":"https:\/\/parier-presidentielle.com\/#website"},"datePublished":"2021-09-14T15:14:49+00:00","dateModified":"2022-04-21T23:06:24+00:00","description":"Comparatif des bookmakers : Unibet, Bwin, Betclic! Qui propose les meilleurs cotes, bonus, pour la Politique et tous les sports?","breadcrumb":{"@id":"https:\/\/parier-presidentielle.com\/bookmaker-election-politique-2022\/#breadcrumb"},"inLanguage":"hu","potentialAction":[{"@type":"ReadAction","target":["https:\/\/parier-presidentielle.com\/bookmaker-election-politique-2022\/"]}]},{"@type":"BreadcrumbList","@id":"https:\/\/parier-presidentielle.com\/bookmaker-election-politique-2022\/#breadcrumb","itemListElement":[{"@type":"ListItem","position":1,"name":"Accueil","item":"https:\/\/parier-presidentielle.com\/"},{"@type":"ListItem","position":2,"name":"Bookmaker : Quelle est le meilleur pour parier sur la politique et l&#8217;\u00e9lection pr\u00e9sidentielle de 2022?"}]},{"@type":"WebSite","@id":"https:\/\/parier-presidentielle.com\/#website","url":"https:\/\/parier-presidentielle.com\/","name":"Parier Pr\u00e9sidentielle","description":"Paris, Pronostics, Wiki sur la Politique, les Elections Am\u00e9ricaines: Joe Biden, Donald Trump avec les Bookmakers en ligne Unibet, Bwin, Betclic, Winamax","potentialAction":[{"@type":"SearchAction","target":{"@type":"EntryPoint","urlTemplate":"https:\/\/parier-presidentielle.com\/?s={search_term_string}"},"query-input":"required name=search_term_string"}],"inLanguage":"hu"}]}},"_links":{"self":[{"href":"https:\/\/parier-presidentielle.com\/hu\/wp-json\/wp\/v2\/pages\/269"}],"collection":[{"href":"https:\/\/parier-presidentielle.com\/hu\/wp-json\/wp\/v2\/pages"}],"about":[{"href":"https:\/\/parier-presidentielle.com\/hu\/wp-json\/wp\/v2\/types\/page"}],"author":[{"embeddable":true,"href":"https:\/\/parier-presidentielle.com\/hu\/wp-json\/wp\/v2\/users\/1"}],"replies":[{"embeddable":true,"href":"https:\/\/parier-presidentielle.com\/hu\/wp-json\/wp\/v2\/comments?post=269"}],"version-history":[{"count":10,"href":"https:\/\/parier-presidentielle.com\/hu\/wp-json\/wp\/v2\/pages\/269\/revisions"}],"predecessor-version":[{"id":1551,"href":"https:\/\/parier-presidentielle.com\/hu\/wp-json\/wp\/v2\/pages\/269\/revisions\/1551"}],"wp:attachment":[{"href":"https:\/\/parier-presidentielle.com\/hu\/wp-json\/wp\/v2\/media?parent=269"}],"curies":[{"name":"wp","href":"https:\/\/api.w.org\/{rel}","templated":true}]}}