{"id":281,"date":"2021-09-14T23:03:41","date_gmt":"2021-09-14T21:03:41","guid":{"rendered":"https:\/\/parier-presidentielle.com\/?page_id=281"},"modified":"2023-09-11T13:47:08","modified_gmt":"2023-09-11T11:47:08","slug":"anne-hidalgo-election-2022","status":"publish","type":"page","link":"https:\/\/parier-presidentielle.com\/hu\/anne-hidalgo-valasztas-2022\/","title":{"rendered":"Fogadjon Anne Hidalgo 2022-es megv\u00e1laszt\u00e1s\u00e1ra"},"content":{"rendered":"<h2 class=\"wp-block-heading\" id=\"h-les-cotes-des-bookmakers\"><span id=\"les-cotes-des-bookmakers\">Bukm\u00e9ker szorz\u00f3k: <\/span><\/h2>\n\n\n\n<h3 class=\"wp-block-heading\" id=\"h-william-hill-propose-une-cote-de-41\"><span id=\"william-hill-propose-une-cote-de-41\">A William Hill 41-es \u00e9rt\u00e9kel\u00e9st k\u00edn\u00e1l<\/span><\/h3>\n\n\n\n<figure class=\"wp-block-image size-large\"><img decoding=\"async\" loading=\"lazy\" width=\"1024\" height=\"42\" src=\"https:\/\/parier-presidentielle.com\/wp-content\/uploads\/2021\/09\/image-1-1024x42.png\" alt=\"Anne Hidalgo a William Hillben\" class=\"wp-image-310\" srcset=\"https:\/\/parier-presidentielle.com\/wp-content\/uploads\/2021\/09\/image-1-1024x42.png 1024w, https:\/\/parier-presidentielle.com\/wp-content\/uploads\/2021\/09\/image-1-300x12.png 300w, https:\/\/parier-presidentielle.com\/wp-content\/uploads\/2021\/09\/image-1-768x32.png 768w, https:\/\/parier-presidentielle.com\/wp-content\/uploads\/2021\/09\/image-1.png 1072w\" sizes=\"(max-width: 1024px) 100vw, 1024px\" \/><\/figure>\n\n\n\n<h3 class=\"wp-block-heading\" id=\"h-betclic-propose-une-cote-de-22\"><span id=\"betclic-propose-une-cote-de-22\">A Betclic 22-es szorz\u00f3t k\u00edn\u00e1l<\/span><\/h3>\n\n\n\n<figure class=\"wp-block-image size-full\"><img decoding=\"async\" loading=\"lazy\" width=\"991\" height=\"73\" src=\"https:\/\/parier-presidentielle.com\/wp-content\/uploads\/2021\/09\/image-2.png\" alt=\"\" class=\"wp-image-313\" srcset=\"https:\/\/parier-presidentielle.com\/wp-content\/uploads\/2021\/09\/image-2.png 991w, https:\/\/parier-presidentielle.com\/wp-content\/uploads\/2021\/09\/image-2-300x22.png 300w, https:\/\/parier-presidentielle.com\/wp-content\/uploads\/2021\/09\/image-2-768x57.png 768w\" sizes=\"(max-width: 991px) 100vw, 991px\" \/><\/figure>\n\n\n\n<h3 class=\"wp-block-heading\" id=\"h-unibet-propose-une-cote-de-21\"><span id=\"unibet-propose-une-cote-de-21\">Az Unibet 21-es szorz\u00f3t k\u00edn\u00e1l<\/span><\/h3>\n\n\n\n<figure class=\"wp-block-image size-full\"><img decoding=\"async\" loading=\"lazy\" width=\"1000\" height=\"64\" src=\"https:\/\/parier-presidentielle.com\/wp-content\/uploads\/2021\/09\/image-3.png\" alt=\"\" class=\"wp-image-314\" srcset=\"https:\/\/parier-presidentielle.com\/wp-content\/uploads\/2021\/09\/image-3.png 1000w, https:\/\/parier-presidentielle.com\/wp-content\/uploads\/2021\/09\/image-3-300x19.png 300w, https:\/\/parier-presidentielle.com\/wp-content\/uploads\/2021\/09\/image-3-768x49.png 768w\" sizes=\"(max-width: 1000px) 100vw, 1000px\" \/><\/figure>\n\n\n\n<p><\/p>\n\n\n\n<h2 class=\"wp-block-heading has-text-align-center\" id=\"h-analyse-amp-pronostics-pour-parier-sur-la-victoire-d-anne-hidalgo\"><span id=\"analyse-pronostics-pour-parier-sur-la-victoire-d8217anne-hidalgo\">Elemz\u00e9s \u00e9s el\u0151rejelz\u00e9sek fogadni Anne Hidalgo gy\u0151zelm\u00e9re<\/span><\/h2>\n\n\n\n<p>A bejelent\u00e9st k\u00f6vet\u0151en l\u00e1thatjuk, hogy az Unibet \u00e9s a Betclic megk\u00f6zel\u00edt\u0151leg azonos szorz\u00f3t k\u00edn\u00e1l, m\u00edg az angol William Hill bukm\u00e9ker szorz\u00f3ja 41, ami dupl\u00e1ja! Ez\u00e9rt azt javasoljuk, hogy haszn\u00e1lja ezt a fogad\u00f3irod\u00e1t, hogy fogadjon Anne Hidalgo megv\u00e1laszt\u00e1s\u00e1ra! <\/p>\n\n\n\n<p><\/p>\n\n\n\n<h3 class=\"wp-block-heading\" id=\"h-la-transformation-d-anne-hidalgo-en-candidate-a-la-presidentielle-en-2022-la-maire-de-paris-qui-ne-voulait-pas-se-presenter-l-election-a-changer-d-avis\"><span id=\"la-transformation-d8217anne-hidalgo-en-candidate-a-la-presidentielle-en-2022-la-maire-de-paris-qui-ne-voulait-pas-se-presenter-l8217election-a-changer-d8217avis8230\">Anne Hidalgo eln\u00f6kjel\u00f6ltt\u00e9 alak\u00edt\u00e1sa 2022-ben: Meggondolta mag\u00e1t P\u00e1rizs polg\u00e1rmestere, aki nem akart indulni a v\u00e1laszt\u00e1son...<\/span><\/h3>\n\n\n\n<p>&quot;Nem keresek m\u00e1st, mint hogy P\u00e1rizs polg\u00e1rmestere legyek: nem indulok a 2022-es v\u00e1laszt\u00e1sokon&quot;<\/p>\n\n\n\n<p>jelentette ki Anne Hidalgo egy interj\u00faban. Hetekig tart\u00f3 hamis fesz\u00fclts\u00e9g ut\u00e1n a fogad\u00f3irod\u00e1k megj\u00f3solt\u00e1k, hogy megadt\u00e1k neki a szorz\u00f3ikat, \u00e9s belefoglalt\u00e1k a fogad\u00e1s lehet\u0151s\u00e9g\u00e9t az Elys\u00e9e-n val\u00f3 es\u00e9lyeire, szeptember 12-\u00e9n, vas\u00e1rnap bejelentette, hogy jel\u00f6lteti mag\u00e1t.<a href=\"https:\/\/parier-presidentielle.com\/hu\/\"> a 2022-es eln\u00f6kv\u00e1laszt\u00e1son.<\/a> \u201eEgy\u00e1ltal\u00e1n nem sz\u00e1m\u00edtottam magamra ebben a kamp\u00e1nyban, de sok n\u0151t \u00e9s f\u00e9rfit, v\u00e1lasztott tiszts\u00e9gvisel\u0151t, egyes\u00fcleti k\u00e9pvisel\u0151t, francia n\u0151t \u00e9s f\u00e9rfit is l\u00e1ttam, akik elj\u00f6ttek, hogy elmondj\u00e1k nekem: \u201eNem szabadulhatsz meg ett\u0151l a felel\u0151ss\u00e9gt\u0151l, amely az \u00f6n\u00e9. \u2013 Akkor mi\u00e9rt ez a v\u00e1ltoz\u00e1s? Ezek a k\u00f6r\u00fclm\u00e9nyek k\u00e9sztett\u00e9k a v\u00e1ltoz\u00e1sra.\u201d . A kih\u00edv\u00e1s akkora, hogy nincs m\u00e1s hely\u201d \u2013 jelentette ki a PS p\u00e1rizsi szen\u00e1tora. Mindenki szem\u00e9ben 2020. j\u00fanius 28-\u00e1n, a f\u0151v\u00e1rosi \u00f6nkorm\u00e1nyzati v\u00e1laszt\u00e1s m\u00e1sodik fordul\u00f3j\u00e1ban Anne Hidalgo egy\u00e9rtelm\u0171 \u00fajrav\u00e1laszt\u00e1sa jelentette az els\u0151 szem\u00e9lyes l\u00e9p\u00e9st az eln\u00f6kv\u00e1laszt\u00e1s fel\u00e9. \u201eGy\u0151zelem a legitimit\u00e1s, az \u00f6nbizalom helyre\u00e1ll\u00edt\u00e1s\u00e1ban \u00e9s a lehetetlenn\u00e9 t\u00e9telben\u201d \u2013 jelentette ki Jean-Fran\u00e7ois Bebat, Bourg-en-Bresse (AIN) PS polg\u00e1rmestere \u00e9s a z\u00e1rt jel\u00f6lt.<\/p>\n\n\n\n<figure class=\"wp-block-image size-large wp-duotone-000097-ff4747-1\"><img decoding=\"async\" loading=\"lazy\" width=\"1024\" height=\"512\" src=\"https:\/\/parier-presidentielle.com\/wp-content\/uploads\/2021\/09\/Presidentielle-quelle-equipe-pour-accompagner-Anne-Hidalgo-1024x512.jpg\" alt=\"Anne Hidalgo az eln\u00f6kv\u00e1laszt\u00e1s fel\u00e9 tart\" class=\"wp-image-291\" srcset=\"https:\/\/parier-presidentielle.com\/wp-content\/uploads\/2021\/09\/Presidentielle-quelle-equipe-pour-accompagner-Anne-Hidalgo-1024x512.jpg 1024w, https:\/\/parier-presidentielle.com\/wp-content\/uploads\/2021\/09\/Presidentielle-quelle-equipe-pour-accompagner-Anne-Hidalgo-300x150.jpg 300w, https:\/\/parier-presidentielle.com\/wp-content\/uploads\/2021\/09\/Presidentielle-quelle-equipe-pour-accompagner-Anne-Hidalgo-768x384.jpg 768w, https:\/\/parier-presidentielle.com\/wp-content\/uploads\/2021\/09\/Presidentielle-quelle-equipe-pour-accompagner-Anne-Hidalgo-1536x768.jpg 1536w, https:\/\/parier-presidentielle.com\/wp-content\/uploads\/2021\/09\/Presidentielle-quelle-equipe-pour-accompagner-Anne-Hidalgo.jpg 2000w\" sizes=\"(max-width: 1024px) 100vw, 1024px\" \/><\/figure>\n\n\n\n<h2 class=\"wp-block-heading\" id=\"h-cap-politique-sur-2022\"><span id=\"cap-politique-sur-2022\">Politikai tanfolyam 2022-re<\/span><\/h2>\n\n\n\n<p>Az \u00f6nkorm\u00e1nyzati v\u00e1laszt\u00e1sok ut\u00e1n Anne Hidalgo elm\u00e9je m\u00e9g mindig nagyon hom\u00e1lyos. Ezek a politikai bar\u00e1tok, valamint a civil t\u00e1rsadalom \u00e9s m\u00e1s egyes\u00fcletek t\u00e1mogat\u00e1sa k\u00e9sztett\u00e9k arra, hogy induljon a hivatal\u00e9rt. 2020 nyar\u00e1t\u00f3l t\u00f6bbsz\u00f6r hallatt\u00e1k vele a 2022-es c\u00e9lt: \u201eHa te vagy a megfelel\u0151 ember, nem mondhatod, hogy P\u00e1rizsban maradsz. Nem v\u00e1laszthatunk <a href=\"https:\/\/parier-presidentielle.com\/hu\/makro-valasztas\/\">Macron<\/a> Vagy <a href=\"https:\/\/parier-presidentielle.com\/hu\/marine-le-pen-valasztas\/\">A toll <\/a>mint legut\u00f3bb.\u201d <\/p>\n\n\n\n<p>P\u00e1rizs polg\u00e1rmestere meg van gy\u0151z\u0151dve arr\u00f3l, hogy a h\u00edres Le Pen-Macron p\u00e1rost le kell v\u00e1ltani. \u201e\u00dagy \u00e9reztem, hallgat, de nem akarta ezt a k\u00e9rd\u00e9st eg\u00e9szen konkr\u00e9t m\u00f3don megoldani\u201d \u2013 eml\u00e9kezett vissza egy szen\u00e1tor bar\u00e1t. Elm\u00falt a ny\u00e1r, \u00e9s a tan\u00e9v kezdet\u00e9vel az \u00f6nkorm\u00e1nyzati k\u00e9pvisel\u0151k visszat\u00e9rnek a m\u00e9di\u00e1ba. M\u00e1r \u00e9rezz\u00fck, m\u00e1s a hangv\u00e9tel. \u201eL\u00e1tom, hogy megv\u00e1ltozott a felfog\u00e1som. Hallottam a komment\u00e1torok hangj\u00e1t, \u00e9s l\u00e1ttam a p\u00e1rizsiak \u00e9s a franci\u00e1k lelkes reakci\u00f3j\u00e1t, akikkel ezen a ny\u00e1ron tal\u00e1lkoztam. \u00dagy d\u00f6nt\u00f6tt, hogy \u201er\u00e9szt vesz a j\u00f6v\u0151beli csat\u00e1ban\u201d. K\u00e9t h\u00f3nappal k\u00e9s\u0151bb ezt az \u00edg\u00e9ret\u00e9t megism\u00e9telte a Lib\u00e9rationnak adott interj\u00faj\u00e1ban. \u201eMa politikai szinten: siker\u00fclt-e megszabadulnunk v\u00e9gzetes n\u00e9zetelt\u00e9r\u00e9seinkt\u0151l, \u00e9s siker\u00fclt-e kialak\u00edtanunk egy k\u00f6z\u00f6s j\u00f6v\u0151k\u00e9pet, amely a legt\u00f6bbet egyes\u00edti? Akarom\u201d \u2013 mondta Anne Hidalgo.<\/p>\n\n\n\n<h2 class=\"wp-block-heading\" id=\"h-la-bataille-pour-la-presidentielle\"><span id=\"la-bataille-pour-la-presidentielle\">Harc az eln\u00f6kv\u00e1laszt\u00e1s\u00e9rt<\/span><\/h2>\n\n\n\n<p>Ugyanakkor a hozz\u00e1 k\u00f6zel \u00e1ll\u00f3k tov\u00e1bbra is rem\u00e9nykedtek:<\/p>\n\n\n\n<blockquote class=\"wp-block-quote\">\n<p>\u201eBiztos\u00edtom, ha indul az eln\u00f6kv\u00e1laszt\u00e1son, t\u00e1mogatn\u00e1m \u0151t\u201d <\/p>\n<\/blockquote>\n\n\n\n<p>Annie Hidalgo azonban egy olyan n\u0151, aki m\u00e1sra gondol. Bertrand Delano\u00eb egykori asszisztense, P\u00e1rizs jelenlegi polg\u00e1rmestere k\u00e9tszer is \u00fagy tudja, hogy az eln\u00f6kjel\u00f6lt nyugodtan k\u00e9sz\u00fcl. \u201eAzt hiszem, k\u00e9szen \u00e1ll az indul\u00e1sra. egy program, hogy kider\u00fclj\u00f6n, tud-e n\u0151 lenni ebben a helyzetben\u201d \u2013 biztos\u00edtotta a PS polg\u00e1rmestere. P\u00e1rizs polg\u00e1rmestere meg van gy\u0151z\u0151dve arr\u00f3l, hogy a \u201ebaloldal meg\u00fajul\u00e1sa\u201d csak \u201e2017 \u00f3ta v\u00e1laszt\u00e1sokat nyert politikusokat\u201d l\u00e1t majd.<\/p>\n\n\n\n<h2 class=\"wp-block-heading\" id=\"h-la-naissance-d-une-ambition\"><span id=\"la-naissance-d8217une-ambition\">Egy amb\u00edci\u00f3 sz\u00fclet\u00e9se<\/span><\/h2>\n\n\n\n<p><br>De ha Anne Hidalgo sok energi\u00e1t fektet P\u00e1rizsba, akkor a f\u0151v\u00e1roson k\u00edv\u00fcli h\u00e1l\u00f3zata nagyon gyenge. Ez\u00e9rt mindent meg kell \u00e1llap\u00edtani. hetilap, Marc Dupond, becenev\u00e9n <strong>\u201eFranciaorsz\u00e1g polg\u00e1rmestereinek edz\u0151je<\/strong> \u00bb, kil\u00e1t\u00e1s ny\u00edlik sz\u00e1m\u00e1ra eg\u00e9sz Franciaorsz\u00e1gban!<\/p>\n\n\n\n<p><\/p>\n\n\n\n<p><\/p>\n\n\n\n<p>Most a k\u00f6re t\u00e1mogatja, csak a PS elef\u00e1ntok \u00e1ld\u00e1sa van h\u00e1tra. A PS ny\u00e1ri iskol\u00e1j\u00e1ban nagyon j\u00f3l fogadt\u00e1k Anne Hidalgot, aki mindig is t\u00e1vol \u00e1llt a szocialista (\u00e9s megoszt\u00f3) logik\u00e1t\u00f3l. A p\u00e1rt vezet\u0151je, Olivier Faure azt mondta: \u201e\u00dagy gondolom, hogy \u00edgy folytatja, \u00e9s sikeres lesz az eln\u00f6kv\u00e1laszt\u00e1son. Ha Anne Hidalgo nem nyilatkozik hivatalosan, 2022-ben folytatja a kalandot  <\/p>\n\n\n\n<p>Az Elys\u00e9e minden versenyz\u0151je sz\u00e1m\u00e1ra egy m\u00e1sik fontos l\u00e9p\u00e9s a programk\u00f6nyv meg\u00edr\u00e1sa.  <em>\u201cEgy francia n\u0151\u201d<\/em> szeptember 15-\u00e9n jelent meg. \u201eTeh\u00e1t igen, nem eln\u00f6ki amb\u00edci\u00f3kra alapozta karrierj\u00e9t, de r\u00e1j\u00f6ttem, hogy van egy politikai vezet\u0151. Azonban: Annie Hidalgot csak 7-9 % t\u00e1mogatja a szavaz\u00e1sokon\u2026<br>A Hildag\u00f3ra tett fogad\u00e1s ez\u00e9rt tov\u00e1bbra is kock\u00e1zatos fogad\u00e1s!<\/p>\n\n\n\n<p><\/p>\n\n\n\n<p><\/p>\n\n\n\n<p class=\"has-text-align-center unibet\" style=\"font-size:25px\"><mark style=\"background-color:rgba(0, 0, 0, 0);color:#0d7a12\" class=\"has-inline-color\"><strong><a href=\"https:\/\/parier-presidentielle.com\/hu\/recommends\/unibet\/\">150 \u20ac b\u00f3nusz az Unibetn\u00e9l<br>Az els\u0151 politikai vagy sportfogad\u00e1shoz: Kattintson ide<\/a><\/strong><\/mark><\/p>\n\n\n\n<p><\/p>\n\n\n<div class=\"wp-block-image\">\n<figure class=\"aligncenter is-resized wp-duotone-000097-ff4747-2\"><img decoding=\"async\" loading=\"lazy\" src=\"https:\/\/parier-presidentielle.com\/wp-content\/uploads\/2021\/09\/election-standard-scale-4_00x-gigapixel-1024x623.jpg\" alt=\"V\u00e1laszt\u00e1sok 2022\" style=\"width:256px;height:156px\" width=\"256\" height=\"156\"\/><\/figure><\/div>\n\n\n<p><br><\/p>\n\n\n\n<p><strong>A Parier-Presidential seg\u00edt a v\u00e1laszt\u00e1sban<a href=\"https:\/\/parier-presidentielle.com\/hu\/\"> A Bwin, az Unibet \u00e9s a Betclic bukm\u00e9kerek a j\u00f6v\u0151 amerikai eln\u00f6k\u00e9re fogadnak 2024-ben<\/a> : <\/strong><br><a href=\"https:\/\/parier-presidentielle.com\/hu\/unibet-politika-valasztas-2022\/\">Unibet eln\u00f6ki fogad\u00f3iroda<\/a> : R\u00e9szletes \u00e9s ingyenes \u00fatmutat\u00f3 az els\u0151 online fogad\u00e1shoz, minden szorz\u00f3val \u00e9s a felk\u00edn\u00e1lt b\u00f3nusz el\u0151nyeinek kihaszn\u00e1l\u00e1s\u00e1hoz!<\/p>\n\n\n\n<p>Valamint m\u00e1s p\u00e1rizsi online oldalak: <a href=\"https:\/\/parier-presidentielle.com\/hu\/unibet-politika-valasztas-2022\/\">Bwin<\/a>, <a href=\"https:\/\/parier-presidentielle.com\/hu\/netbet-paris-politics-valasztas-2022\/\">NetBet<\/a>, <a href=\"https:\/\/parier-presidentielle.com\/hu\/betclic-presidential-2022\/\">Betclic<\/a>, <a href=\"https:\/\/parier-presidentielle.com\/hu\/winamax-politika-valasztas-2022\/\">Winamax<\/a>, Parions Sport, Zebet,Betway, France-Pari,Vbet, Cloudbet, 1Xbit, 1xbet, Betfair, Betwinner\u2026<\/p>\n\n\n\n<div class=\"wp-block-columns is-layout-flex wp-container-7 wp-block-columns-is-layout-flex\">\n<div class=\"wp-block-column is-layout-flow wp-block-column-is-layout-flow\" style=\"flex-basis:33.33%\">\n<p>Most olvasta el a f\u00e1jlunkat:<\/p>\n<\/div>\n\n\n\n<div class=\"wp-block-column is-layout-flow wp-block-column-is-layout-flow\" style=\"flex-basis:33.33%\">\n<div class=\"wp-block-group is-layout-flow wp-block-group-is-layout-flow\"><div class=\"wp-block-group__inner-container\"><h4 class=\"has-text-align-center wp-block-post-title\"><span id=\"parier-sur-lelection-danne-hidalgo-2022\"><a href=\"https:\/\/parier-presidentielle.com\/hu\/anne-hidalgo-valasztas-2022\/\" target=\"_self\" >Fogadjon Anne Hidalgo 2022-es megv\u00e1laszt\u00e1s\u00e1ra<\/a><\/span><\/h4><\/div><\/div>\n<\/div>\n\n\n\n<div class=\"wp-block-column is-layout-flow wp-block-column-is-layout-flow\" style=\"flex-basis:33.33%\">\n<p class=\"has-text-align-right\">Folytassa az olvas\u00e1st a t\u00f6bbi exkluz\u00edv f\u00e1jlunkkal,<\/p>\n<\/div>\n<\/div>\n\n\n\n<h3 class=\"wp-block-heading\" id=\"tous-les-pronostics-sondage-et-cotes-pour-parier-sur-le-futur-vainqueur-de-l-election-presidentielle-2022\"><span id=\"tous-les-pronostics-sondage-et-cotes-pour-parier-sur-le-futur-vainqueur-de-l8217election-presidentielle-2024\">Az \u00f6sszes j\u00f3slat, felm\u00e9r\u00e9s \u00e9s es\u00e9ly a 2024-es eln\u00f6kv\u00e1laszt\u00e1s j\u00f6v\u0151beli gy\u0151ztes\u00e9re:<\/span><\/h3>\n\n\n\n<ul>\n<li><a href=\"https:\/\/parier-presidentielle.com\/hu\/makro-valasztas\/\">Fogadjon Emmanuel Macronra az Unibet, Betclic, Bwin seg\u00edts\u00e9g\u00e9vel<\/a> : A kedvenc a szavaz\u00e1sokban \u00e9s el\u0151rejelz\u00e9sekben <\/li>\n\n\n\n<li><a href=\"https:\/\/parier-presidentielle.com\/hu\/marine-le-pen-valasztas\/\">Marine Le Pen: Az es\u00e9lyei \u00e9s a fogad\u00e1s m\u00f3dja a bukm\u00e9kerekn\u00e9l<\/a>: A kih\u00edv\u00f3 az Unibet szerint<\/li>\n<\/ul>\n\n\n\n<p><\/p>\n\n\n\n<center><script type=\"text\/javascript\" charset=\"utf-8\" src=\"https:\/\/www.gambling-affiliation.com\/cpm\/v=AmIMTDSs92QY6b0MzDMvM5laCjJ-ZlA-1oQ-7tKsi.w_GA7331V2\"><\/script><\/center>\n\n\n\n<h3 class=\"wp-block-heading\"><span id=\"donald-trump-vs-joe-biden-la-video-qui-lance-les-paris-en-ligne-sur-l8217election-politique-de-2024\">Donald Trump vs Joe Biden: A vide\u00f3, amely online fogad\u00e1st ind\u00edt a 2024-es politikai v\u00e1laszt\u00e1sokr\u00f3l<\/span><\/h3>\n\n\n\n<figure class=\"wp-block-embed is-type-video is-provider-youtube wp-block-embed-youtube wp-embed-aspect-16-9 wp-has-aspect-ratio\"><div class=\"wp-block-embed__wrapper\">\n<iframe loading=\"lazy\" title=\"Donald Trump volt eln\u00f6k meghirdeti a 2024-es Feh\u00e9r H\u00e1z #Short p\u00e1ly\u00e1zat\u00e1t\" width=\"640\" height=\"360\" src=\"https:\/\/www.youtube.com\/embed\/hZykPRVe4Ag?feature=oembed\" frameborder=\"0\" allow=\"accelerometer; autoplay; clipboard-write; encrypted-media; gyroscope; picture-in-picture; web-share\" allowfullscreen><\/iframe>\n<\/div><\/figure>\n\n\n<div class=\"wp-block-image\">\n<figure class=\"aligncenter size-medium\"><a href=\"https:\/\/parier-presidentielle.com\/hu\/recommends\/unibet\/\" target=\"_blank\" rel=\"noopener\"><img decoding=\"async\" loading=\"lazy\" width=\"300\" height=\"169\" src=\"https:\/\/parier-presidentielle.com\/wp-content\/uploads\/2022\/04\/unibet-300x169.jpg\" alt=\"\" class=\"wp-image-1252\" srcset=\"https:\/\/parier-presidentielle.com\/wp-content\/uploads\/2022\/04\/unibet-300x169.jpg 300w, https:\/\/parier-presidentielle.com\/wp-content\/uploads\/2022\/04\/unibet-1024x576.jpg 1024w, https:\/\/parier-presidentielle.com\/wp-content\/uploads\/2022\/04\/unibet-768x432.jpg 768w, https:\/\/parier-presidentielle.com\/wp-content\/uploads\/2022\/04\/unibet-18x10.jpg 18w, https:\/\/parier-presidentielle.com\/wp-content\/uploads\/2022\/04\/unibet.jpg 1280w\" sizes=\"(max-width: 300px) 100vw, 300px\" \/><\/a><\/figure><\/div>\n\n\n<p>Keresse meg a Wikit, az alapvet\u0151 politikai h\u00edreket a kannabiszr\u00f3l \u00e9s leg\u00e1lis sz\u00e1rmaz\u00e9kair\u00f3l: <strong>HHC, H4cbd, Thcp, Thcv, HSD, HHCPO, C4B<\/strong><\/p>\n<div id=\"toc_container\" class=\"no_bullets\"><p class=\"toc_title\">Tartalom<\/p><ul class=\"toc_list\"><li><ul><li><\/li><li><\/li><li><\/li><\/ul><\/li><li><ul><li><\/li><\/ul><\/li><li><\/li><li><\/li><li><ul><li><ul><li><\/li><\/ul><\/li><li><\/li><li><\/li><\/ul><\/li><\/ul><\/div>","protected":false},"excerpt":{"rendered":"<p>Les cotes des bookmakers : William Hill propose une cote de 41 Betclic propose une cote de 22 Unibet propose une cote de 21 Analyse &amp; Pronostics pour parier sur la victoire d&#8217;Anne Hidalgo Suite \u00e0 son annonce on peut voir qu&#8217;Unibet et Betclic propose sensiblement la m\u00eame cote alors que le bookmaker anglais William &#8230;<\/p>","protected":false},"author":1,"featured_media":0,"parent":0,"menu_order":0,"comment_status":"closed","ping_status":"closed","template":"page-nosidebar.php","meta":{"footnotes":""},"yoast_head":"<!-- This site is optimized with the Yoast SEO Premium plugin v21.0 (Yoast SEO v21.0) - https:\/\/yoast.com\/wordpress\/plugins\/seo\/ -->\n<title>Parier sur l\u2019\u00e9lection d\u2019Anne Hidalgo 2022 - Finale Coupe du Monde FIFA<\/title>\n<meta name=\"description\" content=\"Pariez sur Anne Hidalgo pour l&#039;Election 2022 : Cliquez Ici et Gagnez Gros! Pronostics ,Comparaison des Bookmakers et des meilleurs Cotes.\" \/>\n<meta name=\"robots\" content=\"index, follow, max-snippet:-1, max-image-preview:large, max-video-preview:-1\" \/>\n<link rel=\"canonical\" href=\"https:\/\/parier-presidentielle.com\/hu\/anne-hidalgo-valasztas-2022\/\" \/>\n<meta property=\"og:locale\" content=\"hu_HU\" \/>\n<meta property=\"og:type\" content=\"article\" \/>\n<meta property=\"og:title\" content=\"Parier sur l\u2019\u00e9lection d\u2019Anne Hidalgo 2022\" \/>\n<meta property=\"og:description\" content=\"Pariez sur Anne Hidalgo pour l&#039;Election 2022 : Cliquez Ici et Gagnez Gros! Pronostics ,Comparaison des Bookmakers et des meilleurs Cotes.\" \/>\n<meta property=\"og:url\" content=\"https:\/\/parier-presidentielle.com\/hu\/anne-hidalgo-valasztas-2022\/\" \/>\n<meta property=\"og:site_name\" content=\"Parier Pr\u00e9sidentielle\" \/>\n<meta property=\"article:modified_time\" content=\"2023-09-11T11:47:08+00:00\" \/>\n<meta property=\"og:image\" content=\"https:\/\/parier-presidentielle.com\/wp-content\/uploads\/2021\/09\/image-1-1024x42.png\" \/>\n<meta name=\"twitter:card\" content=\"summary_large_image\" \/>\n<meta name=\"twitter:label1\" content=\"Est. reading time\" \/>\n\t<meta name=\"twitter:data1\" content=\"5 perc\" \/>\n<script type=\"application\/ld+json\" class=\"yoast-schema-graph\">{\"@context\":\"https:\/\/schema.org\",\"@graph\":[{\"@type\":\"WebPage\",\"@id\":\"https:\/\/parier-presidentielle.com\/anne-hidalgo-election-2022\/\",\"url\":\"https:\/\/parier-presidentielle.com\/anne-hidalgo-election-2022\/\",\"name\":\"Parier sur l\u2019\u00e9lection d\u2019Anne Hidalgo 2022 - Finale Coupe du Monde FIFA\",\"isPartOf\":{\"@id\":\"https:\/\/parier-presidentielle.com\/#website\"},\"datePublished\":\"2021-09-14T21:03:41+00:00\",\"dateModified\":\"2023-09-11T11:47:08+00:00\",\"description\":\"Pariez sur Anne Hidalgo pour l'Election 2022 : Cliquez Ici et Gagnez Gros! Pronostics ,Comparaison des Bookmakers et des meilleurs Cotes.\",\"breadcrumb\":{\"@id\":\"https:\/\/parier-presidentielle.com\/anne-hidalgo-election-2022\/#breadcrumb\"},\"inLanguage\":\"hu\",\"potentialAction\":[{\"@type\":\"ReadAction\",\"target\":[\"https:\/\/parier-presidentielle.com\/anne-hidalgo-election-2022\/\"]}]},{\"@type\":\"BreadcrumbList\",\"@id\":\"https:\/\/parier-presidentielle.com\/anne-hidalgo-election-2022\/#breadcrumb\",\"itemListElement\":[{\"@type\":\"ListItem\",\"position\":1,\"name\":\"Accueil\",\"item\":\"https:\/\/parier-presidentielle.com\/\"},{\"@type\":\"ListItem\",\"position\":2,\"name\":\"Parier sur l\u2019\u00e9lection d\u2019Anne Hidalgo 2022\"}]},{\"@type\":\"WebSite\",\"@id\":\"https:\/\/parier-presidentielle.com\/#website\",\"url\":\"https:\/\/parier-presidentielle.com\/\",\"name\":\"Parier Pr\u00e9sidentielle\",\"description\":\"Paris, Pronostics, Wiki sur la Politique, les Elections Am\u00e9ricaines: Joe Biden, Donald Trump avec les Bookmakers en ligne Unibet, Bwin, Betclic, Winamax\",\"potentialAction\":[{\"@type\":\"SearchAction\",\"target\":{\"@type\":\"EntryPoint\",\"urlTemplate\":\"https:\/\/parier-presidentielle.com\/?s={search_term_string}\"},\"query-input\":\"required name=search_term_string\"}],\"inLanguage\":\"hu\"}]}<\/script>\n<!-- \/ Yoast SEO Premium plugin. -->","yoast_head_json":{"title":"Parier sur l\u2019\u00e9lection d\u2019Anne Hidalgo 2022 - Finale Coupe du Monde FIFA","description":"Pariez sur Anne Hidalgo pour l'Election 2022 : Cliquez Ici et Gagnez Gros! Pronostics ,Comparaison des Bookmakers et des meilleurs Cotes.","robots":{"index":"index","follow":"follow","max-snippet":"max-snippet:-1","max-image-preview":"max-image-preview:large","max-video-preview":"max-video-preview:-1"},"canonical":"https:\/\/parier-presidentielle.com\/hu\/anne-hidalgo-valasztas-2022\/","og_locale":"hu_HU","og_type":"article","og_title":"Parier sur l\u2019\u00e9lection d\u2019Anne Hidalgo 2022","og_description":"Pariez sur Anne Hidalgo pour l'Election 2022 : Cliquez Ici et Gagnez Gros! Pronostics ,Comparaison des Bookmakers et des meilleurs Cotes.","og_url":"https:\/\/parier-presidentielle.com\/hu\/anne-hidalgo-valasztas-2022\/","og_site_name":"Parier Pr\u00e9sidentielle","article_modified_time":"2023-09-11T11:47:08+00:00","og_image":[{"url":"https:\/\/parier-presidentielle.com\/wp-content\/uploads\/2021\/09\/image-1-1024x42.png"}],"twitter_card":"summary_large_image","twitter_misc":{"Est. reading time":"5 perc"},"schema":{"@context":"https:\/\/schema.org","@graph":[{"@type":"WebPage","@id":"https:\/\/parier-presidentielle.com\/anne-hidalgo-election-2022\/","url":"https:\/\/parier-presidentielle.com\/anne-hidalgo-election-2022\/","name":"Parier sur l\u2019\u00e9lection d\u2019Anne Hidalgo 2022 - Finale Coupe du Monde FIFA","isPartOf":{"@id":"https:\/\/parier-presidentielle.com\/#website"},"datePublished":"2021-09-14T21:03:41+00:00","dateModified":"2023-09-11T11:47:08+00:00","description":"Pariez sur Anne Hidalgo pour l'Election 2022 : Cliquez Ici et Gagnez Gros! Pronostics ,Comparaison des Bookmakers et des meilleurs Cotes.","breadcrumb":{"@id":"https:\/\/parier-presidentielle.com\/anne-hidalgo-election-2022\/#breadcrumb"},"inLanguage":"hu","potentialAction":[{"@type":"ReadAction","target":["https:\/\/parier-presidentielle.com\/anne-hidalgo-election-2022\/"]}]},{"@type":"BreadcrumbList","@id":"https:\/\/parier-presidentielle.com\/anne-hidalgo-election-2022\/#breadcrumb","itemListElement":[{"@type":"ListItem","position":1,"name":"Accueil","item":"https:\/\/parier-presidentielle.com\/"},{"@type":"ListItem","position":2,"name":"Parier sur l\u2019\u00e9lection d\u2019Anne Hidalgo 2022"}]},{"@type":"WebSite","@id":"https:\/\/parier-presidentielle.com\/#website","url":"https:\/\/parier-presidentielle.com\/","name":"Parier Pr\u00e9sidentielle","description":"Paris, Pronostics, Wiki sur la Politique, les Elections Am\u00e9ricaines: Joe Biden, Donald Trump avec les Bookmakers en ligne Unibet, Bwin, Betclic, Winamax","potentialAction":[{"@type":"SearchAction","target":{"@type":"EntryPoint","urlTemplate":"https:\/\/parier-presidentielle.com\/?s={search_term_string}"},"query-input":"required name=search_term_string"}],"inLanguage":"hu"}]}},"_links":{"self":[{"href":"https:\/\/parier-presidentielle.com\/hu\/wp-json\/wp\/v2\/pages\/281"}],"collection":[{"href":"https:\/\/parier-presidentielle.com\/hu\/wp-json\/wp\/v2\/pages"}],"about":[{"href":"https:\/\/parier-presidentielle.com\/hu\/wp-json\/wp\/v2\/types\/page"}],"author":[{"embeddable":true,"href":"https:\/\/parier-presidentielle.com\/hu\/wp-json\/wp\/v2\/users\/1"}],"replies":[{"embeddable":true,"href":"https:\/\/parier-presidentielle.com\/hu\/wp-json\/wp\/v2\/comments?post=281"}],"version-history":[{"count":21,"href":"https:\/\/parier-presidentielle.com\/hu\/wp-json\/wp\/v2\/pages\/281\/revisions"}],"predecessor-version":[{"id":2422,"href":"https:\/\/parier-presidentielle.com\/hu\/wp-json\/wp\/v2\/pages\/281\/revisions\/2422"}],"wp:attachment":[{"href":"https:\/\/parier-presidentielle.com\/hu\/wp-json\/wp\/v2\/media?parent=281"}],"curies":[{"name":"wp","href":"https:\/\/api.w.org\/{rel}","templated":true}]}}