{"id":422,"date":"2022-01-11T22:54:26","date_gmt":"2022-01-11T21:54:26","guid":{"rendered":"https:\/\/parier-presidentielle.com\/?page_id=422"},"modified":"2022-04-24T09:32:12","modified_gmt":"2022-04-24T07:32:12","slug":"valerie-pecresse-election","status":"publish","type":"page","link":"https:\/\/parier-presidentielle.com\/hu\/valerie-pecresse-valasztas\/","title":{"rendered":"Fogadjon Val\u00e9rie P\u00e9cresse megv\u00e1laszt\u00e1s\u00e1ra"},"content":{"rendered":"<h2 class=\"wp-block-heading\"><span id=\"cote-et-pronostics-pour-la-candidate-ump-valerie-pecresse-paris-en-ligne-sur-la-politique-et-la-future-presidente-de-la-france-de-2022\">Val\u00e9rie P\u00e9cresse UMP-jel\u00f6lt es\u00e9lyei \u00e9s el\u0151rejelz\u00e9sei:<br>Online fogad\u00e1s a politik\u00e1ra \u00e9s Franciaorsz\u00e1g leend\u0151 eln\u00f6k\u00e9re 2022-ben<br><br><\/span><\/h2>\n\n\n\n<div class=\"wp-block-image wp-duotone-000097-ff4747-1\"><figure class=\"aligncenter size-large is-resized\"><img decoding=\"async\" loading=\"lazy\" src=\"https:\/\/parier-presidentielle.com\/wp-content\/uploads\/2022\/01\/valerie-pecresse-1024x512.jpeg\" alt=\"Valerie Pecresse\" class=\"wp-image-427\" width=\"526\" height=\"262\" srcset=\"https:\/\/parier-presidentielle.com\/wp-content\/uploads\/2022\/01\/valerie-pecresse-1024x512.jpeg 1024w, https:\/\/parier-presidentielle.com\/wp-content\/uploads\/2022\/01\/valerie-pecresse-300x150.jpeg 300w, https:\/\/parier-presidentielle.com\/wp-content\/uploads\/2022\/01\/valerie-pecresse-768x384.jpeg 768w, https:\/\/parier-presidentielle.com\/wp-content\/uploads\/2022\/01\/valerie-pecresse.jpeg 1440w\" sizes=\"(max-width: 526px) 100vw, 526px\" \/><\/figure><\/div>\n\n\n\n<p><br>M\u00e1r a 2022-es eln\u00f6kv\u00e1laszt\u00e1s a reflektorf\u00e9nyben van. Ez az \u201e\u00faj norm\u00e1lis\u201d pr\u00f3b\u00e1ja lesz. A franci\u00e1knak az eg\u00e9szs\u00e9g\u00fcgyi v\u00e1ls\u00e1g kezdete \u00f3ta m\u00e9g nem volt lehet\u0151s\u00e9g\u00fck szavazni. Alkalmazkodniuk kell az \u00faj szavaz\u00e1si m\u00f3dokhoz, t\u00e1volr\u00f3l \u00e9s maszkokkal. Az eln\u00f6kv\u00e1laszt\u00e1s mindig nagy esem\u00e9ny Franciaorsz\u00e1gban, ez\u00e9rt fontos, hogy k\u00f6vess\u00fck a k\u00f6zv\u00e9lem\u00e9ny-kutat\u00e1sokat, \u00e9s arra a jel\u00f6ltre fogadjunk, aki a legnagyobb es\u00e9llyel Macron ut\u00f3dja lesz.<\/p>\n\n\n\n<p>Id\u00e9n sok jel\u00f6lt \u00e1ll a rajtvonalon. N\u00e9h\u00e1nyan jobban ismertek, mint m\u00e1sok. Val\u00e9rie P\u00e9cresse-re fogadni p\u00e9ld\u00e1ul biztons\u00e1gos, mert \u0151 m\u00e1r r\u00e9g\u00f3ta politiz\u00e1l, \u00e9s vannak t\u00e1mogat\u00f3i. 2002 \u00e9s 2016 k\u00f6z\u00f6tt Versailles polg\u00e1rmestere, majd 2020-ig \u00cele-de-France eln\u00f6ke volt.<\/p>\n\n\n\n<p>Eln\u00f6ki 2022: Val\u00e9rie P\u00e9cresse feljegyz\u00e9sei \u00e9s j\u00f3slatai<\/p>\n\n\n\n<p>Val\u00e9rie P\u00e9cresse azut\u00e1n d\u00f6nt\u00f6tt az eln\u00f6kv\u00e1laszt\u00e1s mellett, hogy p\u00e1lyafut\u00e1sa sor\u00e1n t\u00f6bb politikai p\u00e1rt tagja volt: UDF, UMP, majd Les R\u00e9publicains. Nicolas Sarkozy korm\u00e1ny\u00e1nak tagja volt, amikor 2007-ben francia eln\u00f6k lett. 2017-ben ny\u00edltan t\u00e1mogatta Emmanuel Macront az eln\u00f6kv\u00e1laszt\u00e1si kamp\u00e1ny sor\u00e1n.<\/p>\n\n\n\n<h2 class=\"wp-block-heading\"><span id=\"biographie-de-valerie-pecresse-pour-bien-parier\"> <br>Val\u00e9rie P\u00e9cresse \u00e9letrajza j\u00f3 fogad\u00e1s\u00e9rt!<\/span><\/h2>\n\n\n\n<p><\/p>\n\n\n\n<p><strong>Val\u00e9rie P\u00e9cresse<\/strong>\u00a0sz\u00fcletett Val\u00e9rie Roux (Neuilly-sur-Seine, 1967. j\u00falius 14.) francia politikus. Jelenleg az Ile de France region\u00e1lis tan\u00e1cs eln\u00f6ke.<\/p>\n\n\n\n<p>2021. december 4-\u00e9n a Republik\u00e1nus P\u00e1rt a 2022-es francia eln\u00f6kv\u00e1laszt\u00e1s jel\u00f6ltj\u00e9v\u00e9 v\u00e1lasztotta, 61 % szavazattal, Eric Ciotti 39 % szavazat\u00e1val szemben az el\u0151v\u00e1laszt\u00e1s m\u00e1sodik fordul\u00f3j\u00e1ban.<\/p>\n\n\n\n<h2 class=\"wp-block-heading\"><span id=\"biographie\">\u00c9letrajz<\/span><\/h2>\n\n\n\n<p>1992 \u00f3ta az \u00c1llamtan\u00e1cs k\u00f6nyvvizsg\u00e1l\u00f3ja, Jacques Chirac tan\u00e1csad\u00f3ja volt, \u00e9s hat \u00e9vig tan\u00edtott a p\u00e1rizsi Politikai Tanulm\u00e1nyok Int\u00e9zet\u00e9nek kar\u00e1n. A 2002-es parlamenti v\u00e1laszt\u00e1sokon Yvelines helyettes\u00e9nek v\u00e1lasztott\u00e1k, majd 2007-ben \u00e9s 2012-ben \u00fajrav\u00e1lasztott\u00e1k. 2007 \u00e9s 2011 k\u00f6z\u00f6tt a fels\u0151oktat\u00e1si \u00e9s kutat\u00e1si miniszter, az egyetemi auton\u00f3mia reformj\u00e1t vezette, \u00e9s az UMP listavezet\u0151je volt a 2010-es region\u00e1lis v\u00e1laszt\u00e1sokon Ile-de-France r\u00e9gi\u00f3ban. 2011 \u00e9s 2012 k\u00f6z\u00f6tt k\u00f6lts\u00e9gvet\u00e9si, \u00e1llamh\u00e1ztart\u00e1si \u00e9s \u00e1llamreform-miniszter, valamint korm\u00e1nysz\u00f3viv\u0151 volt. 2014 december\u00e9ben kinevezt\u00e9k a 2015-\u00f6s region\u00e1lis v\u00e1laszt\u00e1sok koordin\u00e1tor\u00e1nak, \u00e9s a Les R\u00e9publicains p\u00e1rt Ile-de-France r\u00e9gi\u00f3j\u00e1nak listavezet\u0151je volt, amelyet a m\u00e1sodik fordul\u00f3ban a szocialista jel\u00f6lt, Claude Bartolone ellen nyert meg.<\/p>\n\n\n\n<p>2002-t\u0151l 2015-ig az Uni\u00f3 a N\u00e9pi Mozgalom\u00e9rt (UMP), valamint a Republik\u00e1nusok (LR) tagja volt 2019. j\u00fanius 5-ig, amikor is bejelentette, hogy az eur\u00f3pai v\u00e1laszt\u00e1si kudarc ut\u00e1n kil\u00e9p a p\u00e1rtb\u00f3l. (8,51 TP4T szavazat) \u00e9s Laurent Wauquiez lemond\u00e1s\u00e1t. P\u00e9cresse ezut\u00e1n kifejezte v\u00e1gy\u00e1t, hogy&nbsp;&nbsp;<em>\u00fajj\u00e1\u00e9p\u00edteni a kihal\u00e1s \u00e1ltal fenyegetett jobboldalt<\/em>&nbsp;&quot;de a&quot;&nbsp;<em>a k\u00fcls\u0151<\/em>&nbsp;\u00bb, saj\u00e1tja vezet\u00e9s\u00e9vel&nbsp;<em>Legy\u00fcnk szabad mozg\u00e1s<\/em>&nbsp;!.<\/p>\n\n\n\n<h3 class=\"wp-block-heading\"><span id=\"candidat-aux-elections-presidentielles-de-2022\">A 2022-es eln\u00f6kv\u00e1laszt\u00e1s jel\u00f6ltje<\/span><\/h3>\n\n\n\n<p>2021. j\u00falius 22-\u00e9n Val\u00e9rie P\u00e9cresse bejelentette, hogy indul a jobboldali el\u0151v\u00e1laszt\u00e1son a 2022-es eln\u00f6kv\u00e1laszt\u00e1sra tekintettel, \u00e9s kijelentette, hogy \u201ehelyre akarja \u00e1ll\u00edtani a francia b\u00fcszkes\u00e9get\u201d \u00e9s \u201erendet teremt Franciaorsz\u00e1gban\u201d. A Republik\u00e1nus Kongresszus jel\u00f6ltjek\u00e9nt a p\u00e1rt eln\u00f6kjel\u00f6ltj\u00e9nek \u00e1ll\u00edt\u00e1sa \u00e9rdek\u00e9ben 2021 okt\u00f3ber\u00e9ben folytatta p\u00e1rtk\u00e1rty\u00e1j\u00e1t. December 2-\u00e1n a m\u00e1sodik helyen v\u00e9gzett a kongresszusi el\u0151v\u00e1laszt\u00e1s els\u0151 fordul\u00f3j\u00e1ban, 25 % szavazattal, kevesebb mint egy ponttal lemaradva Eric Ciotti m\u00f6g\u00f6tt (25,59 %). Az els\u0151 fordul\u00f3 eredm\u00e9nyhirdet\u00e9se ut\u00e1n a m\u00e1sodik fordul\u00f3 el\u0151tt megkapta Xavier Bertrand, Michel Barnier \u00e9s Philippe Juvin t\u00e1mogat\u00e1s\u00e1t, a 2021. december 4-i m\u00e1sodik fordul\u00f3ban pedig a 2022-es franci\u00e1k jel\u00f6ltj\u00e9v\u00e9 v\u00e1lasztott\u00e1k. eln\u00f6kv\u00e1laszt\u00e1s a Republik\u00e1nus P\u00e1rt \u00e1ltal, 61%-vel szemben Eric Ciotti 39%-vel.<\/p>\n\n\n\n<h2 class=\"wp-block-heading\"><span id=\"positions-politiques\">Politikai poz\u00edci\u00f3k<\/span><\/h2>\n\n\n\n<p>Kijelentette mag\u00e1t a gazdas\u00e1gi liberalizmus mellett, \u00e9s 2021 augusztus\u00e1ban kijelentette, hogy &quot;k\u00e9tharmada Merkel, egyharmada Thatcher&quot;.<\/p>\n\n\n\n<p>A 2022-es eln\u00f6kv\u00e1laszt\u00e1s k\u00f6zeledt\u00e9vel a k\u00f6zkiad\u00e1sok \u00e9s az ad\u00f3k cs\u00f6kkent\u00e9s\u00e9t \u00edg\u00e9rte n\u00e9gy jelent\u0151s reform r\u00e9v\u00e9n: 150 ezer \u00e1ll\u00e1s megsz\u00fcntet\u00e9se a k\u00f6zigazgat\u00e1sban, \u00e1t\u00e1ll\u00e1s a 65 \u00e9ves nyugd\u00edjba vonul\u00e1sra, a munkan\u00e9lk\u00fcli seg\u00e9lyek cs\u00f6kkent\u00e9se \u00e9s az \u00e1llamt\u00f3l val\u00f3 elszakad\u00e1s. konkurens t\u00e1rsas\u00e1gokt\u00f3l, amelyeknek kisebbs\u00e9gi r\u00e9szv\u00e9nyese.<\/p>\n\n\n\n<p>Ellenezte az azonos nem\u0171ek h\u00e1zass\u00e1g\u00e1r\u00f3l sz\u00f3l\u00f3 t\u00f6rv\u00e9nyjavaslatot Franciaorsz\u00e1gban, \u00e9s 2012 \u00e9s 2013 k\u00f6z\u00f6tt r\u00e9szt vett az azonos nem\u0171ek h\u00e1zass\u00e1g\u00e1t \u00e9s az azonos nem\u0171ek sz\u00fcl\u0151s\u00e9g\u00e9t ellenz\u0151 t\u00fcntet\u00e9sekben, nevezetesen a La Manif pour tous vezet\u00e9s\u00e9vel. VAN<\/p>\n\n\n\n<p>2021-ben a bev\u00e1ndorl\u00e1si k\u00e9rd\u00e9s megszor\u00edt\u00f3bb megk\u00f6zel\u00edt\u00e9s\u00e9t szorgalmazta, \u00e9s azt \u201enagy kih\u00edv\u00e1snak\u201d nevezte a t\u00e1rsadalom sz\u00e1m\u00e1ra. Konkr\u00e9tan javasolja a maxim\u00e1lis \u00e9ves bev\u00e1ndorl\u00e1si plafon meg\u00e1llap\u00edt\u00e1s\u00e1t \u00e9s a tart\u00f3zkod\u00e1si enged\u00e9ly kiad\u00e1s\u00e1nak szigor\u00fabb felt\u00e9teleit, mint p\u00e9ld\u00e1ul &quot;elegend\u0151 forr\u00e1s&quot; (amelynek \u00f6sszege 25 %-vel n\u0151ne), &quot;francia nyelvtud\u00e1s&quot; ill. &quot;tisztelet a szekularizmus \u00e9s a k\u00f6zt\u00e1rsas\u00e1gi \u00e9rt\u00e9kek ir\u00e1nt.&quot; V\u00e9g\u00fcl kiz\u00e1rni k\u00edv\u00e1nja a szoci\u00e1lis seg\u00e9lyrendszerekb\u0151l azokat az embereket, akik \u00f6t \u00e9vn\u00e9l r\u00f6videbb ideje \u00e9lnek Franciaorsz\u00e1gban.<\/p>\n\n\n\n<p><\/p>\n\n\n\n<p><\/p>\n<div id=\"toc_container\" class=\"no_bullets\"><p class=\"toc_title\">Tartalom<\/p><ul class=\"toc_list\"><li><\/li><li><\/li><li><ul><li><\/li><\/ul><\/li><li><\/li><\/ul><\/div>","protected":false},"excerpt":{"rendered":"<p>Cote et pronostics pour la candidate UMP Val\u00e9rie P\u00e9cresse :Paris en ligne sur la politique et la future pr\u00e9sidente de la France de 2022 Les \u00e9lections pr\u00e9sidentielles de 2022 sont d\u00e9j\u00e0 sous le feu des projecteurs. Il s&#8217;agira d&#8217;un test pour la &#8220;nouvelle normalit\u00e9&#8221;. Les Fran\u00e7ais n&#8217;ont pas encore eu l&#8217;occasion de voter depuis le &#8230;<\/p>","protected":false},"author":1,"featured_media":0,"parent":0,"menu_order":0,"comment_status":"closed","ping_status":"closed","template":"page-nosidebar.php","meta":{"footnotes":""},"yoast_head":"<!-- This site is optimized with the Yoast SEO Premium plugin v21.0 (Yoast SEO v21.0) - https:\/\/yoast.com\/wordpress\/plugins\/seo\/ -->\n<title>Parier sur l\u2019\u00e9lection de Val\u00e9rie P\u00e9cresse - Finale Coupe du Monde FIFA<\/title>\n<meta name=\"description\" content=\"Pariez sur P\u00e9cresse pour l&#039;\u00e9lection 2022 : Cliquez Ici et Gagnez Gros! Pronostics ,Comparaison des Bookmakers et des meilleurs Cotes.\" \/>\n<meta name=\"robots\" content=\"index, follow, max-snippet:-1, max-image-preview:large, max-video-preview:-1\" \/>\n<link rel=\"canonical\" href=\"https:\/\/parier-presidentielle.com\/hu\/valerie-pecresse-valasztas\/\" \/>\n<meta property=\"og:locale\" content=\"hu_HU\" \/>\n<meta property=\"og:type\" content=\"article\" \/>\n<meta property=\"og:title\" content=\"Parier sur l\u2019\u00e9lection de Val\u00e9rie P\u00e9cresse\" \/>\n<meta property=\"og:description\" content=\"Pariez sur P\u00e9cresse pour l&#039;\u00e9lection 2022 : Cliquez Ici et Gagnez Gros! Pronostics ,Comparaison des Bookmakers et des meilleurs Cotes.\" \/>\n<meta property=\"og:url\" content=\"https:\/\/parier-presidentielle.com\/hu\/valerie-pecresse-valasztas\/\" \/>\n<meta property=\"og:site_name\" content=\"Parier Pr\u00e9sidentielle\" \/>\n<meta property=\"article:modified_time\" content=\"2022-04-24T07:32:12+00:00\" \/>\n<meta property=\"og:image\" content=\"https:\/\/parier-presidentielle.com\/wp-content\/uploads\/2022\/01\/valerie-pecresse-1024x512.jpeg\" \/>\n<meta name=\"twitter:card\" content=\"summary_large_image\" \/>\n<meta name=\"twitter:label1\" content=\"Est. reading time\" \/>\n\t<meta name=\"twitter:data1\" content=\"5 perc\" \/>\n<script type=\"application\/ld+json\" class=\"yoast-schema-graph\">{\"@context\":\"https:\/\/schema.org\",\"@graph\":[{\"@type\":\"WebPage\",\"@id\":\"https:\/\/parier-presidentielle.com\/valerie-pecresse-election\/\",\"url\":\"https:\/\/parier-presidentielle.com\/valerie-pecresse-election\/\",\"name\":\"Parier sur l\u2019\u00e9lection de Val\u00e9rie P\u00e9cresse - Finale Coupe du Monde FIFA\",\"isPartOf\":{\"@id\":\"https:\/\/parier-presidentielle.com\/#website\"},\"datePublished\":\"2022-01-11T21:54:26+00:00\",\"dateModified\":\"2022-04-24T07:32:12+00:00\",\"description\":\"Pariez sur P\u00e9cresse pour l'\u00e9lection 2022 : Cliquez Ici et Gagnez Gros! Pronostics ,Comparaison des Bookmakers et des meilleurs Cotes.\",\"breadcrumb\":{\"@id\":\"https:\/\/parier-presidentielle.com\/valerie-pecresse-election\/#breadcrumb\"},\"inLanguage\":\"hu\",\"potentialAction\":[{\"@type\":\"ReadAction\",\"target\":[\"https:\/\/parier-presidentielle.com\/valerie-pecresse-election\/\"]}]},{\"@type\":\"BreadcrumbList\",\"@id\":\"https:\/\/parier-presidentielle.com\/valerie-pecresse-election\/#breadcrumb\",\"itemListElement\":[{\"@type\":\"ListItem\",\"position\":1,\"name\":\"Accueil\",\"item\":\"https:\/\/parier-presidentielle.com\/\"},{\"@type\":\"ListItem\",\"position\":2,\"name\":\"Parier sur l\u2019\u00e9lection de Val\u00e9rie P\u00e9cresse\"}]},{\"@type\":\"WebSite\",\"@id\":\"https:\/\/parier-presidentielle.com\/#website\",\"url\":\"https:\/\/parier-presidentielle.com\/\",\"name\":\"Parier Pr\u00e9sidentielle\",\"description\":\"Paris, Pronostics, Wiki sur la Politique, les Elections Am\u00e9ricaines: Joe Biden, Donald Trump avec les Bookmakers en ligne Unibet, Bwin, Betclic, Winamax\",\"potentialAction\":[{\"@type\":\"SearchAction\",\"target\":{\"@type\":\"EntryPoint\",\"urlTemplate\":\"https:\/\/parier-presidentielle.com\/?s={search_term_string}\"},\"query-input\":\"required name=search_term_string\"}],\"inLanguage\":\"hu\"}]}<\/script>\n<!-- \/ Yoast SEO Premium plugin. -->","yoast_head_json":{"title":"Parier sur l\u2019\u00e9lection de Val\u00e9rie P\u00e9cresse - Finale Coupe du Monde FIFA","description":"Pariez sur P\u00e9cresse pour l'\u00e9lection 2022 : Cliquez Ici et Gagnez Gros! Pronostics ,Comparaison des Bookmakers et des meilleurs Cotes.","robots":{"index":"index","follow":"follow","max-snippet":"max-snippet:-1","max-image-preview":"max-image-preview:large","max-video-preview":"max-video-preview:-1"},"canonical":"https:\/\/parier-presidentielle.com\/hu\/valerie-pecresse-valasztas\/","og_locale":"hu_HU","og_type":"article","og_title":"Parier sur l\u2019\u00e9lection de Val\u00e9rie P\u00e9cresse","og_description":"Pariez sur P\u00e9cresse pour l'\u00e9lection 2022 : Cliquez Ici et Gagnez Gros! Pronostics ,Comparaison des Bookmakers et des meilleurs Cotes.","og_url":"https:\/\/parier-presidentielle.com\/hu\/valerie-pecresse-valasztas\/","og_site_name":"Parier Pr\u00e9sidentielle","article_modified_time":"2022-04-24T07:32:12+00:00","og_image":[{"url":"https:\/\/parier-presidentielle.com\/wp-content\/uploads\/2022\/01\/valerie-pecresse-1024x512.jpeg"}],"twitter_card":"summary_large_image","twitter_misc":{"Est. reading time":"5 perc"},"schema":{"@context":"https:\/\/schema.org","@graph":[{"@type":"WebPage","@id":"https:\/\/parier-presidentielle.com\/valerie-pecresse-election\/","url":"https:\/\/parier-presidentielle.com\/valerie-pecresse-election\/","name":"Parier sur l\u2019\u00e9lection de Val\u00e9rie P\u00e9cresse - Finale Coupe du Monde FIFA","isPartOf":{"@id":"https:\/\/parier-presidentielle.com\/#website"},"datePublished":"2022-01-11T21:54:26+00:00","dateModified":"2022-04-24T07:32:12+00:00","description":"Pariez sur P\u00e9cresse pour l'\u00e9lection 2022 : Cliquez Ici et Gagnez Gros! Pronostics ,Comparaison des Bookmakers et des meilleurs Cotes.","breadcrumb":{"@id":"https:\/\/parier-presidentielle.com\/valerie-pecresse-election\/#breadcrumb"},"inLanguage":"hu","potentialAction":[{"@type":"ReadAction","target":["https:\/\/parier-presidentielle.com\/valerie-pecresse-election\/"]}]},{"@type":"BreadcrumbList","@id":"https:\/\/parier-presidentielle.com\/valerie-pecresse-election\/#breadcrumb","itemListElement":[{"@type":"ListItem","position":1,"name":"Accueil","item":"https:\/\/parier-presidentielle.com\/"},{"@type":"ListItem","position":2,"name":"Parier sur l\u2019\u00e9lection de Val\u00e9rie P\u00e9cresse"}]},{"@type":"WebSite","@id":"https:\/\/parier-presidentielle.com\/#website","url":"https:\/\/parier-presidentielle.com\/","name":"Parier Pr\u00e9sidentielle","description":"Paris, Pronostics, Wiki sur la Politique, les Elections Am\u00e9ricaines: Joe Biden, Donald Trump avec les Bookmakers en ligne Unibet, Bwin, Betclic, Winamax","potentialAction":[{"@type":"SearchAction","target":{"@type":"EntryPoint","urlTemplate":"https:\/\/parier-presidentielle.com\/?s={search_term_string}"},"query-input":"required name=search_term_string"}],"inLanguage":"hu"}]}},"_links":{"self":[{"href":"https:\/\/parier-presidentielle.com\/hu\/wp-json\/wp\/v2\/pages\/422"}],"collection":[{"href":"https:\/\/parier-presidentielle.com\/hu\/wp-json\/wp\/v2\/pages"}],"about":[{"href":"https:\/\/parier-presidentielle.com\/hu\/wp-json\/wp\/v2\/types\/page"}],"author":[{"embeddable":true,"href":"https:\/\/parier-presidentielle.com\/hu\/wp-json\/wp\/v2\/users\/1"}],"replies":[{"embeddable":true,"href":"https:\/\/parier-presidentielle.com\/hu\/wp-json\/wp\/v2\/comments?post=422"}],"version-history":[{"count":7,"href":"https:\/\/parier-presidentielle.com\/hu\/wp-json\/wp\/v2\/pages\/422\/revisions"}],"predecessor-version":[{"id":1598,"href":"https:\/\/parier-presidentielle.com\/hu\/wp-json\/wp\/v2\/pages\/422\/revisions\/1598"}],"wp:attachment":[{"href":"https:\/\/parier-presidentielle.com\/hu\/wp-json\/wp\/v2\/media?parent=422"}],"curies":[{"name":"wp","href":"https:\/\/api.w.org\/{rel}","templated":true}]}}