{"id":525,"date":"2022-02-17T17:17:02","date_gmt":"2022-02-17T16:17:02","guid":{"rendered":"https:\/\/parier-presidentielle.com\/?page_id=525"},"modified":"2022-04-12T00:47:22","modified_gmt":"2022-04-11T22:47:22","slug":"1xbit-politique","status":"publish","type":"page","link":"https:\/\/parier-presidentielle.com\/hu\/1xbit-hazirend\/","title":{"rendered":"1xBit: Politik\u00e1ra fogadni Bitcoinban"},"content":{"rendered":"<h2 class=\"wp-block-heading\"><span id=\"1xbit-analyse-du-nouveaux-bookmaker-specialise-en-bitcoin\">1xbit: Az \u00faj, Bitcoinra szakosodott bukm\u00e9ker elemz\u00e9se<\/span><\/h2>\n\n\n\n<p>Az 1xBit a leginnovat\u00edvabb sportfogad\u00e1si\/j\u00e1t\u00e9k-oldal a nemzetk\u00f6zi sz\u00ednt\u00e9ren <strong>ez az egyetlen, amely csak kriptovalut\u00e1kon kereszt\u00fcl enged\u00e9lyezi a be- \u00e9s kifizet\u00e9seket<\/strong>, mindenk\u00e9ppen \u00fajdons\u00e1g, amely megr\u00e1zta az online j\u00e1t\u00e9kok vil\u00e1g\u00e1t. <br>Ennek a fizet\u00e9si m\u00f3dnak k\u00f6sz\u00f6nhet\u0151en a platform nem ig\u00e9nyel k\u00fcl\u00f6n enged\u00e9lyt a piacon t\u00f6rt\u00e9n\u0151 m\u0171k\u00f6d\u00e9shez, de mivel a fogad\u00f3irod\u00e1t biztons\u00e1gosnak tekintik, mivel az \u201e1X Corp NV\u201d csoport tagja. A Curacao t\u00f6rv\u00e9nyei \u00e1ltal kiadott nemzetk\u00f6zi licenccel rendelkez\u0151 1xBet legh\u00edresebb weboldal tulajdonosa \u00e9s t\u00f6bb ezer fogad\u00e1si k\u00f6zpont Eur\u00f3pa-szerte, emellett az elm\u00falt \u00e9vekben is jelent\u0151s teret fejlesztett n\u00e9h\u00e1ny vil\u00e1gklasszis futballcsapat szponzor\u00e1ci\u00f3j\u00e1nak k\u00f6sz\u00f6nhet\u0151en.<\/p>\n\n\n\n<div class=\"wp-block-image\"><figure class=\"aligncenter size-large is-resized\"><img decoding=\"async\" loading=\"lazy\" src=\"https:\/\/parier-presidentielle.com\/wp-content\/uploads\/2022\/04\/1xBit-pour-parier-sur-la-politique-en-bitcoin-1024x546.jpg\" alt=\"1xbit fogadni a bitcoin politik\u00e1ra\" class=\"wp-image-1223\" width=\"768\" height=\"410\" srcset=\"https:\/\/parier-presidentielle.com\/wp-content\/uploads\/2022\/04\/1xBit-pour-parier-sur-la-politique-en-bitcoin-1024x546.jpg 1024w, https:\/\/parier-presidentielle.com\/wp-content\/uploads\/2022\/04\/1xBit-pour-parier-sur-la-politique-en-bitcoin-300x160.jpg 300w, https:\/\/parier-presidentielle.com\/wp-content\/uploads\/2022\/04\/1xBit-pour-parier-sur-la-politique-en-bitcoin-768x410.jpg 768w, https:\/\/parier-presidentielle.com\/wp-content\/uploads\/2022\/04\/1xBit-pour-parier-sur-la-politique-en-bitcoin-1536x819.jpg 1536w, https:\/\/parier-presidentielle.com\/wp-content\/uploads\/2022\/04\/1xBit-pour-parier-sur-la-politique-en-bitcoin-2048x1092.jpg 2048w, https:\/\/parier-presidentielle.com\/wp-content\/uploads\/2022\/04\/1xBit-pour-parier-sur-la-politique-en-bitcoin-18x10.jpg 18w\" sizes=\"(max-width: 768px) 100vw, 768px\" \/><\/figure><\/div>\n\n\n\n<p>Visszat\u00e9rve az 1xBithez, elmondhatjuk, hogy ha a sportfogad\u00e1sr\u00f3l van sz\u00f3, akkor sok fogad\u00e1s k\u00f6z\u00fcl v\u00e1laszthat, mivel a fogad\u00e1st\u00edpusok sz\u00e9les sk\u00e1l\u00e1j\u00e1t k\u00edn\u00e1lja j\u00f3val az \u00e1tlag feletti oddsokkal, valamint kiv\u00e1l\u00f3, dedik\u00e1lt r\u00e9szt k\u00edn\u00e1l az \u00e9l\u0151 esem\u00e9nyeknek. Nagyon k\u00f6nnyen haszn\u00e1lhat\u00f3, m\u00e9g a sportot nem nagyon j\u00e1ratosak is \u00e1t\u00e9rezhetik az \u00e9rzelmeket, k\u00f6sz\u00f6nhet\u0151en a folyamatosan friss\u00fcl\u0151 statisztikai szolg\u00e1ltat\u00e1snak, a j\u00e1t\u00e9kjavaslatoknak \u00e9s a val\u00f3s idej\u0171 cseveg\u00e9s lehet\u0151s\u00e9g\u00e9nek a t\u00f6bbi j\u00e1t\u00e9kossal. M\u00e1s j\u00e1t\u00e9kosok, ha vannak kapcsolatban az oldalra. Mindezek az \u00faj\u00edt\u00e1sok az egyik legjobb fogad\u00e1si oldals\u00e1 teszik. Az 1xBit sz\u00e1mos \u00e9l\u0151 esem\u00e9ny k\u00f6vet\u00e9s\u00e9t is lehet\u0151v\u00e9 teszi, csak p\u00e9nznek kell lennie a j\u00e1t\u00e9ksz\u00e1ml\u00e1j\u00e1n!<\/p>\n\n\n\n<h2 class=\"wp-block-heading\"><span id=\"comment-s8217inscrire-sur-1xbit-et-parier-sur-la-presidentielle\">Hogyan regisztr\u00e1lj az 1xbit-re \u00e9s fogadj az eln\u00f6kv\u00e1laszt\u00e1sra<\/span><\/h2>\n\n\n\n<p>Egy m\u00e1sik \u00fajdons\u00e1g, amely minden bizonnyal vonzza a fogad\u00f3kat, a regisztr\u00e1ci\u00f3 <strong>nagyon gyors \u00e9s teljesen n\u00e9vtelen<\/strong> az oldalon tulajdonk\u00e9ppen csak kriptovalut\u00e1ban, dokumentumok \u00e9s szem\u00e9lyes adatok k\u00fcld\u00e9se n\u00e9lk\u00fcl, hanem csak egy email vagy mobilsz\u00e1m... a r\u00f6vid id\u0151n bel\u00fcli regisztr\u00e1ci\u00f3hoz a befizet\u00e9si m\u0171velet teljesen anonim lesz, teljes m\u00e9rt\u00e9kben tiszteletben tartva az \u00fcgyf\u00e9l mag\u00e1n\u00e9let\u00e9t.<\/p>\n\n\n\n<h2 class=\"wp-block-heading\"><span id=\"bonus-de-bienvenue\">\u00dcdv\u00f6zl\u0151 b\u00f3nusz<\/span><\/h2>\n\n\n\n<p>Az \u00f6sszes t\u00f6bbi fogad\u00e1si oldalhoz hasonl\u00f3an az 1xBit \u00fcdv\u00f6zl\u0151 b\u00f3nuszt k\u00edn\u00e1l \u00faj \u00fcgyfeleknek, ak\u00e1r 100% 7 BTC-ig az els\u0151 befizet\u00e9skor. A felaj\u00e1nlott \u00fcdv\u00f6zl\u0151 b\u00f3nusz a Sportfogad\u00e1sra \u00e9s a Politics Casinora is \u00e9rv\u00e9nyes. A prom\u00f3ci\u00f3 teljes kihaszn\u00e1l\u00e1sa \u00e9rdek\u00e9ben javasoljuk, hogy regisztr\u00e1ci\u00f3 ut\u00e1n olvassa el a felt\u00e9teleket.<\/p>\n\n\n\n<p>\u00cdme a csapatunk \u00e1ltal kifejtett legfontosabb pontok:<\/p>\n\n\n\n<p><\/p>\n\n\n\n<p>A fogad\u00e1shoz \u00e9s a b\u00f3nusz megszerz\u00e9s\u00e9hez a t\u00e9tnek 1,60-as szorz\u00f3val kell rendelkeznie, kaszin\u00f3j\u00e1t\u00e9kok n\u00e9lk\u00fcl \u00e9s 1xbit, csak tetsz\u0151leges \u00f6sszeget fogadjon.<\/p>\n\n\n\n<p><\/p>\n\n\n\n<p>Fogadjon a politik\u00e1ra, de a Kaszin\u00f3ra is: j\u00e1t\u00e9kokra, nyer\u0151g\u00e9pekre stb.<\/p>\n\n\n\n<p>A sportnapt\u00e1r nem korl\u00e1toz\u00f3dik a futball vil\u00e1g\u00e1ra, hanem sz\u00e1mos m\u00e1s sport\u00e1gra is fogad\u00e1st tesz lehet\u0151v\u00e9, valamint van egy virtu\u00e1lis fogad\u00e1snak \u00e9s egy esportnak szentelt r\u00e9sz is, \u00edgy P\u00e1rizs sz\u00e9les vil\u00e1g\u00e1b\u00f3l v\u00e1logathat.<\/p>\n\n\n\n<p>Itt tal\u00e1lhat\u00f3 a Casino r\u00e9sz is, ahol sz\u00e1mtalan j\u00e1t\u00e9kot tal\u00e1lsz, k\u00f6zt\u00fck fantasztikus nyer\u0151g\u00e9peket, valamint fantasztikus jackpotokat \u00e9s b\u00f3nuszokat.<\/p>\n\n\n\n<p>Ami a fogad\u00e1si vagy sportszakaszt illeti, az 1xbit hagyom\u00e1nyos platformokat k\u00edn\u00e1l (nagyon hasonl\u00f3 a Melbethez, az 1xbethez \u00e9s a 22Bethez). A j\u00e1t\u00e9k\u00e9lm\u00e9ny azonban nagyon kellemes, \u00e9s a j\u00e1t\u00e9klista k\u00f6zep\u00e9n az oldals\u00e1vban tal\u00e1lod a sportlist\u00e1t oddsokkal \u00e9s fogad\u00e1st\u00edpusokkal.<\/p>\n\n\n\n<p><strong>Ennek a bukm\u00e9kernek az egyik er\u0151ss\u00e9ge a menetrend, az a t\u00e9ny, hogy az 1xBit hatalmas oddsokat k\u00edn\u00e1l,<\/strong> legyen sz\u00f3 helyi versenyekr\u0151l vagy nemzetk\u00f6zi sportesem\u00e9nyekr\u0151l, m\u00e9g csak nem is versenyk\u00e9pesek, hanem magasak a versenyekhez k\u00e9pest.<\/p>\n\n\n\n<p>Egy m\u00e1sik, kor\u00e1bban eml\u00edtett pont az 1xbit Sport oldal, amely \u00e9rdekes lehet\u0151s\u00e9geket k\u00edn\u00e1l, mint p\u00e9ld\u00e1ul:<\/p>\n\n\n\n<p>Napjaink esem\u00e9nyei vagy versenyei: az 1xbit kiv\u00e1lasztja a nap legfontosabb esem\u00e9nyeit, \u00e9s felk\u00e9ri \u00fcgyfeleit, hogy fogadjanak, cser\u00e9be minden nap m\u00e1s prom\u00f3ci\u00f3t aj\u00e1nlanak fel. (A minim\u00e1lis t\u00e9t 2 Mbt).<\/p>\n\n\n\n<p>Fogadjon a nemzeti csapat\u00e1ra: Az 1xbet az \u00d6n IP-c\u00edm\u00e9t haszn\u00e1lja, hogy megmutassa \u00d6nnek orsz\u00e1ga sport\u00e1gait, vagy a v\u00e1logatottat az \u00f6sszes t\u00e1mogatott sport\u00e1g, p\u00e9ld\u00e1ul a futball, tenisz, golf vagy m\u00e1s versenyek honlapj\u00e1n.<\/p>\n\n\n\n<p>Fogadjon a legjobb versenyekre: Ez az opci\u00f3 nagyon hasznos, egy kattint\u00e1ssal megjelen\u00edti a nap legjobb bajnoki m\u00e9rk\u0151z\u00e9s\u00e9t a legmagasabb szorz\u00f3val.<\/p>\n\n\n\n<p>Fogad\u00e1s a politik\u00e1ra: Val\u00f3sz\u00edn\u0171leg egyike azon kev\u00e9s fogad\u00f3irod\u00e1knak az interneten, amelyek ilyen t\u00edpus\u00fa j\u00e1t\u00e9kokat k\u00edn\u00e1lnak, \u00e9s k\u00fcl\u00f6nb\u00f6z\u0151 fogad\u00e1si lehet\u0151s\u00e9geket k\u00edn\u00e1lnak a politikai helyzethez a vil\u00e1g minden orsz\u00e1g\u00e1ban. Fogadjunk, ki lesz az \u00faj francia vagy amerikai eln\u00f6k<\/p>\n\n\n\n<p><\/p>\n\n\n\n<h2 class=\"wp-block-heading\"><span id=\"service-clients\">Vev\u0151szolg\u00e1lat <\/span><\/h2>\n\n\n\n<p><br>A webhely teljes m\u00e9rt\u00e9kben el\u00e9rhet\u0151 \u00fcgyfelei sz\u00e1m\u00e1ra, ez\u00e9rt 24 \u00f3r\u00e1s t\u00e1mogat\u00e1st k\u00edn\u00e1l \u00e9l\u0151 chaten vagy e-mailben. A b\u00f3nuszokat nagyon gyorsan kifizetik, val\u00f3j\u00e1ban legk\u00e9s\u0151bb 30 perccel a fogad\u00e1s lej\u00e1rta ut\u00e1n. A rendelkez\u00e9sre \u00e1ll\u00f3 m\u00f3dszerek a k\u00f6vetkez\u0151k: \u00e9l\u0151 cseveg\u00e9s, e-mailek \u00e9s telefonsz\u00e1mok, valamint t\u00e1mogat\u00e1s k\u00f6z\u00f6ss\u00e9gi h\u00e1l\u00f3zatokon kereszt\u00fcl (1xBit a Twitteren, 1xBit az Instagramon, 1xBit a YouTube csatorn\u00e1n, 1xBit a Telegramon).<\/p>\n\n\n\n<p>Ezenk\u00edv\u00fcl az 1xbit c\u00e9ges blogot is k\u00edn\u00e1l, amely \u00e9rdekes h\u00edrekkel \u00e9s b\u00f3nuszinform\u00e1ci\u00f3kkal szolg\u00e1l.<\/p>\n\n\n\n<h2 class=\"wp-block-heading\"><span id=\"conclusion-sur-le-bookmaker-1xbit\">K\u00f6vetkeztet\u00e9s az 1xbit bukm\u00e9kerr\u0151l<\/span><\/h2>\n\n\n\n<p>Ez az oldal eredeti! Ha olyan oldalt szeretne felkeresni, ahol szinte sok sportra vagy m\u00e1s t\u00edpus\u00fa j\u00e1t\u00e9kra fogadhat, ez a bukm\u00e9ker az \u00d6n sz\u00e1m\u00e1ra k\u00e9sz\u00fclt. Az 1xBit.com megfelelt az elv\u00e1r\u00e1sainknak, \u00e9s csapatunk \u00fagy d\u00f6nt\u00f6tt, hogy 5 csillagot ad neki, mert kiv\u00e1l\u00f3 j\u00e1t\u00e9k\u00e9lm\u00e9nyt k\u00edn\u00e1l. Ne feledkezz\u00fcnk meg a kaszin\u00f3 szekci\u00f3r\u00f3l sem, nagyon j\u00f3l siker\u00fclt, t\u00f6bb mint 3000 g\u00e9pes nyer\u0151g\u00e9pet, nyer\u0151g\u00e9pet \u00e9s sok k\u00e1rty\u00e1t k\u00edn\u00e1l. j\u00e1t\u00e9kok. Az egyetlen hiba, amit tal\u00e1ltunk, az volt, hogy nem fogadnak el hitelk\u00e1rty\u00e1kat \u00e9s online banki \u00e1tutal\u00e1sokat.<\/p>\n\n\n\n<h3 class=\"wp-block-heading\"><span id=\"en-resume\"><br><strong>\u00f6sszefoglalva<\/strong><\/span><\/h3>\n\n\n\n<p>El\u0151ny<\/p>\n\n\n\n<ul><li>Az egyetlen sportfogad\u00e1si oldal, amely elfogad bitcoinokat<\/li><li>\u00c9l\u0151 j\u00e1t\u00e9kok \u00e9s rengeteg nyer\u0151g\u00e9p.<\/li><li>Nagy prom\u00f3ci\u00f3k \u00e9s b\u00f3nuszok<\/li><li>Ingyenes be- \u00e9s kifizet\u00e9s<\/li><\/ul>\n\n\n\n<p><br>Alap\u00e9rtelmezett<\/p>\n\n\n\n<ul><li>A kriptovalut\u00e1kon k\u00edv\u00fcl nincs m\u00e1s banki lehet\u0151s\u00e9g.<\/li><li>A weboldal ergon\u00f3miai v\u00e1ltoztat\u00e1sokat ig\u00e9nyel<\/li><\/ul>\n\n\n\n<p class=\"has-text-align-center unibet\" style=\"font-size:25px\"><mark style=\"background-color:rgba(0, 0, 0, 0);color:#0d7a12\" class=\"has-inline-color\"><strong><a href=\"https:\/\/parier-presidentielle.com\/hu\/recommends\/unibet\/\">150 \u20ac b\u00f3nusz az Unibetn\u00e9l<br>Az els\u0151 politikai vagy sportfogad\u00e1shoz: Kattintson ide<\/a><\/strong><\/mark><\/p>\n\n\n\n<p><\/p>\n\n\n<div class=\"wp-block-image\">\n<figure class=\"aligncenter is-resized wp-duotone-000097-ff4747-1\"><img decoding=\"async\" loading=\"lazy\" src=\"https:\/\/parier-presidentielle.com\/wp-content\/uploads\/2021\/09\/election-standard-scale-4_00x-gigapixel-1024x623.jpg\" alt=\"V\u00e1laszt\u00e1sok 2022\" style=\"width:256px;height:156px\" width=\"256\" height=\"156\"\/><\/figure><\/div>\n\n\n<p><br><\/p>\n\n\n\n<p><strong>A Parier-Presidential seg\u00edt a v\u00e1laszt\u00e1sban<a href=\"https:\/\/parier-presidentielle.com\/hu\/\"> A Bwin, az Unibet \u00e9s a Betclic bukm\u00e9kerek a j\u00f6v\u0151 amerikai eln\u00f6k\u00e9re fogadnak 2024-ben<\/a> : <\/strong><br><a href=\"https:\/\/parier-presidentielle.com\/hu\/unibet-politika-valasztas-2022\/\">Unibet eln\u00f6ki fogad\u00f3iroda<\/a> : R\u00e9szletes \u00e9s ingyenes \u00fatmutat\u00f3 az els\u0151 online fogad\u00e1shoz, minden szorz\u00f3val \u00e9s a felk\u00edn\u00e1lt b\u00f3nusz el\u0151nyeinek kihaszn\u00e1l\u00e1s\u00e1hoz!<\/p>\n\n\n\n<p>Valamint m\u00e1s p\u00e1rizsi online oldalak: <a href=\"https:\/\/parier-presidentielle.com\/hu\/unibet-politika-valasztas-2022\/\">Bwin<\/a>, <a href=\"https:\/\/parier-presidentielle.com\/hu\/netbet-paris-politics-valasztas-2022\/\">NetBet<\/a>, <a href=\"https:\/\/parier-presidentielle.com\/hu\/betclic-presidential-2022\/\">Betclic<\/a>, <a href=\"https:\/\/parier-presidentielle.com\/hu\/winamax-politika-valasztas-2022\/\">Winamax<\/a>, Parions Sport, Zebet,Betway, France-Pari,Vbet, Cloudbet, 1Xbit, 1xbet, Betfair, Betwinner\u2026<\/p>\n\n\n\n<div class=\"wp-block-columns is-layout-flex wp-container-6 wp-block-columns-is-layout-flex\">\n<div class=\"wp-block-column is-layout-flow wp-block-column-is-layout-flow\" style=\"flex-basis:33.33%\">\n<p>Most olvasta el a f\u00e1jlunkat:<\/p>\n<\/div>\n\n\n\n<div class=\"wp-block-column is-layout-flow wp-block-column-is-layout-flow\" style=\"flex-basis:33.33%\">\n<div class=\"wp-block-group is-layout-flow wp-block-group-is-layout-flow\"><div class=\"wp-block-group__inner-container\"><h4 class=\"has-text-align-center wp-block-post-title\"><span id=\"1xbit-pour-parier-sur-la-politique-en-bitcoin\"><a href=\"https:\/\/parier-presidentielle.com\/hu\/1xbit-hazirend\/\" target=\"_self\" >1xBit: Politik\u00e1ra fogadni Bitcoinban<\/a><\/span><\/h4><\/div><\/div>\n<\/div>\n\n\n\n<div class=\"wp-block-column is-layout-flow wp-block-column-is-layout-flow\" style=\"flex-basis:33.33%\">\n<p class=\"has-text-align-right\">Folytassa az olvas\u00e1st a t\u00f6bbi exkluz\u00edv f\u00e1jlunkkal,<\/p>\n<\/div>\n<\/div>\n\n\n\n<h3 class=\"wp-block-heading\" id=\"tous-les-pronostics-sondage-et-cotes-pour-parier-sur-le-futur-vainqueur-de-l-election-presidentielle-2022\"><span id=\"tous-les-pronostics-sondage-et-cotes-pour-parier-sur-le-futur-vainqueur-de-l8217election-presidentielle-2024\">Az \u00f6sszes j\u00f3slat, felm\u00e9r\u00e9s \u00e9s es\u00e9ly a 2024-es eln\u00f6kv\u00e1laszt\u00e1s j\u00f6v\u0151beli gy\u0151ztes\u00e9re:<\/span><\/h3>\n\n\n\n<ul>\n<li><a href=\"https:\/\/parier-presidentielle.com\/hu\/makro-valasztas\/\">Fogadjon Emmanuel Macronra az Unibet, Betclic, Bwin seg\u00edts\u00e9g\u00e9vel<\/a> : A kedvenc a szavaz\u00e1sokban \u00e9s el\u0151rejelz\u00e9sekben <\/li>\n\n\n\n<li><a href=\"https:\/\/parier-presidentielle.com\/hu\/marine-le-pen-valasztas\/\">Marine Le Pen: Az es\u00e9lyei \u00e9s a fogad\u00e1s m\u00f3dja a bukm\u00e9kerekn\u00e9l<\/a>: A kih\u00edv\u00f3 az Unibet szerint<\/li>\n<\/ul>\n\n\n\n<p><\/p>\n\n\n\n<center><script type=\"text\/javascript\" charset=\"utf-8\" src=\"https:\/\/www.gambling-affiliation.com\/cpm\/v=AmIMTDSs92QY6b0MzDMvM5laCjJ-ZlA-1oQ-7tKsi.w_GA7331V2\"><\/script><\/center>\n\n\n\n<h3 class=\"wp-block-heading\"><span id=\"donald-trump-vs-joe-biden-la-video-qui-lance-les-paris-en-ligne-sur-l8217election-politique-de-2024\">Donald Trump vs Joe Biden: A vide\u00f3, amely online fogad\u00e1st ind\u00edt a 2024-es politikai v\u00e1laszt\u00e1sokr\u00f3l<\/span><\/h3>\n\n\n\n<figure class=\"wp-block-embed is-type-video is-provider-youtube wp-block-embed-youtube wp-embed-aspect-16-9 wp-has-aspect-ratio\"><div class=\"wp-block-embed__wrapper\">\n<iframe loading=\"lazy\" title=\"Donald Trump volt eln\u00f6k meghirdeti a 2024-es Feh\u00e9r H\u00e1z #Short p\u00e1ly\u00e1zat\u00e1t\" width=\"640\" height=\"360\" src=\"https:\/\/www.youtube.com\/embed\/hZykPRVe4Ag?feature=oembed\" frameborder=\"0\" allow=\"accelerometer; autoplay; clipboard-write; encrypted-media; gyroscope; picture-in-picture; web-share\" allowfullscreen><\/iframe>\n<\/div><\/figure>\n\n\n<div class=\"wp-block-image\">\n<figure class=\"aligncenter size-medium\"><a href=\"https:\/\/parier-presidentielle.com\/hu\/recommends\/unibet\/\" target=\"_blank\" rel=\"noopener\"><img decoding=\"async\" loading=\"lazy\" width=\"300\" height=\"169\" src=\"https:\/\/parier-presidentielle.com\/wp-content\/uploads\/2022\/04\/unibet-300x169.jpg\" alt=\"\" class=\"wp-image-1252\" srcset=\"https:\/\/parier-presidentielle.com\/wp-content\/uploads\/2022\/04\/unibet-300x169.jpg 300w, https:\/\/parier-presidentielle.com\/wp-content\/uploads\/2022\/04\/unibet-1024x576.jpg 1024w, https:\/\/parier-presidentielle.com\/wp-content\/uploads\/2022\/04\/unibet-768x432.jpg 768w, https:\/\/parier-presidentielle.com\/wp-content\/uploads\/2022\/04\/unibet-18x10.jpg 18w, https:\/\/parier-presidentielle.com\/wp-content\/uploads\/2022\/04\/unibet.jpg 1280w\" sizes=\"(max-width: 300px) 100vw, 300px\" \/><\/a><\/figure><\/div>\n\n\n<p>Keresse meg a Wikit, az alapvet\u0151 politikai h\u00edreket a kannabiszr\u00f3l \u00e9s leg\u00e1lis sz\u00e1rmaz\u00e9kair\u00f3l: <strong>HHC, H4cbd, Thcp, Thcv, HSD, HHCPO, C4B<\/strong><\/p>\n<div id=\"toc_container\" class=\"no_bullets\"><p class=\"toc_title\">Tartalom<\/p><ul class=\"toc_list\"><li><\/li><li><\/li><li><\/li><li><\/li><li><ul><li><ul><li><\/li><\/ul><\/li><li><\/li><li><\/li><\/ul><\/li><\/ul><\/div>","protected":false},"excerpt":{"rendered":"<p>1xbit : Analyse du nouveaux bookmaker sp\u00e9cialis\u00e9 en Bitcoin 1xBit est le site de Paris Sportifs\/Jeu le plus innovant sur la sc\u00e8ne internationale, en fait c&#8217;est le seul qui n&#8217;autorise que les d\u00e9p\u00f4ts et les retraits via des crypto-monnaies, c&#8217;est d\u00e9finitivement une nouveaut\u00e9 qui a secou\u00e9 le monde du jeu en ligne. En raison de &#8230;<\/p>","protected":false},"author":1,"featured_media":0,"parent":0,"menu_order":0,"comment_status":"closed","ping_status":"closed","template":"page-nosidebar.php","meta":{"footnotes":""},"yoast_head":"<!-- This site is optimized with the Yoast SEO Premium plugin v21.0 (Yoast SEO v21.0) - https:\/\/yoast.com\/wordpress\/plugins\/seo\/ -->\n<title>1xBit : Pour parier sur la Politique en Bitcoin - Finale Coupe du Monde FIFA<\/title>\n<meta name=\"description\" content=\"Parier avec 1xBit : 7 BTC offert pour votre 1er Pari sur la Politique, le Sport! Guide du Bookmaker pour profiter du Bonus de bienvenue...\" \/>\n<meta name=\"robots\" content=\"index, follow, max-snippet:-1, max-image-preview:large, max-video-preview:-1\" \/>\n<link rel=\"canonical\" href=\"https:\/\/parier-presidentielle.com\/hu\/1xbit-hazirend\/\" \/>\n<meta property=\"og:locale\" content=\"hu_HU\" \/>\n<meta property=\"og:type\" content=\"article\" \/>\n<meta property=\"og:title\" content=\"1xBit : Pour parier sur la Politique en Bitcoin\" \/>\n<meta property=\"og:description\" content=\"Parier avec 1xBit : 7 BTC offert pour votre 1er Pari sur la Politique, le Sport! Guide du Bookmaker pour profiter du Bonus de bienvenue...\" \/>\n<meta property=\"og:url\" content=\"https:\/\/parier-presidentielle.com\/hu\/1xbit-hazirend\/\" \/>\n<meta property=\"og:site_name\" content=\"Parier Pr\u00e9sidentielle\" \/>\n<meta property=\"article:modified_time\" content=\"2022-04-11T22:47:22+00:00\" \/>\n<meta property=\"og:image\" content=\"https:\/\/parier-presidentielle.com\/wp-content\/uploads\/2022\/04\/1xBit-pour-parier-sur-la-politique-en-bitcoin-1024x546.jpg\" \/>\n<meta name=\"twitter:card\" content=\"summary_large_image\" \/>\n<meta name=\"twitter:label1\" content=\"Est. reading time\" \/>\n\t<meta name=\"twitter:data1\" content=\"6 perc\" \/>\n<script type=\"application\/ld+json\" class=\"yoast-schema-graph\">{\"@context\":\"https:\/\/schema.org\",\"@graph\":[{\"@type\":\"WebPage\",\"@id\":\"https:\/\/parier-presidentielle.com\/1xbit-politique\/\",\"url\":\"https:\/\/parier-presidentielle.com\/1xbit-politique\/\",\"name\":\"1xBit : Pour parier sur la Politique en Bitcoin - Finale Coupe du Monde FIFA\",\"isPartOf\":{\"@id\":\"https:\/\/parier-presidentielle.com\/#website\"},\"datePublished\":\"2022-02-17T16:17:02+00:00\",\"dateModified\":\"2022-04-11T22:47:22+00:00\",\"description\":\"Parier avec 1xBit : 7 BTC offert pour votre 1er Pari sur la Politique, le Sport! Guide du Bookmaker pour profiter du Bonus de bienvenue...\",\"breadcrumb\":{\"@id\":\"https:\/\/parier-presidentielle.com\/1xbit-politique\/#breadcrumb\"},\"inLanguage\":\"hu\",\"potentialAction\":[{\"@type\":\"ReadAction\",\"target\":[\"https:\/\/parier-presidentielle.com\/1xbit-politique\/\"]}]},{\"@type\":\"BreadcrumbList\",\"@id\":\"https:\/\/parier-presidentielle.com\/1xbit-politique\/#breadcrumb\",\"itemListElement\":[{\"@type\":\"ListItem\",\"position\":1,\"name\":\"Accueil\",\"item\":\"https:\/\/parier-presidentielle.com\/\"},{\"@type\":\"ListItem\",\"position\":2,\"name\":\"1xBit : Pour parier sur la Politique en Bitcoin\"}]},{\"@type\":\"WebSite\",\"@id\":\"https:\/\/parier-presidentielle.com\/#website\",\"url\":\"https:\/\/parier-presidentielle.com\/\",\"name\":\"Parier Pr\u00e9sidentielle\",\"description\":\"Paris, Pronostics, Wiki sur la Politique, les Elections Am\u00e9ricaines: Joe Biden, Donald Trump avec les Bookmakers en ligne Unibet, Bwin, Betclic, Winamax\",\"potentialAction\":[{\"@type\":\"SearchAction\",\"target\":{\"@type\":\"EntryPoint\",\"urlTemplate\":\"https:\/\/parier-presidentielle.com\/?s={search_term_string}\"},\"query-input\":\"required name=search_term_string\"}],\"inLanguage\":\"hu\"}]}<\/script>\n<!-- \/ Yoast SEO Premium plugin. -->","yoast_head_json":{"title":"1xBit : Pour parier sur la Politique en Bitcoin - Finale Coupe du Monde FIFA","description":"Parier avec 1xBit : 7 BTC offert pour votre 1er Pari sur la Politique, le Sport! Guide du Bookmaker pour profiter du Bonus de bienvenue...","robots":{"index":"index","follow":"follow","max-snippet":"max-snippet:-1","max-image-preview":"max-image-preview:large","max-video-preview":"max-video-preview:-1"},"canonical":"https:\/\/parier-presidentielle.com\/hu\/1xbit-hazirend\/","og_locale":"hu_HU","og_type":"article","og_title":"1xBit : Pour parier sur la Politique en Bitcoin","og_description":"Parier avec 1xBit : 7 BTC offert pour votre 1er Pari sur la Politique, le Sport! Guide du Bookmaker pour profiter du Bonus de bienvenue...","og_url":"https:\/\/parier-presidentielle.com\/hu\/1xbit-hazirend\/","og_site_name":"Parier Pr\u00e9sidentielle","article_modified_time":"2022-04-11T22:47:22+00:00","og_image":[{"url":"https:\/\/parier-presidentielle.com\/wp-content\/uploads\/2022\/04\/1xBit-pour-parier-sur-la-politique-en-bitcoin-1024x546.jpg"}],"twitter_card":"summary_large_image","twitter_misc":{"Est. reading time":"6 perc"},"schema":{"@context":"https:\/\/schema.org","@graph":[{"@type":"WebPage","@id":"https:\/\/parier-presidentielle.com\/1xbit-politique\/","url":"https:\/\/parier-presidentielle.com\/1xbit-politique\/","name":"1xBit : Pour parier sur la Politique en Bitcoin - Finale Coupe du Monde FIFA","isPartOf":{"@id":"https:\/\/parier-presidentielle.com\/#website"},"datePublished":"2022-02-17T16:17:02+00:00","dateModified":"2022-04-11T22:47:22+00:00","description":"Parier avec 1xBit : 7 BTC offert pour votre 1er Pari sur la Politique, le Sport! Guide du Bookmaker pour profiter du Bonus de bienvenue...","breadcrumb":{"@id":"https:\/\/parier-presidentielle.com\/1xbit-politique\/#breadcrumb"},"inLanguage":"hu","potentialAction":[{"@type":"ReadAction","target":["https:\/\/parier-presidentielle.com\/1xbit-politique\/"]}]},{"@type":"BreadcrumbList","@id":"https:\/\/parier-presidentielle.com\/1xbit-politique\/#breadcrumb","itemListElement":[{"@type":"ListItem","position":1,"name":"Accueil","item":"https:\/\/parier-presidentielle.com\/"},{"@type":"ListItem","position":2,"name":"1xBit : Pour parier sur la Politique en Bitcoin"}]},{"@type":"WebSite","@id":"https:\/\/parier-presidentielle.com\/#website","url":"https:\/\/parier-presidentielle.com\/","name":"Parier Pr\u00e9sidentielle","description":"Paris, Pronostics, Wiki sur la Politique, les Elections Am\u00e9ricaines: Joe Biden, Donald Trump avec les Bookmakers en ligne Unibet, Bwin, Betclic, Winamax","potentialAction":[{"@type":"SearchAction","target":{"@type":"EntryPoint","urlTemplate":"https:\/\/parier-presidentielle.com\/?s={search_term_string}"},"query-input":"required name=search_term_string"}],"inLanguage":"hu"}]}},"_links":{"self":[{"href":"https:\/\/parier-presidentielle.com\/hu\/wp-json\/wp\/v2\/pages\/525"}],"collection":[{"href":"https:\/\/parier-presidentielle.com\/hu\/wp-json\/wp\/v2\/pages"}],"about":[{"href":"https:\/\/parier-presidentielle.com\/hu\/wp-json\/wp\/v2\/types\/page"}],"author":[{"embeddable":true,"href":"https:\/\/parier-presidentielle.com\/hu\/wp-json\/wp\/v2\/users\/1"}],"replies":[{"embeddable":true,"href":"https:\/\/parier-presidentielle.com\/hu\/wp-json\/wp\/v2\/comments?post=525"}],"version-history":[{"count":8,"href":"https:\/\/parier-presidentielle.com\/hu\/wp-json\/wp\/v2\/pages\/525\/revisions"}],"predecessor-version":[{"id":1228,"href":"https:\/\/parier-presidentielle.com\/hu\/wp-json\/wp\/v2\/pages\/525\/revisions\/1228"}],"wp:attachment":[{"href":"https:\/\/parier-presidentielle.com\/hu\/wp-json\/wp\/v2\/media?parent=525"}],"curies":[{"name":"wp","href":"https:\/\/api.w.org\/{rel}","templated":true}]}}