{"id":54,"date":"2021-09-07T00:14:00","date_gmt":"2021-09-06T22:14:00","guid":{"rendered":"https:\/\/parier-presidentielle.com\/?page_id=54"},"modified":"2022-04-24T12:00:40","modified_gmt":"2022-04-24T10:00:40","slug":"bookmakers-election","status":"publish","type":"page","link":"https:\/\/parier-presidentielle.com\/hu\/fogadoirodak-valasztas\/","title":{"rendered":"Bukm\u00e9kerek \u00e9s az eln\u00f6kv\u00e1laszt\u00e1s"},"content":{"rendered":"<div class=\"wp-block-columns is-layout-flex wp-container-4 wp-block-columns-is-layout-flex\">\n<div class=\"wp-block-column is-layout-flow wp-block-column-is-layout-flow\" style=\"flex-basis:100%\">\n<div class=\"wp-block-columns is-layout-flex wp-container-2 wp-block-columns-is-layout-flex\">\n<div class=\"wp-block-column is-layout-flow wp-block-column-is-layout-flow\" style=\"flex-basis:100%\">\n<center><script type=\"text\/javascript\" charset=\"utf-8\" src=\"https:\/\/www.gambling-affiliation.com\/cpm\/v=AmIMTDSs92QY6b0MzDMvM5laCjJ-ZlA-1oQ-7tKsi.w_GA7331V2\"><\/script><\/center>\n\n\n\n<p><\/p>\n\n\n\n<div class=\"wp-block-image is-style-default\"><figure class=\"aligncenter size-medium\"><a href=\"https:\/\/parier-presidentielle.com\/hu\/recommends\/unibet-logo\/\" target=\"_blank\" rel=\"no follow noopener\"><img decoding=\"async\" loading=\"lazy\" width=\"300\" height=\"169\" src=\"https:\/\/parier-presidentielle.com\/wp-content\/uploads\/2022\/04\/unibet-300x169.jpg\" alt=\"\" class=\"wp-image-1252\" srcset=\"https:\/\/parier-presidentielle.com\/wp-content\/uploads\/2022\/04\/unibet-300x169.jpg 300w, https:\/\/parier-presidentielle.com\/wp-content\/uploads\/2022\/04\/unibet-1024x576.jpg 1024w, https:\/\/parier-presidentielle.com\/wp-content\/uploads\/2022\/04\/unibet-768x432.jpg 768w, https:\/\/parier-presidentielle.com\/wp-content\/uploads\/2022\/04\/unibet-18x10.jpg 18w, https:\/\/parier-presidentielle.com\/wp-content\/uploads\/2022\/04\/unibet.jpg 1280w\" sizes=\"(max-width: 300px) 100vw, 300px\" \/><\/a><\/figure><\/div>\n<\/div>\n<\/div>\n<\/div>\n<\/div>\n\n\n\n<h2 class=\"wp-block-heading\"><span id=\"les-cote-pour-parier-en-ligne-sur-le-futur-vainqueur-en-france-macron-vs-le-pen\">Az online fogad\u00e1sok es\u00e9lyei a j\u00f6v\u0151 gy\u0151ztes\u00e9re Franciaorsz\u00e1gban Macron vs Le Pen<\/span><\/h2>\n\n\n\n<p>Ha fogad\u00e1si oldalt keres vagy angol nyelv\u0171 <a href=\"https:\/\/parier-presidentielle.com\/hu\/\">Bukm\u00e9ker <\/a> a 2022-es eln\u00f6kv\u00e1laszt\u00e1sra itt tal\u00e1lja a legteljesebb \u00e9s legr\u00e9szletesebb inform\u00e1ci\u00f3kat a Parier-Pr\u00e9sidentielle-r\u0151l!<br>Ezen k\u00edv\u00fcl megtal\u00e1ljuk a bukm\u00e9kerek \u00e1ltal k\u00edn\u00e1lt \u00f6sszes fogad\u00e1st, bele\u00e9rtve a fogad\u00e1si szorz\u00f3kat, az \u00e9l\u0151 eredm\u00e9nyeket\/trendeket \u00e9s a politik\u00e1n k\u00edv\u00fcli egy\u00e9b fogad\u00e1sokat, mint p\u00e9ld\u00e1ul a sportfogad\u00e1s (futball, stb.) vagy ak\u00e1r a p\u00f3ker.<\/p>\n\n\n\n<p>Ebben a cikkben bemutatjuk a 2022-es eln\u00f6kv\u00e1laszt\u00e1si fogad\u00e1s szab\u00e1lyait, majd elemezz\u00fck a jel\u00f6lteket \u00e9s a k\u00fcl\u00f6nb\u00f6z\u0151 lehets\u00e9ges fogad\u00e1sokat a 2022-es franciaorsz\u00e1gi eln\u00f6kv\u00e1laszt\u00e1s m\u00e1sodik fordul\u00f3j\u00e1nak ezen esem\u00e9ny\u00e9n.<\/p>\n\n\n\n<p>Fedezze fel a 2022-es eln\u00f6kv\u00e1laszt\u00e1s es\u00e9lyeit <a href=\"https:\/\/parier-presidentielle.com\/hu\/unibet-politika-valasztas-2022\/\">Unibet<\/a> ! Teh\u00e1t most, hogy mindent tud, ne habozzon, \u00e9s menjen a Bwin-hez, a Betclic-hez vagy a William Hill-hez, hogy megj\u00f3solja!<\/p>\n\n\n\n<p>A k\u00f6zv\u00e9lem\u00e9ny-kutat\u00f3k nagyon szoros m\u00e1sodik fordul\u00f3t j\u00f3soltak, 52% Macronnak \u00e9s 48% Le Pennek. A k\u00fcl\u00f6nbs\u00e9g olyan szoros, hogy a gy\u0151zelem \u00edgy vagy \u00fagy a hibahat\u00e1ron bel\u00fcl van. De mindenesetre sokkal k\u00f6zelebb van, mint 2017-ben, amikor Macron 66,1 % szavazattal verte Le Pent.<\/p>\n\n\n\n<p><strong>Ki nyeri legink\u00e1bb az eln\u00f6kv\u00e1laszt\u00e1st?<\/strong><\/p>\n\n\n\n<p>Emmanuel Macron 1,14-es szorz\u00f3val, Marine Le Pen pedig 5,3-mal, \u00edgy a fogad\u00f3irod\u00e1k szerint a jelenlegi eln\u00f6knek van a legnagyobb es\u00e9lye a gy\u0151zelemre.<\/p>\n\n\n\n<h2 class=\"wp-block-heading\"><span id=\"une-election-francaise-qui-interesse-le-monde-entier\">Egy francia v\u00e1laszt\u00e1s, amely az eg\u00e9sz vil\u00e1got \u00e9rdekli!<\/span><\/h2>\n\n\n\n<p>A francia eln\u00f6kv\u00e1laszt\u00e1s m\u00e1sodik fordul\u00f3ja leny\u0171g\u00f6zte a briteket. A m\u00e9dia mellett az online fogad\u00f3c\u00e9gek is alaposan megvizsg\u00e1lt\u00e1k a francia kamp\u00e1ny leg\u00fajabb fejlem\u00e9nyeit. A fogad\u00e1sok mennyis\u00e9ge rekordot d\u00f6nt\u00f6tt. Nem el\u00e9gszik meg a l\u00f3versenyekre vagy focimeccsekre val\u00f3 fogad\u00e1ssal <a href=\"https:\/\/www.foot-parier.com\/\">futball<\/a>, a britek most fogadhatnak\u2026 <strong>a francia eln\u00f6kv\u00e1laszt\u00e1s<\/strong> sz\u00e1mos bukm\u00e9kereikkel. <a href=\"https:\/\/parier-presidentielle.com\/hu\/makro-valasztas\/\">Emmanuel Macron <\/a>Vagy <a href=\"https:\/\/parier-presidentielle.com\/hu\/marine-le-pen-valasztas\/\">Marine Le Pen<\/a>, ez a plak\u00e1t egy\u00e9rtelm\u0171en leny\u0171g\u00f6zi a szoroson t\u00fali szomsz\u00e9dainkat. A Betclicn\u00e9l, az Egyes\u00fclt Kir\u00e1lys\u00e1g egyik legnagyobb fogad\u00f3c\u00e9g\u00e9n\u00e9l, az En Marche! A favoritot 1\/8 szorz\u00f3val adj\u00e1k meg. Marine Le Pen 5 \u00e9s 1,5 h\u00fcvelyk k\u00f6z\u00f6tt k\u00edv\u00fcl\u00e1ll\u00f3, magyar\u00e1zta Rupert Adams a TF1 szerkeszt\u0151s\u00e9g\u00e9nek. <\/p>\n\n\n\n<blockquote class=\"wp-block-quote\"><p><\/p><cite>\u201eA legnagyobb t\u00e9t\u00fcnk 21 000 eur\u00f3, amire soha nem volt p\u00e9lda. &quot;<\/cite><\/blockquote>\n\n\n\n<div class=\"wp-block-image is-style-default wp-duotone-000097-ff4747-5\"><figure class=\"aligncenter size-large is-resized\"><img decoding=\"async\" loading=\"lazy\" src=\"https:\/\/parier-presidentielle.com\/wp-content\/uploads\/2021\/09\/macron-1024x578.jpeg\" alt=\"Macron az eln\u00f6kv\u00e1laszt\u00e1son \u00fcl\u00e9sezett\" class=\"wp-image-57\" width=\"675\" height=\"381\" srcset=\"https:\/\/parier-presidentielle.com\/wp-content\/uploads\/2021\/09\/macron-1024x578.jpeg 1024w, https:\/\/parier-presidentielle.com\/wp-content\/uploads\/2021\/09\/macron-300x169.jpeg 300w, https:\/\/parier-presidentielle.com\/wp-content\/uploads\/2021\/09\/macron-768x433.jpeg 768w, https:\/\/parier-presidentielle.com\/wp-content\/uploads\/2021\/09\/macron.jpeg 1255w\" sizes=\"(max-width: 675px) 100vw, 675px\" \/><\/figure><\/div>\n\n\n\n<p>A brit m\u00e9dia sz\u00e9les k\u00f6rben besz\u00e1molt err\u0151l <a href=\"https:\/\/parier-presidentielle.com\/hu\/\"><strong>a francia v\u00e1laszt\u00e1sok<\/strong><\/a> val\u00f3di lelkesed\u00e9st v\u00e1ltott ki. Sz\u00e1mos fejlem\u00e9ny, p\u00e9ld\u00e1ul az els\u0151 fordul\u00f3 el\u0151est\u00e9j\u00e9n zajl\u00f3 nagyon ny\u00edlt szavaz\u00e1sok t\u00edzszeres\u00e9re n\u00f6velt\u00e9k k\u00edv\u00e1ncsis\u00e1gukat. Minden inform\u00e1ci\u00f3 a 2022-es eln\u00f6kv\u00e1laszt\u00e1s m\u00e1sodik fordul\u00f3j\u00e1r\u00f3l. Trump megv\u00e1laszt\u00e1sa \u00e9s a Brexit meghi\u00fas\u00edtotta a k\u00f6zv\u00e9lem\u00e9ny-kutat\u00e1sokat, \u00edgy Franciaorsz\u00e1gban meg\u00fajulhat a helyzet, ez\u00e9rt az<a href=\"https:\/\/parier-presidentielle.com\/hu\/bukmeker-valasztas-politika-2022\/\"> fogadjon a megfelel\u0151 bukm\u00e9kerre<\/a>\u2026 A politika \u00faj megk\u00f6zel\u00edt\u00e9s\u00e9r\u0151l nem is besz\u00e9lve: ezen a ter\u00fcleten, ak\u00e1rcsak a sportesem\u00e9nyekn\u00e9l, az eredm\u00e9nyek sohasem el\u0151re meghat\u00e1rozottak. Ebben a tekintetben Donald Trump megv\u00e1laszt\u00e1s\u00e1nak vagy a Brexitnek az Egyes\u00fclt \u00c1llamokban aratott gy\u0151zelme bebizony\u00edtotta, hogy az utols\u00f3 pillanatban t\u00f6rt\u00e9n\u0151 v\u00e1ltoztat\u00e1sok soha nem z\u00e1rhat\u00f3k ki. Amit\u0151l a k\u00f6zv\u00e9lem\u00e9ny \u00e9s a fogad\u00f3irod\u00e1k bizonytalans\u00e1gban voltak.<\/p>\n\n\n\n<h2 class=\"wp-block-heading\"><span id=\"l8217avis-de-l8217expert-en-paris-sportifs-pour-l8217election\">A sportfogad\u00e1si szak\u00e9rt\u0151 v\u00e9lem\u00e9nye a v\u00e1laszt\u00e1shoz<\/span><\/h2>\n\n\n\n<p>\u201eEz a k\u00e9t dolog megv\u00e1ltoztatta a helyzetet\u201d \u2013 hangs\u00falyozta Emmanuelle de France, az oldal munkat\u00e1rsa <a href=\"https:\/\/parier-presidentielle.com\/hu\/\">Fogadjon az eln\u00f6kv\u00e1laszt\u00e1sra: Bukm\u00e9kerv\u00e1laszt\u00e1s Franciaorsz\u00e1gban,<\/a> az online fogad\u00e1si szak\u00e9rt\u0151t\u0151l <strong>Bwin <\/strong>. &quot;Minden megt\u00f6rt\u00e9nhet. Ez a harmadik politikai esem\u00e9ny, amely ekkora \u00e9rdekl\u0151d\u00e9st v\u00e1ltott ki\u201d \u2013 mondta a TF1-nek. Ami a fogad\u00f3irod\u00e1k ezen csoportj\u00e1t illeti, az Elys\u00e9e j\u00e1t\u00e9k t\u00e9tje meghaladhatja a 30 milli\u00f3 eur\u00f3t. M\u00e9g meglep\u0151bb eredm\u00e9ny, mint 2012-ben, a legut\u00f3bbi francia eln\u00f6kv\u00e1laszt\u00e1skor  <strong>Bwin  <\/strong>nem tartotta sz\u00fcks\u00e9gesnek megnyitni a rendezv\u00e9nyt a fogad\u00f3k el\u0151tt.<\/p>\n\n\n\n<p>Az \u00f6sszes 2022-es eln\u00f6kv\u00e1laszt\u00e1sra az Unibet minden j\u00e1t\u00e9kosa sz\u00e1m\u00e1ra el\u00e9rhet\u0151v\u00e9 tette a fogad\u00e1sok sokas\u00e1g\u00e1t, amelyek k\u00f6z\u00f6tt a 2022-es franciaorsz\u00e1gi eln\u00f6kv\u00e1laszt\u00e1s m\u00e1sodik fordul\u00f3j\u00e1nak gy\u0151ztes jel\u00f6ltj\u00e9re lehet fogadni.<\/p>\n\n\n\n<p>Mostant\u00f3l az Unibetnek k\u00f6sz\u00f6nhet\u0151en minden oddsot megtal\u00e1lhatsz a 2022-es eln\u00f6kv\u00e1laszt\u00e1sra!<\/p>\n\n\n\n<p>Ami a Bwint illeti, teljes aj\u00e1nlatot k\u00edn\u00e1l a politik\u00e1ra val\u00f3 fogad\u00e1shoz, p\u00e9ld\u00e1ul Franciaorsz\u00e1g k\u00f6vetkez\u0151 eln\u00f6k\u00e9re.<\/p>\n\n\n\n<p>Val\u00f3j\u00e1ban sok fogad\u00f3 m\u00e1r el\u0151re jelezte ezt a j\u00f6v\u0151beli esem\u00e9nyt az\u00e1ltal, hogy a kor\u00e1bbi szavaz\u00e1sokon m\u00e1r megjelent jel\u00f6ltek k\u00f6z\u00fcl v\u00e1lasztott.<\/p>\n\n\n\n<p>Fogadhat Marine Le Penre (5,30 Bwin), Emmanuel Macronra (1,14 Bwin), Jean-Luc M\u00e9lenchonra (15,00 Bwin), Beno\u00eet Hamonra (50,00 Bwin) vagy ak\u00e1r Fran\u00e7ois Baroinra (67,00 Bwinn\u00e9l) .<\/p>\n\n\n\n<p>Tal\u00e1lja meg az \u00f6sszes es\u00e9lyt a 2022-es eln\u00f6kv\u00e1laszt\u00e1sra az Unibet oldalon! Teh\u00e1t most, hogy mindent tud, ne habozzon, \u00e9s menjen az bwin-hez, hogy megj\u00f3solja!<\/p>\n\n\n\n<p><\/p>\n\n\n\n<h3 class=\"has-text-align-center wp-block-heading\"><span id=\"dossier-special-bookmaker-unibet-bwin-mondial-quatar\"><br>K\u00fcl\u00f6njelent\u00e9s bukm\u00e9ker Unibet Bwin &amp; Mondial Quatar <\/span><\/h3>\n\n\n\n<p>Tedd meg els\u0151 online fogad\u00e1sodat a politik\u00e1ra \u00e9s az \u00f6sszes sportra a k\u00fcl\u00f6nb\u00f6z\u0151 oldalakon tal\u00e1lhat\u00f3 f\u00e1jljainknak k\u00f6sz\u00f6nhet\u0151en: Betclic, Winamax, Unibet, Betclic: <\/p>\n\n\n\n<p>Az olyan online fogad\u00f3irod\u00e1k seg\u00edts\u00e9g\u00e9vel, mint a Bwin, az Unibet \u00e9s a Betclic, sz\u00e1mos fogad\u00e1si piacot \u00e9rhet el a versenyen, \u00edgy es\u00e9lye ny\u00edlik nagy nyer\u00e9sre. \u00d6sszefoglalva, a francia csapat egyike lehet azoknak a csapatoknak, akiket figyelni kell a 2022-es vil\u00e1gbajnoks\u00e1gon. Cs\u00e9sze. Az olyan online fogad\u00f3irod\u00e1k seg\u00edts\u00e9g\u00e9vel, mint a Bwin, az Unibet \u00e9s a Betclic, inform\u00e1ci\u00f3kat gy\u0171jthet Portug\u00e1li\u00e1r\u00f3l, \u00e9s megalapozott fogad\u00e1sokat k\u00f6thet ezen a versenyen ny\u00fajtott teljes\u00edtm\u00e9ny\u00fckre. Akkor mi\u00e9rt ne \u00e9lne a lehet\u0151s\u00e9ggel, hogy potenci\u00e1lisan profit\u00e1ljon Franciaorsz\u00e1g 2022-es siker\u00e9b\u0151l?<\/p>\n\n\n\n<p><\/p>\n\n\n\n<p class=\"has-text-align-center unibet\" style=\"font-size:25px\"><mark style=\"background-color:rgba(0, 0, 0, 0);color:#0d7a12\" class=\"has-inline-color\"><strong><a href=\"https:\/\/parier-presidentielle.com\/hu\/recommends\/unibet\/\">150 \u20ac b\u00f3nusz az Unibetn\u00e9l<br>Az els\u0151 politikai vagy sportfogad\u00e1shoz: Kattintson ide<\/a><\/strong><\/mark><\/p>\n\n\n\n<p><\/p>\n\n\n<div class=\"wp-block-image\">\n<figure class=\"aligncenter is-resized wp-duotone-000097-ff4747-6\"><img decoding=\"async\" loading=\"lazy\" src=\"https:\/\/parier-presidentielle.com\/wp-content\/uploads\/2021\/09\/election-standard-scale-4_00x-gigapixel-1024x623.jpg\" alt=\"V\u00e1laszt\u00e1sok 2022\" style=\"width:256px;height:156px\" width=\"256\" height=\"156\"\/><\/figure><\/div>\n\n\n<p><br><\/p>\n\n\n\n<p><strong>A Parier-Presidential seg\u00edt a v\u00e1laszt\u00e1sban<a href=\"https:\/\/parier-presidentielle.com\/hu\/\"> A Bwin, az Unibet \u00e9s a Betclic bukm\u00e9kerek a j\u00f6v\u0151 amerikai eln\u00f6k\u00e9re fogadnak 2024-ben<\/a> : <\/strong><br><a href=\"https:\/\/parier-presidentielle.com\/hu\/unibet-politika-valasztas-2022\/\">Unibet eln\u00f6ki fogad\u00f3iroda<\/a> : R\u00e9szletes \u00e9s ingyenes \u00fatmutat\u00f3 az els\u0151 online fogad\u00e1shoz, minden szorz\u00f3val \u00e9s a felk\u00edn\u00e1lt b\u00f3nusz el\u0151nyeinek kihaszn\u00e1l\u00e1s\u00e1hoz!<\/p>\n\n\n\n<p>Valamint m\u00e1s p\u00e1rizsi online oldalak: <a href=\"https:\/\/parier-presidentielle.com\/hu\/unibet-politika-valasztas-2022\/\">Bwin<\/a>, <a href=\"https:\/\/parier-presidentielle.com\/hu\/netbet-paris-politics-valasztas-2022\/\">NetBet<\/a>, <a href=\"https:\/\/parier-presidentielle.com\/hu\/betclic-presidential-2022\/\">Betclic<\/a>, <a href=\"https:\/\/parier-presidentielle.com\/hu\/winamax-politika-valasztas-2022\/\">Winamax<\/a>, Parions Sport, Zebet,Betway, France-Pari,Vbet, Cloudbet, 1Xbit, 1xbet, Betfair, Betwinner\u2026<\/p>\n\n\n\n<div class=\"wp-block-columns is-layout-flex wp-container-11 wp-block-columns-is-layout-flex\">\n<div class=\"wp-block-column is-layout-flow wp-block-column-is-layout-flow\" style=\"flex-basis:33.33%\">\n<p>Most olvasta el a f\u00e1jlunkat:<\/p>\n<\/div>\n\n\n\n<div class=\"wp-block-column is-layout-flow wp-block-column-is-layout-flow\" style=\"flex-basis:33.33%\">\n<div class=\"wp-block-group is-layout-flow wp-block-group-is-layout-flow\"><div class=\"wp-block-group__inner-container\"><h4 class=\"has-text-align-center wp-block-post-title\"><span id=\"les-bookmakers-et-l8217election-presidentielle\"><a href=\"https:\/\/parier-presidentielle.com\/hu\/fogadoirodak-valasztas\/\" target=\"_self\" >Bukm\u00e9kerek \u00e9s az eln\u00f6kv\u00e1laszt\u00e1s<\/a><\/span><\/h4><\/div><\/div>\n<\/div>\n\n\n\n<div class=\"wp-block-column is-layout-flow wp-block-column-is-layout-flow\" style=\"flex-basis:33.33%\">\n<p class=\"has-text-align-right\">Folytassa az olvas\u00e1st a t\u00f6bbi exkluz\u00edv f\u00e1jlunkkal,<\/p>\n<\/div>\n<\/div>\n\n\n\n<h3 class=\"wp-block-heading\" id=\"tous-les-pronostics-sondage-et-cotes-pour-parier-sur-le-futur-vainqueur-de-l-election-presidentielle-2022\"><span id=\"tous-les-pronostics-sondage-et-cotes-pour-parier-sur-le-futur-vainqueur-de-l8217election-presidentielle-2024\">Az \u00f6sszes j\u00f3slat, felm\u00e9r\u00e9s \u00e9s es\u00e9ly a 2024-es eln\u00f6kv\u00e1laszt\u00e1s j\u00f6v\u0151beli gy\u0151ztes\u00e9re:<\/span><\/h3>\n\n\n\n<ul>\n<li><a href=\"https:\/\/parier-presidentielle.com\/hu\/makro-valasztas\/\">Fogadjon Emmanuel Macronra az Unibet, Betclic, Bwin seg\u00edts\u00e9g\u00e9vel<\/a> : A kedvenc a szavaz\u00e1sokban \u00e9s el\u0151rejelz\u00e9sekben <\/li>\n\n\n\n<li><a href=\"https:\/\/parier-presidentielle.com\/hu\/marine-le-pen-valasztas\/\">Marine Le Pen: Az es\u00e9lyei \u00e9s a fogad\u00e1s m\u00f3dja a bukm\u00e9kerekn\u00e9l<\/a>: A kih\u00edv\u00f3 az Unibet szerint<\/li>\n<\/ul>\n\n\n\n<p><\/p>\n\n\n\n<center><script type=\"text\/javascript\" charset=\"utf-8\" src=\"https:\/\/www.gambling-affiliation.com\/cpm\/v=AmIMTDSs92QY6b0MzDMvM5laCjJ-ZlA-1oQ-7tKsi.w_GA7331V2\"><\/script><\/center>\n\n\n\n<h3 class=\"wp-block-heading\"><span id=\"donald-trump-vs-joe-biden-la-video-qui-lance-les-paris-en-ligne-sur-l8217election-politique-de-2024\">Donald Trump vs Joe Biden: A vide\u00f3, amely online fogad\u00e1st ind\u00edt a 2024-es politikai v\u00e1laszt\u00e1sokr\u00f3l<\/span><\/h3>\n\n\n\n<figure class=\"wp-block-embed is-type-video is-provider-youtube wp-block-embed-youtube wp-embed-aspect-16-9 wp-has-aspect-ratio\"><div class=\"wp-block-embed__wrapper\">\n<iframe loading=\"lazy\" title=\"Donald Trump volt eln\u00f6k meghirdeti a 2024-es Feh\u00e9r H\u00e1z #Short p\u00e1ly\u00e1zat\u00e1t\" width=\"640\" height=\"360\" src=\"https:\/\/www.youtube.com\/embed\/hZykPRVe4Ag?feature=oembed\" frameborder=\"0\" allow=\"accelerometer; autoplay; clipboard-write; encrypted-media; gyroscope; picture-in-picture; web-share\" allowfullscreen><\/iframe>\n<\/div><\/figure>\n\n\n<div class=\"wp-block-image\">\n<figure class=\"aligncenter size-medium\"><a href=\"https:\/\/parier-presidentielle.com\/hu\/recommends\/unibet\/\" target=\"_blank\" rel=\"noopener\"><img decoding=\"async\" loading=\"lazy\" width=\"300\" height=\"169\" src=\"https:\/\/parier-presidentielle.com\/wp-content\/uploads\/2022\/04\/unibet-300x169.jpg\" alt=\"\" class=\"wp-image-1252\" srcset=\"https:\/\/parier-presidentielle.com\/wp-content\/uploads\/2022\/04\/unibet-300x169.jpg 300w, https:\/\/parier-presidentielle.com\/wp-content\/uploads\/2022\/04\/unibet-1024x576.jpg 1024w, https:\/\/parier-presidentielle.com\/wp-content\/uploads\/2022\/04\/unibet-768x432.jpg 768w, https:\/\/parier-presidentielle.com\/wp-content\/uploads\/2022\/04\/unibet-18x10.jpg 18w, https:\/\/parier-presidentielle.com\/wp-content\/uploads\/2022\/04\/unibet.jpg 1280w\" sizes=\"(max-width: 300px) 100vw, 300px\" \/><\/a><\/figure><\/div>\n\n\n<p>Keresse meg a Wikit, az alapvet\u0151 politikai h\u00edreket a kannabiszr\u00f3l \u00e9s leg\u00e1lis sz\u00e1rmaz\u00e9kair\u00f3l: <strong>HHC, H4cbd, Thcp, Thcv, HSD, HHCPO, C4B<\/strong><\/p>\n\n\n\n<p><\/p>\n\n\n\n<p><\/p>\n<div id=\"toc_container\" class=\"no_bullets\"><p class=\"toc_title\">Tartalom<\/p><ul class=\"toc_list\"><li><\/li><li><\/li><li><ul><li><ul><li><\/li><\/ul><\/li><li><\/li><li><\/li><\/ul><\/li><\/ul><\/div>","protected":false},"excerpt":{"rendered":"<p>Les cote pour parier en ligne sur le futur Vainqueur en France Macron vs Le Pen Si vous \u00eates \u00e0 la recherche d&#8217;un site de paris ou en anglais Bookmaker pour la pr\u00e9sidentielle 2022, vous trouverez ici les informations les plus compl\u00e8tes et d\u00e9taill\u00e9es sur Parier-Pr\u00e9sidentielle!De plus, on y retrouve tous les paris propos\u00e9s par &#8230;<\/p>","protected":false},"author":1,"featured_media":0,"parent":0,"menu_order":0,"comment_status":"closed","ping_status":"closed","template":"page-nosidebar.php","meta":{"footnotes":""},"yoast_head":"<!-- This site is optimized with the Yoast SEO Premium plugin v21.0 (Yoast SEO v21.0) - https:\/\/yoast.com\/wordpress\/plugins\/seo\/ -->\n<title>Les Bookmakers et l&#039;\u00e9lection Pr\u00e9sidentielle - Finale Coupe du Monde FIFA<\/title>\n<meta name=\"description\" content=\"Les cote des sites de paris sur le futur Vainqueur en France Macron vs Le Pen\" \/>\n<meta name=\"robots\" content=\"index, follow, max-snippet:-1, max-image-preview:large, max-video-preview:-1\" \/>\n<link rel=\"canonical\" href=\"https:\/\/parier-presidentielle.com\/hu\/fogadoirodak-valasztas\/\" \/>\n<meta property=\"og:locale\" content=\"hu_HU\" \/>\n<meta property=\"og:type\" content=\"article\" \/>\n<meta property=\"og:title\" content=\"Les Bookmakers et l&#039;\u00e9lection Pr\u00e9sidentielle\" \/>\n<meta property=\"og:description\" content=\"Les cote des sites de paris sur le futur Vainqueur en France Macron vs Le Pen\" \/>\n<meta property=\"og:url\" content=\"https:\/\/parier-presidentielle.com\/hu\/fogadoirodak-valasztas\/\" \/>\n<meta property=\"og:site_name\" content=\"Parier Pr\u00e9sidentielle\" \/>\n<meta property=\"article:modified_time\" content=\"2022-04-24T10:00:40+00:00\" \/>\n<meta property=\"og:image\" content=\"https:\/\/parier-presidentielle.com\/wp-content\/uploads\/2021\/09\/macron-1024x578.jpeg\" \/>\n<meta name=\"twitter:card\" content=\"summary_large_image\" \/>\n<meta name=\"twitter:label1\" content=\"Est. reading time\" \/>\n\t<meta name=\"twitter:data1\" content=\"5 perc\" \/>\n<script type=\"application\/ld+json\" class=\"yoast-schema-graph\">{\"@context\":\"https:\/\/schema.org\",\"@graph\":[{\"@type\":\"WebPage\",\"@id\":\"https:\/\/parier-presidentielle.com\/bookmakers-election\/\",\"url\":\"https:\/\/parier-presidentielle.com\/bookmakers-election\/\",\"name\":\"Les Bookmakers et l'\u00e9lection Pr\u00e9sidentielle - Finale Coupe du Monde FIFA\",\"isPartOf\":{\"@id\":\"https:\/\/parier-presidentielle.com\/#website\"},\"datePublished\":\"2021-09-06T22:14:00+00:00\",\"dateModified\":\"2022-04-24T10:00:40+00:00\",\"description\":\"Les cote des sites de paris sur le futur Vainqueur en France Macron vs Le Pen\",\"breadcrumb\":{\"@id\":\"https:\/\/parier-presidentielle.com\/bookmakers-election\/#breadcrumb\"},\"inLanguage\":\"hu\",\"potentialAction\":[{\"@type\":\"ReadAction\",\"target\":[\"https:\/\/parier-presidentielle.com\/bookmakers-election\/\"]}]},{\"@type\":\"BreadcrumbList\",\"@id\":\"https:\/\/parier-presidentielle.com\/bookmakers-election\/#breadcrumb\",\"itemListElement\":[{\"@type\":\"ListItem\",\"position\":1,\"name\":\"Accueil\",\"item\":\"https:\/\/parier-presidentielle.com\/\"},{\"@type\":\"ListItem\",\"position\":2,\"name\":\"Les Bookmakers et l&#8217;\u00e9lection Pr\u00e9sidentielle\"}]},{\"@type\":\"WebSite\",\"@id\":\"https:\/\/parier-presidentielle.com\/#website\",\"url\":\"https:\/\/parier-presidentielle.com\/\",\"name\":\"Parier Pr\u00e9sidentielle\",\"description\":\"Paris, Pronostics, Wiki sur la Politique, les Elections Am\u00e9ricaines: Joe Biden, Donald Trump avec les Bookmakers en ligne Unibet, Bwin, Betclic, Winamax\",\"potentialAction\":[{\"@type\":\"SearchAction\",\"target\":{\"@type\":\"EntryPoint\",\"urlTemplate\":\"https:\/\/parier-presidentielle.com\/?s={search_term_string}\"},\"query-input\":\"required name=search_term_string\"}],\"inLanguage\":\"hu\"}]}<\/script>\n<!-- \/ Yoast SEO Premium plugin. -->","yoast_head_json":{"title":"Les Bookmakers et l'\u00e9lection Pr\u00e9sidentielle - Finale Coupe du Monde FIFA","description":"Les cote des sites de paris sur le futur Vainqueur en France Macron vs Le Pen","robots":{"index":"index","follow":"follow","max-snippet":"max-snippet:-1","max-image-preview":"max-image-preview:large","max-video-preview":"max-video-preview:-1"},"canonical":"https:\/\/parier-presidentielle.com\/hu\/fogadoirodak-valasztas\/","og_locale":"hu_HU","og_type":"article","og_title":"Les Bookmakers et l'\u00e9lection Pr\u00e9sidentielle","og_description":"Les cote des sites de paris sur le futur Vainqueur en France Macron vs Le Pen","og_url":"https:\/\/parier-presidentielle.com\/hu\/fogadoirodak-valasztas\/","og_site_name":"Parier Pr\u00e9sidentielle","article_modified_time":"2022-04-24T10:00:40+00:00","og_image":[{"url":"https:\/\/parier-presidentielle.com\/wp-content\/uploads\/2021\/09\/macron-1024x578.jpeg"}],"twitter_card":"summary_large_image","twitter_misc":{"Est. reading time":"5 perc"},"schema":{"@context":"https:\/\/schema.org","@graph":[{"@type":"WebPage","@id":"https:\/\/parier-presidentielle.com\/bookmakers-election\/","url":"https:\/\/parier-presidentielle.com\/bookmakers-election\/","name":"Les Bookmakers et l'\u00e9lection Pr\u00e9sidentielle - Finale Coupe du Monde FIFA","isPartOf":{"@id":"https:\/\/parier-presidentielle.com\/#website"},"datePublished":"2021-09-06T22:14:00+00:00","dateModified":"2022-04-24T10:00:40+00:00","description":"Les cote des sites de paris sur le futur Vainqueur en France Macron vs Le Pen","breadcrumb":{"@id":"https:\/\/parier-presidentielle.com\/bookmakers-election\/#breadcrumb"},"inLanguage":"hu","potentialAction":[{"@type":"ReadAction","target":["https:\/\/parier-presidentielle.com\/bookmakers-election\/"]}]},{"@type":"BreadcrumbList","@id":"https:\/\/parier-presidentielle.com\/bookmakers-election\/#breadcrumb","itemListElement":[{"@type":"ListItem","position":1,"name":"Accueil","item":"https:\/\/parier-presidentielle.com\/"},{"@type":"ListItem","position":2,"name":"Les Bookmakers et l&#8217;\u00e9lection Pr\u00e9sidentielle"}]},{"@type":"WebSite","@id":"https:\/\/parier-presidentielle.com\/#website","url":"https:\/\/parier-presidentielle.com\/","name":"Parier Pr\u00e9sidentielle","description":"Paris, Pronostics, Wiki sur la Politique, les Elections Am\u00e9ricaines: Joe Biden, Donald Trump avec les Bookmakers en ligne Unibet, Bwin, Betclic, Winamax","potentialAction":[{"@type":"SearchAction","target":{"@type":"EntryPoint","urlTemplate":"https:\/\/parier-presidentielle.com\/?s={search_term_string}"},"query-input":"required name=search_term_string"}],"inLanguage":"hu"}]}},"_links":{"self":[{"href":"https:\/\/parier-presidentielle.com\/hu\/wp-json\/wp\/v2\/pages\/54"}],"collection":[{"href":"https:\/\/parier-presidentielle.com\/hu\/wp-json\/wp\/v2\/pages"}],"about":[{"href":"https:\/\/parier-presidentielle.com\/hu\/wp-json\/wp\/v2\/types\/page"}],"author":[{"embeddable":true,"href":"https:\/\/parier-presidentielle.com\/hu\/wp-json\/wp\/v2\/users\/1"}],"replies":[{"embeddable":true,"href":"https:\/\/parier-presidentielle.com\/hu\/wp-json\/wp\/v2\/comments?post=54"}],"version-history":[{"count":26,"href":"https:\/\/parier-presidentielle.com\/hu\/wp-json\/wp\/v2\/pages\/54\/revisions"}],"predecessor-version":[{"id":1634,"href":"https:\/\/parier-presidentielle.com\/hu\/wp-json\/wp\/v2\/pages\/54\/revisions\/1634"}],"wp:attachment":[{"href":"https:\/\/parier-presidentielle.com\/hu\/wp-json\/wp\/v2\/media?parent=54"}],"curies":[{"name":"wp","href":"https:\/\/api.w.org\/{rel}","templated":true}]}}