{"id":557,"date":"2022-02-21T12:38:33","date_gmt":"2022-02-21T11:38:33","guid":{"rendered":"https:\/\/parier-presidentielle.com\/?page_id=557"},"modified":"2022-10-27T08:34:43","modified_gmt":"2022-10-27T06:34:43","slug":"bwin-paris-sur-la-politique","status":"publish","type":"page","link":"https:\/\/parier-presidentielle.com\/hu\/bwin-paris-on-politics\/","title":{"rendered":"Bwin: Fogad\u00e1sok a politik\u00e1ra"},"content":{"rendered":"<h2 class=\"wp-block-heading\" id=\"l-integralite-des-cotes-de-bwin-france-usa\"><span id=\"l8217integralite-des-cotes-de-bwin-pour-les-elections-en-france-usa8230\">A teljes Bwin es\u00e9ly a v\u00e1laszt\u00e1sokra Franciaorsz\u00e1gban, Egyes\u00fclt \u00c1llamokban\u2026<\/span><\/h2>\n\n\n\n<p>Ha a Bwin az egyik vezet\u0151 a sportfogad\u00e1sban, akkor a politikai fogad\u00e1sok \u00e9s az eln\u00f6kv\u00e1laszt\u00e1s ter\u00fclet\u00e9n is a legjobb fogad\u00f3iroda, mivel itt k\u00edn\u00e1lja a legt\u00f6bb fogad\u00e1st a francia politik\u00e1ra, valamint az amerikai \u00e9s brit (minisztereln\u00f6k)\u2026<br><\/p>\n\n\n<div class=\"wp-block-image\">\n<figure class=\"aligncenter size-medium is-resized\"><img decoding=\"async\" src=\"https:\/\/parier-presidentielle.com\/wp-content\/uploads\/2022\/02\/bwin-elections-300x175.png\" alt=\"\" class=\"wp-image-559\" width=\"500\" srcset=\"https:\/\/parier-presidentielle.com\/wp-content\/uploads\/2022\/02\/bwin-elections-300x175.png 300w, https:\/\/parier-presidentielle.com\/wp-content\/uploads\/2022\/02\/bwin-elections-1024x597.png 1024w, https:\/\/parier-presidentielle.com\/wp-content\/uploads\/2022\/02\/bwin-elections-768x448.png 768w, https:\/\/parier-presidentielle.com\/wp-content\/uploads\/2022\/02\/bwin-elections-1536x896.png 1536w, https:\/\/parier-presidentielle.com\/wp-content\/uploads\/2022\/02\/bwin-elections.png 1961w\" sizes=\"(max-width: 300px) 100vw, 300px\" \/><\/figure><\/div>\n\n\n<h3 class=\"wp-block-heading\" id=\"prochain-candidat-a-la-cour-supreme-des-etats-unis-les-cotes-de-bwin\"><span id=\"i\"><br><\/span><\/h3>\n\n\n\n<p>Az eln\u00f6kv\u00e1laszt\u00e1s k\u00f6zeledt\u00e9vel Bwin felaj\u00e1nlja, hogy fogad a v\u00e1laszt\u00e1sokra. A Bwin egy online sportfogad\u00e1sra \u00e9s \u00e9l\u0151 fogad\u00e1sra szakosodott bukm\u00e9ker. Franciaorsz\u00e1got 2022. \u00e1prilis 24-\u00e9n v\u00e1lasztott\u00e1k meg k\u00f6zt\u00e1rsas\u00e1gi eln\u00f6kk\u00e9.<\/p>\n\n\n\n<p><strong>Fogad\u00e1s a k\u00f6vetkez\u0151 v\u00e1laszt\u00e1sokra<\/strong><\/p>\n\n\n\n<p>A k\u00f6vetkez\u0151 nagy politikai esem\u00e9ny a francia eln\u00f6kv\u00e1laszt\u00e1s lesz. 2022. \u00e1prilis 24-i m\u00e1sodik fordul\u00f3ban k\u00e9tf\u00e9le fogad\u00e1s lehets\u00e9ges a politik\u00e1val kapcsolatban: ki lesz a megv\u00e1lasztott eln\u00f6k a v\u00e1laszt\u00e1sok ut\u00e1n? De azt is, hogy melyik p\u00e1rt szerzi meg az abszol\u00fat t\u00f6bbs\u00e9get az Orsz\u00e1ggy\u0171l\u00e9sben?<\/p>\n\n\n\n<p>A Bwin jelzi, hogy az elm\u00falt \u00e9vekben a fogad\u00e1s \u00faj dimenzi\u00f3t kapott. Val\u00f3j\u00e1ban sok politikus k\u00e9pes volt kamatoztatni ezt a t\u00edpus\u00fa fogad\u00e1st, hogy \u00fczenet\u00e9t \u00e1tadja. S\u0151t, egyes jel\u00f6ltek m\u00e9g a szavaz\u00e1s lez\u00e1r\u00e1sa el\u0151tt is azt \u00e1ll\u00edtott\u00e1k, hogy nyertek! R\u00f6viden: a fogad\u00e1s minden fontos politikai esem\u00e9ny szerves r\u00e9sz\u00e9v\u00e9 v\u00e1lt. Ezt a demokratikus elk\u00f6telezetts\u00e9g val\u00f3di demonstr\u00e1ci\u00f3j\u00e1nak tekinthetj\u00fck.<\/p>\n\n\n\n<p>Ebben a tekintetben Emmanuel Macron gy\u0151zelme nagym\u00e9rt\u00e9kben felkeltette az \u00e9rdekl\u0151d\u00e9st a politik\u00e1ra val\u00f3 fogad\u00e1s ir\u00e1nt. \u00c9s ha mindent tudni akar a francia politik\u00e1r\u00f3l \u00e9s annak v\u00e1laszt\u00e1sair\u00f3l (eln\u00f6ki, t\u00f6rv\u00e9nyhoz\u00e1si vagy helyi), akkor j\u00f3 helyen j\u00e1r! A fogad\u00f3irod\u00e1k minden lehets\u00e9ges inform\u00e1ci\u00f3t megadnak: k\u00f6zv\u00e9lem\u00e9ny-kutat\u00e1sokat, es\u00e9lyeket, de tan\u00e1csokat \u00e9s el\u0151rejelz\u00e9seket is minden v\u00e1laszt\u00e1shoz.<\/p>\n\n\n\n<h3 class=\"wp-block-heading\" id=\"prochain-candidat-a-la-cour-supreme-des-etats-unis-les-cotes-de-bwin\"><span id=\"prochain-candidat-a-la-cour-supreme-des-etats-unis-les-cotes-de-bwin\"><a href=\"https:\/\/parier-presidentielle.com\/hu\/parizsi-jelolt-legfelsobb-birosag-egyesult-allamok\/\">Az Egyes\u00fclt \u00c1llamok Legfels\u0151bb B\u00edr\u00f3s\u00e1g\u00e1nak k\u00f6vetkez\u0151 jel\u00f6ltje, Bwin odds<\/a><\/span><\/h3>\n\n\n\n<p id=\"prochain-candidat-a-la-cour-supreme-des-etats-unis01-04-2022-23-00\">V\u00e1laszt\u00e1si nap. 2022. 01. 04. 23:00<br><strong>Ki lesz a k\u00f6vetkez\u0151 jel\u00f6lt az Egyes\u00fclt \u00c1llamok Legfels\u0151bb B\u00edr\u00f3s\u00e1g\u00e1ra?<\/strong> <br>Keresse meg az \u00f6sszes Bwin es\u00e9lyt a jel\u00f6ltekre val\u00f3 fogad\u00e1shoz: <br>Ketanji Brown Jackson, Julianna Michelle Childs, Leondra Kruger\u2026<br><\/p>\n\n\n\n<h3 class=\"wp-block-heading\" id=\"prochaine-election-presidentielle-en-france-les-cotes-de-bwin\"><span id=\"prochaine-election-presidentielle-en-france-les-cotes-de-bwin\"><a href=\"https:\/\/parier-presidentielle.com\/hu\/bwin-politika-valasztas-2022\/\">A k\u00f6vetkez\u0151 eln\u00f6kv\u00e1laszt\u00e1s Franciaorsz\u00e1gban, a Bwin es\u00e9lye<\/a><\/span><\/h3>\n\n\n\n<p>V\u00e1laszt\u00e1si nap. 2022. 05. 14. 12:00<br><strong>Ki lesz a francia k\u00f6zt\u00e1rsas\u00e1g k\u00f6vetkez\u0151 eln\u00f6ke?<\/strong> <br>Keresse meg az \u00f6sszes Bwin es\u00e9lyt a jel\u00f6ltekre val\u00f3 fogad\u00e1shoz: <br><a href=\"https:\/\/parier-presidentielle.com\/hu\/makro-valasztas\/\">Emmanuel Macron<\/a>, Val\u00e9rie P\u00e9cresse, Anne Hidalgo, <a href=\"https:\/\/parier-presidentielle.com\/hu\/marine-le-pen-valasztas\/\">Marine Le Pen<\/a>, Jean-Luc M\u00e9lenchon, <a href=\"https:\/\/parier-presidentielle.com\/hu\/zemmour-valasztas\/\">Eric Zemmour<\/a><br><\/p>\n\n\n\n<h3 class=\"wp-block-heading\" id=\"election-presidentielle-americaine-2024-les-cotes-de-bwin\"><span id=\"election-presidentielle-americaine-2024-les-cotes-de-bwin\"><br>Amerikai eln\u00f6kv\u00e1laszt\u00e1s 2024, Bwin es\u00e9ly<\/span><\/h3>\n\n\n\n<p>05\/11\/2024 22:00<br>Keresse meg az \u00f6sszes Bwin es\u00e9lyt a jel\u00f6ltekre val\u00f3 fogad\u00e1shoz: <br>Donald Trump, Joe Biden, Kamala Harris, Pete Buttigieg, Tucker Carlson, Elizabeth Warren, Hillary Clinton,<br>Alexandria Ocasio-Cortez, Marco Rubio, Ted Cruz, Mike Pompeo, Mitt Romney\u2026<\/p>\n\n\n\n<h3 class=\"wp-block-heading\" id=\"prochain-premier-ministre-du-royaume-uni-les-cotes-de-bwin\"><span id=\"prochain-premier-ministre-du-royaume-uni-les-cotes-de-bwin\"><br><br>Az Egyes\u00fclt Kir\u00e1lys\u00e1g k\u00f6vetkez\u0151 minisztereln\u00f6ke, Bwin odds<\/span><\/h3>\n\n\n\n<p><br>01\/01\/2025 10:00<br><\/p>\n\n\n\n<h2 class=\"wp-block-heading\" id=\"sondage-trahison-les-specificite-du-paris-politique\"><span id=\"sondage-trahison-les-specificite-du-paris-politique\">Felm\u00e9r\u00e9s, \u00c1rul\u00e1s: A politikai P\u00e1rizs saj\u00e1toss\u00e1gai<\/span><\/h2>\n\n\n\n<p><br>Az el\u0151re fogad\u00e1s nagy kifizet\u0151d\u0151 lehet: Mivel a politikai v\u00e1laszt\u00e1sok eredm\u00e9nyeire vonatkoz\u00f3 fogad\u00e1sok a k\u00f6vetkez\u0151 napon \u00e9rhet\u0151k el <a href=\"https:\/\/parier-presidentielle.com\/hu\/bwin-politika-valasztas-2022\/\"><strong>Bwin<\/strong><\/a> \u00e9s \u00e9vekkel a v\u00e1laszt\u00e1s id\u0151pontja el\u0151tt kezd\u0151dhet. Minden v\u00e1laszt\u00e1snak megvannak a maga meglepet\u00e9sei, \u00e9s a fogad\u00f3knak meg kell tudniuk \u00edt\u00e9lni, hogy mi \u00e9rinti a v\u00e9gs\u0151 gy\u0151ztest. A legut\u00f3bbi francia \u00e9s amerikai v\u00e1laszt\u00e1sok sok j\u00f3slatot meghi\u00fas\u00edtottak minden alkalommal fordulatokkal \u00e9s az utols\u00f3 pillanatban t\u00f6rt\u00e9nt megford\u00edt\u00e1sokkal!<\/p>\n\n\n\n<h3 class=\"wp-block-heading\" id=\"facteurs-affectant-les-paris-politiques\"><span id=\"facteurs-affectant-les-paris-politiques\"> <br>A politikai fogad\u00e1sokat befoly\u00e1sol\u00f3 t\u00e9nyez\u0151k <\/span><\/h3>\n\n\n\n<p>Sz\u00e1mos t\u00e9nyez\u0151 befoly\u00e1solhatja az eredm\u00e9nyt. Lehet botr\u00e1ny, pletyk\u00e1k az ellenz\u00e9ki t\u00e1borb\u00f3l, aktu\u00e1lis esem\u00e9nyek, sokkol\u00f3 meggy\u0151z\u0151d\u00e9s, a vezet\u0151k min\u0151s\u00e9ge, a kamp\u00e1ny\u00edg\u00e9retek, az \u0151ket t\u00e1mogat\u00f3 p\u00e1rt, a m\u00e9dia bemutat\u00e1sa a jel\u00f6ltekr\u0151l, a vit\u00e1ba vetett hit er\u0151ss\u00e9ge.<\/p>\n\n\n\n<h3 class=\"wp-block-heading\" id=\"parier-sur-la-prochaine-election\"><span id=\"parier-sur-la-prochaine-election-avec-bwin\"><br>Fogadjon a k\u00f6vetkez\u0151 v\u00e1laszt\u00e1sra a Bwin seg\u00edts\u00e9g\u00e9vel<\/span><\/h3>\n\n\n\n<p>A k\u00f6vetkez\u0151 nagy politikai esem\u00e9ny a francia eln\u00f6kv\u00e1laszt\u00e1s lesz (minden fogad\u00e1s a francia eln\u00f6kv\u00e1laszt\u00e1sra vonatkozik). M\u00edg az els\u0151 fordul\u00f3ra 2022. \u00e1prilis 10-\u00e9n, a m\u00e1sodikra pedig 2022. \u00e1prilis 24-\u00e9n ker\u00fcl sor, k\u00e9tf\u00e9le politikai fogad\u00e1s lehets\u00e9ges: Ki jut a m\u00e1sodik fordul\u00f3ba, \u00e9s ki lesz a megv\u00e1lasztott eln\u00f6k a szavaz\u00e1s v\u00e9g\u00e9n?<br>2022 v\u00e9g\u00e9n Braz\u00edli\u00e1ban eln\u00f6kv\u00e1laszt\u00e1st tartanak. A k\u00f6vetkez\u0151 nagy esem\u00e9nyek a 2024-es amerikai eln\u00f6kv\u00e1laszt\u00e1s \u00e9s az Egyes\u00fclt Kir\u00e1lys\u00e1g k\u00f6vetkez\u0151 minisztereln\u00f6ke 2025 janu\u00e1rj\u00e1ban lesz. Fogadjon meg webhely\u00fcnk\u00f6n, hogy a Demokrata vagy Republik\u00e1nus P\u00e1rt melyik oldala nyeri meg az amerikai eln\u00f6kv\u00e1laszt\u00e1st.<\/p>\n<div id=\"toc_container\" class=\"no_bullets\"><p class=\"toc_title\">Tartalom<\/p><ul class=\"toc_list\"><li><ul><li><\/li><li><\/li><li><\/li><li><\/li><li><\/li><\/ul><\/li><li><ul><li><\/li><li><\/li><\/ul><\/li><\/ul><\/div>","protected":false},"excerpt":{"rendered":"<p>L&#8217;int\u00e9gralit\u00e9 des cotes de Bwin pour les \u00e9lections en France, Usa&#8230; Si Bwin est un des leaders du Paris Sportif il est \u00e9galement le meilleur bookmaker dans le domaine du Pari Politique et des \u00c9lections pr\u00e9sidentielles car il propose le plus de pari aussi bien sur la vie politique Fran\u00e7aise que celle Am\u00e9ricaine, Britannique ( &#8230;<\/p>","protected":false},"author":1,"featured_media":0,"parent":0,"menu_order":0,"comment_status":"closed","ping_status":"closed","template":"page-nosidebar.php","meta":{"footnotes":""},"yoast_head":"<!-- This site is optimized with the Yoast SEO Premium plugin v21.0 (Yoast SEO v21.0) - https:\/\/yoast.com\/wordpress\/plugins\/seo\/ -->\n<title>Bwin : Paris sur la Politique - Finale Coupe du Monde FIFA<\/title>\n<meta name=\"description\" content=\"Parier sur les \u00e9lections Fran\u00e7aise, Am\u00e9ricaine avec le meilleur Bookmaker : Bwin. Int\u00e9gralit\u00e9 des cotes et pronostics pour Parier sur la Politique.\" \/>\n<meta name=\"robots\" content=\"index, follow, max-snippet:-1, max-image-preview:large, max-video-preview:-1\" \/>\n<link rel=\"canonical\" href=\"https:\/\/parier-presidentielle.com\/hu\/bwin-paris-on-politics\/\" \/>\n<meta property=\"og:locale\" content=\"hu_HU\" \/>\n<meta property=\"og:type\" content=\"article\" \/>\n<meta property=\"og:title\" content=\"Bwin : Paris sur la Politique\" \/>\n<meta property=\"og:description\" content=\"Parier sur les \u00e9lections Fran\u00e7aise, Am\u00e9ricaine avec le meilleur Bookmaker : Bwin. Int\u00e9gralit\u00e9 des cotes et pronostics pour Parier sur la Politique.\" \/>\n<meta property=\"og:url\" content=\"https:\/\/parier-presidentielle.com\/hu\/bwin-paris-on-politics\/\" \/>\n<meta property=\"og:site_name\" content=\"Parier Pr\u00e9sidentielle\" \/>\n<meta property=\"article:modified_time\" content=\"2022-10-27T06:34:43+00:00\" \/>\n<meta property=\"og:image\" content=\"https:\/\/parier-presidentielle.com\/wp-content\/uploads\/2022\/02\/bwin-elections-300x175.png\" \/>\n<meta name=\"twitter:card\" content=\"summary_large_image\" \/>\n<meta name=\"twitter:label1\" content=\"Est. reading time\" \/>\n\t<meta name=\"twitter:data1\" content=\"4 perc\" \/>\n<script type=\"application\/ld+json\" class=\"yoast-schema-graph\">{\"@context\":\"https:\/\/schema.org\",\"@graph\":[{\"@type\":\"WebPage\",\"@id\":\"https:\/\/parier-presidentielle.com\/bwin-paris-sur-la-politique\/\",\"url\":\"https:\/\/parier-presidentielle.com\/bwin-paris-sur-la-politique\/\",\"name\":\"Bwin : Paris sur la Politique - Finale Coupe du Monde FIFA\",\"isPartOf\":{\"@id\":\"https:\/\/parier-presidentielle.com\/#website\"},\"datePublished\":\"2022-02-21T11:38:33+00:00\",\"dateModified\":\"2022-10-27T06:34:43+00:00\",\"description\":\"Parier sur les \u00e9lections Fran\u00e7aise, Am\u00e9ricaine avec le meilleur Bookmaker : Bwin. Int\u00e9gralit\u00e9 des cotes et pronostics pour Parier sur la Politique.\",\"breadcrumb\":{\"@id\":\"https:\/\/parier-presidentielle.com\/bwin-paris-sur-la-politique\/#breadcrumb\"},\"inLanguage\":\"hu\",\"potentialAction\":[{\"@type\":\"ReadAction\",\"target\":[\"https:\/\/parier-presidentielle.com\/bwin-paris-sur-la-politique\/\"]}]},{\"@type\":\"BreadcrumbList\",\"@id\":\"https:\/\/parier-presidentielle.com\/bwin-paris-sur-la-politique\/#breadcrumb\",\"itemListElement\":[{\"@type\":\"ListItem\",\"position\":1,\"name\":\"Accueil\",\"item\":\"https:\/\/parier-presidentielle.com\/\"},{\"@type\":\"ListItem\",\"position\":2,\"name\":\"Bwin : Paris sur la Politique\"}]},{\"@type\":\"WebSite\",\"@id\":\"https:\/\/parier-presidentielle.com\/#website\",\"url\":\"https:\/\/parier-presidentielle.com\/\",\"name\":\"Parier Pr\u00e9sidentielle\",\"description\":\"Paris, Pronostics, Wiki sur la Politique, les Elections Am\u00e9ricaines: Joe Biden, Donald Trump avec les Bookmakers en ligne Unibet, Bwin, Betclic, Winamax\",\"potentialAction\":[{\"@type\":\"SearchAction\",\"target\":{\"@type\":\"EntryPoint\",\"urlTemplate\":\"https:\/\/parier-presidentielle.com\/?s={search_term_string}\"},\"query-input\":\"required name=search_term_string\"}],\"inLanguage\":\"hu\"}]}<\/script>\n<!-- \/ Yoast SEO Premium plugin. -->","yoast_head_json":{"title":"Bwin : Paris sur la Politique - Finale Coupe du Monde FIFA","description":"Parier sur les \u00e9lections Fran\u00e7aise, Am\u00e9ricaine avec le meilleur Bookmaker : Bwin. Int\u00e9gralit\u00e9 des cotes et pronostics pour Parier sur la Politique.","robots":{"index":"index","follow":"follow","max-snippet":"max-snippet:-1","max-image-preview":"max-image-preview:large","max-video-preview":"max-video-preview:-1"},"canonical":"https:\/\/parier-presidentielle.com\/hu\/bwin-paris-on-politics\/","og_locale":"hu_HU","og_type":"article","og_title":"Bwin : Paris sur la Politique","og_description":"Parier sur les \u00e9lections Fran\u00e7aise, Am\u00e9ricaine avec le meilleur Bookmaker : Bwin. Int\u00e9gralit\u00e9 des cotes et pronostics pour Parier sur la Politique.","og_url":"https:\/\/parier-presidentielle.com\/hu\/bwin-paris-on-politics\/","og_site_name":"Parier Pr\u00e9sidentielle","article_modified_time":"2022-10-27T06:34:43+00:00","og_image":[{"url":"https:\/\/parier-presidentielle.com\/wp-content\/uploads\/2022\/02\/bwin-elections-300x175.png"}],"twitter_card":"summary_large_image","twitter_misc":{"Est. reading time":"4 perc"},"schema":{"@context":"https:\/\/schema.org","@graph":[{"@type":"WebPage","@id":"https:\/\/parier-presidentielle.com\/bwin-paris-sur-la-politique\/","url":"https:\/\/parier-presidentielle.com\/bwin-paris-sur-la-politique\/","name":"Bwin : Paris sur la Politique - Finale Coupe du Monde FIFA","isPartOf":{"@id":"https:\/\/parier-presidentielle.com\/#website"},"datePublished":"2022-02-21T11:38:33+00:00","dateModified":"2022-10-27T06:34:43+00:00","description":"Parier sur les \u00e9lections Fran\u00e7aise, Am\u00e9ricaine avec le meilleur Bookmaker : Bwin. Int\u00e9gralit\u00e9 des cotes et pronostics pour Parier sur la Politique.","breadcrumb":{"@id":"https:\/\/parier-presidentielle.com\/bwin-paris-sur-la-politique\/#breadcrumb"},"inLanguage":"hu","potentialAction":[{"@type":"ReadAction","target":["https:\/\/parier-presidentielle.com\/bwin-paris-sur-la-politique\/"]}]},{"@type":"BreadcrumbList","@id":"https:\/\/parier-presidentielle.com\/bwin-paris-sur-la-politique\/#breadcrumb","itemListElement":[{"@type":"ListItem","position":1,"name":"Accueil","item":"https:\/\/parier-presidentielle.com\/"},{"@type":"ListItem","position":2,"name":"Bwin : Paris sur la Politique"}]},{"@type":"WebSite","@id":"https:\/\/parier-presidentielle.com\/#website","url":"https:\/\/parier-presidentielle.com\/","name":"Parier Pr\u00e9sidentielle","description":"Paris, Pronostics, Wiki sur la Politique, les Elections Am\u00e9ricaines: Joe Biden, Donald Trump avec les Bookmakers en ligne Unibet, Bwin, Betclic, Winamax","potentialAction":[{"@type":"SearchAction","target":{"@type":"EntryPoint","urlTemplate":"https:\/\/parier-presidentielle.com\/?s={search_term_string}"},"query-input":"required name=search_term_string"}],"inLanguage":"hu"}]}},"_links":{"self":[{"href":"https:\/\/parier-presidentielle.com\/hu\/wp-json\/wp\/v2\/pages\/557"}],"collection":[{"href":"https:\/\/parier-presidentielle.com\/hu\/wp-json\/wp\/v2\/pages"}],"about":[{"href":"https:\/\/parier-presidentielle.com\/hu\/wp-json\/wp\/v2\/types\/page"}],"author":[{"embeddable":true,"href":"https:\/\/parier-presidentielle.com\/hu\/wp-json\/wp\/v2\/users\/1"}],"replies":[{"embeddable":true,"href":"https:\/\/parier-presidentielle.com\/hu\/wp-json\/wp\/v2\/comments?post=557"}],"version-history":[{"count":24,"href":"https:\/\/parier-presidentielle.com\/hu\/wp-json\/wp\/v2\/pages\/557\/revisions"}],"predecessor-version":[{"id":1684,"href":"https:\/\/parier-presidentielle.com\/hu\/wp-json\/wp\/v2\/pages\/557\/revisions\/1684"}],"wp:attachment":[{"href":"https:\/\/parier-presidentielle.com\/hu\/wp-json\/wp\/v2\/media?parent=557"}],"curies":[{"name":"wp","href":"https:\/\/api.w.org\/{rel}","templated":true}]}}