{"id":576,"date":"2022-02-21T13:37:39","date_gmt":"2022-02-21T12:37:39","guid":{"rendered":"https:\/\/parier-presidentielle.com\/?page_id=576"},"modified":"2022-02-24T17:52:41","modified_gmt":"2022-02-24T16:52:41","slug":"paris-candidate-cour-supreme-etats-unis","status":"publish","type":"page","link":"https:\/\/parier-presidentielle.com\/hu\/parizsi-jelolt-legfelsobb-birosag-egyesult-allamok\/","title":{"rendered":"Fogad\u00e1sok az Egyes\u00fclt \u00c1llamok Legfels\u0151bb B\u00edr\u00f3s\u00e1g\u00e1nak jel\u00f6ltj\u00e9re"},"content":{"rendered":"<div class=\"wp-block-image\"><figure class=\"aligncenter size-large is-resized\"><img decoding=\"async\" loading=\"lazy\" src=\"https:\/\/parier-presidentielle.com\/wp-content\/uploads\/2022\/02\/candidat-a-la-cour-supreme-des-etats-unis-1024x576.jpg\" alt=\"Fogad\u00e1sok az Egyes\u00fclt \u00c1llamok Legfels\u0151bb B\u00edr\u00f3s\u00e1g\u00e1nak jel\u00f6ltj\u00e9re\" class=\"wp-image-605\" width=\"512\" height=\"288\" srcset=\"https:\/\/parier-presidentielle.com\/wp-content\/uploads\/2022\/02\/candidat-a-la-cour-supreme-des-etats-unis-1024x576.jpg 1024w, https:\/\/parier-presidentielle.com\/wp-content\/uploads\/2022\/02\/candidat-a-la-cour-supreme-des-etats-unis-300x169.jpg 300w, https:\/\/parier-presidentielle.com\/wp-content\/uploads\/2022\/02\/candidat-a-la-cour-supreme-des-etats-unis-768x432.jpg 768w, https:\/\/parier-presidentielle.com\/wp-content\/uploads\/2022\/02\/candidat-a-la-cour-supreme-des-etats-unis-1536x864.jpg 1536w, https:\/\/parier-presidentielle.com\/wp-content\/uploads\/2022\/02\/candidat-a-la-cour-supreme-des-etats-unis-2048x1152.jpg 2048w\" sizes=\"(max-width: 512px) 100vw, 512px\" \/><\/figure><\/div>\n\n\n\n<p><\/p>\n\n\n\n<h2 class=\"wp-block-heading\" id=\"qui-sera-le-prochain-candidat-a-la-cour-supreme-des-etats-unis\"><span id=\"qui-sera-le-prochain-candidat-a-la-cour-supreme-des-etats-unis\">Ki lesz a k\u00f6vetkez\u0151 jel\u00f6lt az Egyes\u00fclt \u00c1llamok Legfels\u0151bb B\u00edr\u00f3s\u00e1g\u00e1ra? <\/span><\/h2>\n\n\n\n<h3 class=\"wp-block-heading\" id=\"les-cotes-de-bwin\"><span id=\"les-cotes-de-bwin\">Bwin es\u00e9ly<\/span><\/h3>\n\n\n\n<div class=\"wp-block-columns is-layout-flex wp-container-3 wp-block-columns-is-layout-flex\">\n<div class=\"wp-block-column is-layout-flow wp-block-column-is-layout-flow\" style=\"flex-basis:50%\">\n<ul><li>Ketanji Brown Jackson 1.40 <\/li><li>Julianna Michelle Childs 3.50 <\/li><li>Leondra Kruger 7.00 <\/li><li>Wilhelmina Wright 21.00 <\/li><li>Candance Jackson-Akiwumi 26.00<\/li><li>Leslie Abrams Gardner 34.00 <\/li><li>Ojetta Thompson 34.00 <\/li><\/ul>\n<\/div>\n\n\n\n<div class=\"wp-block-column is-layout-flow wp-block-column-is-layout-flow\" style=\"flex-basis:50%\">\n<ul id=\"block-ddd26370-54c6-4d08-b7e1-9017713db613\"><li>Sherrilyn al 34.00<\/li><li>Tiffany Cunningham 34.00<\/li><li>Anita Earls 51.00<\/li><li>Eunice Lee 51,00<\/li><li>Kamala Harris 51.00<\/li><li>Hillary Clinton 101.00<\/li><\/ul>\n<\/div>\n<\/div>\n\n\n\n<div class=\"wp-block-image\"><figure class=\"aligncenter size-full is-resized\"><img decoding=\"async\" loading=\"lazy\" src=\"https:\/\/parier-presidentielle.com\/wp-content\/uploads\/2022\/02\/bwin-candidate-a-la-cour-supreme-des-etats-unis.png\" alt=\"Bwin min\u0151s\u00edt\u00e9s az Egyes\u00fclt \u00c1llamok Legfels\u0151bb B\u00edr\u00f3s\u00e1g\u00e1nak k\u00f6vetkez\u0151 jel\u00f6ltj\u00e9re \" class=\"wp-image-622\" width=\"730\" height=\"535\" srcset=\"https:\/\/parier-presidentielle.com\/wp-content\/uploads\/2022\/02\/bwin-candidate-a-la-cour-supreme-des-etats-unis.png 973w, https:\/\/parier-presidentielle.com\/wp-content\/uploads\/2022\/02\/bwin-candidate-a-la-cour-supreme-des-etats-unis-300x220.png 300w, https:\/\/parier-presidentielle.com\/wp-content\/uploads\/2022\/02\/bwin-candidate-a-la-cour-supreme-des-etats-unis-768x563.png 768w\" sizes=\"(max-width: 730px) 100vw, 730px\" \/><\/figure><\/div>\n\n\n\n<p><\/p>\n\n\n\n<h3 class=\"wp-block-heading\" id=\"analyse-et-pronostics\"><span id=\"analyse-et-pronostics\">Elemz\u00e9s \u00e9s el\u0151rejelz\u00e9sek<\/span><\/h3>\n\n\n\n<p>A jelenlegi esem\u00e9nyek elemz\u00e9se ut\u00e1n nyilv\u00e1nval\u00f3nak t\u0171nik, hogy <strong>Ketanji Brown Jackson <\/strong>egy\u00e9rtelm\u0171en a kedvenc\u00fcnk az \u00f6sszes jel\u00f6lt k\u00f6z\u00fcl<br><\/p>\n\n\n\n<h3 class=\"wp-block-heading\" id=\"comment-realiser-son-1-pari-avec-bwin-c\"><span id=\"comment-realiser-son-1er-pari-avec-bwin-sur-un-candidat-a-la-cour-supreme-des-etats-unis\">Hogyan k\u00f6ss\u00f6n els\u0151 fogad\u00e1st a Bwinnel az Egyes\u00fclt \u00c1llamok Legfels\u0151bb B\u00edr\u00f3s\u00e1g\u00e1nak jel\u00f6ltj\u00e9re?<\/span><\/h3>\n\n\n\n<p id=\"comment-realiser-son-1-pari-avec-bwin-c\">Ahogyan kedvenc futballcsapata gy\u0151zelm\u00e9re, \u00fagy az Egyes\u00fclt \u00c1llamok legfels\u0151bb b\u00edr\u00f3s\u00e1gi v\u00e1laszt\u00e1s\u00e1nak gy\u0151ztes\u00e9re is fogadhat a Bwin fogad\u00f3iroda: ez gyors \u00e9s egyszer\u0171!<\/p>\n\n\n\n<ol><li>V\u00e1lassza ki azt a jel\u00f6ltet, akire fogadni szeretne:<br>p\u00e9ld\u00e1nkban Kamala Harris!<br><\/li><li>Jel\u00f6lje be a fogadni k\u00edv\u00e1nt t\u00e9tet,<br>10 \u20ac a szimul\u00e1ci\u00f3nkban<br><\/li><li>\u00c9s most, v\u00e9ge!<br>K\u00e9perny\u0151k\u00e9p\u00fcnk\u00f6n a szorz\u00f3 51 \u00e9s a t\u00e9t 10 eur\u00f3 gy\u0151zelem eset\u00e9n <strong>nyersz \u20ac510!<\/strong><\/li><\/ol>\n\n\n\n<div class=\"wp-block-image\"><figure class=\"aligncenter size-large is-resized\"><img decoding=\"async\" loading=\"lazy\" src=\"https:\/\/parier-presidentielle.com\/wp-content\/uploads\/2022\/02\/bwin-paris-candidate-a-la-cour-supreme-des-etats-unis-737x1024.png\" alt=\"hogyan fogadjunk Bwinnel az Egyes\u00fclt \u00c1llamok Legfels\u0151bb B\u00edr\u00f3s\u00e1g\u00e1nak k\u00f6vetkez\u0151 jel\u00f6ltj\u00e9re \" class=\"wp-image-625\" width=\"369\" height=\"512\" srcset=\"https:\/\/parier-presidentielle.com\/wp-content\/uploads\/2022\/02\/bwin-paris-candidate-a-la-cour-supreme-des-etats-unis-737x1024.png 737w, https:\/\/parier-presidentielle.com\/wp-content\/uploads\/2022\/02\/bwin-paris-candidate-a-la-cour-supreme-des-etats-unis-216x300.png 216w, https:\/\/parier-presidentielle.com\/wp-content\/uploads\/2022\/02\/bwin-paris-candidate-a-la-cour-supreme-des-etats-unis-768x1068.png 768w, https:\/\/parier-presidentielle.com\/wp-content\/uploads\/2022\/02\/bwin-paris-candidate-a-la-cour-supreme-des-etats-unis.png 833w\" sizes=\"(max-width: 369px) 100vw, 369px\" \/><\/figure><\/div>\n\n\n\n<p><\/p>\n\n\n\n<h2 class=\"wp-block-heading\" id=\"l-actualite-des-candidats-cour-supreme-des-etats-unis\"><span id=\"l8217actualite-des-candidats-de-la-cour-supreme-des-etats-unis\">H\u00edrek az Egyes\u00fclt \u00c1llamok Legfels\u0151bb B\u00edr\u00f3s\u00e1g\u00e1nak jel\u00f6ltjeir\u0151l<\/span><\/h2>\n\n\n\n<h3 class=\"wp-block-heading\" id=\"le-depart-du-juge-stephen-breyer\"><span id=\"le-depart-du-juge-stephen-breyer\">Stephen Breyer b\u00edr\u00f3 t\u00e1voz\u00e1sa<\/span><\/h3>\n\n\n\n<p class=\"has-text-align-left\">Stephen Breyer (83) a Legfels\u0151bb B\u00edr\u00f3s\u00e1g b\u00edr\u00e1ja t\u00e1vozik posztj\u00e1r\u00f3l, \u00edgy megny\u00edlik az \u00fat Joe Biden eln\u00f6k el\u0151tt, hogy megv\u00e1lassza a Legfels\u0151bb B\u00edr\u00f3s\u00e1g k\u00f6vetkez\u0151 b\u00edr\u00f3j\u00e1t. Amint megjelent a h\u00edr, az eur\u00f3pai fogad\u00f3irod\u00e1k, a Bwin, az Unibet\u2026 arra tippeltek, hogy szerint\u00fck melyik lehets\u00e9ges jel\u00f6lt a leges\u00e9lyesebb Biden sz\u00e1m\u00e1ra. <\/p>\n\n\n\n<h3 class=\"wp-block-heading\" id=\"les-cotes-des-bookmakers\"><span id=\"les-cotes-des-bookmakers\">Bukm\u00e9ker szorz\u00f3k<\/span><\/h3>\n\n\n\n<p>Az al\u00e1bbiakban lebontjuk a legfrissebb szorz\u00f3kat, mit jelentenek az egyes r\u00e9sztvev\u0151k nyer\u00e9si szorz\u00f3ira, \u00e9s hogyan hatnak a legfrissebb h\u00edrek a fogad\u00e1si piacra. Annak \u00e9rdek\u00e9ben, hogy a Legfels\u0151bb B\u00edr\u00f3s\u00e1g k\u00f6vetkez\u0151 jel\u00f6ltjeinek es\u00e9lyeit kontextusba helyezz\u00fck, megadjuk a v\u00e9lelmezett val\u00f3sz\u00edn\u0171s\u00e9geket, valamint annak es\u00e9ly\u00e9t, hogy az egyes jel\u00f6ltek a Legfels\u0151bb B\u00edr\u00f3s\u00e1g k\u00f6vetkez\u0151 b\u00edr\u00f3j\u00e1v\u00e1 v\u00e1ljanak.<br>A Bwin Legfels\u0151bb B\u00edr\u00f3s\u00e1g szorz\u00f3ja kifejtette: Ketanji Brown Jackson szorz\u00f3ja 1,40, \u00edgy \u0151 a favorit, valamint a t\u00f6bbi komoly jel\u00f6lt J. Michelle Childs (+175), Leondra Kruger (+600) \u00e9s Candance Jackson-Akiwumi (+2000) b\u00edr\u00f3. A Justice Childs legy\u0151zte Justice Krugert a Ladbrokes m\u00e1sodik hely\u00e9re. A Ladbrokes kilenc m\u00e1sik prominens n\u0151re adott ki szorz\u00f3t, k\u00f6zt\u00fck k\u00e9t jelent\u0151s n\u0151re: Kamala Harris aleln\u00f6kre (+5000) \u00e9s Hillary Clinton volt k\u00fcl\u00fcgyminiszterre (+10000). Az EmpireStakes.com friss\u00edteni fogja ezt az oldalt a Ladbrokes News \u00e9s az oddsm\u00f3dos\u00edt\u00e1soknak megfelel\u0151en mindaddig, am\u00edg Biden eln\u00f6k meg nem nevezi.<\/p>\n\n\n\n<h3 class=\"wp-block-heading\" id=\"une-annonce-attendus\"><span id=\"une-annonce-attendus\">V\u00e1rhat\u00f3 bejelent\u00e9s<\/span><\/h3>\n\n\n\n<p> A Legfels\u0151bb B\u00edr\u00f3s\u00e1g az\u00f3ta is visszat\u00e9rt a h\u00edrekbe, hogy a 83 \u00e9ves legfels\u0151bb b\u00edr\u00f3s\u00e1gi b\u00edr\u00f3, Stephen Breyer janu\u00e1r 27-\u00e9n hivatalosan bejelentette visszavonul\u00e1s\u00e1t, amikor csatlakozott Joe Biden eln\u00f6kh\u00f6z a Feh\u00e9r H\u00e1zban. Biden most megkezdi a Legfels\u0151bb B\u00edr\u00f3s\u00e1g k\u00f6vetkez\u0151 b\u00edr\u00f3j\u00e1nak kiv\u00e1laszt\u00e1s\u00e1t, ezzel megteremtve az alapot ahhoz, hogy teljes\u00edtse kamp\u00e1ny\u00e1ban tett \u00edg\u00e9ret\u00e9t, miszerint az els\u0151 fekete n\u0151t jel\u00f6li a legfels\u0151bb b\u00edr\u00f3s\u00e1gra. Az eln\u00f6k janu\u00e1r 27-\u00e9n meger\u0151s\u00edtette ezt a k\u00f6telezetts\u00e9gv\u00e1llal\u00e1st, \u00e9s \u201er\u00e9gen esed\u00e9kesnek\u201d nevezte a t\u00f6rt\u00e9nelmi jelent\u0151s\u00e9g\u0171 tal\u00e1lkoz\u00f3t. Biden k\u00f6zeledik a jel\u00f6ltek kijel\u00f6l\u00e9s\u00e9nek hat\u00e1ridej\u00e9hez, \u201efebru\u00e1r v\u00e9g\u00e9ig\u201d. A CNN szerint a potenci\u00e1lis jel\u00f6ltek kiv\u00e1laszt\u00e1si folyamata felforr\u00f3sodik. Biden \u00e1ll\u00edt\u00f3lag t\u00f6bb \u00e9jszak\u00e1t t\u00f6lt\u00f6tt azzal, hogy \u00e1tn\u00e9zze a kor\u00e1bbi lehets\u00e9ges esetek tervezet\u00e9hez kapcsol\u00f3d\u00f3 iratanyagokat. Breyer ut\u00f3dj\u00e1t a szen\u00e1tusnak kell meger\u0151s\u00edtenie. A szen\u00e1tus jelenleg 50-50 ar\u00e1nyban oszlik meg a demokrat\u00e1k \u00e9s a republik\u00e1nusok k\u00f6z\u00f6tt, de gyakorlatilag a demokrat\u00e1knak van t\u00f6bbs\u00e9g\u00fck, mivel Kamala Harris aleln\u00f6k minden kapcsolatot megszak\u00edthat a szavazat\u00e1val. Breyer a m\u00e1sodik leghosszabb ideig hivatalban l\u00e9v\u0151 b\u00edr\u00f3. Nyugd\u00edjba vonul\u00e1sa ny\u00e1r elej\u00e9n, jelenlegi mand\u00e1tum\u00e1nak lej\u00e1rtakor kezd\u0151dik: ki tudja, \u0151 maga fogad-e online ut\u00f3dj\u00e1ra, ahogy a k\u00f6zmond\u00e1s szerint \u201eCsak Amerik\u00e1ban\u201d!<\/p>\n\n\n\n<p class=\"has-text-align-center unibet\" style=\"font-size:25px\"><mark style=\"background-color:rgba(0, 0, 0, 0);color:#0d7a12\" class=\"has-inline-color\"><strong><a href=\"https:\/\/parier-presidentielle.com\/hu\/recommends\/unibet\/\">150 \u20ac b\u00f3nusz az Unibetn\u00e9l<br>Az els\u0151 politikai vagy sportfogad\u00e1shoz: Kattintson ide<\/a><\/strong><\/mark><\/p>\n\n\n\n<p><\/p>\n\n\n<div class=\"wp-block-image\">\n<figure class=\"aligncenter is-resized wp-duotone-000097-ff4747-4\"><img decoding=\"async\" loading=\"lazy\" src=\"https:\/\/parier-presidentielle.com\/wp-content\/uploads\/2021\/09\/election-standard-scale-4_00x-gigapixel-1024x623.jpg\" alt=\"V\u00e1laszt\u00e1sok 2022\" style=\"width:256px;height:156px\" width=\"256\" height=\"156\"\/><\/figure><\/div>\n\n\n<p><br><\/p>\n\n\n\n<p><strong>A Parier-Presidential seg\u00edt a v\u00e1laszt\u00e1sban<a href=\"https:\/\/parier-presidentielle.com\/hu\/\"> A Bwin, az Unibet \u00e9s a Betclic bukm\u00e9kerek a j\u00f6v\u0151 amerikai eln\u00f6k\u00e9re fogadnak 2024-ben<\/a> : <\/strong><br><a href=\"https:\/\/parier-presidentielle.com\/hu\/unibet-politika-valasztas-2022\/\">Unibet eln\u00f6ki fogad\u00f3iroda<\/a> : R\u00e9szletes \u00e9s ingyenes \u00fatmutat\u00f3 az els\u0151 online fogad\u00e1shoz, minden szorz\u00f3val \u00e9s a felk\u00edn\u00e1lt b\u00f3nusz el\u0151nyeinek kihaszn\u00e1l\u00e1s\u00e1hoz!<\/p>\n\n\n\n<p>Valamint m\u00e1s p\u00e1rizsi online oldalak: <a href=\"https:\/\/parier-presidentielle.com\/hu\/unibet-politika-valasztas-2022\/\">Bwin<\/a>, <a href=\"https:\/\/parier-presidentielle.com\/hu\/netbet-paris-politics-valasztas-2022\/\">NetBet<\/a>, <a href=\"https:\/\/parier-presidentielle.com\/hu\/betclic-presidential-2022\/\">Betclic<\/a>, <a href=\"https:\/\/parier-presidentielle.com\/hu\/winamax-politika-valasztas-2022\/\">Winamax<\/a>, Parions Sport, Zebet,Betway, France-Pari,Vbet, Cloudbet, 1Xbit, 1xbet, Betfair, Betwinner\u2026<\/p>\n\n\n\n<div class=\"wp-block-columns is-layout-flex wp-container-9 wp-block-columns-is-layout-flex\">\n<div class=\"wp-block-column is-layout-flow wp-block-column-is-layout-flow\" style=\"flex-basis:33.33%\">\n<p>Most olvasta el a f\u00e1jlunkat:<\/p>\n<\/div>\n\n\n\n<div class=\"wp-block-column is-layout-flow wp-block-column-is-layout-flow\" style=\"flex-basis:33.33%\">\n<div class=\"wp-block-group is-layout-flow wp-block-group-is-layout-flow\"><div class=\"wp-block-group__inner-container\"><h4 class=\"has-text-align-center wp-block-post-title\"><span id=\"paris-sur-la-candidate-a-la-cour-supreme-des-etats-unis\"><a href=\"https:\/\/parier-presidentielle.com\/hu\/parizsi-jelolt-legfelsobb-birosag-egyesult-allamok\/\" target=\"_self\" >Fogad\u00e1sok az Egyes\u00fclt \u00c1llamok Legfels\u0151bb B\u00edr\u00f3s\u00e1g\u00e1nak jel\u00f6ltj\u00e9re<\/a><\/span><\/h4><\/div><\/div>\n<\/div>\n\n\n\n<div class=\"wp-block-column is-layout-flow wp-block-column-is-layout-flow\" style=\"flex-basis:33.33%\">\n<p class=\"has-text-align-right\">Folytassa az olvas\u00e1st a t\u00f6bbi exkluz\u00edv f\u00e1jlunkkal,<\/p>\n<\/div>\n<\/div>\n\n\n\n<h3 class=\"wp-block-heading\" id=\"tous-les-pronostics-sondage-et-cotes-pour-parier-sur-le-futur-vainqueur-de-l-election-presidentielle-2022\"><span id=\"tous-les-pronostics-sondage-et-cotes-pour-parier-sur-le-futur-vainqueur-de-l8217election-presidentielle-2024\">Az \u00f6sszes j\u00f3slat, felm\u00e9r\u00e9s \u00e9s es\u00e9ly a 2024-es eln\u00f6kv\u00e1laszt\u00e1s j\u00f6v\u0151beli gy\u0151ztes\u00e9re:<\/span><\/h3>\n\n\n\n<ul>\n<li><a href=\"https:\/\/parier-presidentielle.com\/hu\/makro-valasztas\/\">Fogadjon Emmanuel Macronra az Unibet, Betclic, Bwin seg\u00edts\u00e9g\u00e9vel<\/a> : A kedvenc a szavaz\u00e1sokban \u00e9s el\u0151rejelz\u00e9sekben <\/li>\n\n\n\n<li><a href=\"https:\/\/parier-presidentielle.com\/hu\/marine-le-pen-valasztas\/\">Marine Le Pen: Az es\u00e9lyei \u00e9s a fogad\u00e1s m\u00f3dja a bukm\u00e9kerekn\u00e9l<\/a>: A kih\u00edv\u00f3 az Unibet szerint<\/li>\n<\/ul>\n\n\n\n<p><\/p>\n\n\n\n<center><script type=\"text\/javascript\" charset=\"utf-8\" src=\"https:\/\/www.gambling-affiliation.com\/cpm\/v=AmIMTDSs92QY6b0MzDMvM5laCjJ-ZlA-1oQ-7tKsi.w_GA7331V2\"><\/script><\/center>\n\n\n\n<h3 class=\"wp-block-heading\"><span id=\"donald-trump-vs-joe-biden-la-video-qui-lance-les-paris-en-ligne-sur-l8217election-politique-de-2024\">Donald Trump vs Joe Biden: A vide\u00f3, amely online fogad\u00e1st ind\u00edt a 2024-es politikai v\u00e1laszt\u00e1sokr\u00f3l<\/span><\/h3>\n\n\n\n<figure class=\"wp-block-embed is-type-video is-provider-youtube wp-block-embed-youtube wp-embed-aspect-16-9 wp-has-aspect-ratio\"><div class=\"wp-block-embed__wrapper\">\n<iframe loading=\"lazy\" title=\"Donald Trump volt eln\u00f6k meghirdeti a 2024-es Feh\u00e9r H\u00e1z #Short p\u00e1ly\u00e1zat\u00e1t\" width=\"640\" height=\"360\" src=\"https:\/\/www.youtube.com\/embed\/hZykPRVe4Ag?feature=oembed\" frameborder=\"0\" allow=\"accelerometer; autoplay; clipboard-write; encrypted-media; gyroscope; picture-in-picture; web-share\" allowfullscreen><\/iframe>\n<\/div><\/figure>\n\n\n<div class=\"wp-block-image\">\n<figure class=\"aligncenter size-medium\"><a href=\"https:\/\/parier-presidentielle.com\/hu\/recommends\/unibet\/\" target=\"_blank\" rel=\"noopener\"><img decoding=\"async\" loading=\"lazy\" width=\"300\" height=\"169\" src=\"https:\/\/parier-presidentielle.com\/wp-content\/uploads\/2022\/04\/unibet-300x169.jpg\" alt=\"\" class=\"wp-image-1252\" srcset=\"https:\/\/parier-presidentielle.com\/wp-content\/uploads\/2022\/04\/unibet-300x169.jpg 300w, https:\/\/parier-presidentielle.com\/wp-content\/uploads\/2022\/04\/unibet-1024x576.jpg 1024w, https:\/\/parier-presidentielle.com\/wp-content\/uploads\/2022\/04\/unibet-768x432.jpg 768w, https:\/\/parier-presidentielle.com\/wp-content\/uploads\/2022\/04\/unibet-18x10.jpg 18w, https:\/\/parier-presidentielle.com\/wp-content\/uploads\/2022\/04\/unibet.jpg 1280w\" sizes=\"(max-width: 300px) 100vw, 300px\" \/><\/a><\/figure><\/div>\n\n\n<p>Keresse meg a Wikit, az alapvet\u0151 politikai h\u00edreket a kannabiszr\u00f3l \u00e9s leg\u00e1lis sz\u00e1rmaz\u00e9kair\u00f3l: <strong>HHC, H4cbd, Thcp, Thcv, HSD, HHCPO, C4B<\/strong><\/p>\n<div id=\"toc_container\" class=\"no_bullets\"><p class=\"toc_title\">Tartalom<\/p><ul class=\"toc_list\"><li><ul><li><\/li><li><\/li><li><\/li><\/ul><\/li><li><ul><li><\/li><li><\/li><li><ul><li><\/li><\/ul><\/li><li><\/li><li><\/li><\/ul><\/li><\/ul><\/div>","protected":false},"excerpt":{"rendered":"<p>Ki lesz a k\u00f6vetkez\u0151 jel\u00f6lt az Egyes\u00fclt \u00c1llamok Legfels\u0151bb B\u00edr\u00f3s\u00e1g\u00e1ra? Bwin Odds Ketanji Brown Jackson 1,40 Julianna Michelle Childs 3,50 Leondra Kruger 7,00 Wilhelmina Wright 21,00 Candance Jackson-Akiwumi 26,00 Leslie Abrams Gardner 34,00 Ojetta Thompson 34,00 C.034rrilyningham Earls 51.00 Eunice Lee 51.00 Kamala Harris 51.00 \u2026<\/p>","protected":false},"author":1,"featured_media":0,"parent":0,"menu_order":0,"comment_status":"closed","ping_status":"closed","template":"page-nosidebar.php","meta":{"footnotes":""},"yoast_head":"<!-- This site is optimized with the Yoast SEO Premium plugin v21.0 (Yoast SEO v21.0) - https:\/\/yoast.com\/wordpress\/plugins\/seo\/ -->\n<title>Paris sur la Candidate \u00e0 la cour Supr\u00eame des Etats-Unis - Finale Coupe du Monde FIFA<\/title>\n<meta name=\"description\" content=\"Parier sur la Politique : Qui sera le prochain candidat \u00e0 la Cour Supr\u00eame des \u00c9tats-Unis ?\" \/>\n<meta name=\"robots\" content=\"index, follow, max-snippet:-1, max-image-preview:large, max-video-preview:-1\" \/>\n<link rel=\"canonical\" href=\"https:\/\/parier-presidentielle.com\/hu\/parizsi-jelolt-legfelsobb-birosag-egyesult-allamok\/\" \/>\n<meta property=\"og:locale\" content=\"hu_HU\" \/>\n<meta property=\"og:type\" content=\"article\" \/>\n<meta property=\"og:title\" content=\"Paris sur la Candidate \u00e0 la cour Supr\u00eame des Etats-Unis\" \/>\n<meta property=\"og:description\" content=\"Parier sur la Politique : Qui sera le prochain candidat \u00e0 la Cour Supr\u00eame des \u00c9tats-Unis ?\" \/>\n<meta property=\"og:url\" content=\"https:\/\/parier-presidentielle.com\/hu\/parizsi-jelolt-legfelsobb-birosag-egyesult-allamok\/\" \/>\n<meta property=\"og:site_name\" content=\"Parier Pr\u00e9sidentielle\" \/>\n<meta property=\"article:modified_time\" content=\"2022-02-24T16:52:41+00:00\" \/>\n<meta property=\"og:image\" content=\"https:\/\/parier-presidentielle.com\/wp-content\/uploads\/2022\/02\/candidat-a-la-cour-supreme-des-etats-unis-1024x576.jpg\" \/>\n<meta name=\"twitter:card\" content=\"summary_large_image\" \/>\n<meta name=\"twitter:label1\" content=\"Est. reading time\" \/>\n\t<meta name=\"twitter:data1\" content=\"4 perc\" \/>\n<script type=\"application\/ld+json\" class=\"yoast-schema-graph\">{\"@context\":\"https:\/\/schema.org\",\"@graph\":[{\"@type\":\"WebPage\",\"@id\":\"https:\/\/parier-presidentielle.com\/paris-candidate-cour-supreme-etats-unis\/\",\"url\":\"https:\/\/parier-presidentielle.com\/paris-candidate-cour-supreme-etats-unis\/\",\"name\":\"Paris sur la Candidate \u00e0 la cour Supr\u00eame des Etats-Unis - Finale Coupe du Monde FIFA\",\"isPartOf\":{\"@id\":\"https:\/\/parier-presidentielle.com\/#website\"},\"datePublished\":\"2022-02-21T12:37:39+00:00\",\"dateModified\":\"2022-02-24T16:52:41+00:00\",\"description\":\"Parier sur la Politique : Qui sera le prochain candidat \u00e0 la Cour Supr\u00eame des \u00c9tats-Unis ?\",\"breadcrumb\":{\"@id\":\"https:\/\/parier-presidentielle.com\/paris-candidate-cour-supreme-etats-unis\/#breadcrumb\"},\"inLanguage\":\"hu\",\"potentialAction\":[{\"@type\":\"ReadAction\",\"target\":[\"https:\/\/parier-presidentielle.com\/paris-candidate-cour-supreme-etats-unis\/\"]}]},{\"@type\":\"BreadcrumbList\",\"@id\":\"https:\/\/parier-presidentielle.com\/paris-candidate-cour-supreme-etats-unis\/#breadcrumb\",\"itemListElement\":[{\"@type\":\"ListItem\",\"position\":1,\"name\":\"Accueil\",\"item\":\"https:\/\/parier-presidentielle.com\/\"},{\"@type\":\"ListItem\",\"position\":2,\"name\":\"Paris sur la Candidate \u00e0 la cour Supr\u00eame des Etats-Unis\"}]},{\"@type\":\"WebSite\",\"@id\":\"https:\/\/parier-presidentielle.com\/#website\",\"url\":\"https:\/\/parier-presidentielle.com\/\",\"name\":\"Parier Pr\u00e9sidentielle\",\"description\":\"Paris, Pronostics, Wiki sur la Politique, les Elections Am\u00e9ricaines: Joe Biden, Donald Trump avec les Bookmakers en ligne Unibet, Bwin, Betclic, Winamax\",\"potentialAction\":[{\"@type\":\"SearchAction\",\"target\":{\"@type\":\"EntryPoint\",\"urlTemplate\":\"https:\/\/parier-presidentielle.com\/?s={search_term_string}\"},\"query-input\":\"required name=search_term_string\"}],\"inLanguage\":\"hu\"}]}<\/script>\n<!-- \/ Yoast SEO Premium plugin. -->","yoast_head_json":{"title":"Paris sur la Candidate \u00e0 la cour Supr\u00eame des Etats-Unis - Finale Coupe du Monde FIFA","description":"Parier sur la Politique : Qui sera le prochain candidat \u00e0 la Cour Supr\u00eame des \u00c9tats-Unis ?","robots":{"index":"index","follow":"follow","max-snippet":"max-snippet:-1","max-image-preview":"max-image-preview:large","max-video-preview":"max-video-preview:-1"},"canonical":"https:\/\/parier-presidentielle.com\/hu\/parizsi-jelolt-legfelsobb-birosag-egyesult-allamok\/","og_locale":"hu_HU","og_type":"article","og_title":"Paris sur la Candidate \u00e0 la cour Supr\u00eame des Etats-Unis","og_description":"Parier sur la Politique : Qui sera le prochain candidat \u00e0 la Cour Supr\u00eame des \u00c9tats-Unis ?","og_url":"https:\/\/parier-presidentielle.com\/hu\/parizsi-jelolt-legfelsobb-birosag-egyesult-allamok\/","og_site_name":"Parier Pr\u00e9sidentielle","article_modified_time":"2022-02-24T16:52:41+00:00","og_image":[{"url":"https:\/\/parier-presidentielle.com\/wp-content\/uploads\/2022\/02\/candidat-a-la-cour-supreme-des-etats-unis-1024x576.jpg"}],"twitter_card":"summary_large_image","twitter_misc":{"Est. reading time":"4 perc"},"schema":{"@context":"https:\/\/schema.org","@graph":[{"@type":"WebPage","@id":"https:\/\/parier-presidentielle.com\/paris-candidate-cour-supreme-etats-unis\/","url":"https:\/\/parier-presidentielle.com\/paris-candidate-cour-supreme-etats-unis\/","name":"Paris sur la Candidate \u00e0 la cour Supr\u00eame des Etats-Unis - Finale Coupe du Monde FIFA","isPartOf":{"@id":"https:\/\/parier-presidentielle.com\/#website"},"datePublished":"2022-02-21T12:37:39+00:00","dateModified":"2022-02-24T16:52:41+00:00","description":"Parier sur la Politique : Qui sera le prochain candidat \u00e0 la Cour Supr\u00eame des \u00c9tats-Unis ?","breadcrumb":{"@id":"https:\/\/parier-presidentielle.com\/paris-candidate-cour-supreme-etats-unis\/#breadcrumb"},"inLanguage":"hu","potentialAction":[{"@type":"ReadAction","target":["https:\/\/parier-presidentielle.com\/paris-candidate-cour-supreme-etats-unis\/"]}]},{"@type":"BreadcrumbList","@id":"https:\/\/parier-presidentielle.com\/paris-candidate-cour-supreme-etats-unis\/#breadcrumb","itemListElement":[{"@type":"ListItem","position":1,"name":"Accueil","item":"https:\/\/parier-presidentielle.com\/"},{"@type":"ListItem","position":2,"name":"Paris sur la Candidate \u00e0 la cour Supr\u00eame des Etats-Unis"}]},{"@type":"WebSite","@id":"https:\/\/parier-presidentielle.com\/#website","url":"https:\/\/parier-presidentielle.com\/","name":"Parier Pr\u00e9sidentielle","description":"Paris, Pronostics, Wiki sur la Politique, les Elections Am\u00e9ricaines: Joe Biden, Donald Trump avec les Bookmakers en ligne Unibet, Bwin, Betclic, Winamax","potentialAction":[{"@type":"SearchAction","target":{"@type":"EntryPoint","urlTemplate":"https:\/\/parier-presidentielle.com\/?s={search_term_string}"},"query-input":"required name=search_term_string"}],"inLanguage":"hu"}]}},"_links":{"self":[{"href":"https:\/\/parier-presidentielle.com\/hu\/wp-json\/wp\/v2\/pages\/576"}],"collection":[{"href":"https:\/\/parier-presidentielle.com\/hu\/wp-json\/wp\/v2\/pages"}],"about":[{"href":"https:\/\/parier-presidentielle.com\/hu\/wp-json\/wp\/v2\/types\/page"}],"author":[{"embeddable":true,"href":"https:\/\/parier-presidentielle.com\/hu\/wp-json\/wp\/v2\/users\/1"}],"replies":[{"embeddable":true,"href":"https:\/\/parier-presidentielle.com\/hu\/wp-json\/wp\/v2\/comments?post=576"}],"version-history":[{"count":25,"href":"https:\/\/parier-presidentielle.com\/hu\/wp-json\/wp\/v2\/pages\/576\/revisions"}],"predecessor-version":[{"id":1682,"href":"https:\/\/parier-presidentielle.com\/hu\/wp-json\/wp\/v2\/pages\/576\/revisions\/1682"}],"wp:attachment":[{"href":"https:\/\/parier-presidentielle.com\/hu\/wp-json\/wp\/v2\/media?parent=576"}],"curies":[{"name":"wp","href":"https:\/\/api.w.org\/{rel}","templated":true}]}}