{"id":68,"date":"2021-09-07T09:24:43","date_gmt":"2021-09-07T07:24:43","guid":{"rendered":"https:\/\/parier-presidentielle.com\/?page_id=68"},"modified":"2022-03-09T10:41:39","modified_gmt":"2022-03-09T09:41:39","slug":"emmanuel-macron-marine-le-pen-eric-zemmour-sondage","status":"publish","type":"page","link":"https:\/\/parier-presidentielle.com\/hu\/emmanuel-macron-marine-le-pen-eric-zemmour-felmeres\/","title":{"rendered":"2022-es eln\u00f6kv\u00e1laszt\u00e1s: A k\u00f6zv\u00e9lem\u00e9ny-kutat\u00e1sok szerint Emmanuel Macron \u00e9s Marine Le Pen lesz a m\u00e1sodik fordul\u00f3ban"},"content":{"rendered":"<p><\/p>\n\n\n\n<p><\/p>\n\n\n\n<h2 class=\"wp-block-heading\"><span id=\"d8217apres-les-sondages-emmanuel-macron-et-marine-le-pen-seront-a-l8217election-presidentielle-de-2022-et-s8217affronteront-au-second-tour-quels-que-soient-les-autres-candidats-dont-eric-zemmour\">A k\u00f6zv\u00e9lem\u00e9ny-kutat\u00e1sok szerint Emmanuel Macron \u00e9s Marine Le Pen ott lesz a 2022-es eln\u00f6kv\u00e1laszt\u00e1son, \u00e9s a m\u00e1sodik fordul\u00f3ban egym\u00e1ssal tal\u00e1lkoznak, f\u00fcggetlen\u00fcl a t\u00f6bbi jel\u00f6ltt\u0151l, k\u00f6zt\u00fck Eric Zemmourt\u00f3l. <\/span><\/h2>\n\n\n\n<p>A Franceinfo sz\u00e1m\u00e1ra szeptember 3-\u00e1n, p\u00e9nteken k\u00f6zz\u00e9tett Ipsos k\u00f6zv\u00e9lem\u00e9ny-kutat\u00e1s szerint h\u00e9t h\u00f3nap van h\u00e1tra a 2022. \u00e1prilis 10-i eln\u00f6kv\u00e1laszt\u00e1s els\u0151 fordul\u00f3j\u00e1ig. A szavaz\u00e1si sz\u00e1nd\u00e9kok tekintet\u00e9ben tov\u00e1bbra is Emmanuel Macron \u00e9s Marine Le Pen \u00e1ll az \u00e9len. A lek\u00f6sz\u00f6n\u0151 \u00e1llamf\u0151 a k\u00f6r\u00fclm\u00e9nyekt\u0151l f\u00fcgg\u0151en 24-26 %, az Orsz\u00e1ggy\u0171l\u00e9s eln\u00f6ke 19-23 % szavazatot kapott.<br>A Republik\u00e1nus P\u00e1rt \u00e1ltal t\u00e1mogatott jel\u00f6ltekt\u0151l \u00e9s Eric Zemmour jel\u00f6lts\u00e9g\u00e9t\u0151l f\u00fcgg\u0151en hat k\u00fcl\u00f6nb\u00f6z\u0151 hipot\u00e9zist teszteltek.<\/p>\n\n\n\n<div class=\"wp-block-image wp-duotone-000097-ff4747-1\"><figure class=\"aligncenter size-large is-resized\"><img decoding=\"async\" loading=\"lazy\" src=\"https:\/\/parier-presidentielle.com\/wp-content\/uploads\/2021\/09\/macron-le-pen-1024x576.jpg\" alt=\"Macron \u00e9s Le Pen tal\u00e1lkoz\u00f3ja\" class=\"wp-image-135\" width=\"559\" height=\"314\" srcset=\"https:\/\/parier-presidentielle.com\/wp-content\/uploads\/2021\/09\/macron-le-pen-1024x576.jpg 1024w, https:\/\/parier-presidentielle.com\/wp-content\/uploads\/2021\/09\/macron-le-pen-300x169.jpg 300w, https:\/\/parier-presidentielle.com\/wp-content\/uploads\/2021\/09\/macron-le-pen-768x432.jpg 768w, https:\/\/parier-presidentielle.com\/wp-content\/uploads\/2021\/09\/macron-le-pen.jpg 1350w\" sizes=\"(max-width: 559px) 100vw, 559px\" \/><\/figure><\/div>\n\n\n\n<p><\/p>\n\n\n\n<h2 class=\"wp-block-heading\"><span id=\"sondages-et-cote-tres-basse-pour-les-autres-candidats\">Szavaz\u00e1sok \u00e9s nagyon alacsony es\u00e9lyek m\u00e1s jel\u00f6ltekre<\/span><\/h2>\n\n\n\n<p><br>A republik\u00e1nusok, Bertrand, P\u00e9cresse \u00e9s Barnier a 11%-17%-t k\u00e9pviselik<br>\u201eMarine Le Pen most m\u00e1r uralja annak lehet\u0151s\u00e9g\u00e9t, hogy bejusson a m\u00e1sodik k\u00f6rbe, de a szintje leesett. Brice Teinturier, az Ipsos France f\u0151k\u00e9pvisel\u0151j\u00e9nek elemz\u00e9se szerint. H\u00e1rommal j\u00e1tszhatunk, b\u00e1r a republik\u00e1nusok m\u00e9g nem v\u00e1lasztott\u00e1k ki \u0151ket. . Hogyan \u00e1ll\u00edtj\u00e1k majd a jel\u00f6lteket? Val\u00f3j\u00e1ban az \u00f6sszes vizsg\u00e1lt hipot\u00e9zisben a jobboldali jel\u00f6ltek a harmadik helyet foglalt\u00e1k el a szavaz\u00e1si sz\u00e1nd\u00e9kot tekintve. Eric Zemmour jel\u00f6lts\u00e9ge szerint Xavier Bertrand 15-17 % szavazati sz\u00e1nd\u00e9kot kapott, Val\u00e9rie P\u00e9cresse 14-16 %-t, Michel Barnier pedig 11-13 %-t. Brice Teinturier kijelentette, hogy Michelga Barnier \u00e9s Xavier Bertrand k\u00f6z\u00f6tt Val\u00e9rie P\u00e9cresse nagyon besz\u0171k\u00fclt\u201d. &quot;Semmi sem d\u00f6nt\u0151, m\u00e9g akkor sem, ha a v\u00e9lem\u00e9nyek azt mutatj\u00e1k, hogy Xavier Bertrand el\u0151nyben van.&quot; Ezt a h\u00e1rom szem\u00e9lyis\u00e9get val\u00f3j\u00e1ban az LR-UDI szimpatiz\u00e1nsai tesztelt\u00e9k, \u00e9s a republik\u00e1nus el\u0151v\u00e1laszt\u00e1s m\u00e9g mindig nem er\u0151s\u00edtette meg, hogy a megfelel\u0151 jel\u00f6ltet jel\u00f6lt\u00e9k. \u00cdgy Xavier Bertrand 39 % kedvez\u0151 v\u00e9lem\u00e9nyt kapott jobbr\u00f3l, Val\u00e9rie P\u00e9cresse 29 % \u00e9s Michel Barnier 22 %. Csak 29 % t\u00e1mogat\u00f3 t\u00e1mogatja a szervezet el\u0151v\u00e1laszt\u00e1s\u00e1t. A 41% egyet\u00e9rt azzal a megold\u00e1ssal, hogy jel\u00f6ltjeiket \u201ea K\u00f6zgy\u0171l\u00e9s keretein bel\u00fcl\u201d, \u201ejobboldali vezet\u0151k\u201d \u00f6sszefog\u00e1s\u00e1val v\u00e1lasztj\u00e1k meg.<\/p>\n\n\n\n<p>P\u00e1ly\u00e1zat eset\u00e9n, <a href=\"https:\/\/parier-presidentielle.com\/hu\/zemmour-valasztas\/\">Eric Zemmour<\/a> 8-8,5% szavaz\u00e1si sz\u00e1nd\u00e9kot gy\u0171jt\u00f6tt \u00f6ssze. Az Ipsos \u00e1ltal\u00e1nos k\u00e9pvisel\u0151je szerint a pontsz\u00e1m \u201enem elhanyagolhat\u00f3\u201d, de ez \u201enem sokat v\u00e1ltozott\u201d, mert a vitatkoz\u00f3 szavaz\u00f3i \u201eannyira t\u00e1madj\u00e1k az RN-t, mint az LR-t\u201d.<\/p>\n\n\n\n<h2 class=\"wp-block-heading\"><span id=\"un-taux-de-participation-record-pour-la-campagne-2022\">Rekord r\u00e9szv\u00e9teli ar\u00e1ny a 2022-es kamp\u00e1nyban<\/span><\/h2>\n\n\n\n<p><\/p>\n\n\n\n<p>A franceinfo \u00e9s a francia Le Parisien\/Aujourd&#039;hui Ipsos-Sopra Steria k\u00f6zv\u00e9lem\u00e9ny-kutat\u00e1sa szerint t\u00edzb\u0151l csaknem h\u00e9t francia \u00fagy gondolja, hogy szavazni fog. \u201eEr\u0151s poz\u00edci\u00f3 n\u00e9lk\u00fcl Yannick Jadot 10 %-vel vezet, de csak Anne Hidalgo 9 %-je \u00e9s Jean-Luc M\u00e9lenchon 8 %-je \u00e9s 8,5 %-je el\u0151tt\u201d \u2013 elemezte Brice Teinturier. Szerinte \u201ea k\u00f6rnyezetv\u00e9d\u0151 jel\u00f6ltek pontsz\u00e1mai megegyeznek vagy magasabbak a szocialist\u00e1k\u00e9val, ez nem n\u00e9lk\u00fcl\u00f6zhetetlen\u201d. Eur\u00f3p\u00e1ban, majd az \u00f6nkorm\u00e1nyzati \u00e9s region\u00e1lis v\u00e1laszt\u00e1sokon ez a tendencia beigazol\u00f3dni l\u00e1tszik!<\/p>\n\n\n\n<p><\/p>\n\n\n\n<h3 class=\"has-text-align-center wp-block-heading\"><span id=\"dossier-special-bookmaker-unibet-bwin-mondial-quatar\"><br>K\u00fcl\u00f6njelent\u00e9s bukm\u00e9ker Unibet Bwin &amp; Mondial Quatar <\/span><\/h3>\n\n\n\n<p>Tedd meg els\u0151 online fogad\u00e1sodat a politik\u00e1ra \u00e9s az \u00f6sszes sportra a k\u00fcl\u00f6nb\u00f6z\u0151 oldalakon tal\u00e1lhat\u00f3 f\u00e1jljainknak k\u00f6sz\u00f6nhet\u0151en: Betclic, Winamax, Unibet, Betclic: <\/p>\n\n\n\n<p>Az olyan online fogad\u00f3irod\u00e1k seg\u00edts\u00e9g\u00e9vel, mint a Bwin, az Unibet \u00e9s a Betclic, sz\u00e1mos fogad\u00e1si piacot \u00e9rhet el a versenyen, \u00edgy es\u00e9lye ny\u00edlik nagy nyer\u00e9sre. \u00d6sszefoglalva, a francia csapat egyike lehet azoknak a csapatoknak, akiket figyelni kell a 2022-es vil\u00e1gbajnoks\u00e1gon. Cs\u00e9sze. Az olyan online fogad\u00f3irod\u00e1k seg\u00edts\u00e9g\u00e9vel, mint a Bwin, az Unibet \u00e9s a Betclic, inform\u00e1ci\u00f3kat gy\u0171jthet Portug\u00e1li\u00e1r\u00f3l, \u00e9s megalapozott fogad\u00e1sokat k\u00f6thet ezen a versenyen ny\u00fajtott teljes\u00edtm\u00e9ny\u00fckre. Akkor mi\u00e9rt ne \u00e9lne a lehet\u0151s\u00e9ggel, hogy potenci\u00e1lisan profit\u00e1ljon Franciaorsz\u00e1g 2022-es siker\u00e9b\u0151l?<\/p>\n\n\n\n<p class=\"has-text-align-center unibet\" style=\"font-size:25px\"><mark style=\"background-color:rgba(0, 0, 0, 0);color:#0d7a12\" class=\"has-inline-color\"><strong><a href=\"https:\/\/parier-presidentielle.com\/hu\/recommends\/unibet\/\">150 \u20ac b\u00f3nusz az Unibetn\u00e9l<br>Az els\u0151 politikai vagy sportfogad\u00e1shoz: Kattintson ide<\/a><\/strong><\/mark><\/p>\n\n\n\n<p><\/p>\n\n\n<div class=\"wp-block-image\">\n<figure class=\"aligncenter is-resized wp-duotone-000097-ff4747-2\"><img decoding=\"async\" loading=\"lazy\" src=\"https:\/\/parier-presidentielle.com\/wp-content\/uploads\/2021\/09\/election-standard-scale-4_00x-gigapixel-1024x623.jpg\" alt=\"V\u00e1laszt\u00e1sok 2022\" style=\"width:256px;height:156px\" width=\"256\" height=\"156\"\/><\/figure><\/div>\n\n\n<p><br><\/p>\n\n\n\n<p><strong>A Parier-Presidential seg\u00edt a v\u00e1laszt\u00e1sban<a href=\"https:\/\/parier-presidentielle.com\/hu\/\"> A Bwin, az Unibet \u00e9s a Betclic bukm\u00e9kerek a j\u00f6v\u0151 amerikai eln\u00f6k\u00e9re fogadnak 2024-ben<\/a> : <\/strong><br><a href=\"https:\/\/parier-presidentielle.com\/hu\/unibet-politika-valasztas-2022\/\">Unibet eln\u00f6ki fogad\u00f3iroda<\/a> : R\u00e9szletes \u00e9s ingyenes \u00fatmutat\u00f3 az els\u0151 online fogad\u00e1shoz, minden szorz\u00f3val \u00e9s a felk\u00edn\u00e1lt b\u00f3nusz el\u0151nyeinek kihaszn\u00e1l\u00e1s\u00e1hoz!<\/p>\n\n\n\n<p>Valamint m\u00e1s p\u00e1rizsi online oldalak: <a href=\"https:\/\/parier-presidentielle.com\/hu\/unibet-politika-valasztas-2022\/\">Bwin<\/a>, <a href=\"https:\/\/parier-presidentielle.com\/hu\/netbet-paris-politics-valasztas-2022\/\">NetBet<\/a>, <a href=\"https:\/\/parier-presidentielle.com\/hu\/betclic-presidential-2022\/\">Betclic<\/a>, <a href=\"https:\/\/parier-presidentielle.com\/hu\/winamax-politika-valasztas-2022\/\">Winamax<\/a>, Parions Sport, Zebet,Betway, France-Pari,Vbet, Cloudbet, 1Xbit, 1xbet, Betfair, Betwinner\u2026<\/p>\n\n\n\n<div class=\"wp-block-columns is-layout-flex wp-container-7 wp-block-columns-is-layout-flex\">\n<div class=\"wp-block-column is-layout-flow wp-block-column-is-layout-flow\" style=\"flex-basis:33.33%\">\n<p>Most olvasta el a f\u00e1jlunkat:<\/p>\n<\/div>\n\n\n\n<div class=\"wp-block-column is-layout-flow wp-block-column-is-layout-flow\" style=\"flex-basis:33.33%\">\n<div class=\"wp-block-group is-layout-flow wp-block-group-is-layout-flow\"><div class=\"wp-block-group__inner-container\"><h4 class=\"has-text-align-center wp-block-post-title\"><span id=\"election-presidentielle-2022-selon-les-sondages-emmanuel-macron-et-marine-le-pen-seront-au-second-tour\"><a href=\"https:\/\/parier-presidentielle.com\/hu\/emmanuel-macron-marine-le-pen-eric-zemmour-felmeres\/\" target=\"_self\" >2022-es eln\u00f6kv\u00e1laszt\u00e1s: A k\u00f6zv\u00e9lem\u00e9ny-kutat\u00e1sok szerint Emmanuel Macron \u00e9s Marine Le Pen lesz a m\u00e1sodik fordul\u00f3ban<\/a><\/span><\/h4><\/div><\/div>\n<\/div>\n\n\n\n<div class=\"wp-block-column is-layout-flow wp-block-column-is-layout-flow\" style=\"flex-basis:33.33%\">\n<p class=\"has-text-align-right\">Folytassa az olvas\u00e1st a t\u00f6bbi exkluz\u00edv f\u00e1jlunkkal,<\/p>\n<\/div>\n<\/div>\n\n\n\n<h3 class=\"wp-block-heading\" id=\"tous-les-pronostics-sondage-et-cotes-pour-parier-sur-le-futur-vainqueur-de-l-election-presidentielle-2022\"><span id=\"tous-les-pronostics-sondage-et-cotes-pour-parier-sur-le-futur-vainqueur-de-l8217election-presidentielle-2024\">Az \u00f6sszes j\u00f3slat, felm\u00e9r\u00e9s \u00e9s es\u00e9ly a 2024-es eln\u00f6kv\u00e1laszt\u00e1s j\u00f6v\u0151beli gy\u0151ztes\u00e9re:<\/span><\/h3>\n\n\n\n<ul>\n<li><a href=\"https:\/\/parier-presidentielle.com\/hu\/makro-valasztas\/\">Fogadjon Emmanuel Macronra az Unibet, Betclic, Bwin seg\u00edts\u00e9g\u00e9vel<\/a> : A kedvenc a szavaz\u00e1sokban \u00e9s el\u0151rejelz\u00e9sekben <\/li>\n\n\n\n<li><a href=\"https:\/\/parier-presidentielle.com\/hu\/marine-le-pen-valasztas\/\">Marine Le Pen: Az es\u00e9lyei \u00e9s a fogad\u00e1s m\u00f3dja a bukm\u00e9kerekn\u00e9l<\/a>: A kih\u00edv\u00f3 az Unibet szerint<\/li>\n<\/ul>\n\n\n\n<p><\/p>\n\n\n\n<center><script type=\"text\/javascript\" charset=\"utf-8\" src=\"https:\/\/www.gambling-affiliation.com\/cpm\/v=AmIMTDSs92QY6b0MzDMvM5laCjJ-ZlA-1oQ-7tKsi.w_GA7331V2\"><\/script><\/center>\n\n\n\n<h3 class=\"wp-block-heading\"><span id=\"donald-trump-vs-joe-biden-la-video-qui-lance-les-paris-en-ligne-sur-l8217election-politique-de-2024\">Donald Trump vs Joe Biden: A vide\u00f3, amely online fogad\u00e1st ind\u00edt a 2024-es politikai v\u00e1laszt\u00e1sokr\u00f3l<\/span><\/h3>\n\n\n\n<figure class=\"wp-block-embed is-type-video is-provider-youtube wp-block-embed-youtube wp-embed-aspect-16-9 wp-has-aspect-ratio\"><div class=\"wp-block-embed__wrapper\">\n<iframe loading=\"lazy\" title=\"Donald Trump volt eln\u00f6k meghirdeti a 2024-es Feh\u00e9r H\u00e1z #Short p\u00e1ly\u00e1zat\u00e1t\" width=\"640\" height=\"360\" src=\"https:\/\/www.youtube.com\/embed\/hZykPRVe4Ag?feature=oembed\" frameborder=\"0\" allow=\"accelerometer; autoplay; clipboard-write; encrypted-media; gyroscope; picture-in-picture; web-share\" allowfullscreen><\/iframe>\n<\/div><\/figure>\n\n\n<div class=\"wp-block-image\">\n<figure class=\"aligncenter size-medium\"><a href=\"https:\/\/parier-presidentielle.com\/hu\/recommends\/unibet\/\" target=\"_blank\" rel=\"noopener\"><img decoding=\"async\" loading=\"lazy\" width=\"300\" height=\"169\" src=\"https:\/\/parier-presidentielle.com\/wp-content\/uploads\/2022\/04\/unibet-300x169.jpg\" alt=\"\" class=\"wp-image-1252\" srcset=\"https:\/\/parier-presidentielle.com\/wp-content\/uploads\/2022\/04\/unibet-300x169.jpg 300w, https:\/\/parier-presidentielle.com\/wp-content\/uploads\/2022\/04\/unibet-1024x576.jpg 1024w, https:\/\/parier-presidentielle.com\/wp-content\/uploads\/2022\/04\/unibet-768x432.jpg 768w, https:\/\/parier-presidentielle.com\/wp-content\/uploads\/2022\/04\/unibet-18x10.jpg 18w, https:\/\/parier-presidentielle.com\/wp-content\/uploads\/2022\/04\/unibet.jpg 1280w\" sizes=\"(max-width: 300px) 100vw, 300px\" \/><\/a><\/figure><\/div>\n\n\n<p>Keresse meg a Wikit, az alapvet\u0151 politikai h\u00edreket a kannabiszr\u00f3l \u00e9s leg\u00e1lis sz\u00e1rmaz\u00e9kair\u00f3l: <strong>HHC, H4cbd, Thcp, Thcv, HSD, HHCPO, C4B<\/strong><\/p>\n<div id=\"toc_container\" class=\"no_bullets\"><p class=\"toc_title\">Tartalom<\/p><ul class=\"toc_list\"><li><\/li><li><\/li><li><ul><li><ul><li><\/li><\/ul><\/li><li><\/li><li><\/li><\/ul><\/li><\/ul><\/div>","protected":false},"excerpt":{"rendered":"<p>D&#8217;apr\u00e8s les sondages Emmanuel Macron et Marine Le Pen seront \u00e0 l&#8217;\u00e9lection pr\u00e9sidentielle de 2022 et s&#8217;affronteront au second tour, quels que soient les autres candidats, dont Eric Zemmour. Selon le sondage Ipsos publi\u00e9 pour Franceinfo vendredi 3 septembre, il reste sept mois avant le premier tour de la pr\u00e9sidentielle du 10 avril 2022. Emmanuel &#8230;<\/p>","protected":false},"author":1,"featured_media":0,"parent":0,"menu_order":0,"comment_status":"closed","ping_status":"closed","template":"page-nosidebar.php","meta":{"footnotes":""},"yoast_head":"<!-- This site is optimized with the Yoast SEO Premium plugin v21.0 (Yoast SEO v21.0) - https:\/\/yoast.com\/wordpress\/plugins\/seo\/ -->\n<title>Macron devant Le Pen : Selon les Sondages et Bookmakers pour l&#039;Election 2022<\/title>\n<meta name=\"description\" content=\"D\u2019apr\u00e8s les sondages Emmanuel Macron et Marine Le Pen seront \u00e0 l\u2019\u00e9lection pr\u00e9sidentielle de 2022 et s\u2019affronteront au second tour,...\" \/>\n<meta name=\"robots\" content=\"index, follow, max-snippet:-1, max-image-preview:large, max-video-preview:-1\" \/>\n<link rel=\"canonical\" href=\"https:\/\/parier-presidentielle.com\/hu\/emmanuel-macron-marine-le-pen-eric-zemmour-felmeres\/\" \/>\n<meta property=\"og:locale\" content=\"hu_HU\" \/>\n<meta property=\"og:type\" content=\"article\" \/>\n<meta property=\"og:title\" content=\"Election Pr\u00e9sidentielle 2022 : Selon les sondages, Emmanuel Macron et Marine Le Pen seront au second tour\" \/>\n<meta property=\"og:description\" content=\"D\u2019apr\u00e8s les sondages Emmanuel Macron et Marine Le Pen seront \u00e0 l\u2019\u00e9lection pr\u00e9sidentielle de 2022 et s\u2019affronteront au second tour,...\" \/>\n<meta property=\"og:url\" content=\"https:\/\/parier-presidentielle.com\/hu\/emmanuel-macron-marine-le-pen-eric-zemmour-felmeres\/\" \/>\n<meta property=\"og:site_name\" content=\"Parier Pr\u00e9sidentielle\" \/>\n<meta property=\"article:modified_time\" content=\"2022-03-09T09:41:39+00:00\" \/>\n<meta property=\"og:image\" content=\"https:\/\/parier-presidentielle.com\/wp-content\/uploads\/2021\/09\/macron-le-pen-1024x576.jpg\" \/>\n<meta name=\"twitter:card\" content=\"summary_large_image\" \/>\n<meta name=\"twitter:label1\" content=\"Est. reading time\" \/>\n\t<meta name=\"twitter:data1\" content=\"3 perc\" \/>\n<script type=\"application\/ld+json\" class=\"yoast-schema-graph\">{\"@context\":\"https:\/\/schema.org\",\"@graph\":[{\"@type\":\"WebPage\",\"@id\":\"https:\/\/parier-presidentielle.com\/emmanuel-macron-marine-le-pen-eric-zemmour-sondage\/\",\"url\":\"https:\/\/parier-presidentielle.com\/emmanuel-macron-marine-le-pen-eric-zemmour-sondage\/\",\"name\":\"Macron devant Le Pen : Selon les Sondages et Bookmakers pour l'Election 2022\",\"isPartOf\":{\"@id\":\"https:\/\/parier-presidentielle.com\/#website\"},\"datePublished\":\"2021-09-07T07:24:43+00:00\",\"dateModified\":\"2022-03-09T09:41:39+00:00\",\"description\":\"D\u2019apr\u00e8s les sondages Emmanuel Macron et Marine Le Pen seront \u00e0 l\u2019\u00e9lection pr\u00e9sidentielle de 2022 et s\u2019affronteront au second tour,...\",\"breadcrumb\":{\"@id\":\"https:\/\/parier-presidentielle.com\/emmanuel-macron-marine-le-pen-eric-zemmour-sondage\/#breadcrumb\"},\"inLanguage\":\"hu\",\"potentialAction\":[{\"@type\":\"ReadAction\",\"target\":[\"https:\/\/parier-presidentielle.com\/emmanuel-macron-marine-le-pen-eric-zemmour-sondage\/\"]}]},{\"@type\":\"BreadcrumbList\",\"@id\":\"https:\/\/parier-presidentielle.com\/emmanuel-macron-marine-le-pen-eric-zemmour-sondage\/#breadcrumb\",\"itemListElement\":[{\"@type\":\"ListItem\",\"position\":1,\"name\":\"Accueil\",\"item\":\"https:\/\/parier-presidentielle.com\/\"},{\"@type\":\"ListItem\",\"position\":2,\"name\":\"Election Pr\u00e9sidentielle 2022 : Selon les sondages, Emmanuel Macron et Marine Le Pen seront au second tour\"}]},{\"@type\":\"WebSite\",\"@id\":\"https:\/\/parier-presidentielle.com\/#website\",\"url\":\"https:\/\/parier-presidentielle.com\/\",\"name\":\"Parier Pr\u00e9sidentielle\",\"description\":\"Paris, Pronostics, Wiki sur la Politique, les Elections Am\u00e9ricaines: Joe Biden, Donald Trump avec les Bookmakers en ligne Unibet, Bwin, Betclic, Winamax\",\"potentialAction\":[{\"@type\":\"SearchAction\",\"target\":{\"@type\":\"EntryPoint\",\"urlTemplate\":\"https:\/\/parier-presidentielle.com\/?s={search_term_string}\"},\"query-input\":\"required name=search_term_string\"}],\"inLanguage\":\"hu\"}]}<\/script>\n<!-- \/ Yoast SEO Premium plugin. -->","yoast_head_json":{"title":"Macron devant Le Pen : Selon les Sondages et Bookmakers pour l'Election 2022","description":"D\u2019apr\u00e8s les sondages Emmanuel Macron et Marine Le Pen seront \u00e0 l\u2019\u00e9lection pr\u00e9sidentielle de 2022 et s\u2019affronteront au second tour,...","robots":{"index":"index","follow":"follow","max-snippet":"max-snippet:-1","max-image-preview":"max-image-preview:large","max-video-preview":"max-video-preview:-1"},"canonical":"https:\/\/parier-presidentielle.com\/hu\/emmanuel-macron-marine-le-pen-eric-zemmour-felmeres\/","og_locale":"hu_HU","og_type":"article","og_title":"Election Pr\u00e9sidentielle 2022 : Selon les sondages, Emmanuel Macron et Marine Le Pen seront au second tour","og_description":"D\u2019apr\u00e8s les sondages Emmanuel Macron et Marine Le Pen seront \u00e0 l\u2019\u00e9lection pr\u00e9sidentielle de 2022 et s\u2019affronteront au second tour,...","og_url":"https:\/\/parier-presidentielle.com\/hu\/emmanuel-macron-marine-le-pen-eric-zemmour-felmeres\/","og_site_name":"Parier Pr\u00e9sidentielle","article_modified_time":"2022-03-09T09:41:39+00:00","og_image":[{"url":"https:\/\/parier-presidentielle.com\/wp-content\/uploads\/2021\/09\/macron-le-pen-1024x576.jpg"}],"twitter_card":"summary_large_image","twitter_misc":{"Est. reading time":"3 perc"},"schema":{"@context":"https:\/\/schema.org","@graph":[{"@type":"WebPage","@id":"https:\/\/parier-presidentielle.com\/emmanuel-macron-marine-le-pen-eric-zemmour-sondage\/","url":"https:\/\/parier-presidentielle.com\/emmanuel-macron-marine-le-pen-eric-zemmour-sondage\/","name":"Macron devant Le Pen : Selon les Sondages et Bookmakers pour l'Election 2022","isPartOf":{"@id":"https:\/\/parier-presidentielle.com\/#website"},"datePublished":"2021-09-07T07:24:43+00:00","dateModified":"2022-03-09T09:41:39+00:00","description":"D\u2019apr\u00e8s les sondages Emmanuel Macron et Marine Le Pen seront \u00e0 l\u2019\u00e9lection pr\u00e9sidentielle de 2022 et s\u2019affronteront au second tour,...","breadcrumb":{"@id":"https:\/\/parier-presidentielle.com\/emmanuel-macron-marine-le-pen-eric-zemmour-sondage\/#breadcrumb"},"inLanguage":"hu","potentialAction":[{"@type":"ReadAction","target":["https:\/\/parier-presidentielle.com\/emmanuel-macron-marine-le-pen-eric-zemmour-sondage\/"]}]},{"@type":"BreadcrumbList","@id":"https:\/\/parier-presidentielle.com\/emmanuel-macron-marine-le-pen-eric-zemmour-sondage\/#breadcrumb","itemListElement":[{"@type":"ListItem","position":1,"name":"Accueil","item":"https:\/\/parier-presidentielle.com\/"},{"@type":"ListItem","position":2,"name":"Election Pr\u00e9sidentielle 2022 : Selon les sondages, Emmanuel Macron et Marine Le Pen seront au second tour"}]},{"@type":"WebSite","@id":"https:\/\/parier-presidentielle.com\/#website","url":"https:\/\/parier-presidentielle.com\/","name":"Parier Pr\u00e9sidentielle","description":"Paris, Pronostics, Wiki sur la Politique, les Elections Am\u00e9ricaines: Joe Biden, Donald Trump avec les Bookmakers en ligne Unibet, Bwin, Betclic, Winamax","potentialAction":[{"@type":"SearchAction","target":{"@type":"EntryPoint","urlTemplate":"https:\/\/parier-presidentielle.com\/?s={search_term_string}"},"query-input":"required name=search_term_string"}],"inLanguage":"hu"}]}},"_links":{"self":[{"href":"https:\/\/parier-presidentielle.com\/hu\/wp-json\/wp\/v2\/pages\/68"}],"collection":[{"href":"https:\/\/parier-presidentielle.com\/hu\/wp-json\/wp\/v2\/pages"}],"about":[{"href":"https:\/\/parier-presidentielle.com\/hu\/wp-json\/wp\/v2\/types\/page"}],"author":[{"embeddable":true,"href":"https:\/\/parier-presidentielle.com\/hu\/wp-json\/wp\/v2\/users\/1"}],"replies":[{"embeddable":true,"href":"https:\/\/parier-presidentielle.com\/hu\/wp-json\/wp\/v2\/comments?post=68"}],"version-history":[{"count":11,"href":"https:\/\/parier-presidentielle.com\/hu\/wp-json\/wp\/v2\/pages\/68\/revisions"}],"predecessor-version":[{"id":1002,"href":"https:\/\/parier-presidentielle.com\/hu\/wp-json\/wp\/v2\/pages\/68\/revisions\/1002"}],"wp:attachment":[{"href":"https:\/\/parier-presidentielle.com\/hu\/wp-json\/wp\/v2\/media?parent=68"}],"curies":[{"name":"wp","href":"https:\/\/api.w.org\/{rel}","templated":true}]}}