{"id":898,"date":"2022-03-07T13:10:43","date_gmt":"2022-03-07T12:10:43","guid":{"rendered":"https:\/\/parier-presidentielle.com\/?page_id=898"},"modified":"2023-09-23T21:23:58","modified_gmt":"2023-09-23T19:23:58","slug":"plan","status":"publish","type":"page","link":"https:\/\/parier-presidentielle.com\/hu\/terv\/","title":{"rendered":"A Parier-Presidentielle.com webhelyt\u00e9rk\u00e9pei"},"content":{"rendered":"<div class=\"wp-block-group is-layout-flow wp-block-group-is-layout-flow\"><div class=\"wp-block-group__inner-container\">\n<div class=\"wp-block-group is-layout-flow wp-block-group-is-layout-flow\"><div class=\"wp-block-group__inner-container\">\n<p>\u00dcdv\u00f6z\u00f6lj\u00fck az oldalt\u00e9rk\u00e9pen! Keresse meg a politik\u00e1val foglalkoz\u00f3 P\u00e1rizs \u00f6sszes linkj\u00e9t, \u00edgy minden olyan tud\u00e1s birtok\u00e1ban lesz, amelyre sz\u00fcks\u00e9ge van a fogad\u00e1shoz. Ugyan\u00fagy, ahogy minden es\u00e9lyt k\u00f6vetni fogsz az \u00f6sszes v\u00e1laszt\u00e1son: francia, amerikai\u2026<br><br><br>A Parier-Presidentielle.com francia verzi\u00f3ja:<br><a href=\"https:\/\/parier-presidentielle.com\/hu\/\">Fogad\u00e1si eln\u00f6k: \u00datmutat\u00f3 a 2024-es amerikai v\u00e1laszt\u00e1sokra val\u00f3 fogad\u00e1shoz<\/a><br>A Parier-Presidentielle.com angol verzi\u00f3ja:<br><a href=\"https:\/\/parier-presidentielle.com\/en\/\">2024-es amerikai eln\u00f6kv\u00e1laszt\u00e1si fogad\u00e1si \u00fatmutat\u00f3<\/a><\/p>\n\n\n\n<p>A Parier-Presidentielle.com spanyol verzi\u00f3ja: <br><a href=\"https:\/\/parier-presidentielle.com\/es\/\">Eln\u00f6kv\u00e1laszt\u00e1sok kinevez\u00e9se France Politica<\/a><\/p>\n<\/div><\/div>\n<\/div><\/div>\n\n\n\n<div class=\"wp-block-group is-layout-flow wp-block-group-is-layout-flow\"><div class=\"wp-block-group__inner-container\">\n<p><\/p>\n<\/div><\/div>\n\n\n\n<div class=\"wsp-container\"><h2 class=\"wsp-pages-title\"><span id=\"pages\">Pages<\/span><\/h2>\n<ul class=\"wsp-pages-list\">\n<li class=\"page_item page-item-525\"><a href=\"https:\/\/parier-presidentielle.com\/hu\/1xbit-hazirend\/\">1xBit: Politik\u00e1ra fogadni Bitcoinban<\/a><\/li>\n<li class=\"page_item page-item-1789\"><a href=\"https:\/\/parier-presidentielle.com\/hu\/argentina-francia-donto-vb-2022-unibet-bwin\/\">Argent\u00edna \u2013 Franciaorsz\u00e1g: A 2022-es vil\u00e1gbajnoks\u00e1g d\u00f6nt\u0151je<\/a><\/li>\n<li class=\"page_item page-item-163\"><a href=\"https:\/\/parier-presidentielle.com\/hu\/asselineau-bukmekerek\/\">Asselineau bukm\u00e9kerek: P\u00e1rizs, es\u00e9lyek \u00e9s el\u0151rejelz\u00e9sek<\/a><\/li>\n<li class=\"page_item page-item-121\"><a href=\"https:\/\/parier-presidentielle.com\/hu\/asselineau-bukmeker-unibet-bwin\/\">Asselineau \u00e9s az eln\u00f6kv\u00e1laszt\u00e1s a Les Bookmakers Bwin, Unibet szerint<\/a><\/li>\n<li class=\"page_item page-item-709\"><a href=\"https:\/\/parier-presidentielle.com\/hu\/betclic-amerikai-valasztas-2024\/\">Betclic: Fogadjon a 2024-es amerikai eln\u00f6kv\u00e1laszt\u00e1sra<\/a><\/li>\n<li class=\"page_item page-item-235\"><a href=\"https:\/\/parier-presidentielle.com\/hu\/betclic-presidential-2022\/\">Betclic: Fogadjon a 2022-es eln\u00f6kv\u00e1laszt\u00e1sra<\/a><\/li>\n<li class=\"page_item page-item-269\"><a href=\"https:\/\/parier-presidentielle.com\/hu\/bukmeker-valasztas-politika-2022\/\">Bukm\u00e9ker: Hol lehet a legjobban fogadni a politik\u00e1ra \u00e9s a 2022-es eln\u00f6kv\u00e1laszt\u00e1sra?<\/a><\/li>\n<li class=\"page_item page-item-195\"><a href=\"https:\/\/parier-presidentielle.com\/hu\/bukmeker-politika\/\">Bukm\u00e9ker \u00e9s politika: Fogad\u00e1sok a francia v\u00e1laszt\u00e1sokra<\/a><\/li>\n<li class=\"page_item page-item-250\"><a href=\"https:\/\/parier-presidentielle.com\/hu\/bwin-politika-valasztas-2022\/\">Bwin: Bukm\u00e9ker a 2022-es eln\u00f6kv\u00e1laszt\u00e1sra fogad<\/a><\/li>\n<li class=\"page_item page-item-557\"><a href=\"https:\/\/parier-presidentielle.com\/hu\/bwin-paris-on-politics\/\">Bwin: Fogad\u00e1sok a politik\u00e1ra<\/a><\/li>\n<li class=\"page_item page-item-68\"><a href=\"https:\/\/parier-presidentielle.com\/hu\/emmanuel-macron-marine-le-pen-eric-zemmour-felmeres\/\">2022-es eln\u00f6kv\u00e1laszt\u00e1s: A k\u00f6zv\u00e9lem\u00e9ny-kutat\u00e1sok szerint Emmanuel Macron \u00e9s Marine Le Pen lesz a m\u00e1sodik fordul\u00f3ban<\/a><\/li>\n<li class=\"page_item page-item-1946\"><a href=\"https:\/\/parier-presidentielle.com\/hu\/joe-biden-cannabis-hhc\/\">Joe Biden \u00e9s a kannabiszpiac, HHC<\/a><\/li>\n<li class=\"page_item page-item-1956\"><a href=\"https:\/\/parier-presidentielle.com\/hu\/donald-trump-a-kannabis-es-hhc-piacon\/\">Donald Trump hat\u00e1sa a kannabisz- \u00e9s a HHC-piacra<\/a><\/li>\n<li class=\"page_item page-item-951\"><a href=\"https:\/\/parier-presidentielle.com\/hu\/fogadoirodak-felmeresek-elnokvalasztas\/\">Bukm\u00e9kerek: megb\u00edzhat\u00f3bbak, mint a Polls az eln\u00f6kv\u00e1laszt\u00e1sn\u00e1l<\/a><\/li>\n<li class=\"page_item page-item-54\"><a href=\"https:\/\/parier-presidentielle.com\/hu\/fogadoirodak-valasztas\/\">Bukm\u00e9kerek \u00e9s az eln\u00f6kv\u00e1laszt\u00e1s<\/a><\/li>\n<li class=\"page_item page-item-208\"><a href=\"https:\/\/parier-presidentielle.com\/hu\/bukmekerek-macron-le-pen\/\">Bukm\u00e9kerek es\u00e9lyei: Unibet, Bwin, Betclic fogad a m\u00e1sodik fordul\u00f3ra Macron \u2013 Le Pen<\/a><\/li>\n<li class=\"page_item page-item-1671\"><a href=\"https:\/\/parier-presidentielle.com\/hu\/odds-bukmekerek-masodik-kor-brazil-valasztasok-lula-bolsonaro\/\">A bukm\u00e9kerek es\u00e9lyei a brazil v\u00e1laszt\u00e1sok m\u00e1sodik fordul\u00f3j\u00e1ra Lula \u00e9s Bolsonaro k\u00f6z\u00f6tt<\/a><\/li>\n<li class=\"page_item page-item-30\"><a href=\"https:\/\/parier-presidentielle.com\/hu\/macron-le-pen-bukmeker\/\">Macron \u2013 Le Pen: a bukm\u00e9kerek megadj\u00e1k az es\u00e9ly\u00fcket az eln\u00f6kv\u00e1laszt\u00e1s m\u00e1sodik fordul\u00f3j\u00e1ra<\/a><\/li>\n<li class=\"page_item page-item-255\"><a href=\"https:\/\/parier-presidentielle.com\/hu\/netbet-paris-politics-valasztas-2022\/\">NetBet: Fogad\u00e1s a politik\u00e1ra \u00e9s a 2022-es eln\u00f6kv\u00e1laszt\u00e1sra<\/a><\/li>\n<li class=\"page_item page-item-1738\"><a href=\"https:\/\/parier-presidentielle.com\/hu\/unibet-bet-vilagbajnoksag-2022\/\">Fogadjon az Unibettel a 2022-es vil\u00e1gbajnoks\u00e1gra<\/a><\/li>\n<li class=\"page_item page-item-31\"><a href=\"https:\/\/parier-presidentielle.com\/hu\/makro-valasztas\/\">Fogadjon Emmanuel Macron megv\u00e1laszt\u00e1s\u00e1ra<\/a><\/li>\n<li class=\"page_item page-item-38\"><a href=\"https:\/\/parier-presidentielle.com\/hu\/zemmour-valasztas\/\">Fogadjon Eric Zemmour megv\u00e1laszt\u00e1s\u00e1ra<\/a><\/li>\n<li class=\"page_item page-item-41\"><a href=\"https:\/\/parier-presidentielle.com\/hu\/marine-le-pen-valasztas\/\">Fogadjon Marine Le Pen megv\u00e1laszt\u00e1s\u00e1ra<\/a><\/li>\n<li class=\"page_item page-item-281\"><a href=\"https:\/\/parier-presidentielle.com\/hu\/anne-hidalgo-valasztas-2022\/\">Fogadjon Anne Hidalgo 2022-es megv\u00e1laszt\u00e1s\u00e1ra<\/a><\/li>\n<li class=\"page_item page-item-157\"><a href=\"https:\/\/parier-presidentielle.com\/hu\/asselineau-valasztas\/\">Fogadjon Fran\u00e7ois Asselineau megv\u00e1laszt\u00e1s\u00e1ra<\/a><\/li>\n<li class=\"page_item page-item-212\"><a href=\"https:\/\/parier-presidentielle.com\/hu\/melenchon-valasztas\/\">Fogadjon Jean-Luc M\u00e9lenchon megv\u00e1laszt\u00e1s\u00e1ra<\/a><\/li>\n<li class=\"page_item page-item-422\"><a href=\"https:\/\/parier-presidentielle.com\/hu\/valerie-pecresse-valasztas\/\">Fogadjon Val\u00e9rie P\u00e9cresse megv\u00e1laszt\u00e1s\u00e1ra<\/a><\/li>\n<li class=\"page_item page-item-24\"><a href=\"https:\/\/parier-presidentielle.com\/hu\/\">Fogadjon a politik\u00e1ra \u00e9s a v\u00e1laszt\u00e1sokra a legjobb bukm\u00e9kerekkel: Unibet, Bwin<\/a><\/li>\n<li class=\"page_item page-item-576\"><a href=\"https:\/\/parier-presidentielle.com\/hu\/parizsi-jelolt-legfelsobb-birosag-egyesult-allamok\/\">Fogad\u00e1sok az Egyes\u00fclt \u00c1llamok Legfels\u0151bb B\u00edr\u00f3s\u00e1g\u00e1nak jel\u00f6ltj\u00e9re<\/a><\/li>\n<li class=\"page_item page-item-898\"><a href=\"https:\/\/parier-presidentielle.com\/hu\/terv\/\">A Parier-Presidentielle.com webhelyt\u00e9rk\u00e9pei<\/a><\/li>\n<li class=\"page_item page-item-2\"><a href=\"https:\/\/parier-presidentielle.com\/hu\/unibet-politika-valasztas-2022\/\">Unibet: Online fogad\u00e1s a 2022-es eln\u00f6kv\u00e1laszt\u00e1sra<\/a><\/li>\n<li class=\"page_item page-item-1962\"><a href=\"https:\/\/parier-presidentielle.com\/hu\/vladimir-poutine-mi-velemeny-a-kannabis-piacrol-es-hhc\/\">Mi a v\u00e9lem\u00e9nye Vlagyimir Putyinnak a kannabisz \u00e9s a HHC piac\u00e1r\u00f3l?<\/a><\/li>\n<li class=\"page_item page-item-1459\"><a href=\"https:\/\/parier-presidentielle.com\/hu\/william-hill-elnoki\/\">William Hill: Az angol bukm\u00e9ker a 2022-es francia eln\u00f6kv\u00e1laszt\u00e1sra fogad<\/a><\/li>\n<li class=\"page_item page-item-257\"><a href=\"https:\/\/parier-presidentielle.com\/hu\/winamax-politika-valasztas-2022\/\">Winamax: Fogadjon a politik\u00e1ra \u00e9s a 2022-es eln\u00f6kv\u00e1laszt\u00e1sra<\/a><\/li>\n<\/ul>\n<h2 class=\"wsp-posts-title\"><span id=\"posts-by-category\">Posts by category<\/span><\/h2>\n<ul class=\"wsp-posts-list\">\n\t<li><strong class=\"wsp-category-title\">Category: <a href=\"https:\/\/parier-presidentielle.com\/hu\/category\/besorolatlan\/\">Besorolatlan<\/a><\/strong>\n<ul class=\"wsp-posts-list\">\t\t<li class=\"wsp-post\"><a href=\"https:\/\/parier-presidentielle.com\/hu\/elnokvalasztas-2022-punterek-a-vilag-fogadas-masodik-fordulo\/\">Eln\u00f6kv\u00e1laszt\u00e1s 2022: A fogad\u00f3k szerte a vil\u00e1gon a m\u00e1sodik fordul\u00f3ra fogadnak!<\/a><\/li>\n\t\t<li class=\"wsp-post\"><a href=\"https:\/\/parier-presidentielle.com\/hu\/francia-valasztas-kik-a-jeloltek\/\">Francia v\u00e1laszt\u00e1s: Kik a jel\u00f6ltek?<\/a><\/li>\n\t\t<li class=\"wsp-post\"><a href=\"https:\/\/parier-presidentielle.com\/hu\/macron-bukmekerek-felmerese\/\">A fogad\u00f3irod\u00e1k Macron kedvencei az ukrajnai h\u00e1bor\u00fa ut\u00e1n<\/a><\/li>\n<\/ul><\/li>\n<\/ul>\n<h2 class=\"wsp-admin_menus-title\"><span id=\"admin-menus\">Admin men\u00fck<\/span><\/h2>\n<ul class=\"wsp-admin_menus-list\">\n<li><a href=\"https:\/\/parier-presidentielle.com\/hu\/admin_menu\/mon-menu\/\">Saj\u00e1t men\u00fc<\/a><\/li>\n<\/ul>\n<h2 class=\"wsp-admin_toolbars-title\"><span id=\"admin-toolbars\">Rendszergazdai eszk\u00f6zt\u00e1rak<\/span><\/h2>\n<ul class=\"wsp-admin_toolbars-list\">\n<li><a href=\"https:\/\/parier-presidentielle.com\/hu\/admin_toolbar\/back-end\/\">H\u00e1ts\u00f3 \u00e9s el\u0151lap<\/a><\/li>\n<\/ul>\n<h2 class=\"wsp-hide_plugins-title\"><span id=\"hide-plugins\">B\u0151v\u00edtm\u00e9nyek elrejt\u00e9se<\/span><\/h2>\n<ul class=\"wsp-hide_plugins-list\">\n<li><a href=\"https:\/\/parier-presidentielle.com\/hu\/hide_plugin\/hide-plugin\/\">HidePlugin<\/a><\/li>\n<\/ul>\n<\/div>\n\n\n\n<p><\/p>\n<div id=\"toc_container\" class=\"no_bullets\"><p class=\"toc_title\">Tartalom<\/p><ul class=\"toc_list\"><li><\/li><li><\/li><li><\/li><li><\/li><li><\/li><\/ul><\/div>","protected":false},"excerpt":{"rendered":"<p>Bienvenue sur plan du site! Retrouver l&#8217;int\u00e9gralit\u00e9 des liens ainsi pour vour le Paris sur la politique ainsi vous aurez toutes connaissance n\u00e9cessaire pour r\u00e9aliser parier pour la premiere fois. De meme que vous pourrez suivre toutes les cotes sur toutes les \u00e9lections : Francaises, Am\u00e9ricaines&#8230; Version Francaise de Parier-Presidentielle.com :Parier-Pr\u00e9sidentielle : guide pour parier &#8230;<\/p>","protected":false},"author":1,"featured_media":0,"parent":0,"menu_order":0,"comment_status":"closed","ping_status":"closed","template":"page-nosidebar.php","meta":{"footnotes":""},"yoast_head":"<!-- This site is optimized with the Yoast SEO Premium plugin v21.0 (Yoast SEO v21.0) - https:\/\/yoast.com\/wordpress\/plugins\/seo\/ -->\n<title>Plans du site de Parier-Presidentielle.com - Finale Coupe du Monde FIFA<\/title>\n<meta name=\"description\" content=\"Int\u00e9gralit\u00e9 et guide du site\" \/>\n<meta name=\"robots\" content=\"index, follow, max-snippet:-1, max-image-preview:large, max-video-preview:-1\" \/>\n<link rel=\"canonical\" href=\"https:\/\/parier-presidentielle.com\/hu\/terv\/\" \/>\n<meta property=\"og:locale\" content=\"hu_HU\" \/>\n<meta property=\"og:type\" content=\"article\" \/>\n<meta property=\"og:title\" content=\"Plans du site de Parier-Presidentielle.com\" \/>\n<meta property=\"og:description\" content=\"Int\u00e9gralit\u00e9 et guide du site\" \/>\n<meta property=\"og:url\" content=\"https:\/\/parier-presidentielle.com\/hu\/terv\/\" \/>\n<meta property=\"og:site_name\" content=\"Parier Pr\u00e9sidentielle\" \/>\n<meta property=\"article:modified_time\" content=\"2023-09-23T19:23:58+00:00\" \/>\n<meta name=\"twitter:card\" content=\"summary_large_image\" \/>\n<meta name=\"twitter:label1\" content=\"Est. reading time\" \/>\n\t<meta name=\"twitter:data1\" content=\"1 perc\" \/>\n<script type=\"application\/ld+json\" class=\"yoast-schema-graph\">{\"@context\":\"https:\/\/schema.org\",\"@graph\":[{\"@type\":\"WebPage\",\"@id\":\"https:\/\/parier-presidentielle.com\/plan\/\",\"url\":\"https:\/\/parier-presidentielle.com\/plan\/\",\"name\":\"Plans du site de Parier-Presidentielle.com - Finale Coupe du Monde FIFA\",\"isPartOf\":{\"@id\":\"https:\/\/parier-presidentielle.com\/#website\"},\"datePublished\":\"2022-03-07T12:10:43+00:00\",\"dateModified\":\"2023-09-23T19:23:58+00:00\",\"description\":\"Int\u00e9gralit\u00e9 et guide du site\",\"breadcrumb\":{\"@id\":\"https:\/\/parier-presidentielle.com\/plan\/#breadcrumb\"},\"inLanguage\":\"hu\",\"potentialAction\":[{\"@type\":\"ReadAction\",\"target\":[\"https:\/\/parier-presidentielle.com\/plan\/\"]}]},{\"@type\":\"BreadcrumbList\",\"@id\":\"https:\/\/parier-presidentielle.com\/plan\/#breadcrumb\",\"itemListElement\":[{\"@type\":\"ListItem\",\"position\":1,\"name\":\"Accueil\",\"item\":\"https:\/\/parier-presidentielle.com\/\"},{\"@type\":\"ListItem\",\"position\":2,\"name\":\"Plans du site de Parier-Presidentielle.com\"}]},{\"@type\":\"WebSite\",\"@id\":\"https:\/\/parier-presidentielle.com\/#website\",\"url\":\"https:\/\/parier-presidentielle.com\/\",\"name\":\"Parier Pr\u00e9sidentielle\",\"description\":\"Paris, Pronostics, Wiki sur la Politique, les Elections Am\u00e9ricaines: Joe Biden, Donald Trump avec les Bookmakers en ligne Unibet, Bwin, Betclic, Winamax\",\"potentialAction\":[{\"@type\":\"SearchAction\",\"target\":{\"@type\":\"EntryPoint\",\"urlTemplate\":\"https:\/\/parier-presidentielle.com\/?s={search_term_string}\"},\"query-input\":\"required name=search_term_string\"}],\"inLanguage\":\"hu\"}]}<\/script>\n<!-- \/ Yoast SEO Premium plugin. -->","yoast_head_json":{"title":"Plans du site de Parier-Presidentielle.com - Finale Coupe du Monde FIFA","description":"Int\u00e9gralit\u00e9 et guide du site","robots":{"index":"index","follow":"follow","max-snippet":"max-snippet:-1","max-image-preview":"max-image-preview:large","max-video-preview":"max-video-preview:-1"},"canonical":"https:\/\/parier-presidentielle.com\/hu\/terv\/","og_locale":"hu_HU","og_type":"article","og_title":"Plans du site de Parier-Presidentielle.com","og_description":"Int\u00e9gralit\u00e9 et guide du site","og_url":"https:\/\/parier-presidentielle.com\/hu\/terv\/","og_site_name":"Parier Pr\u00e9sidentielle","article_modified_time":"2023-09-23T19:23:58+00:00","twitter_card":"summary_large_image","twitter_misc":{"Est. reading time":"1 perc"},"schema":{"@context":"https:\/\/schema.org","@graph":[{"@type":"WebPage","@id":"https:\/\/parier-presidentielle.com\/plan\/","url":"https:\/\/parier-presidentielle.com\/plan\/","name":"Plans du site de Parier-Presidentielle.com - Finale Coupe du Monde FIFA","isPartOf":{"@id":"https:\/\/parier-presidentielle.com\/#website"},"datePublished":"2022-03-07T12:10:43+00:00","dateModified":"2023-09-23T19:23:58+00:00","description":"Int\u00e9gralit\u00e9 et guide du site","breadcrumb":{"@id":"https:\/\/parier-presidentielle.com\/plan\/#breadcrumb"},"inLanguage":"hu","potentialAction":[{"@type":"ReadAction","target":["https:\/\/parier-presidentielle.com\/plan\/"]}]},{"@type":"BreadcrumbList","@id":"https:\/\/parier-presidentielle.com\/plan\/#breadcrumb","itemListElement":[{"@type":"ListItem","position":1,"name":"Accueil","item":"https:\/\/parier-presidentielle.com\/"},{"@type":"ListItem","position":2,"name":"Plans du site de Parier-Presidentielle.com"}]},{"@type":"WebSite","@id":"https:\/\/parier-presidentielle.com\/#website","url":"https:\/\/parier-presidentielle.com\/","name":"Parier Pr\u00e9sidentielle","description":"Paris, Pronostics, Wiki sur la Politique, les Elections Am\u00e9ricaines: Joe Biden, Donald Trump avec les Bookmakers en ligne Unibet, Bwin, Betclic, Winamax","potentialAction":[{"@type":"SearchAction","target":{"@type":"EntryPoint","urlTemplate":"https:\/\/parier-presidentielle.com\/?s={search_term_string}"},"query-input":"required name=search_term_string"}],"inLanguage":"hu"}]}},"_links":{"self":[{"href":"https:\/\/parier-presidentielle.com\/hu\/wp-json\/wp\/v2\/pages\/898"}],"collection":[{"href":"https:\/\/parier-presidentielle.com\/hu\/wp-json\/wp\/v2\/pages"}],"about":[{"href":"https:\/\/parier-presidentielle.com\/hu\/wp-json\/wp\/v2\/types\/page"}],"author":[{"embeddable":true,"href":"https:\/\/parier-presidentielle.com\/hu\/wp-json\/wp\/v2\/users\/1"}],"replies":[{"embeddable":true,"href":"https:\/\/parier-presidentielle.com\/hu\/wp-json\/wp\/v2\/comments?post=898"}],"version-history":[{"count":12,"href":"https:\/\/parier-presidentielle.com\/hu\/wp-json\/wp\/v2\/pages\/898\/revisions"}],"predecessor-version":[{"id":2564,"href":"https:\/\/parier-presidentielle.com\/hu\/wp-json\/wp\/v2\/pages\/898\/revisions\/2564"}],"wp:attachment":[{"href":"https:\/\/parier-presidentielle.com\/hu\/wp-json\/wp\/v2\/media?parent=898"}],"curies":[{"name":"wp","href":"https:\/\/api.w.org\/{rel}","templated":true}]}}