{"id":951,"date":"2022-03-08T15:51:23","date_gmt":"2022-03-08T14:51:23","guid":{"rendered":"https:\/\/parier-presidentielle.com\/?page_id=951"},"modified":"2022-03-30T23:38:42","modified_gmt":"2022-03-30T21:38:42","slug":"bookmakers-sondages-election-presidentielle","status":"publish","type":"page","link":"https:\/\/parier-presidentielle.com\/hu\/fogadoirodak-felmeresek-elnokvalasztas\/","title":{"rendered":"Bukm\u00e9kerek: megb\u00edzhat\u00f3bbak, mint a Polls az eln\u00f6kv\u00e1laszt\u00e1sn\u00e1l"},"content":{"rendered":"<h2 class=\"wp-block-heading\"><span id=\"le-paradoxe-des-sondages-politiques\">A politikai k\u00f6zv\u00e9lem\u00e9ny-kutat\u00e1s paradoxona<\/span><\/h2>\n\n\n\n<p><br><em>Min\u00e9l t\u00f6bben tanultak a felm\u00e9r\u00e9si technik\u00e1kr\u00f3l, \u00e9s min\u00e9l t\u00f6bben ismerkedtek az eredm\u00e9nyekkel, ann\u00e1l elfogultabbak lettek az eredm\u00e9nyek. Mi\u00e9rt?<\/em><\/p>\n\n\n\n<figure class=\"wp-block-image size-large wp-duotone-000096-rgba2557171051-1\"><img decoding=\"async\" loading=\"lazy\" width=\"1024\" height=\"545\" src=\"https:\/\/parier-presidentielle.com\/wp-content\/uploads\/2022\/03\/bookmakers-sondages-election-presidentielle-1024x545.jpg\" alt=\"\" class=\"wp-image-965\" srcset=\"https:\/\/parier-presidentielle.com\/wp-content\/uploads\/2022\/03\/bookmakers-sondages-election-presidentielle-1024x545.jpg 1024w, https:\/\/parier-presidentielle.com\/wp-content\/uploads\/2022\/03\/bookmakers-sondages-election-presidentielle-300x160.jpg 300w, https:\/\/parier-presidentielle.com\/wp-content\/uploads\/2022\/03\/bookmakers-sondages-election-presidentielle-768x409.jpg 768w, https:\/\/parier-presidentielle.com\/wp-content\/uploads\/2022\/03\/bookmakers-sondages-election-presidentielle-1536x818.jpg 1536w, https:\/\/parier-presidentielle.com\/wp-content\/uploads\/2022\/03\/bookmakers-sondages-election-presidentielle-2048x1091.jpg 2048w\" sizes=\"(max-width: 1024px) 100vw, 1024px\" \/><\/figure>\n\n\n\n<p>Hossz\u00fa m\u00faltjuk ellen\u00e9re a v\u00e1laszt\u00e1s el\u0151tti k\u00f6zv\u00e9lem\u00e9ny-kutat\u00e1soknak van egy nagy hib\u00e1ja: a v\u00e1laszad\u00f3knak szabad akaratuk van, hogy hazudjanak, meggondolj\u00e1k magukat, \u00e9s csaljanak a kor\u00e1bbi szavaz\u00e1sokon. A k\u00f6zelm\u00faltban az Egyes\u00fclt Kir\u00e1lys\u00e1gb\u00f3l \u00e9s az Egyes\u00fclt \u00c1llamokb\u00f3l sz\u00e1rmaz\u00f3 p\u00e9ld\u00e1k azt mutatj\u00e1k, hogy a lakoss\u00e1g nagy r\u00e9sze vagy nem k\u00e9pviselteti mag\u00e1t a vizsg\u00e1lt mint\u00e1ban, ez\u00e9rt nehezen korrig\u00e1lhat\u00f3, vagy az utols\u00f3 pillanatban megv\u00e1ltoztatja szavaz\u00e1si sz\u00e1nd\u00e9k\u00e1t k\u00f6zvetlen vagy \u00f6nk\u00e9ntes t\u00e9nyez\u0151kt\u0151l f\u00fcgg\u0151en (t\u00e9nyeken alapul\u00f3 a statisztikai mintav\u00e9teles felm\u00e9r\u00e9seken megnehez\u00edti a v\u00e1ltoz\u00e1s ok\u00e1nak nyomon k\u00f6vet\u00e9s\u00e9t). Ami a mostani v\u00e1laszt\u00e1s sor\u00e1n nagyon egy\u00e9rtelm\u0171en \u00edgy van, a szavaz\u00f3k sz\u00e1ma rekord!<\/p>\n\n\n\n<div class=\"wp-block-columns is-layout-flex wp-container-5 wp-block-columns-is-layout-flex\">\n<div class=\"wp-block-column is-layout-flow wp-block-column-is-layout-flow\" style=\"flex-basis:100%\">\n<div class=\"wp-block-columns is-layout-flex wp-container-3 wp-block-columns-is-layout-flex\">\n<div class=\"wp-block-column is-layout-flow wp-block-column-is-layout-flow\" style=\"flex-basis:100%\">\n<center><script type=\"text\/javascript\" charset=\"utf-8\" src=\"https:\/\/www.gambling-affiliation.com\/cpm\/v=AmIMTDSs92QY6b0MzDMvM5laCjJ-ZlA-1oQ-7tKsi.w_GA7331V2\"><\/script><\/center>\n\n\n\n<p><\/p>\n\n\n\n<div class=\"wp-block-image is-style-default\"><figure class=\"aligncenter size-medium\"><a href=\"https:\/\/parier-presidentielle.com\/hu\/recommends\/unibet-logo\/\" target=\"_blank\" rel=\"no follow noopener\"><img decoding=\"async\" loading=\"lazy\" width=\"300\" height=\"169\" src=\"https:\/\/parier-presidentielle.com\/wp-content\/uploads\/2022\/04\/unibet-300x169.jpg\" alt=\"\" class=\"wp-image-1252\" srcset=\"https:\/\/parier-presidentielle.com\/wp-content\/uploads\/2022\/04\/unibet-300x169.jpg 300w, https:\/\/parier-presidentielle.com\/wp-content\/uploads\/2022\/04\/unibet-1024x576.jpg 1024w, https:\/\/parier-presidentielle.com\/wp-content\/uploads\/2022\/04\/unibet-768x432.jpg 768w, https:\/\/parier-presidentielle.com\/wp-content\/uploads\/2022\/04\/unibet-18x10.jpg 18w, https:\/\/parier-presidentielle.com\/wp-content\/uploads\/2022\/04\/unibet.jpg 1280w\" sizes=\"(max-width: 300px) 100vw, 300px\" \/><\/a><\/figure><\/div>\n<\/div>\n<\/div>\n<\/div>\n<\/div>\n\n\n\n<p>Mi van akkor, ha t\u00fal sok felm\u00e9r\u00e9s elavultt\u00e1 teszi \u0151ket? \u00c9s ha egy paradoxonnal \u00e1lln\u00e1nk szemben, amit a k\u00f6vetkez\u0151k\u00e9ppen hat\u00e1rozn\u00e9k meg: \u201e<strong> Min\u00e9l t\u00f6bben \u00e9rtik a felm\u00e9r\u00e9si technik\u00e1kat, \u00e9s min\u00e9l t\u00f6bben ismerik az eredm\u00e9nyeket, ann\u00e1l elfogultabbak az eredm\u00e9nyek.<\/strong> ?<br>Ami nem \u00edgy van <a href=\"https:\/\/parier-presidentielle.com\/hu\/fogadoirodak-felmeresek-elnokvalasztas\/\">fogad\u00f3irod\u00e1k<\/a> p\u00e9ld\u00e1ul az Unibet, <a href=\"https:\/\/parier-presidentielle.com\/hu\/bwin-politika-valasztas-2022\/\">Bwin<\/a>, BetClic\u2026<\/p>\n\n\n\n<div class=\"flourish-embed flourish-chart\" data-src=\"visualisation\/8788732\"><script src=\"https:\/\/public.flourish.studio\/resources\/embed.js\"><\/script><\/div>\n\n\n\n<h2 class=\"wp-block-heading\"><span id=\"les-sondages-politique-face-aux-opinions-et-bulle-informative\">Politikai k\u00f6zv\u00e9lem\u00e9ny-kutat\u00e1sok kontra v\u00e9lem\u00e9nyek \u00e9s inform\u00e1ci\u00f3s bubor\u00e9kok<\/span><\/h2>\n\n\n\n<p>Tov\u00e1bb\u00e1 a k\u00f6zv\u00e9lem\u00e9nykutat\u00e1s folyamatos publik\u00e1l\u00e1sa \u00e9s orsz\u00e1gos bemutat\u00e1sa \u00fctk\u00f6zik k\u00e9t egym\u00e1ssal k\u00f6lcs\u00f6nhat\u00e1sban l\u00e9v\u0151 pszichol\u00f3giai jelens\u00e9ggel: a konfirm\u00e1ci\u00f3s torz\u00edt\u00e1s azt jelenti, hogy az ember hajlamos el\u0151nyben r\u00e9szes\u00edteni az inform\u00e1ci\u00f3kat gondolatai \u00e9s felt\u00e9telez\u00e9sei ir\u00e1ny\u00e1ba; ugyanakkor a sz\u0171rt inform\u00e1ci\u00f3s bubor\u00e9kok azt eredm\u00e9nyezik, hogy el\u0151nyben r\u00e9szes\u00edtik. Hasonl\u00f3 inform\u00e1ci\u00f3forr\u00e1sokkal rendelkezik, ez\u00e9rt hajlamos egyet\u00e9rteni vele (ak\u00e1r a k\u00f6z\u00f6ss\u00e9gi oldalakon l\u00e9v\u0151 bar\u00e1tok, ak\u00e1r a hagyom\u00e1nyos inform\u00e1ci\u00f3forr\u00e1sok v\u00e1laszt\u00e1sa, amelyek szerkeszt\u0151i vonalaikkal ismertek a nyilv\u00e1noss\u00e1g sz\u00e1m\u00e1ra).<\/p>\n\n\n\n<p>Szembes\u00fclve bizonytalans\u00e1ggal \u00e9s elfogult mint\u00e1kkal, m\u00e1s el\u0151rejelz\u0151 eszk\u00f6z\u00f6kkel <a href=\"https:\/\/parier-presidentielle.com\/hu\/fogadoirodak-felmeresek-elnokvalasztas\/\">Felm\u00e9r\u00e9sek <\/a>megjelenhetnek, \u00e9s \u00fagy gondolom, hogy a legrelev\u00e1nsabb az, amely egy \u00e9vvel ezel\u0151tt m\u00e9g nem illett hozz\u00e1m: online szerencsej\u00e1t\u00e9k olyan oldalakon, mint az Unibet, Bwin, Betclic.<\/p>\n\n\n\n<h3 class=\"wp-block-heading\"><span id=\"les-elections-presidentielles-c8217est-comme-le-pmu\">Az eln\u00f6kv\u00e1laszt\u00e1s olyan, mint a PMU <\/span><\/h3>\n\n\n\n<p>Az els\u0151 <a href=\"https:\/\/parier-presidentielle.com\/hu\/\">v\u00e1laszt\u00e1si fogad\u00e1s <\/a>\u00fagy n\u00e9z ki, mint amit egy versenyp\u00e1ly\u00e1n l\u00e1tsz. Minden jel\u00f6ltnek van egy rangja, amely folyamatosan v\u00e1ltozik. Ezt sz\u00e1m\u00edt\u00f3g\u00e9p seg\u00edts\u00e9g\u00e9vel sz\u00e1m\u00edtj\u00e1k ki a szak\u00e9rt\u0151k, akik integr\u00e1lni tudj\u00e1k a k\u00f6zv\u00e9lem\u00e9ny-kutat\u00e1sokat, a t\u00e1rsadalmi-gazdas\u00e1gi t\u00e9nyez\u0151ket, a k\u00f6zelm\u00falt esem\u00e9nyeit, a kor\u00e1bbi egyeztet\u00e9sek eredm\u00e9nyeit \u00e9s a sz\u00e1m\u00edt\u00e1saikban m\u00e1r r\u00f6gz\u00edtett probl\u00e9m\u00e1kat.<\/p>\n\n\n\n<p><\/p>\n\n\n\n<p>P\u00e9ld\u00e1ul, ha egy fogad\u00f3 aznap este megteszi az \u00f6sszeget, \u00e1prilis 10-\u00e9n este megv\u00e1lasztj\u00e1k, \u00e9s vissza\u00e1ll\u00edtja kezdeti t\u00e9tj\u00e9t, k\u00f6r\u00fclbel\u00fcl (5\/6-r\u00f3l 11\/10-re, a webhelyt\u0151l f\u00fcgg\u0151en) . Nyilv\u00e1nval\u00f3, hogy ha nem \u0151 lesz az eln\u00f6k, akkor biztosan elvesz\u00edti a kezdeti fogad\u00e1st. Ebben a t\u00e1bl\u00e1zatban, ha Nicolas Dupont-Aignan nyer, egy nagyon szerencs\u00e9s vagy nagyon l\u00e1tnok ember ak\u00e1r 1000-szeres\u00e9t is megnyerheti a t\u00e9tj\u00e9nek.<\/p>\n\n\n\n<p>Ennek eredm\u00e9nyek\u00e9nt a fogad\u00f3irod\u00e1knak d\u00f6nteni\u00fck kell a szorz\u00f3k n\u00f6vel\u00e9se k\u00f6z\u00f6tt, hogy potenci\u00e1lis fogad\u00f3kat vonzanak webhelyeikre, vagy cs\u00f6kkenteni\u00fck kell az es\u00e9lyeket, hogy ne fizessenek t\u00fal a nyertesnek, \u00e9s megtarts\u00e1k nyerem\u00e9ny\u00fcket. A mechanizmus teh\u00e1t hajlamos az \u00f6nszab\u00e1lyoz\u00e1sra, ez\u00e9rt ezen a t\u00e1bl\u00e1zaton konszenzust l\u00e1tunk a pontsz\u00e1mokat illet\u0151en, a h\u00e1rom legjobban \u00e9rt\u00e9kelt jel\u00f6lt k\u00f6z\u00f6tt elhanyagolhat\u00f3 a k\u00fcl\u00f6nbs\u00e9g, \u00edgy az Unibet, a Bwin, a Betclic bukm\u00e9kerek versenyeznek hirdet\u00e9si aj\u00e1nlatokkal \u00e9s prom\u00f3ci\u00f3s tev\u00e9kenys\u00e9gekkel k\u00f6z\u00f6tt. \u0151ket.<\/p>\n\n\n\n<p><\/p>\n\n\n\n<h3 class=\"wp-block-heading\"><span id=\"un-bon-parieur-c8217est-un-bon-trader\">A j\u00f3 fogad\u00f3 j\u00f3 keresked\u0151<\/span><\/h3>\n\n\n\n<p>A m\u00e1sodik fogad\u00e1s, amit tal\u00e1ltam, hasonl\u00f3 a t\u0151zsde m\u0171k\u00f6d\u00e9s\u00e9hez. Az oldal egy olyan piact\u00e9r, ahol r\u00e9szv\u00e9nyk\u00e9nt m\u0171k\u00f6d\u0151 term\u00e9kekkel kereskedhetnek. Egy igen term\u00e9k\u00e9rt 1 $-t kell fizetni a v\u00e1laszt\u00e1s \u00e9jszak\u00e1j\u00e1n, ha az \u00e1ltala k\u00e9pviselt jel\u00f6lt nyer a v\u00e1laszt\u00e1son, ellenkez\u0151 esetben 0-t. Ezzel szemben a Nem term\u00e9k 1 $-t kap, ha vesz\u00edt, \u00e9s \u00e9rt\u00e9ktelen, ha nyer. Ez\u00e9rt az \u00e1ra centben kifejezve 0 $ \u00e9s 1 $ k\u00f6z\u00f6tt ingadozhat. Itt a fogad\u00f3nak kell meghat\u00e1roznia az \u00e1rat. Ha egy befektet\u0151 birtokolja egy jel\u00f6lt r\u00e9szv\u00e9nyeit, \u00e9s \u00fagy gondolja, hogy nem v\u00e1lasztj\u00e1k meg, eladhatja azokat egy m\u00e1sik szem\u00e9lynek, amennyiben elad\u00e1si \u00e9s v\u00e9teli \u00e1raik \u00f6sszehasonl\u00edthat\u00f3k. De ha minden elad\u00f3 olyan \u00e1rat akar, amelyet a vev\u0151k nem hajland\u00f3k fizetni, akkor az \u00fczlet nem fog megt\u00f6rt\u00e9nni. <strong>\u00cdgy a megjelen\u00edtett szorz\u00f3k az utols\u00f3 keresked\u00e9s \u00e1ra, \u00e9s ez\u00e9rt a piaci konszenzust jelentik az adott jel\u00f6lt nyer\u00e9si val\u00f3sz\u00edn\u0171s\u00e9g\u00e9r\u0151l.<\/strong>  <\/p>\n\n\n\n<p>Ennek eredm\u00e9nyek\u00e9nt a fogad\u00f3k j\u00f3val a v\u00e1laszt\u00e1sok el\u0151tt elsz\u00e1molhatnak nyeres\u00e9get vagy vesztes\u00e9get. Ennek a jel\u00f6ltnek az Igen r\u00e9szv\u00e9nyeinek febru\u00e1r 5-i megv\u00e1s\u00e1rl\u00e1s\u00e1val \u00e9s febru\u00e1r 21-i elad\u00e1s\u00e1val k\u00f6r\u00fclbel\u00fcl k\u00e9tszer annyi kezdeti r\u00e9szv\u00e9telt \u00e9rn\u00e9k el, m\u00e9g ha figyelmen k\u00edv\u00fcl hagyn\u00e1m a m\u00e1jus 7-i eredm\u00e9nyt is. \u00cdgy j\u00e1tszhatunk \u00fagy, hogy megj\u00f3soljuk a v\u00e9geredm\u00e9nyt, vagy egyszer\u0171en \u00fagy, hogy el\u0151re jelezz\u00fck a trendeket egy adott id\u0151szakra vonatkoz\u00f3an. <\/p>\n\n\n\n<h2 class=\"wp-block-heading\"><span id=\"mieux-que-les-sondages-vouloir-gagner-son-paris-permet-de-trouver-le-vainqueur-final-de-l8217election-presidentielle\">Jobb, mint a k\u00f6zv\u00e9lem\u00e9ny-kutat\u00e1sok megnyerni a P\u00e1rizst, lehet\u0151v\u00e9 teszi, hogy megtal\u00e1lja az eln\u00f6kv\u00e1laszt\u00e1s v\u00e9gs\u0151 gy\u0151ztes\u00e9t <\/span><\/h2>\n\n\n\n<p>Mindk\u00e9t esetben a k\u00f6zv\u00e9lem\u00e9ny-kutat\u00e1ssal \u00e9s annak eredm\u00e9nyeivel kapcsolatos pszichol\u00f3giai elfogults\u00e1gokat m\u00e9rlegelt\u00e9k, mivel a r\u00e9sztvev\u0151ket nem az \u00e1ltaluk k\u00edv\u00e1nt eredm\u00e9nyre fogadt\u00e1k, hanem arra, hogy milyen eredm\u00e9nyre gondoltak. Ez\u00e9rt \u00fagy t\u0171nik, hogy a kapzsis\u00e1gon alapul\u00f3 el\u0151rejelz\u00e9si rendszer kev\u00e9sb\u00e9 \u00e9rz\u00e9keny a manipul\u00e1ci\u00f3ra, legyen az \u00f6nk\u00e9ntes vagy akaratlan, \u00e9s a fogad\u00f3knak nem \u00e9rdek\u00fck a j\u00e1t\u00e9k, de ez felveti azt a neh\u00e9z k\u00e9rd\u00e9st, hogy az \u00d6n v\u00e9lem\u00e9ny\u00e9\u00e9rt fizetni kell\u2026<\/p>\n\n\n\n<p class=\"has-text-align-center unibet\" style=\"font-size:25px\"><mark style=\"background-color:rgba(0, 0, 0, 0);color:#0d7a12\" class=\"has-inline-color\"><strong><a href=\"https:\/\/parier-presidentielle.com\/hu\/recommends\/unibet\/\">150 \u20ac b\u00f3nusz az Unibetn\u00e9l<br>Az els\u0151 politikai vagy sportfogad\u00e1shoz: Kattintson ide<\/a><\/strong><\/mark><\/p>\n\n\n\n<p><\/p>\n\n\n<div class=\"wp-block-image\">\n<figure class=\"aligncenter is-resized wp-duotone-000097-ff4747-6\"><img decoding=\"async\" loading=\"lazy\" src=\"https:\/\/parier-presidentielle.com\/wp-content\/uploads\/2021\/09\/election-standard-scale-4_00x-gigapixel-1024x623.jpg\" alt=\"V\u00e1laszt\u00e1sok 2022\" style=\"width:256px;height:156px\" width=\"256\" height=\"156\"\/><\/figure><\/div>\n\n\n<p><br><\/p>\n\n\n\n<p><strong>A Parier-Presidential seg\u00edt a v\u00e1laszt\u00e1sban<a href=\"https:\/\/parier-presidentielle.com\/hu\/\"> A Bwin, az Unibet \u00e9s a Betclic bukm\u00e9kerek a j\u00f6v\u0151 amerikai eln\u00f6k\u00e9re fogadnak 2024-ben<\/a> : <\/strong><br><a href=\"https:\/\/parier-presidentielle.com\/hu\/unibet-politika-valasztas-2022\/\">Unibet eln\u00f6ki fogad\u00f3iroda<\/a> : R\u00e9szletes \u00e9s ingyenes \u00fatmutat\u00f3 az els\u0151 online fogad\u00e1shoz, minden szorz\u00f3val \u00e9s a felk\u00edn\u00e1lt b\u00f3nusz el\u0151nyeinek kihaszn\u00e1l\u00e1s\u00e1hoz!<\/p>\n\n\n\n<p>Valamint m\u00e1s p\u00e1rizsi online oldalak: <a href=\"https:\/\/parier-presidentielle.com\/hu\/unibet-politika-valasztas-2022\/\">Bwin<\/a>, <a href=\"https:\/\/parier-presidentielle.com\/hu\/netbet-paris-politics-valasztas-2022\/\">NetBet<\/a>, <a href=\"https:\/\/parier-presidentielle.com\/hu\/betclic-presidential-2022\/\">Betclic<\/a>, <a href=\"https:\/\/parier-presidentielle.com\/hu\/winamax-politika-valasztas-2022\/\">Winamax<\/a>, Parions Sport, Zebet,Betway, France-Pari,Vbet, Cloudbet, 1Xbit, 1xbet, Betfair, Betwinner\u2026<\/p>\n\n\n\n<div class=\"wp-block-columns is-layout-flex wp-container-11 wp-block-columns-is-layout-flex\">\n<div class=\"wp-block-column is-layout-flow wp-block-column-is-layout-flow\" style=\"flex-basis:33.33%\">\n<p>Most olvasta el a f\u00e1jlunkat:<\/p>\n<\/div>\n\n\n\n<div class=\"wp-block-column is-layout-flow wp-block-column-is-layout-flow\" style=\"flex-basis:33.33%\">\n<div class=\"wp-block-group is-layout-flow wp-block-group-is-layout-flow\"><div class=\"wp-block-group__inner-container\"><h4 class=\"has-text-align-center wp-block-post-title\"><span id=\"les-bookmakers-plus-fiable-que-les-sondages-pour-l8217election-presidentielle\"><a href=\"https:\/\/parier-presidentielle.com\/hu\/fogadoirodak-felmeresek-elnokvalasztas\/\" target=\"_self\" >Bukm\u00e9kerek: megb\u00edzhat\u00f3bbak, mint a Polls az eln\u00f6kv\u00e1laszt\u00e1sn\u00e1l<\/a><\/span><\/h4><\/div><\/div>\n<\/div>\n\n\n\n<div class=\"wp-block-column is-layout-flow wp-block-column-is-layout-flow\" style=\"flex-basis:33.33%\">\n<p class=\"has-text-align-right\">Folytassa az olvas\u00e1st a t\u00f6bbi exkluz\u00edv f\u00e1jlunkkal,<\/p>\n<\/div>\n<\/div>\n\n\n\n<h3 class=\"wp-block-heading\" id=\"tous-les-pronostics-sondage-et-cotes-pour-parier-sur-le-futur-vainqueur-de-l-election-presidentielle-2022\"><span id=\"tous-les-pronostics-sondage-et-cotes-pour-parier-sur-le-futur-vainqueur-de-l8217election-presidentielle-2024\">Az \u00f6sszes j\u00f3slat, felm\u00e9r\u00e9s \u00e9s es\u00e9ly a 2024-es eln\u00f6kv\u00e1laszt\u00e1s j\u00f6v\u0151beli gy\u0151ztes\u00e9re:<\/span><\/h3>\n\n\n\n<ul>\n<li><a href=\"https:\/\/parier-presidentielle.com\/hu\/makro-valasztas\/\">Fogadjon Emmanuel Macronra az Unibet, Betclic, Bwin seg\u00edts\u00e9g\u00e9vel<\/a> : A kedvenc a szavaz\u00e1sokban \u00e9s el\u0151rejelz\u00e9sekben <\/li>\n\n\n\n<li><a href=\"https:\/\/parier-presidentielle.com\/hu\/marine-le-pen-valasztas\/\">Marine Le Pen: Az es\u00e9lyei \u00e9s a fogad\u00e1s m\u00f3dja a bukm\u00e9kerekn\u00e9l<\/a>: A kih\u00edv\u00f3 az Unibet szerint<\/li>\n<\/ul>\n\n\n\n<p><\/p>\n\n\n\n<center><script type=\"text\/javascript\" charset=\"utf-8\" src=\"https:\/\/www.gambling-affiliation.com\/cpm\/v=AmIMTDSs92QY6b0MzDMvM5laCjJ-ZlA-1oQ-7tKsi.w_GA7331V2\"><\/script><\/center>\n\n\n\n<h3 class=\"wp-block-heading\"><span id=\"donald-trump-vs-joe-biden-la-video-qui-lance-les-paris-en-ligne-sur-l8217election-politique-de-2024\">Donald Trump vs Joe Biden: A vide\u00f3, amely online fogad\u00e1st ind\u00edt a 2024-es politikai v\u00e1laszt\u00e1sokr\u00f3l<\/span><\/h3>\n\n\n\n<figure class=\"wp-block-embed is-type-video is-provider-youtube wp-block-embed-youtube wp-embed-aspect-16-9 wp-has-aspect-ratio\"><div class=\"wp-block-embed__wrapper\">\n<iframe loading=\"lazy\" title=\"Donald Trump volt eln\u00f6k meghirdeti a 2024-es Feh\u00e9r H\u00e1z #Short p\u00e1ly\u00e1zat\u00e1t\" width=\"640\" height=\"360\" src=\"https:\/\/www.youtube.com\/embed\/hZykPRVe4Ag?feature=oembed\" frameborder=\"0\" allow=\"accelerometer; autoplay; clipboard-write; encrypted-media; gyroscope; picture-in-picture; web-share\" allowfullscreen><\/iframe>\n<\/div><\/figure>\n\n\n<div class=\"wp-block-image\">\n<figure class=\"aligncenter size-medium\"><a href=\"https:\/\/parier-presidentielle.com\/hu\/recommends\/unibet\/\" target=\"_blank\" rel=\"noopener\"><img decoding=\"async\" loading=\"lazy\" width=\"300\" height=\"169\" src=\"https:\/\/parier-presidentielle.com\/wp-content\/uploads\/2022\/04\/unibet-300x169.jpg\" alt=\"\" class=\"wp-image-1252\" srcset=\"https:\/\/parier-presidentielle.com\/wp-content\/uploads\/2022\/04\/unibet-300x169.jpg 300w, https:\/\/parier-presidentielle.com\/wp-content\/uploads\/2022\/04\/unibet-1024x576.jpg 1024w, https:\/\/parier-presidentielle.com\/wp-content\/uploads\/2022\/04\/unibet-768x432.jpg 768w, https:\/\/parier-presidentielle.com\/wp-content\/uploads\/2022\/04\/unibet-18x10.jpg 18w, https:\/\/parier-presidentielle.com\/wp-content\/uploads\/2022\/04\/unibet.jpg 1280w\" sizes=\"(max-width: 300px) 100vw, 300px\" \/><\/a><\/figure><\/div>\n\n\n<p>Keresse meg a Wikit, az alapvet\u0151 politikai h\u00edreket a kannabiszr\u00f3l \u00e9s leg\u00e1lis sz\u00e1rmaz\u00e9kair\u00f3l: <strong>HHC, H4cbd, Thcp, Thcv, HSD, HHCPO, C4B<\/strong><\/p>\n\n\n\n<p><\/p>\n<div id=\"toc_container\" class=\"no_bullets\"><p class=\"toc_title\">Tartalom<\/p><ul class=\"toc_list\"><li><\/li><li><ul><li><\/li><li><\/li><\/ul><\/li><li><ul><li><ul><li><\/li><\/ul><\/li><li><\/li><li><\/li><\/ul><\/li><\/ul><\/div>","protected":false},"excerpt":{"rendered":"<p>Le Paradoxe des sondages politiques Plus les gens apprenaient les techniques de sondage et \u00e9taient expos\u00e9s aux r\u00e9sultats, plus les r\u00e9sultats devenaient biais\u00e9s. Pourquoi? Malgr\u00e9 leur longue histoire, les sondages pr\u00e9\u00e9lectoraux ont un d\u00e9faut majeur\u00a0: les r\u00e9pondants ont le libre arbitre de mentir, de changer d&#8217;avis et de tricher sur les bulletins de vote pass\u00e9s. &#8230;<\/p>","protected":false},"author":1,"featured_media":0,"parent":0,"menu_order":0,"comment_status":"closed","ping_status":"closed","template":"page-nosidebar.php","meta":{"footnotes":""},"yoast_head":"<!-- This site is optimized with the Yoast SEO Premium plugin v21.0 (Yoast SEO v21.0) - https:\/\/yoast.com\/wordpress\/plugins\/seo\/ -->\n<title>Les Bookmakers : plus fiable que les Sondages pour l&#039;\u00e9lection pr\u00e9sidentielle - Finale Coupe du Monde FIFA<\/title>\n<meta name=\"description\" content=\"Les cotes des bookmakers sont plus fiable que les sondage pour la Politique : Pourquoi et comment en profiter?\" \/>\n<meta name=\"robots\" content=\"index, follow, max-snippet:-1, max-image-preview:large, max-video-preview:-1\" \/>\n<link rel=\"canonical\" href=\"https:\/\/parier-presidentielle.com\/hu\/fogadoirodak-felmeresek-elnokvalasztas\/\" \/>\n<meta property=\"og:locale\" content=\"hu_HU\" \/>\n<meta property=\"og:type\" content=\"article\" \/>\n<meta property=\"og:title\" content=\"Les Bookmakers : plus fiable que les Sondages pour l&#039;\u00e9lection pr\u00e9sidentielle\" \/>\n<meta property=\"og:description\" content=\"Les cotes des bookmakers sont plus fiable que les sondage pour la Politique : Pourquoi et comment en profiter?\" \/>\n<meta property=\"og:url\" content=\"https:\/\/parier-presidentielle.com\/hu\/fogadoirodak-felmeresek-elnokvalasztas\/\" \/>\n<meta property=\"og:site_name\" content=\"Parier Pr\u00e9sidentielle\" \/>\n<meta property=\"article:modified_time\" content=\"2022-03-30T21:38:42+00:00\" \/>\n<meta property=\"og:image\" content=\"https:\/\/parier-presidentielle.com\/wp-content\/uploads\/2022\/03\/bookmakers-sondages-election-presidentielle-1024x545.jpg\" \/>\n<meta name=\"twitter:card\" content=\"summary_large_image\" \/>\n<meta name=\"twitter:label1\" content=\"Est. reading time\" \/>\n\t<meta name=\"twitter:data1\" content=\"5 perc\" \/>\n<script type=\"application\/ld+json\" class=\"yoast-schema-graph\">{\"@context\":\"https:\/\/schema.org\",\"@graph\":[{\"@type\":\"WebPage\",\"@id\":\"https:\/\/parier-presidentielle.com\/bookmakers-sondages-election-presidentielle\/\",\"url\":\"https:\/\/parier-presidentielle.com\/bookmakers-sondages-election-presidentielle\/\",\"name\":\"Les Bookmakers : plus fiable que les Sondages pour l'\u00e9lection pr\u00e9sidentielle - Finale Coupe du Monde FIFA\",\"isPartOf\":{\"@id\":\"https:\/\/parier-presidentielle.com\/#website\"},\"datePublished\":\"2022-03-08T14:51:23+00:00\",\"dateModified\":\"2022-03-30T21:38:42+00:00\",\"description\":\"Les cotes des bookmakers sont plus fiable que les sondage pour la Politique : Pourquoi et comment en profiter?\",\"breadcrumb\":{\"@id\":\"https:\/\/parier-presidentielle.com\/bookmakers-sondages-election-presidentielle\/#breadcrumb\"},\"inLanguage\":\"hu\",\"potentialAction\":[{\"@type\":\"ReadAction\",\"target\":[\"https:\/\/parier-presidentielle.com\/bookmakers-sondages-election-presidentielle\/\"]}]},{\"@type\":\"BreadcrumbList\",\"@id\":\"https:\/\/parier-presidentielle.com\/bookmakers-sondages-election-presidentielle\/#breadcrumb\",\"itemListElement\":[{\"@type\":\"ListItem\",\"position\":1,\"name\":\"Accueil\",\"item\":\"https:\/\/parier-presidentielle.com\/\"},{\"@type\":\"ListItem\",\"position\":2,\"name\":\"Les Bookmakers : plus fiable que les Sondages pour l&rsquo;\u00e9lection pr\u00e9sidentielle\"}]},{\"@type\":\"WebSite\",\"@id\":\"https:\/\/parier-presidentielle.com\/#website\",\"url\":\"https:\/\/parier-presidentielle.com\/\",\"name\":\"Parier Pr\u00e9sidentielle\",\"description\":\"Paris, Pronostics, Wiki sur la Politique, les Elections Am\u00e9ricaines: Joe Biden, Donald Trump avec les Bookmakers en ligne Unibet, Bwin, Betclic, Winamax\",\"potentialAction\":[{\"@type\":\"SearchAction\",\"target\":{\"@type\":\"EntryPoint\",\"urlTemplate\":\"https:\/\/parier-presidentielle.com\/?s={search_term_string}\"},\"query-input\":\"required name=search_term_string\"}],\"inLanguage\":\"hu\"}]}<\/script>\n<!-- \/ Yoast SEO Premium plugin. -->","yoast_head_json":{"title":"Les Bookmakers : plus fiable que les Sondages pour l'\u00e9lection pr\u00e9sidentielle - Finale Coupe du Monde FIFA","description":"Les cotes des bookmakers sont plus fiable que les sondage pour la Politique : Pourquoi et comment en profiter?","robots":{"index":"index","follow":"follow","max-snippet":"max-snippet:-1","max-image-preview":"max-image-preview:large","max-video-preview":"max-video-preview:-1"},"canonical":"https:\/\/parier-presidentielle.com\/hu\/fogadoirodak-felmeresek-elnokvalasztas\/","og_locale":"hu_HU","og_type":"article","og_title":"Les Bookmakers : plus fiable que les Sondages pour l'\u00e9lection pr\u00e9sidentielle","og_description":"Les cotes des bookmakers sont plus fiable que les sondage pour la Politique : Pourquoi et comment en profiter?","og_url":"https:\/\/parier-presidentielle.com\/hu\/fogadoirodak-felmeresek-elnokvalasztas\/","og_site_name":"Parier Pr\u00e9sidentielle","article_modified_time":"2022-03-30T21:38:42+00:00","og_image":[{"url":"https:\/\/parier-presidentielle.com\/wp-content\/uploads\/2022\/03\/bookmakers-sondages-election-presidentielle-1024x545.jpg"}],"twitter_card":"summary_large_image","twitter_misc":{"Est. reading time":"5 perc"},"schema":{"@context":"https:\/\/schema.org","@graph":[{"@type":"WebPage","@id":"https:\/\/parier-presidentielle.com\/bookmakers-sondages-election-presidentielle\/","url":"https:\/\/parier-presidentielle.com\/bookmakers-sondages-election-presidentielle\/","name":"Les Bookmakers : plus fiable que les Sondages pour l'\u00e9lection pr\u00e9sidentielle - Finale Coupe du Monde FIFA","isPartOf":{"@id":"https:\/\/parier-presidentielle.com\/#website"},"datePublished":"2022-03-08T14:51:23+00:00","dateModified":"2022-03-30T21:38:42+00:00","description":"Les cotes des bookmakers sont plus fiable que les sondage pour la Politique : Pourquoi et comment en profiter?","breadcrumb":{"@id":"https:\/\/parier-presidentielle.com\/bookmakers-sondages-election-presidentielle\/#breadcrumb"},"inLanguage":"hu","potentialAction":[{"@type":"ReadAction","target":["https:\/\/parier-presidentielle.com\/bookmakers-sondages-election-presidentielle\/"]}]},{"@type":"BreadcrumbList","@id":"https:\/\/parier-presidentielle.com\/bookmakers-sondages-election-presidentielle\/#breadcrumb","itemListElement":[{"@type":"ListItem","position":1,"name":"Accueil","item":"https:\/\/parier-presidentielle.com\/"},{"@type":"ListItem","position":2,"name":"Les Bookmakers : plus fiable que les Sondages pour l&rsquo;\u00e9lection pr\u00e9sidentielle"}]},{"@type":"WebSite","@id":"https:\/\/parier-presidentielle.com\/#website","url":"https:\/\/parier-presidentielle.com\/","name":"Parier Pr\u00e9sidentielle","description":"Paris, Pronostics, Wiki sur la Politique, les Elections Am\u00e9ricaines: Joe Biden, Donald Trump avec les Bookmakers en ligne Unibet, Bwin, Betclic, Winamax","potentialAction":[{"@type":"SearchAction","target":{"@type":"EntryPoint","urlTemplate":"https:\/\/parier-presidentielle.com\/?s={search_term_string}"},"query-input":"required name=search_term_string"}],"inLanguage":"hu"}]}},"_links":{"self":[{"href":"https:\/\/parier-presidentielle.com\/hu\/wp-json\/wp\/v2\/pages\/951"}],"collection":[{"href":"https:\/\/parier-presidentielle.com\/hu\/wp-json\/wp\/v2\/pages"}],"about":[{"href":"https:\/\/parier-presidentielle.com\/hu\/wp-json\/wp\/v2\/types\/page"}],"author":[{"embeddable":true,"href":"https:\/\/parier-presidentielle.com\/hu\/wp-json\/wp\/v2\/users\/1"}],"replies":[{"embeddable":true,"href":"https:\/\/parier-presidentielle.com\/hu\/wp-json\/wp\/v2\/comments?post=951"}],"version-history":[{"count":10,"href":"https:\/\/parier-presidentielle.com\/hu\/wp-json\/wp\/v2\/pages\/951\/revisions"}],"predecessor-version":[{"id":1111,"href":"https:\/\/parier-presidentielle.com\/hu\/wp-json\/wp\/v2\/pages\/951\/revisions\/1111"}],"wp:attachment":[{"href":"https:\/\/parier-presidentielle.com\/hu\/wp-json\/wp\/v2\/media?parent=951"}],"curies":[{"name":"wp","href":"https:\/\/api.w.org\/{rel}","templated":true}]}}