{"id":121,"date":"2021-09-10T13:58:16","date_gmt":"2021-09-10T11:58:16","guid":{"rendered":"https:\/\/parier-presidentielle.com\/?page_id=121"},"modified":"2023-09-09T20:26:39","modified_gmt":"2023-09-09T18:26:39","slug":"asselineau-bookmaker-unibet-bwin","status":"publish","type":"page","link":"https:\/\/parier-presidentielle.com\/ja\/asselineau-bookmaker-unibet-bwin\/","title":{"rendered":"\u30ec\u30fb\u30d6\u30c3\u30af\u30e1\u30fc\u30ab\u30fc\u30fb\u30d6\u30a6\u30a3\u30f3\u306b\u3088\u308b\u30a2\u30bb\u30ea\u30ce\u30fc\u3068\u5927\u7d71\u9818\u9078\u6319\u3001Unibet"},"content":{"rendered":"<h2 class=\"wp-block-heading\" id=\"h-pour-les-parieurs-britanniques-le-candidat-socialiste-etait-deja-en-piteux-etat-a-dix-jours-du-premier-tour-de-la-presidentielle-et-ne-se-presentera-pas-au-terme-de-sa-peine-contrairement-a-francois-asselineau\"><span id=\"pour-les-parieurs-britanniques-le-candidat-socialiste-etait-deja-en-piteux-etat-a-dix-jours-du-premier-tour-de-la-presidentielle-et-ne-se-presentera-pas-au-terme-de-sa-peine-contrairement-a-francois-asselineau\">\u82f1\u56fd\u306e\u8ced\u535a\u8005\u306b\u3068\u3063\u3066\u3001\u3053\u306e\u793e\u4f1a\u515a\u5019\u88dc\u306f\u5927\u7d71\u9818\u9078\u6319\u306e\u7b2c1\u56de\u6295\u7968\u306e10\u65e5\u524d\u304b\u3089\u3059\u3067\u306b\u4f53\u8abf\u304c\u60aa\u304b\u3063\u305f\u305f\u3081\u3001\u30d5\u30e9\u30f3\u30bd\u30ef\u30fb\u30a2\u30bb\u30ea\u30ce\u30fc\u3068\u306f\u7570\u306a\u308a\u3001\u5211\u671f\u7d42\u4e86\u6642\u306b\u306f\u51fa\u99ac\u3057\u306a\u3044\u3060\u308d\u3046\u3002<\/span><\/h2>\n\n\n\n<p><\/p>\n\n\n\n<p>\u5927\u7d71\u9818\u9078\u6319\u306e\u7b2c1\u56de\u6295\u7968\u307e\u30672\u9031\u9593\u3092\u5207\u3063\u305f\u6642\u70b9\u3067\u3001\u793e\u4f1a\u515a\u5019\u88dc\u304c\u7b2c2\u56de\u6295\u7968\u306b\u9032\u3080\u3068\u898b\u305f\u89b3\u6e2c\u8005\u306f\u307b\u3068\u3093\u3069\u3044\u306a\u304b\u3063\u305f\u3002\u7b46\u982d\u682a\u4e3b\u306f\uff15\u4f4d\u306b\u8ee2\u843d\u3057\u305f\u3002\u5f7c\u81ea\u8eab\u3082\u5e0c\u671b\u3092\u5931\u3063\u305f\u3088\u3046\u3067\u30014\u670823\u65e5\u306b\u5931\u6557\u3057\u305f\u5834\u5408\u306e\u300c\u3050\u3063\u3059\u308a\u7720\u308c\u308b\u300d\u53ef\u80fd\u6027\u306b\u3064\u3044\u3066\u3082\u79c1\u305f\u3061\u306e\u30a2\u30f3\u30c6\u30ca\u3067\u8a00\u53ca\u3057\u3066\u3044\u307e\u3057\u305f\u3002 \u300c\u30d6\u30ce\u30ef\u30fb\u30a2\u30e2\u30f3\u306f\u81ea\u5206\u306e\u5931\u6557\u3092\u5185\u9762\u5316\u3057\u3066\u3044\u308b\u3088\u3046\u3060\u300d\u3068\u30b8\u30e3\u30fc\u30ca\u30ea\u30b9\u30c8\u306e\u30a2\u30eb\u30d0\u30fb\u30d9\u30f3\u30c1\u30e5\u30e9\u306f\u5206\u6790\u3057\u305f\u3002\u305d\u3057\u3066\u4e0b\u843d\u306f\u7d9a\u304f\u53ef\u80fd\u6027\u304c\u3042\u308b\u3002<br><\/p>\n\n\n\n<figure class=\"wp-block-image wp-duotone-000097-ff4747-1\"><img decoding=\"async\" loading=\"lazy\" width=\"752\" height=\"423\" src=\"https:\/\/parier-presidentielle.com\/wp-content\/uploads\/2021\/09\/asselineau.jpg\" alt=\"\" class=\"wp-image-114\" srcset=\"https:\/\/parier-presidentielle.com\/wp-content\/uploads\/2021\/09\/asselineau.jpg 752w, https:\/\/parier-presidentielle.com\/wp-content\/uploads\/2021\/09\/asselineau-300x169.jpg 300w\" sizes=\"(max-width: 752px) 100vw, 752px\" \/><\/figure>\n\n\n\n<h2 class=\"wp-block-heading\" id=\"h-benoit-hamon-vit-une-veritable-chute-aux-enfers-dans-les-sondages-et-donc-egalement-dans-ses-cotes-selon-les-sites-de-paris-en-ligne-bwin-unibet-netbet-betclic-winamax\"><span id=\"benoit-hamon-vit-une-veritable-chute-aux-enfers-dans-les-sondages-et-donc-egalement-dans-ses-cotes-selon-les-sites-de-paris-en-ligne-bwin-unibet-netbet-betclic-winamax\">\u30d6\u30ce\u30ef\u30fb\u30a2\u30e2\u30f3\u306f\u4e16\u8ad6\u8abf\u67fb\u3067\u307e\u3055\u306b\u5730\u7344\u306b\u843d\u3061\u3066\u304a\u308a\u3001\u3057\u305f\u304c\u3063\u3066\u30aa\u30f3\u30e9\u30a4\u30f3\u8ced\u535a\u30b5\u30a4\u30c8Bwin\u3001Unibet\u3001Netbet\u3001Betclic\u3001Winamax\u306b\u3088\u308b\u30aa\u30c3\u30ba\u3067\u3082\u5b9f\u969b\u306b\u5730\u7344\u306b\u843d\u3061\u3066\u3044\u308b\u3002<\/span><\/h2>\n\n\n\n<p><br>\u82f1\u56fd\u306e\u30b2\u30fc\u30e0\u4f1a\u793e\u306b\u3088\u308b\u3068\u3001\u5143\u6559\u80b2\u5927\u81e3\u306f\u30d5\u30e9\u30f3\u30bd\u30ef\u30fb\u30a2\u30bb\u30ea\u30ce\u30fc\u6c0f\u306b\u3088\u3063\u30664\u4f4d\u304b\u3089\u8ffd\u3044\u51fa\u3055\u308c\u308b\u53ef\u80fd\u6027\u304c\u3042\u308b\u3068\u3044\u3046\u3002\u4eba\u6c11\u62b5\u6297\u540c\u76df\u306e\u4f1a\u9577\u306f\u3001\u3053\u306e\u793e\u4f1a\u4e3b\u7fa9\u8005\u3092100\/1\u306e\u30b9\u30b3\u30a2\u30676\u4f4d\u306b\u964d\u683c\u3055\u305b\u3001\u30cb\u30b3\u30e9\u30fb\u30c7\u30e5\u30dd\u30f3\uff1d\u30a8\u30cb\u30e3\u30f3\u3068\u4e26\u3076200\/1\u3068\u3057\u305f\u3002 Lib\u00e9ration \u3068\u306e\u30a4\u30f3\u30bf\u30d3\u30e5\u30fc\u3067\u3001\u30c1\u30e3\u30cd\u30eb\u6700\u5927\u306e\u30b2\u30fc\u30e0\u4f1a\u793e\u306e 1 \u3064\u3067\u3042\u308b William Hill (\u30d6\u30c3\u30af\u30e1\u30fc\u30ab\u30fc Bwin\u3001Unibet\u3001Netbet\u3001Betclic\u3001Winamax \u306b\u76f8\u5f53) \u306e\u5e83\u5831\u62c5\u5f53\u30b0\u30e9\u30cf\u30e0\u30fb\u30b7\u30e3\u30fc\u30d7\u306f\u3001\u30d5\u30e9\u30f3\u30bd\u30ef\u304c\u3053\u306e\u73fe\u8c61\u3092\u8aac\u660e\u3057\u3088\u3046\u3068\u3057\u305f\u3002\u30a2\u30bb\u30ea\u30ce\u30fc\u6c0f\u306f\u591a\u304f\u306eBrexit\u652f\u6301\u8005\u3068\u540c\u69d8\u3001\u53cd\u6b27\u5dde\u3001\u53cd\u30e6\u30fc\u30ed\u3001\u53cdNATO\u306e\u30a2\u30d7\u30ed\u30fc\u30c1\u3092\u63a1\u7528\u3057\u305f\u3002\u5f37\u529b\u306a\u30ae\u30e3\u30f3\u30d6\u30e9\u30fc\u3067\u3042\u308b\u3068\u965b\u4e0b\u306e\u81e3\u6c11\u306f\u8003\u3048\u3066\u3044\u305f <a href=\"https:\/\/parier-presidentielle.com\/ja\/\u30de\u30af\u30ed\u30f3\u9078\u6319\/\">\u30a8\u30de\u30cb\u30e5\u30a8\u30eb\u30fb\u30de\u30af\u30ed\u30f3<\/a> 08\/11\u306e\u5973\u738b\u9078\u6319\u306e\u5927\u52dd\u8005\u3068\u3057\u3066\u3002 &quot; \u50cd\u304f \uff01 &quot; \u30ea\u30fc\u30c0\u30fc \uff01\u3059\u3050\u5f8c\u308d\u306b\u306f\u3001 <a href=\"https:\/\/parier-presidentielle.com\/ja\/\u30de\u30ea\u30fc\u30cc\u30fb\u30eb\u30fb\u30da\u30f3\u9078\u6319\/\">\u30de\u30ea\u30fc\u30cc\u30fb\u30eb\u30fb\u30da\u30f3 <\/a>(11\/4)\u3002\u30d5\u30e9\u30f3\u30bd\u30ef\u30fb\u30d5\u30a3\u30e8\u30f3\u306f\u30b8\u30e3\u30f3\uff1d\u30ea\u30e5\u30c3\u30af\u30fb\u30e1\u30e9\u30f3\u30b7\u30e7\u30f3\uff088\/1\uff09\u3092\u6291\u3048\u30669\/2\u306b\u8868\u5f70\u53f0\u306b\u4e0a\u304c\u308a\u307e\u3059\u3002\u305f\u3060\u3057\u3001\u3053\u308c\u3089\u306e\u4e88\u6e2c\u306f\u7559\u4fdd\u3055\u308c\u308b\u3079\u304d\u3067\u3059\u3002\u305f\u3060\u3057\u3001\u3053\u308c\u3089\u306e\u4e88\u6e2c\u306f\u5c11\u3057\u5272\u308a\u5f15\u3044\u3066\u53d7\u3051\u6b62\u3081\u308b\u5fc5\u8981\u304c\u3042\u308a\u307e\u3059\u3002 2016\u5e746\u670822\u65e5\u3001\u6b27\u5dde\u9023\u5408\uff08EU\uff09\u96e2\u8131\u3092\u554f\u3046\u82f1\u56fd\u306e\u56fd\u6c11\u6295\u7968\u306e\u524d\u591c\u3001\u30d6\u30c3\u30af\u30e1\u30fc\u30ab\u30fc\u306f\u6b27\u5dde\u9023\u5408\uff08EU\uff09\u96e2\u8131\u306e\u7dad\u6301\u306b\u8ced\u3051\u3066\u3044\u305f\u3002<br><br><\/p>\n\n\n\n<p class=\"has-text-align-center unibet\" style=\"font-size:25px\"><mark style=\"background-color:rgba(0, 0, 0, 0);color:#0d7a12\" class=\"has-inline-color\"><strong><a href=\"https:\/\/parier-presidentielle.com\/ja\/recommends\/unibet\/\">Unibet \u3067\u63d0\u4f9b\u3055\u308c\u308b 150 \u30e6\u30fc\u30ed\u306e\u30dc\u30fc\u30ca\u30b9<br>\u521d\u3081\u3066\u306e\u653f\u6cbb\u307e\u305f\u306f\u30b9\u30dd\u30fc\u30c4\u306e\u8ced\u3051: \u3053\u3053\u3092\u30af\u30ea\u30c3\u30af\u3057\u3066\u304f\u3060\u3055\u3044<\/a><\/strong><\/mark><\/p>\n\n\n\n<p><\/p>\n\n\n<div class=\"wp-block-image\">\n<figure class=\"aligncenter is-resized wp-duotone-000097-ff4747-2\"><img decoding=\"async\" loading=\"lazy\" src=\"https:\/\/parier-presidentielle.com\/wp-content\/uploads\/2021\/09\/election-standard-scale-4_00x-gigapixel-1024x623.jpg\" alt=\"2022 \u5e74\u306e\u9078\u6319\" style=\"width:256px;height:156px\" width=\"256\" height=\"156\"\/><\/figure><\/div>\n\n\n<p><br><\/p>\n\n\n\n<p><strong>Parier-presidential \u306f\u3001\u3055\u307e\u3056\u307e\u306a\u9078\u629e\u80a2\u306e\u4e2d\u304b\u3089\u304a\u5ba2\u69d8\u304c\u9078\u629e\u3067\u304d\u308b\u3088\u3046\u304a\u624b\u4f1d\u3044\u3057\u307e\u3059\u3002<a href=\"https:\/\/parier-presidentielle.com\/ja\/\"> \u30d6\u30c3\u30af\u30e1\u30fc\u30ab\u30fc\u306eBwin\u3001Unibet\u3001Betclic\u304c2024\u5e74\u306e\u5c06\u6765\u306e\u30a2\u30e1\u30ea\u30ab\u5927\u7d71\u9818\u306b\u8ced\u3051\u308b<\/a> : <\/strong><br><a href=\"https:\/\/parier-presidentielle.com\/ja\/unibet-\u653f\u6cbb-\u9078\u6319-2022\/\">Unibet \u5927\u7d71\u9818\u30d6\u30c3\u30af\u30e1\u30fc\u30ab\u30fc<\/a> : \u3059\u3079\u3066\u306e\u30aa\u30c3\u30ba\u3067\u6700\u521d\u306e\u30aa\u30f3\u30e9\u30a4\u30f3 \u30d9\u30c3\u30c8\u3092\u884c\u3046\u305f\u3081\u306e\u8a73\u7d30\u306a\u7121\u6599\u30ac\u30a4\u30c9\u3068\u3001\u63d0\u4f9b\u3055\u308c\u308b\u30dc\u30fc\u30ca\u30b9\u3092\u6d3b\u7528\u3059\u308b\u65b9\u6cd5!<\/p>\n\n\n\n<p>\u30d1\u30ea\u306e\u4ed6\u306e\u30aa\u30f3\u30e9\u30a4\u30f3 \u30b5\u30a4\u30c8\u3068\u540c\u69d8\u306b: <a href=\"https:\/\/parier-presidentielle.com\/ja\/unibet-\u653f\u6cbb-\u9078\u6319-2022\/\">\u30d6\u30a6\u30a3\u30f3<\/a>, <a href=\"https:\/\/parier-presidentielle.com\/ja\/netbet-\u30d1\u30ea-\u653f\u6cbb-\u9078\u6319-2022\/\">\u30cd\u30c3\u30c8\u30d9\u30c3\u30c8<\/a>, <a href=\"https:\/\/parier-presidentielle.com\/ja\/betclic-\u5927\u7d71\u9818-2022\/\">\u30d9\u30c8\u30af\u30ea\u30c3\u30af<\/a>, <a href=\"https:\/\/parier-presidentielle.com\/ja\/winamax-\u653f\u6cbb-\u9078\u6319-2022\/\">\u30a6\u30a3\u30ca\u30de\u30c3\u30af\u30b9<\/a>\u3001\u30d1\u30ea\u30aa\u30f3\u30ba \u30b9\u30dd\u30fc\u30c4\u3001Zebet\u3001Betway\u3001\u30d5\u30e9\u30f3\u30b9-\u30d1\u30ea\u3001Vbet\u3001Cloudbet\u30011Xbit\u30011xbet\u3001Betfair\u3001Betwinner \u2026<\/p>\n\n\n\n<div class=\"wp-block-columns is-layout-flex wp-container-7 wp-block-columns-is-layout-flex\">\n<div class=\"wp-block-column is-layout-flow wp-block-column-is-layout-flow\" style=\"flex-basis:33.33%\">\n<p>\u79c1\u305f\u3061\u306e\u30d5\u30a1\u30a4\u30eb\u3092\u8aad\u307f\u307e\u3057\u305f:<\/p>\n<\/div>\n\n\n\n<div class=\"wp-block-column is-layout-flow wp-block-column-is-layout-flow\" style=\"flex-basis:33.33%\">\n<div class=\"wp-block-group is-layout-flow wp-block-group-is-layout-flow\"><div class=\"wp-block-group__inner-container\"><h4 class=\"has-text-align-center wp-block-post-title\"><span id=\"asselineau-et-l8217election-presidentielle-selon-les-bookmakers-bwin-unibet\"><a href=\"https:\/\/parier-presidentielle.com\/ja\/asselineau-bookmaker-unibet-bwin\/\" target=\"_self\" >\u30ec\u30fb\u30d6\u30c3\u30af\u30e1\u30fc\u30ab\u30fc\u30fb\u30d6\u30a6\u30a3\u30f3\u306b\u3088\u308b\u30a2\u30bb\u30ea\u30ce\u30fc\u3068\u5927\u7d71\u9818\u9078\u6319\u3001Unibet<\/a><\/span><\/h4><\/div><\/div>\n<\/div>\n\n\n\n<div class=\"wp-block-column is-layout-flow wp-block-column-is-layout-flow\" style=\"flex-basis:33.33%\">\n<p class=\"has-text-align-right\">\u4ed6\u306e\u5c02\u7528\u30d5\u30a1\u30a4\u30eb\u3092\u8aad\u307f\u7d9a\u3051\u3066\u304f\u3060\u3055\u3044\u3002<\/p>\n<\/div>\n<\/div>\n\n\n\n<h3 class=\"wp-block-heading\" id=\"tous-les-pronostics-sondage-et-cotes-pour-parier-sur-le-futur-vainqueur-de-l-election-presidentielle-2022\"><span id=\"tous-les-pronostics-sondage-et-cotes-pour-parier-sur-le-futur-vainqueur-de-l8217election-presidentielle-2024\">2024 \u5e74\u306e\u5927\u7d71\u9818\u9078\u6319\u306e\u5c06\u6765\u306e\u52dd\u8005\u306b\u8ced\u3051\u308b\u3059\u3079\u3066\u306e\u4e88\u6e2c\u3001\u8abf\u67fb\u3001\u30aa\u30c3\u30ba:<\/span><\/h3>\n\n\n\n<ul>\n<li><a href=\"https:\/\/parier-presidentielle.com\/ja\/\u30de\u30af\u30ed\u30f3\u9078\u6319\/\">Unibet\u3001Betclic\u3001Bwin \u3067\u30a8\u30de\u30cb\u30e5\u30a8\u30eb\u30fb\u30de\u30af\u30ed\u30f3\u306b\u8ced\u3051\u307e\u3057\u3087\u3046<\/a> : \u4e16\u8ad6\u8abf\u67fb\u3068\u4e88\u6e2c\u3067\u306e\u304a\u6c17\u306b\u5165\u308a <\/li>\n\n\n\n<li><a href=\"https:\/\/parier-presidentielle.com\/ja\/\u30de\u30ea\u30fc\u30cc\u30fb\u30eb\u30fb\u30da\u30f3\u9078\u6319\/\">\u30de\u30ea\u30fc\u30cc\u30fb\u30eb\u30fb\u30da\u30f3\u6c0f: \u5f7c\u5973\u306e\u30aa\u30c3\u30ba\u3068\u30d6\u30c3\u30af\u30e1\u30fc\u30ab\u30fc\u3067\u306e\u8ced\u3051\u65b9<\/a>: Unibet\u306b\u3088\u308b\u6311\u6226\u8005<\/li>\n<\/ul>\n\n\n\n<p><\/p>\n\n\n\n<center><script type=\"text\/javascript\" charset=\"utf-8\" src=\"https:\/\/www.gambling-affiliation.com\/cpm\/v=AmIMTDSs92QY6b0MzDMvM5laCjJ-ZlA-1oQ-7tKsi.w_GA7331V2\"><\/script><\/center>\n\n\n\n<h3 class=\"wp-block-heading\"><span id=\"donald-trump-vs-joe-biden-la-video-qui-lance-les-paris-en-ligne-sur-l8217election-politique-de-2024\">\u30c9\u30ca\u30eb\u30c9\u30fb\u30c8\u30e9\u30f3\u30d7 vs \u30b8\u30e7\u30fc\u30fb\u30d0\u30a4\u30c7\u30f3: 2024 \u5e74\u306e\u653f\u6cbb\u9078\u6319\u306e\u30aa\u30f3\u30e9\u30a4\u30f3\u8ced\u535a\u3092\u958b\u59cb\u3059\u308b\u30d3\u30c7\u30aa<\/span><\/h3>\n\n\n\n<figure class=\"wp-block-embed is-type-video is-provider-youtube wp-block-embed-youtube wp-embed-aspect-16-9 wp-has-aspect-ratio\"><div class=\"wp-block-embed__wrapper\">\n<iframe loading=\"lazy\" title=\"\u30c9\u30ca\u30eb\u30c9\u30fb\u30c8\u30e9\u30f3\u30d7\u524d\u5927\u7d71\u9818\u30012024\u5e74\u30db\u30ef\u30a4\u30c8\u30cf\u30a6\u30b9\u5165\u672d\u306b\u7740\u624b #Short\" width=\"640\" height=\"360\" src=\"https:\/\/www.youtube.com\/embed\/hZykPRVe4Ag?feature=oembed\" frameborder=\"0\" allow=\"accelerometer; autoplay; clipboard-write; encrypted-media; gyroscope; picture-in-picture; web-share\" allowfullscreen><\/iframe>\n<\/div><\/figure>\n\n\n<div class=\"wp-block-image\">\n<figure class=\"aligncenter size-medium\"><a href=\"https:\/\/parier-presidentielle.com\/ja\/recommends\/unibet\/\" target=\"_blank\" rel=\"noopener\"><img decoding=\"async\" loading=\"lazy\" width=\"300\" height=\"169\" src=\"https:\/\/parier-presidentielle.com\/wp-content\/uploads\/2022\/04\/unibet-300x169.jpg\" alt=\"\" class=\"wp-image-1252\" srcset=\"https:\/\/parier-presidentielle.com\/wp-content\/uploads\/2022\/04\/unibet-300x169.jpg 300w, https:\/\/parier-presidentielle.com\/wp-content\/uploads\/2022\/04\/unibet-1024x576.jpg 1024w, https:\/\/parier-presidentielle.com\/wp-content\/uploads\/2022\/04\/unibet-768x432.jpg 768w, https:\/\/parier-presidentielle.com\/wp-content\/uploads\/2022\/04\/unibet-18x10.jpg 18w, https:\/\/parier-presidentielle.com\/wp-content\/uploads\/2022\/04\/unibet.jpg 1280w\" sizes=\"(max-width: 300px) 100vw, 300px\" \/><\/a><\/figure><\/div>\n\n\n<p>\u5927\u9ebb\u3068\u305d\u306e\u5408\u6cd5\u7684\u6d3e\u751f\u54c1\u306b\u95a2\u3059\u308b\u91cd\u8981\u306a\u653f\u6cbb\u30cb\u30e5\u30fc\u30b9\u3067\u3042\u308b Wiki \u3092\u898b\u3064\u3051\u3066\u304f\u3060\u3055\u3044\u3002 <strong>HHC\u3001H4cbd\u3001Thcp\u3001Thcv\u3001HSD\u3001HHCPO\u3001C4B<\/strong><\/p>\n<div id=\"toc_container\" class=\"no_bullets\"><p class=\"toc_title\">\u30b3\u30f3\u30c6\u30f3\u30c4<\/p><ul class=\"toc_list\"><li><\/li><li><ul><li><ul><li><\/li><\/ul><\/li><li><\/li><li><\/li><\/ul><\/li><\/ul><\/div>","protected":false},"excerpt":{"rendered":"<p>Pour les parieurs britanniques, le candidat socialiste \u00e9tait d\u00e9j\u00e0 en piteux \u00e9tat \u00e0 dix jours du premier tour de la pr\u00e9sidentielle et ne se pr\u00e9sentera pas au terme de sa peine contrairement \u00e0 Fran\u00e7ois Asselineau! A moins de deux semaines du premier tour de l&#8217;\u00e9lection pr\u00e9sidentielle, peu d&#8217;observateurs ont vu le candidat socialiste passer au second tour. Le principal actionnaire est tomb\u00e9 \u00e0 la cinqui\u00e8me place. Lui-m\u00eame semblait avoir perdu espoir, et a m\u00eame \u00e9voqu\u00e9 sur notre antenne la perspective d&#8217;&#8221;une bonne nuit de sommeil&#8221; en cas d&#8217;\u00e9chec le 23 avril. &#8220;Benoit Hamon semble avoir int\u00e9rioris\u00e9 son \u00e9chec&#8221;, a analys\u00e9 la journaliste Alba Ventura. Et le d\u00e9clin pourrait se poursuivre. &#8230;<\/p>","protected":false},"author":1,"featured_media":0,"parent":0,"menu_order":0,"comment_status":"closed","ping_status":"closed","template":"page-nosidebar.php","meta":{"footnotes":""},"yoast_head":"<!-- This site is optimized with the Yoast SEO Premium plugin v21.0 (Yoast SEO v21.0) - https:\/\/yoast.com\/wordpress\/plugins\/seo\/ -->\n<title>Asselineau et l&#039;Election Pr\u00e9sidentielle selon Les Bookmakers Bwin, Unibet - Finale Coupe du Monde FIFA<\/title>\n<meta name=\"description\" content=\"Quellles sont les Cote d&#039;Asselineau selon les sites de paris Bwin, Unibet?\" \/>\n<meta name=\"robots\" content=\"index, follow, max-snippet:-1, max-image-preview:large, max-video-preview:-1\" \/>\n<link rel=\"canonical\" href=\"https:\/\/parier-presidentielle.com\/ja\/asselineau-bookmaker-unibet-bwin\/\" \/>\n<meta property=\"og:locale\" content=\"ja_JP\" \/>\n<meta property=\"og:type\" content=\"article\" \/>\n<meta property=\"og:title\" content=\"Asselineau et l&#039;Election Pr\u00e9sidentielle selon Les Bookmakers Bwin, Unibet\" \/>\n<meta property=\"og:description\" content=\"Quellles sont les Cote d&#039;Asselineau selon les sites de paris Bwin, Unibet?\" \/>\n<meta property=\"og:url\" content=\"https:\/\/parier-presidentielle.com\/ja\/asselineau-bookmaker-unibet-bwin\/\" \/>\n<meta property=\"og:site_name\" content=\"Parier Pr\u00e9sidentielle\" \/>\n<meta property=\"article:modified_time\" content=\"2023-09-09T18:26:39+00:00\" \/>\n<meta property=\"og:image\" content=\"https:\/\/parier-presidentielle.com\/wp-content\/uploads\/2021\/09\/asselineau.jpg\" \/>\n<meta name=\"twitter:card\" content=\"summary_large_image\" \/>\n<meta name=\"twitter:label1\" content=\"Est. reading time\" \/>\n\t<meta name=\"twitter:data1\" content=\"2\u5206\" \/>\n<script type=\"application\/ld+json\" class=\"yoast-schema-graph\">{\"@context\":\"https:\/\/schema.org\",\"@graph\":[{\"@type\":\"WebPage\",\"@id\":\"https:\/\/parier-presidentielle.com\/asselineau-bookmaker-unibet-bwin\/\",\"url\":\"https:\/\/parier-presidentielle.com\/asselineau-bookmaker-unibet-bwin\/\",\"name\":\"Asselineau et l'Election Pr\u00e9sidentielle selon Les Bookmakers Bwin, Unibet - Finale Coupe du Monde FIFA\",\"isPartOf\":{\"@id\":\"https:\/\/parier-presidentielle.com\/#website\"},\"datePublished\":\"2021-09-10T11:58:16+00:00\",\"dateModified\":\"2023-09-09T18:26:39+00:00\",\"description\":\"Quellles sont les Cote d'Asselineau selon les sites de paris Bwin, Unibet?\",\"breadcrumb\":{\"@id\":\"https:\/\/parier-presidentielle.com\/asselineau-bookmaker-unibet-bwin\/#breadcrumb\"},\"inLanguage\":\"ja\",\"potentialAction\":[{\"@type\":\"ReadAction\",\"target\":[\"https:\/\/parier-presidentielle.com\/asselineau-bookmaker-unibet-bwin\/\"]}]},{\"@type\":\"BreadcrumbList\",\"@id\":\"https:\/\/parier-presidentielle.com\/asselineau-bookmaker-unibet-bwin\/#breadcrumb\",\"itemListElement\":[{\"@type\":\"ListItem\",\"position\":1,\"name\":\"Accueil\",\"item\":\"https:\/\/parier-presidentielle.com\/\"},{\"@type\":\"ListItem\",\"position\":2,\"name\":\"Asselineau et l&#8217;Election Pr\u00e9sidentielle selon Les Bookmakers Bwin, Unibet\"}]},{\"@type\":\"WebSite\",\"@id\":\"https:\/\/parier-presidentielle.com\/#website\",\"url\":\"https:\/\/parier-presidentielle.com\/\",\"name\":\"Parier Pr\u00e9sidentielle\",\"description\":\"Paris, Pronostics, Wiki sur la Politique, les Elections Am\u00e9ricaines: Joe Biden, Donald Trump avec les Bookmakers en ligne Unibet, Bwin, Betclic, Winamax\",\"potentialAction\":[{\"@type\":\"SearchAction\",\"target\":{\"@type\":\"EntryPoint\",\"urlTemplate\":\"https:\/\/parier-presidentielle.com\/?s={search_term_string}\"},\"query-input\":\"required name=search_term_string\"}],\"inLanguage\":\"ja\"}]}<\/script>\n<!-- \/ Yoast SEO Premium plugin. -->","yoast_head_json":{"title":"Asselineau et l'Election Pr\u00e9sidentielle selon Les Bookmakers Bwin, Unibet - Finale Coupe du Monde FIFA","description":"Quellles sont les Cote d'Asselineau selon les sites de paris Bwin, Unibet?","robots":{"index":"index","follow":"follow","max-snippet":"max-snippet:-1","max-image-preview":"max-image-preview:large","max-video-preview":"max-video-preview:-1"},"canonical":"https:\/\/parier-presidentielle.com\/ja\/asselineau-bookmaker-unibet-bwin\/","og_locale":"ja_JP","og_type":"article","og_title":"Asselineau et l'Election Pr\u00e9sidentielle selon Les Bookmakers Bwin, Unibet","og_description":"Quellles sont les Cote d'Asselineau selon les sites de paris Bwin, Unibet?","og_url":"https:\/\/parier-presidentielle.com\/ja\/asselineau-bookmaker-unibet-bwin\/","og_site_name":"Parier Pr\u00e9sidentielle","article_modified_time":"2023-09-09T18:26:39+00:00","og_image":[{"url":"https:\/\/parier-presidentielle.com\/wp-content\/uploads\/2021\/09\/asselineau.jpg"}],"twitter_card":"summary_large_image","twitter_misc":{"Est. reading time":"2\u5206"},"schema":{"@context":"https:\/\/schema.org","@graph":[{"@type":"WebPage","@id":"https:\/\/parier-presidentielle.com\/asselineau-bookmaker-unibet-bwin\/","url":"https:\/\/parier-presidentielle.com\/asselineau-bookmaker-unibet-bwin\/","name":"Asselineau et l'Election Pr\u00e9sidentielle selon Les Bookmakers Bwin, Unibet - Finale Coupe du Monde FIFA","isPartOf":{"@id":"https:\/\/parier-presidentielle.com\/#website"},"datePublished":"2021-09-10T11:58:16+00:00","dateModified":"2023-09-09T18:26:39+00:00","description":"Quellles sont les Cote d'Asselineau selon les sites de paris Bwin, Unibet?","breadcrumb":{"@id":"https:\/\/parier-presidentielle.com\/asselineau-bookmaker-unibet-bwin\/#breadcrumb"},"inLanguage":"ja","potentialAction":[{"@type":"ReadAction","target":["https:\/\/parier-presidentielle.com\/asselineau-bookmaker-unibet-bwin\/"]}]},{"@type":"BreadcrumbList","@id":"https:\/\/parier-presidentielle.com\/asselineau-bookmaker-unibet-bwin\/#breadcrumb","itemListElement":[{"@type":"ListItem","position":1,"name":"Accueil","item":"https:\/\/parier-presidentielle.com\/"},{"@type":"ListItem","position":2,"name":"Asselineau et l&#8217;Election Pr\u00e9sidentielle selon Les Bookmakers Bwin, Unibet"}]},{"@type":"WebSite","@id":"https:\/\/parier-presidentielle.com\/#website","url":"https:\/\/parier-presidentielle.com\/","name":"Parier Pr\u00e9sidentielle","description":"Paris, Pronostics, Wiki sur la Politique, les Elections Am\u00e9ricaines: Joe Biden, Donald Trump avec les Bookmakers en ligne Unibet, Bwin, Betclic, Winamax","potentialAction":[{"@type":"SearchAction","target":{"@type":"EntryPoint","urlTemplate":"https:\/\/parier-presidentielle.com\/?s={search_term_string}"},"query-input":"required name=search_term_string"}],"inLanguage":"ja"}]}},"_links":{"self":[{"href":"https:\/\/parier-presidentielle.com\/ja\/wp-json\/wp\/v2\/pages\/121"}],"collection":[{"href":"https:\/\/parier-presidentielle.com\/ja\/wp-json\/wp\/v2\/pages"}],"about":[{"href":"https:\/\/parier-presidentielle.com\/ja\/wp-json\/wp\/v2\/types\/page"}],"author":[{"embeddable":true,"href":"https:\/\/parier-presidentielle.com\/ja\/wp-json\/wp\/v2\/users\/1"}],"replies":[{"embeddable":true,"href":"https:\/\/parier-presidentielle.com\/ja\/wp-json\/wp\/v2\/comments?post=121"}],"version-history":[{"count":11,"href":"https:\/\/parier-presidentielle.com\/ja\/wp-json\/wp\/v2\/pages\/121\/revisions"}],"predecessor-version":[{"id":2334,"href":"https:\/\/parier-presidentielle.com\/ja\/wp-json\/wp\/v2\/pages\/121\/revisions\/2334"}],"wp:attachment":[{"href":"https:\/\/parier-presidentielle.com\/ja\/wp-json\/wp\/v2\/media?parent=121"}],"curies":[{"name":"wp","href":"https:\/\/api.w.org\/{rel}","templated":true}]}}