{"id":157,"date":"2021-09-13T14:17:19","date_gmt":"2021-09-13T12:17:19","guid":{"rendered":"https:\/\/parier-presidentielle.com\/?page_id=157"},"modified":"2021-09-13T14:20:51","modified_gmt":"2021-09-13T12:20:51","slug":"asselineau-election","status":"publish","type":"page","link":"https:\/\/parier-presidentielle.com\/ja\/\u30a2\u30bb\u30ea\u30ce\u30fc\u9078\u6319\/","title":{"rendered":"\u30d5\u30e9\u30f3\u30bd\u30ef\u30fb\u30a2\u30bb\u30ea\u30ce\u30fc\u306e\u5f53\u9078\u306b\u8ced\u3051\u308b"},"content":{"rendered":"<p><strong>\u30d5\u30e9\u30f3\u30bd\u30ef\u30fb\u30a2\u30bb\u30ea\u30ce\u30fc<\/strong> \u30d5\u30e9\u30f3\u30bd\u30ef\u30fb\u30a2\u30bb\u30ea\u30ce\u30fc\uff08Fran\u00e7ois Asselineau\u3001\u30d5\u30e9\u30f3\u30b9\u3001\u30d1\u30ea\u751f\u307e\u308c\uff09\u306f\u30d5\u30e9\u30f3\u30b9\u306e\u653f\u6cbb\u5bb6\u3002 1983\u5e74\u4ee5\u6765\u3001\u5f7c\u306f\u3055\u307e\u3056\u307e\u306a\u7701\u5e81\u306e\u9867\u554f\u3068\u3057\u3066\u50cd\u3044\u3066\u304d\u307e\u3057\u305f\u3002 1996\u5e74\u306b\u5927\u8535\u7701\u76e3\u5bdf\u5b98\u306b\u5c31\u4efb\u3002<\/p>\n\n\n\n<p>1999\u5e74\u306b\u53f3\u7ffc\u653f\u515a\u300c\u30d5\u30e9\u30f3\u30b9\u7d71\u4e00\u300d\u306e\u515a\u54e1\u3068\u306a\u3063\u305f\u3002 2004\u5e74\u306b\u30cb\u30b3\u30e9\u30fb\u30b5\u30eb\u30b3\u30b8\u304b\u3089\u5f79\u8077\u3092\u5f97\u3066\u3001\u30d1\u30ea\u8a55\u8b70\u4f1a\u306e\u4eba\u6c11\u904b\u52d5\u540c\u76df\u6d3e\u306b\u52a0\u308f\u3063\u305f\u3002 2007 \u5e74 3 \u6708 25 \u65e5 (\u30ed\u30fc\u30de\u6761\u7d04 50 \u5468\u5e74) \u306b\u3001\u5f7c\u306f\u65b0\u3057\u3044\u653f\u515a\u3001\u4eba\u6c11\u5171\u548c\u515a\u9023\u5408 (LDC\u3001FR.UPR) \u3092\u5275\u8a2d\u3057\u307e\u3057\u305f\u3002\u3053\u306e\u653f\u515a\u306e\u4e3b\u306a\u76ee\u7684\u306f\u30d5\u30e9\u30f3\u30b9\u306eEU\u96e2\u8131\u3067\u3059\u3002\u5f7c\u306f\u307e\u305f\u3001\u30a2\u30e1\u30ea\u30ab\u306e\u5916\u4ea4\u653f\u7b56\u3092\u53b3\u3057\u304f\u6279\u5224\u3057\u3001\u30d5\u30e9\u30f3\u30b9\u306eNATO\u304b\u3089\u306e\u8131\u9000\u3092\u8981\u6c42\u3057\u3066\u3044\u308b\u3002<\/p>\n\n\n\n<p>2014\u5e743\u6708\u4ee5\u6765\u3001\u540c\u6c0f\u306f\u30a6\u30af\u30e9\u30a4\u30ca\u5371\u6a5f\u306b\u304a\u3051\u308b\u897f\u5074\u306e\u653f\u7b56\u3092\u6279\u5224\u3057\u3066\u304a\u308a\u3001\u30af\u30ea\u30df\u30a2\u306e\u4f4f\u6c11\u6295\u7968\u306f\u30b3\u30bd\u30dc\u3084\u5357\u30b9\u30fc\u30c0\u30f3\u306e\u4f4f\u6c11\u6295\u7968\u306b\u52a3\u3089\u305a\u6b63\u5f53\u3067\u3042\u308b\u3068\u4fe1\u3058\u3066\u3044\u308b\u3002 2015\u5e745\u67089\u65e5\u3001\u30af\u30ea\u30df\u30a2\u3092\u8a2a\u554f\u3057\u305f\u30d5\u30e9\u30f3\u30bd\u30ef\u30fb\u30a2\u30bb\u30ea\u30ce\u30fc\u306f\u3001\u30ed\u30b7\u30a2\u306b\u3044\u308b\u552f\u4e00\u306e\u30d5\u30e9\u30f3\u30b9\u4eba\u653f\u6cbb\u5bb6\u3060\u3063\u305f\u3002 2014\u5e7411\u6708\u3001\u30a2\u30bb\u30ea\u30ce\u30fc\u6c0f\u306f\u30ed\u30b7\u30a2\u3078\u306e\u30df\u30b9\u30c8\u30e9\u30eb\u8266\u58f2\u5374\u3092\u30d5\u30e9\u30f3\u30b9\u304c\u62d2\u5426\u3057\u305f\u3053\u3068\u3092\u300c\u88cf\u5207\u308a\u300d\u3068\u547c\u3093\u3060\u3002<\/p>\n\n\n\n<p>PMA \u4f1a\u54e1\u306e\u6570\u306f\u30012015 \u5e74 7 \u6708\u306b 8,000 \u4eba\u3092\u8d85\u3048\u30012017 \u5e74 3 \u6708\u306b\u306f 17,000 \u4eba\u3092\u8d85\u3048\u307e\u3057\u305f\u3002\u30a2\u30bb\u30ea\u30ce\u30fc\u3068 PMA \u306f\u30012015 \u5e74 12 \u6708\u306b\u3059\u3079\u3066\u306e\u5927\u90fd\u5e02\u570f (\u30b3\u30eb\u30b7\u30ab\u5cf6\u3092\u9664\u304f) \u3068\u30ec\u30e6\u30cb\u30aa\u30f3\u3067\u306e\u5730\u65b9\u9078\u6319\u306b\u540d\u4e57\u308a\u3092\u4e0a\u3052\u307e\u3057\u305f\u3002\u3053\u308c\u3089 13 \u5730\u57df\u3067\u3001LDC \u306f 189,350 \u7968\u3001\u307e\u305f\u306f\u5f97\u7968\u6570\u306e 0.9 % \u3092\u7372\u5f97\u3057\u307e\u3057\u305f\u304c\u30012014 \u5e74\u306e\u6b27\u5dde\u9078\u6319\u3068\u6bd4\u8f03\u3059\u308b\u3068 150 % \u5897\u52a0\u3057\u307e\u3057\u305f\u3002 \u3002\u975e\u5e38\u4e8b\u614b\u5ba3\u8a00\u306f\u3001\u3044\u304f\u3064\u304b\u306e\u9762\u63a5\u3092\u30ad\u30e3\u30f3\u30bb\u30eb\u3057\u3001\u3044\u304f\u3064\u304b\u306e\u96c6\u4f1a\u3092\u7981\u6b62\u3059\u308b\u53e3\u5b9f\u306b\u3082\u306a\u3063\u305f\u3002<\/p>\n\n\n\n<p>\u30d5\u30e9\u30f3\u30bd\u30ef\u30fb\u30a2\u30bb\u30ea\u30ce\u30fc\u306e\u53cd\u5bfe\u6d3e\u306e\u4e2d\u306b\u306f\u3001\u7279\u306b\u30d5\u30e9\u30f3\u30bd\u30ef\u30fb\u30df\u30c3\u30c6\u30e9\u30f3\u3068\u30b8\u30e3\u30c3\u30af\u30fb\u30a2\u30bf\u30ea\u304c1983\u5e74\uff089.65%\u7968\uff09\u4ee5\u6765\u6975\u53f3\u56e3\u4f53\u56fd\u6c11\u6226\u7dda\uff081981\u5e74\u306b\u306f0.18 %\u7968\uff09\u3067\u5927\u304d\u306a\u5f79\u5272\u3092\u679c\u305f\u3057\u3066\u304d\u305f\u3053\u3068\u3092\u5b9f\u8a3c\u3057\u3066\u3001\u9670\u8b00\u8ad6\u306e\u50be\u5411\u304c\u3042\u308b\u3068\u975e\u96e3\u3059\u308b\u4eba\u3082\u3044\u308b\u3002 1986 \u5e74\uff09\u3001\u7a4d\u6975\u7684\u306a\u30e1\u30c7\u30a3\u30a2\u5831\u9053\u3092\u901a\u3058\u3066\u3002\u3053\u308c\u306f\u3001\u56fd\u6c11\u6226\u7dda\u304c\uff08\u7db1\u9818\u306e\u4e2d\u3067\uff09EU\u96e2\u8131\u3092\u6b63\u5f0f\u306b\u6c42\u3081\u305f\u3053\u3068\u304c\u306a\u3044\u3053\u3068\u3082\u8a3c\u660e\u3057\u3066\u3044\u308b\u3002<\/p>\n\n\n\n<p>\u30a2\u30bb\u30ea\u30ce\u30fc\u6c0f\u306f2017\u5e74\u306e\u5927\u7d71\u9818\u9078\u6319\u306b\u7acb\u5019\u88dc\u3057\u30012022\u5e74\u306e\u5927\u7d71\u9818\u9078\u6319\u3078\u306e\u53c2\u52a0\u3092\u8868\u660e\u3057\u305f\u3002<\/p>\n\n\n\n<p class=\"has-text-align-center unibet\" style=\"font-size:25px\"><mark style=\"background-color:rgba(0, 0, 0, 0);color:#0d7a12\" class=\"has-inline-color\"><strong><a href=\"https:\/\/parier-presidentielle.com\/ja\/recommends\/unibet\/\">Unibet \u3067\u63d0\u4f9b\u3055\u308c\u308b 150 \u30e6\u30fc\u30ed\u306e\u30dc\u30fc\u30ca\u30b9<br>\u521d\u3081\u3066\u306e\u653f\u6cbb\u307e\u305f\u306f\u30b9\u30dd\u30fc\u30c4\u306e\u8ced\u3051: \u3053\u3053\u3092\u30af\u30ea\u30c3\u30af\u3057\u3066\u304f\u3060\u3055\u3044<\/a><\/strong><\/mark><\/p>\n\n\n\n<p><\/p>\n\n\n<div class=\"wp-block-image\">\n<figure class=\"aligncenter is-resized wp-duotone-000097-ff4747-1\"><img decoding=\"async\" loading=\"lazy\" src=\"https:\/\/parier-presidentielle.com\/wp-content\/uploads\/2021\/09\/election-standard-scale-4_00x-gigapixel-1024x623.jpg\" alt=\"2022 \u5e74\u306e\u9078\u6319\" style=\"width:256px;height:156px\" width=\"256\" height=\"156\"\/><\/figure><\/div>\n\n\n<p><br><\/p>\n\n\n\n<p><strong>Parier-presidential \u306f\u3001\u3055\u307e\u3056\u307e\u306a\u9078\u629e\u80a2\u306e\u4e2d\u304b\u3089\u304a\u5ba2\u69d8\u304c\u9078\u629e\u3067\u304d\u308b\u3088\u3046\u304a\u624b\u4f1d\u3044\u3057\u307e\u3059\u3002<a href=\"https:\/\/parier-presidentielle.com\/ja\/\"> \u30d6\u30c3\u30af\u30e1\u30fc\u30ab\u30fc\u306eBwin\u3001Unibet\u3001Betclic\u304c2024\u5e74\u306e\u5c06\u6765\u306e\u30a2\u30e1\u30ea\u30ab\u5927\u7d71\u9818\u306b\u8ced\u3051\u308b<\/a> : <\/strong><br><a href=\"https:\/\/parier-presidentielle.com\/ja\/unibet-\u653f\u6cbb-\u9078\u6319-2022\/\">Unibet \u5927\u7d71\u9818\u30d6\u30c3\u30af\u30e1\u30fc\u30ab\u30fc<\/a> : \u3059\u3079\u3066\u306e\u30aa\u30c3\u30ba\u3067\u6700\u521d\u306e\u30aa\u30f3\u30e9\u30a4\u30f3 \u30d9\u30c3\u30c8\u3092\u884c\u3046\u305f\u3081\u306e\u8a73\u7d30\u306a\u7121\u6599\u30ac\u30a4\u30c9\u3068\u3001\u63d0\u4f9b\u3055\u308c\u308b\u30dc\u30fc\u30ca\u30b9\u3092\u6d3b\u7528\u3059\u308b\u65b9\u6cd5!<\/p>\n\n\n\n<p>\u30d1\u30ea\u306e\u4ed6\u306e\u30aa\u30f3\u30e9\u30a4\u30f3 \u30b5\u30a4\u30c8\u3068\u540c\u69d8\u306b: <a href=\"https:\/\/parier-presidentielle.com\/ja\/unibet-\u653f\u6cbb-\u9078\u6319-2022\/\">\u30d6\u30a6\u30a3\u30f3<\/a>, <a href=\"https:\/\/parier-presidentielle.com\/ja\/netbet-\u30d1\u30ea-\u653f\u6cbb-\u9078\u6319-2022\/\">\u30cd\u30c3\u30c8\u30d9\u30c3\u30c8<\/a>, <a href=\"https:\/\/parier-presidentielle.com\/ja\/betclic-\u5927\u7d71\u9818-2022\/\">\u30d9\u30c8\u30af\u30ea\u30c3\u30af<\/a>, <a href=\"https:\/\/parier-presidentielle.com\/ja\/winamax-\u653f\u6cbb-\u9078\u6319-2022\/\">\u30a6\u30a3\u30ca\u30de\u30c3\u30af\u30b9<\/a>\u3001\u30d1\u30ea\u30aa\u30f3\u30ba \u30b9\u30dd\u30fc\u30c4\u3001Zebet\u3001Betway\u3001\u30d5\u30e9\u30f3\u30b9-\u30d1\u30ea\u3001Vbet\u3001Cloudbet\u30011Xbit\u30011xbet\u3001Betfair\u3001Betwinner \u2026<\/p>\n\n\n\n<div class=\"wp-block-columns is-layout-flex wp-container-6 wp-block-columns-is-layout-flex\">\n<div class=\"wp-block-column is-layout-flow wp-block-column-is-layout-flow\" style=\"flex-basis:33.33%\">\n<p>\u79c1\u305f\u3061\u306e\u30d5\u30a1\u30a4\u30eb\u3092\u8aad\u307f\u307e\u3057\u305f:<\/p>\n<\/div>\n\n\n\n<div class=\"wp-block-column is-layout-flow wp-block-column-is-layout-flow\" style=\"flex-basis:33.33%\">\n<div class=\"wp-block-group is-layout-flow wp-block-group-is-layout-flow\"><div class=\"wp-block-group__inner-container\"><h4 class=\"has-text-align-center wp-block-post-title\"><span id=\"parier-sur-lelection-de-francois-asselineau\"><a href=\"https:\/\/parier-presidentielle.com\/ja\/\u30a2\u30bb\u30ea\u30ce\u30fc\u9078\u6319\/\" target=\"_self\" >\u30d5\u30e9\u30f3\u30bd\u30ef\u30fb\u30a2\u30bb\u30ea\u30ce\u30fc\u306e\u5f53\u9078\u306b\u8ced\u3051\u308b<\/a><\/span><\/h4><\/div><\/div>\n<\/div>\n\n\n\n<div class=\"wp-block-column is-layout-flow wp-block-column-is-layout-flow\" style=\"flex-basis:33.33%\">\n<p class=\"has-text-align-right\">\u4ed6\u306e\u5c02\u7528\u30d5\u30a1\u30a4\u30eb\u3092\u8aad\u307f\u7d9a\u3051\u3066\u304f\u3060\u3055\u3044\u3002<\/p>\n<\/div>\n<\/div>\n\n\n\n<h3 class=\"wp-block-heading\" id=\"tous-les-pronostics-sondage-et-cotes-pour-parier-sur-le-futur-vainqueur-de-l-election-presidentielle-2022\"><span id=\"tous-les-pronostics-sondage-et-cotes-pour-parier-sur-le-futur-vainqueur-de-l8217election-presidentielle-2024\">2024 \u5e74\u306e\u5927\u7d71\u9818\u9078\u6319\u306e\u5c06\u6765\u306e\u52dd\u8005\u306b\u8ced\u3051\u308b\u3059\u3079\u3066\u306e\u4e88\u6e2c\u3001\u8abf\u67fb\u3001\u30aa\u30c3\u30ba:<\/span><\/h3>\n\n\n\n<ul>\n<li><a href=\"https:\/\/parier-presidentielle.com\/ja\/\u30de\u30af\u30ed\u30f3\u9078\u6319\/\">Unibet\u3001Betclic\u3001Bwin \u3067\u30a8\u30de\u30cb\u30e5\u30a8\u30eb\u30fb\u30de\u30af\u30ed\u30f3\u306b\u8ced\u3051\u307e\u3057\u3087\u3046<\/a> : \u4e16\u8ad6\u8abf\u67fb\u3068\u4e88\u6e2c\u3067\u306e\u304a\u6c17\u306b\u5165\u308a <\/li>\n\n\n\n<li><a href=\"https:\/\/parier-presidentielle.com\/ja\/\u30de\u30ea\u30fc\u30cc\u30fb\u30eb\u30fb\u30da\u30f3\u9078\u6319\/\">\u30de\u30ea\u30fc\u30cc\u30fb\u30eb\u30fb\u30da\u30f3\u6c0f: \u5f7c\u5973\u306e\u30aa\u30c3\u30ba\u3068\u30d6\u30c3\u30af\u30e1\u30fc\u30ab\u30fc\u3067\u306e\u8ced\u3051\u65b9<\/a>: Unibet\u306b\u3088\u308b\u6311\u6226\u8005<\/li>\n<\/ul>\n\n\n\n<p><\/p>\n\n\n\n<center><script type=\"text\/javascript\" charset=\"utf-8\" src=\"https:\/\/www.gambling-affiliation.com\/cpm\/v=AmIMTDSs92QY6b0MzDMvM5laCjJ-ZlA-1oQ-7tKsi.w_GA7331V2\"><\/script><\/center>\n\n\n\n<h3 class=\"wp-block-heading\"><span id=\"donald-trump-vs-joe-biden-la-video-qui-lance-les-paris-en-ligne-sur-l8217election-politique-de-2024\">\u30c9\u30ca\u30eb\u30c9\u30fb\u30c8\u30e9\u30f3\u30d7 vs \u30b8\u30e7\u30fc\u30fb\u30d0\u30a4\u30c7\u30f3: 2024 \u5e74\u306e\u653f\u6cbb\u9078\u6319\u306e\u30aa\u30f3\u30e9\u30a4\u30f3\u8ced\u535a\u3092\u958b\u59cb\u3059\u308b\u30d3\u30c7\u30aa<\/span><\/h3>\n\n\n\n<figure class=\"wp-block-embed is-type-video is-provider-youtube wp-block-embed-youtube wp-embed-aspect-16-9 wp-has-aspect-ratio\"><div class=\"wp-block-embed__wrapper\">\n<iframe loading=\"lazy\" title=\"\u30c9\u30ca\u30eb\u30c9\u30fb\u30c8\u30e9\u30f3\u30d7\u524d\u5927\u7d71\u9818\u30012024\u5e74\u30db\u30ef\u30a4\u30c8\u30cf\u30a6\u30b9\u5165\u672d\u306b\u7740\u624b #Short\" width=\"640\" height=\"360\" src=\"https:\/\/www.youtube.com\/embed\/hZykPRVe4Ag?feature=oembed\" frameborder=\"0\" allow=\"accelerometer; autoplay; clipboard-write; encrypted-media; gyroscope; picture-in-picture; web-share\" allowfullscreen><\/iframe>\n<\/div><\/figure>\n\n\n<div class=\"wp-block-image\">\n<figure class=\"aligncenter size-medium\"><a href=\"https:\/\/parier-presidentielle.com\/ja\/recommends\/unibet\/\" target=\"_blank\" rel=\"noopener\"><img decoding=\"async\" loading=\"lazy\" width=\"300\" height=\"169\" src=\"https:\/\/parier-presidentielle.com\/wp-content\/uploads\/2022\/04\/unibet-300x169.jpg\" alt=\"\" class=\"wp-image-1252\" srcset=\"https:\/\/parier-presidentielle.com\/wp-content\/uploads\/2022\/04\/unibet-300x169.jpg 300w, https:\/\/parier-presidentielle.com\/wp-content\/uploads\/2022\/04\/unibet-1024x576.jpg 1024w, https:\/\/parier-presidentielle.com\/wp-content\/uploads\/2022\/04\/unibet-768x432.jpg 768w, https:\/\/parier-presidentielle.com\/wp-content\/uploads\/2022\/04\/unibet-18x10.jpg 18w, https:\/\/parier-presidentielle.com\/wp-content\/uploads\/2022\/04\/unibet.jpg 1280w\" sizes=\"(max-width: 300px) 100vw, 300px\" \/><\/a><\/figure><\/div>\n\n\n<p>\u5927\u9ebb\u3068\u305d\u306e\u5408\u6cd5\u7684\u6d3e\u751f\u54c1\u306b\u95a2\u3059\u308b\u91cd\u8981\u306a\u653f\u6cbb\u30cb\u30e5\u30fc\u30b9\u3067\u3042\u308b Wiki \u3092\u898b\u3064\u3051\u3066\u304f\u3060\u3055\u3044\u3002 <strong>HHC\u3001H4cbd\u3001Thcp\u3001Thcv\u3001HSD\u3001HHCPO\u3001C4B<\/strong><\/p>\n<div id=\"toc_container\" class=\"no_bullets\"><p class=\"toc_title\">\u30b3\u30f3\u30c6\u30f3\u30c4<\/p><ul class=\"toc_list\"><ul><li><\/li><\/ul><\/li><li><\/li><li><\/li><\/ul><\/div>","protected":false},"excerpt":{"rendered":"<p>Fran\u00e7ois Asselineau (fran\u00e7ais Fran\u00e7ois Asselineau ; n\u00e9 \u00e0 Paris, France) est un homme politique fran\u00e7ais. Depuis 1983, il a travaill\u00e9 comme conseiller pour divers minist\u00e8res. En 1996, il devient inspecteur g\u00e9n\u00e9ral au minist\u00e8re des Finances. En 1999, il devient membre du parti de droite Unification pour la France. En 2004, il re\u00e7oit un poste de Nicolas Sarkozy et entre dans la faction Union pour un mouvement populaire au Conseil de Paris. Le 25 mars 2007 (jour du 50e anniversaire du trait\u00e9 de Rome), il cr\u00e9e un nouveau parti, l&#8217;Union r\u00e9publicaine du peuple (LDC, FR.UPR). L&#8217;objectif principal de ce parti est la sortie de la France de l&#8217;UE. Il critique aussi &#8230;<\/p>","protected":false},"author":1,"featured_media":0,"parent":0,"menu_order":0,"comment_status":"closed","ping_status":"closed","template":"page-nosidebar.php","meta":{"footnotes":""},"yoast_head":"<!-- This site is optimized with the Yoast SEO Premium plugin v21.0 (Yoast SEO v21.0) - https:\/\/yoast.com\/wordpress\/plugins\/seo\/ -->\n<title>Parier sur l\u2019\u00e9lection de Fran\u00e7ois Asselineau - Finale Coupe du Monde FIFA<\/title>\n<meta name=\"description\" content=\"Pariez sur Fran\u00e7ois Asselineau pour l&#039;Election 2022 : Cliquez Ici et Gagnez Gros! Pronostics ,Comparaison des Bookmakers et des meilleurs Cotes.\" \/>\n<meta name=\"robots\" content=\"index, follow, max-snippet:-1, max-image-preview:large, max-video-preview:-1\" \/>\n<link rel=\"canonical\" href=\"https:\/\/parier-presidentielle.com\/ja\/\u30a2\u30bb\u30ea\u30ce\u30fc\u9078\u6319\/\" \/>\n<meta property=\"og:locale\" content=\"ja_JP\" \/>\n<meta property=\"og:type\" content=\"article\" \/>\n<meta property=\"og:title\" content=\"Parier sur l\u2019\u00e9lection de Fran\u00e7ois Asselineau\" \/>\n<meta property=\"og:description\" content=\"Pariez sur Fran\u00e7ois Asselineau pour l&#039;Election 2022 : Cliquez Ici et Gagnez Gros! Pronostics ,Comparaison des Bookmakers et des meilleurs Cotes.\" \/>\n<meta property=\"og:url\" content=\"https:\/\/parier-presidentielle.com\/ja\/\u30a2\u30bb\u30ea\u30ce\u30fc\u9078\u6319\/\" \/>\n<meta property=\"og:site_name\" content=\"Parier Pr\u00e9sidentielle\" \/>\n<meta property=\"article:modified_time\" content=\"2021-09-13T12:20:51+00:00\" \/>\n<meta name=\"twitter:card\" content=\"summary_large_image\" \/>\n<meta name=\"twitter:label1\" content=\"Est. reading time\" \/>\n\t<meta name=\"twitter:data1\" content=\"2\u5206\" \/>\n<script type=\"application\/ld+json\" class=\"yoast-schema-graph\">{\"@context\":\"https:\/\/schema.org\",\"@graph\":[{\"@type\":\"WebPage\",\"@id\":\"https:\/\/parier-presidentielle.com\/asselineau-election\/\",\"url\":\"https:\/\/parier-presidentielle.com\/asselineau-election\/\",\"name\":\"Parier sur l\u2019\u00e9lection de Fran\u00e7ois Asselineau - Finale Coupe du Monde FIFA\",\"isPartOf\":{\"@id\":\"https:\/\/parier-presidentielle.com\/#website\"},\"datePublished\":\"2021-09-13T12:17:19+00:00\",\"dateModified\":\"2021-09-13T12:20:51+00:00\",\"description\":\"Pariez sur Fran\u00e7ois Asselineau pour l'Election 2022 : Cliquez Ici et Gagnez Gros! Pronostics ,Comparaison des Bookmakers et des meilleurs Cotes.\",\"breadcrumb\":{\"@id\":\"https:\/\/parier-presidentielle.com\/asselineau-election\/#breadcrumb\"},\"inLanguage\":\"ja\",\"potentialAction\":[{\"@type\":\"ReadAction\",\"target\":[\"https:\/\/parier-presidentielle.com\/asselineau-election\/\"]}]},{\"@type\":\"BreadcrumbList\",\"@id\":\"https:\/\/parier-presidentielle.com\/asselineau-election\/#breadcrumb\",\"itemListElement\":[{\"@type\":\"ListItem\",\"position\":1,\"name\":\"Accueil\",\"item\":\"https:\/\/parier-presidentielle.com\/\"},{\"@type\":\"ListItem\",\"position\":2,\"name\":\"Parier sur l\u2019\u00e9lection de Fran\u00e7ois Asselineau\"}]},{\"@type\":\"WebSite\",\"@id\":\"https:\/\/parier-presidentielle.com\/#website\",\"url\":\"https:\/\/parier-presidentielle.com\/\",\"name\":\"Parier Pr\u00e9sidentielle\",\"description\":\"Paris, Pronostics, Wiki sur la Politique, les Elections Am\u00e9ricaines: Joe Biden, Donald Trump avec les Bookmakers en ligne Unibet, Bwin, Betclic, Winamax\",\"potentialAction\":[{\"@type\":\"SearchAction\",\"target\":{\"@type\":\"EntryPoint\",\"urlTemplate\":\"https:\/\/parier-presidentielle.com\/?s={search_term_string}\"},\"query-input\":\"required name=search_term_string\"}],\"inLanguage\":\"ja\"}]}<\/script>\n<!-- \/ Yoast SEO Premium plugin. -->","yoast_head_json":{"title":"Parier sur l\u2019\u00e9lection de Fran\u00e7ois Asselineau - Finale Coupe du Monde FIFA","description":"Pariez sur Fran\u00e7ois Asselineau pour l'Election 2022 : Cliquez Ici et Gagnez Gros! Pronostics ,Comparaison des Bookmakers et des meilleurs Cotes.","robots":{"index":"index","follow":"follow","max-snippet":"max-snippet:-1","max-image-preview":"max-image-preview:large","max-video-preview":"max-video-preview:-1"},"canonical":"https:\/\/parier-presidentielle.com\/ja\/\u30a2\u30bb\u30ea\u30ce\u30fc\u9078\u6319\/","og_locale":"ja_JP","og_type":"article","og_title":"Parier sur l\u2019\u00e9lection de Fran\u00e7ois Asselineau","og_description":"Pariez sur Fran\u00e7ois Asselineau pour l'Election 2022 : Cliquez Ici et Gagnez Gros! Pronostics ,Comparaison des Bookmakers et des meilleurs Cotes.","og_url":"https:\/\/parier-presidentielle.com\/ja\/\u30a2\u30bb\u30ea\u30ce\u30fc\u9078\u6319\/","og_site_name":"Parier Pr\u00e9sidentielle","article_modified_time":"2021-09-13T12:20:51+00:00","twitter_card":"summary_large_image","twitter_misc":{"Est. reading time":"2\u5206"},"schema":{"@context":"https:\/\/schema.org","@graph":[{"@type":"WebPage","@id":"https:\/\/parier-presidentielle.com\/asselineau-election\/","url":"https:\/\/parier-presidentielle.com\/asselineau-election\/","name":"Parier sur l\u2019\u00e9lection de Fran\u00e7ois Asselineau - Finale Coupe du Monde FIFA","isPartOf":{"@id":"https:\/\/parier-presidentielle.com\/#website"},"datePublished":"2021-09-13T12:17:19+00:00","dateModified":"2021-09-13T12:20:51+00:00","description":"Pariez sur Fran\u00e7ois Asselineau pour l'Election 2022 : Cliquez Ici et Gagnez Gros! Pronostics ,Comparaison des Bookmakers et des meilleurs Cotes.","breadcrumb":{"@id":"https:\/\/parier-presidentielle.com\/asselineau-election\/#breadcrumb"},"inLanguage":"ja","potentialAction":[{"@type":"ReadAction","target":["https:\/\/parier-presidentielle.com\/asselineau-election\/"]}]},{"@type":"BreadcrumbList","@id":"https:\/\/parier-presidentielle.com\/asselineau-election\/#breadcrumb","itemListElement":[{"@type":"ListItem","position":1,"name":"Accueil","item":"https:\/\/parier-presidentielle.com\/"},{"@type":"ListItem","position":2,"name":"Parier sur l\u2019\u00e9lection de Fran\u00e7ois Asselineau"}]},{"@type":"WebSite","@id":"https:\/\/parier-presidentielle.com\/#website","url":"https:\/\/parier-presidentielle.com\/","name":"Parier Pr\u00e9sidentielle","description":"Paris, Pronostics, Wiki sur la Politique, les Elections Am\u00e9ricaines: Joe Biden, Donald Trump avec les Bookmakers en ligne Unibet, Bwin, Betclic, Winamax","potentialAction":[{"@type":"SearchAction","target":{"@type":"EntryPoint","urlTemplate":"https:\/\/parier-presidentielle.com\/?s={search_term_string}"},"query-input":"required name=search_term_string"}],"inLanguage":"ja"}]}},"_links":{"self":[{"href":"https:\/\/parier-presidentielle.com\/ja\/wp-json\/wp\/v2\/pages\/157"}],"collection":[{"href":"https:\/\/parier-presidentielle.com\/ja\/wp-json\/wp\/v2\/pages"}],"about":[{"href":"https:\/\/parier-presidentielle.com\/ja\/wp-json\/wp\/v2\/types\/page"}],"author":[{"embeddable":true,"href":"https:\/\/parier-presidentielle.com\/ja\/wp-json\/wp\/v2\/users\/1"}],"replies":[{"embeddable":true,"href":"https:\/\/parier-presidentielle.com\/ja\/wp-json\/wp\/v2\/comments?post=157"}],"version-history":[{"count":2,"href":"https:\/\/parier-presidentielle.com\/ja\/wp-json\/wp\/v2\/pages\/157\/revisions"}],"predecessor-version":[{"id":162,"href":"https:\/\/parier-presidentielle.com\/ja\/wp-json\/wp\/v2\/pages\/157\/revisions\/162"}],"wp:attachment":[{"href":"https:\/\/parier-presidentielle.com\/ja\/wp-json\/wp\/v2\/media?parent=157"}],"curies":[{"name":"wp","href":"https:\/\/api.w.org\/{rel}","templated":true}]}}