{"id":1671,"date":"2022-10-26T14:33:37","date_gmt":"2022-10-26T12:33:37","guid":{"rendered":"https:\/\/parier-presidentielle.com\/?page_id=1671"},"modified":"2022-10-26T21:53:57","modified_gmt":"2022-10-26T19:53:57","slug":"cotes-bookmakers-second-tour-elections-bresiliennes-lula-bolsonaro","status":"publish","type":"page","link":"https:\/\/parier-presidentielle.com\/ja\/\u30aa\u30c3\u30ba\u30d6\u30c3\u30af\u30e1\u30fc\u30ab\u30fc-\u7b2c2\u30e9\u30a6\u30f3\u30c9-\u30d6\u30e9\u30b8\u30eb\u9078\u6319\/","title":{"rendered":"\u30d6\u30e9\u30b8\u30eb\u9078\u6319\u7b2c2\u56de\u6295\u7968\u3001\u30eb\u30e9\u6c0f\u3068\u30dc\u30eb\u30bd\u30ca\u30ed\u6c0f\u306e\u9593\u306e\u30d6\u30c3\u30af\u30e1\u30fc\u30ab\u30fc\u306e\u30aa\u30c3\u30ba"},"content":{"rendered":"<figure class=\"wp-block-image size-large is-style-default\"><img decoding=\"async\" loading=\"lazy\" width=\"1024\" height=\"512\" src=\"https:\/\/parier-presidentielle.com\/wp-content\/uploads\/2022\/10\/lula-bolsonaro-1024x512.jpg\" alt=\"\u518d\u9078\u3092\u76ee\u6307\u3059\u30d6\u30e9\u30b8\u30eb\u306e\u5143\u5927\u7d71\u9818\u3001\u30eb\u30a4\u30b9\u30fb\u30a4\u30ca\u30b7\u30aa\u30fb\u30eb\u30fc\u30e9\u30fb\u30c0\u30fb\u30b7\u30eb\u30d0\u6c0f\uff08\u5de6\uff09\u30012022\u5e747\u67083\u65e5\u3001\u30d6\u30e9\u30b8\u30eb\u306e\u30b5\u30f3\u30d1\u30a6\u30ed\u306b\u767b\u5834\u3001\u30d6\u30e9\u30b8\u30eb\u306e\u30b8\u30e3\u30a4\u30fc\u30eb\u30fb\u30dc\u30eb\u30bd\u30ca\u30ed\u5927\u7d71\u9818\uff08\u53f3\uff09\u30012022\u5e746\u67089\u65e5\u3001\u30ed\u30b5\u30f3\u30bc\u30eb\u30b9\u3067\u306e\u4f1a\u5408\u306b\u51fa\u5e2d\u3002\u30d6\u30e9\u30b8\u30eb\u4eba\u306f10\u6708\u306b\u6295\u7968\u306b\u884c\u304d\u3001\u30dc\u30eb\u30bd\u30ca\u30ed\u3092\u518d\u9078\u3059\u308b\u304b\u3001\u30c0\u30fb\u30b7\u30eb\u30d0\u524d\u5927\u7d71\u9818\u3092\u5fa9\u5e30\u3055\u305b\u308b\u304b\u306e\u9078\u629e\u3092\u8feb\u3089\u308c\u308b\u3002\" class=\"wp-image-1675\" srcset=\"https:\/\/parier-presidentielle.com\/wp-content\/uploads\/2022\/10\/lula-bolsonaro-1024x512.jpg 1024w, https:\/\/parier-presidentielle.com\/wp-content\/uploads\/2022\/10\/lula-bolsonaro-300x150.jpg 300w, https:\/\/parier-presidentielle.com\/wp-content\/uploads\/2022\/10\/lula-bolsonaro-768x384.jpg 768w, https:\/\/parier-presidentielle.com\/wp-content\/uploads\/2022\/10\/lula-bolsonaro-18x9.jpg 18w, https:\/\/parier-presidentielle.com\/wp-content\/uploads\/2022\/10\/lula-bolsonaro.jpg 1440w\" sizes=\"(max-width: 1024px) 100vw, 1024px\" \/><\/figure>\n\n\n\n<p><\/p>\n\n\n\n<h2 class=\"wp-block-heading\">\u30eb\u30fc\u30e9\u307e\u305f\u306f\u30dc\u30eb\u30bd\u30ca\u30ed\u306e\u7b2c 2 \u30e9\u30a6\u30f3\u30c9\u3067\u306e\u52dd\u5229\u306b\u8ced\u3051\u307e\u3059<\/h2>\n\n\n\n<p><br>\u3053\u308c\u3089\u306e\u9078\u6319\u4e2d\u3001\u6d77\u5916\u306b\u767b\u9332\u3055\u308c\u3066\u3044\u308b\u3044\u304f\u3064\u304b\u306e\u30aa\u30f3\u30e9\u30a4\u30f3\u30d6\u30c3\u30af\u30e1\u30fc\u30ab\u30fc\u306f\u3001\u30d6\u30e9\u30b8\u30eb\u5927\u7d71\u9818\u9078\u6319\u3067\u7279\u5b9a\u306e\u5019\u88dc\u8005\u304c\u52dd\u3064\u3068\u4fe1\u3058\u305f\u91d1\u984d\u3092\u4eba\u3005\u306b\u8ced\u3051\u3055\u305b\u3001\u305d\u308c\u304c\u6b63\u3057\u3051\u308c\u3070\u8ced\u3051\u305f\u91d1\u984d\u306b\u5bfe\u3059\u308b\u91d1\u92ad\u7684\u5229\u76ca\u3092\u5f97\u308b\u3053\u3068\u304c\u3067\u304d\u305f\u3002\u3053\u308c\u3089\u306e\u4f01\u696d\u306e\u30d5\u30a1\u30f3\u30c9\u306f\u30ea\u30b9\u30af\u306b\u3055\u3089\u3055\u308c\u3066\u3044\u308b\u305f\u3081\u3001\u8ced\u3051\u5229\u76ca\u306e\u8a08\u7b97\u306f\u8907\u96d1\u3067\u3001\u640d\u5931\u3092\u6700\u5c0f\u9650\u306b\u6291\u3048\u308b\u3053\u3068\u304c\u3067\u304d\u308b\u3044\u304f\u3064\u304b\u306e\u8981\u7d20\u304c\u8003\u616e\u3055\u308c\u3066\u3044\u307e\u3059\u3002<\/p>\n\n\n\n<p>VEJA \u306f\u3001USP \u6570\u5b66\u7d71\u8a08\u7814\u7a76\u6240\u306e\u7d71\u8a08\u90e8\u9580\u9577\u3067\u3042\u308b\u30d5\u30a1\u30d3\u30aa\u30fb\u30de\u30c1\u30e3\u30c9\u6559\u6388\u306e\u5354\u529b\u3092\u5f97\u3066\u3001\u30b2\u30fc\u30e0\u4f1a\u793e 6 \u793e\u3092\u5bfe\u8c61\u306b\u8abf\u67fb\u3092\u5b9f\u65bd\u3057\u307e\u3057\u305f\u3002\u30c7\u30fc\u30bf\u306f\u4eca\u9031\u6c34\u66dc\u65e5\u306e 5 \uff5e 11 \u6642\u9593\u30a6\u30a7\u30d6\u30b5\u30a4\u30c8\u3067\u516c\u958b\u3055\u308c\u307e\u3059\u3002\u5404\u5019\u88dc\u8005\u306e\u304a\u304a\u3088\u305d\u306e\u78ba\u7387\u3002\u3053\u308c\u306f\u3001\u5e73\u5747\u3057\u3066\u3001\u30eb\u30a4\u30b9\u30fb\u30a4\u30ca\u30b7\u30aa\u30fb\u30eb\u30fc\u30e9\u30fb\u30c0\u30fb\u30b7\u30eb\u30d0\u304c\u6c7a\u9078\u6295\u7968\u306b\u52dd\u3064\u78ba\u7387\u306f 69.3 % \u3067\u3001\u30b8\u30e3\u30a4\u30fc\u30eb\u30fb\u30dc\u30eb\u30bd\u30ca\u30ed\u304c\u6c7a\u9078\u6295\u7968\u306b\u52dd\u3064\u78ba\u7387\u306f % 30.6 \u3067\u3042\u308b\u3068\u5f7c\u3089\u304c\u8003\u3048\u3066\u3044\u308b\u3053\u3068\u3092\u793a\u3057\u3066\u3044\u307e\u3059\u3002<\/p>\n\n\n\n<p>\u30ab\u30b8\u30ce\u306f\u30aa\u30c3\u30ba\u3068\u547c\u3070\u308c\u308b\u8ced\u3051\u91d1\u3092\u8a08\u7b97\u3059\u308b\u65b9\u6cd5\u3092\u4f7f\u7528\u3057\u307e\u3059\u3002\u3053\u308c\u306f\u5b9f\u969b\u306b\u306f\u3001\u30dc\u30fc\u30eb\u3092\u6253\u3063\u305f\u3068\u304d\u306e\u8ced\u3051\u91d1\u306b\u5f71\u97ff\u3092\u4e0e\u3048\u308b\u500d\u6570\u306b\u3059\u304e\u307e\u305b\u3093\u3002\u305f\u3068\u3048\u3070Unibet\u3067\u306f\u3001\u30eb\u30e9\u5019\u88dc\u306e\u52dd\u5229\u306b1\u30e6\u30fc\u30ed\u8ced\u3051\u308b\u3054\u3068\u306b\u3001\u9078\u6319\u306b\u52dd\u3066\u3070\u30d9\u30c3\u30bf\u30fc\u306f1.33\u30e6\u30fc\u30ed\u3092\u7372\u5f97\u3057\u3001\u30dc\u30eb\u30bd\u30ca\u30ed\u3068\u306e\u8ced\u3051\u306e\u5834\u5408\u306f3.25\u30e6\u30fc\u30ed\u3092\u7372\u5f97\u3057\u307e\u3059\u3002\u3064\u307e\u308a\u3001\u30d6\u30c3\u30af\u30e1\u30fc\u30ab\u30fc\u306f\u5f53\u9078\u306e\u53ef\u80fd\u6027\u304c\u9ad8\u3044\u3068\u307f\u306a\u3057\u3066\u3044\u308b\u3053\u3068\u306b\u306a\u308a\u307e\u3059\u3002 \u3002<\/p>\n\n\n\n<p>\u300c\u30d6\u30c3\u30af\u30e1\u30fc\u30ab\u30fc\u306e\u6570\u5b66\u306b\u306f\u3001\u6570\u5b66\u3068\u63a8\u6e2c\u306e\u9593\u306b\u3042\u308b\u89e3\u91c8\u3082\u542b\u307e\u308c\u307e\u3059\u304c\u3001\u305d\u308c\u306b\u306f\u304a\u91d1\u304c\u95a2\u4fc2\u3059\u308b\u305f\u3081\u3001\u5f7c\u3089\u306f\u5024\u3092\u73fe\u5b9f\u306b\u8fd1\u3065\u3051\u3088\u3046\u3068\u3057\u307e\u3059\u3002\u9078\u624b\u305f\u3061\u306e\u8ad6\u7406\u3068\u56fd\u6c11\u306e\u71b1\u610f\u306f\u305d\u306e\u9055\u3044\u3092\u793a\u3057\u3066\u3044\u308b\u300d\u3068\u30de\u30c1\u30e3\u30c9\u6c0f\u306f\u8a9e\u3063\u305f\u3002<\/p>\n\n\n\n<h2 class=\"wp-block-heading\">\u30d6\u30c3\u30af\u30e1\u30fc\u30ab\u30fc\u306e\u30aa\u30c3\u30ba <\/h2>\n\n\n\n<p>\u5404\u4f4f\u5b85\u306f\u8a55\u4fa1\u306e\u8a08\u7b97\u65b9\u6cd5\u3092\u660e\u3089\u304b\u306b\u3057\u3066\u3044\u306a\u3044\u305f\u3081\u3001VEJA \u8abf\u67fb\u3067\u306f\u3001\u5404\u30b5\u30a4\u30c8\u3067\u5165\u624b\u53ef\u80fd\u306a\u6570\u5024\u306b\u57fa\u3065\u3044\u3066\u5927\u307e\u304b\u306a\u4e88\u6e2c\u304c\u884c\u308f\u308c\u307e\u3057\u305f\u3002 \u300c\u7d71\u8a08\u306f 0 \u304b\u3089 1 \u306e\u78ba\u7387\u5024\u306b\u57fa\u3065\u3044\u3066\u6a5f\u80fd\u3057\u307e\u3059\u3002\u5019\u88dc\u8005\u306e\u5f53\u9078\u78ba\u7387\u306f\u30aa\u30c3\u30ba\u306e\u9006\u6570\u3067\u3059\u3002\u305d\u306e\u305f\u3081\u3001\u79c1\u306f\u6570\u5b57\u306e\u300c1\u300d\u3092\u300c\u5947\u6570\u300d\u306e\u5024\u3067\u5272\u308a\u307e\u3059\u3002\u6700\u521d\u306e\u4f8b\u3067\u306f\u30012 \u3064\u306e\u5019\u88dc\u306e\u5408\u8a08\u306f 1.059 \u3067\u3059\u3002\u591a\u304f\u306e\u5834\u5408\u3001\u3053\u306e 0.059 \u306e\u4f59\u5270\u306f\u30b8\u30e5\u30fc\u30b9\u3001\u307e\u305f\u306f\u8ced\u3051\u3067\u30cf\u30a6\u30b9\u304c\u3044\u304f\u3089\u52dd\u3063\u305f\u304b\u3092\u8868\u3057\u307e\u3059\u300d\u3068\u30de\u30c1\u30e3\u30c9\u6c0f\u306f\u8a00\u3044\u307e\u3057\u305f\u3002 \u300c\u30d1\u30fc\u30bb\u30f3\u30c6\u30fc\u30b8\u3092\u6c42\u3081\u308b\u305f\u3081\u306b\u3001\u79c1\u306f\u30cf\u30a6\u30b9\u30d1\u30d5\u30a9\u30fc\u30de\u30f3\u30b9\u3092\u8abf\u3079\u3066\u3001\u5404\u5019\u88dc\u8005\u306e\u7d50\u679c\u304c\u3069\u306e\u3088\u3046\u306b\u4e00\u81f4\u3059\u308b\u304b\u3092\u78ba\u8a8d\u3059\u308b\u305f\u3081\u306e3\u3064\u306e\u30eb\u30fc\u30eb\u3092\u4f5c\u6210\u3057\u307e\u3057\u305f\u3002<\/p>","protected":false},"excerpt":{"rendered":"<p>Parier sur la victoire au second tour de Lula ou Bolsonaro Au cours de ces \u00e9lections, plusieurs bookmakers en ligne enregistr\u00e9s \u00e0 l&#8217;\u00e9tranger ont permis aux gens de parier des montants qu&#8217;ils pensaient qu&#8217;un certain candidat gagnerait \u00e0 l&#8217;\u00e9lection pr\u00e9sidentielle br\u00e9silienne, et s&#8217;ils avaient raison, pourraient gagner un retour financier sur le montant mis\u00e9. \u00c9tant donn\u00e9 que les fonds de ces soci\u00e9t\u00e9s sont \u00e0 risque, leurs calculs des rendements des paris sont complexes et prennent en compte plusieurs facteurs qui peuvent minimiser les pertes. VEJA a men\u00e9 une enqu\u00eate aupr\u00e8s de six soci\u00e9t\u00e9s de jeux avec l&#8217;aide du professeur F\u00e1bio Machado, chef du d\u00e9partement des statistiques de l&#8217;Institut de math\u00e9matiques &#8230;<\/p>","protected":false},"author":1,"featured_media":0,"parent":0,"menu_order":0,"comment_status":"closed","ping_status":"closed","template":"page-nosidebar.php","meta":{"footnotes":""},"yoast_head":"<!-- This site is optimized with the Yoast SEO Premium plugin v21.0 (Yoast SEO v21.0) - https:\/\/yoast.com\/wordpress\/plugins\/seo\/ -->\n<title>Les cotes des bookmakers pour le 2e tour des \u00e9lections br\u00e9siliennes entre Lula et Bolsonaro - Finale Coupe du Monde FIFA<\/title>\n<meta name=\"robots\" content=\"index, follow, max-snippet:-1, max-image-preview:large, max-video-preview:-1\" \/>\n<link rel=\"canonical\" href=\"https:\/\/parier-presidentielle.com\/ja\/\u30aa\u30c3\u30ba\u30d6\u30c3\u30af\u30e1\u30fc\u30ab\u30fc-\u7b2c2\u30e9\u30a6\u30f3\u30c9-\u30d6\u30e9\u30b8\u30eb\u9078\u6319\/\" \/>\n<meta property=\"og:locale\" content=\"ja_JP\" \/>\n<meta property=\"og:type\" content=\"article\" \/>\n<meta property=\"og:title\" content=\"Les cotes des bookmakers pour le 2e tour des \u00e9lections br\u00e9siliennes entre Lula et Bolsonaro\" \/>\n<meta property=\"og:description\" content=\"Parier sur la victoire au second tour de Lula ou Bolsonaro Au cours de ces \u00e9lections, plusieurs bookmakers en ligne enregistr\u00e9s \u00e0 l&#8217;\u00e9tranger ont permis aux gens de parier des montants qu&#8217;ils pensaient qu&#8217;un certain candidat gagnerait \u00e0 l&#8217;\u00e9lection pr\u00e9sidentielle br\u00e9silienne, et s&#8217;ils avaient raison, pourraient gagner un retour financier sur le montant mis\u00e9. \u00c9tant donn\u00e9 que les fonds de ces soci\u00e9t\u00e9s sont \u00e0 risque, leurs calculs des rendements des paris sont complexes et prennent en compte plusieurs facteurs qui peuvent minimiser les pertes. VEJA a men\u00e9 une enqu\u00eate aupr\u00e8s de six soci\u00e9t\u00e9s de jeux avec l&#8217;aide du professeur F\u00e1bio Machado, chef du d\u00e9partement des statistiques de l&#8217;Institut de math\u00e9matiques ...\" \/>\n<meta property=\"og:url\" content=\"https:\/\/parier-presidentielle.com\/ja\/\u30aa\u30c3\u30ba\u30d6\u30c3\u30af\u30e1\u30fc\u30ab\u30fc-\u7b2c2\u30e9\u30a6\u30f3\u30c9-\u30d6\u30e9\u30b8\u30eb\u9078\u6319\/\" \/>\n<meta property=\"og:site_name\" content=\"Parier Pr\u00e9sidentielle\" \/>\n<meta property=\"article:modified_time\" content=\"2022-10-26T19:53:57+00:00\" \/>\n<meta property=\"og:image\" content=\"https:\/\/parier-presidentielle.com\/wp-content\/uploads\/2022\/10\/lula-bolsonaro-1024x512.jpg\" \/>\n<meta name=\"twitter:card\" content=\"summary_large_image\" \/>\n<meta name=\"twitter:label1\" content=\"Est. reading time\" \/>\n\t<meta name=\"twitter:data1\" content=\"2\u5206\" \/>\n<script type=\"application\/ld+json\" class=\"yoast-schema-graph\">{\"@context\":\"https:\/\/schema.org\",\"@graph\":[{\"@type\":\"WebPage\",\"@id\":\"https:\/\/parier-presidentielle.com\/cotes-bookmakers-second-tour-elections-bresiliennes-lula-bolsonaro\/\",\"url\":\"https:\/\/parier-presidentielle.com\/cotes-bookmakers-second-tour-elections-bresiliennes-lula-bolsonaro\/\",\"name\":\"Les cotes des bookmakers pour le 2e tour des \u00e9lections br\u00e9siliennes entre Lula et Bolsonaro - Finale Coupe du Monde FIFA\",\"isPartOf\":{\"@id\":\"https:\/\/parier-presidentielle.com\/#website\"},\"datePublished\":\"2022-10-26T12:33:37+00:00\",\"dateModified\":\"2022-10-26T19:53:57+00:00\",\"breadcrumb\":{\"@id\":\"https:\/\/parier-presidentielle.com\/cotes-bookmakers-second-tour-elections-bresiliennes-lula-bolsonaro\/#breadcrumb\"},\"inLanguage\":\"ja\",\"potentialAction\":[{\"@type\":\"ReadAction\",\"target\":[\"https:\/\/parier-presidentielle.com\/cotes-bookmakers-second-tour-elections-bresiliennes-lula-bolsonaro\/\"]}]},{\"@type\":\"BreadcrumbList\",\"@id\":\"https:\/\/parier-presidentielle.com\/cotes-bookmakers-second-tour-elections-bresiliennes-lula-bolsonaro\/#breadcrumb\",\"itemListElement\":[{\"@type\":\"ListItem\",\"position\":1,\"name\":\"Accueil\",\"item\":\"https:\/\/parier-presidentielle.com\/\"},{\"@type\":\"ListItem\",\"position\":2,\"name\":\"Les cotes des bookmakers pour le 2e tour des \u00e9lections br\u00e9siliennes entre Lula et Bolsonaro\"}]},{\"@type\":\"WebSite\",\"@id\":\"https:\/\/parier-presidentielle.com\/#website\",\"url\":\"https:\/\/parier-presidentielle.com\/\",\"name\":\"Parier Pr\u00e9sidentielle\",\"description\":\"Paris, Pronostics, Wiki sur la Politique, les Elections Am\u00e9ricaines: Joe Biden, Donald Trump avec les Bookmakers en ligne Unibet, Bwin, Betclic, Winamax\",\"potentialAction\":[{\"@type\":\"SearchAction\",\"target\":{\"@type\":\"EntryPoint\",\"urlTemplate\":\"https:\/\/parier-presidentielle.com\/?s={search_term_string}\"},\"query-input\":\"required name=search_term_string\"}],\"inLanguage\":\"ja\"}]}<\/script>\n<!-- \/ Yoast SEO Premium plugin. -->","yoast_head_json":{"title":"Les cotes des bookmakers pour le 2e tour des \u00e9lections br\u00e9siliennes entre Lula et Bolsonaro - Finale Coupe du Monde FIFA","robots":{"index":"index","follow":"follow","max-snippet":"max-snippet:-1","max-image-preview":"max-image-preview:large","max-video-preview":"max-video-preview:-1"},"canonical":"https:\/\/parier-presidentielle.com\/ja\/\u30aa\u30c3\u30ba\u30d6\u30c3\u30af\u30e1\u30fc\u30ab\u30fc-\u7b2c2\u30e9\u30a6\u30f3\u30c9-\u30d6\u30e9\u30b8\u30eb\u9078\u6319\/","og_locale":"ja_JP","og_type":"article","og_title":"Les cotes des bookmakers pour le 2e tour des \u00e9lections br\u00e9siliennes entre Lula et Bolsonaro","og_description":"Parier sur la victoire au second tour de Lula ou Bolsonaro Au cours de ces \u00e9lections, plusieurs bookmakers en ligne enregistr\u00e9s \u00e0 l&#8217;\u00e9tranger ont permis aux gens de parier des montants qu&#8217;ils pensaient qu&#8217;un certain candidat gagnerait \u00e0 l&#8217;\u00e9lection pr\u00e9sidentielle br\u00e9silienne, et s&#8217;ils avaient raison, pourraient gagner un retour financier sur le montant mis\u00e9. \u00c9tant donn\u00e9 que les fonds de ces soci\u00e9t\u00e9s sont \u00e0 risque, leurs calculs des rendements des paris sont complexes et prennent en compte plusieurs facteurs qui peuvent minimiser les pertes. VEJA a men\u00e9 une enqu\u00eate aupr\u00e8s de six soci\u00e9t\u00e9s de jeux avec l&#8217;aide du professeur F\u00e1bio Machado, chef du d\u00e9partement des statistiques de l&#8217;Institut de math\u00e9matiques ...","og_url":"https:\/\/parier-presidentielle.com\/ja\/\u30aa\u30c3\u30ba\u30d6\u30c3\u30af\u30e1\u30fc\u30ab\u30fc-\u7b2c2\u30e9\u30a6\u30f3\u30c9-\u30d6\u30e9\u30b8\u30eb\u9078\u6319\/","og_site_name":"Parier Pr\u00e9sidentielle","article_modified_time":"2022-10-26T19:53:57+00:00","og_image":[{"url":"https:\/\/parier-presidentielle.com\/wp-content\/uploads\/2022\/10\/lula-bolsonaro-1024x512.jpg"}],"twitter_card":"summary_large_image","twitter_misc":{"Est. reading time":"2\u5206"},"schema":{"@context":"https:\/\/schema.org","@graph":[{"@type":"WebPage","@id":"https:\/\/parier-presidentielle.com\/cotes-bookmakers-second-tour-elections-bresiliennes-lula-bolsonaro\/","url":"https:\/\/parier-presidentielle.com\/cotes-bookmakers-second-tour-elections-bresiliennes-lula-bolsonaro\/","name":"Les cotes des bookmakers pour le 2e tour des \u00e9lections br\u00e9siliennes entre Lula et Bolsonaro - Finale Coupe du Monde FIFA","isPartOf":{"@id":"https:\/\/parier-presidentielle.com\/#website"},"datePublished":"2022-10-26T12:33:37+00:00","dateModified":"2022-10-26T19:53:57+00:00","breadcrumb":{"@id":"https:\/\/parier-presidentielle.com\/cotes-bookmakers-second-tour-elections-bresiliennes-lula-bolsonaro\/#breadcrumb"},"inLanguage":"ja","potentialAction":[{"@type":"ReadAction","target":["https:\/\/parier-presidentielle.com\/cotes-bookmakers-second-tour-elections-bresiliennes-lula-bolsonaro\/"]}]},{"@type":"BreadcrumbList","@id":"https:\/\/parier-presidentielle.com\/cotes-bookmakers-second-tour-elections-bresiliennes-lula-bolsonaro\/#breadcrumb","itemListElement":[{"@type":"ListItem","position":1,"name":"Accueil","item":"https:\/\/parier-presidentielle.com\/"},{"@type":"ListItem","position":2,"name":"Les cotes des bookmakers pour le 2e tour des \u00e9lections br\u00e9siliennes entre Lula et Bolsonaro"}]},{"@type":"WebSite","@id":"https:\/\/parier-presidentielle.com\/#website","url":"https:\/\/parier-presidentielle.com\/","name":"Parier Pr\u00e9sidentielle","description":"Paris, Pronostics, Wiki sur la Politique, les Elections Am\u00e9ricaines: Joe Biden, Donald Trump avec les Bookmakers en ligne Unibet, Bwin, Betclic, Winamax","potentialAction":[{"@type":"SearchAction","target":{"@type":"EntryPoint","urlTemplate":"https:\/\/parier-presidentielle.com\/?s={search_term_string}"},"query-input":"required name=search_term_string"}],"inLanguage":"ja"}]}},"_links":{"self":[{"href":"https:\/\/parier-presidentielle.com\/ja\/wp-json\/wp\/v2\/pages\/1671"}],"collection":[{"href":"https:\/\/parier-presidentielle.com\/ja\/wp-json\/wp\/v2\/pages"}],"about":[{"href":"https:\/\/parier-presidentielle.com\/ja\/wp-json\/wp\/v2\/types\/page"}],"author":[{"embeddable":true,"href":"https:\/\/parier-presidentielle.com\/ja\/wp-json\/wp\/v2\/users\/1"}],"replies":[{"embeddable":true,"href":"https:\/\/parier-presidentielle.com\/ja\/wp-json\/wp\/v2\/comments?post=1671"}],"version-history":[{"count":4,"href":"https:\/\/parier-presidentielle.com\/ja\/wp-json\/wp\/v2\/pages\/1671\/revisions"}],"predecessor-version":[{"id":1681,"href":"https:\/\/parier-presidentielle.com\/ja\/wp-json\/wp\/v2\/pages\/1671\/revisions\/1681"}],"wp:attachment":[{"href":"https:\/\/parier-presidentielle.com\/ja\/wp-json\/wp\/v2\/media?parent=1671"}],"curies":[{"name":"wp","href":"https:\/\/api.w.org\/{rel}","templated":true}]}}