{"id":1946,"date":"2023-03-20T16:35:45","date_gmt":"2023-03-20T15:35:45","guid":{"rendered":"https:\/\/parier-presidentielle.com\/?page_id=1946"},"modified":"2023-06-02T11:23:14","modified_gmt":"2023-06-02T09:23:14","slug":"joe-biden-cannabis-hhc","status":"publish","type":"page","link":"https:\/\/parier-presidentielle.com\/ja\/\u30b8\u30e7\u30fc\u30fb\u30d0\u30a4\u30c7\u30f3\u30fb\u5927\u9ebb\u30fbhhc\/","title":{"rendered":"\u30b8\u30e7\u30fc\u30fb\u30d0\u30a4\u30c7\u30f3\u3068\u5927\u9ebb\u5e02\u5834\u3001HHC"},"content":{"rendered":"<h2 class=\"wp-block-heading\"><span id=\"l8217arrivee-de-joe-biden-sur-le-marche-du-cannabis-et-de-l8217hhc-aux-etats-unis-un-nouvel-espoir-pour-les-consommateurs-et-les-entrepreneurs\">\u7c73\u56fd\u306e\u5927\u9ebb\u304a\u3088\u3073HHC\u5e02\u5834\u3078\u306e\u30b8\u30e7\u30fc\u30fb\u30d0\u30a4\u30c7\u30f3\u306e\u767b\u5834\uff1a\u6d88\u8cbb\u8005\u3068\u8d77\u696d\u5bb6\u306b\u3068\u3063\u3066\u306e\u65b0\u305f\u306a\u5e0c\u671b<\/span><\/h2>\n\n\n\n<p>\u5927\u9ebb\u304a\u3088\u3073\u30ab\u30f3\u30ca\u30d3\u30ce\u30a4\u30c9\u5e02\u5834\u3068\u3057\u3066\u306f\u3001 <a href=\"https:\/\/wikihhc.com\/\">HHC<\/a> \u8fd1\u5e74\u3001\u7c73\u56fd\u3067\u306f\u7206\u767a\u7684\u306a\u6210\u9577\u304c\u898b\u3089\u308c\u307e\u3059\u3002\u5a2f\u697d\u3084\u6cbb\u7642\u76ee\u7684\u3067\u306e\u5927\u9ebb\u306e\u4f7f\u7528\u3092\u5408\u6cd5\u5316\u3059\u308b\u5dde\u304c\u5897\u3048\u3066\u304a\u308a\u3001\u3055\u307e\u3056\u307e\u306a\u75c7\u72b6\u3092\u6cbb\u7642\u3059\u308b\u305f\u3081\u306b\u30ab\u30f3\u30ca\u30d3\u30ce\u30a4\u30c9\u88fd\u54c1\u306b\u76ee\u3092\u5411\u3051\u308b\u6d88\u8cbb\u8005\u304c\u5897\u3048\u3066\u3044\u307e\u3059\u3002\u3057\u304b\u3057\u3001\u7c73\u56fd\u306e\u9023\u90a6\u5927\u9ebb\u6cd5\u306f\u4f9d\u7136\u3068\u3057\u3066\u4e0d\u660e\u78ba\u304b\u3064\u5236\u9650\u7684\u3067\u3042\u308a\u3001\u8d77\u696d\u5bb6\u3084\u6d88\u8cbb\u8005\u304c\u3053\u306e\u6025\u6210\u9577\u3059\u308b\u5e02\u5834\u306e\u6069\u6075\u3092\u53d7\u3051\u308b\u3053\u3068\u306f\u5236\u9650\u3055\u308c\u3066\u3044\u307e\u3059\u3002<\/p>\n\n\n\n<p>\u3057\u304b\u3057\u3001\u30b8\u30e7\u30fc\u30fb\u30d0\u30a4\u30c7\u30f3\u304c\u7c73\u56fd\u5927\u7d71\u9818\u306b\u5c31\u4efb\u3059\u308b\u3068\u3001\u5927\u9ebb\u304a\u3088\u3073\u30ab\u30f3\u30ca\u30d3\u30ce\u30a4\u30c9\u5e02\u5834\u306e\u72b6\u6cc1\u304c\u5909\u308f\u308b\u53ef\u80fd\u6027\u304c\u3042\u308a\u307e\u3059\u3002\u30d0\u30a4\u30c7\u30f3\u5927\u7d71\u9818\u306f\u3001\u533b\u7642\u76ee\u7684\u306e\u5927\u9ebb\u5408\u6cd5\u5316\u306f\u652f\u6301\u3059\u308b\u304c\u3001\u5a2f\u697d\u76ee\u7684\u3067\u306e\u5927\u9ebb\u5408\u6cd5\u5316\u306f\u652f\u6301\u3057\u306a\u3044\u3068\u8ff0\u3079\u305f\u3002\u3057\u304b\u3057\u3001\u5f7c\u306e\u653f\u6a29\u306f\u3059\u3067\u306b\u30ab\u30f3\u30ca\u30d3\u30ce\u30a4\u30c9\u7814\u7a76\u3092\u8a31\u53ef\u3059\u308b\u63aa\u7f6e\u3092\u8b1b\u3058\u3066\u304a\u308a\u3001\u3053\u308c\u306f\u5e83\u7bc4\u306a\u5408\u6cd5\u5316\u3078\u306e\u7b2c\u4e00\u6b69\u3068\u306a\u308b\u53ef\u80fd\u6027\u304c\u3042\u308b\u3002<\/p>\n\n\n\n<h2 class=\"wp-block-heading\"><span id=\"la-legalisation-du-cannabis-un-enjeu-economique\">\u5927\u9ebb\u306e\u5408\u6cd5\u5316: \u7d4c\u6e08\u554f\u984c<\/span><\/h2>\n\n\n\n<p>\u533b\u7642\u304a\u3088\u3073\u5a2f\u697d\u76ee\u7684\u3067\u306e\u5927\u9ebb\u306e\u5408\u6cd5\u5316\u306f\u3001\u7c73\u56fd\u306b\u3068\u3063\u3066\u91cd\u8981\u306a\u7d4c\u6e08\u554f\u984c\u3067\u3059\u3002\u5b9f\u969b\u3001\u5927\u9ebb\u306e\u751f\u7523\u3001\u6d41\u901a\u3001\u8ca9\u58f2\u306f\u3001\u96c7\u7528\u3092\u5275\u51fa\u3057\u3001\u5730\u57df\u7d4c\u6e08\u3092\u523a\u6fc0\u3057\u306a\u304c\u3089\u3001\u5dde\u306b\u591a\u5927\u306a\u53ce\u5165\u3092\u3082\u305f\u3089\u3059\u53ef\u80fd\u6027\u304c\u3042\u308a\u307e\u3059\u3002<\/p>\n\n\n\n<h2 class=\"wp-block-heading\"><span id=\"les-obstacles-a-la-legalisation\">\u5408\u6cd5\u5316\u3078\u306e\u969c\u5bb3<\/span><\/h2>\n\n\n\n<p>\u3057\u304b\u3057\u3001\u7c73\u56fd\u3067\u306f\u5927\u9ebb\u306e\u5408\u6cd5\u5316\u306b\u306f\u591a\u304f\u306e\u969c\u5bb3\u304c\u7acb\u3061\u306f\u3060\u304b\u3063\u3066\u3044\u308b\u3002\u9023\u90a6\u5927\u9ebb\u6cd5\u306f\u4f9d\u7136\u3068\u3057\u3066\u4e0d\u660e\u78ba\u3067\u5236\u9650\u7684\u3067\u3042\u308b\u305f\u3081\u3001\u8d77\u696d\u5bb6\u304c\u30d3\u30b8\u30cd\u30b9\u3092\u6210\u9577\u3055\u305b\u305f\u308a\u3001\u6d88\u8cbb\u8005\u304c\u9ad8\u54c1\u8cea\u3067\u5b89\u5168\u306a\u88fd\u54c1\u306b\u30a2\u30af\u30bb\u30b9\u3057\u305f\u308a\u3059\u308b\u3053\u3068\u304c\u56f0\u96e3\u306b\u306a\u3063\u3066\u3044\u307e\u3059\u3002\u3055\u3089\u306b\u3001\u30a2\u30e1\u30ea\u30ab\u793e\u4f1a\u306b\u304a\u3051\u308b\u5927\u9ebb\u3078\u306e\u6c5a\u540d\u306f\u3001\u5f53\u5c40\u3084\u6709\u6a29\u8005\u304c\u5408\u6cd5\u5316\u3092\u53d7\u3051\u5165\u308c\u308b\u3053\u3068\u3092\u56f0\u96e3\u306b\u3059\u308b\u53ef\u80fd\u6027\u304c\u3042\u308a\u307e\u3059\u3002<\/p>\n\n\n\n<h2 class=\"wp-block-heading\"><span id=\"les-avantages-potentiels-de-la-legalisation\">\u5408\u6cd5\u5316\u306e\u6f5c\u5728\u7684\u306a\u30e1\u30ea\u30c3\u30c8<\/span><\/h2>\n\n\n\n<p>\u3053\u308c\u3089\u306e\u969c\u5bb3\u306b\u3082\u304b\u304b\u308f\u3089\u305a\u3001\u5927\u9ebb\u3068\u30ab\u30f3\u30ca\u30d3\u30ce\u30a4\u30c9\u306e\u5408\u6cd5\u5316\u306f\u7c73\u56fd\u306e\u6d88\u8cbb\u8005\u3068\u8d77\u696d\u5bb6\u306b\u591a\u304f\u306e\u5229\u76ca\u3092\u3082\u305f\u3089\u3059\u53ef\u80fd\u6027\u304c\u3042\u308a\u307e\u3059\u3002\u30ab\u30f3\u30ca\u30d3\u30ce\u30a4\u30c9\u88fd\u54c1\u306f\u3001\u6162\u6027\u7684\u306a\u75db\u307f\u3001\u4e0d\u5b89\u3001\u3046\u3064\u75c5\u3001\u4e0d\u7720\u75c7\u306a\u3069\u306e\u75c7\u72b6\u306e\u6cbb\u7642\u306b\u5f79\u7acb\u3061\u3001\u4f55\u767e\u4e07\u3082\u306e\u30a2\u30e1\u30ea\u30ab\u4eba\u306e\u751f\u6d3b\u306e\u8cea\u3092\u5411\u4e0a\u3055\u305b\u308b\u3053\u3068\u304c\u3067\u304d\u307e\u3059\u3002\u3055\u3089\u306b\u3001\u5408\u6cd5\u5316\u306b\u3088\u308a\u5927\u9ebb\u5206\u91ce\u3067\u96c7\u7528\u304c\u5275\u51fa\u3055\u308c\u3001\u5730\u57df\u7d4c\u6e08\u304c\u6d3b\u6027\u5316\u3059\u308b\u53ef\u80fd\u6027\u304c\u3042\u308b\u3002<\/p>\n\n\n\n<h2 class=\"wp-block-heading\"><span id=\"la-position-de-joe-biden\">\u30b8\u30e7\u30fc\u30fb\u30d0\u30a4\u30c7\u30f3\u306e\u7acb\u5834<\/span><\/h2>\n\n\n\n<p>\u5927\u9ebb\u3068\u30ab\u30f3\u30ca\u30d3\u30ce\u30a4\u30c9\u306e\u5408\u6cd5\u5316\u306b\u5bfe\u3059\u308b\u30b8\u30e7\u30fc\u30fb\u30d0\u30a4\u30c7\u30f3\u306e\u7acb\u5834\u306f\u8907\u96d1\u3067\u3042\u308b\u3002\u540c\u6c0f\u306f\u533b\u7642\u76ee\u7684\u306e\u5408\u6cd5\u5316\u306b\u306f\u8cdb\u6210\u3060\u304c\u3001\u5a2f\u697d\u76ee\u7684\u306e\u5408\u6cd5\u5316\u306b\u306f\u8cdb\u6210\u3057\u3066\u3044\u306a\u3044\u3002\u3057\u304b\u3057\u3001\u5f7c\u306e\u653f\u6a29\u306f\u3059\u3067\u306b\u30ab\u30f3\u30ca\u30d3\u30ce\u30a4\u30c9\u7814\u7a76\u3092\u8a31\u53ef\u3059\u308b\u63aa\u7f6e\u3092\u8b1b\u3058\u3066\u304a\u308a\u3001\u3053\u308c\u306f\u5e83\u7bc4\u306a\u5408\u6cd5\u5316\u306e\u652f\u6301\u8005\u306b\u3068\u3063\u3066\u524d\u5411\u304d\u306a\u5146\u5019\u3067\u3042\u308b\u53ef\u80fd\u6027\u304c\u3042\u308a\u307e\u3059\u3002<\/p>\n\n\n\n<p>\u3055\u3089\u306b\u3001\u30b8\u30e7\u30fc\u30fb\u30d0\u30a4\u30c7\u30f3\u306f\u307e\u305f\u3001\u5927\u9ebb\u95a2\u9023\u306e\u72af\u7f6a\u3067\u4e0d\u5f53\u306b\u6709\u7f6a\u5224\u6c7a\u3092\u53d7\u3051\u305f\u4eba\u3005\u304c\u305d\u306e\u8a18\u9332\u3092\u6d88\u3057\u3066\u518d\u30b9\u30bf\u30fc\u30c8\u3059\u308b\u6a5f\u4f1a\u3092\u5f97\u308b\u306e\u306b\u5f79\u7acb\u3064\u53ef\u80fd\u6027\u304c\u3042\u308b\u3001\u5927\u9ebb\u95a2\u9023\u306e\u72af\u7f6a\u6b74\u306e\u62b9\u6d88\u3078\u306e\u652f\u6301\u3092\u8868\u660e\u3057\u305f\u3002<\/p>\n\n\n\n<h2 class=\"wp-block-heading\"><span id=\"l8217hhc-un-nouvel-espoir-pour-les-consommateurs\">HHC: \u6d88\u8cbb\u8005\u306b\u3068\u3063\u3066\u306e\u65b0\u305f\u306a\u5e0c\u671b<\/span><\/h2>\n\n\n\n<p>\u5927\u9ebb\u306e\u5408\u6cd5\u5316\u306b\u52a0\u3048\u3066\u3001\u7c73\u56fd\u306e\u30ab\u30f3\u30ca\u30d3\u30ce\u30a4\u30c9\u5e02\u5834\u306b\u30b8\u30e7\u30fc\u30fb\u30d0\u30a4\u30c7\u30f3\u304c\u767b\u5834\u3059\u308b\u3053\u3068\u306f\u3001HHC\uff08\u30c7\u30eb\u30bf-8-\u30c6\u30c8\u30e9\u30d2\u30c9\u30ed\u30ab\u30f3\u30ca\u30d3\u30ce\u30fc\u30eb\uff09\u306e\u51fa\u73fe\u306e\u304a\u304b\u3052\u3067\u3001\u6d88\u8cbb\u8005\u306b\u65b0\u305f\u306a\u6a5f\u4f1a\u3092\u63d0\u4f9b\u3059\u308b\u53ef\u80fd\u6027\u3082\u3042\u308b\u3002<\/p>\n\n\n\n<p>HHC \u306f\u5927\u9ebb\u7531\u6765\u306e\u30ab\u30f3\u30ca\u30d3\u30ce\u30a4\u30c9\u3067\u3001THC \u3068\u540c\u69d8\u306e\u52b9\u679c\u304c\u3042\u308a\u307e\u3059\u304c\u3001\u5927\u9ebb\u304c\u7981\u6b62\u3055\u308c\u3066\u3044\u308b\u591a\u304f\u306e\u5dde\u3067\u306f\u5408\u6cd5\u3067\u3059\u3002\u3057\u305f\u304c\u3063\u3066\u3001\u6d88\u8cbb\u8005\u306f\u5927\u9ebb\u306b\u95a2\u9023\u3059\u308b\u6cd5\u7684\u554f\u984c\u3092\u5fc3\u914d\u3059\u308b\u3053\u3068\u306a\u304f\u3001HHC \u306e\u5229\u70b9\u3092\u4eab\u53d7\u3067\u304d\u307e\u3059\u3002<\/p>\n\n\n\n<h2 class=\"wp-block-heading\"><span id=\"les-entrepreneurs-prets-a-saisir-les-opportunites\">\u30c1\u30e3\u30f3\u30b9\u3092\u63b4\u3080\u6e96\u5099\u304c\u3067\u304d\u3066\u3044\u308b\u8d77\u696d\u5bb6<\/span><\/h2>\n\n\n\n<p>\u30ab\u30f3\u30ca\u30d3\u30ce\u30a4\u30c9\u5e02\u5834\u306e\u8d77\u696d\u5bb6\u305f\u3061\u3082\u3001\u30b8\u30e7\u30fc\u30fb\u30d0\u30a4\u30c7\u30f3\u306e\u5e02\u5834\u53c2\u5165\u306b\u3088\u3063\u3066\u3082\u305f\u3089\u3055\u308c\u308b\u6a5f\u4f1a\u3092\u3064\u304b\u3080\u6e96\u5099\u304c\u3067\u304d\u3066\u3044\u308b\u3002\u591a\u304f\u306e\u4f01\u696d\u304c\u3059\u3067\u306b\u3001<a href=\"https:\/\/wikihhc.com\/france\/fleurs-hhc\/\"> HHC\u306e\u3088\u3046\u306a\u82b1 <\/a>\u3001\u305d\u3057\u3066\u533b\u7642\u76ee\u7684\u3067\u5408\u6cd5\u5316\u3055\u308c\u305f\u5927\u9ebb\u306e\u751f\u7523\u306b\u76ee\u3092\u5411\u3051\u59cb\u3081\u3066\u3044\u308b\u4eba\u3055\u3048\u3044\u307e\u3059\u3002<\/p>\n\n\n\n<h2 class=\"wp-block-heading\"><span id=\"conclusion-un-nouvel-espoir-pour-les-consommateurs-et-les-entrepreneurs\">\u7d50\u8ad6: \u6d88\u8cbb\u8005\u3068\u8d77\u696d\u5bb6\u306b\u3068\u3063\u3066\u306e\u65b0\u305f\u306a\u5e0c\u671b<\/span><\/h2>\n\n\n\n<p>\u7c73\u56fd\u306e\u5927\u9ebb\u304a\u3088\u3073\u30ab\u30f3\u30ca\u30d3\u30ce\u30a4\u30c9\u5e02\u5834\u3078\u306e\u30b8\u30e7\u30fc\u30fb\u30d0\u30a4\u30c7\u30f3\u306e\u767b\u5834\u306f\u3001\u6d88\u8cbb\u8005\u3068\u8d77\u696d\u5bb6\u306b\u65b0\u305f\u306a\u5e0c\u671b\u3092\u3082\u305f\u3089\u3057\u307e\u3059\u3002\u5a2f\u697d\u7528\u5927\u9ebb\u306e\u5408\u6cd5\u5316\u306b\u95a2\u3059\u308b\u30b8\u30e7\u30fc\u30fb\u30d0\u30a4\u30c7\u30f3\u306e\u7acb\u5834\u306f\u660e\u3089\u304b\u3067\u306f\u306a\u3044\u304c\u3001\u30ab\u30f3\u30ca\u30d3\u30ce\u30a4\u30c9\u7814\u7a76\u3068\u5927\u9ebb\u95a2\u9023\u306e\u72af\u7f6a\u8a18\u9332\u306e\u62b9\u6d88\u3092\u652f\u6301\u3059\u308b\u5f7c\u306e\u884c\u52d5\u306f\u3001\u5408\u6cd5\u5316\u652f\u6301\u8005\u306b\u3068\u3063\u3066\u524d\u5411\u304d\u306a\u5146\u5019\u3067\u3042\u308b\u3002\u591a\u304f\u306e\u30b5\u30a4\u30c8\u304c\u5272\u5f15\u3092\u63d0\u4f9b\u3057\u3066\u3044\u307e\u3059 <a href=\"https:\/\/wikihhc.com\/site\/weecl\/code-promo-coupon-bon-de-reduction-weecl\/\">Weecl \u306e\u3088\u3046\u306a CBD \u304a\u3088\u3073 HHC \u3068\u30d7\u30ed\u30e2\u30fc\u30b7\u30e7\u30f3 \u30b3\u30fc\u30c9<\/a>.<\/p>\n\n\n\n<p>\u3055\u3089\u306b\u3001HHC \u306e\u51fa\u73fe\u306f\u6d88\u8cbb\u8005\u3068\u8d77\u696d\u5bb6\u306b\u65b0\u305f\u306a\u6a5f\u4f1a\u3092\u63d0\u4f9b\u3057\u3001\u6d88\u8cbb\u8005\u306f\u5927\u9ebb\u306b\u95a2\u9023\u3059\u308b\u6cd5\u7684\u554f\u984c\u3092\u62b1\u3048\u305a\u306b\u30ab\u30f3\u30ca\u30d3\u30ce\u30a4\u30c9\u306e\u5229\u70b9\u3092\u4eab\u53d7\u3067\u304d\u308b\u3088\u3046\u306b\u306a\u308a\u307e\u3059\u3002<\/p>\n\n\n\n<figure class=\"wp-block-embed is-type-video is-provider-youtube wp-block-embed-youtube wp-embed-aspect-16-9 wp-has-aspect-ratio\"><div class=\"wp-block-embed__wrapper\">\n<iframe loading=\"lazy\" title=\"\u7c73\u56fd\uff1a\u30b8\u30e7\u30fc\u30fb\u30d0\u30a4\u30c7\u30f3\u3001\u30de\u30ea\u30d5\u30a1\u30ca\u6240\u6301\u3067\u6709\u7f6a\u5224\u6c7a\u3092\u53d7\u3051\u305f\u6570\u5343\u4eba\u306e\u30a2\u30e1\u30ea\u30ab\u4eba\u3092\u6069\u8d66\" width=\"640\" height=\"360\" src=\"https:\/\/www.youtube.com\/embed\/EmSpSXaJnlY?feature=oembed\" frameborder=\"0\" allow=\"accelerometer; autoplay; clipboard-write; encrypted-media; gyroscope; picture-in-picture; web-share\" allowfullscreen><\/iframe>\n<\/div><\/figure>\n<div id=\"toc_container\" class=\"no_bullets\"><p class=\"toc_title\">\u30b3\u30f3\u30c6\u30f3\u30c4<\/p><ul class=\"toc_list\"><li><\/li><li><\/li><li><\/li><li><\/li><li><\/li><li><\/li><li><\/li><li><\/li><\/ul><\/div>","protected":false},"excerpt":{"rendered":"<p>L&#8217;arriv\u00e9e de Joe Biden sur le march\u00e9 du cannabis et de l&#8217;HHC aux \u00c9tats-Unis : Un nouvel espoir pour les consommateurs et les entrepreneurs Le march\u00e9 du cannabis et des cannabino\u00efdes comme HHC a connu une croissance explosive aux \u00c9tats-Unis ces derni\u00e8res ann\u00e9es . De plus en plus d&#8217;\u00c9tats l\u00e9galisent l&#8217;usage r\u00e9cr\u00e9atif ou th\u00e9rapeutique du cannabis, et les consommateurs sont de plus en plus nombreux \u00e0 se tourner vers les produits \u00e0 base de cannabino\u00efdes pour traiter diverses affections. Cependant, la l\u00e9gislation f\u00e9d\u00e9rale am\u00e9ricaine sur le cannabis reste floue et restrictive, ce qui limite l&#8217;acc\u00e8s des entrepreneurs et des consommateurs aux avantages de ce march\u00e9 en plein essor. Cependant, avec &#8230;<\/p>","protected":false},"author":1,"featured_media":1955,"parent":0,"menu_order":0,"comment_status":"closed","ping_status":"closed","template":"page-nosidebar.php","meta":{"footnotes":""},"yoast_head":"<!-- This site is optimized with the Yoast SEO Premium plugin v21.0 (Yoast SEO v21.0) - https:\/\/yoast.com\/wordpress\/plugins\/seo\/ -->\n<title>Joe Biden et le march\u00e9 du Cannabis, HHC - Finale Coupe du Monde FIFA<\/title>\n<meta name=\"robots\" content=\"index, follow, max-snippet:-1, max-image-preview:large, max-video-preview:-1\" \/>\n<link rel=\"canonical\" href=\"https:\/\/parier-presidentielle.com\/ja\/\u30b8\u30e7\u30fc\u30fb\u30d0\u30a4\u30c7\u30f3\u30fb\u5927\u9ebb\u30fbhhc\/\" \/>\n<meta property=\"og:locale\" content=\"ja_JP\" \/>\n<meta property=\"og:type\" content=\"article\" \/>\n<meta property=\"og:title\" content=\"Joe Biden et le march\u00e9 du Cannabis, HHC\" \/>\n<meta property=\"og:description\" content=\"L&#8217;arriv\u00e9e de Joe Biden sur le march\u00e9 du cannabis et de l&#8217;HHC aux \u00c9tats-Unis : Un nouvel espoir pour les consommateurs et les entrepreneurs Le march\u00e9 du cannabis et des cannabino\u00efdes comme HHC a connu une croissance explosive aux \u00c9tats-Unis ces derni\u00e8res ann\u00e9es . De plus en plus d&#8217;\u00c9tats l\u00e9galisent l&#8217;usage r\u00e9cr\u00e9atif ou th\u00e9rapeutique du cannabis, et les consommateurs sont de plus en plus nombreux \u00e0 se tourner vers les produits \u00e0 base de cannabino\u00efdes pour traiter diverses affections. Cependant, la l\u00e9gislation f\u00e9d\u00e9rale am\u00e9ricaine sur le cannabis reste floue et restrictive, ce qui limite l&#8217;acc\u00e8s des entrepreneurs et des consommateurs aux avantages de ce march\u00e9 en plein essor. Cependant, avec ...\" \/>\n<meta property=\"og:url\" content=\"https:\/\/parier-presidentielle.com\/ja\/\u30b8\u30e7\u30fc\u30fb\u30d0\u30a4\u30c7\u30f3\u30fb\u5927\u9ebb\u30fbhhc\/\" \/>\n<meta property=\"og:site_name\" content=\"Parier Pr\u00e9sidentielle\" \/>\n<meta property=\"article:modified_time\" content=\"2023-06-02T09:23:14+00:00\" \/>\n<meta property=\"og:image\" content=\"https:\/\/parier-presidentielle.com\/wp-content\/uploads\/2023\/03\/joe-biden-hhc-1-scaled.jpg\" \/>\n\t<meta property=\"og:image:width\" content=\"2560\" \/>\n\t<meta property=\"og:image:height\" content=\"1440\" \/>\n\t<meta property=\"og:image:type\" content=\"image\/jpeg\" \/>\n<meta name=\"twitter:card\" content=\"summary_large_image\" \/>\n<meta name=\"twitter:label1\" content=\"Est. reading time\" \/>\n\t<meta name=\"twitter:data1\" content=\"4\u5206\" \/>\n<script type=\"application\/ld+json\" class=\"yoast-schema-graph\">{\"@context\":\"https:\/\/schema.org\",\"@graph\":[{\"@type\":\"WebPage\",\"@id\":\"https:\/\/parier-presidentielle.com\/joe-biden-cannabis-hhc\/\",\"url\":\"https:\/\/parier-presidentielle.com\/joe-biden-cannabis-hhc\/\",\"name\":\"Joe Biden et le march\u00e9 du Cannabis, HHC - Finale Coupe du Monde FIFA\",\"isPartOf\":{\"@id\":\"https:\/\/parier-presidentielle.com\/#website\"},\"datePublished\":\"2023-03-20T15:35:45+00:00\",\"dateModified\":\"2023-06-02T09:23:14+00:00\",\"breadcrumb\":{\"@id\":\"https:\/\/parier-presidentielle.com\/joe-biden-cannabis-hhc\/#breadcrumb\"},\"inLanguage\":\"ja\",\"potentialAction\":[{\"@type\":\"ReadAction\",\"target\":[\"https:\/\/parier-presidentielle.com\/joe-biden-cannabis-hhc\/\"]}]},{\"@type\":\"BreadcrumbList\",\"@id\":\"https:\/\/parier-presidentielle.com\/joe-biden-cannabis-hhc\/#breadcrumb\",\"itemListElement\":[{\"@type\":\"ListItem\",\"position\":1,\"name\":\"Accueil\",\"item\":\"https:\/\/parier-presidentielle.com\/\"},{\"@type\":\"ListItem\",\"position\":2,\"name\":\"Joe Biden et le march\u00e9 du Cannabis, HHC\"}]},{\"@type\":\"WebSite\",\"@id\":\"https:\/\/parier-presidentielle.com\/#website\",\"url\":\"https:\/\/parier-presidentielle.com\/\",\"name\":\"Parier Pr\u00e9sidentielle\",\"description\":\"Paris, Pronostics, Wiki sur la Politique, les Elections Am\u00e9ricaines: Joe Biden, Donald Trump avec les Bookmakers en ligne Unibet, Bwin, Betclic, Winamax\",\"potentialAction\":[{\"@type\":\"SearchAction\",\"target\":{\"@type\":\"EntryPoint\",\"urlTemplate\":\"https:\/\/parier-presidentielle.com\/?s={search_term_string}\"},\"query-input\":\"required name=search_term_string\"}],\"inLanguage\":\"ja\"}]}<\/script>\n<!-- \/ Yoast SEO Premium plugin. -->","yoast_head_json":{"title":"Joe Biden et le march\u00e9 du Cannabis, HHC - Finale Coupe du Monde FIFA","robots":{"index":"index","follow":"follow","max-snippet":"max-snippet:-1","max-image-preview":"max-image-preview:large","max-video-preview":"max-video-preview:-1"},"canonical":"https:\/\/parier-presidentielle.com\/ja\/\u30b8\u30e7\u30fc\u30fb\u30d0\u30a4\u30c7\u30f3\u30fb\u5927\u9ebb\u30fbhhc\/","og_locale":"ja_JP","og_type":"article","og_title":"Joe Biden et le march\u00e9 du Cannabis, HHC","og_description":"L&#8217;arriv\u00e9e de Joe Biden sur le march\u00e9 du cannabis et de l&#8217;HHC aux \u00c9tats-Unis : Un nouvel espoir pour les consommateurs et les entrepreneurs Le march\u00e9 du cannabis et des cannabino\u00efdes comme HHC a connu une croissance explosive aux \u00c9tats-Unis ces derni\u00e8res ann\u00e9es . De plus en plus d&#8217;\u00c9tats l\u00e9galisent l&#8217;usage r\u00e9cr\u00e9atif ou th\u00e9rapeutique du cannabis, et les consommateurs sont de plus en plus nombreux \u00e0 se tourner vers les produits \u00e0 base de cannabino\u00efdes pour traiter diverses affections. Cependant, la l\u00e9gislation f\u00e9d\u00e9rale am\u00e9ricaine sur le cannabis reste floue et restrictive, ce qui limite l&#8217;acc\u00e8s des entrepreneurs et des consommateurs aux avantages de ce march\u00e9 en plein essor. Cependant, avec ...","og_url":"https:\/\/parier-presidentielle.com\/ja\/\u30b8\u30e7\u30fc\u30fb\u30d0\u30a4\u30c7\u30f3\u30fb\u5927\u9ebb\u30fbhhc\/","og_site_name":"Parier Pr\u00e9sidentielle","article_modified_time":"2023-06-02T09:23:14+00:00","og_image":[{"width":2560,"height":1440,"url":"https:\/\/parier-presidentielle.com\/wp-content\/uploads\/2023\/03\/joe-biden-hhc-1-scaled.jpg","type":"image\/jpeg"}],"twitter_card":"summary_large_image","twitter_misc":{"Est. reading time":"4\u5206"},"schema":{"@context":"https:\/\/schema.org","@graph":[{"@type":"WebPage","@id":"https:\/\/parier-presidentielle.com\/joe-biden-cannabis-hhc\/","url":"https:\/\/parier-presidentielle.com\/joe-biden-cannabis-hhc\/","name":"Joe Biden et le march\u00e9 du Cannabis, HHC - Finale Coupe du Monde FIFA","isPartOf":{"@id":"https:\/\/parier-presidentielle.com\/#website"},"datePublished":"2023-03-20T15:35:45+00:00","dateModified":"2023-06-02T09:23:14+00:00","breadcrumb":{"@id":"https:\/\/parier-presidentielle.com\/joe-biden-cannabis-hhc\/#breadcrumb"},"inLanguage":"ja","potentialAction":[{"@type":"ReadAction","target":["https:\/\/parier-presidentielle.com\/joe-biden-cannabis-hhc\/"]}]},{"@type":"BreadcrumbList","@id":"https:\/\/parier-presidentielle.com\/joe-biden-cannabis-hhc\/#breadcrumb","itemListElement":[{"@type":"ListItem","position":1,"name":"Accueil","item":"https:\/\/parier-presidentielle.com\/"},{"@type":"ListItem","position":2,"name":"Joe Biden et le march\u00e9 du Cannabis, HHC"}]},{"@type":"WebSite","@id":"https:\/\/parier-presidentielle.com\/#website","url":"https:\/\/parier-presidentielle.com\/","name":"Parier Pr\u00e9sidentielle","description":"Paris, Pronostics, Wiki sur la Politique, les Elections Am\u00e9ricaines: Joe Biden, Donald Trump avec les Bookmakers en ligne Unibet, Bwin, Betclic, Winamax","potentialAction":[{"@type":"SearchAction","target":{"@type":"EntryPoint","urlTemplate":"https:\/\/parier-presidentielle.com\/?s={search_term_string}"},"query-input":"required name=search_term_string"}],"inLanguage":"ja"}]}},"_links":{"self":[{"href":"https:\/\/parier-presidentielle.com\/ja\/wp-json\/wp\/v2\/pages\/1946"}],"collection":[{"href":"https:\/\/parier-presidentielle.com\/ja\/wp-json\/wp\/v2\/pages"}],"about":[{"href":"https:\/\/parier-presidentielle.com\/ja\/wp-json\/wp\/v2\/types\/page"}],"author":[{"embeddable":true,"href":"https:\/\/parier-presidentielle.com\/ja\/wp-json\/wp\/v2\/users\/1"}],"replies":[{"embeddable":true,"href":"https:\/\/parier-presidentielle.com\/ja\/wp-json\/wp\/v2\/comments?post=1946"}],"version-history":[{"count":5,"href":"https:\/\/parier-presidentielle.com\/ja\/wp-json\/wp\/v2\/pages\/1946\/revisions"}],"predecessor-version":[{"id":2000,"href":"https:\/\/parier-presidentielle.com\/ja\/wp-json\/wp\/v2\/pages\/1946\/revisions\/2000"}],"wp:featuredmedia":[{"embeddable":true,"href":"https:\/\/parier-presidentielle.com\/ja\/wp-json\/wp\/v2\/media\/1955"}],"wp:attachment":[{"href":"https:\/\/parier-presidentielle.com\/ja\/wp-json\/wp\/v2\/media?parent=1946"}],"curies":[{"name":"wp","href":"https:\/\/api.w.org\/{rel}","templated":true}]}}