{"id":1956,"date":"2023-03-20T17:03:39","date_gmt":"2023-03-20T16:03:39","guid":{"rendered":"https:\/\/parier-presidentielle.com\/?page_id=1956"},"modified":"2023-06-02T11:27:55","modified_gmt":"2023-06-02T09:27:55","slug":"donald-trump-sur-le-marche-du-cannabis-et-du-hhc","status":"publish","type":"page","link":"https:\/\/parier-presidentielle.com\/ja\/\u5927\u9ebb\u3068hhc\u5e02\u5834\u306e\u30c9\u30ca\u30eb\u30c9\u30fb\u30c8\u30e9\u30f3\u30d7\/","title":{"rendered":"\u30c9\u30ca\u30eb\u30c9\u30fb\u30c8\u30e9\u30f3\u30d7\u304c\u5927\u9ebb\u3068HHC\u5e02\u5834\u306b\u4e0e\u3048\u308b\u5f71\u97ff"},"content":{"rendered":"<p>2016 \u5e74\u306b\u30c9\u30ca\u30eb\u30c9\u30fb\u30c8\u30e9\u30f3\u30d7\u304c\u7c73\u56fd\u5927\u7d71\u9818\u306b\u5c31\u4efb\u3057\u3066\u4ee5\u6765\u3001\u5927\u9ebb\u3068\u5927\u9ebb\u7523\u696d\u306f <a href=\"https:\/\/wikihhc.com\/en\/\" target=\"_blank\" rel=\"noreferrer noopener\">HHC<\/a> \uff08\u30d8\u30f3\u30d7\u7531\u6765\u30ab\u30f3\u30ca\u30d3\u30ce\u30a4\u30c9\uff09\u306f\u5e38\u306b\u9032\u5316\u3057\u7d9a\u3051\u3066\u3044\u307e\u3059\u3002\u5927\u7d71\u9818\u306e\u767a\u8a00\u3068\u5b9f\u65bd\u3055\u308c\u305f\u653f\u7b56\u306f\u3001\u3053\u306e\u6210\u9577\u5e02\u5834\u306b\u5927\u304d\u306a\u5f71\u97ff\u3092\u4e0e\u3048\u307e\u3057\u305f\u3002\u3053\u306e\u8a18\u4e8b\u3067\u306f\u3001\u30c8\u30e9\u30f3\u30d7\u5927\u7d71\u9818\u304c\u4e0b\u3057\u305f\u91cd\u8981\u306a\u6c7a\u5b9a\u3068\u3001\u305d\u308c\u304c\u5927\u9ebb\u3068HHC\u696d\u754c\u306e\u5c06\u6765\u306b\u3069\u306e\u3088\u3046\u306a\u5f71\u97ff\u3092\u4e0e\u3048\u308b\u304b\u3092\u63a2\u3063\u3066\u3044\u304d\u307e\u3059\u3002\u591a\u304f\u306e\u30b5\u30a4\u30c8\u304c\u5272\u5f15\u3092\u63d0\u4f9b\u3057\u3066\u3044\u307e\u3059 <a href=\"https:\/\/wikihhc.com\/site\/weecl\/code-promo-coupon-bon-de-reduction-weecl\/\">Weecl \u306e\u3088\u3046\u306a CBD \u304a\u3088\u3073 HHC \u3068\u30d7\u30ed\u30e2\u30fc\u30b7\u30e7\u30f3 \u30b3\u30fc\u30c9<\/a>.<\/p>\n\n\n\n<h2 class=\"wp-block-heading\"><span id=\"la-position-initiale-de-trump-sur-le-cannabis\">\u5927\u9ebb\u306b\u5bfe\u3059\u308b\u30c8\u30e9\u30f3\u30d7\u5927\u7d71\u9818\u306e\u5f53\u521d\u306e\u7acb\u5834<\/span><\/h2>\n\n\n\n<p>2016\u5e74\u306e\u9078\u6319\u904b\u52d5\u4e2d\u3001\u30c9\u30ca\u30eb\u30c9\u30fb\u30c8\u30e9\u30f3\u30d7\u306f\u5927\u9ebb\u554f\u984c\u306b\u95a2\u3057\u3066\u304b\u306a\u308a\u66d6\u6627\u306a\u7acb\u5834\u3092\u3068\u3063\u305f\u3002\u540c\u6c0f\u306f\u3001\u3053\u306e\u554f\u984c\u306f\u5404\u5dde\u306b\u3088\u3063\u3066\u89e3\u6c7a\u3055\u308c\u308b\u3079\u304d\u3067\u3042\u308a\u3001\u5927\u9ebb\u306e\u533b\u7642\u4f7f\u7528\u306b\u306f\u53cd\u5bfe\u3057\u306a\u3044\u3068\u8ff0\u3079\u305f\u3002\u3057\u304b\u3057\u3001\u82e5\u8005\u306e\u9593\u3067\u306e\u5927\u9ebb\u4f7f\u7528\u306e\u5897\u52a0\u3068\u516c\u8846\u885b\u751f\u3078\u306e\u6f5c\u5728\u7684\u306a\u60aa\u5f71\u97ff\u306b\u3064\u3044\u3066\u3082\u61f8\u5ff5\u3092\u8868\u660e\u3057\u305f\u3002<\/p>\n\n\n\n<h2 class=\"wp-block-heading\"><span id=\"la-nomination-de-jeff-sessions\">\u30b8\u30a7\u30d5\u30fb\u30bb\u30c3\u30b7\u30e7\u30f3\u30ba\u306e\u6307\u540d<\/span><\/h2>\n\n\n\n<p>\u5927\u9ebb\u306b\u95a2\u3059\u308b\u30c8\u30e9\u30f3\u30d7\u5927\u7d71\u9818\u306e\u6700\u521d\u306e\u6c7a\u5b9a\u306e\u4e00\u3064\u306f\u3001\u30b8\u30a7\u30d5\u30fb\u30bb\u30c3\u30b7\u30e7\u30f3\u30ba\u3092\u53f8\u6cd5\u9577\u5b98\u306b\u4efb\u547d\u3059\u308b\u3053\u3068\u3067\u3042\u3063\u305f\u3002\u30bb\u30c3\u30b7\u30e7\u30f3\u30ba\u6c0f\u306f\u5927\u9ebb\u306b\u5bfe\u3059\u308b\u65ad\u56fa\u305f\u308b\u53cd\u5bfe\u8005\u3067\u3042\u308a\u3001\u5927\u9ebb\u306f\u300c\u5371\u967a\u300d\u3067\u3042\u308a\u300c\u4f55\u3068\u3057\u3066\u3082\u907f\u3051\u308b\u3079\u304d\u300d\u3068\u3044\u3046\u7acb\u5834\u3067\u77e5\u3089\u308c\u3066\u3044\u305f\u3002\u3053\u306e\u4efb\u547d\u306f\u5927\u9ebb\u3068HHC\u696d\u754c\u306b\u61f8\u5ff5\u3092\u5f15\u304d\u8d77\u3053\u3057\u3001\u5927\u9ebb\u30d3\u30b8\u30cd\u30b9\u306b\u5bfe\u3059\u308b\u53d6\u308a\u7de0\u307e\u308a\u306e\u5f37\u5316\u306b\u3064\u306a\u304c\u308b\u306e\u3067\u306f\u306a\u3044\u304b\u3068\u591a\u304f\u306e\u4eba\u304c\u61f8\u5ff5\u3057\u3066\u3044\u305f\u3002<\/p>\n\n\n\n<h2 class=\"wp-block-heading\"><span id=\"le-rescrit-de-cole\">\u30b3\u30fc\u30eb\u306e\u52c5\u66f8<\/span><\/h2>\n\n\n\n<p>\u30c8\u30e9\u30f3\u30d7\u5927\u7d71\u9818\u306e\u3082\u3046\u4e00\u3064\u306e\u91cd\u8981\u306a\u6c7a\u5b9a\u306f\u30012018\u5e74\u306e\u30b3\u30fc\u30eb\u5224\u6c7a\u306e\u64a4\u56de\u3067\u3042\u3063\u305f\u3002\u3053\u306e\u5224\u6c7a\u306f\u3001\u533b\u7642\u304a\u3088\u3073\u5a2f\u697d\u76ee\u7684\u3067\u5927\u9ebb\u3092\u5408\u6cd5\u5316\u3057\u305f\u5dde\u306b\u304a\u3051\u308b\u5927\u9ebb\u6cd5\u306e\u53d6\u308a\u6271\u3044\u306b\u3064\u3044\u3066\u9023\u90a6\u691c\u5bdf\u5f53\u5c40\u306b\u6307\u91dd\u3092\u4e0e\u3048\u308b\u305f\u3081\u306b\u30012013\u5e74\u306b\u30aa\u30d0\u30de\u653f\u6a29\u306b\u3088\u3063\u3066\u65bd\u884c\u3055\u308c\u305f\u3002 \u3002\u3053\u306e\u5224\u6c7a\u306e\u5ec3\u6b62\u306f\u5927\u9ebb\u3068HHC\u696d\u754c\u306b\u3068\u3063\u3066\u5927\u304d\u306a\u5f8c\u9000\u3068\u307f\u306a\u3055\u308c\u3001\u9023\u90a6\u30ec\u30d9\u30eb\u3067\u306e\u5927\u9ebb\u53d6\u7de0\u308a\u306e\u5f37\u5316\u306b\u5bfe\u3059\u308b\u61f8\u5ff5\u304c\u751f\u3058\u305f\u3002<\/p>\n\n\n\n<h2 class=\"wp-block-heading\"><span id=\"le-farm-bill-de-2018\">2018\u5e74\u8fb2\u696d\u6cd5\u6848<\/span><\/h2>\n\n\n\n<p>\u632b\u6298\u306b\u3082\u304b\u304b\u308f\u3089\u305a\u3001HHC \u696d\u754c\u306f 2018 \u5e74\u306b\u8fb2\u696d\u6cd5\u6848\u306b\u3088\u3063\u3066\u5927\u304d\u306a\u6210\u529f\u3092\u53ce\u3081\u307e\u3057\u305f\u3002\u3053\u306e\u6cd5\u5f8b\u306f\u3001% THC\u542b\u6709\u91cf\u304c0.3\u672a\u6e80\u306e\u5927\u9ebb\u3068\u3057\u3066\u5b9a\u7fa9\u3055\u308c\u308b\u7523\u696d\u7528\u5927\u9ebb\u306e\u683d\u57f9\u3001\u751f\u7523\u3001\u8ca9\u58f2\u3092\u5168\u56fd\u7684\u306b\u5408\u6cd5\u5316\u3057\u305f\u3002\u3053\u306e\u52d5\u304d\u306f\u3001CBD\u751f\u7523\u306e\u305f\u3081\u306e\u30d8\u30f3\u30d7\u683d\u57f9\u306e\u5408\u6cd5\u5316\u3092\u9577\u5e74\u6c42\u3081\u3066\u304d\u305fHHC\u696d\u754c\u306b\u6b53\u8fce\u3055\u308c\u305f\u3002<\/p>\n\n\n\n<h2 class=\"wp-block-heading\"><span id=\"la-pandemie-de-covid-19\">\u65b0\u578b\u30b3\u30ed\u30ca\u30a6\u30a4\u30eb\u30b9\u611f\u67d3\u75c7\uff08COVID-19\uff09\u306e\u30d1\u30f3\u30c7\u30df\u30c3\u30af<\/span><\/h2>\n\n\n\n<p>\u65b0\u578b\u30b3\u30ed\u30ca\u30a6\u30a4\u30eb\u30b9\u611f\u67d3\u75c7\uff08COVID-19\uff09\u306e\u30d1\u30f3\u30c7\u30df\u30c3\u30af\u306f\u3001\u5927\u9ebb\u3068HHC\u696d\u754c\u306b\u3082\u5927\u304d\u306a\u5f71\u97ff\u3092\u4e0e\u3048\u3066\u3044\u307e\u3059\u3002\u5fc5\u8981\u4e0d\u53ef\u6b20\u306a\u30bb\u30af\u30bf\u30fc\u3068\u3057\u3066\u3001\u4ed6\u306e\u30bb\u30af\u30bf\u30fc\u306e\u55b6\u696d\u505c\u6b62\u306b\u3082\u304b\u304b\u308f\u3089\u305a\u3001\u591a\u304f\u306e\u5927\u9ebb\u85ac\u5c40\u3084\u4f01\u696d\u306f\u55b6\u696d\u3092\u7d9a\u3051\u3066\u3044\u307e\u3059\u3002\u3057\u304b\u3057\u3001\u30d1\u30f3\u30c7\u30df\u30c3\u30af\u306f\u3001\u7279\u306b\u6d88\u8cbb\u8005\u306e\u9593\u3067\u5927\u9ebb\u88fd\u54c1\u306e\u9700\u8981\u306e\u6e1b\u5c11\u306b\u3082\u3064\u306a\u304c\u308a\u307e\u3057\u305f\u3002<\/p>\n\n\n\n<p>\u30ec\u30af\u30ea\u30a8\u30fc\u30b7\u30e7\u30f3\u611b\u597d\u5bb6\u3002\u6e21\u822a\u5236\u9650\u306f\u5927\u9ebb\u3084HHC\u696d\u754c\u306e\u30b5\u30d7\u30e9\u30a4\u30c1\u30a7\u30fc\u30f3\u306b\u3082\u5f71\u97ff\u3092\u53ca\u307c\u3057\u3001\u751f\u7523\u3084\u6d41\u901a\u306e\u6df7\u4e71\u306b\u3064\u306a\u304c\u3063\u3066\u3044\u308b\u3002<\/p>\n\n\n\n<h2 class=\"wp-block-heading\"><span id=\"l8217avenir-de-l8217industrie-du-cannabis-et-du-hhc-sous-l8217administration-biden\">\u30d0\u30a4\u30c7\u30f3\u653f\u6a29\u4e0b\u306b\u304a\u3051\u308b\u5927\u9ebb\u3068HHC\u7523\u696d\u306e\u5c06\u6765<\/span><\/h2>\n\n\n\n<p>2021\u5e741\u6708\u306e\u30b8\u30e7\u30fc\u30fb\u30d0\u30a4\u30c7\u30f3\u306e\u5c31\u4efb\u306b\u4f34\u3044\u3001 <a href=\"https:\/\/wikihhc.com\/site\/\">\u5927\u9ebb\u3068HHC\u7523\u696d <\/a>\u30c8\u30e9\u30f3\u30d7\u653f\u6a29\u4e0b\u3067\u5b9f\u65bd\u3055\u308c\u305f\u653f\u7b56\u304b\u3089\u306e\u65b9\u5411\u8ee2\u63db\u3092\u671f\u5f85\u3057\u3066\u3044\u305f\u3002\u30d0\u30a4\u30c7\u30f3\u6c0f\u306f\u5927\u9ebb\u306e\u533b\u7642\u4f7f\u7528\u5408\u6cd5\u5316\u3068\u5927\u9ebb\u72af\u7f6a\u306b\u5bfe\u3059\u308b\u91cf\u5211\u7fa9\u52d9\u306e\u64a4\u5ec3\u3078\u306e\u652f\u6301\u3092\u8868\u660e\u3057\u3066\u3044\u308b\u3002\u3057\u304b\u3057\u3001\u5f7c\u306f\u307e\u305f\u3001\u5927\u9ebb\u304c\u4e71\u7528\u306e\u53ef\u80fd\u6027\u304c\u9ad8\u304f\u3001\u6709\u52b9\u306a\u533b\u7642\u7528\u9014\u304c\u306a\u3044\u3068\u8003\u3048\u3089\u308c\u3066\u3044\u308b\u30b9\u30b1\u30b8\u30e5\u30fc\u30ebI\u7269\u8cea\u3068\u3057\u3066\u306e\u73fe\u5728\u306e\u5206\u985e\u3092\u652f\u6301\u3059\u308b\u3068\u3082\u8ff0\u3079\u305f\u3002<\/p>\n\n\n\n<p>\u30d0\u30a4\u30c7\u30f3\u653f\u6a29\u4e0b\u306b\u304a\u3051\u308b\u5927\u9ebb\u304a\u3088\u3073HHC\u696d\u754c\u306e\u5c06\u6765\u306b\u3064\u3044\u3066\u306f\u4e0d\u78ba\u5b9f\u6027\u304c\u3042\u308b\u306b\u3082\u304b\u304b\u308f\u3089\u305a\u3001\u696d\u754c\u306f\u5e38\u306b\u9032\u5316\u3057\u7d9a\u3051\u3066\u304a\u308a\u3001\u6210\u9577\u3057\u7d9a\u3051\u3066\u3044\u307e\u3059\u3002\u5404\u5dde\u306f\u533b\u7642\u304a\u3088\u3073\u5a2f\u697d\u76ee\u7684\u3067\u306e\u5927\u9ebb\u306e\u5408\u6cd5\u5316\u3092\u7d9a\u3051\u3066\u304a\u308a\u3001CBD\u88fd\u54c1\u306e\u9700\u8981\u306e\u9ad8\u307e\u308a\u306b\u5fdc\u3048\u308b\u305f\u3081\u306b\u65b0\u3057\u3044HHC\u4f1a\u793e\u304c\u8a2d\u7acb\u3055\u308c\u3066\u3044\u307e\u3059\u3002\u5927\u9ebb\u304a\u3088\u3073HHC\u7523\u696d\u306f\u3001\u8d77\u696d\u5bb6\u3084\u6295\u8cc7\u5bb6\u306b\u3068\u3063\u3066\u591a\u304f\u306e\u6a5f\u4f1a\u3092\u63d0\u4f9b\u3059\u308b\u6210\u9577\u5206\u91ce\u3067\u3042\u308a\u7d9a\u3051\u3066\u3044\u307e\u3059\u3002<\/p>\n\n\n\n<p>\u7d50\u8ad6\u3068\u3057\u3066\u3001\u30c9\u30ca\u30eb\u30c9\u30fb\u30c8\u30e9\u30f3\u30d7\u304c\u5927\u9ebb\u304a\u3088\u3073HHC\u696d\u754c\u306b\u4e0e\u3048\u305f\u5f71\u97ff\u306f\u5927\u304d\u3044\u304c\u3001\u30d0\u30a4\u30c7\u30f3\u653f\u6a29\u4e0b\u3067\u306e\u3053\u306e\u696d\u754c\u306e\u5c06\u6765\u306b\u3064\u3044\u3066\u306f\u4e0d\u78ba\u5b9f\u6027\u304c\u6b8b\u3063\u3066\u3044\u308b\u3002\u305d\u308c\u306b\u3082\u304b\u304b\u308f\u3089\u305a\u3001\u696d\u754c\u306f\u6210\u9577\u3068\u9032\u5316\u3092\u7d9a\u3051\u3066\u304a\u308a\u3001\u4f01\u696d\u3084\u6295\u8cc7\u5bb6\u306b\u591a\u304f\u306e\u6a5f\u4f1a\u3092\u63d0\u4f9b\u3057\u3066\u3044\u307e\u3059\u3002<\/p>\n\n\n\n<p><\/p>\n\n\n\n<figure class=\"wp-block-embed is-type-video is-provider-youtube wp-block-embed-youtube wp-embed-aspect-16-9 wp-has-aspect-ratio\"><div class=\"wp-block-embed__wrapper\">\n<iframe loading=\"lazy\" title=\"\u30c8\u30e9\u30f3\u30d7\u52dd\u5229\uff1a\u5927\u9ebb\u7981\u6b62\u306e\u7d42\u308f\u308a\u306b\u5411\u3051\u3066\uff1f - RTL - RTL\" width=\"640\" height=\"360\" src=\"https:\/\/www.youtube.com\/embed\/j5oDI7O_byY?feature=oembed\" frameborder=\"0\" allow=\"accelerometer; autoplay; clipboard-write; encrypted-media; gyroscope; picture-in-picture; web-share\" allowfullscreen><\/iframe>\n<\/div><\/figure>\n\n\n\n<p>\u3088\u304f\u3042\u308b\u8cea\u554f:<\/p>\n\n\n\n<ol>\n<li>HHC\u3068\u306f\u4f55\u3067\u3059\u304b\uff1f HHC (\u30d8\u30f3\u30d7\u7531\u6765\u30ab\u30f3\u30ca\u30d3\u30ce\u30a4\u30c9) \u306f\u7523\u696d\u7528\u30d8\u30f3\u30d7\u7531\u6765\u306e\u30ab\u30f3\u30ca\u30d3\u30ce\u30a4\u30c9\u5316\u5408\u7269\u3067\u3001% THC \u306e\u542b\u6709\u91cf\u306f 0.3 \u672a\u6e80\u3067\u3059\u3002<\/li>\n\n\n\n<li>\u7c73\u56fd\u306e\u3069\u306e\u5dde\u304c\u5927\u9ebb\u3092\u5408\u6cd5\u5316\u3057\u307e\u3057\u305f\u304b?\u73fe\u5728\u307e\u3067\u306b\u3001\u7c73\u56fd\u306e 36 \u306e\u5dde\u304c\u533b\u7642\u76ee\u7684\u306e\u5927\u9ebb\u3092\u5408\u6cd5\u5316\u3057\u300115 \u306e\u5dde\u304c\u5a2f\u697d\u76ee\u7684\u306e\u5927\u9ebb\u3092\u5408\u6cd5\u5316\u3057\u307e\u3057\u305f\u3002<\/li>\n\n\n\n<li>\u5927\u9ebb\u3092\u30b9\u30b1\u30b8\u30e5\u30fc\u30eb I \u7269\u8cea\u3068\u3057\u3066\u5206\u985e\u3059\u308b\u3068\u3069\u306e\u3088\u3046\u306a\u5f71\u97ff\u304c\u3042\u308a\u307e\u3059\u304b?\u5927\u9ebb\u304c\u30b9\u30b1\u30b8\u30e5\u30fc\u30eb I \u7269\u8cea\u306b\u5206\u985e\u3055\u308c\u3066\u3044\u308b\u3068\u3044\u3046\u3053\u3068\u306f\u3001\u5927\u9ebb\u304c\u4e71\u7528\u306e\u53ef\u80fd\u6027\u304c\u9ad8\u304f\u3001\u6709\u52b9\u306a\u533b\u7642\u7528\u9014\u304c\u306a\u3044\u3068\u8003\u3048\u3089\u308c\u3066\u3044\u308b\u305f\u3081\u3001\u7814\u7a76\u8005\u304c\u305d\u306e\u85ac\u52b9\u306b\u3064\u3044\u3066\u7814\u7a76\u3092\u884c\u3046\u3053\u3068\u304c\u56f0\u96e3\u306b\u306a\u3063\u3066\u3044\u308b\u3068\u3044\u3046\u3053\u3068\u3067\u3059\u3002<\/li>\n\n\n\n<li>\u65b0\u578b\u30b3\u30ed\u30ca\u30a6\u30a4\u30eb\u30b9\u611f\u67d3\u75c7\u306e\u30d1\u30f3\u30c7\u30df\u30c3\u30af\u306b\u3088\u3063\u3066\u5927\u9ebb\u751f\u7523\u306b\u3069\u306e\u3088\u3046\u306a\u6df7\u4e71\u304c\u751f\u3058\u3066\u3044\u307e\u3059\u304b?\u65b0\u578b\u30b3\u30ed\u30ca\u30a6\u30a4\u30eb\u30b9\u611f\u67d3\u75c7\uff08COVID-19\uff09\u306e\u30d1\u30f3\u30c7\u30df\u30c3\u30af\u306b\u3088\u308a\u3001\u5927\u9ebb\u3068HHC\u696d\u754c\u306e\u30b5\u30d7\u30e9\u30a4\u30c1\u30a7\u30fc\u30f3\u306b\u6df7\u4e71\u304c\u751f\u3058\u3001\u751f\u7523\u3068\u6d41\u901a\u306e\u9045\u308c\u306b\u3064\u306a\u304c\u3063\u3066\u3044\u307e\u3059\u3002<\/li>\n<\/ol>\n<div id=\"toc_container\" class=\"no_bullets\"><p class=\"toc_title\">\u30b3\u30f3\u30c6\u30f3\u30c4<\/p><ul class=\"toc_list\"><li><\/li><li><\/li><li><\/li><li><\/li><li><\/li><li><\/li><\/ul><\/div>","protected":false},"excerpt":{"rendered":"<p>Depuis l&#8217;investiture de Donald Trump \u00e0 la pr\u00e9sidence des \u00c9tats-Unis en 2016, l&#8217;industrie du cannabis et du HHC (Hemp-derived Cannabinoid) a \u00e9t\u00e9 en constante \u00e9volution. Les d\u00e9clarations du pr\u00e9sident et les politiques mises en place ont eu un impact significatif sur ce march\u00e9 en pleine expansion. Dans cet article, nous allons explorer les d\u00e9cisions cl\u00e9s prises par Trump et leur influence sur l&#8217;avenir de l&#8217;industrie du cannabis et du HHC. De nombreux site offre des reduction sur le CBD et HHC comme Weecl avec des codes promos. La position initiale de Trump sur le cannabis Lors de sa campagne \u00e9lectorale en 2016, Donald Trump a pris une position plut\u00f4t floue &#8230;<\/p>","protected":false},"author":1,"featured_media":1959,"parent":0,"menu_order":0,"comment_status":"closed","ping_status":"closed","template":"page-nosidebar.php","meta":{"footnotes":""},"yoast_head":"<!-- This site is optimized with the Yoast SEO Premium plugin v21.0 (Yoast SEO v21.0) - https:\/\/yoast.com\/wordpress\/plugins\/seo\/ -->\n<title>L&#039;impact de Donald Trump sur le march\u00e9 du Cannabis et du HHC - Finale Coupe du Monde FIFA<\/title>\n<meta name=\"robots\" content=\"index, follow, max-snippet:-1, max-image-preview:large, max-video-preview:-1\" \/>\n<link rel=\"canonical\" href=\"https:\/\/parier-presidentielle.com\/ja\/\u5927\u9ebb\u3068hhc\u5e02\u5834\u306e\u30c9\u30ca\u30eb\u30c9\u30fb\u30c8\u30e9\u30f3\u30d7\/\" \/>\n<meta property=\"og:locale\" content=\"ja_JP\" \/>\n<meta property=\"og:type\" content=\"article\" \/>\n<meta property=\"og:title\" content=\"L&#039;impact de Donald Trump sur le march\u00e9 du Cannabis et du HHC\" \/>\n<meta property=\"og:description\" content=\"Depuis l&#8217;investiture de Donald Trump \u00e0 la pr\u00e9sidence des \u00c9tats-Unis en 2016, l&#8217;industrie du cannabis et du HHC (Hemp-derived Cannabinoid) a \u00e9t\u00e9 en constante \u00e9volution. Les d\u00e9clarations du pr\u00e9sident et les politiques mises en place ont eu un impact significatif sur ce march\u00e9 en pleine expansion. Dans cet article, nous allons explorer les d\u00e9cisions cl\u00e9s prises par Trump et leur influence sur l&#8217;avenir de l&#8217;industrie du cannabis et du HHC. De nombreux site offre des reduction sur le CBD et HHC comme Weecl avec des codes promos. La position initiale de Trump sur le cannabis Lors de sa campagne \u00e9lectorale en 2016, Donald Trump a pris une position plut\u00f4t floue ...\" \/>\n<meta property=\"og:url\" content=\"https:\/\/parier-presidentielle.com\/ja\/\u5927\u9ebb\u3068hhc\u5e02\u5834\u306e\u30c9\u30ca\u30eb\u30c9\u30fb\u30c8\u30e9\u30f3\u30d7\/\" \/>\n<meta property=\"og:site_name\" content=\"Parier Pr\u00e9sidentielle\" \/>\n<meta property=\"article:modified_time\" content=\"2023-06-02T09:27:55+00:00\" \/>\n<meta property=\"og:image\" content=\"https:\/\/parier-presidentielle.com\/wp-content\/uploads\/2023\/03\/donald-trump-hhc-scaled.jpg\" \/>\n\t<meta property=\"og:image:width\" content=\"2560\" \/>\n\t<meta property=\"og:image:height\" content=\"1440\" \/>\n\t<meta property=\"og:image:type\" content=\"image\/jpeg\" \/>\n<meta name=\"twitter:card\" content=\"summary_large_image\" \/>\n<meta name=\"twitter:label1\" content=\"Est. reading time\" \/>\n\t<meta name=\"twitter:data1\" content=\"5\u5206\" \/>\n<script type=\"application\/ld+json\" class=\"yoast-schema-graph\">{\"@context\":\"https:\/\/schema.org\",\"@graph\":[{\"@type\":\"WebPage\",\"@id\":\"https:\/\/parier-presidentielle.com\/donald-trump-sur-le-marche-du-cannabis-et-du-hhc\/\",\"url\":\"https:\/\/parier-presidentielle.com\/donald-trump-sur-le-marche-du-cannabis-et-du-hhc\/\",\"name\":\"L'impact de Donald Trump sur le march\u00e9 du Cannabis et du HHC - Finale Coupe du Monde FIFA\",\"isPartOf\":{\"@id\":\"https:\/\/parier-presidentielle.com\/#website\"},\"datePublished\":\"2023-03-20T16:03:39+00:00\",\"dateModified\":\"2023-06-02T09:27:55+00:00\",\"breadcrumb\":{\"@id\":\"https:\/\/parier-presidentielle.com\/donald-trump-sur-le-marche-du-cannabis-et-du-hhc\/#breadcrumb\"},\"inLanguage\":\"ja\",\"potentialAction\":[{\"@type\":\"ReadAction\",\"target\":[\"https:\/\/parier-presidentielle.com\/donald-trump-sur-le-marche-du-cannabis-et-du-hhc\/\"]}]},{\"@type\":\"BreadcrumbList\",\"@id\":\"https:\/\/parier-presidentielle.com\/donald-trump-sur-le-marche-du-cannabis-et-du-hhc\/#breadcrumb\",\"itemListElement\":[{\"@type\":\"ListItem\",\"position\":1,\"name\":\"Accueil\",\"item\":\"https:\/\/parier-presidentielle.com\/\"},{\"@type\":\"ListItem\",\"position\":2,\"name\":\"L&#8217;impact de Donald Trump sur le march\u00e9 du Cannabis et du HHC\"}]},{\"@type\":\"WebSite\",\"@id\":\"https:\/\/parier-presidentielle.com\/#website\",\"url\":\"https:\/\/parier-presidentielle.com\/\",\"name\":\"Parier Pr\u00e9sidentielle\",\"description\":\"Paris, Pronostics, Wiki sur la Politique, les Elections Am\u00e9ricaines: Joe Biden, Donald Trump avec les Bookmakers en ligne Unibet, Bwin, Betclic, Winamax\",\"potentialAction\":[{\"@type\":\"SearchAction\",\"target\":{\"@type\":\"EntryPoint\",\"urlTemplate\":\"https:\/\/parier-presidentielle.com\/?s={search_term_string}\"},\"query-input\":\"required name=search_term_string\"}],\"inLanguage\":\"ja\"}]}<\/script>\n<!-- \/ Yoast SEO Premium plugin. -->","yoast_head_json":{"title":"L'impact de Donald Trump sur le march\u00e9 du Cannabis et du HHC - Finale Coupe du Monde FIFA","robots":{"index":"index","follow":"follow","max-snippet":"max-snippet:-1","max-image-preview":"max-image-preview:large","max-video-preview":"max-video-preview:-1"},"canonical":"https:\/\/parier-presidentielle.com\/ja\/\u5927\u9ebb\u3068hhc\u5e02\u5834\u306e\u30c9\u30ca\u30eb\u30c9\u30fb\u30c8\u30e9\u30f3\u30d7\/","og_locale":"ja_JP","og_type":"article","og_title":"L'impact de Donald Trump sur le march\u00e9 du Cannabis et du HHC","og_description":"Depuis l&#8217;investiture de Donald Trump \u00e0 la pr\u00e9sidence des \u00c9tats-Unis en 2016, l&#8217;industrie du cannabis et du HHC (Hemp-derived Cannabinoid) a \u00e9t\u00e9 en constante \u00e9volution. Les d\u00e9clarations du pr\u00e9sident et les politiques mises en place ont eu un impact significatif sur ce march\u00e9 en pleine expansion. Dans cet article, nous allons explorer les d\u00e9cisions cl\u00e9s prises par Trump et leur influence sur l&#8217;avenir de l&#8217;industrie du cannabis et du HHC. De nombreux site offre des reduction sur le CBD et HHC comme Weecl avec des codes promos. La position initiale de Trump sur le cannabis Lors de sa campagne \u00e9lectorale en 2016, Donald Trump a pris une position plut\u00f4t floue ...","og_url":"https:\/\/parier-presidentielle.com\/ja\/\u5927\u9ebb\u3068hhc\u5e02\u5834\u306e\u30c9\u30ca\u30eb\u30c9\u30fb\u30c8\u30e9\u30f3\u30d7\/","og_site_name":"Parier Pr\u00e9sidentielle","article_modified_time":"2023-06-02T09:27:55+00:00","og_image":[{"width":2560,"height":1440,"url":"https:\/\/parier-presidentielle.com\/wp-content\/uploads\/2023\/03\/donald-trump-hhc-scaled.jpg","type":"image\/jpeg"}],"twitter_card":"summary_large_image","twitter_misc":{"Est. reading time":"5\u5206"},"schema":{"@context":"https:\/\/schema.org","@graph":[{"@type":"WebPage","@id":"https:\/\/parier-presidentielle.com\/donald-trump-sur-le-marche-du-cannabis-et-du-hhc\/","url":"https:\/\/parier-presidentielle.com\/donald-trump-sur-le-marche-du-cannabis-et-du-hhc\/","name":"L'impact de Donald Trump sur le march\u00e9 du Cannabis et du HHC - Finale Coupe du Monde FIFA","isPartOf":{"@id":"https:\/\/parier-presidentielle.com\/#website"},"datePublished":"2023-03-20T16:03:39+00:00","dateModified":"2023-06-02T09:27:55+00:00","breadcrumb":{"@id":"https:\/\/parier-presidentielle.com\/donald-trump-sur-le-marche-du-cannabis-et-du-hhc\/#breadcrumb"},"inLanguage":"ja","potentialAction":[{"@type":"ReadAction","target":["https:\/\/parier-presidentielle.com\/donald-trump-sur-le-marche-du-cannabis-et-du-hhc\/"]}]},{"@type":"BreadcrumbList","@id":"https:\/\/parier-presidentielle.com\/donald-trump-sur-le-marche-du-cannabis-et-du-hhc\/#breadcrumb","itemListElement":[{"@type":"ListItem","position":1,"name":"Accueil","item":"https:\/\/parier-presidentielle.com\/"},{"@type":"ListItem","position":2,"name":"L&#8217;impact de Donald Trump sur le march\u00e9 du Cannabis et du HHC"}]},{"@type":"WebSite","@id":"https:\/\/parier-presidentielle.com\/#website","url":"https:\/\/parier-presidentielle.com\/","name":"Parier Pr\u00e9sidentielle","description":"Paris, Pronostics, Wiki sur la Politique, les Elections Am\u00e9ricaines: Joe Biden, Donald Trump avec les Bookmakers en ligne Unibet, Bwin, Betclic, Winamax","potentialAction":[{"@type":"SearchAction","target":{"@type":"EntryPoint","urlTemplate":"https:\/\/parier-presidentielle.com\/?s={search_term_string}"},"query-input":"required name=search_term_string"}],"inLanguage":"ja"}]}},"_links":{"self":[{"href":"https:\/\/parier-presidentielle.com\/ja\/wp-json\/wp\/v2\/pages\/1956"}],"collection":[{"href":"https:\/\/parier-presidentielle.com\/ja\/wp-json\/wp\/v2\/pages"}],"about":[{"href":"https:\/\/parier-presidentielle.com\/ja\/wp-json\/wp\/v2\/types\/page"}],"author":[{"embeddable":true,"href":"https:\/\/parier-presidentielle.com\/ja\/wp-json\/wp\/v2\/users\/1"}],"replies":[{"embeddable":true,"href":"https:\/\/parier-presidentielle.com\/ja\/wp-json\/wp\/v2\/comments?post=1956"}],"version-history":[{"count":4,"href":"https:\/\/parier-presidentielle.com\/ja\/wp-json\/wp\/v2\/pages\/1956\/revisions"}],"predecessor-version":[{"id":2001,"href":"https:\/\/parier-presidentielle.com\/ja\/wp-json\/wp\/v2\/pages\/1956\/revisions\/2001"}],"wp:featuredmedia":[{"embeddable":true,"href":"https:\/\/parier-presidentielle.com\/ja\/wp-json\/wp\/v2\/media\/1959"}],"wp:attachment":[{"href":"https:\/\/parier-presidentielle.com\/ja\/wp-json\/wp\/v2\/media?parent=1956"}],"curies":[{"name":"wp","href":"https:\/\/api.w.org\/{rel}","templated":true}]}}