{"id":1962,"date":"2023-03-20T17:10:50","date_gmt":"2023-03-20T16:10:50","guid":{"rendered":"https:\/\/parier-presidentielle.com\/?page_id=1962"},"modified":"2023-06-02T11:27:56","modified_gmt":"2023-06-02T09:27:56","slug":"vladimir-poutine-quelle-avis-sur-le-marche-du-cannabis-et-hhc","status":"publish","type":"page","link":"https:\/\/parier-presidentielle.com\/ja\/\u30a6\u30e9\u30b8\u30df\u30fc\u30eb\u30fb\u30d7\u30fc\u30c6\u30a3\u30f3\u3001\u5927\u9ebb\u5e02\u5834\u3068hhc\u306b\u3064\u3044\/","title":{"rendered":"\u30a6\u30e9\u30b8\u30fc\u30df\u30eb\u30fb\u30d7\u30fc\u30c1\u30f3\u5927\u7d71\u9818\u306f\u5927\u9ebb\u3068HHC\u5e02\u5834\u306b\u3064\u3044\u3066\u3069\u3046\u8003\u3048\u3066\u3044\u307e\u3059\u304b?"},"content":{"rendered":"<p>\u5927\u9ebb\u5e02\u5834 <a href=\"https:\/\/wikihhc.com\/france\/fleurs-hhc\/ou-trouver-fleurs-hhc-france-guide\/\">hhc<\/a>  \u306f\u6025\u6210\u9577\u3057\u3066\u304a\u308a\u3001\u4e16\u754c\u4e2d\u306e\u4e3b\u8981\u30ea\u30fc\u30c0\u30fc\u306e\u95a2\u5fc3\u3092\u96c6\u3081\u3066\u3044\u307e\u3059\u3002\u305d\u306e\u3088\u3046\u306a\u6307\u5c0e\u8005\u306e\u4e00\u4eba\u304c\u30ed\u30b7\u30a2\u306e\u30a6\u30e9\u30b8\u30fc\u30df\u30eb\u30fb\u30d7\u30fc\u30c1\u30f3\u5927\u7d71\u9818\u3067\u3001\u5f7c\u306f\u6700\u8fd1\u3001\u533b\u7642\u304a\u3088\u3073\u7523\u696d\u76ee\u7684\u3067\u306e\u5927\u9ebb\u4f7f\u7528\u306e\u5408\u6cd5\u5316\u3078\u306e\u652f\u6301\u3092\u8868\u660e\u3057\u305f\u3002<\/p>\n\n\n\n<h2 class=\"wp-block-heading\"><span id=\"le-passe-controverse-de-poutine-avec-le-cannabis\">\u30d7\u30fc\u30c1\u30f3\u5927\u7d71\u9818\u306e\u5927\u9ebb\u306b\u95a2\u3059\u308b\u7269\u8b70\u3092\u91b8\u3057\u305f\u904e\u53bb<\/span><\/h2>\n\n\n\n<p>\u3053\u306e\u8b70\u8ad6\u306b\u98db\u3073\u8fbc\u3080\u524d\u306b\u3001\u524d\u8ff0\u3057\u305f\u3088\u3046\u306b\u3001\u5927\u9ebb\u306b\u95a2\u3059\u308b\u30d7\u30fc\u30c1\u30f3\u5927\u7d71\u9818\u306e\u7269\u8b70\u3092\u91b8\u3057\u305f\u904e\u53bb\u3092\u601d\u3044\u51fa\u3059\u3053\u3068\u304c\u91cd\u8981\u3067\u3042\u308b\u3002 <a href=\"https:\/\/wikihhc.com\/guide\/hhc\/\">\u30a6\u30a3\u30ad\u30da\u30c7\u30a3\u30a2<\/a>\u3002 2006\u5e74\u3001\u30ed\u30b7\u30a2\u306f\u9ebb\u85ac\u6226\u4e89\u3092\u958b\u59cb\u3057\u3001\u30d7\u30fc\u30c1\u30f3\u5927\u7d71\u9818\u306f\u91cd\u8981\u306a\u5f79\u5272\u3092\u679c\u305f\u3057\u305f\u3002\u3053\u308c\u306b\u3088\u308a\u5927\u9ebb\u3092\u542b\u3080\u85ac\u7269\u4f7f\u7528\u306e\u53d6\u308a\u7de0\u307e\u308a\u304c\u5f37\u5316\u3055\u308c\u3001\u6570\u5343\u4eba\u304c\u6295\u7344\u3055\u308c\u308b\u4e8b\u614b\u3068\u306a\u3063\u305f\u3002<\/p>\n\n\n\n<p>\u3057\u304b\u3057\u3001\u3053\u306e\u554f\u984c\u306b\u95a2\u3059\u308b\u30d7\u30fc\u30c1\u30f3\u5927\u7d71\u9818\u306e\u898b\u89e3\u306f\u6642\u9593\u306e\u7d4c\u904e\u3068\u3068\u3082\u306b\u9032\u5316\u3057\u3066\u3044\u308b\u3088\u3046\u3060\u3002 2019\u5e74\u306b\u540c\u6c0f\u306f\u3001\u30ed\u30b7\u30a2\u3082\u7c73\u56fd\u306e\u4e00\u90e8\u5dde\u306b\u5023\u3044\u3001\u533b\u7642\u304a\u3088\u3073\u7523\u696d\u76ee\u7684\u3067\u5927\u9ebb\u3092\u5408\u6cd5\u5316\u3059\u3079\u304d\u3060\u3068\u8ff0\u3079\u305f\u3002\u3053\u306e\u5ba3\u8a00\u306b\u7d9a\u3044\u3066\u3001\u7523\u696d\u7528\u5927\u9ebb\u306e\u683d\u57f9\u3092\u652f\u6301\u3059\u308b\u6cd5\u5f8b\u304c\u5236\u5b9a\u3055\u308c\u307e\u3057\u305f\u3002\u591a\u304f\u306e\u30b5\u30a4\u30c8\u304c\u5272\u5f15\u3092\u63d0\u4f9b\u3057\u3066\u3044\u307e\u3059 <a href=\"https:\/\/wikihhc.com\/site\/weecl\/code-promo-coupon-bon-de-reduction-weecl\/\">Weecl \u306e\u3088\u3046\u306a CBD \u304a\u3088\u3073 HHC \u3068\u30d7\u30ed\u30e2\u30fc\u30b7\u30e7\u30f3 \u30b3\u30fc\u30c9<\/a>.<\/p>\n\n\n\n<h2 class=\"wp-block-heading\"><span id=\"le-soutien-de-poutine-a-l8217utilisation-medicale-du-cannabis\">\u30d7\u30fc\u30c1\u30f3\u5927\u7d71\u9818\u3001\u5927\u9ebb\u306e\u533b\u7642\u4f7f\u7528\u3092\u652f\u6301<\/span><\/h2>\n\n\n\n<p>\u3054\u304f\u6700\u8fd1\u3067\u306f\u30012022\u5e741\u6708\u306b\u30d7\u30fc\u30c1\u30f3\u5927\u7d71\u9818\u306f\u5927\u9ebb\u306e\u533b\u7642\u4f7f\u7528\u3092\u652f\u6301\u3059\u308b\u3068\u8ff0\u3079\u3001\u533b\u7642\u76ee\u7684\u3067\u306e\u5927\u9ebb\u306e\u4f7f\u7528\u3092\u898f\u5236\u3059\u308b\u63d0\u6848\u3092\u4f5c\u6210\u3059\u308b\u3088\u3046\u30ed\u30b7\u30a2\u653f\u5e9c\u306b\u547d\u3058\u305f\u3002\u3053\u306e\u6c7a\u5b9a\u306f\u30ed\u30b7\u30a2\u306b\u304a\u3051\u308b\u5927\u9ebb\u5408\u6cd5\u5316\u306e\u652f\u6301\u8005\u305f\u3061\u306b\u597d\u610f\u7684\u306b\u53d7\u3051\u6b62\u3081\u3089\u308c\u3001\u3053\u306e\u554f\u984c\u306b\u95a2\u3059\u308b\u8b70\u8ad6\u3092\u5f15\u304d\u8d77\u3053\u3057\u305f\u3002<\/p>\n\n\n\n<p>\u30d7\u30fc\u30c1\u30f3\u5927\u7d71\u9818\u306f\u307e\u305f\u3001\u6620\u753b\u88fd\u4f5c\u3078\u306e\u652f\u6301\u3092\u8868\u660e\u3057\u305f\u3002 <a href=\"https:\/\/wikihhc.com\"> HHC\u3092\u542b\u3080\u88fd\u54c1<\/a> \uff08\u6c34\u7d20\u5316\u5927\u9ebb\u6cb9\uff09\u3001\u533b\u7642\u304a\u3088\u3073\u7523\u696d\u7528\u9014\u3092\u6301\u3064\u5927\u9ebb\u306e\u4e00\u7a2e\u3002\u540c\u6c0f\u306f\u3001\u3053\u306e\u7269\u8cea\u306b\u306f\u5927\u304d\u306a\u7d4c\u6e08\u7684\u53ef\u80fd\u6027\u304c\u3042\u308b\u3068\u3057\u3066\u3001\u30ed\u30b7\u30a2\u3067\u306e\u3053\u306e\u7269\u8cea\u306e\u751f\u7523\u5897\u52a0\u3092\u6c42\u3081\u305f\u3002<\/p>\n\n\n\n<h2 class=\"wp-block-heading\"><span id=\"les-defis-de-la-legalisation-du-cannabis-en-russie\">\u30ed\u30b7\u30a2\u306b\u304a\u3051\u308b\u5927\u9ebb\u5408\u6cd5\u5316\u306e\u8ab2\u984c<\/span><\/h2>\n\n\n\n<p>\u3057\u304b\u3057\u3001\u30ed\u30b7\u30a2\u306b\u304a\u3051\u308b\u533b\u7642\u304a\u3088\u3073\u7523\u696d\u76ee\u7684\u306e\u5927\u9ebb\u5408\u6cd5\u5316\u306b\u306f\u8ab2\u984c\u304c\u306a\u3044\u308f\u3051\u3067\u306f\u306a\u3044\u3002\u73fe\u5728\u306e\u30ed\u30b7\u30a2\u306e\u9ebb\u85ac\u6cd5\u306f\u975e\u5e38\u306b\u53b3\u3057\u304f\u3001\u5927\u9ebb\u306e\u4f7f\u7528\u306f\u9055\u6cd5\u3067\u3059\u3002\u3055\u3089\u306b\u3001\u30ed\u30b7\u30a2\u306f\u3001\u5927\u9ebb\u3092\u542b\u3080\u85ac\u7269\u306e\u4f7f\u7528\u3068\u751f\u7523\u3092\u7981\u6b62\u3059\u308b\u3044\u304f\u3064\u304b\u306e\u56fd\u969b\u85ac\u7269\u6761\u7d04\u306b\u7f72\u540d\u3057\u3066\u3044\u307e\u3059\u3002<\/p>\n\n\n\n<p>\u3053\u308c\u306f\u3001\u5927\u9ebb\u306e\u5408\u6cd5\u5316\u3092\u652f\u63f4\u3059\u308b\u6cd5\u5f8b\u306f\u3001\u56fd\u969b\u6761\u7d04\u3068\u30ed\u30b7\u30a2\u306e\u6cd5\u5f8b\u306b\u6e96\u62e0\u3057\u305f\u65b9\u6cd5\u3067\u614e\u91cd\u306b\u4f5c\u6210\u3055\u308c\u3001\u65bd\u884c\u3055\u308c\u308b\u5fc5\u8981\u304c\u3042\u308b\u3053\u3068\u3092\u610f\u5473\u3057\u307e\u3059\u3002<\/p>\n\n\n\n<h2 class=\"wp-block-heading\"><span id=\"conclusion\">\u7d50\u8ad6<\/span><\/h2>\n\n\n\n<p>\u7d50\u8ad6\u3068\u3057\u3066\u3001\u30ed\u30b7\u30a2\u306b\u304a\u3051\u308b\u5927\u9ebb\u306e\u533b\u7642\u304a\u3088\u3073\u7523\u696d\u5229\u7528\u306e\u5408\u6cd5\u5316\u306b\u5bfe\u3059\u308b\u30d7\u30fc\u30c1\u30f3\u5927\u7d71\u9818\u306e\u652f\u6301\u306f\u3001\u56fd\u5185\u3067\u8b70\u8ad6\u3092\u5f15\u304d\u8d77\u3053\u3059\u91cd\u8981\u306a\u6c7a\u5b9a\u3067\u3042\u308b\u3002\u5927\u9ebb\u3092\u5408\u6cd5\u5316\u3059\u308b\u6cd5\u6848\u306e\u5236\u5b9a\u306b\u306f\u8ab2\u984c\u304c\u5b58\u5728\u3059\u308b\u304c\u3001\u3053\u306e\u554f\u984c\u306b\u5bfe\u3059\u308b\u30d7\u30fc\u30c1\u30f3\u5927\u7d71\u9818\u306e\u898b\u89e3\u304c\u6642\u9593\u306e\u7d4c\u904e\u3068\u3068\u3082\u306b\u9032\u5316\u3057\u3066\u3044\u308b\u3053\u3068\u306f\u660e\u3089\u304b\u3060\u3002\u3053\u306e\u554f\u984c\u304c\u4eca\u5f8c\u30ed\u30b7\u30a2\u3067\u3069\u306e\u3088\u3046\u306b\u767a\u5c55\u3059\u308b\u304b\u3092\u898b\u308b\u306e\u306f\u8208\u5473\u6df1\u3044\u3067\u3057\u3087\u3046\u3002<\/p>\n\n\n\n<figure class=\"wp-block-embed is-type-video is-provider-youtube wp-block-embed-youtube wp-embed-aspect-16-9 wp-has-aspect-ratio\"><div class=\"wp-block-embed__wrapper\">\n<iframe loading=\"lazy\" title=\"\u30ed\u30b7\u30a2\u4eba\u306f\u30de\u30ea\u30d5\u30a1\u30ca\u306e\u5408\u6cd5\u5316\u3092\u671b\u3093\u3067\u3044\u308b\u306e\u3067\u3057\u3087\u3046\u304b\uff1f\" width=\"640\" height=\"360\" src=\"https:\/\/www.youtube.com\/embed\/lvfG8jTKhow?feature=oembed\" frameborder=\"0\" allow=\"accelerometer; autoplay; clipboard-write; encrypted-media; gyroscope; picture-in-picture; web-share\" allowfullscreen><\/iframe>\n<\/div><\/figure>\n<div id=\"toc_container\" class=\"no_bullets\"><p class=\"toc_title\">\u30b3\u30f3\u30c6\u30f3\u30c4<\/p><ul class=\"toc_list\"><li><\/li><li><\/li><li><\/li><li><\/li><\/ul><\/div>","protected":false},"excerpt":{"rendered":"<p>Le march\u00e9 du cannabis du hhc est en plein essor et suscite l&#8217;int\u00e9r\u00eat des grands dirigeants du monde entier. L&#8217;un de ces dirigeants est Vladimir Poutine, le pr\u00e9sident russe, qui a r\u00e9cemment exprim\u00e9 son soutien \u00e0 la l\u00e9galisation de l&#8217;utilisation du cannabis \u00e0 des fins m\u00e9dicales et industrielles. Le pass\u00e9 controvers\u00e9 de Poutine avec le cannabis Avant de se lancer dans ce d\u00e9bat, il est important de rappeler le pass\u00e9 controvers\u00e9 de Poutine en ce qui concerne le cannabis comme l&#8217;indique Wikipedia. En 2006, la Russie a lanc\u00e9 une guerre contre la drogue, dans laquelle Poutine a jou\u00e9 un r\u00f4le important. Cela a entra\u00een\u00e9 une r\u00e9pression accrue de la consommation &#8230;<\/p>","protected":false},"author":1,"featured_media":1965,"parent":0,"menu_order":0,"comment_status":"closed","ping_status":"closed","template":"page-nosidebar.php","meta":{"footnotes":""},"yoast_head":"<!-- This site is optimized with the Yoast SEO Premium plugin v21.0 (Yoast SEO v21.0) - https:\/\/yoast.com\/wordpress\/plugins\/seo\/ -->\n<title>Vladimir Poutine quelle avis sur le march\u00e9 du Cannabis et HHC? - Finale Coupe du Monde FIFA<\/title>\n<meta name=\"robots\" content=\"index, follow, max-snippet:-1, max-image-preview:large, max-video-preview:-1\" \/>\n<link rel=\"canonical\" href=\"https:\/\/parier-presidentielle.com\/ja\/\u30a6\u30e9\u30b8\u30df\u30fc\u30eb\u30fb\u30d7\u30fc\u30c6\u30a3\u30f3\u3001\u5927\u9ebb\u5e02\u5834\u3068hhc\u306b\u3064\u3044\/\" \/>\n<meta property=\"og:locale\" content=\"ja_JP\" \/>\n<meta property=\"og:type\" content=\"article\" \/>\n<meta property=\"og:title\" content=\"Vladimir Poutine quelle avis sur le march\u00e9 du Cannabis et HHC?\" \/>\n<meta property=\"og:description\" content=\"Le march\u00e9 du cannabis du hhc est en plein essor et suscite l&#8217;int\u00e9r\u00eat des grands dirigeants du monde entier. L&#8217;un de ces dirigeants est Vladimir Poutine, le pr\u00e9sident russe, qui a r\u00e9cemment exprim\u00e9 son soutien \u00e0 la l\u00e9galisation de l&#8217;utilisation du cannabis \u00e0 des fins m\u00e9dicales et industrielles. Le pass\u00e9 controvers\u00e9 de Poutine avec le cannabis Avant de se lancer dans ce d\u00e9bat, il est important de rappeler le pass\u00e9 controvers\u00e9 de Poutine en ce qui concerne le cannabis comme l&#8217;indique Wikipedia. En 2006, la Russie a lanc\u00e9 une guerre contre la drogue, dans laquelle Poutine a jou\u00e9 un r\u00f4le important. Cela a entra\u00een\u00e9 une r\u00e9pression accrue de la consommation ...\" \/>\n<meta property=\"og:url\" content=\"https:\/\/parier-presidentielle.com\/ja\/\u30a6\u30e9\u30b8\u30df\u30fc\u30eb\u30fb\u30d7\u30fc\u30c6\u30a3\u30f3\u3001\u5927\u9ebb\u5e02\u5834\u3068hhc\u306b\u3064\u3044\/\" \/>\n<meta property=\"og:site_name\" content=\"Parier Pr\u00e9sidentielle\" \/>\n<meta property=\"article:modified_time\" content=\"2023-06-02T09:27:56+00:00\" \/>\n<meta property=\"og:image\" content=\"https:\/\/parier-presidentielle.com\/wp-content\/uploads\/2023\/03\/vladimir-poutine-hhc-scaled.jpg\" \/>\n\t<meta property=\"og:image:width\" content=\"2560\" \/>\n\t<meta property=\"og:image:height\" content=\"1302\" \/>\n\t<meta property=\"og:image:type\" content=\"image\/jpeg\" \/>\n<meta name=\"twitter:card\" content=\"summary_large_image\" \/>\n<meta name=\"twitter:label1\" content=\"Est. reading time\" \/>\n\t<meta name=\"twitter:data1\" content=\"3\u5206\" \/>\n<script type=\"application\/ld+json\" class=\"yoast-schema-graph\">{\"@context\":\"https:\/\/schema.org\",\"@graph\":[{\"@type\":\"WebPage\",\"@id\":\"https:\/\/parier-presidentielle.com\/vladimir-poutine-quelle-avis-sur-le-marche-du-cannabis-et-hhc\/\",\"url\":\"https:\/\/parier-presidentielle.com\/vladimir-poutine-quelle-avis-sur-le-marche-du-cannabis-et-hhc\/\",\"name\":\"Vladimir Poutine quelle avis sur le march\u00e9 du Cannabis et HHC? - Finale Coupe du Monde FIFA\",\"isPartOf\":{\"@id\":\"https:\/\/parier-presidentielle.com\/#website\"},\"datePublished\":\"2023-03-20T16:10:50+00:00\",\"dateModified\":\"2023-06-02T09:27:56+00:00\",\"breadcrumb\":{\"@id\":\"https:\/\/parier-presidentielle.com\/vladimir-poutine-quelle-avis-sur-le-marche-du-cannabis-et-hhc\/#breadcrumb\"},\"inLanguage\":\"ja\",\"potentialAction\":[{\"@type\":\"ReadAction\",\"target\":[\"https:\/\/parier-presidentielle.com\/vladimir-poutine-quelle-avis-sur-le-marche-du-cannabis-et-hhc\/\"]}]},{\"@type\":\"BreadcrumbList\",\"@id\":\"https:\/\/parier-presidentielle.com\/vladimir-poutine-quelle-avis-sur-le-marche-du-cannabis-et-hhc\/#breadcrumb\",\"itemListElement\":[{\"@type\":\"ListItem\",\"position\":1,\"name\":\"Accueil\",\"item\":\"https:\/\/parier-presidentielle.com\/\"},{\"@type\":\"ListItem\",\"position\":2,\"name\":\"Vladimir Poutine quelle avis sur le march\u00e9 du Cannabis et HHC?\"}]},{\"@type\":\"WebSite\",\"@id\":\"https:\/\/parier-presidentielle.com\/#website\",\"url\":\"https:\/\/parier-presidentielle.com\/\",\"name\":\"Parier Pr\u00e9sidentielle\",\"description\":\"Paris, Pronostics, Wiki sur la Politique, les Elections Am\u00e9ricaines: Joe Biden, Donald Trump avec les Bookmakers en ligne Unibet, Bwin, Betclic, Winamax\",\"potentialAction\":[{\"@type\":\"SearchAction\",\"target\":{\"@type\":\"EntryPoint\",\"urlTemplate\":\"https:\/\/parier-presidentielle.com\/?s={search_term_string}\"},\"query-input\":\"required name=search_term_string\"}],\"inLanguage\":\"ja\"}]}<\/script>\n<!-- \/ Yoast SEO Premium plugin. -->","yoast_head_json":{"title":"Vladimir Poutine quelle avis sur le march\u00e9 du Cannabis et HHC? - Finale Coupe du Monde FIFA","robots":{"index":"index","follow":"follow","max-snippet":"max-snippet:-1","max-image-preview":"max-image-preview:large","max-video-preview":"max-video-preview:-1"},"canonical":"https:\/\/parier-presidentielle.com\/ja\/\u30a6\u30e9\u30b8\u30df\u30fc\u30eb\u30fb\u30d7\u30fc\u30c6\u30a3\u30f3\u3001\u5927\u9ebb\u5e02\u5834\u3068hhc\u306b\u3064\u3044\/","og_locale":"ja_JP","og_type":"article","og_title":"Vladimir Poutine quelle avis sur le march\u00e9 du Cannabis et HHC?","og_description":"Le march\u00e9 du cannabis du hhc est en plein essor et suscite l&#8217;int\u00e9r\u00eat des grands dirigeants du monde entier. L&#8217;un de ces dirigeants est Vladimir Poutine, le pr\u00e9sident russe, qui a r\u00e9cemment exprim\u00e9 son soutien \u00e0 la l\u00e9galisation de l&#8217;utilisation du cannabis \u00e0 des fins m\u00e9dicales et industrielles. Le pass\u00e9 controvers\u00e9 de Poutine avec le cannabis Avant de se lancer dans ce d\u00e9bat, il est important de rappeler le pass\u00e9 controvers\u00e9 de Poutine en ce qui concerne le cannabis comme l&#8217;indique Wikipedia. En 2006, la Russie a lanc\u00e9 une guerre contre la drogue, dans laquelle Poutine a jou\u00e9 un r\u00f4le important. Cela a entra\u00een\u00e9 une r\u00e9pression accrue de la consommation ...","og_url":"https:\/\/parier-presidentielle.com\/ja\/\u30a6\u30e9\u30b8\u30df\u30fc\u30eb\u30fb\u30d7\u30fc\u30c6\u30a3\u30f3\u3001\u5927\u9ebb\u5e02\u5834\u3068hhc\u306b\u3064\u3044\/","og_site_name":"Parier Pr\u00e9sidentielle","article_modified_time":"2023-06-02T09:27:56+00:00","og_image":[{"width":2560,"height":1302,"url":"https:\/\/parier-presidentielle.com\/wp-content\/uploads\/2023\/03\/vladimir-poutine-hhc-scaled.jpg","type":"image\/jpeg"}],"twitter_card":"summary_large_image","twitter_misc":{"Est. reading time":"3\u5206"},"schema":{"@context":"https:\/\/schema.org","@graph":[{"@type":"WebPage","@id":"https:\/\/parier-presidentielle.com\/vladimir-poutine-quelle-avis-sur-le-marche-du-cannabis-et-hhc\/","url":"https:\/\/parier-presidentielle.com\/vladimir-poutine-quelle-avis-sur-le-marche-du-cannabis-et-hhc\/","name":"Vladimir Poutine quelle avis sur le march\u00e9 du Cannabis et HHC? - Finale Coupe du Monde FIFA","isPartOf":{"@id":"https:\/\/parier-presidentielle.com\/#website"},"datePublished":"2023-03-20T16:10:50+00:00","dateModified":"2023-06-02T09:27:56+00:00","breadcrumb":{"@id":"https:\/\/parier-presidentielle.com\/vladimir-poutine-quelle-avis-sur-le-marche-du-cannabis-et-hhc\/#breadcrumb"},"inLanguage":"ja","potentialAction":[{"@type":"ReadAction","target":["https:\/\/parier-presidentielle.com\/vladimir-poutine-quelle-avis-sur-le-marche-du-cannabis-et-hhc\/"]}]},{"@type":"BreadcrumbList","@id":"https:\/\/parier-presidentielle.com\/vladimir-poutine-quelle-avis-sur-le-marche-du-cannabis-et-hhc\/#breadcrumb","itemListElement":[{"@type":"ListItem","position":1,"name":"Accueil","item":"https:\/\/parier-presidentielle.com\/"},{"@type":"ListItem","position":2,"name":"Vladimir Poutine quelle avis sur le march\u00e9 du Cannabis et HHC?"}]},{"@type":"WebSite","@id":"https:\/\/parier-presidentielle.com\/#website","url":"https:\/\/parier-presidentielle.com\/","name":"Parier Pr\u00e9sidentielle","description":"Paris, Pronostics, Wiki sur la Politique, les Elections Am\u00e9ricaines: Joe Biden, Donald Trump avec les Bookmakers en ligne Unibet, Bwin, Betclic, Winamax","potentialAction":[{"@type":"SearchAction","target":{"@type":"EntryPoint","urlTemplate":"https:\/\/parier-presidentielle.com\/?s={search_term_string}"},"query-input":"required name=search_term_string"}],"inLanguage":"ja"}]}},"_links":{"self":[{"href":"https:\/\/parier-presidentielle.com\/ja\/wp-json\/wp\/v2\/pages\/1962"}],"collection":[{"href":"https:\/\/parier-presidentielle.com\/ja\/wp-json\/wp\/v2\/pages"}],"about":[{"href":"https:\/\/parier-presidentielle.com\/ja\/wp-json\/wp\/v2\/types\/page"}],"author":[{"embeddable":true,"href":"https:\/\/parier-presidentielle.com\/ja\/wp-json\/wp\/v2\/users\/1"}],"replies":[{"embeddable":true,"href":"https:\/\/parier-presidentielle.com\/ja\/wp-json\/wp\/v2\/comments?post=1962"}],"version-history":[{"count":4,"href":"https:\/\/parier-presidentielle.com\/ja\/wp-json\/wp\/v2\/pages\/1962\/revisions"}],"predecessor-version":[{"id":2002,"href":"https:\/\/parier-presidentielle.com\/ja\/wp-json\/wp\/v2\/pages\/1962\/revisions\/2002"}],"wp:featuredmedia":[{"embeddable":true,"href":"https:\/\/parier-presidentielle.com\/ja\/wp-json\/wp\/v2\/media\/1965"}],"wp:attachment":[{"href":"https:\/\/parier-presidentielle.com\/ja\/wp-json\/wp\/v2\/media?parent=1962"}],"curies":[{"name":"wp","href":"https:\/\/api.w.org\/{rel}","templated":true}]}}