{"id":422,"date":"2022-01-11T22:54:26","date_gmt":"2022-01-11T21:54:26","guid":{"rendered":"https:\/\/parier-presidentielle.com\/?page_id=422"},"modified":"2022-04-24T09:32:12","modified_gmt":"2022-04-24T07:32:12","slug":"valerie-pecresse-election","status":"publish","type":"page","link":"https:\/\/parier-presidentielle.com\/ja\/\u30f4\u30a1\u30ec\u30ea\u30fc\u30fb\u30da\u30af\u30ec\u30b9\u30fb\u9078\u6319\/","title":{"rendered":"\u30f4\u30a1\u30ec\u30ea\u30fc\u30fb\u30da\u30af\u30ec\u30b9\u306e\u5f53\u9078\u306b\u8ced\u3051\u308b"},"content":{"rendered":"<h2 class=\"wp-block-heading\"><span id=\"cote-et-pronostics-pour-la-candidate-ump-valerie-pecresse-paris-en-ligne-sur-la-politique-et-la-future-presidente-de-la-france-de-2022\">UMP\u5019\u88dc\u8005\u30f4\u30a1\u30ec\u30ea\u30fc\u30fb\u30da\u30af\u30ec\u30b9\u306e\u30aa\u30c3\u30ba\u3068\u4e88\u60f3:<br>\u653f\u6cbb\u3068 2022 \u5e74\u306e\u5c06\u6765\u306e\u30d5\u30e9\u30f3\u30b9\u5927\u7d71\u9818\u306b\u95a2\u3059\u308b\u30aa\u30f3\u30e9\u30a4\u30f3\u8ced\u535a<br><br><\/span><\/h2>\n\n\n\n<div class=\"wp-block-image wp-duotone-000097-ff4747-1\"><figure class=\"aligncenter size-large is-resized\"><img decoding=\"async\" loading=\"lazy\" src=\"https:\/\/parier-presidentielle.com\/wp-content\/uploads\/2022\/01\/valerie-pecresse-1024x512.jpeg\" alt=\"\u30f4\u30a1\u30ec\u30ea\u30fc\u30fb\u30da\u30af\u30ec\u30b9\" class=\"wp-image-427\" width=\"526\" height=\"262\" srcset=\"https:\/\/parier-presidentielle.com\/wp-content\/uploads\/2022\/01\/valerie-pecresse-1024x512.jpeg 1024w, https:\/\/parier-presidentielle.com\/wp-content\/uploads\/2022\/01\/valerie-pecresse-300x150.jpeg 300w, https:\/\/parier-presidentielle.com\/wp-content\/uploads\/2022\/01\/valerie-pecresse-768x384.jpeg 768w, https:\/\/parier-presidentielle.com\/wp-content\/uploads\/2022\/01\/valerie-pecresse.jpeg 1440w\" sizes=\"(max-width: 526px) 100vw, 526px\" \/><\/figure><\/div>\n\n\n\n<p><br>2022\u5e74\u306e\u5927\u7d71\u9818\u9078\u6319\u306f\u3059\u3067\u306b\u6ce8\u76ee\u3092\u96c6\u3081\u3066\u3044\u308b\u3002\u3053\u308c\u306f\u300c\u65b0\u3057\u3044\u5e38\u614b\u300d\u306e\u8a66\u7df4\u3068\u306a\u308b\u3060\u308d\u3046\u3002\u30d5\u30e9\u30f3\u30b9\u4eba\u306b\u306f\u3001\u5065\u5eb7\u5371\u6a5f\u304c\u59cb\u307e\u3063\u3066\u4ee5\u6765\u3001\u307e\u3060\u6295\u7968\u306e\u6a5f\u4f1a\u304c\u4e0e\u3048\u3089\u308c\u3066\u3044\u306a\u3044\u3002\u5f7c\u3089\u306f\u9060\u9694\u5730\u3084\u30de\u30b9\u30af\u7740\u7528\u3068\u3044\u3063\u305f\u65b0\u305f\u306a\u6295\u7968\u65b9\u6cd5\u306b\u9069\u5fdc\u3059\u308b\u5fc5\u8981\u304c\u3042\u308b\u3060\u308d\u3046\u3002\u30d5\u30e9\u30f3\u30b9\u3067\u306f\u5927\u7d71\u9818\u9078\u6319\u306f\u5e38\u306b\u5927\u304d\u306a\u30a4\u30d9\u30f3\u30c8\u3067\u3042\u308b\u305f\u3081\u3001\u4e16\u8ad6\u8abf\u67fb\u3092\u8ffd\u8de1\u3057\u3001\u30de\u30af\u30ed\u30f3\u306e\u5f8c\u7d99\u8005\u3068\u306a\u308b\u53ef\u80fd\u6027\u304c\u6700\u3082\u9ad8\u3044\u5019\u88dc\u8005\u306b\u8ced\u3051\u308b\u3053\u3068\u304c\u91cd\u8981\u3067\u3059\u3002<\/p>\n\n\n\n<p>\u4eca\u5e74\u3082\u591a\u304f\u306e\u5019\u88dc\u8005\u304c\u30b9\u30bf\u30fc\u30c8\u30e9\u30a4\u30f3\u306b\u7acb\u3063\u3066\u3044\u307e\u3059\u3002\u3044\u304f\u3064\u304b\u306f\u4ed6\u306e\u3082\u306e\u3088\u308a\u3088\u304f\u77e5\u3089\u308c\u3066\u3044\u307e\u3059\u3002\u305f\u3068\u3048\u3070\u3001\u30f4\u30a1\u30ec\u30ea\u30fc\u30fb\u30da\u30af\u30ec\u30b9\u6c0f\u306b\u8ced\u3051\u308b\u306e\u306f\u5b89\u5168\u306a\u8ced\u3051\u3060\u3002\u306a\u305c\u306a\u3089\u3001\u5f7c\u5973\u306f\u9577\u3044\u9593\u653f\u754c\u306b\u643a\u308f\u3063\u3066\u304a\u308a\u3001\u5f7c\u5973\u306b\u306f\u652f\u6301\u8005\u304c\u3044\u308b\u304b\u3089\u3067\u3042\u308b\u3002\u5f7c\u5973\u306f2002\u5e74\u304b\u30892016\u5e74\u307e\u3067\u30d9\u30eb\u30b5\u30a4\u30e6\u5e02\u9577\u3092\u52d9\u3081\u3001\u305d\u306e\u5f8c2020\u5e74\u307e\u3067\u30a4\u30eb\u30fb\u30c9\u30fb\u30d5\u30e9\u30f3\u30b9\u306e\u5927\u7d71\u9818\u3092\u52d9\u3081\u305f\u3002<\/p>\n\n\n\n<p>2022 \u5e74\u5927\u7d71\u9818: \u30f4\u30a1\u30ec\u30ea\u30fc\u30fb\u30da\u30af\u30ec\u30b9\u306e\u30e1\u30e2\u3068\u4e88\u6e2c<\/p>\n\n\n\n<p>\u30f4\u30a1\u30ec\u30ea\u30fc\u30fb\u30da\u30af\u30ec\u30b9\u306f\u3001UDF\u3001UMP\u3001\u305d\u306e\u5f8c\u30ec\u30d4\u30e5\u30d6\u30ea\u30a2\u30f3\u306a\u3069\u3001\u3044\u304f\u3064\u304b\u306e\u653f\u515a\u306e\u8b70\u54e1\u3092\u6b74\u4efb\u3057\u305f\u5f8c\u3001\u5927\u7d71\u9818\u306b\u7acb\u5019\u88dc\u3059\u308b\u6c7a\u610f\u3092\u3057\u307e\u3057\u305f\u3002\u5f7c\u5973\u306f\u30012007\u5e74\u306b\u30cb\u30b3\u30e9\u30fb\u30b5\u30eb\u30b3\u30b8\u304c\u30d5\u30e9\u30f3\u30b9\u5927\u7d71\u9818\u306b\u5c31\u4efb\u3057\u305f\u3068\u304d\u3001\u305d\u306e\u653f\u5e9c\u306e\u4e00\u54e1\u3067\u3042\u3063\u305f\u30022017\u5e74\u306e\u5927\u7d71\u9818\u9078\u6319\u671f\u9593\u4e2d\u3001\u5f7c\u5973\u306f\u516c\u7136\u3068\u30a8\u30de\u30cb\u30e5\u30a8\u30eb\u30fb\u30de\u30af\u30ed\u30f3\u3092\u652f\u6301\u3057\u305f\u3002<\/p>\n\n\n\n<h2 class=\"wp-block-heading\"><span id=\"biographie-de-valerie-pecresse-pour-bien-parier\"> <br>\u30f4\u30a1\u30ec\u30ea\u30fc\u30fb\u30da\u30af\u30ec\u30b9\u306e\u4f1d\u8a18\u3092\u305c\u3072\u8aad\u3093\u3067\u307f\u3066\u304f\u3060\u3055\u3044!<\/span><\/h2>\n\n\n\n<p><\/p>\n\n\n\n<p><strong>\u30f4\u30a1\u30ec\u30ea\u30fc\u30fb\u30da\u30af\u30ec\u30b9<\/strong>\u00a0\u30f4\u30a1\u30ec\u30ea\u30fc\u30fb\u30eb\u30fc\uff08Val\u00e9rie Roux\u30011967\u5e747\u670814\u65e5 - \u30cc\u30a4\u30a4\u30fb\u30b7\u30e5\u30eb\u30fb\u30bb\u30fc\u30cc\uff09\u306f\u3001\u30d5\u30e9\u30f3\u30b9\u306e\u653f\u6cbb\u5bb6\u3002\u5f7c\u5973\u306f\u73fe\u5728\u3001\u30a4\u30eb\u30fb\u30c9\u30fb\u30d5\u30e9\u30f3\u30b9\u5730\u57df\u8a55\u8b70\u4f1a\u306e\u4f1a\u9577\u3092\u52d9\u3081\u3066\u3044\u307e\u3059\u3002<\/p>\n\n\n\n<p>2021\u5e7412\u67084\u65e5\u3001\u7b2c2\u56de\u4e88\u5099\u9078\u3067\u30a8\u30ea\u30c3\u30af\u30fb\u30b7\u30aa\u30c3\u30c6\u30a3\u304c\u7372\u5f97\u3057\u305f%\u796839\u7968\u306b\u5bfe\u3057\u3001%\u796861\u7968\u3092\u7372\u5f97\u3057\u3001\u5171\u548c\u515a\u306b\u3088\u308b2022\u5e74\u30d5\u30e9\u30f3\u30b9\u5927\u7d71\u9818\u9078\u6319\u306e\u5019\u88dc\u8005\u306b\u9078\u51fa\u3055\u308c\u305f\u3002<\/p>\n\n\n\n<h2 class=\"wp-block-heading\"><span id=\"biographie\">\u30d0\u30a4\u30aa\u30b0\u30e9\u30d5\u30a3\u30fc<\/span><\/h2>\n\n\n\n<p>1992 \u5e74\u304b\u3089\u306f\u56fd\u52d9\u9662\u306e\u76e3\u67fb\u5f79\u3092\u52d9\u3081\u3001\u30b8\u30e3\u30c3\u30af\u30fb\u30b7\u30e9\u30af\u306e\u9867\u554f\u3092\u52d9\u3081\u3001\u30d1\u30ea\u653f\u6cbb\u7814\u7a76\u6240\u3067 6 \u5e74\u9593\u6559\u97ad\u3092\u3068\u308a\u307e\u3057\u305f\u3002 2002 \u5e74\u306e\u8b70\u4f1a\u9078\u6319\u3067\u306f\u30a4\u30d6\u30ea\u30fc\u30cc\u8b70\u54e1\u306b\u9078\u51fa\u3055\u308c\u30012007 \u5e74\u3068 2012 \u5e74\u306b\u518d\u9078\u3055\u308c\u307e\u3057\u305f\u3002 2007 \u5e74\u304b\u3089 2011 \u5e74\u307e\u3067\u9ad8\u7b49\u6559\u80b2\u7814\u7a76\u5927\u81e3\u3092\u52d9\u3081\u3001\u5927\u5b66\u306e\u81ea\u6cbb\u6539\u9769\u3092\u4e3b\u5c0e\u3057\u30012010 \u5e74\u306e\u30a4\u30eb\u30fb\u30c9\u30fb\u30d5\u30e9\u30f3\u30b9\u5730\u57df\u9078\u6319\u3067\u306f UMP \u30ea\u30b9\u30c8\u306e\u30c8\u30c3\u30d7\u3092\u52d9\u3081\u307e\u3057\u305f\u3002 2011 \u5e74\u304b\u3089 2012 \u5e74\u307e\u3067\u3001\u5f7c\u5973\u306f\u4e88\u7b97\u3001\u516c\u4f1a\u8a08\u3001\u56fd\u5bb6\u6539\u9769\u5927\u81e3\u304a\u3088\u3073\u653f\u5e9c\u5831\u9053\u5b98\u3092\u52d9\u3081\u307e\u3057\u305f\u3002 2014\u5e7412\u6708\u3001\u5f7c\u5973\u306f2015\u5e74\u306e\u5730\u65b9\u9078\u6319\u306e\u8abf\u6574\u5b98\u306b\u4efb\u547d\u3055\u308c\u3001\u30a4\u30eb\u30fb\u30c9\u30fb\u30d5\u30e9\u30f3\u30b9\u5730\u57df\u570f\u306e\u30ec\u30d4\u30e5\u30d6\u30ea\u30ab\u30f3\u515a\u306e\u515a\u9996\u3092\u52d9\u3081\u3001\u7b2c2\u56de\u6295\u7968\u3067\u793e\u4f1a\u515a\u5019\u88dc\u30af\u30ed\u30fc\u30c9\u30fb\u30d0\u30eb\u30c8\u30ed\u30cd\u306b\u52dd\u5229\u3057\u305f\u3002<\/p>\n\n\n\n<p>\u5f7c\u306f2002\u5e74\u304b\u30892015\u5e74\u307e\u3067\u4eba\u6c11\u904b\u52d5\u9023\u5408\uff08UMP\uff09\u306e\u515a\u54e1\u3067\u3042\u308a\u3001\u6b27\u5dde\u9078\u6319\u306e\u5931\u6557\u3092\u53d7\u3051\u3066\u96e2\u515a\u3092\u767a\u8868\u3057\u305f2019\u5e746\u67085\u65e5\u307e\u3067\u5171\u548c\u515a\uff08LR\uff09\u306e\u515a\u54e1\u3060\u3063\u305f\u3002 \uff088.5%\u7968\uff09\u3068\u30ed\u30fc\u30e9\u30f3\u30fb\u30a6\u30a9\u30fc\u30ad\u30fc\u30ba\u306e\u8f9e\u4efb\u3002\u305d\u308c\u304b\u3089\u30da\u30af\u30ec\u30b9\u306f\u6b21\u306e\u3088\u3046\u306a\u9858\u671b\u3092\u8868\u660e\u3057\u307e\u3057\u305f\u3002&nbsp;&nbsp;<em>\u6d88\u6ec5\u306e\u5371\u6a5f\u306b\u7015\u3057\u3066\u3044\u308b\u53f3\u6d3e\u3092\u518d\u5efa\u3059\u308b<\/em>&nbsp;\u300c\u3057\u304b\u3057\u300d&nbsp;<em>\u5916\u88c5<\/em>&nbsp;\u00bb\u3001\u72ec\u81ea\u306e\u30ea\u30fc\u30c0\u30fc\u30b7\u30c3\u30d7\u306b\u3088\u308a&nbsp;<em>\u81ea\u7531\u306b\u52d5\u304d\u307e\u3057\u3087\u3046<\/em>&nbsp;!.<\/p>\n\n\n\n<h3 class=\"wp-block-heading\"><span id=\"candidat-aux-elections-presidentielles-de-2022\">2022 \u5e74\u306e\u5927\u7d71\u9818\u9078\u6319\u306e\u5019\u88dc\u8005<\/span><\/h3>\n\n\n\n<p>2021\u5e747\u670822\u65e5\u3001\u30f4\u30a1\u30ec\u30ea\u30fc\u30fb\u30da\u30af\u30ec\u30b9\u6c0f\u306f2022\u5e74\u306e\u5927\u7d71\u9818\u9078\u6319\u3092\u898b\u636e\u3048\u305f\u53f3\u6d3e\u4e88\u5099\u9078\u3078\u306e\u7acb\u5019\u88dc\u3092\u767a\u8868\u3057\u3001\u300c\u30d5\u30e9\u30f3\u30b9\u306e\u8a87\u308a\u3092\u56de\u5fa9\u300d\u3057\u300c\u30d5\u30e9\u30f3\u30b9\u306b\u79e9\u5e8f\u3092\u3082\u305f\u3089\u3057\u305f\u3044\u300d\u3068\u5ba3\u8a00\u3057\u305f\u3002\u540c\u515a\u306e\u5927\u7d71\u9818\u5019\u88dc\u306b\u6307\u540d\u3059\u308b\u3053\u3068\u3092\u76ee\u7684\u3068\u3057\u305f\u5171\u548c\u515a\u8b70\u4f1a\u306e\u5019\u88dc\u8005\u3067\u3042\u308b\u5f7c\u5973\u306f\u30012021\u5e7410\u6708\u306b\u515a\u54e1\u8a3c\u3092\u518d\u958b\u3057\u305f\u3002 12\u67082\u65e5\u3001\u8b70\u4f1a\u4e88\u5099\u9078\u306e\u7b2c1\u56de\u6295\u7968\u306725\u7968%\u3092\u7372\u5f97\u3057\u3001\u30a8\u30ea\u30c3\u30af\u30fb\u30b7\u30aa\u30c3\u30c6\u30a3\uff0825.59\u7968%\uff09\u306b1\u30dd\u30a4\u30f3\u30c8\u672a\u6e80\u306e\u5dee\u30672\u4f4d\u3068\u306a\u3063\u305f\u3002\u7b2c2\u56de\u6295\u7968\u306e\u524d\u306b\u7b2c1\u56de\u6295\u7968\u306e\u7d50\u679c\u304c\u767a\u8868\u3055\u308c\u305f\u5f8c\u3001\u30b0\u30b6\u30f4\u30a3\u30a8\u30fb\u30d9\u30eb\u30c8\u30e9\u30f3\u6c0f\u3001\u30df\u30b7\u30a7\u30eb\u30fb\u30d0\u30eb\u30cb\u30a8\u6c0f\u3001\u30d5\u30a3\u30ea\u30c3\u30d7\u30fb\u30b8\u30e5\u30f4\u30a1\u30f3\u6c0f\u3089\u306e\u652f\u6301\u3092\u5f97\u3066\u30012021\u5e7412\u67084\u65e5\u306b\u884c\u308f\u308c\u305f\u7b2c2\u56de\u6295\u7968\u30672022\u5e74\u30d5\u30e9\u30f3\u30b9\u9078\u6319\u306e\u5019\u88dc\u8005\u306b\u9078\u51fa\u3055\u308c\u305f\u3002\u5171\u548c\u515a\u306b\u3088\u308b\u5927\u7d71\u9818\u9078\u6319\u3067\u3001\u30a8\u30ea\u30c3\u30af\u30fb\u30b7\u30aa\u30c3\u30c6\u30a3\u304c\u30d7\u30ed\u30c7\u30e5\u30fc\u30b9\u3057\u305f61%\u5bfe39%\u3002<\/p>\n\n\n\n<h2 class=\"wp-block-heading\"><span id=\"positions-politiques\">\u653f\u6cbb\u7684\u7acb\u5834<\/span><\/h2>\n\n\n\n<p>\u7d4c\u6e08\u81ea\u7531\u4e3b\u7fa9\u3092\u652f\u6301\u3059\u308b\u3068\u5ba3\u8a00\u3057\u30012021\u5e748\u6708\u306b\u306f\u300c3\u5206\u306e2\u304c\u30e1\u30eb\u30b1\u30eb\u30013\u5206\u306e1\u304c\u30b5\u30c3\u30c1\u30e3\u30fc\u300d\u3067\u3042\u308b\u3068\u4e3b\u5f35\u3057\u305f\u3002<\/p>\n\n\n\n<p>2022\u5e74\u306e\u5927\u7d71\u9818\u9078\u6319\u304c\u8fd1\u3065\u304f\u4e2d\u3001\u540c\u6c0f\u306f\u884c\u653f\u5206\u91ce\u306b\u304a\u3051\u308b15\u4e07\u4eba\u306e\u96c7\u7528\u306e\u524a\u6e1b\u300165\u6b73\u5b9a\u5e74\u5236\u3078\u306e\u79fb\u884c\u3001\u5931\u696d\u624b\u5f53\u306e\u524a\u6e1b\u3001\u56fd\u5bb6\u304b\u3089\u306e\u5206\u96e2\u3068\u3044\u30464\u5927\u6539\u9769\u3092\u901a\u3058\u3066\u516c\u5171\u652f\u51fa\u3068\u7a0e\u91d1\u3092\u524a\u6e1b\u3059\u308b\u3068\u7d04\u675f\u3057\u305f\u3002\u540c\u793e\u304c\u5c11\u6570\u682a\u4e3b\u3067\u3042\u308b\u7af6\u5408\u4f01\u696d\u304b\u3089\u306e\u5229\u76ca\u3092\u5f97\u308b\u3053\u3068\u304c\u3067\u304d\u307e\u3059\u3002<\/p>\n\n\n\n<p>\u30d5\u30e9\u30f3\u30b9\u306e\u540c\u6027\u5a5a\u6cd5\u6848\u306b\u53cd\u5bfe\u3057\u3001\u5f7c\u5973\u306f2012\u5e74\u304b\u30892013\u5e74\u306b\u304b\u3051\u3066\u3001\u7279\u306b\u30e9\u30fb\u30de\u30cb\u30d5\u30fb\u30d7\u30fc\u30eb\u30fb\u30c8\u30a5\u30b9\u304c\u4e3b\u5c0e\u3057\u305f\u540c\u6027\u7d50\u5a5a\u3068\u540c\u6027\u306e\u5b50\u80b2\u3066\u306b\u53cd\u5bfe\u3059\u308b\u3055\u307e\u3056\u307e\u306a\u30c7\u30e2\u306b\u53c2\u52a0\u3057\u305f\u3002\u3082\u3063\u3066\u3044\u308b<\/p>\n\n\n\n<p>2021\u5e74\u306b\u306f\u79fb\u6c11\u554f\u984c\u3092\u300c\u793e\u4f1a\u306b\u3068\u3063\u3066\u5927\u304d\u306a\u8ab2\u984c\u300d\u3068\u547c\u3073\u3001\u3088\u308a\u5236\u9650\u7684\u306a\u30a2\u30d7\u30ed\u30fc\u30c1\u3092\u53d6\u308b\u3088\u3046\u4e3b\u5f35\u3057\u305f\u3002\u7279\u306b\u3001\u5e74\u9593\u79fb\u6c11\u4e0a\u9650\u306e\u8a2d\u5b9a\u3068\u3001\u300c\u5341\u5206\u306a\u8cc7\u6e90\u300d\uff08\u305d\u306e\u91cf\u306f25 %\u5897\u52a0\u3059\u308b\uff09\u3001\u300c\u30d5\u30e9\u30f3\u30b9\u8a9e\u306e\u719f\u7df4\u5ea6\u300d\u3001 \u300c\u4e16\u4fd7\u4e3b\u7fa9\u3068\u5171\u548c\u56fd\u306e\u4fa1\u5024\u89b3\u3092\u5c0a\u91cd\u3059\u308b\u3002\u300d\u6700\u5f8c\u306b\u3001\u30d5\u30e9\u30f3\u30b9\u306b 5 \u5e74\u672a\u6e80\u5c45\u4f4f\u3057\u3066\u3044\u308b\u4eba\u3005\u3092\u793e\u4f1a\u6276\u52a9\u5236\u5ea6\u304b\u3089\u9664\u5916\u3057\u305f\u3044\u3068\u8003\u3048\u3066\u3044\u307e\u3059\u3002<\/p>\n\n\n\n<p><\/p>\n\n\n\n<p><\/p>\n<div id=\"toc_container\" class=\"no_bullets\"><p class=\"toc_title\">\u30b3\u30f3\u30c6\u30f3\u30c4<\/p><ul class=\"toc_list\"><li><\/li><li><\/li><li><ul><li><\/li><\/ul><\/li><li><\/li><\/ul><\/div>","protected":false},"excerpt":{"rendered":"<p>Cote et pronostics pour la candidate UMP Val\u00e9rie P\u00e9cresse :Paris en ligne sur la politique et la future pr\u00e9sidente de la France de 2022 Les \u00e9lections pr\u00e9sidentielles de 2022 sont d\u00e9j\u00e0 sous le feu des projecteurs. Il s&#8217;agira d&#8217;un test pour la &#8220;nouvelle normalit\u00e9&#8221;. Les Fran\u00e7ais n&#8217;ont pas encore eu l&#8217;occasion de voter depuis le d\u00e9but de la crise sanitaire. Ils devront s&#8217;adapter \u00e0 de nouvelles fa\u00e7ons de voter, \u00e0 distance et avec des masques. L&#8217;\u00e9lection pr\u00e9sidentielle est toujours un \u00e9v\u00e9nement majeur en France, il est donc important de suivre les sondages et de parier sur le candidat qui a le plus de chances de succ\u00e9der \u00e0 Macron. Cette ann\u00e9e, &#8230;<\/p>","protected":false},"author":1,"featured_media":0,"parent":0,"menu_order":0,"comment_status":"closed","ping_status":"closed","template":"page-nosidebar.php","meta":{"footnotes":""},"yoast_head":"<!-- This site is optimized with the Yoast SEO Premium plugin v21.0 (Yoast SEO v21.0) - https:\/\/yoast.com\/wordpress\/plugins\/seo\/ -->\n<title>Parier sur l\u2019\u00e9lection de Val\u00e9rie P\u00e9cresse - Finale Coupe du Monde FIFA<\/title>\n<meta name=\"description\" content=\"Pariez sur P\u00e9cresse pour l&#039;\u00e9lection 2022 : Cliquez Ici et Gagnez Gros! Pronostics ,Comparaison des Bookmakers et des meilleurs Cotes.\" \/>\n<meta name=\"robots\" content=\"index, follow, max-snippet:-1, max-image-preview:large, max-video-preview:-1\" \/>\n<link rel=\"canonical\" href=\"https:\/\/parier-presidentielle.com\/ja\/\u30f4\u30a1\u30ec\u30ea\u30fc\u30fb\u30da\u30af\u30ec\u30b9\u30fb\u9078\u6319\/\" \/>\n<meta property=\"og:locale\" content=\"ja_JP\" \/>\n<meta property=\"og:type\" content=\"article\" \/>\n<meta property=\"og:title\" content=\"Parier sur l\u2019\u00e9lection de Val\u00e9rie P\u00e9cresse\" \/>\n<meta property=\"og:description\" content=\"Pariez sur P\u00e9cresse pour l&#039;\u00e9lection 2022 : Cliquez Ici et Gagnez Gros! Pronostics ,Comparaison des Bookmakers et des meilleurs Cotes.\" \/>\n<meta property=\"og:url\" content=\"https:\/\/parier-presidentielle.com\/ja\/\u30f4\u30a1\u30ec\u30ea\u30fc\u30fb\u30da\u30af\u30ec\u30b9\u30fb\u9078\u6319\/\" \/>\n<meta property=\"og:site_name\" content=\"Parier Pr\u00e9sidentielle\" \/>\n<meta property=\"article:modified_time\" content=\"2022-04-24T07:32:12+00:00\" \/>\n<meta property=\"og:image\" content=\"https:\/\/parier-presidentielle.com\/wp-content\/uploads\/2022\/01\/valerie-pecresse-1024x512.jpeg\" \/>\n<meta name=\"twitter:card\" content=\"summary_large_image\" \/>\n<meta name=\"twitter:label1\" content=\"Est. reading time\" \/>\n\t<meta name=\"twitter:data1\" content=\"5\u5206\" \/>\n<script type=\"application\/ld+json\" class=\"yoast-schema-graph\">{\"@context\":\"https:\/\/schema.org\",\"@graph\":[{\"@type\":\"WebPage\",\"@id\":\"https:\/\/parier-presidentielle.com\/valerie-pecresse-election\/\",\"url\":\"https:\/\/parier-presidentielle.com\/valerie-pecresse-election\/\",\"name\":\"Parier sur l\u2019\u00e9lection de Val\u00e9rie P\u00e9cresse - Finale Coupe du Monde FIFA\",\"isPartOf\":{\"@id\":\"https:\/\/parier-presidentielle.com\/#website\"},\"datePublished\":\"2022-01-11T21:54:26+00:00\",\"dateModified\":\"2022-04-24T07:32:12+00:00\",\"description\":\"Pariez sur P\u00e9cresse pour l'\u00e9lection 2022 : Cliquez Ici et Gagnez Gros! Pronostics ,Comparaison des Bookmakers et des meilleurs Cotes.\",\"breadcrumb\":{\"@id\":\"https:\/\/parier-presidentielle.com\/valerie-pecresse-election\/#breadcrumb\"},\"inLanguage\":\"ja\",\"potentialAction\":[{\"@type\":\"ReadAction\",\"target\":[\"https:\/\/parier-presidentielle.com\/valerie-pecresse-election\/\"]}]},{\"@type\":\"BreadcrumbList\",\"@id\":\"https:\/\/parier-presidentielle.com\/valerie-pecresse-election\/#breadcrumb\",\"itemListElement\":[{\"@type\":\"ListItem\",\"position\":1,\"name\":\"Accueil\",\"item\":\"https:\/\/parier-presidentielle.com\/\"},{\"@type\":\"ListItem\",\"position\":2,\"name\":\"Parier sur l\u2019\u00e9lection de Val\u00e9rie P\u00e9cresse\"}]},{\"@type\":\"WebSite\",\"@id\":\"https:\/\/parier-presidentielle.com\/#website\",\"url\":\"https:\/\/parier-presidentielle.com\/\",\"name\":\"Parier Pr\u00e9sidentielle\",\"description\":\"Paris, Pronostics, Wiki sur la Politique, les Elections Am\u00e9ricaines: Joe Biden, Donald Trump avec les Bookmakers en ligne Unibet, Bwin, Betclic, Winamax\",\"potentialAction\":[{\"@type\":\"SearchAction\",\"target\":{\"@type\":\"EntryPoint\",\"urlTemplate\":\"https:\/\/parier-presidentielle.com\/?s={search_term_string}\"},\"query-input\":\"required name=search_term_string\"}],\"inLanguage\":\"ja\"}]}<\/script>\n<!-- \/ Yoast SEO Premium plugin. -->","yoast_head_json":{"title":"Parier sur l\u2019\u00e9lection de Val\u00e9rie P\u00e9cresse - Finale Coupe du Monde FIFA","description":"Pariez sur P\u00e9cresse pour l'\u00e9lection 2022 : Cliquez Ici et Gagnez Gros! Pronostics ,Comparaison des Bookmakers et des meilleurs Cotes.","robots":{"index":"index","follow":"follow","max-snippet":"max-snippet:-1","max-image-preview":"max-image-preview:large","max-video-preview":"max-video-preview:-1"},"canonical":"https:\/\/parier-presidentielle.com\/ja\/\u30f4\u30a1\u30ec\u30ea\u30fc\u30fb\u30da\u30af\u30ec\u30b9\u30fb\u9078\u6319\/","og_locale":"ja_JP","og_type":"article","og_title":"Parier sur l\u2019\u00e9lection de Val\u00e9rie P\u00e9cresse","og_description":"Pariez sur P\u00e9cresse pour l'\u00e9lection 2022 : Cliquez Ici et Gagnez Gros! Pronostics ,Comparaison des Bookmakers et des meilleurs Cotes.","og_url":"https:\/\/parier-presidentielle.com\/ja\/\u30f4\u30a1\u30ec\u30ea\u30fc\u30fb\u30da\u30af\u30ec\u30b9\u30fb\u9078\u6319\/","og_site_name":"Parier Pr\u00e9sidentielle","article_modified_time":"2022-04-24T07:32:12+00:00","og_image":[{"url":"https:\/\/parier-presidentielle.com\/wp-content\/uploads\/2022\/01\/valerie-pecresse-1024x512.jpeg"}],"twitter_card":"summary_large_image","twitter_misc":{"Est. reading time":"5\u5206"},"schema":{"@context":"https:\/\/schema.org","@graph":[{"@type":"WebPage","@id":"https:\/\/parier-presidentielle.com\/valerie-pecresse-election\/","url":"https:\/\/parier-presidentielle.com\/valerie-pecresse-election\/","name":"Parier sur l\u2019\u00e9lection de Val\u00e9rie P\u00e9cresse - Finale Coupe du Monde FIFA","isPartOf":{"@id":"https:\/\/parier-presidentielle.com\/#website"},"datePublished":"2022-01-11T21:54:26+00:00","dateModified":"2022-04-24T07:32:12+00:00","description":"Pariez sur P\u00e9cresse pour l'\u00e9lection 2022 : Cliquez Ici et Gagnez Gros! Pronostics ,Comparaison des Bookmakers et des meilleurs Cotes.","breadcrumb":{"@id":"https:\/\/parier-presidentielle.com\/valerie-pecresse-election\/#breadcrumb"},"inLanguage":"ja","potentialAction":[{"@type":"ReadAction","target":["https:\/\/parier-presidentielle.com\/valerie-pecresse-election\/"]}]},{"@type":"BreadcrumbList","@id":"https:\/\/parier-presidentielle.com\/valerie-pecresse-election\/#breadcrumb","itemListElement":[{"@type":"ListItem","position":1,"name":"Accueil","item":"https:\/\/parier-presidentielle.com\/"},{"@type":"ListItem","position":2,"name":"Parier sur l\u2019\u00e9lection de Val\u00e9rie P\u00e9cresse"}]},{"@type":"WebSite","@id":"https:\/\/parier-presidentielle.com\/#website","url":"https:\/\/parier-presidentielle.com\/","name":"Parier Pr\u00e9sidentielle","description":"Paris, Pronostics, Wiki sur la Politique, les Elections Am\u00e9ricaines: Joe Biden, Donald Trump avec les Bookmakers en ligne Unibet, Bwin, Betclic, Winamax","potentialAction":[{"@type":"SearchAction","target":{"@type":"EntryPoint","urlTemplate":"https:\/\/parier-presidentielle.com\/?s={search_term_string}"},"query-input":"required name=search_term_string"}],"inLanguage":"ja"}]}},"_links":{"self":[{"href":"https:\/\/parier-presidentielle.com\/ja\/wp-json\/wp\/v2\/pages\/422"}],"collection":[{"href":"https:\/\/parier-presidentielle.com\/ja\/wp-json\/wp\/v2\/pages"}],"about":[{"href":"https:\/\/parier-presidentielle.com\/ja\/wp-json\/wp\/v2\/types\/page"}],"author":[{"embeddable":true,"href":"https:\/\/parier-presidentielle.com\/ja\/wp-json\/wp\/v2\/users\/1"}],"replies":[{"embeddable":true,"href":"https:\/\/parier-presidentielle.com\/ja\/wp-json\/wp\/v2\/comments?post=422"}],"version-history":[{"count":7,"href":"https:\/\/parier-presidentielle.com\/ja\/wp-json\/wp\/v2\/pages\/422\/revisions"}],"predecessor-version":[{"id":1598,"href":"https:\/\/parier-presidentielle.com\/ja\/wp-json\/wp\/v2\/pages\/422\/revisions\/1598"}],"wp:attachment":[{"href":"https:\/\/parier-presidentielle.com\/ja\/wp-json\/wp\/v2\/media?parent=422"}],"curies":[{"name":"wp","href":"https:\/\/api.w.org\/{rel}","templated":true}]}}