{"id":557,"date":"2022-02-21T12:38:33","date_gmt":"2022-02-21T11:38:33","guid":{"rendered":"https:\/\/parier-presidentielle.com\/?page_id=557"},"modified":"2022-10-27T08:34:43","modified_gmt":"2022-10-27T06:34:43","slug":"bwin-paris-sur-la-politique","status":"publish","type":"page","link":"https:\/\/parier-presidentielle.com\/ja\/bwin-\u30d1\u30ea\u30fb\u30aa\u30f3\u30fb\u30dd\u30ea\u30c6\u30a3\u30af\u30b9\/","title":{"rendered":"\u30d6\u30a6\u30a3\u30f3: \u653f\u6cbb\u306b\u8ced\u3051\u308b"},"content":{"rendered":"<h2 class=\"wp-block-heading\" id=\"l-integralite-des-cotes-de-bwin-france-usa\"><span id=\"l8217integralite-des-cotes-de-bwin-pour-les-elections-en-france-usa8230\">\u30d5\u30e9\u30f3\u30b9\u3001\u7c73\u56fd\u306e\u9078\u6319\u306b\u304a\u3051\u308b Bwin \u306e\u5b8c\u5168\u306a\u30aa\u30c3\u30ba\u2026<\/span><\/h2>\n\n\n\n<p>Bwin \u304c\u30b9\u30dd\u30fc\u30c4\u8ced\u535a\u306e\u30ea\u30fc\u30c0\u30fc\u306e 1 \u3064\u3067\u3042\u308b\u3068\u3059\u308c\u3070\u3001\u30d5\u30e9\u30f3\u30b9\u653f\u6cbb\u3060\u3051\u3067\u306a\u304f\u30a2\u30e1\u30ea\u30ab\u3084\u30a4\u30ae\u30ea\u30b9 (\u9996\u76f8) \u306e\u653f\u6cbb\u306b\u3064\u3044\u3066\u3082\u6700\u3082\u591a\u304f\u306e\u8ced\u3051\u3092\u63d0\u4f9b\u3057\u3066\u3044\u308b\u305f\u3081\u3001\u653f\u6cbb\u8ced\u535a\u3068\u5927\u7d71\u9818\u9078\u6319\u306e\u5206\u91ce\u3067\u3082\u6700\u9ad8\u306e\u30d6\u30c3\u30af\u30e1\u30fc\u30ab\u30fc\u3067\u3082\u3042\u308a\u307e\u3059\u3002<br><\/p>\n\n\n<div class=\"wp-block-image\">\n<figure class=\"aligncenter size-medium is-resized\"><img decoding=\"async\" src=\"https:\/\/parier-presidentielle.com\/wp-content\/uploads\/2022\/02\/bwin-elections-300x175.png\" alt=\"\" class=\"wp-image-559\" width=\"500\" srcset=\"https:\/\/parier-presidentielle.com\/wp-content\/uploads\/2022\/02\/bwin-elections-300x175.png 300w, https:\/\/parier-presidentielle.com\/wp-content\/uploads\/2022\/02\/bwin-elections-1024x597.png 1024w, https:\/\/parier-presidentielle.com\/wp-content\/uploads\/2022\/02\/bwin-elections-768x448.png 768w, https:\/\/parier-presidentielle.com\/wp-content\/uploads\/2022\/02\/bwin-elections-1536x896.png 1536w, https:\/\/parier-presidentielle.com\/wp-content\/uploads\/2022\/02\/bwin-elections.png 1961w\" sizes=\"(max-width: 300px) 100vw, 300px\" \/><\/figure><\/div>\n\n\n<h3 class=\"wp-block-heading\" id=\"prochain-candidat-a-la-cour-supreme-des-etats-unis-les-cotes-de-bwin\"><span id=\"i\"><br><\/span><\/h3>\n\n\n\n<p>\u5927\u7d71\u9818\u9078\u6319\u304c\u8fd1\u3065\u304f\u306b\u3064\u308c\u3001\u30d6\u30a6\u30a3\u30f3\u306f\u9078\u6319\u306b\u8ced\u3051\u308b\u3053\u3068\u3092\u7533\u3057\u51fa\u308b\u3002 Bwin \u306f\u3001\u30aa\u30f3\u30e9\u30a4\u30f3\u30b9\u30dd\u30fc\u30c4\u8ced\u535a\u3068\u30e9\u30a4\u30d6\u8ced\u535a\u306b\u7279\u5316\u3057\u305f\u30d6\u30c3\u30af\u30e1\u30fc\u30ab\u30fc\u3067\u3059\u3002\u30d5\u30e9\u30f3\u30b9\u306f 2022 \u5e74 4 \u6708 24 \u65e5\u306b\u5171\u548c\u56fd\u5927\u7d71\u9818\u3092\u9078\u51fa\u3057\u307e\u3057\u305f\u3002<\/p>\n\n\n\n<p><strong>\u6b21\u306e\u9078\u6319\u306b\u8ced\u3051\u308b<\/strong><\/p>\n\n\n\n<p>\u6b21\u306e\u5927\u304d\u306a\u653f\u6cbb\u30a4\u30d9\u30f3\u30c8\u306f\u30d5\u30e9\u30f3\u30b9\u306e\u5927\u7d71\u9818\u9078\u6319\u3067\u3059\u3002 2022 \u5e74 4 \u6708 24 \u65e5\u306e\u7b2c 2 \u30e9\u30a6\u30f3\u30c9\u3067\u306f\u3001\u653f\u6cbb\u306b\u95a2\u3059\u308b 2 \u7a2e\u985e\u306e\u8ced\u3051\u304c\u5229\u7528\u53ef\u80fd\u3067\u3059\u3002\u9078\u6319\u5f8c\u306e\u6b21\u671f\u5927\u7d71\u9818\u306f\u8ab0\u306b\u306a\u308b\u3067\u3057\u3087\u3046\u304b?\u3057\u304b\u3057\u3001\u56fd\u4f1a\u3067\u7d76\u5bfe\u591a\u6570\u3092\u7372\u5f97\u3059\u308b\u306e\u306f\u3069\u306e\u653f\u515a\u3067\u3057\u3087\u3046\u304b?<\/p>\n\n\n\n<p>Bwin \u6c0f\u306f\u3001\u8fd1\u5e74\u3001\u30d9\u30c3\u30c6\u30a3\u30f3\u30b0\u304c\u65b0\u305f\u306a\u6b21\u5143\u3092\u8fce\u3048\u3066\u3044\u308b\u3053\u3068\u3092\u793a\u5506\u3057\u3066\u3044\u307e\u3059\u3002\u5b9f\u969b\u3001\u591a\u304f\u306e\u653f\u6cbb\u5bb6\u304c\u81ea\u5206\u305f\u3061\u306e\u30e1\u30c3\u30bb\u30fc\u30b8\u3092\u4f1d\u3048\u308b\u305f\u3081\u306b\u3053\u306e\u7a2e\u306e\u8ced\u3051\u3092\u5229\u7528\u3059\u308b\u3053\u3068\u304c\u3067\u304d\u307e\u3057\u305f\u3002\u3055\u3089\u306b\u3001\u4e00\u90e8\u306e\u5019\u88dc\u8005\u306f\u6295\u7968\u304c\u7d42\u4e86\u3059\u308b\u524d\u304b\u3089\u52dd\u5229\u3057\u305f\u3068\u3055\u3048\u4e3b\u5f35\u3057\u3066\u3044\u307e\u3057\u305f\u3002\u3064\u307e\u308a\u3001\u3042\u3089\u3086\u308b\u91cd\u8981\u306a\u653f\u6cbb\u30a4\u30d9\u30f3\u30c8\u306b\u304a\u3044\u3066\u3001\u8ced\u535a\u306f\u4e0d\u53ef\u6b20\u306a\u90e8\u5206\u3068\u306a\u3063\u3066\u3044\u308b\u306e\u3067\u3059\u3002\u79c1\u305f\u3061\u306f\u3053\u308c\u3092\u6c11\u4e3b\u4e3b\u7fa9\u306e\u53d6\u308a\u7d44\u307f\u306e\u771f\u306e\u5b9f\u8a3c\u3068\u898b\u308b\u3053\u3068\u304c\u3067\u304d\u307e\u3059\u3002<\/p>\n\n\n\n<p>\u3053\u306e\u70b9\u3067\u3001\u30a8\u30de\u30cb\u30e5\u30a8\u30eb\u30fb\u30de\u30af\u30ed\u30f3\u6c0f\u306e\u52dd\u5229\u306f\u653f\u6cbb\u3078\u306e\u8ced\u3051\u3078\u306e\u95a2\u5fc3\u3092\u5927\u3044\u306b\u523a\u6fc0\u3057\u307e\u3057\u305f\u3002\u30d5\u30e9\u30f3\u30b9\u306e\u653f\u6cbb\u3068\u9078\u6319 (\u5927\u7d71\u9818\u3001\u8b70\u4f1a\u3001\u5730\u65b9\u9078\u6319) \u306b\u3064\u3044\u3066\u3059\u3079\u3066\u3092\u77e5\u308a\u305f\u3044\u306a\u3089\u3001\u3053\u3053\u306f\u6700\u9069\u306a\u5834\u6240\u3067\u3059\u3002\u30d6\u30c3\u30af\u30e1\u30fc\u30ab\u30fc\u306f\u3001\u4e16\u8ad6\u8abf\u67fb\u3001\u30aa\u30c3\u30ba\u3060\u3051\u3067\u306a\u304f\u3001\u5404\u9078\u6319\u306e\u30a2\u30c9\u30d0\u30a4\u30b9\u3084\u4e88\u6e2c\u306a\u3069\u3001\u3042\u3089\u3086\u308b\u60c5\u5831\u3092\u63d0\u4f9b\u3057\u307e\u3059\u3002<\/p>\n\n\n\n<h3 class=\"wp-block-heading\" id=\"prochain-candidat-a-la-cour-supreme-des-etats-unis-les-cotes-de-bwin\"><span id=\"prochain-candidat-a-la-cour-supreme-des-etats-unis-les-cotes-de-bwin\"><a href=\"https:\/\/parier-presidentielle.com\/ja\/\u30d1\u30ea\u6700\u9ad8\u88c1\u5224\u6240\u5019\u88dc\u8005\u7c73\u56fd\/\">\u6b21\u671f\u7c73\u56fd\u6700\u9ad8\u88c1\u5224\u4e8b\u5019\u88dc\u3001Bwin \u30aa\u30c3\u30ba<\/a><\/span><\/h3>\n\n\n\n<p id=\"prochain-candidat-a-la-cour-supreme-des-etats-unis01-04-2022-23-00\">\u9078\u6319\u65e5\u3002 2022\/01\/04 23:00<br><strong>\u6b21\u306e\u7c73\u56fd\u6700\u9ad8\u88c1\u5224\u4e8b\u5019\u88dc\u8005\u306f\u8ab0\u306b\u306a\u308b\u3067\u3057\u3087\u3046\u304b?<\/strong> <br>\u5019\u88dc\u8005\u306b\u8ced\u3051\u308b\u3059\u3079\u3066\u306e Bwin \u30aa\u30c3\u30ba\u3092\u6c42\u3081\u307e\u3059\u3002 <br>\u30b1\u30bf\u30f3\u30b8\u30fb\u30d6\u30e9\u30a6\u30f3\u30fb\u30b8\u30e3\u30af\u30bd\u30f3\u3001\u30b8\u30e5\u30ea\u30a2\u30ca\u30fb\u30df\u30b7\u30a7\u30eb\u30fb\u30c1\u30e3\u30a4\u30eb\u30ba\u3001\u30ec\u30aa\u30f3\u30c9\u30e9\u30fb\u30af\u30eb\u30fc\u30ac\u30fc\u2026<br><\/p>\n\n\n\n<h3 class=\"wp-block-heading\" id=\"prochaine-election-presidentielle-en-france-les-cotes-de-bwin\"><span id=\"prochaine-election-presidentielle-en-france-les-cotes-de-bwin\"><a href=\"https:\/\/parier-presidentielle.com\/ja\/bwin-\u653f\u6cbb-\u9078\u6319-2022\/\">\u30d5\u30e9\u30f3\u30b9\u306e\u6b21\u671f\u5927\u7d71\u9818\u9078\u6319\u3001Bwin \u306e\u30aa\u30c3\u30ba<\/a><\/span><\/h3>\n\n\n\n<p>\u9078\u6319\u65e5\u3002 2022\/05\/14 12:00<br><strong>\u30d5\u30e9\u30f3\u30b9\u5171\u548c\u56fd\u306e\u6b21\u671f\u5927\u7d71\u9818\u306f\u8ab0\u306b\u306a\u308b\u3067\u3057\u3087\u3046\u304b?<\/strong> <br>\u5019\u88dc\u8005\u306b\u8ced\u3051\u308b\u3059\u3079\u3066\u306e Bwin \u30aa\u30c3\u30ba\u3092\u6c42\u3081\u307e\u3059\u3002 <br><a href=\"https:\/\/parier-presidentielle.com\/ja\/\u30de\u30af\u30ed\u30f3\u9078\u6319\/\">\u30a8\u30de\u30cb\u30e5\u30a8\u30eb\u30fb\u30de\u30af\u30ed\u30f3<\/a>\u3001\u30f4\u30a1\u30ec\u30ea\u30fc\u30fb\u30da\u30af\u30ec\u30b9\u3001\u30a2\u30f3\u30fb\u30a4\u30c0\u30eb\u30b4\u3001 <a href=\"https:\/\/parier-presidentielle.com\/ja\/\u30de\u30ea\u30fc\u30cc\u30fb\u30eb\u30fb\u30da\u30f3\u9078\u6319\/\">\u30de\u30ea\u30fc\u30cc\u30fb\u30eb\u30fb\u30da\u30f3<\/a>\u3001\u30b8\u30e3\u30f3\uff1d\u30ea\u30e5\u30c3\u30af\u30fb\u30e1\u30e9\u30f3\u30b7\u30e7\u30f3\u3001 <a href=\"https:\/\/parier-presidentielle.com\/ja\/\u30bc\u30e0\u30fc\u30eb\u9078\u6319\/\">\u30a8\u30ea\u30c3\u30af\u30fb\u30bc\u30e0\u30a2<\/a><br><\/p>\n\n\n\n<h3 class=\"wp-block-heading\" id=\"election-presidentielle-americaine-2024-les-cotes-de-bwin\"><span id=\"election-presidentielle-americaine-2024-les-cotes-de-bwin\"><br>2024 \u5e74\u7c73\u56fd\u5927\u7d71\u9818\u9078\u6319\u3001Bwin \u30aa\u30c3\u30ba<\/span><\/h3>\n\n\n\n<p>05\/11\/2024 22:00<br>\u5019\u88dc\u8005\u306b\u8ced\u3051\u308b\u3059\u3079\u3066\u306e Bwin \u30aa\u30c3\u30ba\u3092\u6c42\u3081\u307e\u3059\u3002 <br>\u30c9\u30ca\u30eb\u30c9\u30fb\u30c8\u30e9\u30f3\u30d7\u3001\u30b8\u30e7\u30fc\u30fb\u30d0\u30a4\u30c7\u30f3\u3001\u30ab\u30de\u30e9\u30fb\u30cf\u30ea\u30b9\u3001\u30d4\u30fc\u30c8\u30fb\u30d6\u30c6\u30a3\u30b8\u30a7\u30c3\u30b8\u3001\u30bf\u30c3\u30ab\u30fc\u30fb\u30ab\u30fc\u30eb\u30bd\u30f3\u3001\u30a8\u30ea\u30b6\u30d9\u30b9\u30fb\u30a6\u30a9\u30fc\u30ec\u30f3\u3001\u30d2\u30e9\u30ea\u30fc\u30fb\u30af\u30ea\u30f3\u30c8\u30f3\u3001<br>\u30a2\u30ec\u30af\u30b5\u30f3\u30c9\u30ea\u30a2\u30fb\u30aa\u30ab\u30b7\u30aa\uff1d\u30b3\u30eb\u30c6\u30b9\u3001\u30de\u30eb\u30b3\u30fb\u30eb\u30d3\u30aa\u3001\u30c6\u30c3\u30c9\u30fb\u30af\u30eb\u30fc\u30ba\u3001\u30de\u30a4\u30af\u30fb\u30dd\u30f3\u30da\u30aa\u3001\u30df\u30c3\u30c8\u30fb\u30ed\u30e0\u30cb\u30fc\u2026\u3002<\/p>\n\n\n\n<h3 class=\"wp-block-heading\" id=\"prochain-premier-ministre-du-royaume-uni-les-cotes-de-bwin\"><span id=\"prochain-premier-ministre-du-royaume-uni-les-cotes-de-bwin\"><br><br>\u6b21\u671f\u82f1\u56fd\u9996\u76f8\u3001\u30d6\u30a6\u30a3\u30f3\u306e\u30aa\u30c3\u30ba<\/span><\/h3>\n\n\n\n<p><br>01\/01\/2025 10:00<br><\/p>\n\n\n\n<h2 class=\"wp-block-heading\" id=\"sondage-trahison-les-specificite-du-paris-politique\"><span id=\"sondage-trahison-les-specificite-du-paris-politique\">\u8abf\u67fb\u3001\u88cf\u5207\u308a: \u653f\u6cbb\u7684\u30d1\u30ea\u306e\u7279\u6b8a\u6027<\/span><\/h2>\n\n\n\n<p><br>\u4e8b\u524d\u306e\u8ced\u3051\u306f\u5927\u304d\u306a\u5229\u76ca\u3092\u3082\u305f\u3089\u3059\u53ef\u80fd\u6027\u304c\u3042\u308a\u307e\u3059: \u653f\u6cbb\u9078\u6319\u306e\u7d50\u679c\u3078\u306e\u8ced\u3051\u306f\u6b21\u306e\u65b9\u6cd5\u3067\u5229\u7528\u3067\u304d\u308b\u305f\u3081\u3067\u3059\u3002 <a href=\"https:\/\/parier-presidentielle.com\/ja\/bwin-\u653f\u6cbb-\u9078\u6319-2022\/\"><strong>\u30d6\u30a6\u30a3\u30f3<\/strong><\/a> \u305d\u3057\u3066\u9078\u6319\u65e5\u306e\u4f55\u5e74\u3082\u524d\u304b\u3089\u59cb\u3081\u308b\u3053\u3068\u3082\u3067\u304d\u307e\u3059\u3002\u305d\u308c\u305e\u308c\u306e\u9078\u6319\u306b\u306f\u72ec\u81ea\u306e\u30b5\u30d7\u30e9\u30a4\u30ba\u304c\u3042\u308a\u3001\u6295\u7968\u8005\u306f\u4f55\u304c\u6700\u7d42\u52dd\u8005\u306b\u5f71\u97ff\u3092\u4e0e\u3048\u308b\u304b\u3092\u5224\u65ad\u3067\u304d\u306a\u3051\u308c\u3070\u306a\u308a\u307e\u305b\u3093\u3002\u524d\u56de\u306e\u30d5\u30e9\u30f3\u30b9\u3068\u30a2\u30e1\u30ea\u30ab\u306e\u9078\u6319\u3067\u306f\u3001\u6bce\u56de\u7d06\u4f59\u66f2\u6298\u3084\u571f\u58c7\u5834\u3067\u306e\u9006\u8ee2\u3067\u591a\u304f\u306e\u4e88\u60f3\u304c\u88cf\u5207\u3089\u308c\u3066\u304d\u307e\u3057\u305f\u3002<\/p>\n\n\n\n<h3 class=\"wp-block-heading\" id=\"facteurs-affectant-les-paris-politiques\"><span id=\"facteurs-affectant-les-paris-politiques\"> <br>\u653f\u6cbb\u7684\u8ced\u3051\u306b\u5f71\u97ff\u3092\u4e0e\u3048\u308b\u8981\u56e0 <\/span><\/h3>\n\n\n\n<p>\u3044\u304f\u3064\u304b\u306e\u8981\u56e0\u304c\u7d50\u679c\u306b\u5f71\u97ff\u3092\u4e0e\u3048\u308b\u53ef\u80fd\u6027\u304c\u3042\u308a\u307e\u3059\u3002\u305d\u308c\u306f\u3001\u30b9\u30ad\u30e3\u30f3\u30c0\u30eb\u3001\u91ce\u515a\u9663\u55b6\u304b\u3089\u306e\u5642\u3001\u6642\u4e8b\u554f\u984c\u3001\u885d\u6483\u7684\u306a\u6709\u7f6a\u5224\u6c7a\u3001\u6307\u5c0e\u8005\u306e\u8cc7\u8cea\u3001\u9078\u6319\u516c\u7d04\u3001\u5f7c\u3089\u3092\u652f\u6301\u3059\u308b\u653f\u515a\u3001\u30e1\u30c7\u30a3\u30a2\u306b\u3088\u308b\u5019\u88dc\u8005\u306e\u7d39\u4ecb\u306e\u4ed5\u65b9\u3001\u8a0e\u8ad6\u4f1a\u306b\u304a\u3051\u308b\u4fe1\u5ff5\u306e\u5f37\u3055\u306a\u3069\u3067\u3042\u308b\u53ef\u80fd\u6027\u304c\u3042\u308a\u307e\u3059\u3002<\/p>\n\n\n\n<h3 class=\"wp-block-heading\" id=\"parier-sur-la-prochaine-election\"><span id=\"parier-sur-la-prochaine-election-avec-bwin\"><br>Bwin \u3068\u6b21\u306e\u9078\u6319\u306b\u8ced\u3051\u307e\u3057\u3087\u3046<\/span><\/h3>\n\n\n\n<p>\u6b21\u306e\u5927\u304d\u306a\u653f\u6cbb\u30a4\u30d9\u30f3\u30c8\u306f\u30d5\u30e9\u30f3\u30b9\u5927\u7d71\u9818\u9078\u6319\u3067\u3059\uff08\u3059\u3079\u3066\u306e\u8ced\u3051\u306f\u30d5\u30e9\u30f3\u30b9\u5927\u7d71\u9818\u9078\u6319\u306b\u3042\u308a\u307e\u3059\uff09\u3002\u7b2c 1 \u56de\u6295\u7968\u306f 2022 \u5e74 4 \u6708 10 \u65e5\u306b\u3001\u7b2c 2 \u56de\u76ee\u306f 2022 \u5e74 4 \u6708 24 \u65e5\u306b\u884c\u308f\u308c\u307e\u3059\u304c\u30012 \u7a2e\u985e\u306e\u653f\u6cbb\u7684\u8ced\u3051\u304c\u53ef\u80fd\u3067\u3059\u3002\u7b2c 2 \u56de\u6295\u7968\u306b\u8ab0\u304c\u9032\u51fa\u3059\u308b\u304b\u3001\u6295\u7968\u7d42\u4e86\u6642\u306b\u8ab0\u304c\u6b21\u671f\u5927\u7d71\u9818\u306b\u306a\u308b\u304b\u3067\u3059\u3002<br>2022\u5e74\u672b\u306b\u30d6\u30e9\u30b8\u30eb\u3067\u306f\u5927\u7d71\u9818\u9078\u6319\u304c\u884c\u308f\u308c\u308b\u3002\u6b21\u306e\u5927\u304d\u306a\u30a4\u30d9\u30f3\u30c8\u306f\u30012024 \u5e74\u306e\u7c73\u56fd\u5927\u7d71\u9818\u9078\u6319\u3068 2025 \u5e74 1 \u6708\u306e\u82f1\u56fd\u306e\u6b21\u671f\u9996\u76f8\u9078\u6319\u3067\u3059\u3002\u5f53\u30b5\u30a4\u30c8\u3067\u7c73\u56fd\u5927\u7d71\u9818\u9078\u6319\u3067\u6c11\u4e3b\u515a\u3068\u5171\u548c\u515a\u306e\u3069\u3061\u3089\u304c\u52dd\u3064\u304b\u8ced\u3051\u3066\u304f\u3060\u3055\u3044\u3002<\/p>\n<div id=\"toc_container\" class=\"no_bullets\"><p class=\"toc_title\">\u30b3\u30f3\u30c6\u30f3\u30c4<\/p><ul class=\"toc_list\"><li><ul><li><\/li><li><\/li><li><\/li><li><\/li><li><\/li><\/ul><\/li><li><ul><li><\/li><li><\/li><\/ul><\/li><\/ul><\/div>","protected":false},"excerpt":{"rendered":"<p>L&#8217;int\u00e9gralit\u00e9 des cotes de Bwin pour les \u00e9lections en France, Usa&#8230; Si Bwin est un des leaders du Paris Sportif il est \u00e9galement le meilleur bookmaker dans le domaine du Pari Politique et des \u00c9lections pr\u00e9sidentielles car il propose le plus de pari aussi bien sur la vie politique Fran\u00e7aise que celle Am\u00e9ricaine, Britannique ( Premier ministre)&#8230; A l&#8217;approche de l&#8217;\u00e9lection pr\u00e9sidentielle, Bwin propose de parier sur les \u00e9lections. Bwin est un bookmaker sp\u00e9cialis\u00e9 dans les paris sportifs en ligne et les paris en direct. La France \u00e9lue pr\u00e9sident de la R\u00e9publique le 24 avril 2022. Parier sur les prochaines \u00e9lections Le prochain grand \u00e9v\u00e9nement politique sera l&#8217;\u00e9lection pr\u00e9sidentielle en &#8230;<\/p>","protected":false},"author":1,"featured_media":0,"parent":0,"menu_order":0,"comment_status":"closed","ping_status":"closed","template":"page-nosidebar.php","meta":{"footnotes":""},"yoast_head":"<!-- This site is optimized with the Yoast SEO Premium plugin v21.0 (Yoast SEO v21.0) - https:\/\/yoast.com\/wordpress\/plugins\/seo\/ -->\n<title>Bwin : Paris sur la Politique - Finale Coupe du Monde FIFA<\/title>\n<meta name=\"description\" content=\"Parier sur les \u00e9lections Fran\u00e7aise, Am\u00e9ricaine avec le meilleur Bookmaker : Bwin. Int\u00e9gralit\u00e9 des cotes et pronostics pour Parier sur la Politique.\" \/>\n<meta name=\"robots\" content=\"index, follow, max-snippet:-1, max-image-preview:large, max-video-preview:-1\" \/>\n<link rel=\"canonical\" href=\"https:\/\/parier-presidentielle.com\/ja\/bwin-\u30d1\u30ea\u30fb\u30aa\u30f3\u30fb\u30dd\u30ea\u30c6\u30a3\u30af\u30b9\/\" \/>\n<meta property=\"og:locale\" content=\"ja_JP\" \/>\n<meta property=\"og:type\" content=\"article\" \/>\n<meta property=\"og:title\" content=\"Bwin : Paris sur la Politique\" \/>\n<meta property=\"og:description\" content=\"Parier sur les \u00e9lections Fran\u00e7aise, Am\u00e9ricaine avec le meilleur Bookmaker : Bwin. Int\u00e9gralit\u00e9 des cotes et pronostics pour Parier sur la Politique.\" \/>\n<meta property=\"og:url\" content=\"https:\/\/parier-presidentielle.com\/ja\/bwin-\u30d1\u30ea\u30fb\u30aa\u30f3\u30fb\u30dd\u30ea\u30c6\u30a3\u30af\u30b9\/\" \/>\n<meta property=\"og:site_name\" content=\"Parier Pr\u00e9sidentielle\" \/>\n<meta property=\"article:modified_time\" content=\"2022-10-27T06:34:43+00:00\" \/>\n<meta property=\"og:image\" content=\"https:\/\/parier-presidentielle.com\/wp-content\/uploads\/2022\/02\/bwin-elections-300x175.png\" \/>\n<meta name=\"twitter:card\" content=\"summary_large_image\" \/>\n<meta name=\"twitter:label1\" content=\"Est. reading time\" \/>\n\t<meta name=\"twitter:data1\" content=\"4\u5206\" \/>\n<script type=\"application\/ld+json\" class=\"yoast-schema-graph\">{\"@context\":\"https:\/\/schema.org\",\"@graph\":[{\"@type\":\"WebPage\",\"@id\":\"https:\/\/parier-presidentielle.com\/bwin-paris-sur-la-politique\/\",\"url\":\"https:\/\/parier-presidentielle.com\/bwin-paris-sur-la-politique\/\",\"name\":\"Bwin : Paris sur la Politique - Finale Coupe du Monde FIFA\",\"isPartOf\":{\"@id\":\"https:\/\/parier-presidentielle.com\/#website\"},\"datePublished\":\"2022-02-21T11:38:33+00:00\",\"dateModified\":\"2022-10-27T06:34:43+00:00\",\"description\":\"Parier sur les \u00e9lections Fran\u00e7aise, Am\u00e9ricaine avec le meilleur Bookmaker : Bwin. Int\u00e9gralit\u00e9 des cotes et pronostics pour Parier sur la Politique.\",\"breadcrumb\":{\"@id\":\"https:\/\/parier-presidentielle.com\/bwin-paris-sur-la-politique\/#breadcrumb\"},\"inLanguage\":\"ja\",\"potentialAction\":[{\"@type\":\"ReadAction\",\"target\":[\"https:\/\/parier-presidentielle.com\/bwin-paris-sur-la-politique\/\"]}]},{\"@type\":\"BreadcrumbList\",\"@id\":\"https:\/\/parier-presidentielle.com\/bwin-paris-sur-la-politique\/#breadcrumb\",\"itemListElement\":[{\"@type\":\"ListItem\",\"position\":1,\"name\":\"Accueil\",\"item\":\"https:\/\/parier-presidentielle.com\/\"},{\"@type\":\"ListItem\",\"position\":2,\"name\":\"Bwin : Paris sur la Politique\"}]},{\"@type\":\"WebSite\",\"@id\":\"https:\/\/parier-presidentielle.com\/#website\",\"url\":\"https:\/\/parier-presidentielle.com\/\",\"name\":\"Parier Pr\u00e9sidentielle\",\"description\":\"Paris, Pronostics, Wiki sur la Politique, les Elections Am\u00e9ricaines: Joe Biden, Donald Trump avec les Bookmakers en ligne Unibet, Bwin, Betclic, Winamax\",\"potentialAction\":[{\"@type\":\"SearchAction\",\"target\":{\"@type\":\"EntryPoint\",\"urlTemplate\":\"https:\/\/parier-presidentielle.com\/?s={search_term_string}\"},\"query-input\":\"required name=search_term_string\"}],\"inLanguage\":\"ja\"}]}<\/script>\n<!-- \/ Yoast SEO Premium plugin. -->","yoast_head_json":{"title":"Bwin : Paris sur la Politique - Finale Coupe du Monde FIFA","description":"Parier sur les \u00e9lections Fran\u00e7aise, Am\u00e9ricaine avec le meilleur Bookmaker : Bwin. Int\u00e9gralit\u00e9 des cotes et pronostics pour Parier sur la Politique.","robots":{"index":"index","follow":"follow","max-snippet":"max-snippet:-1","max-image-preview":"max-image-preview:large","max-video-preview":"max-video-preview:-1"},"canonical":"https:\/\/parier-presidentielle.com\/ja\/bwin-\u30d1\u30ea\u30fb\u30aa\u30f3\u30fb\u30dd\u30ea\u30c6\u30a3\u30af\u30b9\/","og_locale":"ja_JP","og_type":"article","og_title":"Bwin : Paris sur la Politique","og_description":"Parier sur les \u00e9lections Fran\u00e7aise, Am\u00e9ricaine avec le meilleur Bookmaker : Bwin. Int\u00e9gralit\u00e9 des cotes et pronostics pour Parier sur la Politique.","og_url":"https:\/\/parier-presidentielle.com\/ja\/bwin-\u30d1\u30ea\u30fb\u30aa\u30f3\u30fb\u30dd\u30ea\u30c6\u30a3\u30af\u30b9\/","og_site_name":"Parier Pr\u00e9sidentielle","article_modified_time":"2022-10-27T06:34:43+00:00","og_image":[{"url":"https:\/\/parier-presidentielle.com\/wp-content\/uploads\/2022\/02\/bwin-elections-300x175.png"}],"twitter_card":"summary_large_image","twitter_misc":{"Est. reading time":"4\u5206"},"schema":{"@context":"https:\/\/schema.org","@graph":[{"@type":"WebPage","@id":"https:\/\/parier-presidentielle.com\/bwin-paris-sur-la-politique\/","url":"https:\/\/parier-presidentielle.com\/bwin-paris-sur-la-politique\/","name":"Bwin : Paris sur la Politique - Finale Coupe du Monde FIFA","isPartOf":{"@id":"https:\/\/parier-presidentielle.com\/#website"},"datePublished":"2022-02-21T11:38:33+00:00","dateModified":"2022-10-27T06:34:43+00:00","description":"Parier sur les \u00e9lections Fran\u00e7aise, Am\u00e9ricaine avec le meilleur Bookmaker : Bwin. Int\u00e9gralit\u00e9 des cotes et pronostics pour Parier sur la Politique.","breadcrumb":{"@id":"https:\/\/parier-presidentielle.com\/bwin-paris-sur-la-politique\/#breadcrumb"},"inLanguage":"ja","potentialAction":[{"@type":"ReadAction","target":["https:\/\/parier-presidentielle.com\/bwin-paris-sur-la-politique\/"]}]},{"@type":"BreadcrumbList","@id":"https:\/\/parier-presidentielle.com\/bwin-paris-sur-la-politique\/#breadcrumb","itemListElement":[{"@type":"ListItem","position":1,"name":"Accueil","item":"https:\/\/parier-presidentielle.com\/"},{"@type":"ListItem","position":2,"name":"Bwin : Paris sur la Politique"}]},{"@type":"WebSite","@id":"https:\/\/parier-presidentielle.com\/#website","url":"https:\/\/parier-presidentielle.com\/","name":"Parier Pr\u00e9sidentielle","description":"Paris, Pronostics, Wiki sur la Politique, les Elections Am\u00e9ricaines: Joe Biden, Donald Trump avec les Bookmakers en ligne Unibet, Bwin, Betclic, Winamax","potentialAction":[{"@type":"SearchAction","target":{"@type":"EntryPoint","urlTemplate":"https:\/\/parier-presidentielle.com\/?s={search_term_string}"},"query-input":"required name=search_term_string"}],"inLanguage":"ja"}]}},"_links":{"self":[{"href":"https:\/\/parier-presidentielle.com\/ja\/wp-json\/wp\/v2\/pages\/557"}],"collection":[{"href":"https:\/\/parier-presidentielle.com\/ja\/wp-json\/wp\/v2\/pages"}],"about":[{"href":"https:\/\/parier-presidentielle.com\/ja\/wp-json\/wp\/v2\/types\/page"}],"author":[{"embeddable":true,"href":"https:\/\/parier-presidentielle.com\/ja\/wp-json\/wp\/v2\/users\/1"}],"replies":[{"embeddable":true,"href":"https:\/\/parier-presidentielle.com\/ja\/wp-json\/wp\/v2\/comments?post=557"}],"version-history":[{"count":24,"href":"https:\/\/parier-presidentielle.com\/ja\/wp-json\/wp\/v2\/pages\/557\/revisions"}],"predecessor-version":[{"id":1684,"href":"https:\/\/parier-presidentielle.com\/ja\/wp-json\/wp\/v2\/pages\/557\/revisions\/1684"}],"wp:attachment":[{"href":"https:\/\/parier-presidentielle.com\/ja\/wp-json\/wp\/v2\/media?parent=557"}],"curies":[{"name":"wp","href":"https:\/\/api.w.org\/{rel}","templated":true}]}}