{"id":898,"date":"2022-03-07T13:10:43","date_gmt":"2022-03-07T12:10:43","guid":{"rendered":"https:\/\/parier-presidentielle.com\/?page_id=898"},"modified":"2023-09-23T21:23:58","modified_gmt":"2023-09-23T19:23:58","slug":"plan","status":"publish","type":"page","link":"https:\/\/parier-presidentielle.com\/ja\/\u30d7\u30e9\u30f3\/","title":{"rendered":"Parier-Presidentielle.com \u306e\u30b5\u30a4\u30c8\u30de\u30c3\u30d7"},"content":{"rendered":"<div class=\"wp-block-group is-layout-flow wp-block-group-is-layout-flow\"><div class=\"wp-block-group__inner-container\">\n<div class=\"wp-block-group is-layout-flow wp-block-group-is-layout-flow\"><div class=\"wp-block-group__inner-container\">\n<p>\u30b5\u30a4\u30c8\u30de\u30c3\u30d7\u3078\u3088\u3046\u3053\u305d\uff01\u653f\u6cbb\u306b\u95a2\u3059\u308b\u30d1\u30ea\u306e\u30ea\u30f3\u30af\u3092\u3059\u3079\u3066\u898b\u3064\u3051\u3066\u3001\u521d\u3081\u3066\u8ced\u3051\u308b\u306e\u306b\u5fc5\u8981\u306a\u77e5\u8b58\u3092\u3059\u3079\u3066\u624b\u306b\u5165\u308c\u307e\u3057\u3087\u3046\u3002\u30d5\u30e9\u30f3\u30b9\u3001\u30a2\u30e1\u30ea\u30ab\u306a\u3069\u3001\u3059\u3079\u3066\u306e\u9078\u6319\u306e\u3059\u3079\u3066\u306e\u30aa\u30c3\u30ba\u3092\u8ffd\u8de1\u3067\u304d\u308b\u306e\u3068\u540c\u3058\u3088\u3046\u306b\u3002<br><br><br>Parier-Presidentielle.com \u306e\u30d5\u30e9\u30f3\u30b9\u8a9e\u7248:<br><a href=\"https:\/\/parier-presidentielle.com\/ja\/\">\u5927\u7d71\u9818\u8ced\u535a: 2024 \u5e74\u306e\u30a2\u30e1\u30ea\u30ab\u9078\u6319\u3078\u306e\u8ced\u535a\u30ac\u30a4\u30c9<\/a><br>Parier-Presidentielle.com \u306e\u82f1\u8a9e\u7248:<br><a href=\"https:\/\/parier-presidentielle.com\/en\/\">2024\u5e74\u7c73\u56fd\u5927\u7d71\u9818\u9078\u6319\u30d9\u30c3\u30c6\u30a3\u30f3\u30b0\u30ac\u30a4\u30c9<\/a><\/p>\n\n\n\n<p>Parier-Presidentielle.com \u306e\u30b9\u30da\u30a4\u30f3\u8a9e\u7248: <br><a href=\"https:\/\/parier-presidentielle.com\/es\/\">\u5927\u7d71\u9818\u9078\u6319\u306e\u4efb\u547d \u30d5\u30e9\u30f3\u30b9\u30fb\u30dd\u30ea\u30c6\u30a3\u30ab<\/a><\/p>\n<\/div><\/div>\n<\/div><\/div>\n\n\n\n<div class=\"wp-block-group is-layout-flow wp-block-group-is-layout-flow\"><div class=\"wp-block-group__inner-container\">\n<p><\/p>\n<\/div><\/div>\n\n\n\n<div class=\"wsp-container\"><h2 class=\"wsp-pages-title\"><span id=\"pages\">Pages<\/span><\/h2>\n<ul class=\"wsp-pages-list\">\n<li class=\"page_item page-item-525\"><a href=\"https:\/\/parier-presidentielle.com\/ja\/1xbit-\u30dd\u30ea\u30b7\u30fc\/\">1xBit: \u30d3\u30c3\u30c8\u30b3\u30a4\u30f3\u3067\u653f\u6cbb\u306b\u8ced\u3051\u308b<\/a><\/li>\n<li class=\"page_item page-item-1789\"><a href=\"https:\/\/parier-presidentielle.com\/ja\/\u30a2\u30eb\u30bc\u30f3\u30c1\u30f3-\u30d5\u30e9\u30f3\u30b9-\u30d5\u30a1\u30a4\u30ca\u30eb-\u30ef\u30fc\u30eb\u30c9\u30ab\u30c3\/\">\u30a2\u30eb\u30bc\u30f3\u30c1\u30f3 \u2013 \u30d5\u30e9\u30f3\u30b9: 2022 \u5e74\u30ef\u30fc\u30eb\u30c9\u30ab\u30c3\u30d7\u6c7a\u52dd<\/a><\/li>\n<li class=\"page_item page-item-163\"><a href=\"https:\/\/parier-presidentielle.com\/ja\/\u30a2\u30bb\u30ea\u30ce\u30fc\u30fb\u30d6\u30c3\u30af\u30e1\u30fc\u30ab\u30fc\/\">Asselineau \u30d6\u30c3\u30af\u30e1\u30fc\u30ab\u30fc: \u30d1\u30ea\u3001\u30aa\u30c3\u30ba\u3068\u4e88\u6e2c<\/a><\/li>\n<li class=\"page_item page-item-121\"><a href=\"https:\/\/parier-presidentielle.com\/ja\/asselineau-bookmaker-unibet-bwin\/\">\u30ec\u30fb\u30d6\u30c3\u30af\u30e1\u30fc\u30ab\u30fc\u30fb\u30d6\u30a6\u30a3\u30f3\u306b\u3088\u308b\u30a2\u30bb\u30ea\u30ce\u30fc\u3068\u5927\u7d71\u9818\u9078\u6319\u3001Unibet<\/a><\/li>\n<li class=\"page_item page-item-709\"><a href=\"https:\/\/parier-presidentielle.com\/ja\/betclic-\u30a2\u30e1\u30ea\u30ab\u9078\u6319-2024\/\">Betclic: 2024 \u5e74\u306e\u30a2\u30e1\u30ea\u30ab\u5927\u7d71\u9818\u9078\u6319\u306b\u8ced\u3051\u308b<\/a><\/li>\n<li class=\"page_item page-item-235\"><a href=\"https:\/\/parier-presidentielle.com\/ja\/betclic-\u5927\u7d71\u9818-2022\/\">Betclic: 2022 \u5e74\u306e\u5927\u7d71\u9818\u9078\u6319\u306b\u8ced\u3051\u308b<\/a><\/li>\n<li class=\"page_item page-item-269\"><a href=\"https:\/\/parier-presidentielle.com\/ja\/\u30d6\u30c3\u30af\u30e1\u30fc\u30ab\u30fc-\u9078\u6319-\u653f\u6cbb-2022\/\">\u30d6\u30c3\u30af\u30e1\u30fc\u30ab\u30fc: \u653f\u6cbb\u3068 2022 \u5e74\u306e\u5927\u7d71\u9818\u9078\u6319\u306b\u8ced\u3051\u308b\u306e\u306b\u6700\u9069\u306a\u5834\u6240\u306f\u3069\u3053\u3067\u3059\u304b?<\/a><\/li>\n<li class=\"page_item page-item-195\"><a href=\"https:\/\/parier-presidentielle.com\/ja\/\u30d6\u30c3\u30af\u30e1\u30fc\u30ab\u30fc\u653f\u6cbb\/\">\u30d6\u30c3\u30af\u30e1\u30fc\u30ab\u30fc\u3068\u653f\u6cbb: \u30d5\u30e9\u30f3\u30b9\u9078\u6319\u3078\u306e\u8ced\u3051<\/a><\/li>\n<li class=\"page_item page-item-250\"><a href=\"https:\/\/parier-presidentielle.com\/ja\/bwin-\u653f\u6cbb-\u9078\u6319-2022\/\">Bwin: 2022 \u5e74\u306e\u5927\u7d71\u9818\u9078\u6319\u306b\u8ced\u3051\u308b\u30d6\u30c3\u30af\u30e1\u30fc\u30ab\u30fc<\/a><\/li>\n<li class=\"page_item page-item-557\"><a href=\"https:\/\/parier-presidentielle.com\/ja\/bwin-\u30d1\u30ea\u30fb\u30aa\u30f3\u30fb\u30dd\u30ea\u30c6\u30a3\u30af\u30b9\/\">\u30d6\u30a6\u30a3\u30f3: \u653f\u6cbb\u306b\u8ced\u3051\u308b<\/a><\/li>\n<li class=\"page_item page-item-68\"><a href=\"https:\/\/parier-presidentielle.com\/ja\/\u30a8\u30de\u30cb\u30e5\u30a8\u30eb\u30fb\u30de\u30af\u30ed\u30f3\u30fb\u30de\u30ea\u30f3\u30fb\u30eb\u30fb\u30da\u30f3\u30fb\u30a8\/\">2022 \u5e74\u5927\u7d71\u9818\u9078\u6319: \u4e16\u8ad6\u8abf\u67fb\u306b\u3088\u308b\u3068\u3001\u30a8\u30de\u30cb\u30e5\u30a8\u30eb\u30fb\u30de\u30af\u30ed\u30f3\u6c0f\u3068\u30de\u30ea\u30fc\u30cc\u30fb\u30eb\u30da\u30f3\u6c0f\u304c\u7b2c 2 \u56de\u6295\u7968\u306b\u9032\u51fa<\/a><\/li>\n<li class=\"page_item page-item-1946\"><a href=\"https:\/\/parier-presidentielle.com\/ja\/\u30b8\u30e7\u30fc\u30fb\u30d0\u30a4\u30c7\u30f3\u30fb\u5927\u9ebb\u30fbhhc\/\">\u30b8\u30e7\u30fc\u30fb\u30d0\u30a4\u30c7\u30f3\u3068\u5927\u9ebb\u5e02\u5834\u3001HHC<\/a><\/li>\n<li class=\"page_item page-item-1956\"><a href=\"https:\/\/parier-presidentielle.com\/ja\/\u5927\u9ebb\u3068hhc\u5e02\u5834\u306e\u30c9\u30ca\u30eb\u30c9\u30fb\u30c8\u30e9\u30f3\u30d7\/\">\u30c9\u30ca\u30eb\u30c9\u30fb\u30c8\u30e9\u30f3\u30d7\u304c\u5927\u9ebb\u3068HHC\u5e02\u5834\u306b\u4e0e\u3048\u308b\u5f71\u97ff<\/a><\/li>\n<li class=\"page_item page-item-951\"><a href=\"https:\/\/parier-presidentielle.com\/ja\/\u30d6\u30c3\u30af\u30e1\u30fc\u30ab\u30fc\u8abf\u67fb-\u5927\u7d71\u9818\u9078\u6319\/\">\u30d6\u30c3\u30af\u30e1\u30fc\u30ab\u30fc\uff1a\u5927\u7d71\u9818\u9078\u6319\u306e\u4e16\u8ad6\u8abf\u67fb\u3088\u308a\u3082\u4fe1\u983c\u3067\u304d\u308b<\/a><\/li>\n<li class=\"page_item page-item-54\"><a href=\"https:\/\/parier-presidentielle.com\/ja\/\u30d6\u30c3\u30af\u30e1\u30fc\u30ab\u30fc\u306e\u9078\u6319\/\">\u30d6\u30c3\u30af\u30e1\u30fc\u30ab\u30fc\u3068\u5927\u7d71\u9818\u9078\u6319<\/a><\/li>\n<li class=\"page_item page-item-208\"><a href=\"https:\/\/parier-presidentielle.com\/ja\/\u30d6\u30c3\u30af\u30e1\u30fc\u30ab\u30fc\u30fb\u30de\u30af\u30ed\u30f3\u30fb\u30eb\u30da\u30f3\/\">\u30d6\u30c3\u30af\u30e1\u30fc\u30ab\u30fc\u306e\u30aa\u30c3\u30ba: Unibet\u3001Bwin\u3001Betclic \u304c\u7b2c 2 \u30e9\u30a6\u30f3\u30c9\u3067\u30de\u30af\u30ed\u30f3\u6c0f \u2013 \u30eb\u30da\u30f3\u6c0f\u306b\u8ced\u3051\u308b<\/a><\/li>\n<li class=\"page_item page-item-1671\"><a href=\"https:\/\/parier-presidentielle.com\/ja\/\u30aa\u30c3\u30ba\u30d6\u30c3\u30af\u30e1\u30fc\u30ab\u30fc-\u7b2c2\u30e9\u30a6\u30f3\u30c9-\u30d6\u30e9\u30b8\u30eb\u9078\u6319\/\">\u30d6\u30e9\u30b8\u30eb\u9078\u6319\u7b2c2\u56de\u6295\u7968\u3001\u30eb\u30e9\u6c0f\u3068\u30dc\u30eb\u30bd\u30ca\u30ed\u6c0f\u306e\u9593\u306e\u30d6\u30c3\u30af\u30e1\u30fc\u30ab\u30fc\u306e\u30aa\u30c3\u30ba<\/a><\/li>\n<li class=\"page_item page-item-30\"><a href=\"https:\/\/parier-presidentielle.com\/ja\/\u30de\u30af\u30ed\u30f3\u30fb\u30eb\u30fb\u30da\u30f3\u30fb\u30d6\u30c3\u30af\u30e1\u30fc\u30ab\u30fc\/\">\u30de\u30af\u30ed\u30f3\u5bfe\u30eb\u30da\u30f3\uff1a\u30d6\u30c3\u30af\u30e1\u30fc\u30ab\u30fc\u304c\u5927\u7d71\u9818\u9078\u6319\u7b2c2\u56de\u6295\u7968\u306e\u30aa\u30c3\u30ba\u3092\u767a\u8868<\/a><\/li>\n<li class=\"page_item page-item-255\"><a href=\"https:\/\/parier-presidentielle.com\/ja\/netbet-\u30d1\u30ea-\u653f\u6cbb-\u9078\u6319-2022\/\">NetBet: \u653f\u6cbb\u3068 2022 \u5e74\u306e\u5927\u7d71\u9818\u9078\u6319\u3078\u306e\u8ced\u3051<\/a><\/li>\n<li class=\"page_item page-item-1738\"><a href=\"https:\/\/parier-presidentielle.com\/ja\/unibet-\u30d9\u30c3\u30c8-\u30ef\u30fc\u30eb\u30c9\u30ab\u30c3\u30d7-2022\/\">Unibet \u3067 2022 \u5e74\u30ef\u30fc\u30eb\u30c9\u30ab\u30c3\u30d7\u306b\u8ced\u3051\u307e\u3057\u3087\u3046<\/a><\/li>\n<li class=\"page_item page-item-31\"><a href=\"https:\/\/parier-presidentielle.com\/ja\/\u30de\u30af\u30ed\u30f3\u9078\u6319\/\">\u30a8\u30de\u30cb\u30e5\u30a8\u30eb\u30fb\u30de\u30af\u30ed\u30f3\u6c0f\u306e\u5f53\u9078\u306b\u8ced\u3051\u308b<\/a><\/li>\n<li class=\"page_item page-item-38\"><a href=\"https:\/\/parier-presidentielle.com\/ja\/\u30bc\u30e0\u30fc\u30eb\u9078\u6319\/\">\u30a8\u30ea\u30c3\u30af\u30fb\u30bc\u30e0\u30fc\u30eb\u306e\u5f53\u9078\u306b\u8ced\u3051\u308b<\/a><\/li>\n<li class=\"page_item page-item-41\"><a href=\"https:\/\/parier-presidentielle.com\/ja\/\u30de\u30ea\u30fc\u30cc\u30fb\u30eb\u30fb\u30da\u30f3\u9078\u6319\/\">\u30de\u30ea\u30fc\u30cc\u30fb\u30eb\u30da\u30f3\u6c0f\u306e\u5f53\u9078\u306b\u8ced\u3051\u308b<\/a><\/li>\n<li class=\"page_item page-item-281\"><a href=\"https:\/\/parier-presidentielle.com\/ja\/\u30a2\u30f3\u30cc\u30fb\u30d2\u30c0\u30eb\u30b4\u9078\u6319-2022\/\">2022 \u5e74\u306e\u30a2\u30f3\u30fb\u30a4\u30c0\u30eb\u30b4\u9078\u6319\u306b\u8ced\u3051\u308b<\/a><\/li>\n<li class=\"page_item page-item-157\"><a href=\"https:\/\/parier-presidentielle.com\/ja\/\u30a2\u30bb\u30ea\u30ce\u30fc\u9078\u6319\/\">\u30d5\u30e9\u30f3\u30bd\u30ef\u30fb\u30a2\u30bb\u30ea\u30ce\u30fc\u306e\u5f53\u9078\u306b\u8ced\u3051\u308b<\/a><\/li>\n<li class=\"page_item page-item-212\"><a href=\"https:\/\/parier-presidentielle.com\/ja\/\u30e1\u30e9\u30f3\u30b7\u30e7\u30f3\u9078\u6319\/\">\u30b8\u30e3\u30f3\uff1d\u30ea\u30e5\u30c3\u30af\u30fb\u30e1\u30e9\u30f3\u30b7\u30e7\u30f3\u6c0f\u306e\u5f53\u9078\u306b\u8ced\u3051\u308b<\/a><\/li>\n<li class=\"page_item page-item-422\"><a href=\"https:\/\/parier-presidentielle.com\/ja\/\u30f4\u30a1\u30ec\u30ea\u30fc\u30fb\u30da\u30af\u30ec\u30b9\u30fb\u9078\u6319\/\">\u30f4\u30a1\u30ec\u30ea\u30fc\u30fb\u30da\u30af\u30ec\u30b9\u306e\u5f53\u9078\u306b\u8ced\u3051\u308b<\/a><\/li>\n<li class=\"page_item page-item-24\"><a href=\"https:\/\/parier-presidentielle.com\/ja\/\">\u6700\u9ad8\u306e\u30d6\u30c3\u30af\u30e1\u30fc\u30ab\u30fc\u3067\u653f\u6cbb\u3068\u9078\u6319\u306b\u8ced\u3051\u307e\u3057\u3087\u3046: Unibet\u3001Bwin<\/a><\/li>\n<li class=\"page_item page-item-576\"><a href=\"https:\/\/parier-presidentielle.com\/ja\/\u30d1\u30ea\u6700\u9ad8\u88c1\u5224\u6240\u5019\u88dc\u8005\u7c73\u56fd\/\">\u30a2\u30e1\u30ea\u30ab\u5408\u8846\u56fd\u6700\u9ad8\u88c1\u5224\u4e8b\u5019\u88dc\u8005\u3078\u306e\u8ced\u3051<\/a><\/li>\n<li class=\"page_item page-item-898\"><a href=\"https:\/\/parier-presidentielle.com\/ja\/\u30d7\u30e9\u30f3\/\">Parier-Presidentielle.com \u306e\u30b5\u30a4\u30c8\u30de\u30c3\u30d7<\/a><\/li>\n<li class=\"page_item page-item-2\"><a href=\"https:\/\/parier-presidentielle.com\/ja\/unibet-\u653f\u6cbb-\u9078\u6319-2022\/\">Unibet: 2022 \u5e74\u5927\u7d71\u9818\u9078\u6319\u306e\u30aa\u30f3\u30e9\u30a4\u30f3\u8ced\u535a<\/a><\/li>\n<li class=\"page_item page-item-1962\"><a href=\"https:\/\/parier-presidentielle.com\/ja\/\u30a6\u30e9\u30b8\u30df\u30fc\u30eb\u30fb\u30d7\u30fc\u30c6\u30a3\u30f3\u3001\u5927\u9ebb\u5e02\u5834\u3068hhc\u306b\u3064\u3044\/\">\u30a6\u30e9\u30b8\u30fc\u30df\u30eb\u30fb\u30d7\u30fc\u30c1\u30f3\u5927\u7d71\u9818\u306f\u5927\u9ebb\u3068HHC\u5e02\u5834\u306b\u3064\u3044\u3066\u3069\u3046\u8003\u3048\u3066\u3044\u307e\u3059\u304b?<\/a><\/li>\n<li class=\"page_item page-item-1459\"><a href=\"https:\/\/parier-presidentielle.com\/ja\/william-hill-\u5927\u7d71\u9818\/\">\u30a6\u30a3\u30ea\u30a2\u30e0\u30d2\u30eb\uff1a2022\u5e74\u306e\u30d5\u30e9\u30f3\u30b9\u5927\u7d71\u9818\u9078\u6319\u306b\u8ced\u3051\u308b\u82f1\u56fd\u306e\u30d6\u30c3\u30af\u30e1\u30fc\u30ab\u30fc<\/a><\/li>\n<li class=\"page_item page-item-257\"><a href=\"https:\/\/parier-presidentielle.com\/ja\/winamax-\u653f\u6cbb-\u9078\u6319-2022\/\">Winamax: \u653f\u6cbb\u3068 2022 \u5e74\u306e\u5927\u7d71\u9818\u9078\u6319\u306b\u8ced\u3051\u308b<\/a><\/li>\n<\/ul>\n<h2 class=\"wsp-posts-title\"><span id=\"posts-by-category\">Posts by category<\/span><\/h2>\n<ul class=\"wsp-posts-list\">\n\t<li><strong class=\"wsp-category-title\">Category: <a href=\"https:\/\/parier-presidentielle.com\/ja\/category\/\u672a\u5206\u985e\/\">\u672a\u5206\u985e<\/a><\/strong>\n<ul class=\"wsp-posts-list\">\t\t<li class=\"wsp-post\"><a href=\"https:\/\/parier-presidentielle.com\/ja\/\u5927\u7d71\u9818\u9078\u6319-2022\u5e74-\u4e16\u754c\u4e2d\u306e\u8ced\u3051\u8005-\u7b2c2\u30e9\u30a6\u30f3\u30c9\/\">2022 \u5e74\u5927\u7d71\u9818\u9078\u6319: \u4e16\u754c\u4e2d\u306e\u6295\u7968\u8005\u304c\u7b2c 2 \u56de\u6295\u7968\u306b\u8ced\u3051\u3066\u3044\u307e\u3059!<\/a><\/li>\n\t\t<li class=\"wsp-post\"><a href=\"https:\/\/parier-presidentielle.com\/ja\/\u30d5\u30e9\u30f3\u30b9\u306e\u9078\u6319-\u5019\u88dc\u8005\u306f\u8ab0\u3067\u3059\u304b\/\">\u30d5\u30e9\u30f3\u30b9\u306e\u9078\u6319: \u5019\u88dc\u8005\u306f\u8ab0\u3067\u3059\u304b?<\/a><\/li>\n\t\t<li class=\"wsp-post\"><a href=\"https:\/\/parier-presidentielle.com\/ja\/\u30de\u30af\u30ed\u30f3\u30d6\u30c3\u30af\u30e1\u30fc\u30ab\u30fc\u306e\u8abf\u67fb\/\">\u30a6\u30af\u30e9\u30a4\u30ca\u6226\u4e89\u5f8c\u306e\u30d6\u30c3\u30af\u30e1\u30fc\u30ab\u30fc\u306e\u30de\u30af\u30ed\u30f3\u6c0f\u306e\u304a\u6c17\u306b\u5165\u308a<\/a><\/li>\n<\/ul><\/li>\n<\/ul>\n<h2 class=\"wsp-admin_menus-title\"><span id=\"admin-menus\">\u7ba1\u7406\u8005\u30e1\u30cb\u30e5\u30fc<\/span><\/h2>\n<ul class=\"wsp-admin_menus-list\">\n<li><a href=\"https:\/\/parier-presidentielle.com\/ja\/admin_menu\/mon-menu\/\">\u30de\u30a4\u30e1\u30cb\u30e5\u30fc<\/a><\/li>\n<\/ul>\n<h2 class=\"wsp-admin_toolbars-title\"><span id=\"admin-toolbars\">\u7ba1\u7406\u8005\u30c4\u30fc\u30eb\u30d0\u30fc<\/span><\/h2>\n<ul class=\"wsp-admin_toolbars-list\">\n<li><a href=\"https:\/\/parier-presidentielle.com\/ja\/admin_toolbar\/back-end\/\">\u30d0\u30c3\u30af\u30a8\u30f3\u30c9\u3068\u30d5\u30ed\u30f3\u30c8\u30a8\u30f3\u30c9<\/a><\/li>\n<\/ul>\n<h2 class=\"wsp-hide_plugins-title\"><span id=\"hide-plugins\">\u30d7\u30e9\u30b0\u30a4\u30f3\u3092\u96a0\u3059<\/span><\/h2>\n<ul class=\"wsp-hide_plugins-list\">\n<li><a href=\"https:\/\/parier-presidentielle.com\/ja\/hide_plugin\/hide-plugin\/\">\u30d7\u30e9\u30b0\u30a4\u30f3\u3092\u96a0\u3059<\/a><\/li>\n<\/ul>\n<\/div>\n\n\n\n<p><\/p>\n<div id=\"toc_container\" class=\"no_bullets\"><p class=\"toc_title\">\u30b3\u30f3\u30c6\u30f3\u30c4<\/p><ul class=\"toc_list\"><li><\/li><li><\/li><li><\/li><li><\/li><li><\/li><\/ul><\/div>","protected":false},"excerpt":{"rendered":"<p>Bienvenue sur plan du site! Retrouver l&#8217;int\u00e9gralit\u00e9 des liens ainsi pour vour le Paris sur la politique ainsi vous aurez toutes connaissance n\u00e9cessaire pour r\u00e9aliser parier pour la premiere fois. De meme que vous pourrez suivre toutes les cotes sur toutes les \u00e9lections : Francaises, Am\u00e9ricaines&#8230; Version Francaise de Parier-Presidentielle.com :Parier-Pr\u00e9sidentielle : guide pour parier sur l&#8217;\u00e9lection Am\u00e9ricaine 2024Version Anglaise de Parier-Presidentielle.com:2024 USA Presidential Election Betting Guide Version Espagnol de Parier-Presidentielle.com : Apuesta de Elecciones Presidenciales Francia Politica &nbsp;<\/p>","protected":false},"author":1,"featured_media":0,"parent":0,"menu_order":0,"comment_status":"closed","ping_status":"closed","template":"page-nosidebar.php","meta":{"footnotes":""},"yoast_head":"<!-- This site is optimized with the Yoast SEO Premium plugin v21.0 (Yoast SEO v21.0) - https:\/\/yoast.com\/wordpress\/plugins\/seo\/ -->\n<title>Plans du site de Parier-Presidentielle.com - Finale Coupe du Monde FIFA<\/title>\n<meta name=\"description\" content=\"Int\u00e9gralit\u00e9 et guide du site\" \/>\n<meta name=\"robots\" content=\"index, follow, max-snippet:-1, max-image-preview:large, max-video-preview:-1\" \/>\n<link rel=\"canonical\" href=\"https:\/\/parier-presidentielle.com\/ja\/\u30d7\u30e9\u30f3\/\" \/>\n<meta property=\"og:locale\" content=\"ja_JP\" \/>\n<meta property=\"og:type\" content=\"article\" \/>\n<meta property=\"og:title\" content=\"Plans du site de Parier-Presidentielle.com\" \/>\n<meta property=\"og:description\" content=\"Int\u00e9gralit\u00e9 et guide du site\" \/>\n<meta property=\"og:url\" content=\"https:\/\/parier-presidentielle.com\/ja\/\u30d7\u30e9\u30f3\/\" \/>\n<meta property=\"og:site_name\" content=\"Parier Pr\u00e9sidentielle\" \/>\n<meta property=\"article:modified_time\" content=\"2023-09-23T19:23:58+00:00\" \/>\n<meta name=\"twitter:card\" content=\"summary_large_image\" \/>\n<meta name=\"twitter:label1\" content=\"Est. reading time\" \/>\n\t<meta name=\"twitter:data1\" content=\"1\u5206\" \/>\n<script type=\"application\/ld+json\" class=\"yoast-schema-graph\">{\"@context\":\"https:\/\/schema.org\",\"@graph\":[{\"@type\":\"WebPage\",\"@id\":\"https:\/\/parier-presidentielle.com\/plan\/\",\"url\":\"https:\/\/parier-presidentielle.com\/plan\/\",\"name\":\"Plans du site de Parier-Presidentielle.com - Finale Coupe du Monde FIFA\",\"isPartOf\":{\"@id\":\"https:\/\/parier-presidentielle.com\/#website\"},\"datePublished\":\"2022-03-07T12:10:43+00:00\",\"dateModified\":\"2023-09-23T19:23:58+00:00\",\"description\":\"Int\u00e9gralit\u00e9 et guide du site\",\"breadcrumb\":{\"@id\":\"https:\/\/parier-presidentielle.com\/plan\/#breadcrumb\"},\"inLanguage\":\"ja\",\"potentialAction\":[{\"@type\":\"ReadAction\",\"target\":[\"https:\/\/parier-presidentielle.com\/plan\/\"]}]},{\"@type\":\"BreadcrumbList\",\"@id\":\"https:\/\/parier-presidentielle.com\/plan\/#breadcrumb\",\"itemListElement\":[{\"@type\":\"ListItem\",\"position\":1,\"name\":\"Accueil\",\"item\":\"https:\/\/parier-presidentielle.com\/\"},{\"@type\":\"ListItem\",\"position\":2,\"name\":\"Plans du site de Parier-Presidentielle.com\"}]},{\"@type\":\"WebSite\",\"@id\":\"https:\/\/parier-presidentielle.com\/#website\",\"url\":\"https:\/\/parier-presidentielle.com\/\",\"name\":\"Parier Pr\u00e9sidentielle\",\"description\":\"Paris, Pronostics, Wiki sur la Politique, les Elections Am\u00e9ricaines: Joe Biden, Donald Trump avec les Bookmakers en ligne Unibet, Bwin, Betclic, Winamax\",\"potentialAction\":[{\"@type\":\"SearchAction\",\"target\":{\"@type\":\"EntryPoint\",\"urlTemplate\":\"https:\/\/parier-presidentielle.com\/?s={search_term_string}\"},\"query-input\":\"required name=search_term_string\"}],\"inLanguage\":\"ja\"}]}<\/script>\n<!-- \/ Yoast SEO Premium plugin. -->","yoast_head_json":{"title":"Plans du site de Parier-Presidentielle.com - Finale Coupe du Monde FIFA","description":"Int\u00e9gralit\u00e9 et guide du site","robots":{"index":"index","follow":"follow","max-snippet":"max-snippet:-1","max-image-preview":"max-image-preview:large","max-video-preview":"max-video-preview:-1"},"canonical":"https:\/\/parier-presidentielle.com\/ja\/\u30d7\u30e9\u30f3\/","og_locale":"ja_JP","og_type":"article","og_title":"Plans du site de Parier-Presidentielle.com","og_description":"Int\u00e9gralit\u00e9 et guide du site","og_url":"https:\/\/parier-presidentielle.com\/ja\/\u30d7\u30e9\u30f3\/","og_site_name":"Parier Pr\u00e9sidentielle","article_modified_time":"2023-09-23T19:23:58+00:00","twitter_card":"summary_large_image","twitter_misc":{"Est. reading time":"1\u5206"},"schema":{"@context":"https:\/\/schema.org","@graph":[{"@type":"WebPage","@id":"https:\/\/parier-presidentielle.com\/plan\/","url":"https:\/\/parier-presidentielle.com\/plan\/","name":"Plans du site de Parier-Presidentielle.com - Finale Coupe du Monde FIFA","isPartOf":{"@id":"https:\/\/parier-presidentielle.com\/#website"},"datePublished":"2022-03-07T12:10:43+00:00","dateModified":"2023-09-23T19:23:58+00:00","description":"Int\u00e9gralit\u00e9 et guide du site","breadcrumb":{"@id":"https:\/\/parier-presidentielle.com\/plan\/#breadcrumb"},"inLanguage":"ja","potentialAction":[{"@type":"ReadAction","target":["https:\/\/parier-presidentielle.com\/plan\/"]}]},{"@type":"BreadcrumbList","@id":"https:\/\/parier-presidentielle.com\/plan\/#breadcrumb","itemListElement":[{"@type":"ListItem","position":1,"name":"Accueil","item":"https:\/\/parier-presidentielle.com\/"},{"@type":"ListItem","position":2,"name":"Plans du site de Parier-Presidentielle.com"}]},{"@type":"WebSite","@id":"https:\/\/parier-presidentielle.com\/#website","url":"https:\/\/parier-presidentielle.com\/","name":"Parier Pr\u00e9sidentielle","description":"Paris, Pronostics, Wiki sur la Politique, les Elections Am\u00e9ricaines: Joe Biden, Donald Trump avec les Bookmakers en ligne Unibet, Bwin, Betclic, Winamax","potentialAction":[{"@type":"SearchAction","target":{"@type":"EntryPoint","urlTemplate":"https:\/\/parier-presidentielle.com\/?s={search_term_string}"},"query-input":"required name=search_term_string"}],"inLanguage":"ja"}]}},"_links":{"self":[{"href":"https:\/\/parier-presidentielle.com\/ja\/wp-json\/wp\/v2\/pages\/898"}],"collection":[{"href":"https:\/\/parier-presidentielle.com\/ja\/wp-json\/wp\/v2\/pages"}],"about":[{"href":"https:\/\/parier-presidentielle.com\/ja\/wp-json\/wp\/v2\/types\/page"}],"author":[{"embeddable":true,"href":"https:\/\/parier-presidentielle.com\/ja\/wp-json\/wp\/v2\/users\/1"}],"replies":[{"embeddable":true,"href":"https:\/\/parier-presidentielle.com\/ja\/wp-json\/wp\/v2\/comments?post=898"}],"version-history":[{"count":12,"href":"https:\/\/parier-presidentielle.com\/ja\/wp-json\/wp\/v2\/pages\/898\/revisions"}],"predecessor-version":[{"id":2564,"href":"https:\/\/parier-presidentielle.com\/ja\/wp-json\/wp\/v2\/pages\/898\/revisions\/2564"}],"wp:attachment":[{"href":"https:\/\/parier-presidentielle.com\/ja\/wp-json\/wp\/v2\/media?parent=898"}],"curies":[{"name":"wp","href":"https:\/\/api.w.org\/{rel}","templated":true}]}}