{"id":121,"date":"2021-09-10T13:58:16","date_gmt":"2021-09-10T11:58:16","guid":{"rendered":"https:\/\/parier-presidentielle.com\/?page_id=121"},"modified":"2023-09-09T20:26:39","modified_gmt":"2023-09-09T18:26:39","slug":"asselineau-bookmaker-unibet-bwin","status":"publish","type":"page","link":"https:\/\/parier-presidentielle.com\/nl\/asselineau-bookmaker-unibet-bwin\/","title":{"rendered":"Asselineau en de presidentsverkiezingen volgens Les Bookmakers Bwin, Unibet"},"content":{"rendered":"<h2 class=\"wp-block-heading\" id=\"h-pour-les-parieurs-britanniques-le-candidat-socialiste-etait-deja-en-piteux-etat-a-dix-jours-du-premier-tour-de-la-presidentielle-et-ne-se-presentera-pas-au-terme-de-sa-peine-contrairement-a-francois-asselineau\"><span id=\"pour-les-parieurs-britanniques-le-candidat-socialiste-etait-deja-en-piteux-etat-a-dix-jours-du-premier-tour-de-la-presidentielle-et-ne-se-presentera-pas-au-terme-de-sa-peine-contrairement-a-francois-asselineau\">Voor Britse gokkers verkeerde de socialistische kandidaat tien dagen voor de eerste ronde van de presidentsverkiezingen al in slechte staat en zal hij, in tegenstelling tot Fran\u00e7ois Asselineau, aan het einde van zijn straf niet kandidaat zijn!<\/span><\/h2>\n\n\n\n<p><\/p>\n\n\n\n<p>Minder dan twee weken voor de eerste ronde van de presidentsverkiezingen zagen weinig waarnemers de socialistische kandidaat doorstromen naar de tweede ronde. De grootste aandeelhouder zakte naar de vijfde plaats. Hijzelf leek de hoop te hebben verloren en vermeldde zelfs op onze antenne het vooruitzicht op \u201ceen goede nachtrust\u201d bij mislukking op 23 april. \u201cBenoit Hamon lijkt zijn falen te hebben ge\u00efnternaliseerd\u201d, analyseerde journalist Alba Ventura. En de daling zou kunnen voortduren.<br><\/p>\n\n\n\n<figure class=\"wp-block-image wp-duotone-000097-ff4747-1\"><img decoding=\"async\" loading=\"lazy\" width=\"752\" height=\"423\" src=\"https:\/\/parier-presidentielle.com\/wp-content\/uploads\/2021\/09\/asselineau.jpg\" alt=\"\" class=\"wp-image-114\" srcset=\"https:\/\/parier-presidentielle.com\/wp-content\/uploads\/2021\/09\/asselineau.jpg 752w, https:\/\/parier-presidentielle.com\/wp-content\/uploads\/2021\/09\/asselineau-300x169.jpg 300w\" sizes=\"(max-width: 752px) 100vw, 752px\" \/><\/figure>\n\n\n\n<h2 class=\"wp-block-heading\" id=\"h-benoit-hamon-vit-une-veritable-chute-aux-enfers-dans-les-sondages-et-donc-egalement-dans-ses-cotes-selon-les-sites-de-paris-en-ligne-bwin-unibet-netbet-betclic-winamax\"><span id=\"benoit-hamon-vit-une-veritable-chute-aux-enfers-dans-les-sondages-et-donc-egalement-dans-ses-cotes-selon-les-sites-de-paris-en-ligne-bwin-unibet-netbet-betclic-winamax\">Beno\u00eet Hamon beleeft een echte val in de hel in de peilingen en dus ook in zijn odds volgens de online goksites Bwin, Unibet, Netbet, Betclic, Winamax.<\/span><\/h2>\n\n\n\n<p><br>Volgens het Britse gamingbedrijf zou de voormalige minister van Onderwijs door Fran\u00e7ois Asselineau van de vierde plaats kunnen worden verdreven. De voorzitter van de Popular Resistance League degradeerde de socialist naar de zesde plaats met een score van 100\/1, naar 200\/1, op gelijke hoogte met Nicolas Dupont-Aignan. In een interview met Lib\u00e9ration probeerde Graham Sharpe, woordvoerder van William Hill (gelijk aan de bookmakers Bwin, Unibet, Netbet, Betclic, Winamax), een van de grootste gamingbedrijven in het Kanaal, dit fenomeen te verklaren door het feit dat Fran\u00e7ois Asselineau hanteerde een anti-Europese, anti-euro- en anti-NAVO-aanpak, zoals veel voorstanders van de Brexit. Een machtige gokker, vonden de onderdanen van Zijne Majesteit <a href=\"https:\/\/parier-presidentielle.com\/nl\/macron-verkiezing\/\">Emmanuel Macron<\/a> als grote winnaar van de koninginverkiezing van 08\/11. &quot;Werken! &quot;Leider! Net achter staat <a href=\"https:\/\/parier-presidentielle.com\/nl\/marine-le-pen-verkiezing\/\">Marine Le Pen <\/a>(11\/4). Fran\u00e7ois Fillon komt op 9\/2 op het podium, voor Jean-Luc M\u00e9lanchon (8\/1). Deze voorspellingen moeten echter gereserveerd worden. Deze voorspellingen moeten echter met een korreltje zout genomen worden. Op 22 juni 2016, aan de vooravond van het Britse referendum over het verlaten van de Europese Unie, hadden bookmakers gewed op...<br><br><\/p>\n\n\n\n<p class=\"has-text-align-center unibet\" style=\"font-size:25px\"><mark style=\"background-color:rgba(0, 0, 0, 0);color:#0d7a12\" class=\"has-inline-color\"><strong><a href=\"https:\/\/parier-presidentielle.com\/nl\/recommends\/unibet\/\">150\u20ac Bonus aangeboden bij Unibet<br>Voor uw eerste politieke of sportweddenschap: Klik hier<\/a><\/strong><\/mark><\/p>\n\n\n\n<p><\/p>\n\n\n<div class=\"wp-block-image\">\n<figure class=\"aligncenter is-resized wp-duotone-000097-ff4747-2\"><img decoding=\"async\" loading=\"lazy\" src=\"https:\/\/parier-presidentielle.com\/wp-content\/uploads\/2021\/09\/election-standard-scale-4_00x-gigapixel-1024x623.jpg\" alt=\"Verkiezing 2022\" style=\"width:256px;height:156px\" width=\"256\" height=\"156\"\/><\/figure><\/div>\n\n\n<p><br><\/p>\n\n\n\n<p><strong>Parier-presidential helpt u bij het maken van uw keuze tussen de verschillende<a href=\"https:\/\/parier-presidentielle.com\/nl\/\"> Bookmakers Bwin, Unibet en Betclic gaan wedden op de toekomstige Amerikaanse president in 2024<\/a> : <\/strong><br><a href=\"https:\/\/parier-presidentielle.com\/nl\/unibet-politiek-verkiezing-2022\/\">Presidenti\u00eble bookmaker van Unibet<\/a> : Gedetailleerde en gratis gids voor het plaatsen van uw eerste online weddenschap met alle kansen en hoe u kunt profiteren van de aangeboden bonus!<\/p>\n\n\n\n<p>Evenals andere online sites in Parijs: <a href=\"https:\/\/parier-presidentielle.com\/nl\/unibet-politiek-verkiezing-2022\/\">Bwin<\/a>, <a href=\"https:\/\/parier-presidentielle.com\/nl\/netbet-paris-politiek-verkiezing-2022\/\">NetBet<\/a>, <a href=\"https:\/\/parier-presidentielle.com\/nl\/betclic-presidentieel-2022\/\">Betclic<\/a>, <a href=\"https:\/\/parier-presidentielle.com\/nl\/winamax-politiek-verkiezing-2022\/\">Winamax<\/a>, Parions Sport, Zebet,Betway, France-Pari,Vbet, Cloudbet, 1Xbit, 1xbet, Betfair, Betwinner \u2026<\/p>\n\n\n\n<div class=\"wp-block-columns is-layout-flex wp-container-7 wp-block-columns-is-layout-flex\">\n<div class=\"wp-block-column is-layout-flow wp-block-column-is-layout-flow\" style=\"flex-basis:33.33%\">\n<p>Je hebt zojuist ons bestand gelezen:<\/p>\n<\/div>\n\n\n\n<div class=\"wp-block-column is-layout-flow wp-block-column-is-layout-flow\" style=\"flex-basis:33.33%\">\n<div class=\"wp-block-group is-layout-flow wp-block-group-is-layout-flow\"><div class=\"wp-block-group__inner-container\"><h4 class=\"has-text-align-center wp-block-post-title\"><span id=\"asselineau-et-l8217election-presidentielle-selon-les-bookmakers-bwin-unibet\"><a href=\"https:\/\/parier-presidentielle.com\/nl\/asselineau-bookmaker-unibet-bwin\/\" target=\"_self\" >Asselineau en de presidentsverkiezingen volgens Les Bookmakers Bwin, Unibet<\/a><\/span><\/h4><\/div><\/div>\n<\/div>\n\n\n\n<div class=\"wp-block-column is-layout-flow wp-block-column-is-layout-flow\" style=\"flex-basis:33.33%\">\n<p class=\"has-text-align-right\">Lees verder met onze andere exclusieve bestanden,<\/p>\n<\/div>\n<\/div>\n\n\n\n<h3 class=\"wp-block-heading\" id=\"tous-les-pronostics-sondage-et-cotes-pour-parier-sur-le-futur-vainqueur-de-l-election-presidentielle-2022\"><span id=\"tous-les-pronostics-sondage-et-cotes-pour-parier-sur-le-futur-vainqueur-de-l8217election-presidentielle-2024\">Alle voorspellingen, enqu\u00eates en kansen om te wedden op de toekomstige winnaar van de presidentsverkiezingen van 2024:<\/span><\/h3>\n\n\n\n<ul>\n<li><a href=\"https:\/\/parier-presidentielle.com\/nl\/macron-verkiezing\/\">Wed op Emmanuel Macron met Unibet, Betclic, Bwin<\/a> : De favoriet in peilingen en voorspellingen <\/li>\n\n\n\n<li><a href=\"https:\/\/parier-presidentielle.com\/nl\/marine-le-pen-verkiezing\/\">Marine Le Pen: Haar kansen en hoe te wedden bij de Bookmakers<\/a>: De uitdager volgens Unibet<\/li>\n<\/ul>\n\n\n\n<p><\/p>\n\n\n\n<center><script type=\"text\/javascript\" charset=\"utf-8\" src=\"https:\/\/www.gambling-affiliation.com\/cpm\/v=AmIMTDSs92QY6b0MzDMvM5laCjJ-ZlA-1oQ-7tKsi.w_GA7331V2\"><\/script><\/center>\n\n\n\n<h3 class=\"wp-block-heading\"><span id=\"donald-trump-vs-joe-biden-la-video-qui-lance-les-paris-en-ligne-sur-l8217election-politique-de-2024\">Donald Trump versus Joe Biden: de video die online weddenschappen op de politieke verkiezingen van 2024 lanceert<\/span><\/h3>\n\n\n\n<figure class=\"wp-block-embed is-type-video is-provider-youtube wp-block-embed-youtube wp-embed-aspect-16-9 wp-has-aspect-ratio\"><div class=\"wp-block-embed__wrapper\">\n<iframe loading=\"lazy\" title=\"Voormalig president Donald Trump lanceert 2024 Witte Huis-bod #Short\" width=\"640\" height=\"360\" src=\"https:\/\/www.youtube.com\/embed\/hZykPRVe4Ag?feature=oembed\" frameborder=\"0\" allow=\"accelerometer; autoplay; clipboard-write; encrypted-media; gyroscope; picture-in-picture; web-share\" allowfullscreen><\/iframe>\n<\/div><\/figure>\n\n\n<div class=\"wp-block-image\">\n<figure class=\"aligncenter size-medium\"><a href=\"https:\/\/parier-presidentielle.com\/nl\/recommends\/unibet\/\" target=\"_blank\" rel=\"noopener\"><img decoding=\"async\" loading=\"lazy\" width=\"300\" height=\"169\" src=\"https:\/\/parier-presidentielle.com\/wp-content\/uploads\/2022\/04\/unibet-300x169.jpg\" alt=\"\" class=\"wp-image-1252\" srcset=\"https:\/\/parier-presidentielle.com\/wp-content\/uploads\/2022\/04\/unibet-300x169.jpg 300w, https:\/\/parier-presidentielle.com\/wp-content\/uploads\/2022\/04\/unibet-1024x576.jpg 1024w, https:\/\/parier-presidentielle.com\/wp-content\/uploads\/2022\/04\/unibet-768x432.jpg 768w, https:\/\/parier-presidentielle.com\/wp-content\/uploads\/2022\/04\/unibet-18x10.jpg 18w, https:\/\/parier-presidentielle.com\/wp-content\/uploads\/2022\/04\/unibet.jpg 1280w\" sizes=\"(max-width: 300px) 100vw, 300px\" \/><\/a><\/figure><\/div>\n\n\n<p>Vind de Wiki, het essenti\u00eble politieke nieuws over cannabis en zijn legale afgeleiden: <strong>HHC, H4cbd, Thcp, Thcv, HSD, HHCPO, C4B<\/strong><\/p>\n<div id=\"toc_container\" class=\"no_bullets\"><p class=\"toc_title\">Inhoud<\/p><ul class=\"toc_list\"><li><\/li><li><ul><li><ul><li><\/li><\/ul><\/li><li><\/li><li><\/li><\/ul><\/li><\/ul><\/div>","protected":false},"excerpt":{"rendered":"<p>Pour les parieurs britanniques, le candidat socialiste \u00e9tait d\u00e9j\u00e0 en piteux \u00e9tat \u00e0 dix jours du premier tour de la pr\u00e9sidentielle et ne se pr\u00e9sentera pas au terme de sa peine contrairement \u00e0 Fran\u00e7ois Asselineau! A moins de deux semaines du premier tour de l&#8217;\u00e9lection pr\u00e9sidentielle, peu d&#8217;observateurs ont vu le candidat socialiste passer au &#8230;<\/p>","protected":false},"author":1,"featured_media":0,"parent":0,"menu_order":0,"comment_status":"closed","ping_status":"closed","template":"page-nosidebar.php","meta":{"footnotes":""},"yoast_head":"<!-- This site is optimized with the Yoast SEO Premium plugin v21.0 (Yoast SEO v21.0) - https:\/\/yoast.com\/wordpress\/plugins\/seo\/ -->\n<title>Asselineau et l&#039;Election Pr\u00e9sidentielle selon Les Bookmakers Bwin, Unibet - Finale Coupe du Monde FIFA<\/title>\n<meta name=\"description\" content=\"Quellles sont les Cote d&#039;Asselineau selon les sites de paris Bwin, Unibet?\" \/>\n<meta name=\"robots\" content=\"index, follow, max-snippet:-1, max-image-preview:large, max-video-preview:-1\" \/>\n<link rel=\"canonical\" href=\"https:\/\/parier-presidentielle.com\/nl\/asselineau-bookmaker-unibet-bwin\/\" \/>\n<meta property=\"og:locale\" content=\"nl_NL\" \/>\n<meta property=\"og:type\" content=\"article\" \/>\n<meta property=\"og:title\" content=\"Asselineau et l&#039;Election Pr\u00e9sidentielle selon Les Bookmakers Bwin, Unibet\" \/>\n<meta property=\"og:description\" content=\"Quellles sont les Cote d&#039;Asselineau selon les sites de paris Bwin, Unibet?\" \/>\n<meta property=\"og:url\" content=\"https:\/\/parier-presidentielle.com\/nl\/asselineau-bookmaker-unibet-bwin\/\" \/>\n<meta property=\"og:site_name\" content=\"Parier Pr\u00e9sidentielle\" \/>\n<meta property=\"article:modified_time\" content=\"2023-09-09T18:26:39+00:00\" \/>\n<meta property=\"og:image\" content=\"https:\/\/parier-presidentielle.com\/wp-content\/uploads\/2021\/09\/asselineau.jpg\" \/>\n<meta name=\"twitter:card\" content=\"summary_large_image\" \/>\n<meta name=\"twitter:label1\" content=\"Est. reading time\" \/>\n\t<meta name=\"twitter:data1\" content=\"2 minuten\" \/>\n<script type=\"application\/ld+json\" class=\"yoast-schema-graph\">{\"@context\":\"https:\/\/schema.org\",\"@graph\":[{\"@type\":\"WebPage\",\"@id\":\"https:\/\/parier-presidentielle.com\/asselineau-bookmaker-unibet-bwin\/\",\"url\":\"https:\/\/parier-presidentielle.com\/asselineau-bookmaker-unibet-bwin\/\",\"name\":\"Asselineau et l'Election Pr\u00e9sidentielle selon Les Bookmakers Bwin, Unibet - Finale Coupe du Monde FIFA\",\"isPartOf\":{\"@id\":\"https:\/\/parier-presidentielle.com\/#website\"},\"datePublished\":\"2021-09-10T11:58:16+00:00\",\"dateModified\":\"2023-09-09T18:26:39+00:00\",\"description\":\"Quellles sont les Cote d'Asselineau selon les sites de paris Bwin, Unibet?\",\"breadcrumb\":{\"@id\":\"https:\/\/parier-presidentielle.com\/asselineau-bookmaker-unibet-bwin\/#breadcrumb\"},\"inLanguage\":\"nl-NL\",\"potentialAction\":[{\"@type\":\"ReadAction\",\"target\":[\"https:\/\/parier-presidentielle.com\/asselineau-bookmaker-unibet-bwin\/\"]}]},{\"@type\":\"BreadcrumbList\",\"@id\":\"https:\/\/parier-presidentielle.com\/asselineau-bookmaker-unibet-bwin\/#breadcrumb\",\"itemListElement\":[{\"@type\":\"ListItem\",\"position\":1,\"name\":\"Accueil\",\"item\":\"https:\/\/parier-presidentielle.com\/\"},{\"@type\":\"ListItem\",\"position\":2,\"name\":\"Asselineau et l&#8217;Election Pr\u00e9sidentielle selon Les Bookmakers Bwin, Unibet\"}]},{\"@type\":\"WebSite\",\"@id\":\"https:\/\/parier-presidentielle.com\/#website\",\"url\":\"https:\/\/parier-presidentielle.com\/\",\"name\":\"Parier Pr\u00e9sidentielle\",\"description\":\"Paris, Pronostics, Wiki sur la Politique, les Elections Am\u00e9ricaines: Joe Biden, Donald Trump avec les Bookmakers en ligne Unibet, Bwin, Betclic, Winamax\",\"potentialAction\":[{\"@type\":\"SearchAction\",\"target\":{\"@type\":\"EntryPoint\",\"urlTemplate\":\"https:\/\/parier-presidentielle.com\/?s={search_term_string}\"},\"query-input\":\"required name=search_term_string\"}],\"inLanguage\":\"nl-NL\"}]}<\/script>\n<!-- \/ Yoast SEO Premium plugin. -->","yoast_head_json":{"title":"Asselineau et l'Election Pr\u00e9sidentielle selon Les Bookmakers Bwin, Unibet - Finale Coupe du Monde FIFA","description":"Quellles sont les Cote d'Asselineau selon les sites de paris Bwin, Unibet?","robots":{"index":"index","follow":"follow","max-snippet":"max-snippet:-1","max-image-preview":"max-image-preview:large","max-video-preview":"max-video-preview:-1"},"canonical":"https:\/\/parier-presidentielle.com\/nl\/asselineau-bookmaker-unibet-bwin\/","og_locale":"nl_NL","og_type":"article","og_title":"Asselineau et l'Election Pr\u00e9sidentielle selon Les Bookmakers Bwin, Unibet","og_description":"Quellles sont les Cote d'Asselineau selon les sites de paris Bwin, Unibet?","og_url":"https:\/\/parier-presidentielle.com\/nl\/asselineau-bookmaker-unibet-bwin\/","og_site_name":"Parier Pr\u00e9sidentielle","article_modified_time":"2023-09-09T18:26:39+00:00","og_image":[{"url":"https:\/\/parier-presidentielle.com\/wp-content\/uploads\/2021\/09\/asselineau.jpg"}],"twitter_card":"summary_large_image","twitter_misc":{"Est. reading time":"2 minuten"},"schema":{"@context":"https:\/\/schema.org","@graph":[{"@type":"WebPage","@id":"https:\/\/parier-presidentielle.com\/asselineau-bookmaker-unibet-bwin\/","url":"https:\/\/parier-presidentielle.com\/asselineau-bookmaker-unibet-bwin\/","name":"Asselineau et l'Election Pr\u00e9sidentielle selon Les Bookmakers Bwin, Unibet - Finale Coupe du Monde FIFA","isPartOf":{"@id":"https:\/\/parier-presidentielle.com\/#website"},"datePublished":"2021-09-10T11:58:16+00:00","dateModified":"2023-09-09T18:26:39+00:00","description":"Quellles sont les Cote d'Asselineau selon les sites de paris Bwin, Unibet?","breadcrumb":{"@id":"https:\/\/parier-presidentielle.com\/asselineau-bookmaker-unibet-bwin\/#breadcrumb"},"inLanguage":"nl-NL","potentialAction":[{"@type":"ReadAction","target":["https:\/\/parier-presidentielle.com\/asselineau-bookmaker-unibet-bwin\/"]}]},{"@type":"BreadcrumbList","@id":"https:\/\/parier-presidentielle.com\/asselineau-bookmaker-unibet-bwin\/#breadcrumb","itemListElement":[{"@type":"ListItem","position":1,"name":"Accueil","item":"https:\/\/parier-presidentielle.com\/"},{"@type":"ListItem","position":2,"name":"Asselineau et l&#8217;Election Pr\u00e9sidentielle selon Les Bookmakers Bwin, Unibet"}]},{"@type":"WebSite","@id":"https:\/\/parier-presidentielle.com\/#website","url":"https:\/\/parier-presidentielle.com\/","name":"Parier Pr\u00e9sidentielle","description":"Paris, Pronostics, Wiki sur la Politique, les Elections Am\u00e9ricaines: Joe Biden, Donald Trump avec les Bookmakers en ligne Unibet, Bwin, Betclic, Winamax","potentialAction":[{"@type":"SearchAction","target":{"@type":"EntryPoint","urlTemplate":"https:\/\/parier-presidentielle.com\/?s={search_term_string}"},"query-input":"required name=search_term_string"}],"inLanguage":"nl-NL"}]}},"_links":{"self":[{"href":"https:\/\/parier-presidentielle.com\/nl\/wp-json\/wp\/v2\/pages\/121"}],"collection":[{"href":"https:\/\/parier-presidentielle.com\/nl\/wp-json\/wp\/v2\/pages"}],"about":[{"href":"https:\/\/parier-presidentielle.com\/nl\/wp-json\/wp\/v2\/types\/page"}],"author":[{"embeddable":true,"href":"https:\/\/parier-presidentielle.com\/nl\/wp-json\/wp\/v2\/users\/1"}],"replies":[{"embeddable":true,"href":"https:\/\/parier-presidentielle.com\/nl\/wp-json\/wp\/v2\/comments?post=121"}],"version-history":[{"count":11,"href":"https:\/\/parier-presidentielle.com\/nl\/wp-json\/wp\/v2\/pages\/121\/revisions"}],"predecessor-version":[{"id":2334,"href":"https:\/\/parier-presidentielle.com\/nl\/wp-json\/wp\/v2\/pages\/121\/revisions\/2334"}],"wp:attachment":[{"href":"https:\/\/parier-presidentielle.com\/nl\/wp-json\/wp\/v2\/media?parent=121"}],"curies":[{"name":"wp","href":"https:\/\/api.w.org\/{rel}","templated":true}]}}