{"id":1459,"date":"2022-04-19T13:25:07","date_gmt":"2022-04-19T11:25:07","guid":{"rendered":"https:\/\/parier-presidentielle.com\/?page_id=1459"},"modified":"2023-09-23T17:06:55","modified_gmt":"2023-09-23T15:06:55","slug":"william-hill-presidentielle","status":"publish","type":"page","link":"https:\/\/parier-presidentielle.com\/nl\/william-hill-presidentieel\/","title":{"rendered":"William Hill: Engelse bookmaker die gokt op de Franse presidentsverkiezingen van 2022"},"content":{"rendered":"<p>met wie moet je wedden? William Hill natuurlijk<\/p>\n\n\n\n<h2 class=\"wp-block-heading\" id=\"h-parier-l-election-president-2022-avec-le-site-de-paris-en-ligne-william-hill\"><span id=\"parier-l8217election-president-2022-avec-le-site-de-paris-en-ligne-william-hill\">Zet in op de presidentsverkiezingen van 2022 met de online goksite William Hill<\/span><\/h2>\n\n\n\n<h4 class=\"wp-block-heading has-text-align-center has-large-font-size\" id=\"h-20-offert-pour-parier-avec-william-hill\"><span id=\"20e-offert-pour-parier-avec-william-hill\"><a href=\"https:\/\/parier-presidentielle.com\/nl\/recommends\/william-hill-text\/\">\u20ac 20 gratis voor weddenschappen met William Hill<\/a><\/span><\/h4>\n\n\n\n<figure class=\"wp-block-image size-large\"><img decoding=\"async\" loading=\"lazy\" width=\"1024\" height=\"265\" src=\"https:\/\/parier-presidentielle.com\/wp-content\/uploads\/2022\/04\/william-hill-macron-le-pen-presidentielle-1024x265.jpg\" alt=\"William Hill gokt op Macron le pen voor de presidentsverkiezingen van 2022\" class=\"wp-image-1464\" srcset=\"https:\/\/parier-presidentielle.com\/wp-content\/uploads\/2022\/04\/william-hill-macron-le-pen-presidentielle-1024x265.jpg 1024w, https:\/\/parier-presidentielle.com\/wp-content\/uploads\/2022\/04\/william-hill-macron-le-pen-presidentielle-300x78.jpg 300w, https:\/\/parier-presidentielle.com\/wp-content\/uploads\/2022\/04\/william-hill-macron-le-pen-presidentielle-768x199.jpg 768w, https:\/\/parier-presidentielle.com\/wp-content\/uploads\/2022\/04\/william-hill-macron-le-pen-presidentielle-1536x398.jpg 1536w, https:\/\/parier-presidentielle.com\/wp-content\/uploads\/2022\/04\/william-hill-macron-le-pen-presidentielle-2048x530.jpg 2048w, https:\/\/parier-presidentielle.com\/wp-content\/uploads\/2022\/04\/william-hill-macron-le-pen-presidentielle-18x5.jpg 18w\" sizes=\"(max-width: 1024px) 100vw, 1024px\" \/><\/figure>\n\n\n\n<p><br>De odds van William Hill geven de huidige president Emmanuel Macron op 1.10 tegen Marine Le Pen op 7.50, dus dit zijn de beste odds vergeleken met andere bookmakers <a href=\"https:\/\/parier-presidentielle.com\/nl\/unibet-politiek-verkiezing-2022\/\">Unibet<\/a>, <a href=\"https:\/\/parier-presidentielle.com\/nl\/betclic-presidentieel-2022\/\">Betclic<\/a>, <a href=\"https:\/\/parier-presidentielle.com\/nl\/bwin-politiek-verkiezingen-2022\/\">Bwin<\/a>. Op dezelfde manier zijn de kansen feitelijk zeer vergelijkbaar met wat ze waren v\u00f3\u00f3r de eerste stemronde.<\/p>\n\n\n\n<p>Het is niet verwonderlijk dat William Hill de eerste bookmaker was die weddenschappen op de uitslag van de verkiezingen in Frankrijk opende, volgens welke ze nu mensen aanbieden die willen wedden op de presidentsverkiezingen. Ten eerste bleven er nog twee kandidaten over in hun voorspellingen, waardoor ze konden beslissen wie tot president zou worden gekozen.<\/p>\n\n\n\n<p>De Franse verkiezingen waren tot nu toe een van de meest gevolgde verkiezingen, samen met de verkiezingen van 2017, en werden op de voet gevolgd door sport- en politieke gokkers over de hele wereld.<\/p>\n\n\n\n<p>Nu de markt in de loop van dit jaar enorm fluctueert, is het geen verrassing dat Paddy Power heeft besloten de kansen dat Emmanuel Macron tot president wordt gekozen te verlagen van 1\/10 naar 1\/12 en alle weddenschappen die op hem zijn geplaatst, vroegtijdig uit te betalen.<\/p>\n\n\n\n<p>Het is een soortgelijk verhaal met Ladbrokes, die van 1\/8 naar 1\/10 ging voor Macron, terwijl hij zijn overwinningsmarge verkleinde van 12 % naar 7 %.<\/p>\n\n\n\n<p><\/p>\n\n\n\n<p>Analyse van bookmaker William Hill die inzet op de tweede ronde van de presidentsverkiezingen<\/p>\n\n\n\n<p>De odds van Unibet geven de huidige president Emmanuel Macron op 1,65 en Marine Le Pen op 6, dus dit zijn de beste odds vergeleken met andere bookmakers.<\/p>\n\n\n\n<p>De En Marche-kandidaat! is een duidelijke favoriet omdat het waarschijnlijk is dat hij deze keer de eerste verkiezingsronde zal kunnen winnen met meer dan 25% van de stemmen.<\/p>\n\n\n\n<p>Hetzelfde kan niet gezegd worden van haar tegenstander Marine Le Pen, die een goede kans heeft om de eerste ronde te winnen, maar de tweede ronde waarschijnlijk niet zal kunnen winnen.<\/p>\n\n\n\n<p>Uit alle peilingen blijkt dat de kandidaat van het Front National een goede kans heeft om de eerste ronde te winnen, maar in de tweede ronde krijgt ze te maken met een tegenstander die vrijwel alle stemmen krijgt van partijen die geen extreemrechtse idee\u00ebn steunen.<\/p>\n\n\n\n<p>De situatie blijft kritiek, vooral in Frankrijk, waar iets meer dan een jaar geleden een terroristische aanslag plaatsvond op de satirische krant Charlie Hebdo, en daarna in november 2015 opnieuw een aanval plaatsvond in Parijs door extremisten van Islamitische Staat (IS).<\/p>\n\n\n\n<p>William Hill, de Britse bookmaker, was de eerste die zijn odds voor de tweede ronde van de presidentsverkiezingen in Frankrijk publiceerde.<\/p>\n\n\n\n<p>William Hill heeft Macron op 6\/5 en Le Pen op 4\/6.<\/p>\n\n\n\n<p>Betfred biedt 7\/10 op Macron en 11\/10 op Le Pen.<\/p>\n\n\n\n<p>Ladbrokes geeft odds van 10\/11 op Macron en 5\/6 op Le Pen.<\/p>\n\n\n\n<p>Paddy Power heeft ook odds van 10\/11 op Macron en 5\/6 op Le Pen.<\/p>\n\n\n\n<p>William Hill, de beste kansen voor wedden op politiek<\/p>\n\n\n\n<p>De Britse online bookmaker William Hill is een van de meest succesvolle in de branche en werd opgericht in 1934. Dit bedrijf heeft meer dan 2.300 kantoren in Groot-Brittanni\u00eb en is ook aanwezig in Spanje en Itali\u00eb. We zeggen dit omdat William Hill sinds 2012 in Frankrijk actief is, met een online platform dat zijn gebruikers live sportweddenschappen aanbiedt met uitstekende kansen, evenals een grote verscheidenheid aan casinospellen. Bovendien is William Hill ook een geweldige plek om op politiek te wedden, vooral als het gaat om de Franse presidentsverkiezingen. Op de website kunt u uw voorspellingen doen door de noteringen van andere Bookmakers te vergelijken.<\/p>\n\n\n\n<p>William Hill is een betrouwbare bookmaker die zijn spelers zeer goede odds en promoties biedt bij het wedden op politiek of iets anders. Het is uiterst eenvoudig te gebruiken en vereist geen ervaring of technische kennis om te beginnen met wedden.<\/p>\n\n\n\n<p>Marine Le Pen heeft een nieuwe premier benoemd in een poging haar haperende presidenti\u00eble campagne nieuw leven in te blazen.<\/p>\n\n\n\n<p><\/p>\n\n\n\n<p>Haar kansen op de overwinning werden verder aangetast door de onthulling van vrijdag dat ze geld van het Europees Parlement had gebruikt om een assistent te betalen die thuis voor de partij werkte.<\/p>\n\n\n\n<p>Er loopt ook een onderzoek naar haar wegens vermeende verduistering tijdens haar tijd als lid van het Europees Parlement.<\/p>\n\n\n\n<p class=\"has-text-align-center unibet\" style=\"font-size:25px\"><mark style=\"background-color:rgba(0, 0, 0, 0);color:#0d7a12\" class=\"has-inline-color\"><strong><a href=\"https:\/\/parier-presidentielle.com\/nl\/recommends\/unibet\/\">150\u20ac Bonus aangeboden bij Unibet<br>Voor uw eerste politieke of sportweddenschap: Klik hier<\/a><\/strong><\/mark><\/p>\n\n\n\n<p><\/p>\n\n\n<div class=\"wp-block-image\">\n<figure class=\"aligncenter is-resized wp-duotone-000097-ff4747-1\"><img decoding=\"async\" loading=\"lazy\" src=\"https:\/\/parier-presidentielle.com\/wp-content\/uploads\/2021\/09\/election-standard-scale-4_00x-gigapixel-1024x623.jpg\" alt=\"Verkiezing 2022\" style=\"width:256px;height:156px\" width=\"256\" height=\"156\"\/><\/figure><\/div>\n\n\n<p><br><\/p>\n\n\n\n<p><strong>Parier-presidential helpt u bij het maken van uw keuze tussen de verschillende<a href=\"https:\/\/parier-presidentielle.com\/nl\/\"> Bookmakers Bwin, Unibet en Betclic gaan wedden op de toekomstige Amerikaanse president in 2024<\/a> : <\/strong><br><a href=\"https:\/\/parier-presidentielle.com\/nl\/unibet-politiek-verkiezing-2022\/\">Presidenti\u00eble bookmaker van Unibet<\/a> : Gedetailleerde en gratis gids voor het plaatsen van uw eerste online weddenschap met alle kansen en hoe u kunt profiteren van de aangeboden bonus!<\/p>\n\n\n\n<p>Evenals andere online sites in Parijs: <a href=\"https:\/\/parier-presidentielle.com\/nl\/unibet-politiek-verkiezing-2022\/\">Bwin<\/a>, <a href=\"https:\/\/parier-presidentielle.com\/nl\/netbet-paris-politiek-verkiezing-2022\/\">NetBet<\/a>, <a href=\"https:\/\/parier-presidentielle.com\/nl\/betclic-presidentieel-2022\/\">Betclic<\/a>, <a href=\"https:\/\/parier-presidentielle.com\/nl\/winamax-politiek-verkiezing-2022\/\">Winamax<\/a>, Parions Sport, Zebet,Betway, France-Pari,Vbet, Cloudbet, 1Xbit, 1xbet, Betfair, Betwinner \u2026<\/p>\n\n\n\n<div class=\"wp-block-columns is-layout-flex wp-container-6 wp-block-columns-is-layout-flex\">\n<div class=\"wp-block-column is-layout-flow wp-block-column-is-layout-flow\" style=\"flex-basis:33.33%\">\n<p>Je hebt zojuist ons bestand gelezen:<\/p>\n<\/div>\n\n\n\n<div class=\"wp-block-column is-layout-flow wp-block-column-is-layout-flow\" style=\"flex-basis:33.33%\">\n<div class=\"wp-block-group is-layout-flow wp-block-group-is-layout-flow\"><div class=\"wp-block-group__inner-container\"><h4 class=\"has-text-align-center wp-block-post-title\"><span id=\"william-hill-bookmaker-anglais-pour-parier-sur-l8217election-presidentielle-francaise-2022\"><a href=\"https:\/\/parier-presidentielle.com\/nl\/william-hill-presidentieel\/\" target=\"_self\" >William Hill: Engelse bookmaker die gokt op de Franse presidentsverkiezingen van 2022<\/a><\/span><\/h4><\/div><\/div>\n<\/div>\n\n\n\n<div class=\"wp-block-column is-layout-flow wp-block-column-is-layout-flow\" style=\"flex-basis:33.33%\">\n<p class=\"has-text-align-right\">Lees verder met onze andere exclusieve bestanden,<\/p>\n<\/div>\n<\/div>\n\n\n\n<h3 class=\"wp-block-heading\" id=\"tous-les-pronostics-sondage-et-cotes-pour-parier-sur-le-futur-vainqueur-de-l-election-presidentielle-2022\"><span id=\"tous-les-pronostics-sondage-et-cotes-pour-parier-sur-le-futur-vainqueur-de-l8217election-presidentielle-2024\">Alle voorspellingen, enqu\u00eates en kansen om te wedden op de toekomstige winnaar van de presidentsverkiezingen van 2024:<\/span><\/h3>\n\n\n\n<ul>\n<li><a href=\"https:\/\/parier-presidentielle.com\/nl\/macron-verkiezing\/\">Wed op Emmanuel Macron met Unibet, Betclic, Bwin<\/a> : De favoriet in peilingen en voorspellingen <\/li>\n\n\n\n<li><a href=\"https:\/\/parier-presidentielle.com\/nl\/marine-le-pen-verkiezing\/\">Marine Le Pen: Haar kansen en hoe te wedden bij de Bookmakers<\/a>: De uitdager volgens Unibet<\/li>\n<\/ul>\n\n\n\n<p><\/p>\n\n\n\n<center><script type=\"text\/javascript\" charset=\"utf-8\" src=\"https:\/\/www.gambling-affiliation.com\/cpm\/v=AmIMTDSs92QY6b0MzDMvM5laCjJ-ZlA-1oQ-7tKsi.w_GA7331V2\"><\/script><\/center>\n\n\n\n<h3 class=\"wp-block-heading\"><span id=\"donald-trump-vs-joe-biden-la-video-qui-lance-les-paris-en-ligne-sur-l8217election-politique-de-2024\">Donald Trump versus Joe Biden: de video die online weddenschappen op de politieke verkiezingen van 2024 lanceert<\/span><\/h3>\n\n\n\n<figure class=\"wp-block-embed is-type-video is-provider-youtube wp-block-embed-youtube wp-embed-aspect-16-9 wp-has-aspect-ratio\"><div class=\"wp-block-embed__wrapper\">\n<iframe loading=\"lazy\" title=\"Voormalig president Donald Trump lanceert 2024 Witte Huis-bod #Short\" width=\"640\" height=\"360\" src=\"https:\/\/www.youtube.com\/embed\/hZykPRVe4Ag?feature=oembed\" frameborder=\"0\" allow=\"accelerometer; autoplay; clipboard-write; encrypted-media; gyroscope; picture-in-picture; web-share\" allowfullscreen><\/iframe>\n<\/div><\/figure>\n\n\n<div class=\"wp-block-image\">\n<figure class=\"aligncenter size-medium\"><a href=\"https:\/\/parier-presidentielle.com\/nl\/recommends\/unibet\/\" target=\"_blank\" rel=\"noopener\"><img decoding=\"async\" loading=\"lazy\" width=\"300\" height=\"169\" src=\"https:\/\/parier-presidentielle.com\/wp-content\/uploads\/2022\/04\/unibet-300x169.jpg\" alt=\"\" class=\"wp-image-1252\" srcset=\"https:\/\/parier-presidentielle.com\/wp-content\/uploads\/2022\/04\/unibet-300x169.jpg 300w, https:\/\/parier-presidentielle.com\/wp-content\/uploads\/2022\/04\/unibet-1024x576.jpg 1024w, https:\/\/parier-presidentielle.com\/wp-content\/uploads\/2022\/04\/unibet-768x432.jpg 768w, https:\/\/parier-presidentielle.com\/wp-content\/uploads\/2022\/04\/unibet-18x10.jpg 18w, https:\/\/parier-presidentielle.com\/wp-content\/uploads\/2022\/04\/unibet.jpg 1280w\" sizes=\"(max-width: 300px) 100vw, 300px\" \/><\/a><\/figure><\/div>\n\n\n<p>Vind de Wiki, het essenti\u00eble politieke nieuws over cannabis en zijn legale afgeleiden: <strong>HHC, H4cbd, Thcp, Thcv, HSD, HHCPO, C4B<\/strong><\/p>\n<div id=\"toc_container\" class=\"no_bullets\"><p class=\"toc_title\">Inhoud<\/p><ul class=\"toc_list\"><li><ul><li><ul><li><\/li><li><\/li><\/ul><\/li><li><\/li><li><\/li><\/ul><\/li><\/ul><\/div>","protected":false},"excerpt":{"rendered":"<p>avec qui parier? William Hill of course Parier l&#8217;\u00e9lection pr\u00e9sident 2022 avec le site de paris en ligne William Hill 20\u20ac Offert pour Parier avec William Hill Les cotes de William Hill donnent l&#8217;actuel pr\u00e9sident Emmanuel Macron \u00e0 1,10 contre Marine Le Pen \u00e0 7.50, ce sont donc les meilleures cotes par rapport aux autres &#8230;<\/p>","protected":false},"author":1,"featured_media":0,"parent":0,"menu_order":0,"comment_status":"closed","ping_status":"closed","template":"page-nosidebar.php","meta":{"footnotes":""},"yoast_head":"<!-- This site is optimized with the Yoast SEO Premium plugin v21.0 (Yoast SEO v21.0) - https:\/\/yoast.com\/wordpress\/plugins\/seo\/ -->\n<title>William Hill : Bookmaker Anglais pour Parier sur l&#039;election presidentielle fran\u00e7aise 2022 - Finale Coupe du Monde FIFA<\/title>\n<meta name=\"robots\" content=\"index, follow, max-snippet:-1, max-image-preview:large, max-video-preview:-1\" \/>\n<link rel=\"canonical\" href=\"https:\/\/parier-presidentielle.com\/nl\/william-hill-presidentieel\/\" \/>\n<meta property=\"og:locale\" content=\"nl_NL\" \/>\n<meta property=\"og:type\" content=\"article\" \/>\n<meta property=\"og:title\" content=\"William Hill : Bookmaker Anglais pour Parier sur l&#039;election presidentielle fran\u00e7aise 2022\" \/>\n<meta property=\"og:description\" content=\"avec qui parier? William Hill of course Parier l&#8217;\u00e9lection pr\u00e9sident 2022 avec le site de paris en ligne William Hill 20\u20ac Offert pour Parier avec William Hill Les cotes de William Hill donnent l&#8217;actuel pr\u00e9sident Emmanuel Macron \u00e0 1,10 contre Marine Le Pen \u00e0 7.50, ce sont donc les meilleures cotes par rapport aux autres ...\" \/>\n<meta property=\"og:url\" content=\"https:\/\/parier-presidentielle.com\/nl\/william-hill-presidentieel\/\" \/>\n<meta property=\"og:site_name\" content=\"Parier Pr\u00e9sidentielle\" \/>\n<meta property=\"article:modified_time\" content=\"2023-09-23T15:06:55+00:00\" \/>\n<meta property=\"og:image\" content=\"https:\/\/parier-presidentielle.com\/wp-content\/uploads\/2022\/04\/william-hill-macron-le-pen-presidentielle-1024x265.jpg\" \/>\n<meta name=\"twitter:card\" content=\"summary_large_image\" \/>\n<meta name=\"twitter:label1\" content=\"Est. reading time\" \/>\n\t<meta name=\"twitter:data1\" content=\"4 minuten\" \/>\n<script type=\"application\/ld+json\" class=\"yoast-schema-graph\">{\"@context\":\"https:\/\/schema.org\",\"@graph\":[{\"@type\":\"WebPage\",\"@id\":\"https:\/\/parier-presidentielle.com\/william-hill-presidentielle\/\",\"url\":\"https:\/\/parier-presidentielle.com\/william-hill-presidentielle\/\",\"name\":\"William Hill : Bookmaker Anglais pour Parier sur l'election presidentielle fran\u00e7aise 2022 - Finale Coupe du Monde FIFA\",\"isPartOf\":{\"@id\":\"https:\/\/parier-presidentielle.com\/#website\"},\"datePublished\":\"2022-04-19T11:25:07+00:00\",\"dateModified\":\"2023-09-23T15:06:55+00:00\",\"breadcrumb\":{\"@id\":\"https:\/\/parier-presidentielle.com\/william-hill-presidentielle\/#breadcrumb\"},\"inLanguage\":\"nl-NL\",\"potentialAction\":[{\"@type\":\"ReadAction\",\"target\":[\"https:\/\/parier-presidentielle.com\/william-hill-presidentielle\/\"]}]},{\"@type\":\"BreadcrumbList\",\"@id\":\"https:\/\/parier-presidentielle.com\/william-hill-presidentielle\/#breadcrumb\",\"itemListElement\":[{\"@type\":\"ListItem\",\"position\":1,\"name\":\"Accueil\",\"item\":\"https:\/\/parier-presidentielle.com\/\"},{\"@type\":\"ListItem\",\"position\":2,\"name\":\"William Hill : Bookmaker Anglais pour Parier sur l&#8217;election presidentielle fran\u00e7aise 2022\"}]},{\"@type\":\"WebSite\",\"@id\":\"https:\/\/parier-presidentielle.com\/#website\",\"url\":\"https:\/\/parier-presidentielle.com\/\",\"name\":\"Parier Pr\u00e9sidentielle\",\"description\":\"Paris, Pronostics, Wiki sur la Politique, les Elections Am\u00e9ricaines: Joe Biden, Donald Trump avec les Bookmakers en ligne Unibet, Bwin, Betclic, Winamax\",\"potentialAction\":[{\"@type\":\"SearchAction\",\"target\":{\"@type\":\"EntryPoint\",\"urlTemplate\":\"https:\/\/parier-presidentielle.com\/?s={search_term_string}\"},\"query-input\":\"required name=search_term_string\"}],\"inLanguage\":\"nl-NL\"}]}<\/script>\n<!-- \/ Yoast SEO Premium plugin. -->","yoast_head_json":{"title":"William Hill : Bookmaker Anglais pour Parier sur l'election presidentielle fran\u00e7aise 2022 - Finale Coupe du Monde FIFA","robots":{"index":"index","follow":"follow","max-snippet":"max-snippet:-1","max-image-preview":"max-image-preview:large","max-video-preview":"max-video-preview:-1"},"canonical":"https:\/\/parier-presidentielle.com\/nl\/william-hill-presidentieel\/","og_locale":"nl_NL","og_type":"article","og_title":"William Hill : Bookmaker Anglais pour Parier sur l'election presidentielle fran\u00e7aise 2022","og_description":"avec qui parier? William Hill of course Parier l&#8217;\u00e9lection pr\u00e9sident 2022 avec le site de paris en ligne William Hill 20\u20ac Offert pour Parier avec William Hill Les cotes de William Hill donnent l&#8217;actuel pr\u00e9sident Emmanuel Macron \u00e0 1,10 contre Marine Le Pen \u00e0 7.50, ce sont donc les meilleures cotes par rapport aux autres ...","og_url":"https:\/\/parier-presidentielle.com\/nl\/william-hill-presidentieel\/","og_site_name":"Parier Pr\u00e9sidentielle","article_modified_time":"2023-09-23T15:06:55+00:00","og_image":[{"url":"https:\/\/parier-presidentielle.com\/wp-content\/uploads\/2022\/04\/william-hill-macron-le-pen-presidentielle-1024x265.jpg"}],"twitter_card":"summary_large_image","twitter_misc":{"Est. reading time":"4 minuten"},"schema":{"@context":"https:\/\/schema.org","@graph":[{"@type":"WebPage","@id":"https:\/\/parier-presidentielle.com\/william-hill-presidentielle\/","url":"https:\/\/parier-presidentielle.com\/william-hill-presidentielle\/","name":"William Hill : Bookmaker Anglais pour Parier sur l'election presidentielle fran\u00e7aise 2022 - Finale Coupe du Monde FIFA","isPartOf":{"@id":"https:\/\/parier-presidentielle.com\/#website"},"datePublished":"2022-04-19T11:25:07+00:00","dateModified":"2023-09-23T15:06:55+00:00","breadcrumb":{"@id":"https:\/\/parier-presidentielle.com\/william-hill-presidentielle\/#breadcrumb"},"inLanguage":"nl-NL","potentialAction":[{"@type":"ReadAction","target":["https:\/\/parier-presidentielle.com\/william-hill-presidentielle\/"]}]},{"@type":"BreadcrumbList","@id":"https:\/\/parier-presidentielle.com\/william-hill-presidentielle\/#breadcrumb","itemListElement":[{"@type":"ListItem","position":1,"name":"Accueil","item":"https:\/\/parier-presidentielle.com\/"},{"@type":"ListItem","position":2,"name":"William Hill : Bookmaker Anglais pour Parier sur l&#8217;election presidentielle fran\u00e7aise 2022"}]},{"@type":"WebSite","@id":"https:\/\/parier-presidentielle.com\/#website","url":"https:\/\/parier-presidentielle.com\/","name":"Parier Pr\u00e9sidentielle","description":"Paris, Pronostics, Wiki sur la Politique, les Elections Am\u00e9ricaines: Joe Biden, Donald Trump avec les Bookmakers en ligne Unibet, Bwin, Betclic, Winamax","potentialAction":[{"@type":"SearchAction","target":{"@type":"EntryPoint","urlTemplate":"https:\/\/parier-presidentielle.com\/?s={search_term_string}"},"query-input":"required name=search_term_string"}],"inLanguage":"nl-NL"}]}},"_links":{"self":[{"href":"https:\/\/parier-presidentielle.com\/nl\/wp-json\/wp\/v2\/pages\/1459"}],"collection":[{"href":"https:\/\/parier-presidentielle.com\/nl\/wp-json\/wp\/v2\/pages"}],"about":[{"href":"https:\/\/parier-presidentielle.com\/nl\/wp-json\/wp\/v2\/types\/page"}],"author":[{"embeddable":true,"href":"https:\/\/parier-presidentielle.com\/nl\/wp-json\/wp\/v2\/users\/1"}],"replies":[{"embeddable":true,"href":"https:\/\/parier-presidentielle.com\/nl\/wp-json\/wp\/v2\/comments?post=1459"}],"version-history":[{"count":32,"href":"https:\/\/parier-presidentielle.com\/nl\/wp-json\/wp\/v2\/pages\/1459\/revisions"}],"predecessor-version":[{"id":2561,"href":"https:\/\/parier-presidentielle.com\/nl\/wp-json\/wp\/v2\/pages\/1459\/revisions\/2561"}],"wp:attachment":[{"href":"https:\/\/parier-presidentielle.com\/nl\/wp-json\/wp\/v2\/media?parent=1459"}],"curies":[{"name":"wp","href":"https:\/\/api.w.org\/{rel}","templated":true}]}}