{"id":212,"date":"2021-09-14T13:02:49","date_gmt":"2021-09-14T11:02:49","guid":{"rendered":"https:\/\/parier-presidentielle.com\/?page_id=212"},"modified":"2021-09-14T15:59:08","modified_gmt":"2021-09-14T13:59:08","slug":"melenchon-election","status":"publish","type":"page","link":"https:\/\/parier-presidentielle.com\/nl\/melenchon-verkiezing\/","title":{"rendered":"Wed op de verkiezing van Jean-Luc M\u00e9lenchon"},"content":{"rendered":"<h2 class=\"wp-block-heading\" id=\"block-f005be1c-8637-4455-a388-e82bafcaf460\"><span id=\"cote-et-pronostics-pour-le-candidat-jean-luc-melenchon-paris-en-ligne-sur-la-politique-et-le-futur-president-de-la-france-de-2022\">Kansen en voorspellingen voor kandidaat Jean-Luc M\u00e9lenchon:<br>Online wedden op de politiek en de toekomstige president van Frankrijk in 2022<\/span><\/h2>\n\n\n\n<p><\/p>\n\n\n\n<p><\/p>\n\n\n\n<p>Jean-Luc M\u00e9lenchon (fr. Jean-Luc M\u00e9lenchon, IPA (fr.):; B., Tanger) - Franse linkse staatsman en politicus, journalist. Minister van Beroepsonderwijs in de regering van Lionel Jospin van 2000 tot 2002. Lid van de Franse Senaat vanuit het departement Eson (1986-2000; 2004-2010). Lid van het Europees Parlement van 2009 tot 2017 (Europese Verenigde Linkse Fractie \/ Links-Noord-Groen). Een van de oprichters en voorzitters van de \u201cLinkse Partij\u201d. Sinds 2017 \u2013 Lid van de Franse Nationale Vergadering voor de partij \u201cOngeslagen Frankrijk\u201d.<\/p>\n\n\n\n<h2 class=\"wp-block-heading\"><span id=\"biographie-de-jean-luc-melenchon\">Biografie van Jean-Luc M\u00e9lenchon<\/span><\/h2>\n\n\n\n<p><br>Geboren in Tanger (Internationale Zone van Tanger, vandaag Marokko). De ouders zijn ambtenaren. In 1962 verhuisde hij met zijn moeder naar Frankrijk. Hij was filosoof van opleiding en studeerde aan de Universiteit van Franche-Comt\u00e9. Hij gaf les op middelbare scholen. Hij was al heel vroeg betrokken bij de radicaal-linkse jeugdbeweging, was lid van de Nationale Unie van Franse Studenten en nam deel aan de Rode Mei-demonstraties van 1968. Binnen de Franse trotskistische beweging sloot M\u00e9lanchon zich aan bij de Lambertisten, volgelingen van Pierre Lambert van de Internationale Communistische Organisatie. Deelname aan vakbondswerk in Besan\u00e7on.<\/p>\n\n\n\n<p>In 1977 sloot hij zich echter aan bij de Socialistische Partij van Frankrijk, waarmee hij brak met de trotskisten. Hij steunde actief de Franse president Fran\u00e7ois Mitterrand. Sinds 1988 is Jean-Luc Melanchon gekozen in de Nationale Raad en het Nationaal Bureau van de Socialistische Partij. Samen met gelijkgestemden organiseerde hij \u2018Socialistisch Links\u2019 (antikapitalistische beweging binnen de gelederen van de Socialistische Partij). Van 2000 tot 2002 was hij gedelegeerd minister voor Beroepsonderwijs in de regering van socialist Lionel Jospin. Hij was senator van het departement Eson (1986-2000 en 2004-2010). Hij werkte ook op gemeentelijk niveau op de afdeling Eson.<\/p>\n\n\n\n<p>Als onderdeel van het referendum over de goedkeuring van de Grondwet van de Europese Unie, samen met interne linkse stromingen van de Socialistische Partij en andere linksen, verzette de organisatie zich tegen de ratificatie ervan, terwijl de partijleiding de ratificatie ervan bepleitte. Door deel te nemen aan de campagne tegen wat linkse politici zagen als de neoliberale EU-grondwet, kwam Melanchon dichter bij de Franse Communistische Partij en de trotskisten.<\/p>\n\n\n\n<p>In 2008 verliet hij de Socialistische Partij vanwege tegenstrijdigheden met haar leiderschap (waaronder S\u00e9gol\u00e8ne Royal), die hij bekritiseerde vanwege de sociaal-liberale koers en het vertrek van linkse idee\u00ebn. Initieerde de oprichting van de \u201cLinkse Partij\u201d (naar het model van de Duitse \u201clinks\u201d met een verwijzing naar de idee\u00ebn van Jean Jaur\u00e8s); werd de eerste president. Zijn collega Mark Dole nam ook deel aan de werkzaamheden aan de oprichting ervan. In 2010 werd de partij mede voorgezeten door de leider van de interne fractie van de Groene Partij, die de partij zelf verliet: Martin Billard. In 2009 werd hij verkozen tot lid van het Europees Parlement op de lijst van de groep Europees Unitair Links\/Links-Groenen Noord. De Linkse Partij neemt deel aan de coalitie van Links Front; Melanchon is een van de co-voorzitters.<\/p>\n\n\n\n<h2 class=\"wp-block-heading\"><span id=\"participation-aux-elections-presidentielles-de-2012-de-jean-luc-melenchon\">Deelname aan de presidentsverkiezingen van 2012 van Jean-Luc M\u00e9lenchon<\/span><\/h2>\n\n\n\n<p><br>Toen de presidentsverkiezingen van 2012 naderden, was de Franse Communistische Partij van plan haar eigen kandidaat voor te dragen (waarschijnlijk Alain Boquet). Tijdens zijn congres, dat werd gehouden van 16 tot 18 juni 2011, verzamelde Jean-Luc Melanchon echter 59,12 % van de stemmen van de leden van het congres en werd hij als kandidaat aangewezen (leden van andere partijen die tot het Links Front behoorden, namen deel Zo werd hij de enige kandidaat van deze alliantie) Volgens de resultaten van peilingen uitgevoerd in 2012, v\u00f3\u00f3r de verkiezingen, was de rating van Melanchon 6 tot 15 %. Volgens sommige peilingen slaagde hij er tijdens de presidenti\u00eble campagne in om van de vijfde naar de derde positie te stijgen onder de kiezers die op Melanchon wilden stemmen, waarmee hij Marine Le Pen en Fran\u00e7ois Bayrou inhaalde.<\/p>\n\n\n\n<p>Het belangrijkste kenmerk van zijn programma was de uitroeping van de &quot;Zesde Franse Republiek&quot; door wijziging van de Franse grondwet. In zijn toespraken noemde hij herhaaldelijk de geschiedenis van de Franse Revolutie en de Commune van Parijs. Hij riep zijn aanhangers op tot een vreedzame \u2018civiele\u2019 revolutie \u2013 een staatsgreep die niet wordt geleid door de arbeidersklasse, maar door alle burgers die voor hun land pleiten.<\/p>\n\n\n\n<p>Volgens de resultaten van de eerste ronde behaalde M\u00e9lanchon 3.985.089 stemmen (11,1 % van het totale aantal kiezers), waarmee hij de vierde plaats behaalde. Dit is aanzienlijk meer dan de kandidaat van de Communistische Partij in 2007 \u2013 Marie-Georges Buffet (haar resultaat was 1,93% van de stemmen).<\/p>\n\n\n\n<p>In de tweede ronde steunde Melanchon de kandidatuur van Fran\u00e7ois Hollande, ondanks het feit dat hij vanwege tegenstrijdigheden met hem in 2008 de Socialistische Partij verliet. Op 6 mei 2012 werd Hollande tot president van Frankrijk gekozen.<\/p>\n\n\n\n<p>Andere activiteiten<br>Hij probeerde in 2012 lid te worden van de Franse Nationale Vergadering vanuit het 11e kiesdistrict van het departement Pas-de-Calais op de lijst &quot;Links Front&quot; om de leider van het Front National, Marine Le Pen, te arresteren. daar rennen. In de eerste verkiezingsronde won hij echter 21,48 % van de stemmen en behaalde hij de derde plaats, waarbij hij verloor van zowel Marine Le Pen (42,36 % van de stemmen) als Philippe.<\/p>\n\n\n\n<p><\/p>\n\n\n\n<p>Kemel, de socialistische kandidaat (23,5% stemmen). Melanchon kon dus niet het recht verkrijgen om te strijden voor het mandaat van plaatsvervanger.<\/p>\n\n\n\n<h2 class=\"wp-block-heading\"><span id=\"participation-a-l8217election-presidentielle-de-2017-de-jean-luc-melenchon\">Deelname aan de presidentsverkiezingen van 2017 van Jean-Luc M\u00e9lenchon<\/span><\/h2>\n\n\n\n<p><br>In februari 2016 kondigde Melanchon zijn voornemen aan om deel te nemen aan de presidenti\u00eble campagne van 2017. Omdat hij weigerde deel te nemen aan de \u2018linkse voorverkiezingen\u2019, georganiseerd door de Socialistische Partij, werd hij kandidaat voor de beweging \u2018Ongeslagen Frankrijk\u2019 die tegelijkertijd werd opgericht. Zijn programma was gebaseerd op zijn stellingen uit 2012, met een paar wijzigingen: de oprichting van de Zesde Republiek (d.w.z. de goedkeuring van een nieuwe grondwet), de herverdeling van de rijkdom (het opleggen van belastingen op extra inkomen op overtollig inkomen, of het verminderen van de werkweek naar 32 uur), de verlaging van de pensioenleeftijd naar 60 jaar, het vertrek van Frankrijk uit de Europese Unie en de NAVO. Melanchon formuleerde zijn opvattingen in het boek \u2018L\u2019avenir en commun\u2019 (\u2018Gemeenschappelijke toekomst\u2019), dat in een oplage van 200.000 exemplaren werd verspreid.<\/p>\n\n\n\n<p>Volgens Le Figaro zou het programma van Melanchon, dat voorziet in een verhoging van de begrotingsuitgaven met 270 miljard euro en belastingverhogingen van 120 miljard euro, een verhoging van het jaarlijkse betaald verlof naar zes weken (de duur ervan in 2017 bedraagt vijf weken), evenals zoals de inbeslagname van alle inkomsten boven de 400.000 euro per jaar, ge\u00efnspireerd door de idee\u00ebn van politici zoals de voormalige Venezolaanse president Hugo Chavez.<\/p>\n\n\n\n<p>Op 4 april 2017 werd een televisiedebat georganiseerd met deelname van alle elf presidentskandidaten in Frankrijk, waarvan de winnaar op sensationele wijze Melanchon was \u2013 zijn toespraak werd door 25% van de ge\u00efnterviewden als de meest overtuigende erkend (Macron kreeg steun van 21%, Fillon \u2013 15%). Bovendien stond M\u00e9lanchon, met steun van 21%, volgens de resultaten van een sociologisch onderzoek dat na het debat werd uitgevoerd, op de tweede plaats onder de meest waarschijnlijke winnaars van de eerste verkiezingsronde \u2013 na Macron (27%) en v\u00f3\u00f3r Fillon (20%).<\/p>\n\n\n\n<p>In april 2017 viel hij op door het gebruik van de nieuwste verkiezingscampagnetechnologie\u00ebn: webradio en zelfs zijn eigen holografische beelden tijdens bijeenkomsten in Nantes, Clermont-Ferrand, Montpellier, Grenoble, Nancy en R\u00e9union.<\/p>\n\n\n\n<p>Op 20 april 2017 publiceerden een aantal prominente figuren uit de Amerikaanse cultuur \u2013 Danny Glover, filosoof Noam Chomsky, toneelschrijver en feministe Eve Ensler, acteur Mark Ruffalo, Nancy Fraser en Oliver Stone een petitie waarin ze er bij de Fransen op aandrongen \u2018de Clinton-aanpak niet te herhalen\u2019. vs. Trump-tragedie\u201d, dat wil zeggen \u201cdwing de Franse kiezers niet om te kiezen tussen het liberalisme van het bedrijfsleven en het xenofobe rechtse populisme\u201d, maar \u201cverenig u in de eerste ronde van de presidentsverkiezingen rond de linkse kandidaat met de meeste kiezerssteun. De auteurs van de petitie noemden deze kandidaat ook Melanchon.<\/p>\n\n\n\n<p>Op 23 april 2017 kreeg hij de steun van 19,58 %-kiezers (7.060.885 mensen) in de eerste stemronde, waarmee hij de vierde plaats behaalde onder elf kandidaten en daarmee de tweede ronde niet bereikte. De beste resultaten bleken de resultaten van M\u00e9lenchon in overzeese regio&#039;s: hij won in R\u00e9union (24,53 %), in Guyana (24,7 %), in Saint-Pierre en Miquelon (ruim 35 % tegen 17,9 % voor de winnaar van de eerste ronde op nationale schaal \u2013 Emmanuel Macron) en Martinique (27.3%).<\/p>\n\n\n\n<p>Overige activiteiten (sinds 2017)<br>Bij de parlementsverkiezingen in Frankrijk won zijn partij 17 zetels van de 577 en werd daarmee de vierde in aantal afgevaardigden. Zelf werd hij tot plaatsvervanger van een van de gemeenten van Marseille gekozen.<\/p>\n\n\n\n<p>Op 16 oktober 2018 werden het huis in de buurt van M\u00e9lenchon en verschillende gebouwen van \u2018Ongeslagen Frankrijk\u2019 doorzocht als onderdeel van het onderzoek naar beschuldigingen van fictieve inhuur van parlementaire assistenten en schending van de regels voor campagnefinanciering, waarbij botsingen tussen activisten plaatsvonden. en wetshandhavers. Op 20 september 2019 veroordeelde de rechtbank van Bobigny Melanchon tot drie maanden voorwaardelijke gevangenisstraf en een boete van 8.000 euro wegens obstructie van de rechtsgang en rebellie, terwijl vijf andere beklaagden werden veroordeeld tot een boete van 2.000 tot 10.000 euro (proces gehouden twee dagen \u2013 19 en 20 september, en Melanchon noemde het onmiddellijk politieke vervolging).<\/p>\n\n\n\n<p><\/p>\n\n\n\n<p class=\"has-text-align-center unibet\" style=\"font-size:25px\"><mark style=\"background-color:rgba(0, 0, 0, 0);color:#0d7a12\" class=\"has-inline-color\"><strong><a href=\"https:\/\/parier-presidentielle.com\/nl\/recommends\/unibet\/\">150\u20ac Bonus aangeboden bij Unibet<br>Voor uw eerste politieke of sportweddenschap: Klik hier<\/a><\/strong><\/mark><\/p>\n\n\n\n<p><\/p>\n\n\n<div class=\"wp-block-image\">\n<figure class=\"aligncenter is-resized wp-duotone-000097-ff4747-1\"><img decoding=\"async\" loading=\"lazy\" src=\"https:\/\/parier-presidentielle.com\/wp-content\/uploads\/2021\/09\/election-standard-scale-4_00x-gigapixel-1024x623.jpg\" alt=\"Verkiezing 2022\" style=\"width:256px;height:156px\" width=\"256\" height=\"156\"\/><\/figure><\/div>\n\n\n<p><br><\/p>\n\n\n\n<p><strong>Parier-presidential helpt u bij het maken van uw keuze tussen de verschillende<a href=\"https:\/\/parier-presidentielle.com\/nl\/\"> Bookmakers Bwin, Unibet en Betclic gaan wedden op de toekomstige Amerikaanse president in 2024<\/a> : <\/strong><br><a href=\"https:\/\/parier-presidentielle.com\/nl\/unibet-politiek-verkiezing-2022\/\">Presidenti\u00eble bookmaker van Unibet<\/a> : Gedetailleerde en gratis gids voor het plaatsen van uw eerste online weddenschap met alle kansen en hoe u kunt profiteren van de aangeboden bonus!<\/p>\n\n\n\n<p>Evenals andere online sites in Parijs: <a href=\"https:\/\/parier-presidentielle.com\/nl\/unibet-politiek-verkiezing-2022\/\">Bwin<\/a>, <a href=\"https:\/\/parier-presidentielle.com\/nl\/netbet-paris-politiek-verkiezing-2022\/\">NetBet<\/a>, <a href=\"https:\/\/parier-presidentielle.com\/nl\/betclic-presidentieel-2022\/\">Betclic<\/a>, <a href=\"https:\/\/parier-presidentielle.com\/nl\/winamax-politiek-verkiezing-2022\/\">Winamax<\/a>, Parions Sport, Zebet,Betway, France-Pari,Vbet, Cloudbet, 1Xbit, 1xbet, Betfair, Betwinner \u2026<\/p>\n\n\n\n<div class=\"wp-block-columns is-layout-flex wp-container-6 wp-block-columns-is-layout-flex\">\n<div class=\"wp-block-column is-layout-flow wp-block-column-is-layout-flow\" style=\"flex-basis:33.33%\">\n<p>Je hebt zojuist ons bestand gelezen:<\/p>\n<\/div>\n\n\n\n<div class=\"wp-block-column is-layout-flow wp-block-column-is-layout-flow\" style=\"flex-basis:33.33%\">\n<div class=\"wp-block-group is-layout-flow wp-block-group-is-layout-flow\"><div class=\"wp-block-group__inner-container\"><h4 class=\"has-text-align-center wp-block-post-title\"><span id=\"parier-sur-lelection-de-jean-luc-melenchon\"><a href=\"https:\/\/parier-presidentielle.com\/nl\/melenchon-verkiezing\/\" target=\"_self\" >Wed op de verkiezing van Jean-Luc M\u00e9lenchon<\/a><\/span><\/h4><\/div><\/div>\n<\/div>\n\n\n\n<div class=\"wp-block-column is-layout-flow wp-block-column-is-layout-flow\" style=\"flex-basis:33.33%\">\n<p class=\"has-text-align-right\">Lees verder met onze andere exclusieve bestanden,<\/p>\n<\/div>\n<\/div>\n\n\n\n<h3 class=\"wp-block-heading\" id=\"tous-les-pronostics-sondage-et-cotes-pour-parier-sur-le-futur-vainqueur-de-l-election-presidentielle-2022\"><span id=\"tous-les-pronostics-sondage-et-cotes-pour-parier-sur-le-futur-vainqueur-de-l8217election-presidentielle-2024\">Alle voorspellingen, enqu\u00eates en kansen om te wedden op de toekomstige winnaar van de presidentsverkiezingen van 2024:<\/span><\/h3>\n\n\n\n<ul>\n<li><a href=\"https:\/\/parier-presidentielle.com\/nl\/macron-verkiezing\/\">Wed op Emmanuel Macron met Unibet, Betclic, Bwin<\/a> : De favoriet in peilingen en voorspellingen <\/li>\n\n\n\n<li><a href=\"https:\/\/parier-presidentielle.com\/nl\/marine-le-pen-verkiezing\/\">Marine Le Pen: Haar kansen en hoe te wedden bij de Bookmakers<\/a>: De uitdager volgens Unibet<\/li>\n<\/ul>\n\n\n\n<p><\/p>\n\n\n\n<center><script type=\"text\/javascript\" charset=\"utf-8\" src=\"https:\/\/www.gambling-affiliation.com\/cpm\/v=AmIMTDSs92QY6b0MzDMvM5laCjJ-ZlA-1oQ-7tKsi.w_GA7331V2\"><\/script><\/center>\n\n\n\n<h3 class=\"wp-block-heading\"><span id=\"donald-trump-vs-joe-biden-la-video-qui-lance-les-paris-en-ligne-sur-l8217election-politique-de-2024\">Donald Trump versus Joe Biden: de video die online weddenschappen op de politieke verkiezingen van 2024 lanceert<\/span><\/h3>\n\n\n\n<figure class=\"wp-block-embed is-type-video is-provider-youtube wp-block-embed-youtube wp-embed-aspect-16-9 wp-has-aspect-ratio\"><div class=\"wp-block-embed__wrapper\">\n<iframe loading=\"lazy\" title=\"Voormalig president Donald Trump lanceert 2024 Witte Huis-bod #Short\" width=\"640\" height=\"360\" src=\"https:\/\/www.youtube.com\/embed\/hZykPRVe4Ag?feature=oembed\" frameborder=\"0\" allow=\"accelerometer; autoplay; clipboard-write; encrypted-media; gyroscope; picture-in-picture; web-share\" allowfullscreen><\/iframe>\n<\/div><\/figure>\n\n\n<div class=\"wp-block-image\">\n<figure class=\"aligncenter size-medium\"><a href=\"https:\/\/parier-presidentielle.com\/nl\/recommends\/unibet\/\" target=\"_blank\" rel=\"noopener\"><img decoding=\"async\" loading=\"lazy\" width=\"300\" height=\"169\" src=\"https:\/\/parier-presidentielle.com\/wp-content\/uploads\/2022\/04\/unibet-300x169.jpg\" alt=\"\" class=\"wp-image-1252\" srcset=\"https:\/\/parier-presidentielle.com\/wp-content\/uploads\/2022\/04\/unibet-300x169.jpg 300w, https:\/\/parier-presidentielle.com\/wp-content\/uploads\/2022\/04\/unibet-1024x576.jpg 1024w, https:\/\/parier-presidentielle.com\/wp-content\/uploads\/2022\/04\/unibet-768x432.jpg 768w, https:\/\/parier-presidentielle.com\/wp-content\/uploads\/2022\/04\/unibet-18x10.jpg 18w, https:\/\/parier-presidentielle.com\/wp-content\/uploads\/2022\/04\/unibet.jpg 1280w\" sizes=\"(max-width: 300px) 100vw, 300px\" \/><\/a><\/figure><\/div>\n\n\n<p>Vind de Wiki, het essenti\u00eble politieke nieuws over cannabis en zijn legale afgeleiden: <strong>HHC, H4cbd, Thcp, Thcv, HSD, HHCPO, C4B<\/strong><\/p>\n<div id=\"toc_container\" class=\"no_bullets\"><p class=\"toc_title\">Inhoud<\/p><ul class=\"toc_list\"><li><\/li><li><\/li><li><\/li><li><ul><li><ul><li><\/li><\/ul><\/li><li><\/li><li><\/li><\/ul><\/li><\/ul><\/div>","protected":false},"excerpt":{"rendered":"<p>Cote et pronostics pour le candidat Jean-Luc M\u00e9lenchon :Paris en ligne sur la politique et le futur pr\u00e9sident de la France de 2022 Jean-Luc M\u00e9lenchon (fr. Jean-Luc M\u00e9lenchon, IPA (fr.):; B., Tanger) &#8211; Homme d&#8217;\u00c9tat et homme politique fran\u00e7ais de gauche, journaliste. Ministre d\u00e9l\u00e9gu\u00e9e \u00e0 l&#8217;Enseignement professionnel dans le gouvernement de Lionel Jospin de 2000 &#8230;<\/p>","protected":false},"author":1,"featured_media":0,"parent":0,"menu_order":0,"comment_status":"closed","ping_status":"closed","template":"page-nosidebar.php","meta":{"footnotes":""},"yoast_head":"<!-- This site is optimized with the Yoast SEO Premium plugin v21.0 (Yoast SEO v21.0) - https:\/\/yoast.com\/wordpress\/plugins\/seo\/ -->\n<title>Parier sur l\u2019\u00e9lection de Jean-Luc M\u00e9lenchon - Finale Coupe du Monde FIFA<\/title>\n<meta name=\"description\" content=\"Pariez sur M\u00e9lenchon pour l&#039;\u00e9lection 2022 : Cliquez Ici et Gagnez Gros! Pronostics ,Comparaison des Bookmakers et des meilleurs Cotes.\" \/>\n<meta name=\"robots\" content=\"index, follow, max-snippet:-1, max-image-preview:large, max-video-preview:-1\" \/>\n<link rel=\"canonical\" href=\"https:\/\/parier-presidentielle.com\/nl\/melenchon-verkiezing\/\" \/>\n<meta property=\"og:locale\" content=\"nl_NL\" \/>\n<meta property=\"og:type\" content=\"article\" \/>\n<meta property=\"og:title\" content=\"Parier sur l\u2019\u00e9lection de Jean-Luc M\u00e9lenchon\" \/>\n<meta property=\"og:description\" content=\"Pariez sur M\u00e9lenchon pour l&#039;\u00e9lection 2022 : Cliquez Ici et Gagnez Gros! Pronostics ,Comparaison des Bookmakers et des meilleurs Cotes.\" \/>\n<meta property=\"og:url\" content=\"https:\/\/parier-presidentielle.com\/nl\/melenchon-verkiezing\/\" \/>\n<meta property=\"og:site_name\" content=\"Parier Pr\u00e9sidentielle\" \/>\n<meta property=\"article:modified_time\" content=\"2021-09-14T13:59:08+00:00\" \/>\n<meta name=\"twitter:card\" content=\"summary_large_image\" \/>\n<meta name=\"twitter:label1\" content=\"Est. reading time\" \/>\n\t<meta name=\"twitter:data1\" content=\"7 minuten\" \/>\n<script type=\"application\/ld+json\" class=\"yoast-schema-graph\">{\"@context\":\"https:\/\/schema.org\",\"@graph\":[{\"@type\":\"WebPage\",\"@id\":\"https:\/\/parier-presidentielle.com\/melenchon-election\/\",\"url\":\"https:\/\/parier-presidentielle.com\/melenchon-election\/\",\"name\":\"Parier sur l\u2019\u00e9lection de Jean-Luc M\u00e9lenchon - Finale Coupe du Monde FIFA\",\"isPartOf\":{\"@id\":\"https:\/\/parier-presidentielle.com\/#website\"},\"datePublished\":\"2021-09-14T11:02:49+00:00\",\"dateModified\":\"2021-09-14T13:59:08+00:00\",\"description\":\"Pariez sur M\u00e9lenchon pour l'\u00e9lection 2022 : Cliquez Ici et Gagnez Gros! Pronostics ,Comparaison des Bookmakers et des meilleurs Cotes.\",\"breadcrumb\":{\"@id\":\"https:\/\/parier-presidentielle.com\/melenchon-election\/#breadcrumb\"},\"inLanguage\":\"nl-NL\",\"potentialAction\":[{\"@type\":\"ReadAction\",\"target\":[\"https:\/\/parier-presidentielle.com\/melenchon-election\/\"]}]},{\"@type\":\"BreadcrumbList\",\"@id\":\"https:\/\/parier-presidentielle.com\/melenchon-election\/#breadcrumb\",\"itemListElement\":[{\"@type\":\"ListItem\",\"position\":1,\"name\":\"Accueil\",\"item\":\"https:\/\/parier-presidentielle.com\/\"},{\"@type\":\"ListItem\",\"position\":2,\"name\":\"Parier sur l\u2019\u00e9lection de Jean-Luc M\u00e9lenchon\"}]},{\"@type\":\"WebSite\",\"@id\":\"https:\/\/parier-presidentielle.com\/#website\",\"url\":\"https:\/\/parier-presidentielle.com\/\",\"name\":\"Parier Pr\u00e9sidentielle\",\"description\":\"Paris, Pronostics, Wiki sur la Politique, les Elections Am\u00e9ricaines: Joe Biden, Donald Trump avec les Bookmakers en ligne Unibet, Bwin, Betclic, Winamax\",\"potentialAction\":[{\"@type\":\"SearchAction\",\"target\":{\"@type\":\"EntryPoint\",\"urlTemplate\":\"https:\/\/parier-presidentielle.com\/?s={search_term_string}\"},\"query-input\":\"required name=search_term_string\"}],\"inLanguage\":\"nl-NL\"}]}<\/script>\n<!-- \/ Yoast SEO Premium plugin. -->","yoast_head_json":{"title":"Parier sur l\u2019\u00e9lection de Jean-Luc M\u00e9lenchon - Finale Coupe du Monde FIFA","description":"Pariez sur M\u00e9lenchon pour l'\u00e9lection 2022 : Cliquez Ici et Gagnez Gros! Pronostics ,Comparaison des Bookmakers et des meilleurs Cotes.","robots":{"index":"index","follow":"follow","max-snippet":"max-snippet:-1","max-image-preview":"max-image-preview:large","max-video-preview":"max-video-preview:-1"},"canonical":"https:\/\/parier-presidentielle.com\/nl\/melenchon-verkiezing\/","og_locale":"nl_NL","og_type":"article","og_title":"Parier sur l\u2019\u00e9lection de Jean-Luc M\u00e9lenchon","og_description":"Pariez sur M\u00e9lenchon pour l'\u00e9lection 2022 : Cliquez Ici et Gagnez Gros! Pronostics ,Comparaison des Bookmakers et des meilleurs Cotes.","og_url":"https:\/\/parier-presidentielle.com\/nl\/melenchon-verkiezing\/","og_site_name":"Parier Pr\u00e9sidentielle","article_modified_time":"2021-09-14T13:59:08+00:00","twitter_card":"summary_large_image","twitter_misc":{"Est. reading time":"7 minuten"},"schema":{"@context":"https:\/\/schema.org","@graph":[{"@type":"WebPage","@id":"https:\/\/parier-presidentielle.com\/melenchon-election\/","url":"https:\/\/parier-presidentielle.com\/melenchon-election\/","name":"Parier sur l\u2019\u00e9lection de Jean-Luc M\u00e9lenchon - Finale Coupe du Monde FIFA","isPartOf":{"@id":"https:\/\/parier-presidentielle.com\/#website"},"datePublished":"2021-09-14T11:02:49+00:00","dateModified":"2021-09-14T13:59:08+00:00","description":"Pariez sur M\u00e9lenchon pour l'\u00e9lection 2022 : Cliquez Ici et Gagnez Gros! Pronostics ,Comparaison des Bookmakers et des meilleurs Cotes.","breadcrumb":{"@id":"https:\/\/parier-presidentielle.com\/melenchon-election\/#breadcrumb"},"inLanguage":"nl-NL","potentialAction":[{"@type":"ReadAction","target":["https:\/\/parier-presidentielle.com\/melenchon-election\/"]}]},{"@type":"BreadcrumbList","@id":"https:\/\/parier-presidentielle.com\/melenchon-election\/#breadcrumb","itemListElement":[{"@type":"ListItem","position":1,"name":"Accueil","item":"https:\/\/parier-presidentielle.com\/"},{"@type":"ListItem","position":2,"name":"Parier sur l\u2019\u00e9lection de Jean-Luc M\u00e9lenchon"}]},{"@type":"WebSite","@id":"https:\/\/parier-presidentielle.com\/#website","url":"https:\/\/parier-presidentielle.com\/","name":"Parier Pr\u00e9sidentielle","description":"Paris, Pronostics, Wiki sur la Politique, les Elections Am\u00e9ricaines: Joe Biden, Donald Trump avec les Bookmakers en ligne Unibet, Bwin, Betclic, Winamax","potentialAction":[{"@type":"SearchAction","target":{"@type":"EntryPoint","urlTemplate":"https:\/\/parier-presidentielle.com\/?s={search_term_string}"},"query-input":"required name=search_term_string"}],"inLanguage":"nl-NL"}]}},"_links":{"self":[{"href":"https:\/\/parier-presidentielle.com\/nl\/wp-json\/wp\/v2\/pages\/212"}],"collection":[{"href":"https:\/\/parier-presidentielle.com\/nl\/wp-json\/wp\/v2\/pages"}],"about":[{"href":"https:\/\/parier-presidentielle.com\/nl\/wp-json\/wp\/v2\/types\/page"}],"author":[{"embeddable":true,"href":"https:\/\/parier-presidentielle.com\/nl\/wp-json\/wp\/v2\/users\/1"}],"replies":[{"embeddable":true,"href":"https:\/\/parier-presidentielle.com\/nl\/wp-json\/wp\/v2\/comments?post=212"}],"version-history":[{"count":4,"href":"https:\/\/parier-presidentielle.com\/nl\/wp-json\/wp\/v2\/pages\/212\/revisions"}],"predecessor-version":[{"id":234,"href":"https:\/\/parier-presidentielle.com\/nl\/wp-json\/wp\/v2\/pages\/212\/revisions\/234"}],"wp:attachment":[{"href":"https:\/\/parier-presidentielle.com\/nl\/wp-json\/wp\/v2\/media?parent=212"}],"curies":[{"name":"wp","href":"https:\/\/api.w.org\/{rel}","templated":true}]}}