{"id":24,"date":"2021-08-31T11:54:03","date_gmt":"2021-08-31T09:54:03","guid":{"rendered":"http:\/\/parier-presidentielle.com\/?page_id=24"},"modified":"2023-09-12T23:05:44","modified_gmt":"2023-09-12T21:05:44","slug":"parier-sur-lelection-presidentielle-de-2022-politique-paris","status":"publish","type":"page","link":"https:\/\/parier-presidentielle.com\/nl\/","title":{"rendered":"Zet in op politiek en verkiezingen bij de beste bookmakers: Unibet, Bwin"},"content":{"rendered":"<div class=\"wp-block-group is-layout-flow wp-block-group-is-layout-flow\"><div class=\"wp-block-group__inner-container\">\n<div class=\"wp-block-columns is-layout-flex wp-container-3 wp-block-columns-is-layout-flex\">\n<div class=\"wp-block-column is-layout-flow wp-block-column-is-layout-flow\" style=\"flex-basis:100%\">\n<div class=\"wp-block-group alignwide is-layout-flow wp-block-group-is-layout-flow\"><div class=\"wp-block-group__inner-container\">\n<div class=\"wp-block-media-text alignwide is-stacked-on-mobile is-vertically-aligned-top\" style=\"grid-template-columns:35% auto\"><figure class=\"wp-block-media-text__media\"><img decoding=\"async\" loading=\"lazy\" width=\"1024\" height=\"711\" src=\"https:\/\/parier-presidentielle.com\/wp-content\/uploads\/2022\/12\/biden-vs-trump-1024x711.jpeg\" alt=\"\" class=\"wp-image-1865 size-full\" srcset=\"https:\/\/parier-presidentielle.com\/wp-content\/uploads\/2022\/12\/biden-vs-trump-1024x711.jpeg 1024w, https:\/\/parier-presidentielle.com\/wp-content\/uploads\/2022\/12\/biden-vs-trump-300x208.jpeg 300w, https:\/\/parier-presidentielle.com\/wp-content\/uploads\/2022\/12\/biden-vs-trump-768x533.jpeg 768w, https:\/\/parier-presidentielle.com\/wp-content\/uploads\/2022\/12\/biden-vs-trump-1536x1066.jpeg 1536w, https:\/\/parier-presidentielle.com\/wp-content\/uploads\/2022\/12\/biden-vs-trump-2048x1422.jpeg 2048w, https:\/\/parier-presidentielle.com\/wp-content\/uploads\/2022\/12\/biden-vs-trump-18x12.jpeg 18w\" sizes=\"(max-width: 1024px) 100vw, 1024px\" \/><\/figure><div class=\"wp-block-media-text__content\">\n<p style=\"font-size:18px\"><strong>Betting Presidential is de referentiesite die u begeleidt tijdens uw eerste weddenschap bij de bookmakers: Unibet, Betclic, Bwin\u2026 over politiek en de Franse, Amerikaanse en internationale presidentsverkiezingen<\/strong>.<br><br><strong>Gids en bonus voor weddenschappen op de toekomstige president van de Verenigde Staten en winnaar van de tweede ronde: Joe Biden<\/strong> <strong>Macron of Donald Trump!<\/strong><\/p>\n<\/div><\/div>\n<\/div><\/div>\n<\/div>\n<\/div>\n<\/div><\/div>\n\n\n\n<div class=\"wp-block-group is-layout-flow wp-block-group-is-layout-flow\"><div class=\"wp-block-group__inner-container\">\n<div class=\"wp-block-columns is-layout-flex wp-container-8 wp-block-columns-is-layout-flex\">\n<div class=\"wp-block-column is-layout-flow wp-block-column-is-layout-flow\" style=\"flex-basis:100%\">\n<div class=\"wp-block-columns is-layout-flex wp-container-6 wp-block-columns-is-layout-flex\">\n<div class=\"wp-block-column is-layout-flow wp-block-column-is-layout-flow\" style=\"flex-basis:100%\">\n<center><script type=\"text\/javascript\" charset=\"utf-8\" src=\"https:\/\/www.gambling-affiliation.com\/cpm\/v=AmIMTDSs92QY6b0MzDMvM5laCjJ-ZlA-1oQ-7tKsi.w_GA7331V2\"><\/script><\/center>\n\n\n\n<p><\/p>\n\n\n\n<div class=\"wp-block-image is-style-default\"><figure class=\"aligncenter size-medium\"><a href=\"https:\/\/parier-presidentielle.com\/nl\/recommends\/unibet-logo\/\" target=\"_blank\" rel=\"no follow noopener\"><img decoding=\"async\" loading=\"lazy\" width=\"300\" height=\"169\" src=\"https:\/\/parier-presidentielle.com\/wp-content\/uploads\/2022\/04\/unibet-300x169.jpg\" alt=\"\" class=\"wp-image-1252\" srcset=\"https:\/\/parier-presidentielle.com\/wp-content\/uploads\/2022\/04\/unibet-300x169.jpg 300w, https:\/\/parier-presidentielle.com\/wp-content\/uploads\/2022\/04\/unibet-1024x576.jpg 1024w, https:\/\/parier-presidentielle.com\/wp-content\/uploads\/2022\/04\/unibet-768x432.jpg 768w, https:\/\/parier-presidentielle.com\/wp-content\/uploads\/2022\/04\/unibet-18x10.jpg 18w, https:\/\/parier-presidentielle.com\/wp-content\/uploads\/2022\/04\/unibet.jpg 1280w\" sizes=\"(max-width: 300px) 100vw, 300px\" \/><\/a><\/figure><\/div>\n<\/div>\n<\/div>\n<\/div>\n<\/div>\n\n\n\n<h2 class=\"wp-block-heading\"><span id=\"guide-et-bonus-pour-parier-sur-le-futur-president-des-etats-unis-joe-biden-ou-donald-trump\">Gids en bonus voor weddenschappen op de toekomstige president van de Verenigde Staten: Joe Biden of Donald Trump <\/span><\/h2>\n\n\n\n<p>De Amerikaanse presidentsverkiezingen trekken wereldwijde aandacht omdat de keuze van de volgende president een belangrijke gebeurtenis is die een aanzienlijke impact kan hebben op de toekomst van het land. Anno 2020 is dat zo <strong>Joe Biden<\/strong> die tot president werd gekozen, waarmee een einde kwam aan het tijdperk <strong>Troef<\/strong> en nieuw leven in de Amerikaanse politiek blazen. Dit betekent echter niet dat bookmakers geen odds hebben voor de volgende presidentsverkiezingen, met name die van 2024. Veel online goksites, zoals Unibet, Betclic en Bwin, bieden odds aan op de verschillende kandidaten voor het presidentschap, waaronder op Joe Biden. en Donald Trump.<\/p>\n\n\n\n<h2 class=\"wp-block-heading\"><span id=\"voici-donc-un-guide-pour-vous-aider-a-parier-sur-le-futur-president-des-etats-unis\">Hier is een gids om u te helpen wedden op de toekomstige president van de Verenigde Staten:<\/span><\/h2>\n\n\n\n<p><strong>Leer meer over de verschillende kandidaten en hun beleid<\/strong> Het is belangrijk om meer te weten te komen over de verschillende kandidaten en hun beleid voordat u een gokbeslissing neemt. Hierdoor kunt u hun standpunten over belangrijke kwesties beter begrijpen en of deze in overeenstemming zijn met uw eigen waarden en overtuigingen. <strong>Controleer de odds aangeboden door de bookmakers<\/strong> Bookmakers bieden over het algemeen odds aan op de verschillende presidentskandidaten. Deze kansen geven de waarschijnlijkheid van elke kandidaat aan om de verkiezingen te winnen en zijn gebaseerd op opiniepeilingen, politieke analyses en de toestand van de economie, evenals op andere factoren die de uiteindelijke uitkomst kunnen be\u00efnvloeden. <strong>Verantwoord gokken<\/strong> Het is belangrijk om te onthouden dat wedden op presidentsverkiezingen riskant kan zijn en dat u altijd verantwoord moet gokken. Zorg ervoor dat u alleen inzet wat u zich kunt veroorloven om te verliezen en respecteer de inzetlimieten die door elke bookmaker zijn vastgesteld. <strong>Volg politieke gebeurtenissen en opiniepeilingen<\/strong> Het is belangrijk om op de hoogte te blijven van de laatste ontwikkelingen en om politieke gebeurtenissen en opiniepeilingen te volgen<\/p>\n\n\n\n<ul><li><a href=\"https:\/\/thcp.wiki\/news-thcp\/thcv-et-le-pardon-du-cannabis\/\">De groene gerechtigheid van THCV en de vergevingsgezindheid van cannabis<\/a><\/li><li><a href=\"https:\/\/thcp.wiki\/news-thcp\/les-merveilles-cachees-du-cannabis-thcp-thcv\/\">De verborgen wonderen van cannabis: THCP, THCV<\/a><\/li><li><a href=\"https:\/\/thcp.wiki\/news-thcp\/thcp-thcv-les-bienfaits-caches-derriere-la-reforme-du-cannabis\/\">THCP, THCV: de verborgen voordelen achter de cannabishervorming<\/a><\/li><\/ul>\n\n\n\n<p>Wedden bij de juiste Bookmaker (Bwin, Unibet, Betclic, etc.) op de toekomstige president kan dus flink uitbetalen omdat peilingen of politieke meningen vaak misleidend blijken te zijn! Dus om goed te wedden en te winnen, kunt u onze gratis bestanden vinden op onze site, exclusief voor de presidentsverkiezingen  <\/p>\n\n\n\n<h3 class=\"wp-block-heading\"><span id=\"les-specificite-du-paris-politique\">De bijzonderheden van politiek Parijs<\/span><\/h3>\n\n\n\n<p>De eerste stap is begrijpen hoe wedden werkt. De meest voorkomende weddenschappen zijn op welke kandidaten de meeste kans maken om de verkiezingen te winnen. Je kunt wedden op de favoriete kandidaat (degene waarvan je denkt dat hij gaat winnen) of op de underdog (degene die niet de favoriet is).<\/p>\n\n\n\n<p>Zet je in op de favoriet, dan ontvang je bij winst een klein geldbedrag, omdat de kans groot is dat deze kandidaat verkozen wordt. Als je op een underdog inzet, ontvang je meer geld als deze wint, omdat deze mogelijkheid minder waarschijnlijk is. Goed nieuws Unibet biedt u de mogelijkheid om u tot \u20ac 150,- terug te betalen voor uw eerste weddenschap, zodat uw risico beperkt blijft!<\/p>\n\n\n\n<h2 class=\"wp-block-heading\" id=\"fdquelle-est-le-meilleur-site-de-paris-en-ligne-bookmaker-pour-la-politique\"><span id=\"quelle-est-le-meilleur-site-de-paris-en-ligne-bookmaker-pour-la-politique\">Wat is de beste online Parijs \/ Bookmaker-site voor politiek?<\/span><\/h2>\n\n\n\n<p><\/p>\n\n\n\n<p>Net als sportweddenschappen is wedden op politiek nu mogelijk, vooral bookmakers bieden interessante odds om nieuwe spelers en gokkers aan te trekken!  <br>Maak uw keuze tussen de verschillende Bookmakers om te wedden op de toekomstige president van Frankrijk in 2022: <\/p>\n\n\n\n<ul>\n<li><mark style=\"background-color:rgba(0, 0, 0, 0);color:#0d7a12\" class=\"has-inline-color\"><strong>Unibet: De beste kansen en bonussen, de bookmaker die wij aanbevelen<\/strong><\/mark>!<\/li>\n\n\n\n<li>Bwin: De oudste site van Parijs<\/li>\n\n\n\n<li>Betclic: De uitdager<\/li>\n\n\n\n<li>NetBet: De nieuwe jongen<\/li>\n\n\n\n<li>Winamax: De referentie in poker<\/li>\n\n\n\n<li>1xBit: het origineel, de enige die aanbiedt om in Bitcoin te spelen en te winnen<\/li>\n\n\n\n<li><a href=\"https:\/\/wikihhc.com\/\">HHC <\/a>: de referentiewiki op de HHC<\/li>\n<\/ul>\n\n\n\n<h2 class=\"wp-block-heading\" id=\"comment-realiser-son-premier-paris-en-ligne\"><span id=\"comment-realiser-son-premier-paris-en-ligne\">Hoe plaatst u uw eerste weddenschappen online?<\/span><\/h2>\n\n\n\n<p>Vind onze gratis gids om stap voor stap aan de slag te gaan met online wedden met de beste online bookmakersites en -applicaties. Alle kansen en onze voorspellingen voor de race naar het Elys\u00e9e.<\/p>\n\n\n\n<p class=\"has-text-align-center unibet\" style=\"font-size:25px\"><mark style=\"background-color:rgba(0, 0, 0, 0);color:#0d7a12\" class=\"has-inline-color\"><strong><a href=\"https:\/\/parier-presidentielle.com\/nl\/recommends\/unibet-text\/\">100\u20ac Bonus aangeboden bij Unibet <br>Voor uw eerste online weddenschap: Klik hier<\/a><\/strong><\/mark><\/p>\n\n\n\n<h2 class=\"wp-block-heading\" id=\"les-candidats-2022-a-la-presidentielle\"><span id=\"les-candidats-2022-a-la-presidentielle\">De presidentskandidaten van 2022<\/span><\/h2>\n\n\n\n<p>De tweede ronde vindt plaats op zondag 24 april 2022 na de verrassende eerste ronde op 10 april! <br>De peilingen veranderen de situatie elke week, afhankelijk van het nieuws en andere ontwikkelingen, dus de oorlog in Oekra\u00efne heeft de kansen van Macron onder de bookmakers veranderd. Vind gratis alle voorspellingen en odds van de bookmakers Bwin, Unibet, Betclic om online te wedden op de toekomst winnaar van de presidentsverkiezingen van 2022 over de finalisten van de tweede ronde:<br>Emmanuel Macron (La R\u00e9publique En Marche), Marine Le Pen (Nationale Rally)<\/p>\n\n\n\n<p>Evenals de steminstructies voor verliezende kandidaten en andere politici: Val\u00e9rie P\u00e9cresse (Les R\u00e9publicains), Anne Hidalgo (Socialistische Partij), Jean-Luc M\u00e9lenchon (La France insoumise), Yannick Jadot (Europe-\u00c9cologie-Les Verts) en de buitenstaander kandidaten:<br>Christiane Taubira, \u00c9douard Philippe, Nicolas Dupont-Aignan, Nicolas Sarkozy, Benoit Hamon, Fran\u00e7ois Fillon, S\u00e9gol\u00e8ne Royal, Fran\u00e7ois Asselineau (UPR), Fran\u00e7ois Hollande en de journalist Eric Zemmour.<\/p>\n\n\n\n<p>Wat is de mening van politici over cannabis? : <a href=\"https:\/\/thcv.wiki\/\">Thcv<\/a>, <a href=\"https:\/\/h4cbd.wiki\/\">H4CBD<\/a>, <a href=\"https:\/\/h4cbd.wiki\/\">THCP<\/a>&#8230;<\/p>\n\n\n\n<ul><li><a href=\"https:\/\/wiki-cannabis.com\/actualites\/decouvrez-les-secrets-du-cannabis-hhc-h4cbd-thcp-hhcp-o\/\">Ontdek de geheimen van cannabis: HHC, H4CBD, THCP, HHCP-O<\/a><\/li><li><a href=\"https:\/\/wiki-cannabis.com\/actualites\/decouverte-du-cbd-une-revolution-verte-dans-l-empire-de-l-herbe\/\">Ontdekking van H4CBD, THCP, HHC: een groene revolutie in het wietrijk<\/a><\/li><li><a href=\"https:\/\/wiki-cannabis.com\/actualites\/le-cannabis-et-les-nouveaux-cbd-h4cbd-thcp-hhc\/\">Cannabis en de nieuwe CBD\u2019s: H4CBD, THCP, HHC<\/a><\/li><\/ul>\n\n\n\n<h2 class=\"wp-block-heading\"><span id=\"les-dossiers-de-parier-presidentiellecom\"><br>De bestanden van Parier-Pr\u00e9sidentielle.com<\/span><\/h2>\n\n\n\n<h2 class=\"wp-block-heading\"><span id=\"i\"> <\/span><\/h2>\n\n\n\n<h3 class=\"wp-block-heading\"><span id=\"selection-des-meilleurs-bookmakers\">Selectie van de beste Bookmakers<\/span><\/h3>\n\n\n\n<ul>\n<li><strong><a href=\"https:\/\/parier-presidentielle.com\/nl\/unibet-politiek-verkiezing-2022\/\">Unibet: online wedden op de presidentsverkiezingen<\/a><\/strong><\/li>\n\n\n\n<li><a href=\"https:\/\/parier-presidentielle.com\/nl\/bwin-politiek-verkiezingen-2022\/\"><strong>Bwin <\/strong>: Bookmaker gaat wedden op de presidentsverkiezingen van 2022<\/a>\n<ul>\n<li><a href=\"https:\/\/parier-presidentielle.com\/nl\/bwin-parijs-over-politiek\/\">Bwin: weddenschappen op politiek<\/a><\/li>\n<\/ul>\n<\/li>\n\n\n\n<li><a href=\"https:\/\/parier-presidentielle.com\/nl\/betclic-presidentieel-2022\/\">Betclic: Zet in op de presidentsverkiezingen van 2022<\/a><\/li>\n\n\n\n<li><a href=\"https:\/\/parier-presidentielle.com\/nl\/netbet-paris-politiek-verkiezing-2022\/\">NetBet: Bookmaker<\/a><\/li>\n\n\n\n<li><a href=\"https:\/\/parier-presidentielle.com\/nl\/1xbit-beleid\/\">1xBit: speel in cryptocurrency<\/a><\/li>\n\n\n\n<li>Betway<\/li>\n<\/ul>\n\n\n\n<h3 class=\"wp-block-heading\"><span id=\"comparatif-des-site-de-paris\">Vergelijking van goksites<\/span><\/h3>\n\n\n\n<ul>\n<li><a href=\"https:\/\/parier-presidentielle.com\/nl\/bookmaker-verkiezing-politiek-2022\/\">Bookmaker: Wat is de beste plek om te wedden op politiek en de presidentsverkiezingen van 2022?<\/a><\/li>\n\n\n\n<li><a href=\"https:\/\/parier-presidentielle.com\/nl\/bookmakers-macron-le-pen\/\">Bookmaker odds voor de politieke finale van de wedstrijd Macron \u2013 Le Pen<\/a><\/li>\n<\/ul>\n\n\n\n<h3 class=\"wp-block-heading\"><span id=\"les-candidats-toutes-les-cotes-sondages-et-nos-pronotics\">De kandidaten: alle kansen, enqu\u00eates en onze voorspellingen<\/span><\/h3>\n\n\n\n<ul>\n<li><a href=\"https:\/\/parier-presidentielle.com\/nl\/macron-verkiezing\/\">Emmanuel Macron de favoriet van de verkiezingen<\/a><\/li>\n\n\n\n<li><a href=\"https:\/\/parier-presidentielle.com\/nl\/marine-le-pen-verkiezing\/\">Parijs over de verkiezing van Marine Le Pen<\/a><\/li>\n\n\n\n<li><a href=\"https:\/\/parier-presidentielle.com\/nl\/macron-le-pen-bookmaker\/\">Macron \u2013 Le Pen: de Bookmakers geven hun kansen<\/a><\/li>\n\n\n\n<li><a href=\"https:\/\/parier-presidentielle.com\/nl\/plan\/\">Sitemap<\/a><\/li>\n<\/ul>\n<\/div><\/div>\n\n\n\n<p class=\"has-text-align-center\" style=\"font-size:25px\"><\/p>\n\n\n\n\n<div class=\"wp-block-image\">\n<figure class=\"aligncenter size-large is-resized wp-duotone-000097-ff4747-10\"><img decoding=\"async\" loading=\"lazy\" src=\"https:\/\/parier-presidentielle.com\/wp-content\/uploads\/2021\/09\/election-standard-scale-4_00x-gigapixel-1024x623.jpg\" alt=\"\" class=\"wp-image-188\" style=\"width:256px;height:156px\" width=\"256\" height=\"156\" srcset=\"https:\/\/parier-presidentielle.com\/wp-content\/uploads\/2021\/09\/election-standard-scale-4_00x-gigapixel-1024x623.jpg 1024w, https:\/\/parier-presidentielle.com\/wp-content\/uploads\/2021\/09\/election-standard-scale-4_00x-gigapixel-300x182.jpg 300w, https:\/\/parier-presidentielle.com\/wp-content\/uploads\/2021\/09\/election-standard-scale-4_00x-gigapixel-768x467.jpg 768w, https:\/\/parier-presidentielle.com\/wp-content\/uploads\/2021\/09\/election-standard-scale-4_00x-gigapixel-1536x934.jpg 1536w, https:\/\/parier-presidentielle.com\/wp-content\/uploads\/2021\/09\/election-standard-scale-4_00x-gigapixel-2048x1245.jpg 2048w\" sizes=\"(max-width: 256px) 100vw, 256px\" \/><\/figure><\/div><div id=\"toc_container\" class=\"no_bullets\"><p class=\"toc_title\">Inhoud<\/p><ul class=\"toc_list\"><li><\/li><li><ul><li><\/li><\/ul><\/li><li><\/li><li><\/li><li><\/li><li><\/li><li><ul><li><\/li><li><\/li><li><\/li><\/ul><\/li><\/ul><\/div>","protected":false},"excerpt":{"rendered":"<p>Parier Pr\u00e9sidentielle est le site de r\u00e9f\u00e9rence pour vous guider lors de votre premier pari avec les bookmakers : Unibet, Betclic, Bwin&#8230; sur la Politique et les \u00e9lections Pr\u00e9sidentielle Fran\u00e7aises, Am\u00e9ricaines et Internationales. Guide et bonus pour Parier sur le Futur Pr\u00e9sident des Etats-Unis et Vainqueur du Second tour : Joe Biden Macron ou Donald &#8230;<\/p>","protected":false},"author":1,"featured_media":0,"parent":0,"menu_order":0,"comment_status":"closed","ping_status":"closed","template":"page-nosidebar.php","meta":{"footnotes":""},"yoast_head":"<!-- This site is optimized with the Yoast SEO Premium plugin v21.0 (Yoast SEO v21.0) - https:\/\/yoast.com\/wordpress\/plugins\/seo\/ -->\n<title>Parier Politique &amp; Elections : Cotes &amp; Bonus des Bookmakers<\/title>\n<meta name=\"description\" content=\"Pariez sur toutes les \u00e9lections Am\u00e9ricaines, Fran\u00e7aises : Guide des Bookmakers, Pronostics, 100\u20ac de Bonus Exclusif offert ici !\" \/>\n<meta name=\"robots\" content=\"index, follow, max-snippet:-1, max-image-preview:large, max-video-preview:-1\" \/>\n<link rel=\"canonical\" href=\"https:\/\/parier-presidentielle.com\/nl\/\" \/>\n<meta property=\"og:locale\" content=\"nl_NL\" \/>\n<meta property=\"og:type\" content=\"article\" \/>\n<meta property=\"og:title\" content=\"Parier sur la Politique et les Elections avec les meilleurs Bookmakers : Unibet, Bwin\" \/>\n<meta property=\"og:description\" content=\"Pariez sur toutes les \u00e9lections Am\u00e9ricaines, Fran\u00e7aises : Guide des Bookmakers, Pronostics, 100\u20ac de Bonus Exclusif offert ici !\" \/>\n<meta property=\"og:url\" content=\"https:\/\/parier-presidentielle.com\/nl\/\" \/>\n<meta property=\"og:site_name\" content=\"Parier Pr\u00e9sidentielle\" \/>\n<meta property=\"article:modified_time\" content=\"2023-09-12T21:05:44+00:00\" \/>\n<meta property=\"og:image\" content=\"https:\/\/parier-presidentielle.com\/wp-content\/uploads\/2022\/12\/biden-vs-trump-1024x711.jpeg\" \/>\n<meta name=\"twitter:card\" content=\"summary_large_image\" \/>\n<meta name=\"twitter:label1\" content=\"Est. reading time\" \/>\n\t<meta name=\"twitter:data1\" content=\"6 minuten\" \/>\n<script type=\"application\/ld+json\" class=\"yoast-schema-graph\">{\"@context\":\"https:\/\/schema.org\",\"@graph\":[{\"@type\":\"WebPage\",\"@id\":\"https:\/\/parier-presidentielle.com\/\",\"url\":\"https:\/\/parier-presidentielle.com\/\",\"name\":\"Parier Politique & Elections : Cotes & Bonus des Bookmakers\",\"isPartOf\":{\"@id\":\"https:\/\/parier-presidentielle.com\/#website\"},\"datePublished\":\"2021-08-31T09:54:03+00:00\",\"dateModified\":\"2023-09-12T21:05:44+00:00\",\"description\":\"Pariez sur toutes les \u00e9lections Am\u00e9ricaines, Fran\u00e7aises : Guide des Bookmakers, Pronostics, 100\u20ac de Bonus Exclusif offert ici !\",\"breadcrumb\":{\"@id\":\"https:\/\/parier-presidentielle.com\/#breadcrumb\"},\"inLanguage\":\"nl-NL\",\"potentialAction\":[{\"@type\":\"ReadAction\",\"target\":[\"https:\/\/parier-presidentielle.com\/\"]}]},{\"@type\":\"BreadcrumbList\",\"@id\":\"https:\/\/parier-presidentielle.com\/#breadcrumb\",\"itemListElement\":[{\"@type\":\"ListItem\",\"position\":1,\"name\":\"Accueil\",\"item\":\"https:\/\/parier-presidentielle.com\/\"},{\"@type\":\"ListItem\",\"position\":2,\"name\":\"Parier sur la Politique et les Elections avec les meilleurs Bookmakers : Unibet, Bwin\"}]},{\"@type\":\"WebSite\",\"@id\":\"https:\/\/parier-presidentielle.com\/#website\",\"url\":\"https:\/\/parier-presidentielle.com\/\",\"name\":\"Parier Pr\u00e9sidentielle\",\"description\":\"Paris, Pronostics, Wiki sur la Politique, les Elections Am\u00e9ricaines: Joe Biden, Donald Trump avec les Bookmakers en ligne Unibet, Bwin, Betclic, Winamax\",\"potentialAction\":[{\"@type\":\"SearchAction\",\"target\":{\"@type\":\"EntryPoint\",\"urlTemplate\":\"https:\/\/parier-presidentielle.com\/?s={search_term_string}\"},\"query-input\":\"required name=search_term_string\"}],\"inLanguage\":\"nl-NL\"}]}<\/script>\n<!-- \/ Yoast SEO Premium plugin. -->","yoast_head_json":{"title":"Parier Politique & Elections : Cotes & Bonus des Bookmakers","description":"Pariez sur toutes les \u00e9lections Am\u00e9ricaines, Fran\u00e7aises : Guide des Bookmakers, Pronostics, 100\u20ac de Bonus Exclusif offert ici !","robots":{"index":"index","follow":"follow","max-snippet":"max-snippet:-1","max-image-preview":"max-image-preview:large","max-video-preview":"max-video-preview:-1"},"canonical":"https:\/\/parier-presidentielle.com\/nl\/","og_locale":"nl_NL","og_type":"article","og_title":"Parier sur la Politique et les Elections avec les meilleurs Bookmakers : Unibet, Bwin","og_description":"Pariez sur toutes les \u00e9lections Am\u00e9ricaines, Fran\u00e7aises : Guide des Bookmakers, Pronostics, 100\u20ac de Bonus Exclusif offert ici !","og_url":"https:\/\/parier-presidentielle.com\/nl\/","og_site_name":"Parier Pr\u00e9sidentielle","article_modified_time":"2023-09-12T21:05:44+00:00","og_image":[{"url":"https:\/\/parier-presidentielle.com\/wp-content\/uploads\/2022\/12\/biden-vs-trump-1024x711.jpeg"}],"twitter_card":"summary_large_image","twitter_misc":{"Est. reading time":"6 minuten"},"schema":{"@context":"https:\/\/schema.org","@graph":[{"@type":"WebPage","@id":"https:\/\/parier-presidentielle.com\/","url":"https:\/\/parier-presidentielle.com\/","name":"Parier Politique & Elections : Cotes & Bonus des Bookmakers","isPartOf":{"@id":"https:\/\/parier-presidentielle.com\/#website"},"datePublished":"2021-08-31T09:54:03+00:00","dateModified":"2023-09-12T21:05:44+00:00","description":"Pariez sur toutes les \u00e9lections Am\u00e9ricaines, Fran\u00e7aises : Guide des Bookmakers, Pronostics, 100\u20ac de Bonus Exclusif offert ici !","breadcrumb":{"@id":"https:\/\/parier-presidentielle.com\/#breadcrumb"},"inLanguage":"nl-NL","potentialAction":[{"@type":"ReadAction","target":["https:\/\/parier-presidentielle.com\/"]}]},{"@type":"BreadcrumbList","@id":"https:\/\/parier-presidentielle.com\/#breadcrumb","itemListElement":[{"@type":"ListItem","position":1,"name":"Accueil","item":"https:\/\/parier-presidentielle.com\/"},{"@type":"ListItem","position":2,"name":"Parier sur la Politique et les Elections avec les meilleurs Bookmakers : Unibet, Bwin"}]},{"@type":"WebSite","@id":"https:\/\/parier-presidentielle.com\/#website","url":"https:\/\/parier-presidentielle.com\/","name":"Parier Pr\u00e9sidentielle","description":"Paris, Pronostics, Wiki sur la Politique, les Elections Am\u00e9ricaines: Joe Biden, Donald Trump avec les Bookmakers en ligne Unibet, Bwin, Betclic, Winamax","potentialAction":[{"@type":"SearchAction","target":{"@type":"EntryPoint","urlTemplate":"https:\/\/parier-presidentielle.com\/?s={search_term_string}"},"query-input":"required name=search_term_string"}],"inLanguage":"nl-NL"}]}},"_links":{"self":[{"href":"https:\/\/parier-presidentielle.com\/nl\/wp-json\/wp\/v2\/pages\/24"}],"collection":[{"href":"https:\/\/parier-presidentielle.com\/nl\/wp-json\/wp\/v2\/pages"}],"about":[{"href":"https:\/\/parier-presidentielle.com\/nl\/wp-json\/wp\/v2\/types\/page"}],"author":[{"embeddable":true,"href":"https:\/\/parier-presidentielle.com\/nl\/wp-json\/wp\/v2\/users\/1"}],"replies":[{"embeddable":true,"href":"https:\/\/parier-presidentielle.com\/nl\/wp-json\/wp\/v2\/comments?post=24"}],"version-history":[{"count":194,"href":"https:\/\/parier-presidentielle.com\/nl\/wp-json\/wp\/v2\/pages\/24\/revisions"}],"predecessor-version":[{"id":2483,"href":"https:\/\/parier-presidentielle.com\/nl\/wp-json\/wp\/v2\/pages\/24\/revisions\/2483"}],"wp:attachment":[{"href":"https:\/\/parier-presidentielle.com\/nl\/wp-json\/wp\/v2\/media?parent=24"}],"curies":[{"name":"wp","href":"https:\/\/api.w.org\/{rel}","templated":true}]}}